{"id":30175,"date":"2025-01-29T15:40:23","date_gmt":"2025-01-29T14:40:23","guid":{"rendered":"https:\/\/www.cuesystem.com\/nh-collection-olomouc-kongress\/"},"modified":"2026-04-01T14:39:53","modified_gmt":"2026-04-01T12:39:53","slug":"nh-collection-olomouc-kongress","status":"publish","type":"page","link":"https:\/\/www.cuesystem.com\/de\/fallstudien-2\/nh-collection-olomouc-kongress\/","title":{"rendered":"NH Collection Olomouc Congress"},"content":{"rendered":"\t\t<div data-elementor-type=\"wp-page\" data-elementor-id=\"30175\" class=\"elementor elementor-30175 elementor-28055\" data-elementor-post-type=\"page\">\n\t\t\t\t<div class=\"elementor-element elementor-element-6da3372 e-con-full e-flex e-con e-child\" data-id=\"6da3372\" data-element_type=\"container\" data-e-type=\"container\">\n\t\t\t\t<div class=\"elementor-element elementor-element-398e977 elementor-widget elementor-widget-heading\" data-id=\"398e977\" data-element_type=\"widget\" data-e-type=\"widget\" data-widget_type=\"heading.default\">\n\t\t\t\t<div class=\"elementor-widget-container\">\n\t\t\t\t\t<h3 class=\"elementor-heading-title elementor-size-default\">Fallstudie<\/h3>\t\t\t\t<\/div>\n\t\t\t\t<\/div>\n\t\t\t\t<div class=\"elementor-element elementor-element-0a0736b elementor-widget elementor-widget-heading\" data-id=\"0a0736b\" data-element_type=\"widget\" data-e-type=\"widget\" data-widget_type=\"heading.default\">\n\t\t\t\t<div class=\"elementor-widget-container\">\n\t\t\t\t\t<h1 class=\"elementor-heading-title elementor-size-default\">NH Collection Olomouc Congress<\/h1>\t\t\t\t<\/div>\n\t\t\t\t<\/div>\n\t\t\t\t<div class=\"elementor-element elementor-element-e676d9a elementor-widget-divider--view-line elementor-widget elementor-widget-divider\" data-id=\"e676d9a\" data-element_type=\"widget\" data-e-type=\"widget\" data-widget_type=\"divider.default\">\n\t\t\t\t<div class=\"elementor-widget-container\">\n\t\t\t\t\t\t\t<div class=\"elementor-divider\">\n\t\t\t<span class=\"elementor-divider-separator\">\n\t\t\t\t\t\t<\/span>\n\t\t<\/div>\n\t\t\t\t\t\t<\/div>\n\t\t\t\t<\/div>\n\t\t<div class=\"elementor-element elementor-element-4613487 e-grid e-con-boxed e-con e-child\" data-id=\"4613487\" data-element_type=\"container\" data-e-type=\"container\">\n\t\t\t\t\t<div class=\"e-con-inner\">\n\t\t<div class=\"elementor-element elementor-element-9d817cc e-con-full e-flex e-con e-child\" data-id=\"9d817cc\" data-element_type=\"container\" data-e-type=\"container\">\n\t\t\t\t<div class=\"elementor-element elementor-element-ea53366 elementor-widget elementor-widget-heading\" data-id=\"ea53366\" data-element_type=\"widget\" data-e-type=\"widget\" data-widget_type=\"heading.default\">\n\t\t\t\t<div class=\"elementor-widget-container\">\n\t\t\t\t\t<h2 class=\"elementor-heading-title elementor-size-default\">Die Herausforderung<\/h2>\t\t\t\t<\/div>\n\t\t\t\t<\/div>\n\t\t\t\t<div class=\"elementor-element elementor-element-c3a6d16 elementor-widget elementor-widget-text-editor\" data-id=\"c3a6d16\" data-element_type=\"widget\" data-e-type=\"widget\" data-widget_type=\"text-editor.default\">\n\t\t\t\t<div class=\"elementor-widget-container\">\n\t\t\t\t\t\t\t\t\t<p><span class=\"text_node\" data-v-816e464e=\"\" data-v-4d192987=\"\">Ein <\/span><span class=\"text_node rw_adf_text_strong\" data-v-816e464e=\"\" data-v-4d192987=\"\">einheitliches<\/span><span class=\"text_node\" data-v-816e464e=\"\" data-v-4d192987=\"\">, <\/span><span class=\"text_node rw_adf_text_strong\" data-v-816e464e=\"\" data-v-4d192987=\"\">intuitives <\/span><span class=\"text_node\" data-v-816e464e=\"\" data-v-4d192987=\"\">und <\/span><span class=\"text_node rw_adf_text_strong\" data-v-816e464e=\"\" data-v-4d192987=\"\">benutzerfreundliches Steuerungssystem <\/span><span class=\"text_node\" data-v-816e464e=\"\" data-v-4d192987=\"\">f\u00fcr ein Geb\u00e4ude bereitzustellen, dessen R\u00e4umlichkeiten sowohl f\u00fcr die Unterbringung als auch f\u00fcr Konferenzen und andere Gro\u00dfveranstaltungen genutzt werden.<\/span><\/p>\t\t\t\t\t\t\t\t<\/div>\n\t\t\t\t<\/div>\n\t\t\t\t<\/div>\n\t\t<div class=\"elementor-element elementor-element-f0aebfb e-con-full e-flex e-con e-child\" data-id=\"f0aebfb\" data-element_type=\"container\" data-e-type=\"container\">\n\t\t\t\t<div class=\"elementor-element elementor-element-c5fc570 elementor-widget elementor-widget-image\" data-id=\"c5fc570\" data-element_type=\"widget\" data-e-type=\"widget\" data-widget_type=\"image.default\">\n\t\t\t\t<div class=\"elementor-widget-container\">\n\t\t\t\t\t\t\t\t\t\t\t\t\t\t\t<img fetchpriority=\"high\" decoding=\"async\" width=\"1024\" height=\"683\" src=\"https:\/\/www.cuesystem.com\/wp-content\/uploads\/2025\/01\/1654003591632-1024x683.jpg\" class=\"attachment-large size-large wp-image-28060\" alt=\"\" srcset=\"https:\/\/www.cuesystem.com\/wp-content\/uploads\/2025\/01\/1654003591632-1024x683.jpg 1024w, https:\/\/www.cuesystem.com\/wp-content\/uploads\/2025\/01\/1654003591632-300x200.jpg 300w, https:\/\/www.cuesystem.com\/wp-content\/uploads\/2025\/01\/1654003591632.jpg 1200w\" sizes=\"(max-width: 1024px) 100vw, 1024px\" \/>\t\t\t\t\t\t\t\t\t\t\t\t\t\t\t<\/div>\n\t\t\t\t<\/div>\n\t\t\t\t<\/div>\n\t\t\t\t\t<\/div>\n\t\t\t\t<\/div>\n\t\t<div class=\"elementor-element elementor-element-8c26455 e-grid e-con-boxed e-con e-child\" data-id=\"8c26455\" data-element_type=\"container\" data-e-type=\"container\">\n\t\t\t\t\t<div class=\"e-con-inner\">\n\t\t<div class=\"elementor-element elementor-element-6a97a80 e-con-full e-flex e-con e-child\" data-id=\"6a97a80\" data-element_type=\"container\" data-e-type=\"container\">\n\t\t\t\t<div class=\"elementor-element elementor-element-a71f742 elementor-widget elementor-widget-image\" data-id=\"a71f742\" data-element_type=\"widget\" data-e-type=\"widget\" data-widget_type=\"image.default\">\n\t\t\t\t<div class=\"elementor-widget-container\">\n\t\t\t\t\t\t\t\t\t\t\t\t\t\t\t<img fetchpriority=\"high\" decoding=\"async\" width=\"1024\" height=\"683\" src=\"https:\/\/www.cuesystem.com\/wp-content\/uploads\/2025\/01\/1654003591632-1024x683.jpg\" class=\"attachment-large size-large wp-image-28060\" alt=\"\" srcset=\"https:\/\/www.cuesystem.com\/wp-content\/uploads\/2025\/01\/1654003591632-1024x683.jpg 1024w, https:\/\/www.cuesystem.com\/wp-content\/uploads\/2025\/01\/1654003591632-300x200.jpg 300w, https:\/\/www.cuesystem.com\/wp-content\/uploads\/2025\/01\/1654003591632.jpg 1200w\" sizes=\"(max-width: 1024px) 100vw, 1024px\" \/>\t\t\t\t\t\t\t\t\t\t\t\t\t\t\t<\/div>\n\t\t\t\t<\/div>\n\t\t\t\t<\/div>\n\t\t<div class=\"elementor-element elementor-element-6abbe94 e-con-full e-flex e-con e-child\" data-id=\"6abbe94\" data-element_type=\"container\" data-e-type=\"container\">\n\t\t\t\t<div class=\"elementor-element elementor-element-e92f6ef elementor-widget elementor-widget-heading\" data-id=\"e92f6ef\" data-element_type=\"widget\" data-e-type=\"widget\" data-widget_type=\"heading.default\">\n\t\t\t\t<div class=\"elementor-widget-container\">\n\t\t\t\t\t<h2 class=\"elementor-heading-title elementor-size-default\">\u00dcber NH Collection Olomouc Congress<\/h2>\t\t\t\t<\/div>\n\t\t\t\t<\/div>\n\t\t\t\t<div class=\"elementor-element elementor-element-733b903 elementor-widget elementor-widget-text-editor\" data-id=\"733b903\" data-element_type=\"widget\" data-e-type=\"widget\" data-widget_type=\"text-editor.default\">\n\t\t\t\t<div class=\"elementor-widget-container\">\n\t\t\t\t\t\t\t\t\t<p class=\"\" data-v-4d192987=\"\" data-v-4a7aac3a=\"\"><a class=\"link_node text_node rw_adf_text_strong\" tabindex=\"0\" href=\"http:\/\/www.nh-olomouc.eu\/\" target=\"_blank\" rel=\"noopener\" data-v-098e4e53=\"\" data-v-816e464e=\"\" data-v-4d192987=\"\" data-ui-id=\"text-link\" data-ui-content=\"NH Collection Olomouc Congress\"><span class=\"inline_text_span\" data-v-098e4e53=\"\">Das NH Collection Olomouc Congress<\/span><\/a><span class=\"text_node\" data-v-816e464e=\"\" data-v-4d192987=\"\"> ist sowohl ein modernes <\/span><span class=\"text_node rw_adf_text_strong\" data-v-816e464e=\"\" data-v-4d192987=\"\">Hotel <\/span><span class=\"text_node\" data-v-816e464e=\"\" data-v-4d192987=\"\">als auch ein erstklassiges <\/span><span class=\"text_node rw_adf_text_strong\" data-v-816e464e=\"\" data-v-4d192987=\"\">Kongresszentrum<\/span><span class=\"text_node\" data-v-816e464e=\"\" data-v-4d192987=\"\">. Es befindet sich im Herzen von <\/span><span class=\"text_node rw_adf_text_strong\" data-v-816e464e=\"\" data-v-4d192987=\"\">Olomouc<\/span><span class=\"text_node\" data-v-816e464e=\"\" data-v-4d192987=\"\">, Tschechien, und ist das  <\/span><span class=\"text_node rw_adf_text_strong\" data-v-816e464e=\"\" data-v-4d192987=\"\">gr\u00f6\u00dfte Kongresshotel<\/span><span class=\"text_node\" data-v-816e464e=\"\" data-v-4d192987=\"\"> in M\u00e4hren.<\/span><\/p><p class=\"\" data-v-4d192987=\"\" data-v-4a7aac3a=\"\"><span class=\"text_node\" data-v-816e464e=\"\" data-v-4d192987=\"\">Unser <\/span><span class=\"text_node rw_adf_text_strong\" data-v-816e464e=\"\" data-v-4d192987=\"\">tschechischer Vertriebspartner, <\/span><a class=\"link_node text_node rw_adf_text_strong\" tabindex=\"0\" href=\"https:\/\/www.avmedia.cz\/en\/\" target=\"_blank\" rel=\"noopener\" data-v-098e4e53=\"\" data-v-816e464e=\"\" data-v-4d192987=\"\" data-ui-id=\"text-link\" data-ui-content=\"AV MEDIA\"><span class=\"inline_text_span\" data-v-098e4e53=\"\">AV MEDIA<\/span><\/a><span class=\"text_node rw_adf_text_strong\" data-v-816e464e=\"\" data-v-4d192987=\"\">, <\/span><span class=\"text_node\" data-v-816e464e=\"\" data-v-4d192987=\"\">\u00fcbernahm die Umsetzung des Projekts.<\/span><\/p>\t\t\t\t\t\t\t\t<\/div>\n\t\t\t\t<\/div>\n\t\t\t\t<\/div>\n\t\t\t\t\t<\/div>\n\t\t\t\t<\/div>\n\t\t<div class=\"elementor-element elementor-element-b5ecabd e-grid e-con-boxed e-con e-child\" data-id=\"b5ecabd\" data-element_type=\"container\" data-e-type=\"container\">\n\t\t\t\t\t<div class=\"e-con-inner\">\n\t\t<div class=\"elementor-element elementor-element-1f3f7f0 e-con-full e-flex e-con e-child\" data-id=\"1f3f7f0\" data-element_type=\"container\" data-e-type=\"container\">\n\t\t\t\t<div class=\"elementor-element elementor-element-78f94fa elementor-widget elementor-widget-heading\" data-id=\"78f94fa\" data-element_type=\"widget\" data-e-type=\"widget\" data-widget_type=\"heading.default\">\n\t\t\t\t<div class=\"elementor-widget-container\">\n\t\t\t\t\t<h2 class=\"elementor-heading-title elementor-size-default\">Unser L\u00f6sungsansatz<\/h2>\t\t\t\t<\/div>\n\t\t\t\t<\/div>\n\t\t\t\t<div class=\"elementor-element elementor-element-7f83e03 elementor-widget elementor-widget-text-editor\" data-id=\"7f83e03\" data-element_type=\"widget\" data-e-type=\"widget\" data-widget_type=\"text-editor.default\">\n\t\t\t\t<div class=\"elementor-widget-container\">\n\t\t\t\t\t\t\t\t\t<p>Wir \u00fcbernahmen die Steuerung von insgesamt 12 Konferenzr\u00e4umen \u2013 von kleineren Lounges bis hin zu einem gro\u00dfen Saal mit bis zu 1.000 Sitzpl\u00e4tzen.<\/p><p>Die Eleganz und das moderne Design unserer Panels unterstreichen die Einzigartigkeit dieses Hotels \u2013 nicht nur in dieser Region, sondern in ganz Tschechien.<\/p>\t\t\t\t\t\t\t\t<\/div>\n\t\t\t\t<\/div>\n\t\t\t\t<\/div>\n\t\t<div class=\"elementor-element elementor-element-6905f0d e-con-full e-flex e-con e-child\" data-id=\"6905f0d\" data-element_type=\"container\" data-e-type=\"container\">\n\t\t\t\t<div class=\"elementor-element elementor-element-a1d8776 elementor-widget elementor-widget-image\" data-id=\"a1d8776\" data-element_type=\"widget\" data-e-type=\"widget\" data-widget_type=\"image.default\">\n\t\t\t\t<div class=\"elementor-widget-container\">\n\t\t\t\t\t\t\t\t\t\t\t\t\t\t\t<img fetchpriority=\"high\" decoding=\"async\" width=\"1024\" height=\"683\" src=\"https:\/\/www.cuesystem.com\/wp-content\/uploads\/2025\/01\/1654003591632-1024x683.jpg\" class=\"attachment-large size-large wp-image-28060\" alt=\"\" srcset=\"https:\/\/www.cuesystem.com\/wp-content\/uploads\/2025\/01\/1654003591632-1024x683.jpg 1024w, https:\/\/www.cuesystem.com\/wp-content\/uploads\/2025\/01\/1654003591632-300x200.jpg 300w, https:\/\/www.cuesystem.com\/wp-content\/uploads\/2025\/01\/1654003591632.jpg 1200w\" sizes=\"(max-width: 1024px) 100vw, 1024px\" \/>\t\t\t\t\t\t\t\t\t\t\t\t\t\t\t<\/div>\n\t\t\t\t<\/div>\n\t\t\t\t<\/div>\n\t\t\t\t\t<\/div>\n\t\t\t\t<\/div>\n\t\t\t\t<div class=\"elementor-element elementor-element-fdfb84d elementor-align-center elementor-widget elementor-widget-button\" data-id=\"fdfb84d\" data-element_type=\"widget\" data-e-type=\"widget\" data-widget_type=\"button.default\">\n\t\t\t\t<div class=\"elementor-widget-container\">\n\t\t\t\t\t\t\t\t\t<div class=\"elementor-button-wrapper\">\n\t\t\t\t\t<a class=\"elementor-button elementor-button-link elementor-size-sm\" href=\"https:\/\/www.youtube.com\/watch?v=x3HWDkAQtgQ\" target=\"_blank\">\n\t\t\t\t\t\t<span class=\"elementor-button-content-wrapper\">\n\t\t\t\t\t\t\t\t\t<span class=\"elementor-button-text\">Video ansehen<\/span>\n\t\t\t\t\t<\/span>\n\t\t\t\t\t<\/a>\n\t\t\t\t<\/div>\n\t\t\t\t\t\t\t\t<\/div>\n\t\t\t\t<\/div>\n\t\t\t\t<\/div>\n\t\t\t\t<\/div>\n\t\t","protected":false},"excerpt":{"rendered":"<p>Fallstudie NH Collection Olomouc Congress Die Herausforderung Ein einheitliches, intuitives und benutzerfreundliches Steuerungssystem f\u00fcr ein Geb\u00e4ude bereitzustellen, dessen R\u00e4umlichkeiten sowohl f\u00fcr die Unterbringung als auch f\u00fcr Konferenzen und andere Gro\u00dfveranstaltungen genutzt werden. \u00dcber NH Collection Olomouc Congress Das NH Collection Olomouc Congress ist sowohl ein modernes Hotel als auch ein erstklassiges Kongresszentrum. Es befindet sich <a href=\"https:\/\/www.cuesystem.com\/de\/fallstudien-2\/nh-collection-olomouc-kongress\/\" class=\"more-link\">\u2026\u00a0<span class=\"screen-reader-text\">  NH Collection Olomouc Congress<\/span><\/a><\/p>\n","protected":false},"author":3,"featured_media":0,"parent":30185,"menu_order":284,"comment_status":"closed","ping_status":"closed","template":"","meta":{"_acf_changed":false,"inline_featured_image":false,"footnotes":""},"kategorie":[],"class_list":["post-30175","page","type-page","status-publish","hentry"],"acf":[],"_links":{"self":[{"href":"https:\/\/www.cuesystem.com\/de\/wp-json\/wp\/v2\/pages\/30175","targetHints":{"allow":["GET"]}}],"collection":[{"href":"https:\/\/www.cuesystem.com\/de\/wp-json\/wp\/v2\/pages"}],"about":[{"href":"https:\/\/www.cuesystem.com\/de\/wp-json\/wp\/v2\/types\/page"}],"author":[{"embeddable":true,"href":"https:\/\/www.cuesystem.com\/de\/wp-json\/wp\/v2\/users\/3"}],"replies":[{"embeddable":true,"href":"https:\/\/www.cuesystem.com\/de\/wp-json\/wp\/v2\/comments?post=30175"}],"version-history":[{"count":6,"href":"https:\/\/www.cuesystem.com\/de\/wp-json\/wp\/v2\/pages\/30175\/revisions"}],"predecessor-version":[{"id":37255,"href":"https:\/\/www.cuesystem.com\/de\/wp-json\/wp\/v2\/pages\/30175\/revisions\/37255"}],"up":[{"embeddable":true,"href":"https:\/\/www.cuesystem.com\/de\/wp-json\/wp\/v2\/pages\/30185"}],"wp:attachment":[{"href":"https:\/\/www.cuesystem.com\/de\/wp-json\/wp\/v2\/media?parent=30175"}],"wp:term":[{"taxonomy":"kategorie","embeddable":true,"href":"https:\/\/www.cuesystem.com\/de\/wp-json\/wp\/v2\/kategorie?post=30175"}],"curies":[{"name":"wp","href":"https:\/\/api.w.org\/{rel}","templated":true}]}}