{"id":30187,"date":"2025-01-29T16:54:28","date_gmt":"2025-01-29T15:54:28","guid":{"rendered":"https:\/\/www.cuesystem.com\/fallstudien-2\/steinel-sensoren-integration\/"},"modified":"2025-08-22T12:34:03","modified_gmt":"2025-08-22T10:34:03","slug":"steinel-sensoren-integration","status":"publish","type":"page","link":"https:\/\/www.cuesystem.com\/de\/fallstudien-2\/steinel-sensoren-integration\/","title":{"rendered":"STEINEL Sensoren Integration"},"content":{"rendered":"\t\t<div data-elementor-type=\"wp-page\" data-elementor-id=\"30187\" class=\"elementor elementor-30187 elementor-28072\" data-elementor-post-type=\"page\">\n\t\t\t\t<div class=\"elementor-element elementor-element-5d889de e-con-full e-flex e-con e-child\" data-id=\"5d889de\" data-element_type=\"container\" data-e-type=\"container\">\n\t\t\t\t<div class=\"elementor-element elementor-element-f165495 elementor-widget elementor-widget-heading\" data-id=\"f165495\" data-element_type=\"widget\" data-e-type=\"widget\" data-widget_type=\"heading.default\">\n\t\t\t\t<div class=\"elementor-widget-container\">\n\t\t\t\t\t<h3 class=\"elementor-heading-title elementor-size-default\">Fallstudie<\/h3>\t\t\t\t<\/div>\n\t\t\t\t<\/div>\n\t\t\t\t<div class=\"elementor-element elementor-element-584ce1e elementor-widget elementor-widget-heading\" data-id=\"584ce1e\" data-element_type=\"widget\" data-e-type=\"widget\" data-widget_type=\"heading.default\">\n\t\t\t\t<div class=\"elementor-widget-container\">\n\t\t\t\t\t<h1 class=\"elementor-heading-title elementor-size-default\">STEINEL Sensoren Integration<\/h1>\t\t\t\t<\/div>\n\t\t\t\t<\/div>\n\t\t\t\t<div class=\"elementor-element elementor-element-9284367 elementor-widget-divider--view-line elementor-widget elementor-widget-divider\" data-id=\"9284367\" data-element_type=\"widget\" data-e-type=\"widget\" data-widget_type=\"divider.default\">\n\t\t\t\t<div class=\"elementor-widget-container\">\n\t\t\t\t\t\t\t<div class=\"elementor-divider\">\n\t\t\t<span class=\"elementor-divider-separator\">\n\t\t\t\t\t\t<\/span>\n\t\t<\/div>\n\t\t\t\t\t\t<\/div>\n\t\t\t\t<\/div>\n\t\t<div class=\"elementor-element elementor-element-b40e6af e-grid e-con-boxed e-con e-child\" data-id=\"b40e6af\" data-element_type=\"container\" data-e-type=\"container\">\n\t\t\t\t\t<div class=\"e-con-inner\">\n\t\t<div class=\"elementor-element elementor-element-1272286 e-con-full e-flex e-con e-child\" data-id=\"1272286\" data-element_type=\"container\" data-e-type=\"container\">\n\t\t\t\t<div class=\"elementor-element elementor-element-fe84c0b elementor-widget elementor-widget-heading\" data-id=\"fe84c0b\" data-element_type=\"widget\" data-e-type=\"widget\" data-widget_type=\"heading.default\">\n\t\t\t\t<div class=\"elementor-widget-container\">\n\t\t\t\t\t<h2 class=\"elementor-heading-title elementor-size-default\">Die Herausforderung<\/h2>\t\t\t\t<\/div>\n\t\t\t\t<\/div>\n\t\t\t\t<div class=\"elementor-element elementor-element-7e71572 elementor-widget elementor-widget-text-editor\" data-id=\"7e71572\" data-element_type=\"widget\" data-e-type=\"widget\" data-widget_type=\"text-editor.default\">\n\t\t\t\t<div class=\"elementor-widget-container\">\n\t\t\t\t\t\t\t\t\t<p>Eine einfache Orientierung im Geb\u00e4ude, eine smarte Reservierungsl\u00f6sung und eine insgesamt intuitive Benutzeroberfl\u00e4che bereitzustellen, die f\u00fcr jedes Teammitglied verst\u00e4ndlich ist.<\/p>\t\t\t\t\t\t\t\t<\/div>\n\t\t\t\t<\/div>\n\t\t\t\t<\/div>\n\t\t<div class=\"elementor-element elementor-element-682e59d e-con-full e-flex e-con e-child\" data-id=\"682e59d\" data-element_type=\"container\" data-e-type=\"container\">\n\t\t\t\t<div class=\"elementor-element elementor-element-810cb92 elementor-widget elementor-widget-image\" data-id=\"810cb92\" data-element_type=\"widget\" data-e-type=\"widget\" data-widget_type=\"image.default\">\n\t\t\t\t<div class=\"elementor-widget-container\">\n\t\t\t\t\t\t\t\t\t\t\t\t\t\t\t<img fetchpriority=\"high\" decoding=\"async\" width=\"1024\" height=\"576\" src=\"https:\/\/www.cuesystem.com\/wp-content\/uploads\/2025\/01\/LogoSTEINEL-1024x576.png\" class=\"attachment-large size-large wp-image-28083\" alt=\"\" srcset=\"https:\/\/www.cuesystem.com\/wp-content\/uploads\/2025\/01\/LogoSTEINEL-1024x576.png 1024w, https:\/\/www.cuesystem.com\/wp-content\/uploads\/2025\/01\/LogoSTEINEL-300x169.png 300w, https:\/\/www.cuesystem.com\/wp-content\/uploads\/2025\/01\/LogoSTEINEL.png 1500w\" sizes=\"(max-width: 1024px) 100vw, 1024px\" \/>\t\t\t\t\t\t\t\t\t\t\t\t\t\t\t<\/div>\n\t\t\t\t<\/div>\n\t\t\t\t<\/div>\n\t\t\t\t\t<\/div>\n\t\t\t\t<\/div>\n\t\t<div class=\"elementor-element elementor-element-f83de22 e-grid e-con-boxed e-con e-child\" data-id=\"f83de22\" data-element_type=\"container\" data-e-type=\"container\">\n\t\t\t\t\t<div class=\"e-con-inner\">\n\t\t<div class=\"elementor-element elementor-element-8b7fbbe e-con-full e-flex e-con e-child\" data-id=\"8b7fbbe\" data-element_type=\"container\" data-e-type=\"container\">\n\t\t\t\t<div class=\"elementor-element elementor-element-57716c4 elementor-widget elementor-widget-image\" data-id=\"57716c4\" data-element_type=\"widget\" data-e-type=\"widget\" data-widget_type=\"image.default\">\n\t\t\t\t<div class=\"elementor-widget-container\">\n\t\t\t\t\t\t\t\t\t\t\t\t\t\t\t<img decoding=\"async\" width=\"1024\" height=\"576\" src=\"https:\/\/www.cuesystem.com\/wp-content\/uploads\/2025\/01\/SteinelLiberec_Offices_Screenshot-1024x576.png\" class=\"attachment-large size-large wp-image-28088\" alt=\"\" srcset=\"https:\/\/www.cuesystem.com\/wp-content\/uploads\/2025\/01\/SteinelLiberec_Offices_Screenshot-1024x576.png 1024w, https:\/\/www.cuesystem.com\/wp-content\/uploads\/2025\/01\/SteinelLiberec_Offices_Screenshot-300x169.png 300w, https:\/\/www.cuesystem.com\/wp-content\/uploads\/2025\/01\/SteinelLiberec_Offices_Screenshot.png 1536w\" sizes=\"(max-width: 1024px) 100vw, 1024px\" \/>\t\t\t\t\t\t\t\t\t\t\t\t\t\t\t<\/div>\n\t\t\t\t<\/div>\n\t\t\t\t<\/div>\n\t\t<div class=\"elementor-element elementor-element-2918ebe e-con-full e-flex e-con e-child\" data-id=\"2918ebe\" data-element_type=\"container\" data-e-type=\"container\">\n\t\t\t\t<div class=\"elementor-element elementor-element-38049c8 elementor-widget elementor-widget-heading\" data-id=\"38049c8\" data-element_type=\"widget\" data-e-type=\"widget\" data-widget_type=\"heading.default\">\n\t\t\t\t<div class=\"elementor-widget-container\">\n\t\t\t\t\t<h2 class=\"elementor-heading-title elementor-size-default\">\u00dcber STEINEL<\/h2>\t\t\t\t<\/div>\n\t\t\t\t<\/div>\n\t\t\t\t<div class=\"elementor-element elementor-element-d19c638 elementor-widget elementor-widget-text-editor\" data-id=\"d19c638\" data-element_type=\"widget\" data-e-type=\"widget\" data-widget_type=\"text-editor.default\">\n\t\t\t\t<div class=\"elementor-widget-container\">\n\t\t\t\t\t\t\t\t\t<p class=\"\" data-v-4d192987=\"\" data-v-4a7aac3a=\"\"><a class=\"link_node text_node rw_adf_text_strong\" tabindex=\"0\" href=\"https:\/\/www.steinel.cz\/en\/\" target=\"_blank\" rel=\"noopener\" data-v-098e4e53=\"\" data-v-816e464e=\"\" data-v-4d192987=\"\" data-ui-id=\"text-link\" data-ui-content=\"STEINEL\"><span class=\"inline_text_span\" data-v-098e4e53=\"\">STEINEL<\/span><\/a><span class=\"text_node\" data-v-816e464e=\"\" data-v-4d192987=\"\"> geh\u00f6rt zu den f\u00fchrenden Herstellern von Infrarotsensoren, Sensorleuchten, Hei\u00dfluftgebl\u00e4sen, Hei\u00dfklebepistolen und elektronischen Spannungspr\u00fcfern.<\/span><\/p><p class=\"\" data-v-4d192987=\"\" data-v-4a7aac3a=\"\"><span class=\"text_node\" data-v-816e464e=\"\" data-v-4d192987=\"\">Das Projekt wurde direkt von <\/span><span class=\"text_node rw_adf_text_strong\" data-v-816e464e=\"\" data-v-4d192987=\"\">uns umgesetzt<\/span><span class=\"text_node\" data-v-816e464e=\"\" data-v-4d192987=\"\">.<\/span><\/p>\t\t\t\t\t\t\t\t<\/div>\n\t\t\t\t<\/div>\n\t\t\t\t<\/div>\n\t\t\t\t\t<\/div>\n\t\t\t\t<\/div>\n\t\t<div class=\"elementor-element elementor-element-af87c28 e-grid e-con-boxed e-con e-child\" data-id=\"af87c28\" data-element_type=\"container\" data-e-type=\"container\">\n\t\t\t\t\t<div class=\"e-con-inner\">\n\t\t<div class=\"elementor-element elementor-element-ae5eb9a e-con-full e-flex e-con e-child\" data-id=\"ae5eb9a\" data-element_type=\"container\" data-e-type=\"container\">\n\t\t\t\t<div class=\"elementor-element elementor-element-64e078c elementor-widget elementor-widget-heading\" data-id=\"64e078c\" data-element_type=\"widget\" data-e-type=\"widget\" data-widget_type=\"heading.default\">\n\t\t\t\t<div class=\"elementor-widget-container\">\n\t\t\t\t\t<h2 class=\"elementor-heading-title elementor-size-default\">Unser L\u00f6sungsansatz<\/h2>\t\t\t\t<\/div>\n\t\t\t\t<\/div>\n\t\t\t\t<div class=\"elementor-element elementor-element-9723c4b elementor-widget elementor-widget-text-editor\" data-id=\"9723c4b\" data-element_type=\"widget\" data-e-type=\"widget\" data-widget_type=\"text-editor.default\">\n\t\t\t\t<div class=\"elementor-widget-container\">\n\t\t\t\t\t\t\t\t\t<p class=\"\" data-v-4d192987=\"\" data-v-4a7aac3a=\"\"><span class=\"text_node\" data-v-816e464e=\"\" data-v-4d192987=\"\">Die STEINEL-B\u00fcros nutzen inzwischen <\/span><span class=\"text_node rw_adf_text_strong\" data-v-816e464e=\"\" data-v-4d192987=\"\">das touchONE-\u00d6kosystem umfassend \u2013 und zwar<\/span><span class=\"text_node\" data-v-816e464e=\"\" data-v-4d192987=\"\"> nicht nur f\u00fcr die Raumbuchung. Den Mitarbeitenden steht eine Vielzahl von Funktionen zur Verf\u00fcgung \u2013 darunter auch unsere mobile App  <\/span><span class=\"text_node rw_adf_text_strong\" data-v-816e464e=\"\" data-v-4d192987=\"\">touchONE-assist<\/span><span class=\"text_node\" data-v-816e464e=\"\" data-v-4d192987=\"\">, die sowohl bei der <\/span><span class=\"text_node rw_adf_text_strong\" data-v-816e464e=\"\" data-v-4d192987=\"\">Orientierung <\/span><span class=\"text_node\" data-v-816e464e=\"\" data-v-4d192987=\"\">im Geb\u00e4ude als auch bei der <\/span><span class=\"text_node rw_adf_text_strong\" data-v-816e464e=\"\" data-v-4d192987=\"\">Buchung <\/span> <span class=\"text_node\" data-v-816e464e=\"\" data-v-4d192987=\"\">selbst unterst\u00fctzt. \u00dcber das System lassen sich Besprechungsr\u00e4ume, Parkpl\u00e4tze, Arbeitspl\u00e4tze und vieles mehr reservieren. <\/span><\/p><p class=\"\" data-v-4d192987=\"\" data-v-4a7aac3a=\"\"><span class=\"text_node rw_adf_text_strong\" data-v-816e464e=\"\" data-v-4d192987=\"\">Die anschlie\u00dfende Personenzahl in den gebuchten Bereichen wird durch STEINEL-Sensoren <\/span><span class=\"text_node\" data-v-816e464e=\"\" data-v-4d192987=\"\">(HPD2 und HPD3) erfasst.<\/span><\/p><p class=\"\" data-v-4d192987=\"\" data-v-4a7aac3a=\"\"><span class=\"text_node\" data-v-816e464e=\"\" data-v-4d192987=\"\">In den B\u00fcros steht ein <\/span><span class=\"text_node rw_adf_text_strong\" data-v-816e464e=\"\" data-v-4d192987=\"\">touchONE-Kiosk<\/span><span class=\"text_node\" data-v-816e464e=\"\" data-v-4d192987=\"\"> sowohl Mitarbeitenden als auch Besuchern zur Verf\u00fcgung. Dieser zeigt \u00fcbersichtlich <\/span><span class=\"text_node rw_adf_text_strong\" data-v-816e464e=\"\" data-v-4d192987=\"\"> den Status <\/span> <span class=\"text_node\" data-v-816e464e=\"\" data-v-4d192987=\"\">aller R\u00e4ume (z.\u202fB. die aktuelle Personenanzahl im jeweiligen Raum) sowie weiterer buchbarer Ressourcen an. \u00dcber den Kiosk k\u00f6nnen  <\/span><span class=\"text_node rw_adf_text_strong\" data-v-816e464e=\"\" data-v-4d192987=\"\">zudem <\/span><span class=\"text_node\" data-v-816e464e=\"\" data-v-4d192987=\"\">kurzfristige <\/span><span class=\"text_node rw_adf_text_strong\" data-v-816e464e=\"\" data-v-4d192987=\"\">Reservierungen vorgenommen <\/span><span class=\"text_node\" data-v-816e464e=\"\" data-v-4d192987=\"\">sowie bestehende Buchungen verl\u00e4ngert oder beendet werden.<\/span><\/p>\t\t\t\t\t\t\t\t<\/div>\n\t\t\t\t<\/div>\n\t\t\t\t<\/div>\n\t\t<div class=\"elementor-element elementor-element-15beb3c e-con-full e-flex e-con e-child\" data-id=\"15beb3c\" data-element_type=\"container\" data-e-type=\"container\">\n\t\t\t\t<div class=\"elementor-element elementor-element-51c379a elementor-widget elementor-widget-image\" data-id=\"51c379a\" data-element_type=\"widget\" data-e-type=\"widget\" data-widget_type=\"image.default\">\n\t\t\t\t<div class=\"elementor-widget-container\">\n\t\t\t\t\t\t\t\t\t\t\t\t\t\t\t<img decoding=\"async\" width=\"1024\" height=\"575\" src=\"https:\/\/www.cuesystem.com\/wp-content\/uploads\/2025\/01\/SteinelLiberec_parking_Screenshot-1024x575.png\" class=\"attachment-large size-large wp-image-28093\" alt=\"\" srcset=\"https:\/\/www.cuesystem.com\/wp-content\/uploads\/2025\/01\/SteinelLiberec_parking_Screenshot-1024x575.png 1024w, https:\/\/www.cuesystem.com\/wp-content\/uploads\/2025\/01\/SteinelLiberec_parking_Screenshot-300x169.png 300w, https:\/\/www.cuesystem.com\/wp-content\/uploads\/2025\/01\/SteinelLiberec_parking_Screenshot.png 1536w\" sizes=\"(max-width: 1024px) 100vw, 1024px\" \/>\t\t\t\t\t\t\t\t\t\t\t\t\t\t\t<\/div>\n\t\t\t\t<\/div>\n\t\t\t\t<\/div>\n\t\t\t\t\t<\/div>\n\t\t\t\t<\/div>\n\t\t\t\t<\/div>\n\t\t\t\t<\/div>\n\t\t","protected":false},"excerpt":{"rendered":"<p>Fallstudie STEINEL Sensoren Integration Die Herausforderung Eine einfache Orientierung im Geb\u00e4ude, eine smarte Reservierungsl\u00f6sung und eine insgesamt intuitive Benutzeroberfl\u00e4che bereitzustellen, die f\u00fcr jedes Teammitglied verst\u00e4ndlich ist. \u00dcber STEINEL STEINEL geh\u00f6rt zu den f\u00fchrenden Herstellern von Infrarotsensoren, Sensorleuchten, Hei\u00dfluftgebl\u00e4sen, Hei\u00dfklebepistolen und elektronischen Spannungspr\u00fcfern. Das Projekt wurde direkt von uns umgesetzt. Unser L\u00f6sungsansatz Die STEINEL-B\u00fcros nutzen inzwischen <a href=\"https:\/\/www.cuesystem.com\/de\/fallstudien-2\/steinel-sensoren-integration\/\" class=\"more-link\">\u2026\u00a0<span class=\"screen-reader-text\">  STEINEL Sensoren Integration<\/span><\/a><\/p>\n","protected":false},"author":3,"featured_media":0,"parent":30185,"menu_order":278,"comment_status":"closed","ping_status":"closed","template":"","meta":{"_acf_changed":false,"inline_featured_image":false,"footnotes":""},"kategorie":[],"class_list":["post-30187","page","type-page","status-publish","hentry"],"acf":[],"_links":{"self":[{"href":"https:\/\/www.cuesystem.com\/de\/wp-json\/wp\/v2\/pages\/30187","targetHints":{"allow":["GET"]}}],"collection":[{"href":"https:\/\/www.cuesystem.com\/de\/wp-json\/wp\/v2\/pages"}],"about":[{"href":"https:\/\/www.cuesystem.com\/de\/wp-json\/wp\/v2\/types\/page"}],"author":[{"embeddable":true,"href":"https:\/\/www.cuesystem.com\/de\/wp-json\/wp\/v2\/users\/3"}],"replies":[{"embeddable":true,"href":"https:\/\/www.cuesystem.com\/de\/wp-json\/wp\/v2\/comments?post=30187"}],"version-history":[{"count":3,"href":"https:\/\/www.cuesystem.com\/de\/wp-json\/wp\/v2\/pages\/30187\/revisions"}],"predecessor-version":[{"id":32268,"href":"https:\/\/www.cuesystem.com\/de\/wp-json\/wp\/v2\/pages\/30187\/revisions\/32268"}],"up":[{"embeddable":true,"href":"https:\/\/www.cuesystem.com\/de\/wp-json\/wp\/v2\/pages\/30185"}],"wp:attachment":[{"href":"https:\/\/www.cuesystem.com\/de\/wp-json\/wp\/v2\/media?parent=30187"}],"wp:term":[{"taxonomy":"kategorie","embeddable":true,"href":"https:\/\/www.cuesystem.com\/de\/wp-json\/wp\/v2\/kategorie?post=30187"}],"curies":[{"name":"wp","href":"https:\/\/api.w.org\/{rel}","templated":true}]}}