{"id":30196,"date":"2025-01-29T17:26:04","date_gmt":"2025-01-29T16:26:04","guid":{"rendered":"https:\/\/www.cuesystem.com\/fallstudien-2\/aok-konferenzzentrum\/"},"modified":"2025-08-22T11:35:30","modified_gmt":"2025-08-22T09:35:30","slug":"aok-konferenzzentrum","status":"publish","type":"page","link":"https:\/\/www.cuesystem.com\/de\/fallstudien-2\/aok-konferenzzentrum\/","title":{"rendered":"AOK Konferenzzentrum"},"content":{"rendered":"\t\t<div data-elementor-type=\"wp-page\" data-elementor-id=\"30196\" class=\"elementor elementor-30196 elementor-28130\" data-elementor-post-type=\"page\">\n\t\t\t\t<div class=\"elementor-element elementor-element-4c43825 e-con-full e-flex e-con e-child\" data-id=\"4c43825\" data-element_type=\"container\" data-e-type=\"container\">\n\t\t\t\t<div class=\"elementor-element elementor-element-fb5b232 elementor-widget elementor-widget-heading\" data-id=\"fb5b232\" data-element_type=\"widget\" data-e-type=\"widget\" data-widget_type=\"heading.default\">\n\t\t\t\t<div class=\"elementor-widget-container\">\n\t\t\t\t\t<h3 class=\"elementor-heading-title elementor-size-default\">Fallstudie<\/h3>\t\t\t\t<\/div>\n\t\t\t\t<\/div>\n\t\t\t\t<div class=\"elementor-element elementor-element-eab76cb elementor-widget elementor-widget-heading\" data-id=\"eab76cb\" data-element_type=\"widget\" data-e-type=\"widget\" data-widget_type=\"heading.default\">\n\t\t\t\t<div class=\"elementor-widget-container\">\n\t\t\t\t\t<h1 class=\"elementor-heading-title elementor-size-default\">AOK Konferenzzentrum<\/h1>\t\t\t\t<\/div>\n\t\t\t\t<\/div>\n\t\t\t\t<div class=\"elementor-element elementor-element-0c910c3 elementor-widget-divider--view-line elementor-widget elementor-widget-divider\" data-id=\"0c910c3\" data-element_type=\"widget\" data-e-type=\"widget\" data-widget_type=\"divider.default\">\n\t\t\t\t<div class=\"elementor-widget-container\">\n\t\t\t\t\t\t\t<div class=\"elementor-divider\">\n\t\t\t<span class=\"elementor-divider-separator\">\n\t\t\t\t\t\t<\/span>\n\t\t<\/div>\n\t\t\t\t\t\t<\/div>\n\t\t\t\t<\/div>\n\t\t<div class=\"elementor-element elementor-element-52ce8b6 e-grid e-con-boxed e-con e-child\" data-id=\"52ce8b6\" data-element_type=\"container\" data-e-type=\"container\">\n\t\t\t\t\t<div class=\"e-con-inner\">\n\t\t<div class=\"elementor-element elementor-element-1cfb708 e-con-full e-flex e-con e-child\" data-id=\"1cfb708\" data-element_type=\"container\" data-e-type=\"container\">\n\t\t\t\t<div class=\"elementor-element elementor-element-1d6f8ea elementor-widget elementor-widget-heading\" data-id=\"1d6f8ea\" data-element_type=\"widget\" data-e-type=\"widget\" data-widget_type=\"heading.default\">\n\t\t\t\t<div class=\"elementor-widget-container\">\n\t\t\t\t\t<h2 class=\"elementor-heading-title elementor-size-default\">Die Herausforderung<\/h2>\t\t\t\t<\/div>\n\t\t\t\t<\/div>\n\t\t\t\t<div class=\"elementor-element elementor-element-1adffe3 elementor-widget elementor-widget-text-editor\" data-id=\"1adffe3\" data-element_type=\"widget\" data-e-type=\"widget\" data-widget_type=\"text-editor.default\">\n\t\t\t\t<div class=\"elementor-widget-container\">\n\t\t\t\t\t\t\t\t\t<p><span class=\"text_node\" data-v-816e464e=\"\" data-v-4d192987=\"\">Ausstattung <\/span><span class=\"text_node rw_adf_text_strong\" data-v-816e464e=\"\" data-v-4d192987=\"\">von 56 R\u00e4umen<\/span><span class=\"text_node\" data-v-816e464e=\"\" data-v-4d192987=\"\"> im <\/span><a class=\"link_node text_node rw_adf_text_strong\" tabindex=\"0\" href=\"https:\/\/www.aok.de\/fm\/en-uk?s_kwcid=AL!10517!3!445355617851!e!!g!!aok%20germany&amp;cid=aok;1;4;Zuwandererportal;1;42\" target=\"_blank\" rel=\"noopener\" data-v-098e4e53=\"\" data-v-816e464e=\"\" data-v-4d192987=\"\" data-ui-id=\"text-link\" data-ui-content=\"AOK  \"><span class=\"inline_text_span\" data-v-098e4e53=\"\">AOK- <\/span><\/a><span class=\"text_node rw_adf_text_strong\" data-v-816e464e=\"\" data-v-4d192987=\"\">Konferenzzentrum <\/span><span class=\"text_node\" data-v-816e464e=\"\" data-v-4d192987=\"\">in N\u00fcrnberg mit einer L\u00f6sung, die <\/span><span class=\"text_node rw_adf_text_strong\" data-v-816e464e=\"\" data-v-4d192987=\"\">den Prozess<\/span><span class=\"text_node\" data-v-816e464e=\"\" data-v-4d192987=\"\"> der <\/span><span class=\"text_node rw_adf_text_strong\" data-v-816e464e=\"\" data-v-4d192987=\"\">Steuerung <\/span><span class=\"text_node\" data-v-816e464e=\"\" data-v-4d192987=\"\">und <\/span><span class=\"text_node rw_adf_text_strong\" data-v-816e464e=\"\" data-v-4d192987=\"\">Reservierung <\/span><span class=\"text_node\" data-v-816e464e=\"\" data-v-4d192987=\"\">sowohl einzelner<\/span><span class=\"text_node rw_adf_text_strong\" data-v-816e464e=\"\" data-v-4d192987=\"\"> Arbeitspl\u00e4tze<\/span><span class=\"text_node\" data-v-816e464e=\"\" data-v-4d192987=\"\"> als auch gr\u00f6\u00dferer <\/span><span class=\"text_node rw_adf_text_strong\" data-v-816e464e=\"\" data-v-4d192987=\"\">Arbeitsbereiche vereinfacht<\/span><span class=\"text_node\" data-v-816e464e=\"\" data-v-4d192987=\"\">.<\/span><\/p>\t\t\t\t\t\t\t\t<\/div>\n\t\t\t\t<\/div>\n\t\t\t\t<\/div>\n\t\t<div class=\"elementor-element elementor-element-d1c94da e-con-full e-flex e-con e-child\" data-id=\"d1c94da\" data-element_type=\"container\" data-e-type=\"container\">\n\t\t\t\t<div class=\"elementor-element elementor-element-b1c848f elementor-widget elementor-widget-image\" data-id=\"b1c848f\" data-element_type=\"widget\" data-e-type=\"widget\" data-widget_type=\"image.default\">\n\t\t\t\t<div class=\"elementor-widget-container\">\n\t\t\t\t\t\t\t\t\t\t\t\t\t\t\t<img fetchpriority=\"high\" decoding=\"async\" width=\"1024\" height=\"576\" src=\"https:\/\/www.cuesystem.com\/wp-content\/uploads\/2025\/01\/CaseStudy_AOK.png\" class=\"attachment-large size-large wp-image-28021\" alt=\"\" srcset=\"https:\/\/www.cuesystem.com\/wp-content\/uploads\/2025\/01\/CaseStudy_AOK.png 1024w, https:\/\/www.cuesystem.com\/wp-content\/uploads\/2025\/01\/CaseStudy_AOK-300x169.png 300w\" sizes=\"(max-width: 1024px) 100vw, 1024px\" \/>\t\t\t\t\t\t\t\t\t\t\t\t\t\t\t<\/div>\n\t\t\t\t<\/div>\n\t\t\t\t<\/div>\n\t\t\t\t\t<\/div>\n\t\t\t\t<\/div>\n\t\t<div class=\"elementor-element elementor-element-f83b413 e-grid e-con-boxed e-con e-child\" data-id=\"f83b413\" data-element_type=\"container\" data-e-type=\"container\">\n\t\t\t\t\t<div class=\"e-con-inner\">\n\t\t<div class=\"elementor-element elementor-element-db65af2 e-con-full e-flex e-con e-child\" data-id=\"db65af2\" data-element_type=\"container\" data-e-type=\"container\">\n\t\t\t\t<div class=\"elementor-element elementor-element-b9cc5f3 elementor-widget elementor-widget-image\" data-id=\"b9cc5f3\" data-element_type=\"widget\" data-e-type=\"widget\" data-widget_type=\"image.default\">\n\t\t\t\t<div class=\"elementor-widget-container\">\n\t\t\t\t\t\t\t\t\t\t\t\t\t\t\t<img decoding=\"async\" width=\"1024\" height=\"572\" src=\"https:\/\/www.cuesystem.com\/wp-content\/uploads\/2025\/01\/logo-social-media-3a2e5257eec48790d073aca432c19414-1024x572.jpg\" class=\"attachment-large size-large wp-image-28138\" alt=\"\" srcset=\"https:\/\/www.cuesystem.com\/wp-content\/uploads\/2025\/01\/logo-social-media-3a2e5257eec48790d073aca432c19414-1024x572.jpg 1024w, https:\/\/www.cuesystem.com\/wp-content\/uploads\/2025\/01\/logo-social-media-3a2e5257eec48790d073aca432c19414-300x168.jpg 300w, https:\/\/www.cuesystem.com\/wp-content\/uploads\/2025\/01\/logo-social-media-3a2e5257eec48790d073aca432c19414.jpg 2000w\" sizes=\"(max-width: 1024px) 100vw, 1024px\" \/>\t\t\t\t\t\t\t\t\t\t\t\t\t\t\t<\/div>\n\t\t\t\t<\/div>\n\t\t\t\t<\/div>\n\t\t<div class=\"elementor-element elementor-element-3899f2b e-con-full e-flex e-con e-child\" data-id=\"3899f2b\" data-element_type=\"container\" data-e-type=\"container\">\n\t\t\t\t<div class=\"elementor-element elementor-element-39f0c97 elementor-widget elementor-widget-heading\" data-id=\"39f0c97\" data-element_type=\"widget\" data-e-type=\"widget\" data-widget_type=\"heading.default\">\n\t\t\t\t<div class=\"elementor-widget-container\">\n\t\t\t\t\t<h2 class=\"elementor-heading-title elementor-size-default\">\u00dcber die AOK <\/h2>\t\t\t\t<\/div>\n\t\t\t\t<\/div>\n\t\t\t\t<div class=\"elementor-element elementor-element-15fe2a2 elementor-widget elementor-widget-text-editor\" data-id=\"15fe2a2\" data-element_type=\"widget\" data-e-type=\"widget\" data-widget_type=\"text-editor.default\">\n\t\t\t\t<div class=\"elementor-widget-container\">\n\t\t\t\t\t\t\t\t\t<p class=\"\" data-v-4d192987=\"\" data-v-4a7aac3a=\"\"><a class=\"link_node text_node rw_adf_text_strong\" tabindex=\"0\" href=\"https:\/\/www.aok.de\/fm\/en-uk?s_kwcid=AL!10517!3!445355617851!e!!g!!aok%20germany&amp;cid=aok;1;4;Zuwandererportal;1;42\" target=\"_blank\" rel=\"noopener\" data-v-098e4e53=\"\" data-v-816e464e=\"\" data-v-4d192987=\"\" data-ui-id=\"text-link\" data-ui-content=\"AOK \"><span class=\"inline_text_span\" data-v-098e4e53=\"\">AOK <\/span><\/a><span class=\"text_node\" data-v-816e464e=\"\" data-v-4d192987=\"\">ist ein Anbieter der gesetzlichen Krankenversicherungen in Deutschland.<\/span><\/p><p class=\"\" data-v-4d192987=\"\" data-v-4a7aac3a=\"\"><span class=\"text_node\" data-v-816e464e=\"\" data-v-4d192987=\"\">Unser <\/span><span class=\"text_node rw_adf_text_strong\" data-v-816e464e=\"\" data-v-4d192987=\"\">deutscher Vertriebspartner, <\/span><a class=\"link_node text_node rw_adf_text_strong\" tabindex=\"0\" href=\"https:\/\/www.prodytel.de\/\" target=\"_blank\" rel=\"noopener\" data-v-098e4e53=\"\" data-v-816e464e=\"\" data-v-4d192987=\"\" data-ui-id=\"text-link\" data-ui-content=\"prodyTel Distribution GmbH\"><span class=\"inline_text_span\" data-v-098e4e53=\"\">die prodyTel Distribution GmbH,<\/span><\/a><span class=\"text_node rw_adf_text_strong\" data-v-816e464e=\"\" data-v-4d192987=\"\"> <\/span><span class=\"text_node\" data-v-816e464e=\"\" data-v-4d192987=\"\">\u00fcbernahm die Umsetzung des Projekts.<\/span><\/p>\t\t\t\t\t\t\t\t<\/div>\n\t\t\t\t<\/div>\n\t\t\t\t<\/div>\n\t\t\t\t\t<\/div>\n\t\t\t\t<\/div>\n\t\t<div class=\"elementor-element elementor-element-ee98138 e-grid e-con-boxed e-con e-child\" data-id=\"ee98138\" data-element_type=\"container\" data-e-type=\"container\">\n\t\t\t\t\t<div class=\"e-con-inner\">\n\t\t<div class=\"elementor-element elementor-element-855cf8f e-con-full e-flex e-con e-child\" data-id=\"855cf8f\" data-element_type=\"container\" data-e-type=\"container\">\n\t\t\t\t<div class=\"elementor-element elementor-element-f6f6353 elementor-widget elementor-widget-heading\" data-id=\"f6f6353\" data-element_type=\"widget\" data-e-type=\"widget\" data-widget_type=\"heading.default\">\n\t\t\t\t<div class=\"elementor-widget-container\">\n\t\t\t\t\t<h2 class=\"elementor-heading-title elementor-size-default\">Unser L\u00f6sungsansatz<\/h2>\t\t\t\t<\/div>\n\t\t\t\t<\/div>\n\t\t\t\t<div class=\"elementor-element elementor-element-41fa6e6 elementor-widget elementor-widget-text-editor\" data-id=\"41fa6e6\" data-element_type=\"widget\" data-e-type=\"widget\" data-widget_type=\"text-editor.default\">\n\t\t\t\t<div class=\"elementor-widget-container\">\n\t\t\t\t\t\t\t\t\t<p class=\"\" data-v-4d192987=\"\" data-v-4a7aac3a=\"\"><span class=\"text_node\" data-v-816e464e=\"\" data-v-4d192987=\"\">Installiert wurden insgesamt <\/span><span class=\"text_node rw_adf_text_strong\" data-v-816e464e=\"\" data-v-4d192987=\"\">77 <\/span><a class=\"link_node text_node rw_adf_text_strong\" tabindex=\"0\" href=\"https:\/\/cuesystem.com\/EN\/Products?id=decda987-9147-4204-9d5f-cec4369e41a9\" target=\"_blank\" rel=\"noopener\" data-v-098e4e53=\"\" data-v-816e464e=\"\" data-v-4d192987=\"\" data-ui-id=\"text-link\" data-ui-content=\"touchCUE-7\/-7M\"><span class=\"inline_text_span\" data-v-098e4e53=\"\">touchCUE-7\/-7M<\/span><\/a><span class=\"text_node\" data-v-816e464e=\"\" data-v-4d192987=\"\">, <\/span><span class=\"text_node rw_adf_text_strong\" data-v-816e464e=\"\" data-v-4d192987=\"\">20 <\/span><a class=\"link_node text_node rw_adf_text_strong\" tabindex=\"0\" href=\"https:\/\/cuesystem.com\/EN\/Products?id=d9e035ab-b00a-4aec-96f7-f52ad04bcd80\" target=\"_blank\" rel=\"noopener\" data-v-098e4e53=\"\" data-v-816e464e=\"\" data-v-4d192987=\"\" data-ui-id=\"text-link\" data-ui-content=\"touchONE-desk-55\"><span class=\"inline_text_span\" data-v-098e4e53=\"\">touchONE-desk-55<\/span><\/a><span class=\"text_node\" data-v-816e464e=\"\" data-v-4d192987=\"\"> sowie <\/span><span class=\"text_node rw_adf_text_strong\" data-v-816e464e=\"\" data-v-4d192987=\"\">12 <\/span><a class=\"link_node text_node rw_adf_text_strong\" tabindex=\"0\" href=\"https:\/\/cuesystem.com\/EN\/Products?id=2109a5ef-414d-4348-a65f-d9277e7d1864\" target=\"_blank\" rel=\"noopener\" data-v-098e4e53=\"\" data-v-816e464e=\"\" data-v-4d192987=\"\" data-ui-id=\"text-link\" data-ui-content=\"controlCUE-knx-d\"><span class=\"inline_text_span\" data-v-098e4e53=\"\">controlCUE-knx-d Ger\u00e4te<\/span><\/a><span class=\"text_node\" data-v-816e464e=\"\" data-v-4d192987=\"\">.<\/span><\/p><p class=\"\" data-v-4d192987=\"\" data-v-4a7aac3a=\"\"><span class=\"text_node\" data-v-816e464e=\"\" data-v-4d192987=\"\">Unser Hauptziel war es, am <\/span><span class=\"text_node rw_adf_text_strong\" data-v-816e464e=\"\" data-v-4d192987=\"\">Steuerungselement<\/span> <span class=\"text_node\" data-v-816e464e=\"\" data-v-4d192987=\"\">dieses komplexen Projekts mitzuwirken. Dabei  <\/span><span class=\"text_node rw_adf_text_strong\" data-v-816e464e=\"\" data-v-4d192987=\"\">stand f\u00fcr uns die Praxistauglichkeit im Mittelpunkt der gesamten Umsetzung<\/span><span class=\"text_node\" data-v-816e464e=\"\" data-v-4d192987=\"\">.<\/span><\/p><p class=\"\" data-v-4d192987=\"\" data-v-4a7aac3a=\"\"><span class=\"text_node\" data-v-816e464e=\"\" data-v-4d192987=\"\">Genau aus diesem Grund haben wir uns f\u00fcr individuelle Anpassungen entschieden. Zus\u00e4tzlich zur Lieferung und Installation unserer bew\u00e4hrten Produkte haben wir eine  <\/span><span class=\"text_node rw_adf_text_strong\" data-v-816e464e=\"\" data-v-4d192987=\"\">besondere Funktion entwickelt, <\/span><span class=\"text_node\" data-v-816e464e=\"\" data-v-4d192987=\"\">die es den Touchpanels erm\u00f6glicht, <\/span><span class=\"text_node rw_adf_text_strong\" data-v-816e464e=\"\" data-v-4d192987=\"\"> <\/span><span class=\"text_node\" data-v-816e464e=\"\" data-v-4d192987=\"\">ihre <\/span><span class=\"text_node rw_adf_text_strong\" data-v-816e464e=\"\" data-v-4d192987=\"\">Konfiguration direkt <\/span><span class=\"text_node\" data-v-816e464e=\"\" data-v-4d192987=\"\">von einem <\/span><span class=\"text_node rw_adf_text_strong\" data-v-816e464e=\"\" data-v-4d192987=\"\">zentralen Server abzurufen<\/span><span class=\"text_node\" data-v-816e464e=\"\" data-v-4d192987=\"\">.<\/span><\/p>\t\t\t\t\t\t\t\t<\/div>\n\t\t\t\t<\/div>\n\t\t\t\t<\/div>\n\t\t<div class=\"elementor-element elementor-element-c7610ee e-con-full e-flex e-con e-child\" data-id=\"c7610ee\" data-element_type=\"container\" data-e-type=\"container\">\n\t\t\t\t<div class=\"elementor-element elementor-element-a3d6284 elementor-widget elementor-widget-image\" data-id=\"a3d6284\" data-element_type=\"widget\" data-e-type=\"widget\" data-widget_type=\"image.default\">\n\t\t\t\t<div class=\"elementor-widget-container\">\n\t\t\t\t\t\t\t\t\t\t\t\t\t\t\t<img decoding=\"async\" width=\"750\" height=\"563\" src=\"https:\/\/www.cuesystem.com\/wp-content\/uploads\/2025\/01\/smaller_meeting_room_with_open_housing_ionp62.jpg\" class=\"attachment-large size-large wp-image-28155\" alt=\"\" srcset=\"https:\/\/www.cuesystem.com\/wp-content\/uploads\/2025\/01\/smaller_meeting_room_with_open_housing_ionp62.jpg 750w, https:\/\/www.cuesystem.com\/wp-content\/uploads\/2025\/01\/smaller_meeting_room_with_open_housing_ionp62-300x225.jpg 300w\" sizes=\"(max-width: 750px) 100vw, 750px\" \/>\t\t\t\t\t\t\t\t\t\t\t\t\t\t\t<\/div>\n\t\t\t\t<\/div>\n\t\t\t\t<\/div>\n\t\t\t\t\t<\/div>\n\t\t\t\t<\/div>\n\t\t\t\t<div class=\"elementor-element elementor-element-ad37539 elementor-widget elementor-widget-heading\" data-id=\"ad37539\" data-element_type=\"widget\" data-e-type=\"widget\" data-widget_type=\"heading.default\">\n\t\t\t\t<div class=\"elementor-widget-container\">\n\t\t\t\t\t<h2 class=\"elementor-heading-title elementor-size-default\">\u00dcber dieses Projekt - Projektvorstellung durch Berndt Schindler f\u00fcr Inavate EMEA \n<\/h2>\t\t\t\t<\/div>\n\t\t\t\t<\/div>\n\t\t\t\t<div class=\"elementor-element elementor-element-6618a20 elementor-align-center elementor-widget elementor-widget-button\" data-id=\"6618a20\" data-element_type=\"widget\" data-e-type=\"widget\" data-widget_type=\"button.default\">\n\t\t\t\t<div class=\"elementor-widget-container\">\n\t\t\t\t\t\t\t\t\t<div class=\"elementor-button-wrapper\">\n\t\t\t\t\t<a class=\"elementor-button elementor-button-link elementor-size-sm\" href=\"https:\/\/www.inavateonthenet.net\/features\/article\/the-ford-model-t--of-meeting-rooms\" target=\"_blank\">\n\t\t\t\t\t\t<span class=\"elementor-button-content-wrapper\">\n\t\t\t\t\t\t\t\t\t<span class=\"elementor-button-text\">Mehr erfahren<\/span>\n\t\t\t\t\t<\/span>\n\t\t\t\t\t<\/a>\n\t\t\t\t<\/div>\n\t\t\t\t\t\t\t\t<\/div>\n\t\t\t\t<\/div>\n\t\t\t\t<\/div>\n\t\t\t\t<\/div>\n\t\t","protected":false},"excerpt":{"rendered":"<p>Fallstudie AOK Konferenzzentrum Die Herausforderung Ausstattung von 56 R\u00e4umen im AOK- Konferenzzentrum in N\u00fcrnberg mit einer L\u00f6sung, die den Prozess der Steuerung und Reservierung sowohl einzelner Arbeitspl\u00e4tze als auch gr\u00f6\u00dferer Arbeitsbereiche vereinfacht. \u00dcber die AOK AOK ist ein Anbieter der gesetzlichen Krankenversicherungen in Deutschland. Unser deutscher Vertriebspartner, die prodyTel Distribution GmbH, \u00fcbernahm die Umsetzung des <a href=\"https:\/\/www.cuesystem.com\/de\/fallstudien-2\/aok-konferenzzentrum\/\" class=\"more-link\">\u2026\u00a0<span class=\"screen-reader-text\">  AOK Konferenzzentrum<\/span><\/a><\/p>\n","protected":false},"author":3,"featured_media":0,"parent":30185,"menu_order":263,"comment_status":"closed","ping_status":"closed","template":"","meta":{"_acf_changed":false,"inline_featured_image":false,"footnotes":""},"kategorie":[],"class_list":["post-30196","page","type-page","status-publish","hentry"],"acf":[],"_links":{"self":[{"href":"https:\/\/www.cuesystem.com\/de\/wp-json\/wp\/v2\/pages\/30196","targetHints":{"allow":["GET"]}}],"collection":[{"href":"https:\/\/www.cuesystem.com\/de\/wp-json\/wp\/v2\/pages"}],"about":[{"href":"https:\/\/www.cuesystem.com\/de\/wp-json\/wp\/v2\/types\/page"}],"author":[{"embeddable":true,"href":"https:\/\/www.cuesystem.com\/de\/wp-json\/wp\/v2\/users\/3"}],"replies":[{"embeddable":true,"href":"https:\/\/www.cuesystem.com\/de\/wp-json\/wp\/v2\/comments?post=30196"}],"version-history":[{"count":7,"href":"https:\/\/www.cuesystem.com\/de\/wp-json\/wp\/v2\/pages\/30196\/revisions"}],"predecessor-version":[{"id":32264,"href":"https:\/\/www.cuesystem.com\/de\/wp-json\/wp\/v2\/pages\/30196\/revisions\/32264"}],"up":[{"embeddable":true,"href":"https:\/\/www.cuesystem.com\/de\/wp-json\/wp\/v2\/pages\/30185"}],"wp:attachment":[{"href":"https:\/\/www.cuesystem.com\/de\/wp-json\/wp\/v2\/media?parent=30196"}],"wp:term":[{"taxonomy":"kategorie","embeddable":true,"href":"https:\/\/www.cuesystem.com\/de\/wp-json\/wp\/v2\/kategorie?post=30196"}],"curies":[{"name":"wp","href":"https:\/\/api.w.org\/{rel}","templated":true}]}}