{"id":30206,"date":"2025-01-29T17:52:24","date_gmt":"2025-01-29T16:52:24","guid":{"rendered":"https:\/\/www.cuesystem.com\/fallstudien-2\/kreisssaele-in-herning\/"},"modified":"2025-08-21T23:39:49","modified_gmt":"2025-08-21T21:39:49","slug":"kreisssaele-in-herning","status":"publish","type":"page","link":"https:\/\/www.cuesystem.com\/de\/fallstudien-2\/kreisssaele-in-herning\/","title":{"rendered":"Geburtsklinik Herning"},"content":{"rendered":"\t\t<div data-elementor-type=\"wp-page\" data-elementor-id=\"30206\" class=\"elementor elementor-30206 elementor-28160\" data-elementor-post-type=\"page\">\n\t\t\t\t<div class=\"elementor-element elementor-element-e893098 e-con-full e-flex e-con e-child\" data-id=\"e893098\" data-element_type=\"container\" data-e-type=\"container\">\n\t\t\t\t<div class=\"elementor-element elementor-element-d005634 elementor-widget elementor-widget-heading\" data-id=\"d005634\" data-element_type=\"widget\" data-e-type=\"widget\" data-widget_type=\"heading.default\">\n\t\t\t\t<div class=\"elementor-widget-container\">\n\t\t\t\t\t<h3 class=\"elementor-heading-title elementor-size-default\">Fallstudie<\/h3>\t\t\t\t<\/div>\n\t\t\t\t<\/div>\n\t\t\t\t<div class=\"elementor-element elementor-element-15b1805 elementor-widget elementor-widget-heading\" data-id=\"15b1805\" data-element_type=\"widget\" data-e-type=\"widget\" data-widget_type=\"heading.default\">\n\t\t\t\t<div class=\"elementor-widget-container\">\n\t\t\t\t\t<h1 class=\"elementor-heading-title elementor-size-default\">Geburtsklinik Herning<\/h1>\t\t\t\t<\/div>\n\t\t\t\t<\/div>\n\t\t\t\t<div class=\"elementor-element elementor-element-e1177a4 elementor-widget-divider--view-line elementor-widget elementor-widget-divider\" data-id=\"e1177a4\" data-element_type=\"widget\" data-e-type=\"widget\" data-widget_type=\"divider.default\">\n\t\t\t\t<div class=\"elementor-widget-container\">\n\t\t\t\t\t\t\t<div class=\"elementor-divider\">\n\t\t\t<span class=\"elementor-divider-separator\">\n\t\t\t\t\t\t<\/span>\n\t\t<\/div>\n\t\t\t\t\t\t<\/div>\n\t\t\t\t<\/div>\n\t\t<div class=\"elementor-element elementor-element-65bb509 e-grid e-con-boxed e-con e-child\" data-id=\"65bb509\" data-element_type=\"container\" data-e-type=\"container\">\n\t\t\t\t\t<div class=\"e-con-inner\">\n\t\t<div class=\"elementor-element elementor-element-cac42c5 e-con-full e-flex e-con e-child\" data-id=\"cac42c5\" data-element_type=\"container\" data-e-type=\"container\">\n\t\t\t\t<div class=\"elementor-element elementor-element-8040685 elementor-widget elementor-widget-heading\" data-id=\"8040685\" data-element_type=\"widget\" data-e-type=\"widget\" data-widget_type=\"heading.default\">\n\t\t\t\t<div class=\"elementor-widget-container\">\n\t\t\t\t\t<h2 class=\"elementor-heading-title elementor-size-default\">Die Herausforderung<\/h2>\t\t\t\t<\/div>\n\t\t\t\t<\/div>\n\t\t\t\t<div class=\"elementor-element elementor-element-12d1f0b elementor-widget elementor-widget-text-editor\" data-id=\"12d1f0b\" data-element_type=\"widget\" data-e-type=\"widget\" data-widget_type=\"text-editor.default\">\n\t\t\t\t<div class=\"elementor-widget-container\">\n\t\t\t\t\t\t\t\t\t<p><span class=\"text_node\" data-v-816e464e=\"\" data-v-4d192987=\"\">Die wichtigste Vision des <\/span><a class=\"link_node text_node rw_adf_text_strong\" tabindex=\"0\" href=\"https:\/\/www.regionshospitalet-goedstrup.dk\/\" target=\"_blank\" rel=\"noopener\" data-v-098e4e53=\"\" data-v-816e464e=\"\" data-v-4d192987=\"\" data-ui-id=\"text-link\" data-ui-content=\"Regionshospitalet G\u00f8dstrup\"><span class=\"inline_text_span\" data-v-098e4e53=\"\">Regionshospitalets G\u00f8dstrup<\/span><\/a><span class=\"text_node\" data-v-816e464e=\"\" data-v-4d192987=\"\"> in Herning, D\u00e4nemark ist es, <\/span><span class=\"text_node rw_adf_text_strong\" data-v-816e464e=\"\" data-v-4d192987=\"\">das Krankenhaus f\u00fcr die Patientinnen und Patienten zu sein<\/span><span class=\"text_node\" data-v-816e464e=\"\" data-v-4d192987=\"\">. Deshalb legt man dort gro\u00dfen Wert auf <\/span><span class=\"text_node rw_adf_text_strong\" data-v-816e464e=\"\" data-v-4d192987=\"\">Effizienz<\/span><span class=\"text_node\" data-v-816e464e=\"\" data-v-4d192987=\"\">, Wettbewerbsf\u00e4higkeit, <\/span><span class=\"text_node rw_adf_text_strong\" data-v-816e464e=\"\" data-v-4d192987=\"\">Qualit\u00e4tsbewusstsein <\/span><span class=\"text_node\" data-v-816e464e=\"\" data-v-4d192987=\"\">und das Wohlbefinden aller Ankommenden. Und wir durften es dabei  <\/span><span class=\"text_node rw_adf_text_strong\" data-v-816e464e=\"\" data-v-4d192987=\"\">unterst\u00fctzen<\/span><span class=\"text_node\" data-v-816e464e=\"\" data-v-4d192987=\"\">!<\/span><\/p>\t\t\t\t\t\t\t\t<\/div>\n\t\t\t\t<\/div>\n\t\t\t\t<\/div>\n\t\t<div class=\"elementor-element elementor-element-7e6155d e-con-full e-flex e-con e-child\" data-id=\"7e6155d\" data-element_type=\"container\" data-e-type=\"container\">\n\t\t\t\t<div class=\"elementor-element elementor-element-a276679 elementor-widget elementor-widget-image\" data-id=\"a276679\" data-element_type=\"widget\" data-e-type=\"widget\" data-widget_type=\"image.default\">\n\t\t\t\t<div class=\"elementor-widget-container\">\n\t\t\t\t\t\t\t\t\t\t\t\t\t\t\t<img fetchpriority=\"high\" decoding=\"async\" width=\"934\" height=\"269\" src=\"https:\/\/www.cuesystem.com\/wp-content\/uploads\/2025\/01\/dnv_feb_2016.jpg\" class=\"attachment-large size-large wp-image-28164\" alt=\"\" srcset=\"https:\/\/www.cuesystem.com\/wp-content\/uploads\/2025\/01\/dnv_feb_2016.jpg 934w, https:\/\/www.cuesystem.com\/wp-content\/uploads\/2025\/01\/dnv_feb_2016-300x86.jpg 300w, https:\/\/www.cuesystem.com\/wp-content\/uploads\/2025\/01\/dnv_feb_2016-350x100.jpg 350w\" sizes=\"(max-width: 934px) 100vw, 934px\" \/>\t\t\t\t\t\t\t\t\t\t\t\t\t\t\t<\/div>\n\t\t\t\t<\/div>\n\t\t\t\t<\/div>\n\t\t\t\t\t<\/div>\n\t\t\t\t<\/div>\n\t\t<div class=\"elementor-element elementor-element-19b6798 e-grid e-con-boxed e-con e-child\" data-id=\"19b6798\" data-element_type=\"container\" data-e-type=\"container\">\n\t\t\t\t\t<div class=\"e-con-inner\">\n\t\t<div class=\"elementor-element elementor-element-64c8a1b e-con-full e-flex e-con e-child\" data-id=\"64c8a1b\" data-element_type=\"container\" data-e-type=\"container\">\n\t\t\t\t<div class=\"elementor-element elementor-element-9c0cd1c elementor-widget elementor-widget-image\" data-id=\"9c0cd1c\" data-element_type=\"widget\" data-e-type=\"widget\" data-widget_type=\"image.default\">\n\t\t\t\t<div class=\"elementor-widget-container\">\n\t\t\t\t\t\t\t\t\t\t\t\t\t\t\t<img decoding=\"async\" width=\"946\" height=\"500\" src=\"https:\/\/www.cuesystem.com\/wp-content\/uploads\/2025\/01\/DNV_Goedstrup_web-10.jpg\" class=\"attachment-large size-large wp-image-28169\" alt=\"\" srcset=\"https:\/\/www.cuesystem.com\/wp-content\/uploads\/2025\/01\/DNV_Goedstrup_web-10.jpg 946w, https:\/\/www.cuesystem.com\/wp-content\/uploads\/2025\/01\/DNV_Goedstrup_web-10-300x159.jpg 300w\" sizes=\"(max-width: 946px) 100vw, 946px\" \/>\t\t\t\t\t\t\t\t\t\t\t\t\t\t\t<\/div>\n\t\t\t\t<\/div>\n\t\t\t\t<\/div>\n\t\t<div class=\"elementor-element elementor-element-49b00d6 e-con-full e-flex e-con e-child\" data-id=\"49b00d6\" data-element_type=\"container\" data-e-type=\"container\">\n\t\t\t\t<div class=\"elementor-element elementor-element-b7939ac elementor-widget elementor-widget-heading\" data-id=\"b7939ac\" data-element_type=\"widget\" data-e-type=\"widget\" data-widget_type=\"heading.default\">\n\t\t\t\t<div class=\"elementor-widget-container\">\n\t\t\t\t\t<h2 class=\"elementor-heading-title elementor-size-default\">\u00dcber das Regionshospitalet G\u00f8dstrup<\/h2>\t\t\t\t<\/div>\n\t\t\t\t<\/div>\n\t\t\t\t<div class=\"elementor-element elementor-element-b255909 elementor-widget elementor-widget-text-editor\" data-id=\"b255909\" data-element_type=\"widget\" data-e-type=\"widget\" data-widget_type=\"text-editor.default\">\n\t\t\t\t<div class=\"elementor-widget-container\">\n\t\t\t\t\t\t\t\t\t<p class=\"\" data-v-4d192987=\"\" data-v-4a7aac3a=\"\"><a class=\"link_node text_node rw_adf_text_strong\" tabindex=\"0\" href=\"https:\/\/www.regionshospitalet-goedstrup.dk\/\" target=\"_blank\" rel=\"noopener\" data-v-098e4e53=\"\" data-v-816e464e=\"\" data-v-4d192987=\"\" data-ui-id=\"text-link\" data-ui-content=\"Regionshospitalet G\u00f8dstrup\"><span class=\"inline_text_span\" data-v-098e4e53=\"\">Das Regionshospitalet G\u00f8dstrup<\/span><\/a><span class=\"text_node\" data-v-816e464e=\"\" data-v-4d192987=\"\"> ist das neue Zentralkrankenhaus f\u00fcr Mittel- und Westj\u00fctland (D\u00e4nemark). Es wurde 2022 er\u00f6ffnet. <\/span><\/p><p class=\"\" data-v-4d192987=\"\" data-v-4a7aac3a=\"\"><span class=\"text_node\" data-v-816e464e=\"\" data-v-4d192987=\"\">Unser <\/span><span class=\"text_node rw_adf_text_strong\" data-v-816e464e=\"\" data-v-4d192987=\"\">D\u00e4nischer Partner <\/span><a class=\"link_node text_node rw_adf_text_strong\" tabindex=\"0\" href=\"https:\/\/www.avcenter.dk\/\" target=\"_blank\" rel=\"noopener\" data-v-098e4e53=\"\" data-v-816e464e=\"\" data-v-4d192987=\"\" data-ui-id=\"text-link\" data-ui-content=\"AV CENTER\"><span class=\"inline_text_span\" data-v-098e4e53=\"\">AV CENTER<\/span><\/a><span class=\"text_node rw_adf_text_strong\" data-v-816e464e=\"\" data-v-4d192987=\"\"> <\/span><span class=\"text_node\" data-v-816e464e=\"\" data-v-4d192987=\"\">\u00fcbernahm die Umsetzung des Projekts.<\/span><\/p>\t\t\t\t\t\t\t\t<\/div>\n\t\t\t\t<\/div>\n\t\t\t\t<\/div>\n\t\t\t\t\t<\/div>\n\t\t\t\t<\/div>\n\t\t<div class=\"elementor-element elementor-element-74be0ae e-grid e-con-boxed e-con e-child\" data-id=\"74be0ae\" data-element_type=\"container\" data-e-type=\"container\">\n\t\t\t\t\t<div class=\"e-con-inner\">\n\t\t<div class=\"elementor-element elementor-element-8190068 e-con-full e-flex e-con e-child\" data-id=\"8190068\" data-element_type=\"container\" data-e-type=\"container\">\n\t\t\t\t<div class=\"elementor-element elementor-element-6d8a7d3 elementor-widget elementor-widget-heading\" data-id=\"6d8a7d3\" data-element_type=\"widget\" data-e-type=\"widget\" data-widget_type=\"heading.default\">\n\t\t\t\t<div class=\"elementor-widget-container\">\n\t\t\t\t\t<h2 class=\"elementor-heading-title elementor-size-default\">Unser L\u00f6sungsansatz<\/h2>\t\t\t\t<\/div>\n\t\t\t\t<\/div>\n\t\t\t\t<div class=\"elementor-element elementor-element-eb835c0 elementor-widget elementor-widget-text-editor\" data-id=\"eb835c0\" data-element_type=\"widget\" data-e-type=\"widget\" data-widget_type=\"text-editor.default\">\n\t\t\t\t<div class=\"elementor-widget-container\">\n\t\t\t\t\t\t\t\t\t<p class=\"\" data-v-4d192987=\"\" data-v-4a7aac3a=\"\"><span class=\"text_node\" data-v-816e464e=\"\" data-v-4d192987=\"\">Unsere <\/span><span class=\"text_node rw_adf_text_strong\" data-v-816e464e=\"\" data-v-4d192987=\"\">Steuerungspanels<\/span><span class=\"text_node\" data-v-816e464e=\"\" data-v-4d192987=\"\"> sind ein integraler Bestandteil der <\/span><span class=\"text_node rw_adf_text_strong\" data-v-816e464e=\"\" data-v-4d192987=\"\">hochmodernen Sinnesgeburtsr\u00e4ume geworden<\/span><span class=\"text_node\" data-v-816e464e=\"\" data-v-4d192987=\"\">. Diese R\u00e4ume zielen darauf ab, w\u00e4hrend der Geburt eine angenehme Atmosph\u00e4re zu schaffen \u2013 mithilfe von Lautsprechern und Projektoren, die Naturmotive aus verschiedenen Jahreszeiten zeigen. Diese  <\/span><span class=\"text_node rw_adf_text_strong\" data-v-816e464e=\"\" data-v-4d192987=\"\">Motive k\u00f6nnen gewechselt<\/span><span class=\"text_node\" data-v-816e464e=\"\" data-v-4d192987=\"\">, die <\/span><span class=\"text_node rw_adf_text_strong\" data-v-816e464e=\"\" data-v-4d192987=\"\">Lichtintensit\u00e4t angepasst<\/span><span class=\"text_node\" data-v-816e464e=\"\" data-v-4d192987=\"\"> und vieles mehr gesteuert werden \u2013 alles \u00fcber<\/span><span class=\"text_node rw_adf_text_strong\" data-v-816e464e=\"\" data-v-4d192987=\"\"> unsere Touchpanels<\/span><span class=\"text_node\" data-v-816e464e=\"\" data-v-4d192987=\"\">.<\/span><\/p><p class=\"\" data-v-4d192987=\"\" data-v-4a7aac3a=\"\"><span class=\"text_node\" data-v-816e464e=\"\" data-v-4d192987=\"\">In Zusammenarbeit mit dem Naturfotografen Morten Hilmer und laserlichtbasierten Projektoren von Epson haben wir einen <\/span><span class=\"text_node rw_adf_text_strong\" data-v-816e464e=\"\" data-v-4d192987=\"\">gesch\u00fctzten Raum <\/span> <span class=\"text_node\" data-v-816e464e=\"\" data-v-4d192987=\"\">f\u00fcr werdende M\u00fctter und ihre Angeh\u00f6rigen geschaffen. Die unvergesslich wichtige Atmosph\u00e4re liegt  <\/span><span class=\"text_node rw_adf_text_strong\" data-v-816e464e=\"\" data-v-4d192987=\"\">ab jetzt<\/span><span class=\"text_node\" data-v-816e464e=\"\" data-v-4d192987=\"\"> ganz in ihren H\u00e4nden!<\/span><\/p>\t\t\t\t\t\t\t\t<\/div>\n\t\t\t\t<\/div>\n\t\t\t\t<\/div>\n\t\t<div class=\"elementor-element elementor-element-65ff53c e-con-full e-flex e-con e-child\" data-id=\"65ff53c\" data-element_type=\"container\" data-e-type=\"container\">\n\t\t\t\t<div class=\"elementor-element elementor-element-05fb791 elementor-widget elementor-widget-image\" data-id=\"05fb791\" data-element_type=\"widget\" data-e-type=\"widget\" data-widget_type=\"image.default\">\n\t\t\t\t<div class=\"elementor-widget-container\">\n\t\t\t\t\t\t\t\t\t\t\t\t\t\t\t<img decoding=\"async\" width=\"660\" height=\"371\" src=\"https:\/\/www.cuesystem.com\/wp-content\/uploads\/2025\/01\/sansestuer2.jpg\" class=\"attachment-large size-large wp-image-28174\" alt=\"\" srcset=\"https:\/\/www.cuesystem.com\/wp-content\/uploads\/2025\/01\/sansestuer2.jpg 660w, https:\/\/www.cuesystem.com\/wp-content\/uploads\/2025\/01\/sansestuer2-300x169.jpg 300w\" sizes=\"(max-width: 660px) 100vw, 660px\" \/>\t\t\t\t\t\t\t\t\t\t\t\t\t\t\t<\/div>\n\t\t\t\t<\/div>\n\t\t\t\t<\/div>\n\t\t\t\t\t<\/div>\n\t\t\t\t<\/div>\n\t\t\t\t<div class=\"elementor-element elementor-element-1671d9d elementor-widget elementor-widget-heading\" data-id=\"1671d9d\" data-element_type=\"widget\" data-e-type=\"widget\" data-widget_type=\"heading.default\">\n\t\t\t\t<div class=\"elementor-widget-container\">\n\t\t\t\t\t<h2 class=\"elementor-heading-title elementor-size-default\">ProAV Magazin \u00fcber dieses Projekt<\/h2>\t\t\t\t<\/div>\n\t\t\t\t<\/div>\n\t\t\t\t<div class=\"elementor-element elementor-element-0af1f85 elementor-align-center elementor-widget elementor-widget-button\" data-id=\"0af1f85\" data-element_type=\"widget\" data-e-type=\"widget\" data-widget_type=\"button.default\">\n\t\t\t\t<div class=\"elementor-widget-container\">\n\t\t\t\t\t\t\t\t\t<div class=\"elementor-button-wrapper\">\n\t\t\t\t\t<a class=\"elementor-button elementor-button-link elementor-size-sm\" href=\"https:\/\/www.avmagasinet.dk\/home\/nyheder\/av-teknologi-bruges-pa-fodestuer-i-herning\/\" target=\"_blank\">\n\t\t\t\t\t\t<span class=\"elementor-button-content-wrapper\">\n\t\t\t\t\t\t\t\t\t<span class=\"elementor-button-text\">Hier lesen<\/span>\n\t\t\t\t\t<\/span>\n\t\t\t\t\t<\/a>\n\t\t\t\t<\/div>\n\t\t\t\t\t\t\t\t<\/div>\n\t\t\t\t<\/div>\n\t\t\t\t<\/div>\n\t\t\t\t<\/div>\n\t\t","protected":false},"excerpt":{"rendered":"<p>Fallstudie Geburtsklinik Herning Die Herausforderung Die wichtigste Vision des Regionshospitalets G\u00f8dstrup in Herning, D\u00e4nemark ist es, das Krankenhaus f\u00fcr die Patientinnen und Patienten zu sein. Deshalb legt man dort gro\u00dfen Wert auf Effizienz, Wettbewerbsf\u00e4higkeit, Qualit\u00e4tsbewusstsein und das Wohlbefinden aller Ankommenden. Und wir durften es dabei unterst\u00fctzen! \u00dcber das Regionshospitalet G\u00f8dstrup Das Regionshospitalet G\u00f8dstrup ist das <a href=\"https:\/\/www.cuesystem.com\/de\/fallstudien-2\/kreisssaele-in-herning\/\" class=\"more-link\">\u2026\u00a0<span class=\"screen-reader-text\">  Geburtsklinik Herning<\/span><\/a><\/p>\n","protected":false},"author":3,"featured_media":0,"parent":30185,"menu_order":258,"comment_status":"closed","ping_status":"closed","template":"","meta":{"_acf_changed":false,"inline_featured_image":false,"footnotes":""},"kategorie":[],"class_list":["post-30206","page","type-page","status-publish","hentry"],"acf":[],"_links":{"self":[{"href":"https:\/\/www.cuesystem.com\/de\/wp-json\/wp\/v2\/pages\/30206","targetHints":{"allow":["GET"]}}],"collection":[{"href":"https:\/\/www.cuesystem.com\/de\/wp-json\/wp\/v2\/pages"}],"about":[{"href":"https:\/\/www.cuesystem.com\/de\/wp-json\/wp\/v2\/types\/page"}],"author":[{"embeddable":true,"href":"https:\/\/www.cuesystem.com\/de\/wp-json\/wp\/v2\/users\/3"}],"replies":[{"embeddable":true,"href":"https:\/\/www.cuesystem.com\/de\/wp-json\/wp\/v2\/comments?post=30206"}],"version-history":[{"count":9,"href":"https:\/\/www.cuesystem.com\/de\/wp-json\/wp\/v2\/pages\/30206\/revisions"}],"predecessor-version":[{"id":32256,"href":"https:\/\/www.cuesystem.com\/de\/wp-json\/wp\/v2\/pages\/30206\/revisions\/32256"}],"up":[{"embeddable":true,"href":"https:\/\/www.cuesystem.com\/de\/wp-json\/wp\/v2\/pages\/30185"}],"wp:attachment":[{"href":"https:\/\/www.cuesystem.com\/de\/wp-json\/wp\/v2\/media?parent=30206"}],"wp:term":[{"taxonomy":"kategorie","embeddable":true,"href":"https:\/\/www.cuesystem.com\/de\/wp-json\/wp\/v2\/kategorie?post=30206"}],"curies":[{"name":"wp","href":"https:\/\/api.w.org\/{rel}","templated":true}]}}