{"id":30215,"date":"2025-01-29T19:44:13","date_gmt":"2025-01-29T18:44:13","guid":{"rendered":"https:\/\/www.cuesystem.com\/fallstudien-2\/das-v-turm-projekt\/"},"modified":"2025-08-22T10:26:51","modified_gmt":"2025-08-22T08:26:51","slug":"das-v-turm-projekt","status":"publish","type":"page","link":"https:\/\/www.cuesystem.com\/de\/fallstudien-2\/das-v-turm-projekt\/","title":{"rendered":"Das V TOWER-Projekt"},"content":{"rendered":"\t\t<div data-elementor-type=\"wp-page\" data-elementor-id=\"30215\" class=\"elementor elementor-30215 elementor-28183\" data-elementor-post-type=\"page\">\n\t\t\t\t<div class=\"elementor-element elementor-element-09bf152 e-con-full e-flex e-con e-child\" data-id=\"09bf152\" data-element_type=\"container\" data-e-type=\"container\">\n\t\t\t\t<div class=\"elementor-element elementor-element-ce9af1c elementor-widget elementor-widget-heading\" data-id=\"ce9af1c\" data-element_type=\"widget\" data-e-type=\"widget\" data-widget_type=\"heading.default\">\n\t\t\t\t<div class=\"elementor-widget-container\">\n\t\t\t\t\t<h3 class=\"elementor-heading-title elementor-size-default\">Fallstudie<\/h3>\t\t\t\t<\/div>\n\t\t\t\t<\/div>\n\t\t\t\t<div class=\"elementor-element elementor-element-07cbfb8 elementor-widget elementor-widget-heading\" data-id=\"07cbfb8\" data-element_type=\"widget\" data-e-type=\"widget\" data-widget_type=\"heading.default\">\n\t\t\t\t<div class=\"elementor-widget-container\">\n\t\t\t\t\t<h1 class=\"elementor-heading-title elementor-size-default\">Das V TOWER-Projekt<\/h1>\t\t\t\t<\/div>\n\t\t\t\t<\/div>\n\t\t\t\t<div class=\"elementor-element elementor-element-30a38bf elementor-widget-divider--view-line elementor-widget elementor-widget-divider\" data-id=\"30a38bf\" data-element_type=\"widget\" data-e-type=\"widget\" data-widget_type=\"divider.default\">\n\t\t\t\t<div class=\"elementor-widget-container\">\n\t\t\t\t\t\t\t<div class=\"elementor-divider\">\n\t\t\t<span class=\"elementor-divider-separator\">\n\t\t\t\t\t\t<\/span>\n\t\t<\/div>\n\t\t\t\t\t\t<\/div>\n\t\t\t\t<\/div>\n\t\t<div class=\"elementor-element elementor-element-c1c171e e-grid e-con-boxed e-con e-child\" data-id=\"c1c171e\" data-element_type=\"container\" data-e-type=\"container\">\n\t\t\t\t\t<div class=\"e-con-inner\">\n\t\t<div class=\"elementor-element elementor-element-cb94747 e-con-full e-flex e-con e-child\" data-id=\"cb94747\" data-element_type=\"container\" data-e-type=\"container\">\n\t\t\t\t<div class=\"elementor-element elementor-element-70b882f elementor-widget elementor-widget-heading\" data-id=\"70b882f\" data-element_type=\"widget\" data-e-type=\"widget\" data-widget_type=\"heading.default\">\n\t\t\t\t<div class=\"elementor-widget-container\">\n\t\t\t\t\t<h2 class=\"elementor-heading-title elementor-size-default\">Die Herausforderung<\/h2>\t\t\t\t<\/div>\n\t\t\t\t<\/div>\n\t\t\t\t<div class=\"elementor-element elementor-element-174b4d5 elementor-widget elementor-widget-text-editor\" data-id=\"174b4d5\" data-element_type=\"widget\" data-e-type=\"widget\" data-widget_type=\"text-editor.default\">\n\t\t\t\t<div class=\"elementor-widget-container\">\n\t\t\t\t\t\t\t\t\t<p class=\"\" data-v-4d192987=\"\" data-v-4a7aac3a=\"\"><span class=\"text_node\" data-v-816e464e=\"\" data-v-4d192987=\"\">Gestalten Sie das Leben zu Hause <\/span><span class=\"text_node rw_adf_text_strong\" data-v-816e464e=\"\" data-v-4d192987=\"\">angenehmer<\/span><span class=\"text_node\" data-v-816e464e=\"\" data-v-4d192987=\"\"> und <\/span><span class=\"text_node rw_adf_text_strong\" data-v-816e464e=\"\" data-v-4d192987=\"\">automatisieren Sie <\/span><span class=\"text_node\" data-v-816e464e=\"\" data-v-4d192987=\"\">allt\u00e4gliche (oft l\u00e4stige) Aufgaben f\u00fcr die Bewohner der <\/span><span class=\"text_node rw_adf_text_strong\" data-v-816e464e=\"\" data-v-4d192987=\"\">luxuri\u00f6sesten Wohnresidenz<\/span><span class=\"text_node\" data-v-816e464e=\"\" data-v-4d192987=\"\"> im Herzen von Prag, Tschechien &#8211; <\/span><a class=\"link_node text_node rw_adf_text_strong\" tabindex=\"0\" href=\"https:\/\/www.vtower.cz\/en\/\" target=\"_blank\" rel=\"noopener\" data-v-098e4e53=\"\" data-v-816e464e=\"\" data-v-4d192987=\"\" data-ui-id=\"text-link\" data-ui-content=\"V Tower\"><span class=\"inline_text_span\" data-v-098e4e53=\"\">V TOWER<\/span><\/a><span class=\"text_node\" data-v-816e464e=\"\" data-v-4d192987=\"\">.<\/span><\/p><p class=\"\" data-v-4d192987=\"\" data-v-4a7aac3a=\"\"><span class=\"text_node\" data-v-816e464e=\"\" data-v-4d192987=\"\">Unser Motto: <\/span><a class=\"link_node text_node rw_adf_text_strong\" tabindex=\"0\" href=\"https:\/\/cuesystem.com\/en\/Residential\" target=\"_blank\" rel=\"noopener\" data-v-098e4e53=\"\" data-v-816e464e=\"\" data-v-4d192987=\"\" data-ui-id=\"text-link\" data-ui-content=\"Living made easier.\" data-wplink-edit=\"true\"><span class=\"inline_text_span\" data-v-098e4e53=\"\">Leben \u2013 einfacher gemacht.<\/span><\/a><\/p>\t\t\t\t\t\t\t\t<\/div>\n\t\t\t\t<\/div>\n\t\t\t\t<\/div>\n\t\t<div class=\"elementor-element elementor-element-ae24e59 e-con-full e-flex e-con e-child\" data-id=\"ae24e59\" data-element_type=\"container\" data-e-type=\"container\">\n\t\t\t\t<div class=\"elementor-element elementor-element-e18b82b elementor-widget elementor-widget-image\" data-id=\"e18b82b\" data-element_type=\"widget\" data-e-type=\"widget\" data-widget_type=\"image.default\">\n\t\t\t\t<div class=\"elementor-widget-container\">\n\t\t\t\t\t\t\t\t\t\t\t\t\t\t\t<img fetchpriority=\"high\" decoding=\"async\" width=\"1024\" height=\"682\" src=\"https:\/\/www.cuesystem.com\/wp-content\/uploads\/2025\/01\/57623563d8154ee5a480f523e9ae9ae0-1-1024x682.jpg\" class=\"attachment-large size-large wp-image-28193\" alt=\"\" srcset=\"https:\/\/www.cuesystem.com\/wp-content\/uploads\/2025\/01\/57623563d8154ee5a480f523e9ae9ae0-1-1024x682.jpg 1024w, https:\/\/www.cuesystem.com\/wp-content\/uploads\/2025\/01\/57623563d8154ee5a480f523e9ae9ae0-1-300x200.jpg 300w, https:\/\/www.cuesystem.com\/wp-content\/uploads\/2025\/01\/57623563d8154ee5a480f523e9ae9ae0-1.jpg 1366w\" sizes=\"(max-width: 1024px) 100vw, 1024px\" \/>\t\t\t\t\t\t\t\t\t\t\t\t\t\t\t<\/div>\n\t\t\t\t<\/div>\n\t\t\t\t<\/div>\n\t\t\t\t\t<\/div>\n\t\t\t\t<\/div>\n\t\t<div class=\"elementor-element elementor-element-24ccecd e-grid e-con-boxed e-con e-child\" data-id=\"24ccecd\" data-element_type=\"container\" data-e-type=\"container\">\n\t\t\t\t\t<div class=\"e-con-inner\">\n\t\t<div class=\"elementor-element elementor-element-a777b8c e-con-full e-flex e-con e-child\" data-id=\"a777b8c\" data-element_type=\"container\" data-e-type=\"container\">\n\t\t\t\t<div class=\"elementor-element elementor-element-2bfc435 elementor-widget elementor-widget-image\" data-id=\"2bfc435\" data-element_type=\"widget\" data-e-type=\"widget\" data-widget_type=\"image.default\">\n\t\t\t\t<div class=\"elementor-widget-container\">\n\t\t\t\t\t\t\t\t\t\t\t\t\t\t\t<img decoding=\"async\" width=\"1024\" height=\"682\" src=\"https:\/\/www.cuesystem.com\/wp-content\/uploads\/2025\/01\/821fd2b5-3f8b-4d62-be8d-d894db23ce2a-1024x682.jpg\" class=\"attachment-large size-large wp-image-28198\" alt=\"\" srcset=\"https:\/\/www.cuesystem.com\/wp-content\/uploads\/2025\/01\/821fd2b5-3f8b-4d62-be8d-d894db23ce2a-1024x682.jpg 1024w, https:\/\/www.cuesystem.com\/wp-content\/uploads\/2025\/01\/821fd2b5-3f8b-4d62-be8d-d894db23ce2a-300x200.jpg 300w, https:\/\/www.cuesystem.com\/wp-content\/uploads\/2025\/01\/821fd2b5-3f8b-4d62-be8d-d894db23ce2a.jpg 1538w\" sizes=\"(max-width: 1024px) 100vw, 1024px\" \/>\t\t\t\t\t\t\t\t\t\t\t\t\t\t\t<\/div>\n\t\t\t\t<\/div>\n\t\t\t\t<\/div>\n\t\t<div class=\"elementor-element elementor-element-727161f e-con-full e-flex e-con e-child\" data-id=\"727161f\" data-element_type=\"container\" data-e-type=\"container\">\n\t\t\t\t<div class=\"elementor-element elementor-element-d9ceb50 elementor-widget elementor-widget-heading\" data-id=\"d9ceb50\" data-element_type=\"widget\" data-e-type=\"widget\" data-widget_type=\"heading.default\">\n\t\t\t\t<div class=\"elementor-widget-container\">\n\t\t\t\t\t<h2 class=\"elementor-heading-title elementor-size-default\">\u00dcber V TOWER \n<\/h2>\t\t\t\t<\/div>\n\t\t\t\t<\/div>\n\t\t\t\t<div class=\"elementor-element elementor-element-410475d elementor-widget elementor-widget-text-editor\" data-id=\"410475d\" data-element_type=\"widget\" data-e-type=\"widget\" data-widget_type=\"text-editor.default\">\n\t\t\t\t<div class=\"elementor-widget-container\">\n\t\t\t\t\t\t\t\t\t<p class=\"\" data-v-4d192987=\"\" data-v-4a7aac3a=\"\"><a class=\"link_node text_node rw_adf_text_strong\" tabindex=\"0\" href=\"https:\/\/www.vtower.cz\/en\/\" target=\"_blank\" rel=\"noopener\" data-v-098e4e53=\"\" data-v-816e464e=\"\" data-v-4d192987=\"\" data-ui-id=\"text-link\" data-ui-content=\"V Tower\"><span class=\"inline_text_span\" data-v-098e4e53=\"\">V TOWER, Prague<\/span><\/a><span class=\"text_node\" data-v-816e464e=\"\" data-v-4d192987=\"\"> ist ein <\/span><span class=\"text_node rw_adf_text_strong\" data-v-816e464e=\"\" data-v-4d192987=\"\">30-st\u00f6ckiges Wohngeb\u00e4ude<\/span><span class=\"text_node\" data-v-816e464e=\"\" data-v-4d192987=\"\"> im Prager Stadtteil Pankr\u00e1c. Er ist bekannt f\u00fcr seine  <\/span><span class=\"text_node rw_adf_text_strong\" data-v-816e464e=\"\" data-v-4d192987=\"\">einzigartige Architektur<\/span><span class=\"text_node\" data-v-816e464e=\"\" data-v-4d192987=\"\">, sein au\u00dfergew\u00f6hnliches Erscheinungsbild, <\/span><span class=\"text_node rw_adf_text_strong\" data-v-816e464e=\"\" data-v-4d192987=\"\">luxuri\u00f6se Apartments <\/span><span class=\"text_node\" data-v-816e464e=\"\" data-v-4d192987=\"\">und einen unvergleichlichen Blick \u00fcber ganz Prag.<\/span><\/p>\t\t\t\t\t\t\t\t<\/div>\n\t\t\t\t<\/div>\n\t\t\t\t<\/div>\n\t\t\t\t\t<\/div>\n\t\t\t\t<\/div>\n\t\t<div class=\"elementor-element elementor-element-5034e59 e-grid e-con-boxed e-con e-child\" data-id=\"5034e59\" data-element_type=\"container\" data-e-type=\"container\">\n\t\t\t\t\t<div class=\"e-con-inner\">\n\t\t<div class=\"elementor-element elementor-element-cd582bb e-con-full e-flex e-con e-child\" data-id=\"cd582bb\" data-element_type=\"container\" data-e-type=\"container\">\n\t\t\t\t<div class=\"elementor-element elementor-element-d709749 elementor-widget elementor-widget-heading\" data-id=\"d709749\" data-element_type=\"widget\" data-e-type=\"widget\" data-widget_type=\"heading.default\">\n\t\t\t\t<div class=\"elementor-widget-container\">\n\t\t\t\t\t<h2 class=\"elementor-heading-title elementor-size-default\">Unser L\u00f6sungsansatz<\/h2>\t\t\t\t<\/div>\n\t\t\t\t<\/div>\n\t\t\t\t<div class=\"elementor-element elementor-element-c1e9f7b elementor-widget elementor-widget-text-editor\" data-id=\"c1e9f7b\" data-element_type=\"widget\" data-e-type=\"widget\" data-widget_type=\"text-editor.default\">\n\t\t\t\t<div class=\"elementor-widget-container\">\n\t\t\t\t\t\t\t\t\t<p class=\"\" data-v-4d192987=\"\" data-v-4a7aac3a=\"\"><span class=\"text_node\" data-v-816e464e=\"\" data-v-4d192987=\"\">Jede einzelne Umsetzung unserer L\u00f6sung im <\/span><span class=\"text_node rw_adf_text_strong\" data-v-816e464e=\"\" data-v-4d192987=\"\">Wohnbereich<\/span><span class=\"text_node\" data-v-816e464e=\"\" data-v-4d192987=\"\"> ist zugleich eine <\/span><span class=\"text_node rw_adf_text_strong\" data-v-816e464e=\"\" data-v-4d192987=\"\">Herausforderung <\/span><span class=\"text_node\" data-v-816e464e=\"\" data-v-4d192987=\"\">und ein <\/span><span class=\"text_node rw_adf_text_strong\" data-v-816e464e=\"\" data-v-4d192987=\"\">Segen<\/span><span class=\"text_node\" data-v-816e464e=\"\" data-v-4d192987=\"\"> \u2013 und genau das lieben wir<\/span><span class=\"text_node rw_adf_text_strong\" data-v-816e464e=\"\" data-v-4d192987=\"\">. Herausforderungen. <\/span><span class=\"text_node\" data-v-816e464e=\"\" data-v-4d192987=\"\">Auch dieses Projekt,<\/span><span class=\"text_node rw_adf_text_strong\" data-v-816e464e=\"\" data-v-4d192987=\"\"> <\/span><span class=\"text_node\" data-v-816e464e=\"\" data-v-4d192987=\"\">der <\/span><a class=\"link_node text_node rw_adf_text_strong\" tabindex=\"0\" href=\"https:\/\/www.vtower.cz\/en\/\" target=\"_blank\" rel=\"noopener\" data-v-098e4e53=\"\" data-v-816e464e=\"\" data-v-4d192987=\"\" data-ui-id=\"text-link\" data-ui-content=\"V Tower\"><span class=\"inline_text_span\" data-v-098e4e53=\"\">V TOWER,<\/span><\/a><span class=\"text_node\" data-v-816e464e=\"\" data-v-4d192987=\"\"> bildete da keine Ausnahme.<\/span><\/p><p class=\"\" data-v-4d192987=\"\" data-v-4a7aac3a=\"\"><span class=\"text_node\" data-v-816e464e=\"\" data-v-4d192987=\"\">Dank unseres kompetenten Teams aus langj\u00e4hrigen Fachexperten konnten wir unser Steuerungssystem bereitstellen und einsetzen <\/span><span class=\"text_node rw_adf_text_strong\" data-v-816e464e=\"\" data-v-4d192987=\"\">\u2013 und dem gesamten Geb\u00e4ude <\/span><span class=\"text_node\" data-v-816e464e=\"\" data-v-4d192987=\"\">genau <\/span><span class=\"text_node rw_adf_text_strong\" data-v-816e464e=\"\" data-v-4d192987=\"\">das<\/span><span class=\"text_node\" data-v-816e464e=\"\" data-v-4d192987=\"\"> geben, <\/span><span class=\"text_node rw_adf_text_strong\" data-v-816e464e=\"\" data-v-4d192987=\"\">was ihm bislang fehlte<\/span><span class=\"text_node\" data-v-816e464e=\"\" data-v-4d192987=\"\">: <\/span><span class=\"text_node rw_adf_text_strong\" data-v-816e464e=\"\" data-v-4d192987=\"\">Struktur, Organisation und Intelligenz<\/span><span class=\"text_node\" data-v-816e464e=\"\" data-v-4d192987=\"\">.<\/span><\/p><p class=\"\" data-v-4d192987=\"\" data-v-4a7aac3a=\"\"><span class=\"text_node\" data-v-816e464e=\"\" data-v-4d192987=\"\">Wir haben daf\u00fcr gesorgt, dass dieses <\/span><span class=\"text_node rw_adf_text_strong\" data-v-816e464e=\"\" data-v-4d192987=\"\">luxuri\u00f6se Wohnen auch zu einem<\/span><span class=\"text_node\" data-v-816e464e=\"\" data-v-4d192987=\"\"> smarten Wohnen wird \u2013 <\/span><span class=\"text_node rw_adf_text_strong\" data-v-816e464e=\"\" data-v-4d192987=\"\">eines, <\/span><span class=\"text_node\" data-v-816e464e=\"\" data-v-4d192987=\"\">das <\/span><span class=\"text_node rw_adf_text_strong\" data-v-816e464e=\"\" data-v-4d192987=\"\">all Ihren Bed\u00fcrfnissen gerecht wird,<\/span><span class=\"text_node\" data-v-816e464e=\"\" data-v-4d192987=\"\"> selbst <\/span><span class=\"text_node rw_adf_text_strong\" data-v-816e464e=\"\" data-v-4d192987=\"\">den anspruchsvollsten<\/span><span class=\"text_node\" data-v-816e464e=\"\" data-v-4d192987=\"\">.<\/span><\/p><p class=\"\" data-v-4d192987=\"\" data-v-4a7aac3a=\"\"><span class=\"text_node\" data-v-816e464e=\"\" data-v-4d192987=\"\">Wie Sie im unten eingebetteten Video sehen k\u00f6nnen, <\/span><a class=\"link_node text_node rw_adf_text_strong\" tabindex=\"0\" href=\"https:\/\/cuesystem.com\/EN\/Home\" target=\"_blank\" rel=\"noopener\" data-v-098e4e53=\"\" data-v-816e464e=\"\" data-v-4d192987=\"\" data-ui-id=\"text-link\" data-ui-content=\"CUE \"><span class=\"inline_text_span\" data-v-098e4e53=\"\">hat CUE <\/span><\/a><span class=\"text_node\" data-v-816e464e=\"\" data-v-4d192987=\"\">tats\u00e4chlich ein <\/span><span class=\"text_node rw_adf_text_strong\" data-v-816e464e=\"\" data-v-4d192987=\"\">automatisiertes <\/span><span class=\"text_node\" data-v-816e464e=\"\" data-v-4d192987=\"\">und <\/span><span class=\"text_node rw_adf_text_strong\" data-v-816e464e=\"\" data-v-4d192987=\"\">intuitives Zuhause geschaffen,<\/span><span class=\"text_node\" data-v-816e464e=\"\" data-v-4d192987=\"\"> das <\/span><a class=\"link_node text_node rw_adf_text_strong\" tabindex=\"0\" href=\"https:\/\/cuesystem.com\/en\/Residential\" target=\"_blank\" rel=\"noopener\" data-v-098e4e53=\"\" data-v-816e464e=\"\" data-v-4d192987=\"\" data-ui-id=\"text-link\" data-ui-content=\"makes living easier\"><span class=\"inline_text_span\" data-v-098e4e53=\"\">das Leben einfacher macht<\/span><\/a><span class=\"text_node\" data-v-816e464e=\"\" data-v-4d192987=\"\">.<\/span><\/p>\t\t\t\t\t\t\t\t<\/div>\n\t\t\t\t<\/div>\n\t\t\t\t<\/div>\n\t\t<div class=\"elementor-element elementor-element-f3b07fc e-con-full e-flex e-con e-child\" data-id=\"f3b07fc\" data-element_type=\"container\" data-e-type=\"container\">\n\t\t\t\t<div class=\"elementor-element elementor-element-d11ad7c elementor-widget elementor-widget-image\" data-id=\"d11ad7c\" data-element_type=\"widget\" data-e-type=\"widget\" data-widget_type=\"image.default\">\n\t\t\t\t<div class=\"elementor-widget-container\">\n\t\t\t\t\t\t\t\t\t\t\t\t\t\t\t<img decoding=\"async\" width=\"1024\" height=\"768\" src=\"https:\/\/www.cuesystem.com\/wp-content\/uploads\/2025\/01\/IMG_4960-1024x768.jpg\" class=\"attachment-large size-large wp-image-28203\" alt=\"\" srcset=\"https:\/\/www.cuesystem.com\/wp-content\/uploads\/2025\/01\/IMG_4960-1024x768.jpg 1024w, https:\/\/www.cuesystem.com\/wp-content\/uploads\/2025\/01\/IMG_4960-300x225.jpg 300w\" sizes=\"(max-width: 1024px) 100vw, 1024px\" \/>\t\t\t\t\t\t\t\t\t\t\t\t\t\t\t<\/div>\n\t\t\t\t<\/div>\n\t\t\t\t<\/div>\n\t\t\t\t\t<\/div>\n\t\t\t\t<\/div>\n\t\t<div class=\"elementor-element elementor-element-9037596 e-grid e-con-boxed e-con e-child\" data-id=\"9037596\" data-element_type=\"container\" data-e-type=\"container\">\n\t\t\t\t\t<div class=\"e-con-inner\">\n\t\t<div class=\"elementor-element elementor-element-32ab64f e-con-full e-flex e-con e-child\" data-id=\"32ab64f\" data-element_type=\"container\" data-e-type=\"container\">\n\t\t\t\t<div class=\"elementor-element elementor-element-e7ed375 elementor-widget elementor-widget-video\" data-id=\"e7ed375\" data-element_type=\"widget\" data-e-type=\"widget\" data-settings=\"{&quot;video_type&quot;:&quot;vimeo&quot;}\" data-widget_type=\"video.default\">\n\t\t\t\t<div class=\"elementor-widget-container\">\n\t\t\t\t\t\t\t<div class=\"elementor-wrapper elementor-open-inline\">\n\t\t\t<iframe class=\"elementor-video-iframe\" allowfullscreen allow=\"clipboard-write\" title=\"vimeo Video Player\" src=\"https:\/\/player.vimeo.com\/video\/981555405?color&amp;autopause=0&amp;loop=0&amp;muted=0&amp;title=1&amp;portrait=1&amp;byline=1#t=\"><\/iframe>\t\t<\/div>\n\t\t\t\t\t\t<\/div>\n\t\t\t\t<\/div>\n\t\t\t\t<\/div>\n\t\t<div class=\"elementor-element elementor-element-1919662 e-con-full e-flex e-con e-child\" data-id=\"1919662\" data-element_type=\"container\" data-e-type=\"container\">\n\t\t\t\t<div class=\"elementor-element elementor-element-0a7beb4 elementor-widget elementor-widget-heading\" data-id=\"0a7beb4\" data-element_type=\"widget\" data-e-type=\"widget\" data-widget_type=\"heading.default\">\n\t\t\t\t<div class=\"elementor-widget-container\">\n\t\t\t\t\t<h2 class=\"elementor-heading-title elementor-size-default\">\u00dcberzeugen Sie sich selbst!<\/h2>\t\t\t\t<\/div>\n\t\t\t\t<\/div>\n\t\t\t\t<\/div>\n\t\t\t\t\t<\/div>\n\t\t\t\t<\/div>\n\t\t\t\t<\/div>\n\t\t\t\t<\/div>\n\t\t","protected":false},"excerpt":{"rendered":"<p>Fallstudie Das V TOWER-Projekt Die Herausforderung Gestalten Sie das Leben zu Hause angenehmer und automatisieren Sie allt\u00e4gliche (oft l\u00e4stige) Aufgaben f\u00fcr die Bewohner der luxuri\u00f6sesten Wohnresidenz im Herzen von Prag, Tschechien &#8211; V TOWER. Unser Motto: Leben \u2013 einfacher gemacht. \u00dcber V TOWER V TOWER, Prague ist ein 30-st\u00f6ckiges Wohngeb\u00e4ude im Prager Stadtteil Pankr\u00e1c. Er <a href=\"https:\/\/www.cuesystem.com\/de\/fallstudien-2\/das-v-turm-projekt\/\" class=\"more-link\">\u2026\u00a0<span class=\"screen-reader-text\">  Das V TOWER-Projekt<\/span><\/a><\/p>\n","protected":false},"author":3,"featured_media":0,"parent":30185,"menu_order":253,"comment_status":"closed","ping_status":"closed","template":"","meta":{"_acf_changed":false,"inline_featured_image":false,"footnotes":""},"kategorie":[],"class_list":["post-30215","page","type-page","status-publish","hentry"],"acf":[],"_links":{"self":[{"href":"https:\/\/www.cuesystem.com\/de\/wp-json\/wp\/v2\/pages\/30215","targetHints":{"allow":["GET"]}}],"collection":[{"href":"https:\/\/www.cuesystem.com\/de\/wp-json\/wp\/v2\/pages"}],"about":[{"href":"https:\/\/www.cuesystem.com\/de\/wp-json\/wp\/v2\/types\/page"}],"author":[{"embeddable":true,"href":"https:\/\/www.cuesystem.com\/de\/wp-json\/wp\/v2\/users\/3"}],"replies":[{"embeddable":true,"href":"https:\/\/www.cuesystem.com\/de\/wp-json\/wp\/v2\/comments?post=30215"}],"version-history":[{"count":11,"href":"https:\/\/www.cuesystem.com\/de\/wp-json\/wp\/v2\/pages\/30215\/revisions"}],"predecessor-version":[{"id":32258,"href":"https:\/\/www.cuesystem.com\/de\/wp-json\/wp\/v2\/pages\/30215\/revisions\/32258"}],"up":[{"embeddable":true,"href":"https:\/\/www.cuesystem.com\/de\/wp-json\/wp\/v2\/pages\/30185"}],"wp:attachment":[{"href":"https:\/\/www.cuesystem.com\/de\/wp-json\/wp\/v2\/media?parent=30215"}],"wp:term":[{"taxonomy":"kategorie","embeddable":true,"href":"https:\/\/www.cuesystem.com\/de\/wp-json\/wp\/v2\/kategorie?post=30215"}],"curies":[{"name":"wp","href":"https:\/\/api.w.org\/{rel}","templated":true}]}}