{"id":31375,"date":"2025-05-14T09:37:14","date_gmt":"2025-05-14T07:37:14","guid":{"rendered":"https:\/\/www.cuesystem.com\/was-ist-neu\/cue-solution-version-12-6-0-veroeffentlicht\/"},"modified":"2025-06-14T22:05:19","modified_gmt":"2025-06-14T20:05:19","slug":"cue-solution-version-12-6-0-veroeffentlicht","status":"publish","type":"page","link":"https:\/\/www.cuesystem.com\/de\/was-ist-neu\/cue-solution-version-12-6-0-veroeffentlicht\/","title":{"rendered":"CUE Solution | Version 12.6.0 ver\u00f6ffentlicht"},"content":{"rendered":"\t\t<div data-elementor-type=\"wp-page\" data-elementor-id=\"31375\" class=\"elementor elementor-31375 elementor-29908\" data-elementor-post-type=\"page\">\n\t\t\t\t<div class=\"elementor-element elementor-element-2a89fae e-con-full e-flex e-con e-child\" data-id=\"2a89fae\" data-element_type=\"container\" data-e-type=\"container\">\n\t\t\t\t<div class=\"elementor-element elementor-element-9b6e4c1 elementor-widget elementor-widget-heading\" data-id=\"9b6e4c1\" data-element_type=\"widget\" data-e-type=\"widget\" data-widget_type=\"heading.default\">\n\t\t\t\t<div class=\"elementor-widget-container\">\n\t\t\t\t\t<h3 class=\"elementor-heading-title elementor-size-default\">Letzte Updates<\/h3>\t\t\t\t<\/div>\n\t\t\t\t<\/div>\n\t\t\t\t<div class=\"elementor-element elementor-element-560861c elementor-widget elementor-widget-heading\" data-id=\"560861c\" data-element_type=\"widget\" data-e-type=\"widget\" data-widget_type=\"heading.default\">\n\t\t\t\t<div class=\"elementor-widget-container\">\n\t\t\t\t\t<h1 class=\"elementor-heading-title elementor-size-default\">CUE Solution | Version 12.6.0 ver\u00f6ffentlicht\n<\/h1>\t\t\t\t<\/div>\n\t\t\t\t<\/div>\n\t\t\t\t<div class=\"elementor-element elementor-element-56dad53 elementor-widget-divider--view-line elementor-widget elementor-widget-divider\" data-id=\"56dad53\" data-element_type=\"widget\" data-e-type=\"widget\" data-widget_type=\"divider.default\">\n\t\t\t\t<div class=\"elementor-widget-container\">\n\t\t\t\t\t\t\t<div class=\"elementor-divider\">\n\t\t\t<span class=\"elementor-divider-separator\">\n\t\t\t\t\t\t<\/span>\n\t\t<\/div>\n\t\t\t\t\t\t<\/div>\n\t\t\t\t<\/div>\n\t\t<div class=\"elementor-element elementor-element-48f3edb e-flex e-con-boxed e-con e-child\" data-id=\"48f3edb\" data-element_type=\"container\" data-e-type=\"container\">\n\t\t\t\t\t<div class=\"e-con-inner\">\n\t\t\t\t<div class=\"elementor-element elementor-element-9814250 elementor-widget elementor-widget-text-editor\" data-id=\"9814250\" data-element_type=\"widget\" data-e-type=\"widget\" data-widget_type=\"text-editor.default\">\n\t\t\t\t<div class=\"elementor-widget-container\">\n\t\t\t\t\t\t\t\t\t<p>Von <strong>bahnbrechenden Steuerungsm\u00f6glichkeiten<\/strong> bis hin zu <strong>noch feineren Ereigniseinstellungen<\/strong> \u2013 die neueste Version ist da, um die <strong>Verwaltung<\/strong> Ihrer <strong>R\u00e4ume<\/strong> <em>noch reibungsloser<\/em> zu gestalten.<\/p>\t\t\t\t\t\t\t\t<\/div>\n\t\t\t\t<\/div>\n\t\t\t\t\t<\/div>\n\t\t\t\t<\/div>\n\t\t\t\t<div class=\"elementor-element elementor-element-3ac7e62 elementor-widget-divider--view-line elementor-widget elementor-widget-divider\" data-id=\"3ac7e62\" data-element_type=\"widget\" data-e-type=\"widget\" data-widget_type=\"divider.default\">\n\t\t\t\t<div class=\"elementor-widget-container\">\n\t\t\t\t\t\t\t<div class=\"elementor-divider\">\n\t\t\t<span class=\"elementor-divider-separator\">\n\t\t\t\t\t\t<\/span>\n\t\t<\/div>\n\t\t\t\t\t\t<\/div>\n\t\t\t\t<\/div>\n\t\t<div class=\"elementor-element elementor-element-49441e9 e-grid e-con-boxed e-con e-child\" data-id=\"49441e9\" data-element_type=\"container\" data-e-type=\"container\">\n\t\t\t\t\t<div class=\"e-con-inner\">\n\t\t<div class=\"elementor-element elementor-element-c874ada e-con-full e-flex e-con e-child\" data-id=\"c874ada\" data-element_type=\"container\" data-e-type=\"container\">\n\t\t\t\t<div class=\"elementor-element elementor-element-a3c5c04 elementor-widget elementor-widget-heading\" data-id=\"a3c5c04\" data-element_type=\"widget\" data-e-type=\"widget\" data-widget_type=\"heading.default\">\n\t\t\t\t<div class=\"elementor-widget-container\">\n\t\t\t\t\t<h2 class=\"elementor-heading-title elementor-size-default\">Alle Augen auf Monitor &amp; Control<\/h2>\t\t\t\t<\/div>\n\t\t\t\t<\/div>\n\t\t\t\t<div class=\"elementor-element elementor-element-696ae86 elementor-widget elementor-widget-heading\" data-id=\"696ae86\" data-element_type=\"widget\" data-e-type=\"widget\" data-widget_type=\"heading.default\">\n\t\t\t\t<div class=\"elementor-widget-container\">\n\t\t\t\t\t<h3 class=\"elementor-heading-title elementor-size-default\">Verbinden. Visualisieren. Verantwortung \u00fcbernehmen.  <\/h3>\t\t\t\t<\/div>\n\t\t\t\t<\/div>\n\t\t\t\t<div class=\"elementor-element elementor-element-2c457c8 elementor-widget elementor-widget-text-editor\" data-id=\"2c457c8\" data-element_type=\"widget\" data-e-type=\"widget\" data-widget_type=\"text-editor.default\">\n\t\t\t\t<div class=\"elementor-widget-container\">\n\t\t\t\t\t\t\t\t\t<p><a href=\"https:\/\/www.cuesystem.com\/de\/kontrolle\/ueberwachen-steuern\/\"><strong>Monitor &amp; Control<\/strong><\/a> \u00fcberbr\u00fcckt die L\u00fccke zwischen der <strong>CUE-Hardware<\/strong> und der <strong><a href=\"https:\/\/www.cuesystem.com\/de\/cue-loesung\/\">CUE Solution-<\/a>Software<\/strong> \u2013 <em><strong>alles in einer intuitiven Oberfl\u00e4che<\/strong><\/em>. Ob Sie Ger\u00e4te verwalten oder Sensordaten auslesen, diese <strong>bahnbrechende Technologie<\/strong> gibt Ihnen die M\u00f6glichkeit <strong>zu kontrolieren und zu \u00fcberwachen<\/strong> \u2013 <em>jederzeit <\/em>und <em>\u00fcberall<\/em> . <\/p><ul><li><strong>Visualisierung von Daten in Echtzeit<\/strong> in Ihren <strong>Frontend-Anwendungen<\/strong><\/li><li>Steuerung verbundener Ger\u00e4te <strong>nur mit einem Klick<\/strong><\/li><li><strong>Volle Flexibilit\u00e4t<\/strong> mit <a href=\"https:\/\/docs.cuesystem.com\/space\/PRODUCTS\/491061541\/CUE+Visual+Composer\"><strong>CUE Visual Composer<\/strong><\/a> (ab Version 21.20 &#8211; herunterladen <a href=\"https:\/\/support.cuesystem.com\/space\/TD\/894861395\/CUE+Control\"><strong>HIER<\/strong><\/a>)<\/li><li><strong>Intelligente Geb\u00e4udesteuerung<\/strong> direkt <em>in Ihrer Hand<\/em><\/li><\/ul><p>Genie\u00dfen Sie eine <strong>m\u00fchelose Bedienung<\/strong> dank <strong>mobilfreundlichen Funktionen<\/strong>, <em>QR-Code-Zugriff<\/em> und <strong>nahtloser Integration<\/strong> mit <em>Navigations-<\/em> und <em>Reservierungstools<\/em>.<\/p><p><a href=\"https:\/\/www.cuesystem.com\/de\/kontrolle\/ueberwachen-steuern\/\"><strong>So funktioniert es<\/strong><\/a><\/p>\t\t\t\t\t\t\t\t<\/div>\n\t\t\t\t<\/div>\n\t\t\t\t<\/div>\n\t\t<div class=\"elementor-element elementor-element-4969438 e-con-full e-flex e-con e-child\" data-id=\"4969438\" data-element_type=\"container\" data-e-type=\"container\">\n\t\t\t\t<div class=\"elementor-element elementor-element-dbbfad9 elementor-widget elementor-widget-image\" data-id=\"dbbfad9\" data-element_type=\"widget\" data-e-type=\"widget\" data-widget_type=\"image.default\">\n\t\t\t\t<div class=\"elementor-widget-container\">\n\t\t\t\t\t\t\t\t\t\t\t\t\t\t\t\t<a href=\"https:\/\/www.cuesystem.com\/wp-content\/uploads\/2025\/06\/1-1.webp\" data-elementor-open-lightbox=\"yes\" data-e-action-hash=\"#elementor-action%3Aaction%3Dlightbox%26settings%3DeyJpZCI6MzA5MDMsInVybCI6Imh0dHBzOlwvXC93d3cuY3Vlc3lzdGVtLmNvbVwvd3AtY29udGVudFwvdXBsb2Fkc1wvMjAyNVwvMDZcLzEtMS53ZWJwIn0%3D\">\n\t\t\t\t\t\t\t<img fetchpriority=\"high\" decoding=\"async\" width=\"908\" height=\"606\" src=\"https:\/\/www.cuesystem.com\/wp-content\/uploads\/2025\/06\/1-1.webp\" class=\"attachment-large size-large wp-image-30903\" alt=\"\" srcset=\"https:\/\/www.cuesystem.com\/wp-content\/uploads\/2025\/06\/1-1.webp 908w, https:\/\/www.cuesystem.com\/wp-content\/uploads\/2025\/06\/1-1-300x200.webp 300w\" sizes=\"(max-width: 908px) 100vw, 908px\" \/>\t\t\t\t\t\t\t\t<\/a>\n\t\t\t\t\t\t\t\t\t\t\t\t\t\t\t<\/div>\n\t\t\t\t<\/div>\n\t\t\t\t<div class=\"elementor-element elementor-element-1fa9ad7 elementor-widget elementor-widget-image\" data-id=\"1fa9ad7\" data-element_type=\"widget\" data-e-type=\"widget\" data-widget_type=\"image.default\">\n\t\t\t\t<div class=\"elementor-widget-container\">\n\t\t\t\t\t\t\t\t\t\t\t\t\t\t\t<img decoding=\"async\" width=\"865\" height=\"594\" src=\"https:\/\/www.cuesystem.com\/wp-content\/uploads\/2025\/06\/2-1.webp\" class=\"attachment-large size-large wp-image-30908\" alt=\"\" srcset=\"https:\/\/www.cuesystem.com\/wp-content\/uploads\/2025\/06\/2-1.webp 865w, https:\/\/www.cuesystem.com\/wp-content\/uploads\/2025\/06\/2-1-300x206.webp 300w\" sizes=\"(max-width: 865px) 100vw, 865px\" \/>\t\t\t\t\t\t\t\t\t\t\t\t\t\t\t<\/div>\n\t\t\t\t<\/div>\n\t\t\t\t<\/div>\n\t\t\t\t\t<\/div>\n\t\t\t\t<\/div>\n\t\t<div class=\"elementor-element elementor-element-d3ff3ea e-grid e-con-boxed e-con e-child\" data-id=\"d3ff3ea\" data-element_type=\"container\" data-e-type=\"container\">\n\t\t\t\t\t<div class=\"e-con-inner\">\n\t\t<div class=\"elementor-element elementor-element-74598cf e-con-full e-flex e-con e-child\" data-id=\"74598cf\" data-element_type=\"container\" data-e-type=\"container\">\n\t\t\t\t<div class=\"elementor-element elementor-element-c60b24c elementor-widget elementor-widget-image\" data-id=\"c60b24c\" data-element_type=\"widget\" data-e-type=\"widget\" data-widget_type=\"image.default\">\n\t\t\t\t<div class=\"elementor-widget-container\">\n\t\t\t\t\t\t\t\t\t\t\t\t\t\t\t<img decoding=\"async\" width=\"1024\" height=\"365\" src=\"https:\/\/www.cuesystem.com\/wp-content\/uploads\/2025\/06\/3-1024x365.webp\" class=\"attachment-large size-large wp-image-30913\" alt=\"\" srcset=\"https:\/\/www.cuesystem.com\/wp-content\/uploads\/2025\/06\/3-1024x365.webp 1024w, https:\/\/www.cuesystem.com\/wp-content\/uploads\/2025\/06\/3-300x107.webp 300w, https:\/\/www.cuesystem.com\/wp-content\/uploads\/2025\/06\/3.webp 1118w\" sizes=\"(max-width: 1024px) 100vw, 1024px\" \/>\t\t\t\t\t\t\t\t\t\t\t\t\t\t\t<\/div>\n\t\t\t\t<\/div>\n\t\t\t\t<\/div>\n\t\t<div class=\"elementor-element elementor-element-5d6cc3d e-con-full e-flex e-con e-child\" data-id=\"5d6cc3d\" data-element_type=\"container\" data-e-type=\"container\">\n\t\t\t\t<div class=\"elementor-element elementor-element-1df8eb0 elementor-widget elementor-widget-heading\" data-id=\"1df8eb0\" data-element_type=\"widget\" data-e-type=\"widget\" data-widget_type=\"heading.default\">\n\t\t\t\t<div class=\"elementor-widget-container\">\n\t\t\t\t\t<h2 class=\"elementor-heading-title elementor-size-default\">Intelligente Eventbest\u00e4tigung\n<\/h2>\t\t\t\t<\/div>\n\t\t\t\t<\/div>\n\t\t\t\t<div class=\"elementor-element elementor-element-33210cc elementor-widget elementor-widget-heading\" data-id=\"33210cc\" data-element_type=\"widget\" data-e-type=\"widget\" data-widget_type=\"heading.default\">\n\t\t\t\t<div class=\"elementor-widget-container\">\n\t\t\t\t\t<h3 class=\"elementor-heading-title elementor-size-default\">Feinabstimmung der Eventbest\u00e4tigung<\/h3>\t\t\t\t<\/div>\n\t\t\t\t<\/div>\n\t\t\t\t<div class=\"elementor-element elementor-element-dcf5813 elementor-widget elementor-widget-text-editor\" data-id=\"dcf5813\" data-element_type=\"widget\" data-e-type=\"widget\" data-widget_type=\"text-editor.default\">\n\t\t\t\t<div class=\"elementor-widget-container\">\n\t\t\t\t\t\t\t\t\t<p>Sie k\u00f6nnen jetzt <strong>festlegen<\/strong>, ob <strong>mehrt\u00e4gige Events<\/strong> <em>t\u00e4glich<\/em> oder <em>nur einmal<\/em> <strong>best\u00e4tigt werden m\u00fcssen<\/strong>. Mit den <strong>erweiterten Einstellungen<\/strong> erhalten Sie mehr Kontrolle \u00fcber <em>kurze<\/em> und <em>lange Events<\/em> \u2013 und sogar die M\u00f6glichkeit,<strong> Best\u00e4tigungsregeln<\/strong> f\u00fcr <em>bestimmte Benutzer<\/em><strong> gezielt zu \u00fcberschreiben<\/strong>. <\/p>\t\t\t\t\t\t\t\t<\/div>\n\t\t\t\t<\/div>\n\t\t\t\t<\/div>\n\t\t\t\t\t<\/div>\n\t\t\t\t<\/div>\n\t\t<div class=\"elementor-element elementor-element-1123d3a e-grid e-con-boxed e-con e-child\" data-id=\"1123d3a\" data-element_type=\"container\" data-e-type=\"container\">\n\t\t\t\t\t<div class=\"e-con-inner\">\n\t\t<div class=\"elementor-element elementor-element-74c9c37 e-con-full e-flex e-con e-child\" data-id=\"74c9c37\" data-element_type=\"container\" data-e-type=\"container\">\n\t\t\t\t<div class=\"elementor-element elementor-element-173abae elementor-widget elementor-widget-heading\" data-id=\"173abae\" data-element_type=\"widget\" data-e-type=\"widget\" data-widget_type=\"heading.default\">\n\t\t\t\t<div class=\"elementor-widget-container\">\n\t\t\t\t\t<h2 class=\"elementor-heading-title elementor-size-default\">Benutzerdefinierte Farbdesigns<\/h2>\t\t\t\t<\/div>\n\t\t\t\t<\/div>\n\t\t\t\t<div class=\"elementor-element elementor-element-3f4ed21 elementor-widget elementor-widget-heading\" data-id=\"3f4ed21\" data-element_type=\"widget\" data-e-type=\"widget\" data-widget_type=\"heading.default\">\n\t\t\t\t<div class=\"elementor-widget-container\">\n\t\t\t\t\t<h3 class=\"elementor-heading-title elementor-size-default\">Passen Sie CUE Assist an Ihr Branding an<\/h3>\t\t\t\t<\/div>\n\t\t\t\t<\/div>\n\t\t\t\t<div class=\"elementor-element elementor-element-6bd22a1 elementor-widget elementor-widget-text-editor\" data-id=\"6bd22a1\" data-element_type=\"widget\" data-e-type=\"widget\" data-widget_type=\"text-editor.default\">\n\t\t\t\t<div class=\"elementor-widget-container\">\n\t\t\t\t\t\t\t\t\t<p><a href=\"https:\/\/www.cuesystem.com\/de\/reservieren-sie\/cue-assistent\/\"><strong>CUE Assist<\/strong><\/a> unterst\u00fctzt jetzt <strong>ma\u00dfgeschneiderte Farbschemata<\/strong> \u2013 ideal <em>f\u00fcr Unternehmen<\/em> mit einer <strong>klar definierten visuellen Identit\u00e4t<\/strong>. Au\u00dferdem haben wir <em>das App-Design<\/em> <em>aufpoliert<\/em>, um einen <strong>insgesamt frischeren<\/strong> und <strong>modernerer Look<\/strong> zu bieten. <\/p>\t\t\t\t\t\t\t\t<\/div>\n\t\t\t\t<\/div>\n\t\t\t\t<\/div>\n\t\t<div class=\"elementor-element elementor-element-aa61b7a e-con-full e-flex e-con e-child\" data-id=\"aa61b7a\" data-element_type=\"container\" data-e-type=\"container\">\n\t\t\t\t<div class=\"elementor-element elementor-element-6ff24b7 elementor-widget elementor-widget-image\" data-id=\"6ff24b7\" data-element_type=\"widget\" data-e-type=\"widget\" data-widget_type=\"image.default\">\n\t\t\t\t<div class=\"elementor-widget-container\">\n\t\t\t\t\t\t\t\t\t\t\t\t\t\t\t\t<a href=\"https:\/\/www.cuesystem.com\/wp-content\/uploads\/2025\/06\/4-kopie.webp\" data-elementor-open-lightbox=\"yes\" data-e-action-hash=\"#elementor-action%3Aaction%3Dlightbox%26settings%3DeyJpZCI6MzA5MTgsInVybCI6Imh0dHBzOlwvXC93d3cuY3Vlc3lzdGVtLmNvbVwvd3AtY29udGVudFwvdXBsb2Fkc1wvMjAyNVwvMDZcLzQta29waWUud2VicCJ9\">\n\t\t\t\t\t\t\t<img loading=\"lazy\" decoding=\"async\" width=\"798\" height=\"433\" src=\"https:\/\/www.cuesystem.com\/wp-content\/uploads\/2025\/06\/4-kopie.webp\" class=\"attachment-large size-large wp-image-30918\" alt=\"\" srcset=\"https:\/\/www.cuesystem.com\/wp-content\/uploads\/2025\/06\/4-kopie.webp 798w, https:\/\/www.cuesystem.com\/wp-content\/uploads\/2025\/06\/4-kopie-300x163.webp 300w\" sizes=\"(max-width: 798px) 100vw, 798px\" \/>\t\t\t\t\t\t\t\t<\/a>\n\t\t\t\t\t\t\t\t\t\t\t\t\t\t\t<\/div>\n\t\t\t\t<\/div>\n\t\t\t\t<\/div>\n\t\t\t\t\t<\/div>\n\t\t\t\t<\/div>\n\t\t\t\t<\/div>\n\t\t<div class=\"elementor-element elementor-element-b4022cf e-flex e-con-boxed e-con e-parent\" data-id=\"b4022cf\" data-element_type=\"container\" data-e-type=\"container\">\n\t\t\t\t\t<div class=\"e-con-inner\">\n\t\t<div class=\"elementor-element elementor-element-b1e3148 e-grid e-con-full e-con e-child\" data-id=\"b1e3148\" data-element_type=\"container\" data-e-type=\"container\">\n\t\t<div class=\"elementor-element elementor-element-fd78869 e-con-full e-flex e-con e-child\" data-id=\"fd78869\" data-element_type=\"container\" data-e-type=\"container\">\n\t\t\t\t<div class=\"elementor-element elementor-element-075fb29 elementor-widget elementor-widget-image\" data-id=\"075fb29\" data-element_type=\"widget\" data-e-type=\"widget\" data-widget_type=\"image.default\">\n\t\t\t\t<div class=\"elementor-widget-container\">\n\t\t\t\t\t\t\t\t\t\t\t\t\t\t\t<img decoding=\"async\" src=\"https:\/\/www.cuesystem.com\/wp-content\/uploads\/2025\/05\/5.png\" title=\"\" alt=\"\" loading=\"lazy\" \/>\t\t\t\t\t\t\t\t\t\t\t\t\t\t\t<\/div>\n\t\t\t\t<\/div>\n\t\t\t\t<\/div>\n\t\t<div class=\"elementor-element elementor-element-fe78dc0 e-con-full e-flex e-con e-child\" data-id=\"fe78dc0\" data-element_type=\"container\" data-e-type=\"container\">\n\t\t\t\t<div class=\"elementor-element elementor-element-b7f9969 elementor-widget elementor-widget-heading\" data-id=\"b7f9969\" data-element_type=\"widget\" data-e-type=\"widget\" data-widget_type=\"heading.default\">\n\t\t\t\t<div class=\"elementor-widget-container\">\n\t\t\t\t\t<h2 class=\"elementor-heading-title elementor-size-default\">Eventerinnerungen leicht gemacht<\/h2>\t\t\t\t<\/div>\n\t\t\t\t<\/div>\n\t\t\t\t<div class=\"elementor-element elementor-element-cb91d30 elementor-widget elementor-widget-heading\" data-id=\"cb91d30\" data-element_type=\"widget\" data-e-type=\"widget\" data-widget_type=\"heading.default\">\n\t\t\t\t<div class=\"elementor-widget-container\">\n\t\t\t\t\t<h3 class=\"elementor-heading-title elementor-size-default\">Voreinstellungen, die sich trotzdem pers\u00f6nlich anf\u00fchlen<\/h3>\t\t\t\t<\/div>\n\t\t\t\t<\/div>\n\t\t\t\t<div class=\"elementor-element elementor-element-824a1ff elementor-widget elementor-widget-text-editor\" data-id=\"824a1ff\" data-element_type=\"widget\" data-e-type=\"widget\" data-widget_type=\"text-editor.default\">\n\t\t\t\t<div class=\"elementor-widget-container\">\n\t\t\t\t\t\t\t\t\t<p>Admins k\u00f6nnen jetzt in <a href=\"https:\/\/www.cuesystem.com\/de\/reservieren-sie\/cue-assistent\/\"><strong>CUE Assist<\/strong><\/a> <strong>Standard-Erinnerungen<\/strong> und <strong>Filterstatus<\/strong> f\u00fcr <em>alle Reservierungen<\/em> festlegen. Wenn Benutzer<em> ihre eigenen Einstellungen \u00e4ndern<\/em>, <em>merkt sich die App diese<\/em> \u2013 und schafft so die <strong>perfekte Balance zwischen Kontrolle und Individualisierung<\/strong>. <\/p>\t\t\t\t\t\t\t\t<\/div>\n\t\t\t\t<\/div>\n\t\t\t\t<\/div>\n\t\t\t\t<\/div>\n\t\t<div class=\"elementor-element elementor-element-60351d5 e-con-full e-flex e-con e-child\" data-id=\"60351d5\" data-element_type=\"container\" data-e-type=\"container\">\n\t\t\t\t<div class=\"elementor-element elementor-element-17dfd91 elementor-widget elementor-widget-heading\" data-id=\"17dfd91\" data-element_type=\"widget\" data-e-type=\"widget\" data-widget_type=\"heading.default\">\n\t\t\t\t<div class=\"elementor-widget-container\">\n\t\t\t\t\t<h2 class=\"elementor-heading-title elementor-size-default\">Und es gibt noch mehr...<\/h2>\t\t\t\t<\/div>\n\t\t\t\t<\/div>\n\t\t\t\t<div class=\"elementor-element elementor-element-32035f9 elementor-widget elementor-widget-heading\" data-id=\"32035f9\" data-element_type=\"widget\" data-e-type=\"widget\" data-widget_type=\"heading.default\">\n\t\t\t\t<div class=\"elementor-widget-container\">\n\t\t\t\t\t<h3 class=\"elementor-heading-title elementor-size-default\">Kleine \u00c4nderungen, gro\u00dfer Unterschied<\/h3>\t\t\t\t<\/div>\n\t\t\t\t<\/div>\n\t\t\t\t<div class=\"elementor-element elementor-element-6a062fb elementor-widget elementor-widget-text-editor\" data-id=\"6a062fb\" data-element_type=\"widget\" data-e-type=\"widget\" data-widget_type=\"text-editor.default\">\n\t\t\t\t<div class=\"elementor-widget-container\">\n\t\t\t\t\t\t\t\t\t<ul><li>Neue <strong>Aktionsbuttons<\/strong> in den <strong>Reservierungsdetails<\/strong> <em>(Beenden, Erweitern, Best\u00e4tigen&#8230;)<\/em><\/li><li>Die <strong>MAC-Adresse<\/strong> <strong>ist jetzt in der Einheiten\u00fcbersicht sichtbar<\/strong> und <strong>kann nach Excel exportiert werden<\/strong>.<\/li><li><strong>Zentrale Einheitenverwaltung<\/strong> ist jetzt noch <strong>einfacher<\/strong>: <em>Aufwecken oder Neustarten direkt \u00fcber <a href=\"https:\/\/www.cuesystem.com\/de\/verwalten-sie\/cue-verwaltung\/\"><strong>CUE Admin<\/strong><\/a> <\/em><\/li><\/ul>\t\t\t\t\t\t\t\t<\/div>\n\t\t\t\t<\/div>\n\t\t\t\t<\/div>\n\t\t<div class=\"elementor-element elementor-element-3c90f33 e-con-full e-flex e-con e-child\" data-id=\"3c90f33\" data-element_type=\"container\" data-e-type=\"container\">\n\t\t\t\t<div class=\"elementor-element elementor-element-1ddd28a elementor-widget-divider--view-line elementor-widget elementor-widget-divider\" data-id=\"1ddd28a\" data-element_type=\"widget\" data-e-type=\"widget\" data-widget_type=\"divider.default\">\n\t\t\t\t<div class=\"elementor-widget-container\">\n\t\t\t\t\t\t\t<div class=\"elementor-divider\">\n\t\t\t<span class=\"elementor-divider-separator\">\n\t\t\t\t\t\t<\/span>\n\t\t<\/div>\n\t\t\t\t\t\t<\/div>\n\t\t\t\t<\/div>\n\t\t\t\t<div class=\"elementor-element elementor-element-29b1bfc elementor-widget elementor-widget-text-editor\" data-id=\"29b1bfc\" data-element_type=\"widget\" data-e-type=\"widget\" data-widget_type=\"text-editor.default\">\n\t\t\t\t<div class=\"elementor-widget-container\">\n\t\t\t\t\t\t\t\t\t<p>Ver\u00f6ffentlicht: M\u00e4rz 2025<\/p>\t\t\t\t\t\t\t\t<\/div>\n\t\t\t\t<\/div>\n\t\t\t\t<div class=\"elementor-element elementor-element-b28ce04 elementor-widget-divider--view-line elementor-widget elementor-widget-divider\" data-id=\"b28ce04\" data-element_type=\"widget\" data-e-type=\"widget\" data-widget_type=\"divider.default\">\n\t\t\t\t<div class=\"elementor-widget-container\">\n\t\t\t\t\t\t\t<div class=\"elementor-divider\">\n\t\t\t<span class=\"elementor-divider-separator\">\n\t\t\t\t\t\t<\/span>\n\t\t<\/div>\n\t\t\t\t\t\t<\/div>\n\t\t\t\t<\/div>\n\t\t\t\t<\/div>\n\t\t\t\t\t<\/div>\n\t\t\t\t<\/div>\n\t\t\t\t<\/div>\n\t\t","protected":false},"excerpt":{"rendered":"<p>Letzte Updates CUE Solution | Version 12.6.0 ver\u00f6ffentlicht Von bahnbrechenden Steuerungsm\u00f6glichkeiten bis hin zu noch feineren Ereigniseinstellungen \u2013 die neueste Version ist da, um die Verwaltung Ihrer R\u00e4ume noch reibungsloser zu gestalten. Alle Augen auf Monitor &amp; Control Verbinden. Visualisieren. Verantwortung \u00fcbernehmen. Monitor &amp; Control \u00fcberbr\u00fcckt die L\u00fccke zwischen der CUE-Hardware und der CUE Solution-Software <a href=\"https:\/\/www.cuesystem.com\/de\/was-ist-neu\/cue-solution-version-12-6-0-veroeffentlicht\/\" class=\"more-link\">\u2026\u00a0<span class=\"screen-reader-text\">  CUE Solution | Version 12.6.0 ver\u00f6ffentlicht<\/span><\/a><\/p>\n","protected":false},"author":11,"featured_media":0,"parent":31299,"menu_order":217,"comment_status":"closed","ping_status":"closed","template":"","meta":{"_acf_changed":false,"inline_featured_image":false,"footnotes":""},"kategorie":[],"class_list":["post-31375","page","type-page","status-publish","hentry"],"acf":[],"_links":{"self":[{"href":"https:\/\/www.cuesystem.com\/de\/wp-json\/wp\/v2\/pages\/31375","targetHints":{"allow":["GET"]}}],"collection":[{"href":"https:\/\/www.cuesystem.com\/de\/wp-json\/wp\/v2\/pages"}],"about":[{"href":"https:\/\/www.cuesystem.com\/de\/wp-json\/wp\/v2\/types\/page"}],"author":[{"embeddable":true,"href":"https:\/\/www.cuesystem.com\/de\/wp-json\/wp\/v2\/users\/11"}],"replies":[{"embeddable":true,"href":"https:\/\/www.cuesystem.com\/de\/wp-json\/wp\/v2\/comments?post=31375"}],"version-history":[{"count":5,"href":"https:\/\/www.cuesystem.com\/de\/wp-json\/wp\/v2\/pages\/31375\/revisions"}],"predecessor-version":[{"id":31433,"href":"https:\/\/www.cuesystem.com\/de\/wp-json\/wp\/v2\/pages\/31375\/revisions\/31433"}],"up":[{"embeddable":true,"href":"https:\/\/www.cuesystem.com\/de\/wp-json\/wp\/v2\/pages\/31299"}],"wp:attachment":[{"href":"https:\/\/www.cuesystem.com\/de\/wp-json\/wp\/v2\/media?parent=31375"}],"wp:term":[{"taxonomy":"kategorie","embeddable":true,"href":"https:\/\/www.cuesystem.com\/de\/wp-json\/wp\/v2\/kategorie?post=31375"}],"curies":[{"name":"wp","href":"https:\/\/api.w.org\/{rel}","templated":true}]}}