{"id":31379,"date":"2025-04-25T12:19:15","date_gmt":"2025-04-25T10:19:15","guid":{"rendered":"https:\/\/www.cuesystem.com\/was-ist-neu\/cue-solution-version-11-24-0-veroeffentlicht\/"},"modified":"2025-06-14T23:06:32","modified_gmt":"2025-06-14T21:06:32","slug":"cue-solution-version-11-24-0-veroeffentlicht","status":"publish","type":"page","link":"https:\/\/www.cuesystem.com\/de\/was-ist-neu\/cue-solution-version-11-24-0-veroeffentlicht\/","title":{"rendered":"CUE Solution | Version 11.24.0 ver\u00f6ffentlicht"},"content":{"rendered":"\t\t<div data-elementor-type=\"wp-page\" data-elementor-id=\"31379\" class=\"elementor elementor-31379 elementor-30493\" data-elementor-post-type=\"page\">\n\t\t\t\t<div class=\"elementor-element elementor-element-be6a65e e-con-full e-flex e-con e-child\" data-id=\"be6a65e\" data-element_type=\"container\" data-e-type=\"container\">\n\t\t\t\t<div class=\"elementor-element elementor-element-a266ede elementor-widget elementor-widget-heading\" data-id=\"a266ede\" data-element_type=\"widget\" data-e-type=\"widget\" data-widget_type=\"heading.default\">\n\t\t\t\t<div class=\"elementor-widget-container\">\n\t\t\t\t\t<h3 class=\"elementor-heading-title elementor-size-default\">Letzte Updates<\/h3>\t\t\t\t<\/div>\n\t\t\t\t<\/div>\n\t\t\t\t<div class=\"elementor-element elementor-element-0fd4322 elementor-widget elementor-widget-heading\" data-id=\"0fd4322\" data-element_type=\"widget\" data-e-type=\"widget\" data-widget_type=\"heading.default\">\n\t\t\t\t<div class=\"elementor-widget-container\">\n\t\t\t\t\t<h1 class=\"elementor-heading-title elementor-size-default\">CUE Solution | Version 11.24.0 ver\u00f6ffentlicht<\/h1>\t\t\t\t<\/div>\n\t\t\t\t<\/div>\n\t\t\t\t<div class=\"elementor-element elementor-element-1989dd6 elementor-widget-divider--view-line elementor-widget elementor-widget-divider\" data-id=\"1989dd6\" data-element_type=\"widget\" data-e-type=\"widget\" data-widget_type=\"divider.default\">\n\t\t\t\t<div class=\"elementor-widget-container\">\n\t\t\t\t\t\t\t<div class=\"elementor-divider\">\n\t\t\t<span class=\"elementor-divider-separator\">\n\t\t\t\t\t\t<\/span>\n\t\t<\/div>\n\t\t\t\t\t\t<\/div>\n\t\t\t\t<\/div>\n\t\t<div class=\"elementor-element elementor-element-23fee66 e-flex e-con-boxed e-con e-child\" data-id=\"23fee66\" data-element_type=\"container\" data-e-type=\"container\">\n\t\t\t\t\t<div class=\"e-con-inner\">\n\t\t\t\t<div class=\"elementor-element elementor-element-7190e09 elementor-widget elementor-widget-text-editor\" data-id=\"7190e09\" data-element_type=\"widget\" data-e-type=\"widget\" data-widget_type=\"text-editor.default\">\n\t\t\t\t<div class=\"elementor-widget-container\">\n\t\t\t\t\t\t\t\t\t<p>Wir freuen uns, Ihnen die <strong>neuesten Updates und Verbesserungen im CUE Solution-\u00d6kosystem<\/strong> vorzustellen. Entwickelt, um Ihre Nutzung noch reibungsloser zu gestalten und die Funktionalit\u00e4t zu optimieren. Werfen wir gemeinsam einen genaueren Blick darauf, oder? <\/p>\t\t\t\t\t\t\t\t<\/div>\n\t\t\t\t<\/div>\n\t\t\t\t\t<\/div>\n\t\t\t\t<\/div>\n\t\t\t\t<div class=\"elementor-element elementor-element-1a65829 elementor-widget-divider--view-line elementor-widget elementor-widget-divider\" data-id=\"1a65829\" data-element_type=\"widget\" data-e-type=\"widget\" data-widget_type=\"divider.default\">\n\t\t\t\t<div class=\"elementor-widget-container\">\n\t\t\t\t\t\t\t<div class=\"elementor-divider\">\n\t\t\t<span class=\"elementor-divider-separator\">\n\t\t\t\t\t\t<\/span>\n\t\t<\/div>\n\t\t\t\t\t\t<\/div>\n\t\t\t\t<\/div>\n\t\t<div class=\"elementor-element elementor-element-f3a8216 e-flex e-con-boxed e-con e-child\" data-id=\"f3a8216\" data-element_type=\"container\" data-e-type=\"container\">\n\t\t\t\t\t<div class=\"e-con-inner\">\n\t\t\t\t<div class=\"elementor-element elementor-element-fecff91 elementor-widget elementor-widget-heading\" data-id=\"fecff91\" data-element_type=\"widget\" data-e-type=\"widget\" data-widget_type=\"heading.default\">\n\t\t\t\t<div class=\"elementor-widget-container\">\n\t\t\t\t\t<h2 class=\"elementor-heading-title elementor-size-default\">Verbesserungen von Ressourcendetails\n\n<\/h2>\t\t\t\t<\/div>\n\t\t\t\t<\/div>\n\t\t<div class=\"elementor-element elementor-element-ea775cb e-con-full e-flex e-con e-child\" data-id=\"ea775cb\" data-element_type=\"container\" data-e-type=\"container\">\n\t\t\t\t<div class=\"elementor-element elementor-element-1ba7a17 elementor-widget elementor-widget-heading\" data-id=\"1ba7a17\" data-element_type=\"widget\" data-e-type=\"widget\" data-widget_type=\"heading.default\">\n\t\t\t\t<div class=\"elementor-widget-container\">\n\t\t\t\t\t<h3 class=\"elementor-heading-title elementor-size-default\">CUE Navigation &amp; CUE Kiosk\n<\/h3>\t\t\t\t<\/div>\n\t\t\t\t<\/div>\n\t\t\t\t<\/div>\n\t\t\t\t\t<\/div>\n\t\t\t\t<\/div>\n\t\t<div class=\"elementor-element elementor-element-327732b e-grid e-con-boxed e-con e-child\" data-id=\"327732b\" data-element_type=\"container\" data-e-type=\"container\">\n\t\t\t\t\t<div class=\"e-con-inner\">\n\t\t<div class=\"elementor-element elementor-element-cc44c3c e-con-full e-flex e-con e-child\" data-id=\"cc44c3c\" data-element_type=\"container\" data-e-type=\"container\">\n\t\t\t\t<div class=\"elementor-element elementor-element-968ac0d elementor-widget elementor-widget-heading\" data-id=\"968ac0d\" data-element_type=\"widget\" data-e-type=\"widget\" data-widget_type=\"heading.default\">\n\t\t\t\t<div class=\"elementor-widget-container\">\n\t\t\t\t\t<h2 class=\"elementor-heading-title elementor-size-default\">Video<\/h2>\t\t\t\t<\/div>\n\t\t\t\t<\/div>\n\t\t\t\t<div class=\"elementor-element elementor-element-9be18d5 elementor-widget elementor-widget-text-editor\" data-id=\"9be18d5\" data-element_type=\"widget\" data-e-type=\"widget\" data-widget_type=\"text-editor.default\">\n\t\t\t\t<div class=\"elementor-widget-container\">\n\t\t\t\t\t\t\t\t\t<p>Ein <strong>MP4-Videoplayer<\/strong> steht <strong>jetzt zur Verf\u00fcgung<\/strong>, um <strong>Rich-Media-Inhalte<\/strong> in jeder Ressource zu unterst\u00fctzen. Damit k\u00f6nnen Sie beispielsweise Museumsobjekte einfach <em>vertonen<\/em> oder dem Benutzer <em>Anleitungen<\/em> zur Verwendung der Ressource bereitstellen. <em>Mehrsprachigkeit<\/em> wird ebenfalls unterst\u00fctzt.  <\/p>\t\t\t\t\t\t\t\t<\/div>\n\t\t\t\t<\/div>\n\t\t\t\t<\/div>\n\t\t<div class=\"elementor-element elementor-element-93e40b5 e-con-full e-flex e-con e-child\" data-id=\"93e40b5\" data-element_type=\"container\" data-e-type=\"container\">\n\t\t\t\t<div class=\"elementor-element elementor-element-cd048be elementor-widget elementor-widget-image\" data-id=\"cd048be\" data-element_type=\"widget\" data-e-type=\"widget\" data-widget_type=\"image.default\">\n\t\t\t\t<div class=\"elementor-widget-container\">\n\t\t\t\t\t\t\t\t\t\t\t\t\t\t\t<img fetchpriority=\"high\" decoding=\"async\" width=\"1014\" height=\"874\" src=\"https:\/\/www.cuesystem.com\/wp-content\/uploads\/2025\/06\/image-20250318-204810-1.webp\" class=\"attachment-large size-large wp-image-30882\" alt=\"\" srcset=\"https:\/\/www.cuesystem.com\/wp-content\/uploads\/2025\/06\/image-20250318-204810-1.webp 1014w, https:\/\/www.cuesystem.com\/wp-content\/uploads\/2025\/06\/image-20250318-204810-1-300x259.webp 300w\" sizes=\"(max-width: 1014px) 100vw, 1014px\" \/>\t\t\t\t\t\t\t\t\t\t\t\t\t\t\t<\/div>\n\t\t\t\t<\/div>\n\t\t\t\t<\/div>\n\t\t\t\t\t<\/div>\n\t\t\t\t<\/div>\n\t\t<div class=\"elementor-element elementor-element-1bbfeaf e-grid e-con-boxed e-con e-child\" data-id=\"1bbfeaf\" data-element_type=\"container\" data-e-type=\"container\">\n\t\t\t\t\t<div class=\"e-con-inner\">\n\t\t<div class=\"elementor-element elementor-element-47cb2b2 e-con-full e-flex e-con e-child\" data-id=\"47cb2b2\" data-element_type=\"container\" data-e-type=\"container\">\n\t\t\t\t<div class=\"elementor-element elementor-element-5267c01 elementor-widget elementor-widget-image\" data-id=\"5267c01\" data-element_type=\"widget\" data-e-type=\"widget\" data-widget_type=\"image.default\">\n\t\t\t\t<div class=\"elementor-widget-container\">\n\t\t\t\t\t\t\t\t\t\t\t\t\t\t\t<img decoding=\"async\" width=\"1022\" height=\"646\" src=\"https:\/\/www.cuesystem.com\/wp-content\/uploads\/2025\/06\/image-20250318-205054.webp\" class=\"attachment-large size-large wp-image-30892\" alt=\"\" srcset=\"https:\/\/www.cuesystem.com\/wp-content\/uploads\/2025\/06\/image-20250318-205054.webp 1022w, https:\/\/www.cuesystem.com\/wp-content\/uploads\/2025\/06\/image-20250318-205054-300x190.webp 300w\" sizes=\"(max-width: 1022px) 100vw, 1022px\" \/>\t\t\t\t\t\t\t\t\t\t\t\t\t\t\t<\/div>\n\t\t\t\t<\/div>\n\t\t\t\t<\/div>\n\t\t<div class=\"elementor-element elementor-element-2de0287 e-con-full e-flex e-con e-child\" data-id=\"2de0287\" data-element_type=\"container\" data-e-type=\"container\">\n\t\t\t\t<div class=\"elementor-element elementor-element-9fa45dc elementor-widget elementor-widget-heading\" data-id=\"9fa45dc\" data-element_type=\"widget\" data-e-type=\"widget\" data-widget_type=\"heading.default\">\n\t\t\t\t<div class=\"elementor-widget-container\">\n\t\t\t\t\t<h2 class=\"elementor-heading-title elementor-size-default\">Audio<\/h2>\t\t\t\t<\/div>\n\t\t\t\t<\/div>\n\t\t\t\t<div class=\"elementor-element elementor-element-83aadef elementor-widget elementor-widget-text-editor\" data-id=\"83aadef\" data-element_type=\"widget\" data-e-type=\"widget\" data-widget_type=\"text-editor.default\">\n\t\t\t\t<div class=\"elementor-widget-container\">\n\t\t\t\t\t\t\t\t\t<p>Audio im <strong>MP3-Format<\/strong> <strong>unterst\u00fctzt jetzt Mehrsprachigkeit<\/strong>. Das bedeutet, dass die abzuspielende <em>Audiodatei<\/em> <em>anhand<\/em> der in der Anwendung eingestellten <em>Sprache<\/em> ausgew\u00e4hlt wird. <\/p>\t\t\t\t\t\t\t\t<\/div>\n\t\t\t\t<\/div>\n\t\t\t\t<\/div>\n\t\t\t\t\t<\/div>\n\t\t\t\t<\/div>\n\t\t<div class=\"elementor-element elementor-element-2ea6d79 e-grid e-con-boxed e-con e-child\" data-id=\"2ea6d79\" data-element_type=\"container\" data-e-type=\"container\">\n\t\t\t\t\t<div class=\"e-con-inner\">\n\t\t<div class=\"elementor-element elementor-element-e57bfa9 e-con-full e-flex e-con e-child\" data-id=\"e57bfa9\" data-element_type=\"container\" data-e-type=\"container\">\n\t\t\t\t<div class=\"elementor-element elementor-element-8bded48 elementor-widget elementor-widget-heading\" data-id=\"8bded48\" data-element_type=\"widget\" data-e-type=\"widget\" data-widget_type=\"heading.default\">\n\t\t\t\t<div class=\"elementor-widget-container\">\n\t\t\t\t\t<h2 class=\"elementor-heading-title elementor-size-default\">Interaktive 3D-Ansicht<\/h2>\t\t\t\t<\/div>\n\t\t\t\t<\/div>\n\t\t\t\t<div class=\"elementor-element elementor-element-3172db5 elementor-widget elementor-widget-text-editor\" data-id=\"3172db5\" data-element_type=\"widget\" data-e-type=\"widget\" data-widget_type=\"text-editor.default\">\n\t\t\t\t<div class=\"elementor-widget-container\">\n\t\t\t\t\t\t\t\t\t<p>Eine <strong>interaktive 3D-Ansicht<\/strong> mit <strong>Matterport<\/strong> ist jetzt f\u00fcr jede Ressource verf\u00fcgbar. Matterport-Modelle erm\u00f6glicht es jetzt den Benutzer <strong>detaillierte Rundg\u00e4nge<\/strong> durch R\u00e4ume wie <em>Arztpraxen, Gesch\u00e4fte, Konferenzr\u00e4ume usw. zu erkunden.<\/em> Geben Sie einfach die Matterport-URL in <a href=\"https:\/\/www.cuesystem.com\/de\/verwalten-sie\/cue-verwaltung\/\"><strong>CUE Admin<\/strong><\/a> ein und der Inhalt wird dann im <em>iFrame<\/em> angezeigt. <\/p>\t\t\t\t\t\t\t\t<\/div>\n\t\t\t\t<\/div>\n\t\t\t\t<\/div>\n\t\t<div class=\"elementor-element elementor-element-72aac8a e-con-full e-flex e-con e-child\" data-id=\"72aac8a\" data-element_type=\"container\" data-e-type=\"container\">\n\t\t\t\t<div class=\"elementor-element elementor-element-3e3feaf elementor-widget elementor-widget-image\" data-id=\"3e3feaf\" data-element_type=\"widget\" data-e-type=\"widget\" data-widget_type=\"image.default\">\n\t\t\t\t<div class=\"elementor-widget-container\">\n\t\t\t\t\t\t\t\t\t\t\t\t\t\t\t\t<a href=\"https:\/\/www.cuesystem.com\/wp-content\/uploads\/2025\/06\/image-20250318-204950.webp\" data-elementor-open-lightbox=\"yes\" data-e-action-hash=\"#elementor-action%3Aaction%3Dlightbox%26settings%3DeyJpZCI6MzA4ODcsInVybCI6Imh0dHBzOlwvXC93d3cuY3Vlc3lzdGVtLmNvbVwvd3AtY29udGVudFwvdXBsb2Fkc1wvMjAyNVwvMDZcL2ltYWdlLTIwMjUwMzE4LTIwNDk1MC53ZWJwIn0%3D\">\n\t\t\t\t\t\t\t<img decoding=\"async\" width=\"1018\" height=\"876\" src=\"https:\/\/www.cuesystem.com\/wp-content\/uploads\/2025\/06\/image-20250318-204950.webp\" class=\"attachment-large size-large wp-image-30887\" alt=\"\" srcset=\"https:\/\/www.cuesystem.com\/wp-content\/uploads\/2025\/06\/image-20250318-204950.webp 1018w, https:\/\/www.cuesystem.com\/wp-content\/uploads\/2025\/06\/image-20250318-204950-300x258.webp 300w\" sizes=\"(max-width: 1018px) 100vw, 1018px\" \/>\t\t\t\t\t\t\t\t<\/a>\n\t\t\t\t\t\t\t\t\t\t\t\t\t\t\t<\/div>\n\t\t\t\t<\/div>\n\t\t\t\t<\/div>\n\t\t\t\t\t<\/div>\n\t\t\t\t<\/div>\n\t\t<div class=\"elementor-element elementor-element-6b69d50 e-flex e-con-boxed e-con e-child\" data-id=\"6b69d50\" data-element_type=\"container\" data-e-type=\"container\">\n\t\t\t\t\t<div class=\"e-con-inner\">\n\t\t\t\t<div class=\"elementor-element elementor-element-a538467 elementor-widget elementor-widget-heading\" data-id=\"a538467\" data-element_type=\"widget\" data-e-type=\"widget\" data-widget_type=\"heading.default\">\n\t\t\t\t<div class=\"elementor-widget-container\">\n\t\t\t\t\t<h2 class=\"elementor-heading-title elementor-size-default\">Verbesserte Suche\n\n\n<\/h2>\t\t\t\t<\/div>\n\t\t\t\t<\/div>\n\t\t<div class=\"elementor-element elementor-element-a1ab3cd e-con-full e-flex e-con e-child\" data-id=\"a1ab3cd\" data-element_type=\"container\" data-e-type=\"container\">\n\t\t\t\t<div class=\"elementor-element elementor-element-c1c7938 elementor-widget elementor-widget-heading\" data-id=\"c1c7938\" data-element_type=\"widget\" data-e-type=\"widget\" data-widget_type=\"heading.default\">\n\t\t\t\t<div class=\"elementor-widget-container\">\n\t\t\t\t\t<h3 class=\"elementor-heading-title elementor-size-default\">CUE Navigation &amp; CUE Kiosk\n<\/h3>\t\t\t\t<\/div>\n\t\t\t\t<\/div>\n\t\t\t\t<div class=\"elementor-element elementor-element-86a854e elementor-widget elementor-widget-text-editor\" data-id=\"86a854e\" data-element_type=\"widget\" data-e-type=\"widget\" data-widget_type=\"text-editor.default\">\n\t\t\t\t<div class=\"elementor-widget-container\">\n\t\t\t\t\t\t\t\t\t<p>Die <strong>Suche<\/strong> wurde verbessert \u2013 Neben POI- oder Ressourcennamen werden jetzt auch <strong>der Ressourcentyp, die POI-Kategorie, die Ressourcenbeschreibung sowie die Ressourceneigenschaften durchsucht<\/strong>. Der Suchbegriff wird unter dem jeweiligen Eintrag in der Liste angezeigt. Die <strong>Filter- und Suchkriterien<\/strong> lassen sich flexibel konfigurieren.  <\/p>\t\t\t\t\t\t\t\t<\/div>\n\t\t\t\t<\/div>\n\t\t\t\t<\/div>\n\t\t\t\t\t<\/div>\n\t\t\t\t<\/div>\n\t\t<div class=\"elementor-element elementor-element-3b104bb e-flex e-con-boxed e-con e-child\" data-id=\"3b104bb\" data-element_type=\"container\" data-e-type=\"container\">\n\t\t\t\t\t<div class=\"e-con-inner\">\n\t\t\t\t<div class=\"elementor-element elementor-element-61ba822 elementor-widget elementor-widget-heading\" data-id=\"61ba822\" data-element_type=\"widget\" data-e-type=\"widget\" data-widget_type=\"heading.default\">\n\t\t\t\t<div class=\"elementor-widget-container\">\n\t\t\t\t\t<h2 class=\"elementor-heading-title elementor-size-default\">Kalenderansicht\n<\/h2>\t\t\t\t<\/div>\n\t\t\t\t<\/div>\n\t\t<div class=\"elementor-element elementor-element-eee7fd6 e-con-full e-flex e-con e-child\" data-id=\"eee7fd6\" data-element_type=\"container\" data-e-type=\"container\">\n\t\t\t\t<div class=\"elementor-element elementor-element-c40c3a9 elementor-widget elementor-widget-heading\" data-id=\"c40c3a9\" data-element_type=\"widget\" data-e-type=\"widget\" data-widget_type=\"heading.default\">\n\t\t\t\t<div class=\"elementor-widget-container\">\n\t\t\t\t\t<h3 class=\"elementor-heading-title elementor-size-default\">CUE Assist\n\n<\/h3>\t\t\t\t<\/div>\n\t\t\t\t<\/div>\n\t\t<div class=\"elementor-element elementor-element-79490a0 e-grid e-con-full e-con e-child\" data-id=\"79490a0\" data-element_type=\"container\" data-e-type=\"container\">\n\t\t<div class=\"elementor-element elementor-element-3c91121 e-con-full e-flex e-con e-child\" data-id=\"3c91121\" data-element_type=\"container\" data-e-type=\"container\">\n\t\t\t\t<div class=\"elementor-element elementor-element-11ca583 elementor-widget elementor-widget-image\" data-id=\"11ca583\" data-element_type=\"widget\" data-e-type=\"widget\" data-widget_type=\"image.default\">\n\t\t\t\t<div class=\"elementor-widget-container\">\n\t\t\t\t\t\t\t\t\t\t\t\t\t\t\t\t<a href=\"https:\/\/www.cuesystem.com\/wp-content\/uploads\/2025\/06\/image-20250318-125320.webp\" data-elementor-open-lightbox=\"yes\" data-e-action-hash=\"#elementor-action%3Aaction%3Dlightbox%26settings%3DeyJpZCI6MzA4NzcsInVybCI6Imh0dHBzOlwvXC93d3cuY3Vlc3lzdGVtLmNvbVwvd3AtY29udGVudFwvdXBsb2Fkc1wvMjAyNVwvMDZcL2ltYWdlLTIwMjUwMzE4LTEyNTMyMC53ZWJwIn0%3D\">\n\t\t\t\t\t\t\t<img loading=\"lazy\" decoding=\"async\" width=\"1024\" height=\"466\" src=\"https:\/\/www.cuesystem.com\/wp-content\/uploads\/2025\/06\/image-20250318-125320-1024x466.webp\" class=\"attachment-large size-large wp-image-30877\" alt=\"\" srcset=\"https:\/\/www.cuesystem.com\/wp-content\/uploads\/2025\/06\/image-20250318-125320-1024x466.webp 1024w, https:\/\/www.cuesystem.com\/wp-content\/uploads\/2025\/06\/image-20250318-125320-300x137.webp 300w, https:\/\/www.cuesystem.com\/wp-content\/uploads\/2025\/06\/image-20250318-125320.webp 1898w\" sizes=\"(max-width: 1024px) 100vw, 1024px\" \/>\t\t\t\t\t\t\t\t<\/a>\n\t\t\t\t\t\t\t\t\t\t\t\t\t\t\t<\/div>\n\t\t\t\t<\/div>\n\t\t\t\t<\/div>\n\t\t<div class=\"elementor-element elementor-element-61067b6 e-con-full e-flex e-con e-child\" data-id=\"61067b6\" data-element_type=\"container\" data-e-type=\"container\">\n\t\t\t\t<div class=\"elementor-element elementor-element-3762fca elementor-widget elementor-widget-text-editor\" data-id=\"3762fca\" data-element_type=\"widget\" data-e-type=\"widget\" data-widget_type=\"text-editor.default\">\n\t\t\t\t<div class=\"elementor-widget-container\">\n\t\t\t\t\t\t\t\t\t<p>Eine <strong>Beta-Version der Kalenderansicht<\/strong> ist jetzt f\u00fcr alle Reservierungen verf\u00fcgbar. Probieren Sie sie aus \u2013 und freuen Sie sich auf weitere Verbesserungen in zuk\u00fcnftigen Versionen. Sie k\u00f6nnen bereits zwischen <strong>Tages-<\/strong>, <strong>Wochen-<\/strong> und <strong>Monatsansicht<\/strong> <strong>wechseln<\/strong> und <strong>filtern<\/strong>, wie Sie es von der Listenansicht gewohnt sind.  <\/p><p>Eine wesentliche Verbesserung ist die M\u00f6glichkeit, neben dem eigenen Kalender auch <strong>Kalender von anderen Benutzern<\/strong> oder <strong>Standorten anzuzeigen<\/strong>.<\/p>\t\t\t\t\t\t\t\t<\/div>\n\t\t\t\t<\/div>\n\t\t\t\t<\/div>\n\t\t\t\t<\/div>\n\t\t\t\t<\/div>\n\t\t\t\t\t<\/div>\n\t\t\t\t<\/div>\n\t\t<div class=\"elementor-element elementor-element-1662ccf e-flex e-con-boxed e-con e-child\" data-id=\"1662ccf\" data-element_type=\"container\" data-e-type=\"container\">\n\t\t\t\t\t<div class=\"e-con-inner\">\n\t\t\t\t<div class=\"elementor-element elementor-element-9565692 elementor-widget elementor-widget-heading\" data-id=\"9565692\" data-element_type=\"widget\" data-e-type=\"widget\" data-widget_type=\"heading.default\">\n\t\t\t\t<div class=\"elementor-widget-container\">\n\t\t\t\t\t<h2 class=\"elementor-heading-title elementor-size-default\">Weitere Verbesserungen\n\n\n<\/h2>\t\t\t\t<\/div>\n\t\t\t\t<\/div>\n\t\t<div class=\"elementor-element elementor-element-ffb0a8f e-con-full e-flex e-con e-child\" data-id=\"ffb0a8f\" data-element_type=\"container\" data-e-type=\"container\">\n\t\t\t\t<div class=\"elementor-element elementor-element-4e05238 elementor-widget elementor-widget-text-editor\" data-id=\"4e05238\" data-element_type=\"widget\" data-e-type=\"widget\" data-widget_type=\"text-editor.default\">\n\t\t\t\t<div class=\"elementor-widget-container\">\n\t\t\t\t\t\t\t\t\t<ul><li>Das Tauschen von Start- und Zielpunkt in <a href=\"https:\/\/www.cuesystem.com\/de\/navigieren-sie-auf\/cue-navigation\/\"><strong>CUE Navigation<\/strong><\/a> ist jetzt ganz einfach m\u00f6glich \u2013 per Klick auf die Pfeile zwischen den beiden Feldern.<\/li><li><strong>Grafische und UX-Verbesserungen<\/strong> f\u00fcr die gesamte Navigation und den Kiosk. Der Fokus liegt auf der Schritt-f\u00fcr-Schritt-Navigation, einem besseren Kartenwechsel, dem Hochformat-Kiosk, Filtern und vielem mehr. <\/li><li>Eine neue Option f\u00fcr <a href=\"https:\/\/www.cuesystem.com\/de\/reservieren-sie\/cue-assistent\/\"><strong>CUE Assist<\/strong><\/a>-Benutzer \u2013 <strong>der erste Wochentag kann nun individuell festgelegt werden<\/strong>. Zusammen mit der <strong>Sprache<\/strong> wird diese Einstellung benutzerspezifisch gespeichert, und der Administrator kann den gew\u00e4hlten Wert in <a href=\"https:\/\/www.cuesystem.com\/de\/verwalten-sie\/cue-verwaltung\/\"><strong>CUE Admin<\/strong><\/a> einsehen. <\/li><li>In den Standortdetailansicht gibt es jetzt einen <strong>Link zum Ressourcendetail<\/strong> in der Navigation.<\/li><li>Die M\u00f6glichkeit, QR-Codes, Ressourcen, Einheiten und <strong>Benutzerdaten nach Excel<\/strong> <strong>zu exportieren<\/strong>, wurde in <strong><a href=\"https:\/\/www.cuesystem.com\/de\/verwalten-sie\/cue-verwaltung\/\">CUE Admin<\/a><\/strong> hinzugef\u00fcgt.<\/li><li>In CUE Admin wird die <strong>IP-Adresse<\/strong> der Einheit jetzt direkt <strong>in der Einheiten\u00fcbersicht<\/strong> angezeigt, sodass Sie bequem auf deren Administrationsseite zugreifen k\u00f6nnen.<\/li><li>Und vieles mehr&#8230;<\/li><\/ul>\t\t\t\t\t\t\t\t<\/div>\n\t\t\t\t<\/div>\n\t\t<div class=\"elementor-element elementor-element-a2761ef e-con-full e-flex e-con e-child\" data-id=\"a2761ef\" data-element_type=\"container\" data-e-type=\"container\">\n\t\t\t\t<div class=\"elementor-element elementor-element-4675419 elementor-widget-divider--view-line elementor-widget elementor-widget-divider\" data-id=\"4675419\" data-element_type=\"widget\" data-e-type=\"widget\" data-widget_type=\"divider.default\">\n\t\t\t\t<div class=\"elementor-widget-container\">\n\t\t\t\t\t\t\t<div class=\"elementor-divider\">\n\t\t\t<span class=\"elementor-divider-separator\">\n\t\t\t\t\t\t<\/span>\n\t\t<\/div>\n\t\t\t\t\t\t<\/div>\n\t\t\t\t<\/div>\n\t\t\t\t<div class=\"elementor-element elementor-element-fcafde3 elementor-widget elementor-widget-text-editor\" data-id=\"fcafde3\" data-element_type=\"widget\" data-e-type=\"widget\" data-widget_type=\"text-editor.default\">\n\t\t\t\t<div class=\"elementor-widget-container\">\n\t\t\t\t\t\t\t\t\t<p>Ver\u00f6ffentlicht: April 2025<\/p>\t\t\t\t\t\t\t\t<\/div>\n\t\t\t\t<\/div>\n\t\t\t\t<div class=\"elementor-element elementor-element-9fcc4e4 elementor-widget-divider--view-line elementor-widget elementor-widget-divider\" data-id=\"9fcc4e4\" data-element_type=\"widget\" data-e-type=\"widget\" data-widget_type=\"divider.default\">\n\t\t\t\t<div class=\"elementor-widget-container\">\n\t\t\t\t\t\t\t<div class=\"elementor-divider\">\n\t\t\t<span class=\"elementor-divider-separator\">\n\t\t\t\t\t\t<\/span>\n\t\t<\/div>\n\t\t\t\t\t\t<\/div>\n\t\t\t\t<\/div>\n\t\t\t\t<\/div>\n\t\t\t\t<\/div>\n\t\t\t\t\t<\/div>\n\t\t\t\t<\/div>\n\t\t\t\t<\/div>\n\t\t\t\t<\/div>\n\t\t","protected":false},"excerpt":{"rendered":"<p>Letzte Updates CUE Solution | Version 11.24.0 ver\u00f6ffentlicht Wir freuen uns, Ihnen die neuesten Updates und Verbesserungen im CUE Solution-\u00d6kosystem vorzustellen. Entwickelt, um Ihre Nutzung noch reibungsloser zu gestalten und die Funktionalit\u00e4t zu optimieren. Werfen wir gemeinsam einen genaueren Blick darauf, oder? Verbesserungen von Ressourcendetails CUE Navigation &amp; CUE Kiosk Video Ein MP4-Videoplayer steht jetzt <a href=\"https:\/\/www.cuesystem.com\/de\/was-ist-neu\/cue-solution-version-11-24-0-veroeffentlicht\/\" class=\"more-link\">\u2026\u00a0<span class=\"screen-reader-text\">  CUE Solution | Version 11.24.0 ver\u00f6ffentlicht<\/span><\/a><\/p>\n","protected":false},"author":11,"featured_media":0,"parent":31299,"menu_order":202,"comment_status":"closed","ping_status":"closed","template":"","meta":{"_acf_changed":false,"inline_featured_image":false,"footnotes":""},"kategorie":[],"class_list":["post-31379","page","type-page","status-publish","hentry"],"acf":[],"_links":{"self":[{"href":"https:\/\/www.cuesystem.com\/de\/wp-json\/wp\/v2\/pages\/31379","targetHints":{"allow":["GET"]}}],"collection":[{"href":"https:\/\/www.cuesystem.com\/de\/wp-json\/wp\/v2\/pages"}],"about":[{"href":"https:\/\/www.cuesystem.com\/de\/wp-json\/wp\/v2\/types\/page"}],"author":[{"embeddable":true,"href":"https:\/\/www.cuesystem.com\/de\/wp-json\/wp\/v2\/users\/11"}],"replies":[{"embeddable":true,"href":"https:\/\/www.cuesystem.com\/de\/wp-json\/wp\/v2\/comments?post=31379"}],"version-history":[{"count":5,"href":"https:\/\/www.cuesystem.com\/de\/wp-json\/wp\/v2\/pages\/31379\/revisions"}],"predecessor-version":[{"id":31437,"href":"https:\/\/www.cuesystem.com\/de\/wp-json\/wp\/v2\/pages\/31379\/revisions\/31437"}],"up":[{"embeddable":true,"href":"https:\/\/www.cuesystem.com\/de\/wp-json\/wp\/v2\/pages\/31299"}],"wp:attachment":[{"href":"https:\/\/www.cuesystem.com\/de\/wp-json\/wp\/v2\/media?parent=31379"}],"wp:term":[{"taxonomy":"kategorie","embeddable":true,"href":"https:\/\/www.cuesystem.com\/de\/wp-json\/wp\/v2\/kategorie?post=31379"}],"curies":[{"name":"wp","href":"https:\/\/api.w.org\/{rel}","templated":true}]}}