{"id":31405,"date":"2024-11-26T10:28:43","date_gmt":"2024-11-26T09:28:43","guid":{"rendered":"https:\/\/www.cuesystem.com\/was-ist-neu\/wir-stellen-zwei-neue-kostenguenstige-5-panels-vor\/"},"modified":"2025-06-14T23:58:03","modified_gmt":"2025-06-14T21:58:03","slug":"wir-stellen-zwei-neue-kostenguenstige-5-panels-vor","status":"publish","type":"page","link":"https:\/\/www.cuesystem.com\/de\/was-ist-neu\/wir-stellen-zwei-neue-kostenguenstige-5-panels-vor\/","title":{"rendered":"Wir stellen zwei neue kosteng\u00fcnstige 5&#8243; Panels vor"},"content":{"rendered":"\t\t<div data-elementor-type=\"wp-page\" data-elementor-id=\"31405\" class=\"elementor elementor-31405 elementor-30657\" data-elementor-post-type=\"page\">\n\t\t\t\t<div class=\"elementor-element elementor-element-04364c5 e-con-full e-flex e-con e-child\" data-id=\"04364c5\" data-element_type=\"container\" data-e-type=\"container\">\n\t\t\t\t<div class=\"elementor-element elementor-element-67b8ba9 elementor-widget elementor-widget-heading\" data-id=\"67b8ba9\" data-element_type=\"widget\" data-e-type=\"widget\" data-widget_type=\"heading.default\">\n\t\t\t\t<div class=\"elementor-widget-container\">\n\t\t\t\t\t<h3 class=\"elementor-heading-title elementor-size-default\"><span style=\"font-size: 20.8px\">Neue Produkte<\/span><\/h3>\t\t\t\t<\/div>\n\t\t\t\t<\/div>\n\t\t\t\t<div class=\"elementor-element elementor-element-a17dcb8 elementor-widget elementor-widget-heading\" data-id=\"a17dcb8\" data-element_type=\"widget\" data-e-type=\"widget\" data-widget_type=\"heading.default\">\n\t\t\t\t<div class=\"elementor-widget-container\">\n\t\t\t\t\t<h1 class=\"elementor-heading-title elementor-size-default\">Wir stellen zwei neue kosteng\u00fcnstige 5\" Panels vor<\/h1>\t\t\t\t<\/div>\n\t\t\t\t<\/div>\n\t\t\t\t<div class=\"elementor-element elementor-element-bbe9b2f elementor-widget-divider--view-line elementor-widget elementor-widget-divider\" data-id=\"bbe9b2f\" data-element_type=\"widget\" data-e-type=\"widget\" data-widget_type=\"divider.default\">\n\t\t\t\t<div class=\"elementor-widget-container\">\n\t\t\t\t\t\t\t<div class=\"elementor-divider\">\n\t\t\t<span class=\"elementor-divider-separator\">\n\t\t\t\t\t\t<\/span>\n\t\t<\/div>\n\t\t\t\t\t\t<\/div>\n\t\t\t\t<\/div>\n\t\t<div class=\"elementor-element elementor-element-2970e8d e-flex e-con-boxed e-con e-child\" data-id=\"2970e8d\" data-element_type=\"container\" data-e-type=\"container\">\n\t\t\t\t\t<div class=\"e-con-inner\">\n\t\t\t\t<div class=\"elementor-element elementor-element-ce57d3b elementor-widget elementor-widget-image\" data-id=\"ce57d3b\" data-element_type=\"widget\" data-e-type=\"widget\" data-widget_type=\"image.default\">\n\t\t\t\t<div class=\"elementor-widget-container\">\n\t\t\t\t\t\t\t\t\t\t\t\t\t\t\t<img fetchpriority=\"high\" decoding=\"async\" width=\"1024\" height=\"245\" src=\"https:\/\/www.cuesystem.com\/wp-content\/uploads\/2025\/06\/NewFiveInchesPanels_2-1024x245.webp\" class=\"attachment-large size-large wp-image-30690\" alt=\"\" srcset=\"https:\/\/www.cuesystem.com\/wp-content\/uploads\/2025\/06\/NewFiveInchesPanels_2-1024x245.webp 1024w, https:\/\/www.cuesystem.com\/wp-content\/uploads\/2025\/06\/NewFiveInchesPanels_2-300x72.webp 300w, https:\/\/www.cuesystem.com\/wp-content\/uploads\/2025\/06\/NewFiveInchesPanels_2.webp 1642w\" sizes=\"(max-width: 1024px) 100vw, 1024px\" \/>\t\t\t\t\t\t\t\t\t\t\t\t\t\t\t<\/div>\n\t\t\t\t<\/div>\n\t\t\t\t\t<\/div>\n\t\t\t\t<\/div>\n\t\t\t\t<div class=\"elementor-element elementor-element-a393d97 elementor-widget-divider--view-line elementor-widget elementor-widget-divider\" data-id=\"a393d97\" data-element_type=\"widget\" data-e-type=\"widget\" data-widget_type=\"divider.default\">\n\t\t\t\t<div class=\"elementor-widget-container\">\n\t\t\t\t\t\t\t<div class=\"elementor-divider\">\n\t\t\t<span class=\"elementor-divider-separator\">\n\t\t\t\t\t\t<\/span>\n\t\t<\/div>\n\t\t\t\t\t\t<\/div>\n\t\t\t\t<\/div>\n\t\t<div class=\"elementor-element elementor-element-7b8c2f0 e-flex e-con-boxed e-con e-child\" data-id=\"7b8c2f0\" data-element_type=\"container\" data-e-type=\"container\">\n\t\t\t\t\t<div class=\"e-con-inner\">\n\t\t\t\t<div class=\"elementor-element elementor-element-3f393fd elementor-widget elementor-widget-text-editor\" data-id=\"3f393fd\" data-element_type=\"widget\" data-e-type=\"widget\" data-widget_type=\"text-editor.default\">\n\t\t\t\t<div class=\"elementor-widget-container\">\n\t\t\t\t\t\t\t\t\t<p>Entdecken Sie unsere neuesten Innovationen: das Touchpanel und Controller <a href=\"https:\/\/docs.cuesystem.com\/space\/PRODUCTS\/664666192\"><strong>touchCUE-5-knob<\/strong><\/a> sowie das Reservierungspanel <strong><a href=\"https:\/\/docs.cuesystem.com\/space\/PRODUCTS\/1288175654\">touchONE-5<\/a><\/strong>. Diese Panels wurden f\u00fcr h\u00f6chste Leistung und Funktionalit\u00e4t entwickelt \u2013 ideal f\u00fcr moderne Arbeitspl\u00e4tze, Klassenzimmer, Schulungsr\u00e4ume und Mikro-B\u00fcros. <\/p>\t\t\t\t\t\t\t\t<\/div>\n\t\t\t\t<\/div>\n\t\t\t\t\t<\/div>\n\t\t\t\t<\/div>\n\t\t<div class=\"elementor-element elementor-element-32f7824 e-flex e-con-boxed e-con e-child\" data-id=\"32f7824\" data-element_type=\"container\" data-e-type=\"container\">\n\t\t\t\t\t<div class=\"e-con-inner\">\n\t\t\t\t<div class=\"elementor-element elementor-element-d96af9e elementor-widget elementor-widget-heading\" data-id=\"d96af9e\" data-element_type=\"widget\" data-e-type=\"widget\" data-widget_type=\"heading.default\">\n\t\t\t\t<div class=\"elementor-widget-container\">\n\t\t\t\t\t<h2 class=\"elementor-heading-title elementor-size-default\">Gemeinsame Funktionen: Eine Plattform voller M\u00f6glichkeiten<\/h2>\t\t\t\t<\/div>\n\t\t\t\t<\/div>\n\t\t\t\t<div class=\"elementor-element elementor-element-14ffd6c elementor-widget elementor-widget-text-editor\" data-id=\"14ffd6c\" data-element_type=\"widget\" data-e-type=\"widget\" data-widget_type=\"text-editor.default\">\n\t\t\t\t<div class=\"elementor-widget-container\">\n\t\t\t\t\t\t\t\t\t<ul><li>Beide Panels basieren auf der bew\u00e4hrten Plattform unserer bestehenden Touchpanels und verf\u00fcgen \u00fcber ein scharfes <strong>5-Zoll-Display<\/strong> mit einer Aufl\u00f6sung von <strong>1280 x 720 Pixeln<\/strong>.<\/li><li>Ihr schlankes, elegantes Design ist in einem robusten Kunststoffgeh\u00e4use untergebracht und vereint moderne \u00c4sthetik mit praktischer Funktionalit\u00e4t.<\/li><li>Dank vielseitiger Montagem\u00f6glichkeiten k\u00f6nnen sie auf einem Tisch, an der Wand oder auf jeder ebenen Fl\u00e4che installiert werden \u2013 wahlweise im <strong>Quer-<\/strong> oder <strong>Hochformat<\/strong>. Ein Montageadapter sorgt f\u00fcr nahtlose Kompatibilit\u00e4t mit Standard-Elektroinstallationsdosen und erm\u00f6glicht eine m\u00fchelose Installation. <\/li><li>Dank Power over Ethernet (PoE) ben\u00f6tigen diese Panels nur ein einziges Ethernet-Kabel f\u00fcr Stromversorgung und Daten\u00fcbertragung \u2013 das vereinfacht die Installation und erleichtert die Netzwerkintegration.<\/li><li>Beide Modelle sind au\u00dferdem vollst\u00e4ndig kompatibel mit dem <strong><a href=\"https:\/\/docs.cuesystem.com\/space\/PRODUCTS\/1015939092\">Tabletop Stand 5<\/a><\/strong>, der die Panels in einem ergonomischen Winkel von 15\u00b0 positioniert und so die Bedienbarkeit und den Komfort verbessert. Ob auf einem Tisch installiert oder an der Wand montiert \u2013 diese Panels sind darauf ausgelegt, Funktionalit\u00e4t und Benutzererlebnis in jeder Umgebung zu optimieren. <\/li><\/ul>\t\t\t\t\t\t\t\t<\/div>\n\t\t\t\t<\/div>\n\t\t\t\t\t<\/div>\n\t\t\t\t<\/div>\n\t\t<div class=\"elementor-element elementor-element-4e35e8a e-grid e-con-boxed e-con e-child\" data-id=\"4e35e8a\" data-element_type=\"container\" data-e-type=\"container\">\n\t\t\t\t\t<div class=\"e-con-inner\">\n\t\t<div class=\"elementor-element elementor-element-f39e8a0 e-con-full e-flex e-con e-child\" data-id=\"f39e8a0\" data-element_type=\"container\" data-e-type=\"container\">\n\t\t\t\t<div class=\"elementor-element elementor-element-a4de883 elementor-widget elementor-widget-heading\" data-id=\"a4de883\" data-element_type=\"widget\" data-e-type=\"widget\" data-widget_type=\"heading.default\">\n\t\t\t\t<div class=\"elementor-widget-container\">\n\t\t\t\t\t<h2 class=\"elementor-heading-title elementor-size-default\"><a href=\"https:\/\/docs.cuesystem.com\/space\/PRODUCTS\/664666192\">touchCUE-5-knob<\/a><\/h2>\t\t\t\t<\/div>\n\t\t\t\t<\/div>\n\t\t\t\t<div class=\"elementor-element elementor-element-884bcbb elementor-widget elementor-widget-text-editor\" data-id=\"884bcbb\" data-element_type=\"widget\" data-e-type=\"widget\" data-widget_type=\"text-editor.default\">\n\t\t\t\t<div class=\"elementor-widget-container\">\n\t\t\t\t\t\t\t\t\t<ul><li>Der <strong><a href=\"https:\/\/docs.cuesystem.com\/space\/PRODUCTS\/664666192\">touchCUE-5-knob<\/a><\/strong> ist ein <strong>voll ausgestattes Steuer-Touchpanel<\/strong>, das gleichzeitig als Controller fungiert \u2013 ein separater Controller ist nicht erforderlich, sofern alle angeschlossenen Ger\u00e4te IP-f\u00e4hig sind. Damit ist es eine ideale und <strong>kosteng\u00fcnstige<\/strong> L\u00f6sung f\u00fcr <strong>Unterrichtsr\u00e4ume<\/strong>, <strong>Schulungseinrichtungen<\/strong>, <strong>Konferenzr\u00e4ume<\/strong> und andere <strong>professionelle Umgebungen<\/strong>. <\/li><li>Mit CUE Visual Composer ist das Panel <strong>vollst\u00e4ndig programmierbar<\/strong>, sodass sich beeindruckende, individuell gestaltete Display-Layouts mithilfe von Grafikbibliotheken erstellen lassen.<\/li><li>F\u00fcr zus\u00e4tzlichen Komfort k\u00f6nnen die <strong>beleuchteten, programmierbaren Tasten<\/strong> zentrale Funktionen wie System ein\/aus oder andere vordefinierte Befehle \u00fcbernehmen \u2013 ideal f\u00fcr schnelle Aktionen, ganz ohne Touchscreen.<\/li><li>Der <strong>Drehknopf mit Druckschalter<\/strong> erweitert die Funktionalit\u00e4t zus\u00e4tzlich und erm\u00f6glicht eine schnelle und intuitive Lautst\u00e4rkeregelung, Stummschaltung sowie die Steuerung weiterer analoger Werte.<\/li><li>Weitere Highlights sind:<ul><li><strong>Live-Videoanzeige<\/strong> von IP-Kameras oder anderen \u00fcber Ethernet verbundenen Videoquellen.<\/li><li><strong>Web-Browsing<\/strong> erm\u00f6glicht die direkte Steuerung von Ger\u00e4ten mit Web-Oberfl\u00e4che.<\/li><\/ul><\/li><\/ul><p>F\u00fcr weitere Details siehe <strong><a href=\"https:\/\/docs.cuesystem.com\/space\/PRODUCTS\/664666192\">Produktdatenblatt<\/a><\/strong>.<\/p>\t\t\t\t\t\t\t\t<\/div>\n\t\t\t\t<\/div>\n\t\t\t\t<\/div>\n\t\t<div class=\"elementor-element elementor-element-d644c3f e-con-full e-flex e-con e-child\" data-id=\"d644c3f\" data-element_type=\"container\" data-e-type=\"container\">\n\t\t\t\t<div class=\"elementor-element elementor-element-e71c157 elementor-widget elementor-widget-image\" data-id=\"e71c157\" data-element_type=\"widget\" data-e-type=\"widget\" data-widget_type=\"image.default\">\n\t\t\t\t<div class=\"elementor-widget-container\">\n\t\t\t\t\t\t\t\t\t\t\t\t\t\t\t<img decoding=\"async\" width=\"300\" height=\"177\" src=\"https:\/\/www.cuesystem.com\/wp-content\/uploads\/2025\/06\/touchCUE-5-knob_stand_A-300x177.webp\" class=\"attachment-medium size-medium wp-image-30695\" alt=\"\" srcset=\"https:\/\/www.cuesystem.com\/wp-content\/uploads\/2025\/06\/touchCUE-5-knob_stand_A-300x177.webp 300w, https:\/\/www.cuesystem.com\/wp-content\/uploads\/2025\/06\/touchCUE-5-knob_stand_A-1024x603.webp 1024w\" sizes=\"(max-width: 300px) 100vw, 300px\" \/>\t\t\t\t\t\t\t\t\t\t\t\t\t\t\t<\/div>\n\t\t\t\t<\/div>\n\t\t\t\t<div class=\"elementor-element elementor-element-733315a elementor-widget elementor-widget-image\" data-id=\"733315a\" data-element_type=\"widget\" data-e-type=\"widget\" data-widget_type=\"image.default\">\n\t\t\t\t<div class=\"elementor-widget-container\">\n\t\t\t\t\t\t\t\t\t\t\t\t\t\t\t<img decoding=\"async\" width=\"157\" height=\"300\" src=\"https:\/\/www.cuesystem.com\/wp-content\/uploads\/2025\/06\/touchCUE-5-knob_wall-portrait_A-157x300.webp\" class=\"attachment-medium size-medium wp-image-30700\" alt=\"\" srcset=\"https:\/\/www.cuesystem.com\/wp-content\/uploads\/2025\/06\/touchCUE-5-knob_wall-portrait_A-157x300.webp 157w, https:\/\/www.cuesystem.com\/wp-content\/uploads\/2025\/06\/touchCUE-5-knob_wall-portrait_A-537x1024.webp 537w, https:\/\/www.cuesystem.com\/wp-content\/uploads\/2025\/06\/touchCUE-5-knob_wall-portrait_A.webp 1752w\" sizes=\"(max-width: 157px) 100vw, 157px\" \/>\t\t\t\t\t\t\t\t\t\t\t\t\t\t\t<\/div>\n\t\t\t\t<\/div>\n\t\t\t\t<\/div>\n\t\t\t\t\t<\/div>\n\t\t\t\t<\/div>\n\t\t<div class=\"elementor-element elementor-element-26fb6c2 e-grid e-con-boxed e-con e-child\" data-id=\"26fb6c2\" data-element_type=\"container\" data-e-type=\"container\">\n\t\t\t\t\t<div class=\"e-con-inner\">\n\t\t<div class=\"elementor-element elementor-element-21a6cdc e-con-full e-flex e-con e-child\" data-id=\"21a6cdc\" data-element_type=\"container\" data-e-type=\"container\">\n\t\t\t\t<div class=\"elementor-element elementor-element-fd3d9ff elementor-widget elementor-widget-image\" data-id=\"fd3d9ff\" data-element_type=\"widget\" data-e-type=\"widget\" data-widget_type=\"image.default\">\n\t\t\t\t<div class=\"elementor-widget-container\">\n\t\t\t\t\t\t\t\t\t\t\t\t\t\t\t<img loading=\"lazy\" decoding=\"async\" width=\"300\" height=\"153\" src=\"https:\/\/www.cuesystem.com\/wp-content\/uploads\/2025\/06\/touchONE-5_stand_occupied_A-300x153.webp\" class=\"attachment-medium size-medium wp-image-30705\" alt=\"\" srcset=\"https:\/\/www.cuesystem.com\/wp-content\/uploads\/2025\/06\/touchONE-5_stand_occupied_A-300x153.webp 300w, https:\/\/www.cuesystem.com\/wp-content\/uploads\/2025\/06\/touchONE-5_stand_occupied_A-1024x523.webp 1024w\" sizes=\"(max-width: 300px) 100vw, 300px\" \/>\t\t\t\t\t\t\t\t\t\t\t\t\t\t\t<\/div>\n\t\t\t\t<\/div>\n\t\t\t\t<div class=\"elementor-element elementor-element-a5ce0bb elementor-widget elementor-widget-image\" data-id=\"a5ce0bb\" data-element_type=\"widget\" data-e-type=\"widget\" data-widget_type=\"image.default\">\n\t\t\t\t<div class=\"elementor-widget-container\">\n\t\t\t\t\t\t\t\t\t\t\t\t\t\t\t<img loading=\"lazy\" decoding=\"async\" width=\"157\" height=\"300\" src=\"https:\/\/www.cuesystem.com\/wp-content\/uploads\/2025\/06\/touchONE-5_wall-portrait_occupied_A-157x300.webp\" class=\"attachment-medium size-medium wp-image-30710\" alt=\"\" srcset=\"https:\/\/www.cuesystem.com\/wp-content\/uploads\/2025\/06\/touchONE-5_wall-portrait_occupied_A-157x300.webp 157w, https:\/\/www.cuesystem.com\/wp-content\/uploads\/2025\/06\/touchONE-5_wall-portrait_occupied_A-537x1024.webp 537w, https:\/\/www.cuesystem.com\/wp-content\/uploads\/2025\/06\/touchONE-5_wall-portrait_occupied_A.webp 1537w\" sizes=\"(max-width: 157px) 100vw, 157px\" \/>\t\t\t\t\t\t\t\t\t\t\t\t\t\t\t<\/div>\n\t\t\t\t<\/div>\n\t\t\t\t<\/div>\n\t\t<div class=\"elementor-element elementor-element-3ffaf7c e-con-full e-flex e-con e-child\" data-id=\"3ffaf7c\" data-element_type=\"container\" data-e-type=\"container\">\n\t\t\t\t<div class=\"elementor-element elementor-element-c05eb60 elementor-widget elementor-widget-heading\" data-id=\"c05eb60\" data-element_type=\"widget\" data-e-type=\"widget\" data-widget_type=\"heading.default\">\n\t\t\t\t<div class=\"elementor-widget-container\">\n\t\t\t\t\t<h2 class=\"elementor-heading-title elementor-size-default\"><a href=\"https:\/\/docs.cuesystem.com\/space\/PRODUCTS\/1288175654\">touchONE-5<\/a><\/h2>\t\t\t\t<\/div>\n\t\t\t\t<\/div>\n\t\t\t\t<div class=\"elementor-element elementor-element-dd8c544 elementor-widget elementor-widget-text-editor\" data-id=\"dd8c544\" data-element_type=\"widget\" data-e-type=\"widget\" data-widget_type=\"text-editor.default\">\n\t\t\t\t<div class=\"elementor-widget-container\">\n\t\t\t\t\t\t\t\t\t<ul><li>Das <strong><a href=\"https:\/\/docs.cuesystem.com\/space\/PRODUCTS\/1288175654\">touchONE-5<\/a><\/strong> ist ein <strong>Reservierungs-Panel<\/strong>, das sich f\u00fcr jeden <strong>Arbeitsplatz<\/strong>, jedes <strong>Mikrob\u00fcro<\/strong>, jedes <strong>Meeting-Pod<\/strong> oder jede andere Art von Ressource eignet.<\/li><li>Das Reservierungspanel wird mit einer <strong>speziellen Reservierungsanwendung<\/strong> geliefert und funktioniert als <strong>direkter<\/strong> <strong>Client f\u00fcr Kalendersysteme<\/strong>, z. B. Microsoft 365, Google Workspace oder CUE Calendar &#8211; es ist keine zus\u00e4tzliche Hardware oder Software erforderlich.<\/li><li>Die<strong> intuitive Benutzeroberfl\u00e4che<\/strong> zeigt den aktuellen Raumstatus und einen Veranstaltungskalender an und erm\u00f6glicht es Benutzern, einen Raum zu reservieren, Buchungen zu verl\u00e4ngern oder Veranstaltungen direkt \u00fcber das Panel zu stornieren. Viele weitere Funktionen sind verf\u00fcgbar. <\/li><li>Das auf Vielseitigkeit ausgelegte <strong><a href=\"https:\/\/docs.cuesystem.com\/space\/PRODUCTS\/1288175654\">touchONE-5<\/a><\/strong> bietet mit seinem Info-Modus auch <strong>einfache Digital Signage-Funktionen<\/strong>. Dieser erm\u00f6glicht die Anzeige von Bildsequenzen, die \u00fcber die Anwendung CUE Admin angepasst werden k\u00f6nnen, und bietet eine elegante M\u00f6glichkeit, Informationen oder Markenbotschaften zu verbreiten. <\/li><\/ul><p>F\u00fcr weitere Details siehe <strong><a href=\"https:\/\/docs.cuesystem.com\/space\/PRODUCTS\/1288175654\">Produktdatenblatt<\/a><\/strong>.<\/p>\t\t\t\t\t\t\t\t<\/div>\n\t\t\t\t<\/div>\n\t\t\t\t<\/div>\n\t\t\t\t\t<\/div>\n\t\t\t\t<\/div>\n\t\t<div class=\"elementor-element elementor-element-c365ab7 e-flex e-con-boxed e-con e-child\" data-id=\"c365ab7\" data-element_type=\"container\" data-e-type=\"container\" data-settings=\"{&quot;background_background&quot;:&quot;classic&quot;}\">\n\t\t\t\t\t<div class=\"e-con-inner\">\n\t\t<div class=\"elementor-element elementor-element-fe97168 e-con-full e-flex e-con e-child\" data-id=\"fe97168\" data-element_type=\"container\" data-e-type=\"container\">\n\t\t\t\t<div class=\"elementor-element elementor-element-399b2d4 elementor-widget elementor-widget-heading\" data-id=\"399b2d4\" data-element_type=\"widget\" data-e-type=\"widget\" data-widget_type=\"heading.default\">\n\t\t\t\t<div class=\"elementor-widget-container\">\n\t\t\t\t\t<h2 class=\"elementor-heading-title elementor-size-default\">Zentralverwaltung<\/h2>\t\t\t\t<\/div>\n\t\t\t\t<\/div>\n\t\t\t\t<div class=\"elementor-element elementor-element-68f9055 elementor-widget elementor-widget-text-editor\" data-id=\"68f9055\" data-element_type=\"widget\" data-e-type=\"widget\" data-widget_type=\"text-editor.default\">\n\t\t\t\t<div class=\"elementor-widget-container\">\n\t\t\t\t\t\t\t\t\t<p>Beide Panels k\u00f6nnen mit der Cloud-basierten Software <strong>zentral und aus der Ferne verwaltet<\/strong> werden. <a href=\"https:\/\/www.cuesystem.com\/de\/cue-loesung\/\"><strong>CUE-L\u00f6sung<\/strong><\/a>, Version 11.11.3 oder h\u00f6her.<\/p><p>F\u00fcr weitere Details zur zentralen Fernverwaltung siehe:<\/p><ul><li><a href=\"https:\/\/docs.cuesystem.com\/space\/CVCBP\/1372553259\"><strong>Zentralverwaltung des Steuerungssystems mit CUE Solution<\/strong><\/a><\/li><li><strong><a href=\"https:\/\/docs.cuesystem.com\/space\/TAM\/162004993\">Verwaltung von Einheiten<\/a><\/strong><\/li><\/ul>\t\t\t\t\t\t\t\t<\/div>\n\t\t\t\t<\/div>\n\t\t\t\t<\/div>\n\t\t\t\t\t<\/div>\n\t\t\t\t<\/div>\n\t\t\t\t<\/div>\n\t\t\t\t<\/div>\n\t\t","protected":false},"excerpt":{"rendered":"<p>Neue Produkte Wir stellen zwei neue kosteng\u00fcnstige 5&#8243; Panels vor Entdecken Sie unsere neuesten Innovationen: das Touchpanel und Controller touchCUE-5-knob sowie das Reservierungspanel touchONE-5. Diese Panels wurden f\u00fcr h\u00f6chste Leistung und Funktionalit\u00e4t entwickelt \u2013 ideal f\u00fcr moderne Arbeitspl\u00e4tze, Klassenzimmer, Schulungsr\u00e4ume und Mikro-B\u00fcros. Gemeinsame Funktionen: Eine Plattform voller M\u00f6glichkeiten Beide Panels basieren auf der bew\u00e4hrten Plattform <a href=\"https:\/\/www.cuesystem.com\/de\/was-ist-neu\/wir-stellen-zwei-neue-kostenguenstige-5-panels-vor\/\" class=\"more-link\">\u2026\u00a0<span class=\"screen-reader-text\">  Wir stellen zwei neue kosteng\u00fcnstige 5&#8243; Panels vor<\/span><\/a><\/p>\n","protected":false},"author":11,"featured_media":0,"parent":31299,"menu_order":187,"comment_status":"closed","ping_status":"closed","template":"","meta":{"_acf_changed":false,"inline_featured_image":false,"footnotes":""},"kategorie":[],"class_list":["post-31405","page","type-page","status-publish","hentry"],"acf":[],"_links":{"self":[{"href":"https:\/\/www.cuesystem.com\/de\/wp-json\/wp\/v2\/pages\/31405","targetHints":{"allow":["GET"]}}],"collection":[{"href":"https:\/\/www.cuesystem.com\/de\/wp-json\/wp\/v2\/pages"}],"about":[{"href":"https:\/\/www.cuesystem.com\/de\/wp-json\/wp\/v2\/types\/page"}],"author":[{"embeddable":true,"href":"https:\/\/www.cuesystem.com\/de\/wp-json\/wp\/v2\/users\/11"}],"replies":[{"embeddable":true,"href":"https:\/\/www.cuesystem.com\/de\/wp-json\/wp\/v2\/comments?post=31405"}],"version-history":[{"count":5,"href":"https:\/\/www.cuesystem.com\/de\/wp-json\/wp\/v2\/pages\/31405\/revisions"}],"predecessor-version":[{"id":31441,"href":"https:\/\/www.cuesystem.com\/de\/wp-json\/wp\/v2\/pages\/31405\/revisions\/31441"}],"up":[{"embeddable":true,"href":"https:\/\/www.cuesystem.com\/de\/wp-json\/wp\/v2\/pages\/31299"}],"wp:attachment":[{"href":"https:\/\/www.cuesystem.com\/de\/wp-json\/wp\/v2\/media?parent=31405"}],"wp:term":[{"taxonomy":"kategorie","embeddable":true,"href":"https:\/\/www.cuesystem.com\/de\/wp-json\/wp\/v2\/kategorie?post=31405"}],"curies":[{"name":"wp","href":"https:\/\/api.w.org\/{rel}","templated":true}]}}