{"id":31409,"date":"2024-12-10T15:54:34","date_gmt":"2024-12-10T14:54:34","guid":{"rendered":"https:\/\/www.cuesystem.com\/was-ist-neu\/finalist-der-inavation-awards-2025\/"},"modified":"2025-06-19T10:56:18","modified_gmt":"2025-06-19T08:56:18","slug":"finalist-der-inavation-awards-2025","status":"publish","type":"page","link":"https:\/\/www.cuesystem.com\/de\/was-ist-neu\/finalist-der-inavation-awards-2025\/","title":{"rendered":"Finalist der InAVation Awards 2025"},"content":{"rendered":"\t\t<div data-elementor-type=\"wp-page\" data-elementor-id=\"31409\" class=\"elementor elementor-31409 elementor-30591\" data-elementor-post-type=\"page\">\n\t\t\t\t<div class=\"elementor-element elementor-element-7abcf61 e-con-full e-flex e-con e-child\" data-id=\"7abcf61\" data-element_type=\"container\" data-e-type=\"container\">\n\t\t\t\t<div class=\"elementor-element elementor-element-ab07d97 elementor-widget elementor-widget-heading\" data-id=\"ab07d97\" data-element_type=\"widget\" data-e-type=\"widget\" data-widget_type=\"heading.default\">\n\t\t\t\t<div class=\"elementor-widget-container\">\n\t\t\t\t\t<h3 class=\"elementor-heading-title elementor-size-default\"><span style=\"font-size: 20.8px\">Ank\u00fcndigung<\/span><\/h3>\t\t\t\t<\/div>\n\t\t\t\t<\/div>\n\t\t\t\t<div class=\"elementor-element elementor-element-2ef377f elementor-widget elementor-widget-heading\" data-id=\"2ef377f\" data-element_type=\"widget\" data-e-type=\"widget\" data-widget_type=\"heading.default\">\n\t\t\t\t<div class=\"elementor-widget-container\">\n\t\t\t\t\t<h1 class=\"elementor-heading-title elementor-size-default\">Finalist der InAVation Awards 2025<\/h1>\t\t\t\t<\/div>\n\t\t\t\t<\/div>\n\t\t\t\t<div class=\"elementor-element elementor-element-32f6db6 elementor-widget-divider--view-line elementor-widget elementor-widget-divider\" data-id=\"32f6db6\" data-element_type=\"widget\" data-e-type=\"widget\" data-widget_type=\"divider.default\">\n\t\t\t\t<div class=\"elementor-widget-container\">\n\t\t\t\t\t\t\t<div class=\"elementor-divider\">\n\t\t\t<span class=\"elementor-divider-separator\">\n\t\t\t\t\t\t<\/span>\n\t\t<\/div>\n\t\t\t\t\t\t<\/div>\n\t\t\t\t<\/div>\n\t\t<div class=\"elementor-element elementor-element-817c993 e-flex e-con-boxed e-con e-child\" data-id=\"817c993\" data-element_type=\"container\" data-e-type=\"container\">\n\t\t\t\t\t<div class=\"e-con-inner\">\n\t\t\t\t<div class=\"elementor-element elementor-element-9315e84 elementor-widget elementor-widget-image\" data-id=\"9315e84\" data-element_type=\"widget\" data-e-type=\"widget\" data-widget_type=\"image.default\">\n\t\t\t\t<div class=\"elementor-widget-container\">\n\t\t\t\t\t\t\t\t\t\t\t\t\t\t\t<img decoding=\"async\" width=\"300\" height=\"86\" src=\"https:\/\/www.cuesystem.com\/wp-content\/uploads\/2025\/06\/INQ-FINALIST-HORIZONTAL-black_copy-300x86.webp\" class=\"attachment-medium size-medium wp-image-30808\" alt=\"\" srcset=\"https:\/\/www.cuesystem.com\/wp-content\/uploads\/2025\/06\/INQ-FINALIST-HORIZONTAL-black_copy-300x86.webp 300w, https:\/\/www.cuesystem.com\/wp-content\/uploads\/2025\/06\/INQ-FINALIST-HORIZONTAL-black_copy-1024x295.webp 1024w, https:\/\/www.cuesystem.com\/wp-content\/uploads\/2025\/06\/INQ-FINALIST-HORIZONTAL-black_copy-350x100.webp 350w\" sizes=\"(max-width: 300px) 100vw, 300px\" \/>\t\t\t\t\t\t\t\t\t\t\t\t\t\t\t<\/div>\n\t\t\t\t<\/div>\n\t\t\t\t<div class=\"elementor-element elementor-element-ff73d7d elementor-widget-divider--view-line elementor-widget elementor-widget-divider\" data-id=\"ff73d7d\" data-element_type=\"widget\" data-e-type=\"widget\" data-widget_type=\"divider.default\">\n\t\t\t\t<div class=\"elementor-widget-container\">\n\t\t\t\t\t\t\t<div class=\"elementor-divider\">\n\t\t\t<span class=\"elementor-divider-separator\">\n\t\t\t\t\t\t<\/span>\n\t\t<\/div>\n\t\t\t\t\t\t<\/div>\n\t\t\t\t<\/div>\n\t\t\t\t<div class=\"elementor-element elementor-element-00f18ad elementor-widget elementor-widget-text-editor\" data-id=\"00f18ad\" data-element_type=\"widget\" data-e-type=\"widget\" data-widget_type=\"text-editor.default\">\n\t\t\t\t<div class=\"elementor-widget-container\">\n\t\t\t\t\t\t\t\t\t<p>Wir freuen uns sehr, bekannt zu geben, dass CUE <strong>gleich in zwei Kategorien als Finalist<\/strong> bei den <strong>renommierten <a href=\"https:\/\/www.inavationawards.com\/\">InAVation Awards 2025<\/a><\/strong> \u2013 pr\u00e4sentiert von<strong> Inavate<\/strong> + <strong>ISE<\/strong> \u2013 nominiert wurde! Diese Auszeichnung unterstreicht unser <strong>Engagement f\u00fcr Innovation<\/strong> und <strong>Spitzenleistung in der AV-Branche<\/strong>.<\/p><p>Jetzt brauchen wir Ihre Unterst\u00fctzung, um es ganz nach oben zu schaffen!<strong> Die Abstimmung ist er\u00f6ffnet<\/strong>, und jede einzelne Stimme z\u00e4hlt.<\/p><h3>Finalisten-Kategorien:<\/h3>\t\t\t\t\t\t\t\t<\/div>\n\t\t\t\t<\/div>\n\t\t<div class=\"elementor-element elementor-element-0a5e0fe e-con-full e-flex e-con e-child\" data-id=\"0a5e0fe\" data-element_type=\"container\" data-e-type=\"container\">\n\t\t<div class=\"elementor-element elementor-element-0c50b60 e-grid e-con-full e-con e-child\" data-id=\"0c50b60\" data-element_type=\"container\" data-e-type=\"container\">\n\t\t\t\t<div class=\"elementor-element elementor-element-f7e34fe elementor-widget elementor-widget-image\" data-id=\"f7e34fe\" data-element_type=\"widget\" data-e-type=\"widget\" data-widget_type=\"image.default\">\n\t\t\t\t<div class=\"elementor-widget-container\">\n\t\t\t\t\t\t\t\t\t\t\t\t\t\t\t<img fetchpriority=\"high\" decoding=\"async\" width=\"300\" height=\"300\" src=\"https:\/\/www.cuesystem.com\/wp-content\/uploads\/2025\/06\/1-300x300.webp\" class=\"attachment-medium size-medium wp-image-30798\" alt=\"\" srcset=\"https:\/\/www.cuesystem.com\/wp-content\/uploads\/2025\/06\/1-300x300.webp 300w, https:\/\/www.cuesystem.com\/wp-content\/uploads\/2025\/06\/1-1024x1024.webp 1024w, https:\/\/www.cuesystem.com\/wp-content\/uploads\/2025\/06\/1-150x150.webp 150w, https:\/\/www.cuesystem.com\/wp-content\/uploads\/2025\/06\/1.webp 1080w\" sizes=\"(max-width: 300px) 100vw, 300px\" \/>\t\t\t\t\t\t\t\t\t\t\t\t\t\t\t<\/div>\n\t\t\t\t<\/div>\n\t\t\t\t<div class=\"elementor-element elementor-element-f69eac1 elementor-widget elementor-widget-image\" data-id=\"f69eac1\" data-element_type=\"widget\" data-e-type=\"widget\" data-widget_type=\"image.default\">\n\t\t\t\t<div class=\"elementor-widget-container\">\n\t\t\t\t\t\t\t\t\t\t\t\t\t\t\t<img decoding=\"async\" width=\"300\" height=\"300\" src=\"https:\/\/www.cuesystem.com\/wp-content\/uploads\/2025\/06\/2-300x300.webp\" class=\"attachment-medium size-medium wp-image-30803\" alt=\"\" srcset=\"https:\/\/www.cuesystem.com\/wp-content\/uploads\/2025\/06\/2-300x300.webp 300w, https:\/\/www.cuesystem.com\/wp-content\/uploads\/2025\/06\/2-1024x1024.webp 1024w, https:\/\/www.cuesystem.com\/wp-content\/uploads\/2025\/06\/2-150x150.webp 150w, https:\/\/www.cuesystem.com\/wp-content\/uploads\/2025\/06\/2.webp 1080w\" sizes=\"(max-width: 300px) 100vw, 300px\" \/>\t\t\t\t\t\t\t\t\t\t\t\t\t\t\t<\/div>\n\t\t\t\t<\/div>\n\t\t\t\t<div class=\"elementor-element elementor-element-af8ef55 elementor-widget elementor-widget-text-editor\" data-id=\"af8ef55\" data-element_type=\"widget\" data-e-type=\"widget\" data-widget_type=\"text-editor.default\">\n\t\t\t\t<div class=\"elementor-widget-container\">\n\t\t\t\t\t\t\t\t\t<p>Eine kompakte <strong>All-in-One-L\u00f6sung, die die Steuerung<\/strong> in Unterrichtsr\u00e4umen, Konferenzr\u00e4umen und Schulungseinrichtungen vereinfacht.<\/p><p><strong><a href=\"https:\/\/www.cuesystem.com\/de\/navigieren-sie-auf\/\">Mehr erfahren<\/a><\/strong><\/p><h2><strong><a href=\"https:\/\/docs.cuesystem.com\/space\/NEWS\/1457946637#VOTE-FOR-US\">F\u00dcR UNS ABSTIMMEN<\/a><\/strong><\/h2>\t\t\t\t\t\t\t\t<\/div>\n\t\t\t\t<\/div>\n\t\t\t\t<div class=\"elementor-element elementor-element-69e0ac6 elementor-widget elementor-widget-text-editor\" data-id=\"69e0ac6\" data-element_type=\"widget\" data-e-type=\"widget\" data-widget_type=\"text-editor.default\">\n\t\t\t\t<div class=\"elementor-widget-container\">\n\t\t\t\t\t\t\t\t\t<p><strong>Revolutionierung der Navigation in Gesundheitseinrichtungen<\/strong> \u2013 weniger Stress und mehr Zeit f\u00fcr Patienten und Besucher.<\/p><p><strong><a href=\"https:\/\/www.cuesystem.com\/de\/kontrolle\/touch-panels\/\">Mehr erfahren<\/a><\/strong><\/p><h2><strong><a href=\"https:\/\/docs.cuesystem.com\/space\/NEWS\/1457946637#VOTE-FOR-US.1\">F\u00dcR UNS ABSTIMMEN<\/a><\/strong><\/h2>\t\t\t\t\t\t\t\t<\/div>\n\t\t\t\t<\/div>\n\t\t\t\t<\/div>\n\t\t\t\t<\/div>\n\t\t\t\t\t<\/div>\n\t\t\t\t<\/div>\n\t\t\t\t<div class=\"elementor-element elementor-element-f5cc646 elementor-widget-divider--view-line elementor-widget elementor-widget-divider\" data-id=\"f5cc646\" data-element_type=\"widget\" data-e-type=\"widget\" data-widget_type=\"divider.default\">\n\t\t\t\t<div class=\"elementor-widget-container\">\n\t\t\t\t\t\t\t<div class=\"elementor-divider\">\n\t\t\t<span class=\"elementor-divider-separator\">\n\t\t\t\t\t\t<\/span>\n\t\t<\/div>\n\t\t\t\t\t\t<\/div>\n\t\t\t\t<\/div>\n\t\t<div class=\"elementor-element elementor-element-87e3063 e-flex e-con-boxed e-con e-child\" data-id=\"87e3063\" data-element_type=\"container\" data-e-type=\"container\">\n\t\t\t\t\t<div class=\"e-con-inner\">\n\t\t<div class=\"elementor-element elementor-element-45de3c6 e-con-full e-flex e-con e-child\" data-id=\"45de3c6\" data-element_type=\"container\" data-e-type=\"container\">\n\t\t\t\t<div class=\"elementor-element elementor-element-d25eee2 elementor-widget elementor-widget-text-editor\" data-id=\"d25eee2\" data-element_type=\"widget\" data-e-type=\"widget\" data-widget_type=\"text-editor.default\">\n\t\t\t\t<div class=\"elementor-widget-container\">\n\t\t\t\t\t\t\t\t\t<p>Die Abstimmung endet am<strong> 17. Januar 2025<\/strong>, also verpassen Sie nicht die Gelegenheit, uns zu unterst\u00fctzen! Jede Stimme z\u00e4hlt, und wir <strong>danken Ihnen herzlich f\u00fcr Ihre Zeit und Ihre Unterst\u00fctzung<\/strong>. Danke, dass Sie ein so wichtiger Teil unseres Weges sind \u2013 <em><strong>ohne Sie w\u00e4re das nicht m\u00f6glich<\/strong><\/em>.  <\/p>\t\t\t\t\t\t\t\t<\/div>\n\t\t\t\t<\/div>\n\t\t\t\t<\/div>\n\t\t\t\t\t<\/div>\n\t\t\t\t<\/div>\n\t\t<div class=\"elementor-element elementor-element-e8adb8f e-flex e-con-boxed e-con e-child\" data-id=\"e8adb8f\" data-element_type=\"container\" data-e-type=\"container\">\n\t\t\t\t\t<div class=\"e-con-inner\">\n\t\t<div class=\"elementor-element elementor-element-c08c0ff e-con-full e-flex e-con e-child\" data-id=\"c08c0ff\" data-element_type=\"container\" data-e-type=\"container\">\n\t\t\t\t<div class=\"elementor-element elementor-element-9eaa0d6 elementor-widget-divider--view-line elementor-widget elementor-widget-divider\" data-id=\"9eaa0d6\" data-element_type=\"widget\" data-e-type=\"widget\" data-widget_type=\"divider.default\">\n\t\t\t\t<div class=\"elementor-widget-container\">\n\t\t\t\t\t\t\t<div class=\"elementor-divider\">\n\t\t\t<span class=\"elementor-divider-separator\">\n\t\t\t\t\t\t<\/span>\n\t\t<\/div>\n\t\t\t\t\t\t<\/div>\n\t\t\t\t<\/div>\n\t\t\t\t<div class=\"elementor-element elementor-element-e3bbad7 elementor-widget elementor-widget-text-editor\" data-id=\"e3bbad7\" data-element_type=\"widget\" data-e-type=\"widget\" data-widget_type=\"text-editor.default\">\n\t\t\t\t<div class=\"elementor-widget-container\">\n\t\t\t\t\t\t\t\t\t<p>Ver\u00f6ffentlicht: Dezember 2024<\/p>\t\t\t\t\t\t\t\t<\/div>\n\t\t\t\t<\/div>\n\t\t\t\t<div class=\"elementor-element elementor-element-708fac1 elementor-widget-divider--view-line elementor-widget elementor-widget-divider\" data-id=\"708fac1\" data-element_type=\"widget\" data-e-type=\"widget\" data-widget_type=\"divider.default\">\n\t\t\t\t<div class=\"elementor-widget-container\">\n\t\t\t\t\t\t\t<div class=\"elementor-divider\">\n\t\t\t<span class=\"elementor-divider-separator\">\n\t\t\t\t\t\t<\/span>\n\t\t<\/div>\n\t\t\t\t\t\t<\/div>\n\t\t\t\t<\/div>\n\t\t\t\t<\/div>\n\t\t\t\t\t<\/div>\n\t\t\t\t<\/div>\n\t\t\t\t<\/div>\n\t\t\t\t<\/div>\n\t\t","protected":false},"excerpt":{"rendered":"<p>Ank\u00fcndigung Finalist der InAVation Awards 2025 Wir freuen uns sehr, bekannt zu geben, dass CUE gleich in zwei Kategorien als Finalist bei den renommierten InAVation Awards 2025 \u2013 pr\u00e4sentiert von Inavate + ISE \u2013 nominiert wurde! Diese Auszeichnung unterstreicht unser Engagement f\u00fcr Innovation und Spitzenleistung in der AV-Branche. Jetzt brauchen wir Ihre Unterst\u00fctzung, um es <a href=\"https:\/\/www.cuesystem.com\/de\/was-ist-neu\/finalist-der-inavation-awards-2025\/\" class=\"more-link\">\u2026\u00a0<span class=\"screen-reader-text\">  Finalist der InAVation Awards 2025<\/span><\/a><\/p>\n","protected":false},"author":11,"featured_media":0,"parent":31299,"menu_order":192,"comment_status":"closed","ping_status":"closed","template":"","meta":{"_acf_changed":false,"inline_featured_image":false,"footnotes":""},"kategorie":[],"class_list":["post-31409","page","type-page","status-publish","hentry"],"acf":[],"_links":{"self":[{"href":"https:\/\/www.cuesystem.com\/de\/wp-json\/wp\/v2\/pages\/31409","targetHints":{"allow":["GET"]}}],"collection":[{"href":"https:\/\/www.cuesystem.com\/de\/wp-json\/wp\/v2\/pages"}],"about":[{"href":"https:\/\/www.cuesystem.com\/de\/wp-json\/wp\/v2\/types\/page"}],"author":[{"embeddable":true,"href":"https:\/\/www.cuesystem.com\/de\/wp-json\/wp\/v2\/users\/11"}],"replies":[{"embeddable":true,"href":"https:\/\/www.cuesystem.com\/de\/wp-json\/wp\/v2\/comments?post=31409"}],"version-history":[{"count":3,"href":"https:\/\/www.cuesystem.com\/de\/wp-json\/wp\/v2\/pages\/31409\/revisions"}],"predecessor-version":[{"id":31540,"href":"https:\/\/www.cuesystem.com\/de\/wp-json\/wp\/v2\/pages\/31409\/revisions\/31540"}],"up":[{"embeddable":true,"href":"https:\/\/www.cuesystem.com\/de\/wp-json\/wp\/v2\/pages\/31299"}],"wp:attachment":[{"href":"https:\/\/www.cuesystem.com\/de\/wp-json\/wp\/v2\/media?parent=31409"}],"wp:term":[{"taxonomy":"kategorie","embeddable":true,"href":"https:\/\/www.cuesystem.com\/de\/wp-json\/wp\/v2\/kategorie?post=31409"}],"curies":[{"name":"wp","href":"https:\/\/api.w.org\/{rel}","templated":true}]}}