{"id":31509,"date":"2025-05-05T16:17:41","date_gmt":"2025-05-05T14:17:41","guid":{"rendered":"https:\/\/www.cuesystem.com\/fallstudien-2\/ekg-ueberwachung-in-echtzeit\/"},"modified":"2025-08-28T21:11:22","modified_gmt":"2025-08-28T19:11:22","slug":"ekg-ueberwachung-in-echtzeit","status":"publish","type":"page","link":"https:\/\/www.cuesystem.com\/de\/fallstudien-2\/ekg-ueberwachung-in-echtzeit\/","title":{"rendered":"EKG-\u00dcberwachung in Echtzeit"},"content":{"rendered":"\t\t<div data-elementor-type=\"wp-page\" data-elementor-id=\"31509\" class=\"elementor elementor-31509 elementor-30278\" data-elementor-post-type=\"page\">\n\t\t\t\t<div class=\"elementor-element elementor-element-6681c81 e-con-full e-flex e-con e-child\" data-id=\"6681c81\" data-element_type=\"container\" data-e-type=\"container\">\n\t\t\t\t<div class=\"elementor-element elementor-element-f126c0b elementor-widget elementor-widget-heading\" data-id=\"f126c0b\" data-element_type=\"widget\" data-e-type=\"widget\" data-widget_type=\"heading.default\">\n\t\t\t\t<div class=\"elementor-widget-container\">\n\t\t\t\t\t<h3 class=\"elementor-heading-title elementor-size-default\">Fallstudie<\/h3>\t\t\t\t<\/div>\n\t\t\t\t<\/div>\n\t\t\t\t<div class=\"elementor-element elementor-element-a1a78a6 elementor-widget elementor-widget-heading\" data-id=\"a1a78a6\" data-element_type=\"widget\" data-e-type=\"widget\" data-widget_type=\"heading.default\">\n\t\t\t\t<div class=\"elementor-widget-container\">\n\t\t\t\t\t<h1 class=\"elementor-heading-title elementor-size-default\">EKG-\u00dcberwachung in Echtzeit\n\n<\/h1>\t\t\t\t<\/div>\n\t\t\t\t<\/div>\n\t\t\t\t<div class=\"elementor-element elementor-element-29f81ef elementor-widget-divider--view-line elementor-widget elementor-widget-divider\" data-id=\"29f81ef\" data-element_type=\"widget\" data-e-type=\"widget\" data-widget_type=\"divider.default\">\n\t\t\t\t<div class=\"elementor-widget-container\">\n\t\t\t\t\t\t\t<div class=\"elementor-divider\">\n\t\t\t<span class=\"elementor-divider-separator\">\n\t\t\t\t\t\t<\/span>\n\t\t<\/div>\n\t\t\t\t\t\t<\/div>\n\t\t\t\t<\/div>\n\t\t<div class=\"elementor-element elementor-element-de968a7 e-grid e-con-boxed e-con e-child\" data-id=\"de968a7\" data-element_type=\"container\" data-e-type=\"container\">\n\t\t\t\t\t<div class=\"e-con-inner\">\n\t\t<div class=\"elementor-element elementor-element-712377c e-con-full e-flex e-con e-child\" data-id=\"712377c\" data-element_type=\"container\" data-e-type=\"container\">\n\t\t\t\t<div class=\"elementor-element elementor-element-fe0fa8a elementor-widget elementor-widget-heading\" data-id=\"fe0fa8a\" data-element_type=\"widget\" data-e-type=\"widget\" data-widget_type=\"heading.default\">\n\t\t\t\t<div class=\"elementor-widget-container\">\n\t\t\t\t\t<h2 class=\"elementor-heading-title elementor-size-default\">Eine Vision wird Realit\u00e4t<\/h2>\t\t\t\t<\/div>\n\t\t\t\t<\/div>\n\t\t\t\t<div class=\"elementor-element elementor-element-1a78192 elementor-widget elementor-widget-text-editor\" data-id=\"1a78192\" data-element_type=\"widget\" data-e-type=\"widget\" data-widget_type=\"text-editor.default\">\n\t\t\t\t<div class=\"elementor-widget-container\">\n\t\t\t\t\t\t\t\t\t<p>Die tschechische&nbsp;<strong>Gymnasiastin <\/strong>Ad\u00e9la Jare\u0161ov\u00e1, die sich leidenschaftlich f\u00fcr <strong>Technik<\/strong> und <strong>Medizin<\/strong> interessiert, machte sich im Rahmen ihrer <strong>Abschlussarbeit<\/strong> zur Aufgabe, ein <strong>Echtzeit-EKG-Monitoring-System<\/strong> zu entwickeln. Ziel war es, eine <strong>funktionale<\/strong>, <strong>intuitive<\/strong> und <strong>leicht zug\u00e4ngliche L\u00f6sung<\/strong> zu entwerfen, die Folgendes erm\u00f6glicht: <\/p>\n<ul>\n<li>Die <strong>Herzaktivit\u00e4t in Echtzeit<\/strong> mithilfe eines <strong>EKG-Moduls<\/strong> und <strong>Elektroden<\/strong> zu erfassen.<\/li>\n<li>Das <strong>EKG-Signal<\/strong> <strong>effektiv<\/strong> zu <strong>verarbeiten<\/strong> und zu <strong>visualisieren<\/strong>.<\/li>\n<li>Ein <strong>fortschrittliches Steuerungssystem<\/strong> zu <strong>nutzen<\/strong>, um die Daten auf <strong>intuitive<\/strong> Weise <strong>darzustellen<\/strong>.<\/li>\n<\/ul>\n<p>Um dies zu erreichen, erforderte das Projekt eine Kombination aus <strong>Hardware-<\/strong> und <strong>Softwarel\u00f6sungen<\/strong>, mit dem Schwerpunkt auf einer <strong>nahtlosen Integration<\/strong> zwischen <strong>Arduino-basierten Sensoren<\/strong> und einem <strong>professionellen Anzeigesystem<\/strong>.<\/p>\t\t\t\t\t\t\t\t<\/div>\n\t\t\t\t<\/div>\n\t\t\t\t<\/div>\n\t\t<div class=\"elementor-element elementor-element-0e3bca2 e-con-full e-flex e-con e-child\" data-id=\"0e3bca2\" data-element_type=\"container\" data-e-type=\"container\">\n\t\t\t\t<div class=\"elementor-element elementor-element-39ae5da elementor-widget elementor-widget-image\" data-id=\"39ae5da\" data-element_type=\"widget\" data-e-type=\"widget\" data-widget_type=\"image.default\">\n\t\t\t\t<div class=\"elementor-widget-container\">\n\t\t\t\t\t\t\t\t\t\t\t\t\t\t\t\t<a href=\"https:\/\/www.cuesystem.com\/wp-content\/uploads\/2025\/05\/joshua-chehov-beXUIzvxW-Q-unsplash.webp\" data-elementor-open-lightbox=\"yes\" data-e-action-hash=\"#elementor-action%3Aaction%3Dlightbox%26settings%3DeyJpZCI6MzAyOTQsInVybCI6Imh0dHBzOlwvXC93d3cuY3Vlc3lzdGVtLmNvbVwvd3AtY29udGVudFwvdXBsb2Fkc1wvMjAyNVwvMDVcL2pvc2h1YS1jaGVob3YtYmVYVUl6dnhXLVEtdW5zcGxhc2gud2VicCJ9\">\n\t\t\t\t\t\t\t<img fetchpriority=\"high\" decoding=\"async\" width=\"1024\" height=\"683\" src=\"https:\/\/www.cuesystem.com\/wp-content\/uploads\/2025\/05\/joshua-chehov-beXUIzvxW-Q-unsplash-1024x683.webp\" class=\"attachment-large size-large wp-image-30294\" alt=\"\" srcset=\"https:\/\/www.cuesystem.com\/wp-content\/uploads\/2025\/05\/joshua-chehov-beXUIzvxW-Q-unsplash-1024x683.webp 1024w, https:\/\/www.cuesystem.com\/wp-content\/uploads\/2025\/05\/joshua-chehov-beXUIzvxW-Q-unsplash-300x200.webp 300w\" sizes=\"(max-width: 1024px) 100vw, 1024px\" \/>\t\t\t\t\t\t\t\t<\/a>\n\t\t\t\t\t\t\t\t\t\t\t\t\t\t\t<\/div>\n\t\t\t\t<\/div>\n\t\t\t\t<\/div>\n\t\t\t\t\t<\/div>\n\t\t\t\t<\/div>\n\t\t<div class=\"elementor-element elementor-element-ad3e001 e-flex e-con-boxed e-con e-child\" data-id=\"ad3e001\" data-element_type=\"container\" data-e-type=\"container\">\n\t\t\t\t\t<div class=\"e-con-inner\">\n\t\t<div class=\"elementor-element elementor-element-2a2781b e-con-full e-flex e-con e-child\" data-id=\"2a2781b\" data-element_type=\"container\" data-e-type=\"container\">\n\t\t\t\t<div class=\"elementor-element elementor-element-a926bdb elementor-widget elementor-widget-heading\" data-id=\"a926bdb\" data-element_type=\"widget\" data-e-type=\"widget\" data-widget_type=\"heading.default\">\n\t\t\t\t<div class=\"elementor-widget-container\">\n\t\t\t\t\t<h2 class=\"elementor-heading-title elementor-size-default\">Nahtlose Integration von Hardware und Software<\/h2>\t\t\t\t<\/div>\n\t\t\t\t<\/div>\n\t\t\t\t<div class=\"elementor-element elementor-element-4c4cb19 elementor-widget elementor-widget-text-editor\" data-id=\"4c4cb19\" data-element_type=\"widget\" data-e-type=\"widget\" data-widget_type=\"text-editor.default\">\n\t\t\t\t<div class=\"elementor-widget-container\">\n\t\t\t\t\t\t\t\t\t<p>Um die Anforderungen des Projekts zu erf\u00fcllen, wurde ein funktionales EKG-\u00dcberwachungssystem auf Basis der <a href=\"https:\/\/www.cuesystem.com\/de\/kontrolle\/\"><strong>CUE Controll-<\/strong><\/a> und Visualisierungsplattform entwickelt. Das System umfasste: <\/p><ul><li><a href=\"https:\/\/docs.cuesystem.com\/space\/PRODUCTS\/484900953\"><strong>CUE Touch Panel (12,1&#8243;)<\/strong><\/a> \u2013 ein <strong>hochaufl\u00f6sendes Touchscreen-Panel<\/strong> zur <strong>klaren Visualisierung<\/strong> der EKG-Daten.<\/li><li><strong>Arduino UNO R3 mit einem EKG-Modul<\/strong> \u2013 zust\u00e4ndig f\u00fcr die Erfassung und<strong> \u00dcbertragung der<\/strong> <strong>Herzaktivit\u00e4tssignale<\/strong>.<\/li><li><strong>PoE Switch und Splitter<\/strong> \u2013 zur Gew\u00e4hrleistung einer effizienten <strong>Stromverteilung<\/strong> und Daten\u00fcbertragung <strong>\u00fcber Ethernet<\/strong>.<\/li><li><strong>Ethernet Shield<\/strong> \u2013 verantwortlich f\u00fcr eine <strong>nahtlose Kommunikation<\/strong> zwischen dem <strong>Arduino<\/strong> und dem <strong>CUE System<\/strong>.<\/li><\/ul><p>Das System funktioniert, indem es <strong>die<\/strong> elektrische <strong>Aktivit\u00e4t<\/strong> <strong>des Herzens<\/strong> \u00fcber <strong>Elektroden<\/strong> <strong>erfasst<\/strong>, die <strong>Signale<\/strong> mithilfe von Arduino in digitale Daten <strong>umwandelt<\/strong> und diese an das <strong>CUE-System<\/strong> \u00fcbertr\u00e4gt. Die <strong><a href=\"https:\/\/docs.cuesystem.com\/space\/PRODUCTS\/491061541\/CUE+Visual+Composer\">CUE Visual Composer<\/a><\/strong>-Software verarbeitet die <strong>empfangenen Daten<\/strong> und erzeugt eine <strong>Echtzeit-EKG-Kurve <\/strong> auf dem <a href=\"https:\/\/docs.cuesystem.com\/space\/PRODUCTS\/484900953\"><strong>Touchpanel<\/strong><\/a>.  Die Benutzeroberfl\u00e4che enth\u00e4lt <strong>interaktive Steuerelemente<\/strong> wie <strong>Start- und Stopp-Tasten<\/strong>, um <strong>die Benutzerfreundlichkeit<\/strong> insbesondere f\u00fcr <strong>Ausbildungszwecke<\/strong> <strong>zu erh\u00f6hen<\/strong>.<\/p>\t\t\t\t\t\t\t\t<\/div>\n\t\t\t\t<\/div>\n\t\t\t\t<\/div>\n\t\t\t\t\t<\/div>\n\t\t\t\t<\/div>\n\t\t<div class=\"elementor-element elementor-element-6e27b1b e-grid e-con-boxed e-con e-child\" data-id=\"6e27b1b\" data-element_type=\"container\" data-e-type=\"container\">\n\t\t\t\t\t<div class=\"e-con-inner\">\n\t\t<div class=\"elementor-element elementor-element-e629aa8 e-con-full e-flex e-con e-child\" data-id=\"e629aa8\" data-element_type=\"container\" data-e-type=\"container\">\n\t\t\t\t<div class=\"elementor-element elementor-element-22cb1f5 elementor-widget elementor-widget-heading\" data-id=\"22cb1f5\" data-element_type=\"widget\" data-e-type=\"widget\" data-widget_type=\"heading.default\">\n\t\t\t\t<div class=\"elementor-widget-container\">\n\t\t\t\t\t<h2 class=\"elementor-heading-title elementor-size-default\">Innovation mit realer Wirkung<\/h2>\t\t\t\t<\/div>\n\t\t\t\t<\/div>\n\t\t\t\t<div class=\"elementor-element elementor-element-03458b8 elementor-widget elementor-widget-text-editor\" data-id=\"03458b8\" data-element_type=\"widget\" data-e-type=\"widget\" data-widget_type=\"text-editor.default\">\n\t\t\t\t<div class=\"elementor-widget-container\">\n\t\t\t\t\t\t\t\t\t<p>Das Projekt hat das Potenzial der Integration von <strong>CUE-Technologie<\/strong> in <strong>biomedizinische Anwendungen<\/strong> <strong>erfolgreich unter Beweis gestellt<\/strong>. Zu den wichtigsten Ergebnissen geh\u00f6rten: <\/p><ul><li><strong>Visualisierung in Echtzeit<\/strong> \u2013 das <strong><a href=\"https:\/\/docs.cuesystem.com\/space\/PRODUCTS\/484900953\">CUE-Touchpanel<\/a><\/strong> bot eine klare und <strong>pr\u00e4zise Darstellung<\/strong> der <strong>Herzaktivit\u00e4t<\/strong> und <strong>erleichterte so die Interpretation der Daten<\/strong>.<\/li><li><strong>Effiziente Kommunikation<\/strong> \u2013 durch den Einsatz von <strong>PoE-Technologie<\/strong> konnte eine <strong>schlanke Konnektivit\u00e4t<\/strong> realisiert und der Bedarf an mehreren Stromquellen minimiert werden.<\/li><li><strong>Bildungsrelevanz<\/strong> \u2013 das Projekt diente als <strong>wertvolles Lerninstrument<\/strong> und zeigte, wie fortschrittliche Steuerungssysteme in der <strong>Gesundheits\u00fcberwachung<\/strong> eingesetzt werden k\u00f6nnen.<\/li><\/ul><p>Dieser <strong>innovative Ansatz<\/strong> zur <strong>EKG-\u00dcberwachung<\/strong> unterstreicht die <strong>Vielseitigkeit der CUE-L\u00f6sungen<\/strong> \u00fcber die klassische AV-Steuerung hinaus und ebnet den Weg f\u00fcr <strong>potenzielle<\/strong> Anwendungen in der <strong>biomedizinischen Technik<\/strong> und <strong>Forschung<\/strong>.<\/p>\t\t\t\t\t\t\t\t<\/div>\n\t\t\t\t<\/div>\n\t\t\t\t<\/div>\n\t\t<div class=\"elementor-element elementor-element-20fef64 e-con-full e-flex e-con e-child\" data-id=\"20fef64\" data-element_type=\"container\" data-e-type=\"container\">\n\t\t\t\t<div class=\"elementor-element elementor-element-1ce1b07 elementor-widget elementor-widget-image\" data-id=\"1ce1b07\" data-element_type=\"widget\" data-e-type=\"widget\" data-widget_type=\"image.default\">\n\t\t\t\t<div class=\"elementor-widget-container\">\n\t\t\t\t\t\t\t\t\t\t\t\t\t\t\t\t<a href=\"https:\/\/www.cuesystem.com\/wp-content\/uploads\/2025\/05\/image-20250329-114157.webp\" data-elementor-open-lightbox=\"yes\" data-e-action-hash=\"#elementor-action%3Aaction%3Dlightbox%26settings%3DeyJpZCI6MzAyODksInVybCI6Imh0dHBzOlwvXC93d3cuY3Vlc3lzdGVtLmNvbVwvd3AtY29udGVudFwvdXBsb2Fkc1wvMjAyNVwvMDVcL2ltYWdlLTIwMjUwMzI5LTExNDE1Ny53ZWJwIn0%3D\">\n\t\t\t\t\t\t\t<img decoding=\"async\" width=\"1024\" height=\"812\" src=\"https:\/\/www.cuesystem.com\/wp-content\/uploads\/2025\/05\/image-20250329-114157-1024x812.webp\" class=\"attachment-large size-large wp-image-30289\" alt=\"\" srcset=\"https:\/\/www.cuesystem.com\/wp-content\/uploads\/2025\/05\/image-20250329-114157-1024x812.webp 1024w, https:\/\/www.cuesystem.com\/wp-content\/uploads\/2025\/05\/image-20250329-114157-300x238.webp 300w, https:\/\/www.cuesystem.com\/wp-content\/uploads\/2025\/05\/image-20250329-114157.webp 1044w\" sizes=\"(max-width: 1024px) 100vw, 1024px\" \/>\t\t\t\t\t\t\t\t<\/a>\n\t\t\t\t\t\t\t\t\t\t\t\t\t\t\t<\/div>\n\t\t\t\t<\/div>\n\t\t\t\t<\/div>\n\t\t\t\t\t<\/div>\n\t\t\t\t<\/div>\n\t\t\t\t<\/div>\n\t\t\t\t<\/div>\n\t\t","protected":false},"excerpt":{"rendered":"<p>Fallstudie EKG-\u00dcberwachung in Echtzeit Eine Vision wird Realit\u00e4t Die tschechische&nbsp;Gymnasiastin Ad\u00e9la Jare\u0161ov\u00e1, die sich leidenschaftlich f\u00fcr Technik und Medizin interessiert, machte sich im Rahmen ihrer Abschlussarbeit zur Aufgabe, ein Echtzeit-EKG-Monitoring-System zu entwickeln. Ziel war es, eine funktionale, intuitive und leicht zug\u00e4ngliche L\u00f6sung zu entwerfen, die Folgendes erm\u00f6glicht: Die Herzaktivit\u00e4t in Echtzeit mithilfe eines EKG-Moduls und <a href=\"https:\/\/www.cuesystem.com\/de\/fallstudien-2\/ekg-ueberwachung-in-echtzeit\/\" class=\"more-link\">\u2026\u00a0<span class=\"screen-reader-text\">  EKG-\u00dcberwachung in Echtzeit<\/span><\/a><\/p>\n","protected":false},"author":11,"featured_media":0,"parent":30185,"menu_order":207,"comment_status":"closed","ping_status":"closed","template":"","meta":{"_acf_changed":false,"inline_featured_image":false,"footnotes":""},"kategorie":[],"class_list":["post-31509","page","type-page","status-publish","hentry"],"acf":[],"_links":{"self":[{"href":"https:\/\/www.cuesystem.com\/de\/wp-json\/wp\/v2\/pages\/31509","targetHints":{"allow":["GET"]}}],"collection":[{"href":"https:\/\/www.cuesystem.com\/de\/wp-json\/wp\/v2\/pages"}],"about":[{"href":"https:\/\/www.cuesystem.com\/de\/wp-json\/wp\/v2\/types\/page"}],"author":[{"embeddable":true,"href":"https:\/\/www.cuesystem.com\/de\/wp-json\/wp\/v2\/users\/11"}],"replies":[{"embeddable":true,"href":"https:\/\/www.cuesystem.com\/de\/wp-json\/wp\/v2\/comments?post=31509"}],"version-history":[{"count":5,"href":"https:\/\/www.cuesystem.com\/de\/wp-json\/wp\/v2\/pages\/31509\/revisions"}],"predecessor-version":[{"id":32312,"href":"https:\/\/www.cuesystem.com\/de\/wp-json\/wp\/v2\/pages\/31509\/revisions\/32312"}],"up":[{"embeddable":true,"href":"https:\/\/www.cuesystem.com\/de\/wp-json\/wp\/v2\/pages\/30185"}],"wp:attachment":[{"href":"https:\/\/www.cuesystem.com\/de\/wp-json\/wp\/v2\/media?parent=31509"}],"wp:term":[{"taxonomy":"kategorie","embeddable":true,"href":"https:\/\/www.cuesystem.com\/de\/wp-json\/wp\/v2\/kategorie?post=31509"}],"curies":[{"name":"wp","href":"https:\/\/api.w.org\/{rel}","templated":true}]}}