{"id":31956,"date":"2025-03-18T13:50:42","date_gmt":"2025-03-18T12:50:42","guid":{"rendered":"https:\/\/www.cuesystem.com\/was-ist-neu\/cue-auf-der-medialog-2025-mir-2025\/"},"modified":"2025-07-28T18:59:53","modified_gmt":"2025-07-28T16:59:53","slug":"cue-auf-der-medialog-2025-mir-2025","status":"publish","type":"page","link":"https:\/\/www.cuesystem.com\/de\/was-ist-neu\/cue-auf-der-medialog-2025-mir-2025\/","title":{"rendered":"CUE auf der MEDIALOG 2025 &amp; MIR 2025"},"content":{"rendered":"\t\t<div data-elementor-type=\"wp-page\" data-elementor-id=\"31956\" class=\"elementor elementor-31956 elementor-31714\" data-elementor-post-type=\"page\">\n\t\t\t\t<div class=\"elementor-element elementor-element-b4b3851 e-con-full e-flex e-con e-child\" data-id=\"b4b3851\" data-element_type=\"container\" data-e-type=\"container\">\n\t\t\t\t<div class=\"elementor-element elementor-element-0852bd1 elementor-widget elementor-widget-heading\" data-id=\"0852bd1\" data-element_type=\"widget\" data-e-type=\"widget\" data-widget_type=\"heading.default\">\n\t\t\t\t<div class=\"elementor-widget-container\">\n\t\t\t\t\t<h3 class=\"elementor-heading-title elementor-size-default\">Veranstaltungen<\/h3>\t\t\t\t<\/div>\n\t\t\t\t<\/div>\n\t\t\t\t<div class=\"elementor-element elementor-element-2717a13 elementor-widget elementor-widget-heading\" data-id=\"2717a13\" data-element_type=\"widget\" data-e-type=\"widget\" data-widget_type=\"heading.default\">\n\t\t\t\t<div class=\"elementor-widget-container\">\n\t\t\t\t\t<h1 class=\"elementor-heading-title elementor-size-default\">CUE auf der MEDIALOG 2025 &amp; MIR 2025<\/h1>\t\t\t\t<\/div>\n\t\t\t\t<\/div>\n\t\t\t\t<div class=\"elementor-element elementor-element-c5d8d5d elementor-widget-divider--view-line elementor-widget elementor-widget-divider\" data-id=\"c5d8d5d\" data-element_type=\"widget\" data-e-type=\"widget\" data-widget_type=\"divider.default\">\n\t\t\t\t<div class=\"elementor-widget-container\">\n\t\t\t\t\t\t\t<div class=\"elementor-divider\">\n\t\t\t<span class=\"elementor-divider-separator\">\n\t\t\t\t\t\t<\/span>\n\t\t<\/div>\n\t\t\t\t\t\t<\/div>\n\t\t\t\t<\/div>\n\t\t<div class=\"elementor-element elementor-element-68d86b1 e-flex e-con-boxed e-con e-child\" data-id=\"68d86b1\" data-element_type=\"container\" data-e-type=\"container\">\n\t\t\t\t\t<div class=\"e-con-inner\">\n\t\t\t\t<div class=\"elementor-element elementor-element-26f2831 elementor-widget elementor-widget-text-editor\" data-id=\"26f2831\" data-element_type=\"widget\" data-e-type=\"widget\" data-widget_type=\"text-editor.default\">\n\t\t\t\t<div class=\"elementor-widget-container\">\n\t\t\t\t\t\t\t\t\t<p>Von <strong>Deutschland<\/strong> bis <strong>Italien<\/strong> bereiten wir uns darauf vor, unsere <strong>neuesten Innovationen<\/strong> im Bereich der intelligenten Kontrollsysteme vorzustellen. Hier erfahren Sie, wo Sie uns <strong>in diesem Fr\u00fchjahr<\/strong> finden werden: <\/p>\t\t\t\t\t\t\t\t<\/div>\n\t\t\t\t<\/div>\n\t\t\t\t\t<\/div>\n\t\t\t\t<\/div>\n\t\t<div class=\"elementor-element elementor-element-61edc13 e-flex e-con-boxed e-con e-child\" data-id=\"61edc13\" data-element_type=\"container\" data-e-type=\"container\">\n\t\t\t\t\t<div class=\"e-con-inner\">\n\t\t\t\t<div class=\"elementor-element elementor-element-562e00b elementor-widget-divider--view-line elementor-widget elementor-widget-divider\" data-id=\"562e00b\" data-element_type=\"widget\" data-e-type=\"widget\" data-widget_type=\"divider.default\">\n\t\t\t\t<div class=\"elementor-widget-container\">\n\t\t\t\t\t\t\t<div class=\"elementor-divider\">\n\t\t\t<span class=\"elementor-divider-separator\">\n\t\t\t\t\t\t<\/span>\n\t\t<\/div>\n\t\t\t\t\t\t<\/div>\n\t\t\t\t<\/div>\n\t\t\t\t<div class=\"elementor-element elementor-element-b0ecdb0 elementor-widget elementor-widget-heading\" data-id=\"b0ecdb0\" data-element_type=\"widget\" data-e-type=\"widget\" data-widget_type=\"heading.default\">\n\t\t\t\t<div class=\"elementor-widget-container\">\n\t\t\t\t\t<h2 class=\"elementor-heading-title elementor-size-default\">MEDIALOG 2025\n<\/h2>\t\t\t\t<\/div>\n\t\t\t\t<\/div>\n\t\t\t\t<div class=\"elementor-element elementor-element-5573396 elementor-widget-divider--view-line elementor-widget elementor-widget-divider\" data-id=\"5573396\" data-element_type=\"widget\" data-e-type=\"widget\" data-widget_type=\"divider.default\">\n\t\t\t\t<div class=\"elementor-widget-container\">\n\t\t\t\t\t\t\t<div class=\"elementor-divider\">\n\t\t\t<span class=\"elementor-divider-separator\">\n\t\t\t\t\t\t<\/span>\n\t\t<\/div>\n\t\t\t\t\t\t<\/div>\n\t\t\t\t<\/div>\n\t\t\t\t\t<\/div>\n\t\t\t\t<\/div>\n\t\t<div class=\"elementor-element elementor-element-2faa0b9 e-grid e-con-boxed e-con e-child\" data-id=\"2faa0b9\" data-element_type=\"container\" data-e-type=\"container\">\n\t\t\t\t\t<div class=\"e-con-inner\">\n\t\t<div class=\"elementor-element elementor-element-dbd5a14 e-con-full e-flex e-con e-child\" data-id=\"dbd5a14\" data-element_type=\"container\" data-e-type=\"container\">\n\t\t\t\t<div class=\"elementor-element elementor-element-9adb26d elementor-widget elementor-widget-text-editor\" data-id=\"9adb26d\" data-element_type=\"widget\" data-e-type=\"widget\" data-widget_type=\"text-editor.default\">\n\t\t\t\t<div class=\"elementor-widget-container\">\n\t\t\t\t\t\t\t\t\t<h3>April 2-3, 2025<\/h3><h4><em>Halle 45, Mainz, Deutschland<\/em><\/h4><p>Wir kehren zum <strong>MEDIALOG<\/strong> zur\u00fcck, der <strong>f\u00fchrenden<\/strong> <strong>Veranstaltung f\u00fcr<\/strong> <strong>AV- und UC-Technologie<\/strong>, die von unserem Partner <a href=\"https:\/\/www.kern-stelly.de\/\"><strong>Kern &amp; Stelly<\/strong><\/a>. Besuchen Sie unseren Stand f\u00fcr <strong>praktische Demos<\/strong> und <strong>Einblicke<\/strong> in alle <a href=\"https:\/\/www.cuesystem.com\/de\/cue-oekosystem\/\"><strong>f\u00fcnf S\u00e4ulen<\/strong><\/a> der <strong>CUE-L\u00f6sung<\/strong>. Egal, ob Sie sich f\u00fcr Touchpanels, Automatisierung, Zeitplanung oder Fernverwaltung interessieren, wir sind <strong>bereit, \u00fcber<\/strong> Technik, Trends und die Zukunft der integrierten Steuerung <strong>zu sprechen<\/strong>.  <\/p><p>Mehr erfahren <strong><a href=\"https:\/\/www.kern-stelly.de\/profile\/news\/read\/id\/2077\/\">HIER<\/a><\/strong>.  <\/p>\t\t\t\t\t\t\t\t<\/div>\n\t\t\t\t<\/div>\n\t\t\t\t<\/div>\n\t\t<div class=\"elementor-element elementor-element-0f11549 e-con-full e-flex e-con e-child\" data-id=\"0f11549\" data-element_type=\"container\" data-e-type=\"container\">\n\t\t\t\t<div class=\"elementor-element elementor-element-aa493e7 elementor-widget elementor-widget-image\" data-id=\"aa493e7\" data-element_type=\"widget\" data-e-type=\"widget\" data-widget_type=\"image.default\">\n\t\t\t\t<div class=\"elementor-widget-container\">\n\t\t\t\t\t\t\t\t\t\t\t\t<figure class=\"wp-caption\">\n\t\t\t\t\t\t\t\t\t\t\t<a href=\"https:\/\/www.cuesystem.com\/wp-content\/uploads\/2025\/07\/prispevek-SoMe-\u2013-Medialog-grafika.webp\" data-elementor-open-lightbox=\"yes\" data-e-action-hash=\"#elementor-action%3Aaction%3Dlightbox%26settings%3DeyJpZCI6MzE3MzMsInVybCI6Imh0dHBzOlwvXC93d3cuY3Vlc3lzdGVtLmNvbVwvd3AtY29udGVudFwvdXBsb2Fkc1wvMjAyNVwvMDdcL3ByaXNwZXZlay1Tb01lLVx1MjAxMy1NZWRpYWxvZy1ncmFmaWthLndlYnAifQ%3D%3D\">\n\t\t\t\t\t\t\t<img fetchpriority=\"high\" decoding=\"async\" width=\"1024\" height=\"535\" src=\"https:\/\/www.cuesystem.com\/wp-content\/uploads\/2025\/07\/prispevek-SoMe-\u2013-Medialog-grafika-1024x535.webp\" class=\"attachment-large size-large wp-image-31733\" alt=\"\" srcset=\"https:\/\/www.cuesystem.com\/wp-content\/uploads\/2025\/07\/prispevek-SoMe-\u2013-Medialog-grafika-1024x535.webp 1024w, https:\/\/www.cuesystem.com\/wp-content\/uploads\/2025\/07\/prispevek-SoMe-\u2013-Medialog-grafika-300x157.webp 300w, https:\/\/www.cuesystem.com\/wp-content\/uploads\/2025\/07\/prispevek-SoMe-\u2013-Medialog-grafika.webp 1200w\" sizes=\"(max-width: 1024px) 100vw, 1024px\" \/>\t\t\t\t\t\t\t\t<\/a>\n\t\t\t\t\t\t\t\t\t\t\t<figcaption class=\"widget-image-caption wp-caption-text\"><\/figcaption>\n\t\t\t\t\t\t\t\t\t\t<\/figure>\n\t\t\t\t\t\t\t\t\t<\/div>\n\t\t\t\t<\/div>\n\t\t\t\t<\/div>\n\t\t\t\t\t<\/div>\n\t\t\t\t<\/div>\n\t\t<div class=\"elementor-element elementor-element-ee346a7 e-flex e-con-boxed e-con e-child\" data-id=\"ee346a7\" data-element_type=\"container\" data-e-type=\"container\">\n\t\t\t\t\t<div class=\"e-con-inner\">\n\t\t\t\t<div class=\"elementor-element elementor-element-91f0900 elementor-widget-divider--view-line elementor-widget elementor-widget-divider\" data-id=\"91f0900\" data-element_type=\"widget\" data-e-type=\"widget\" data-widget_type=\"divider.default\">\n\t\t\t\t<div class=\"elementor-widget-container\">\n\t\t\t\t\t\t\t<div class=\"elementor-divider\">\n\t\t\t<span class=\"elementor-divider-separator\">\n\t\t\t\t\t\t<\/span>\n\t\t<\/div>\n\t\t\t\t\t\t<\/div>\n\t\t\t\t<\/div>\n\t\t\t\t<div class=\"elementor-element elementor-element-bc7af78 elementor-widget elementor-widget-heading\" data-id=\"bc7af78\" data-element_type=\"widget\" data-e-type=\"widget\" data-widget_type=\"heading.default\">\n\t\t\t\t<div class=\"elementor-widget-container\">\n\t\t\t\t\t<h2 class=\"elementor-heading-title elementor-size-default\">MIR 2025<\/h2>\t\t\t\t<\/div>\n\t\t\t\t<\/div>\n\t\t\t\t<div class=\"elementor-element elementor-element-d3d287f elementor-widget-divider--view-line elementor-widget elementor-widget-divider\" data-id=\"d3d287f\" data-element_type=\"widget\" data-e-type=\"widget\" data-widget_type=\"divider.default\">\n\t\t\t\t<div class=\"elementor-widget-container\">\n\t\t\t\t\t\t\t<div class=\"elementor-divider\">\n\t\t\t<span class=\"elementor-divider-separator\">\n\t\t\t\t\t\t<\/span>\n\t\t<\/div>\n\t\t\t\t\t\t<\/div>\n\t\t\t\t<\/div>\n\t\t<div class=\"elementor-element elementor-element-e8290a1 e-grid e-con-full e-con e-child\" data-id=\"e8290a1\" data-element_type=\"container\" data-e-type=\"container\">\n\t\t<div class=\"elementor-element elementor-element-4f87ec8 e-con-full e-flex e-con e-child\" data-id=\"4f87ec8\" data-element_type=\"container\" data-e-type=\"container\">\n\t\t\t\t<div class=\"elementor-element elementor-element-e6bf72d elementor-widget elementor-widget-image\" data-id=\"e6bf72d\" data-element_type=\"widget\" data-e-type=\"widget\" data-widget_type=\"image.default\">\n\t\t\t\t<div class=\"elementor-widget-container\">\n\t\t\t\t\t\t\t\t\t\t\t\t<figure class=\"wp-caption\">\n\t\t\t\t\t\t\t\t\t\t\t<a href=\"https:\/\/www.cuesystem.com\/wp-content\/uploads\/2025\/07\/at-ISE-2025.webp\" data-elementor-open-lightbox=\"yes\" data-e-action-hash=\"#elementor-action%3Aaction%3Dlightbox%26settings%3DeyJpZCI6MzE3MjgsInVybCI6Imh0dHBzOlwvXC93d3cuY3Vlc3lzdGVtLmNvbVwvd3AtY29udGVudFwvdXBsb2Fkc1wvMjAyNVwvMDdcL2F0LUlTRS0yMDI1LndlYnAifQ%3D%3D\">\n\t\t\t\t\t\t\t<img decoding=\"async\" width=\"1024\" height=\"466\" src=\"https:\/\/www.cuesystem.com\/wp-content\/uploads\/2025\/07\/at-ISE-2025-1024x466.webp\" class=\"attachment-large size-large wp-image-31728\" alt=\"\" srcset=\"https:\/\/www.cuesystem.com\/wp-content\/uploads\/2025\/07\/at-ISE-2025-1024x466.webp 1024w, https:\/\/www.cuesystem.com\/wp-content\/uploads\/2025\/07\/at-ISE-2025-300x137.webp 300w, https:\/\/www.cuesystem.com\/wp-content\/uploads\/2025\/07\/at-ISE-2025.webp 1280w\" sizes=\"(max-width: 1024px) 100vw, 1024px\" \/>\t\t\t\t\t\t\t\t<\/a>\n\t\t\t\t\t\t\t\t\t\t\t<figcaption class=\"widget-image-caption wp-caption-text\"><\/figcaption>\n\t\t\t\t\t\t\t\t\t\t<\/figure>\n\t\t\t\t\t\t\t\t\t<\/div>\n\t\t\t\t<\/div>\n\t\t\t\t<\/div>\n\t\t<div class=\"elementor-element elementor-element-ccfe4e0 e-con-full e-flex e-con e-child\" data-id=\"ccfe4e0\" data-element_type=\"container\" data-e-type=\"container\">\n\t\t\t\t<div class=\"elementor-element elementor-element-c7c409c elementor-widget elementor-widget-text-editor\" data-id=\"c7c409c\" data-element_type=\"widget\" data-e-type=\"widget\" data-widget_type=\"text-editor.default\">\n\t\t\t\t<div class=\"elementor-widget-container\">\n\t\t\t\t\t\t\t\t\t<h3>23-25 M\u00e4rz, 2025<\/h3><h4><em>Halle A1 &#8211; Stand 165 | Fiera di Rimini, Italien<\/em><\/h4><p>Dieses Jahr ist unser <strong>erster Auftritt<\/strong> auf der <strong>MIR<\/strong> mit unserem neuen Partner <strong><a href=\"https:\/\/www.intermark.it\/home-english\/\">Intermark Sistemi<\/a><\/strong>. <strong>Italiens Top-Veranstaltung<\/strong> f\u00fcr AV-, Beleuchtungs- und Steuerungstechnologien ist der <strong>perfekte Rahmen, um<\/strong> unser <strong>gesamtes Produktportfolio<\/strong> <strong>kennenzulernen<\/strong>. Treffen Sie sich mit uns, tauschen Sie Ideen aus und entdecken Sie intelligentere Wege zur Verwaltung von AV-Umgebungen &#8211; <strong>live in Rimini<\/strong>. <\/p><p>Mehr erfahren <strong><a href=\"https:\/\/www.intermark.it\/events\/fiera-mir-intermark-sistemi-rimini-23-25-marzo-2025\/\">HIER<\/a> <\/strong>oder <strong><a href=\"https:\/\/en.mirtechexpo.com\/\">HIER<\/a><\/strong>.<\/p>\t\t\t\t\t\t\t\t<\/div>\n\t\t\t\t<\/div>\n\t\t\t\t<\/div>\n\t\t\t\t<\/div>\n\t\t\t\t\t<\/div>\n\t\t\t\t<\/div>\n\t\t\t\t<\/div>\n\t\t\t\t<\/div>\n\t\t","protected":false},"excerpt":{"rendered":"<p>Veranstaltungen CUE auf der MEDIALOG 2025 &amp; MIR 2025 Von Deutschland bis Italien bereiten wir uns darauf vor, unsere neuesten Innovationen im Bereich der intelligenten Kontrollsysteme vorzustellen. Hier erfahren Sie, wo Sie uns in diesem Fr\u00fchjahr finden werden: MEDIALOG 2025 April 2-3, 2025 Halle 45, Mainz, Deutschland Wir kehren zum MEDIALOG zur\u00fcck, der f\u00fchrenden Veranstaltung <a href=\"https:\/\/www.cuesystem.com\/de\/was-ist-neu\/cue-auf-der-medialog-2025-mir-2025\/\" class=\"more-link\">\u2026\u00a0<span class=\"screen-reader-text\">  CUE auf der MEDIALOG 2025 &amp; MIR 2025<\/span><\/a><\/p>\n","protected":false},"author":11,"featured_media":0,"parent":31299,"menu_order":166,"comment_status":"closed","ping_status":"closed","template":"","meta":{"_acf_changed":false,"inline_featured_image":false,"footnotes":""},"kategorie":[],"class_list":["post-31956","page","type-page","status-publish","hentry"],"acf":[],"_links":{"self":[{"href":"https:\/\/www.cuesystem.com\/de\/wp-json\/wp\/v2\/pages\/31956","targetHints":{"allow":["GET"]}}],"collection":[{"href":"https:\/\/www.cuesystem.com\/de\/wp-json\/wp\/v2\/pages"}],"about":[{"href":"https:\/\/www.cuesystem.com\/de\/wp-json\/wp\/v2\/types\/page"}],"author":[{"embeddable":true,"href":"https:\/\/www.cuesystem.com\/de\/wp-json\/wp\/v2\/users\/11"}],"replies":[{"embeddable":true,"href":"https:\/\/www.cuesystem.com\/de\/wp-json\/wp\/v2\/comments?post=31956"}],"version-history":[{"count":1,"href":"https:\/\/www.cuesystem.com\/de\/wp-json\/wp\/v2\/pages\/31956\/revisions"}],"predecessor-version":[{"id":31957,"href":"https:\/\/www.cuesystem.com\/de\/wp-json\/wp\/v2\/pages\/31956\/revisions\/31957"}],"up":[{"embeddable":true,"href":"https:\/\/www.cuesystem.com\/de\/wp-json\/wp\/v2\/pages\/31299"}],"wp:attachment":[{"href":"https:\/\/www.cuesystem.com\/de\/wp-json\/wp\/v2\/media?parent=31956"}],"wp:term":[{"taxonomy":"kategorie","embeddable":true,"href":"https:\/\/www.cuesystem.com\/de\/wp-json\/wp\/v2\/kategorie?post=31956"}],"curies":[{"name":"wp","href":"https:\/\/api.w.org\/{rel}","templated":true}]}}