{"id":32216,"date":"2025-08-19T10:17:44","date_gmt":"2025-08-19T08:17:44","guid":{"rendered":"https:\/\/www.cuesystem.com\/fallstudien-2\/grand-hansa-hotel\/"},"modified":"2025-08-21T21:37:43","modified_gmt":"2025-08-21T19:37:43","slug":"grand-hansa-hotel","status":"publish","type":"page","link":"https:\/\/www.cuesystem.com\/de\/fallstudien-2\/grand-hansa-hotel\/","title":{"rendered":"Grand Hansa Hotel"},"content":{"rendered":"\t\t<div data-elementor-type=\"wp-page\" data-elementor-id=\"32216\" class=\"elementor elementor-32216 elementor-32156\" data-elementor-post-type=\"page\">\n\t\t\t\t<div class=\"elementor-element elementor-element-ede1820 e-con-full e-flex e-con e-child\" data-id=\"ede1820\" data-element_type=\"container\" data-e-type=\"container\">\n\t\t\t\t<div class=\"elementor-element elementor-element-e3bf7b8 elementor-widget elementor-widget-heading\" data-id=\"e3bf7b8\" data-element_type=\"widget\" data-e-type=\"widget\" data-widget_type=\"heading.default\">\n\t\t\t\t<div class=\"elementor-widget-container\">\n\t\t\t\t\t<h3 class=\"elementor-heading-title elementor-size-default\">Fallstudie<\/h3>\t\t\t\t<\/div>\n\t\t\t\t<\/div>\n\t\t\t\t<div class=\"elementor-element elementor-element-be66416 elementor-widget elementor-widget-heading\" data-id=\"be66416\" data-element_type=\"widget\" data-e-type=\"widget\" data-widget_type=\"heading.default\">\n\t\t\t\t<div class=\"elementor-widget-container\">\n\t\t\t\t\t<h1 class=\"elementor-heading-title elementor-size-default\">Grand Hansa Hotel\n\n\n<\/h1>\t\t\t\t<\/div>\n\t\t\t\t<\/div>\n\t\t\t\t<div class=\"elementor-element elementor-element-be8709c elementor-widget-divider--view-line elementor-widget elementor-widget-divider\" data-id=\"be8709c\" data-element_type=\"widget\" data-e-type=\"widget\" data-widget_type=\"divider.default\">\n\t\t\t\t<div class=\"elementor-widget-container\">\n\t\t\t\t\t\t\t<div class=\"elementor-divider\">\n\t\t\t<span class=\"elementor-divider-separator\">\n\t\t\t\t\t\t<\/span>\n\t\t<\/div>\n\t\t\t\t\t\t<\/div>\n\t\t\t\t<\/div>\n\t\t<div class=\"elementor-element elementor-element-d461f5a e-grid e-con-boxed e-con e-child\" data-id=\"d461f5a\" data-element_type=\"container\" data-e-type=\"container\">\n\t\t\t\t\t<div class=\"e-con-inner\">\n\t\t<div class=\"elementor-element elementor-element-c5a05d5 e-con-full e-flex e-con e-child\" data-id=\"c5a05d5\" data-element_type=\"container\" data-e-type=\"container\">\n\t\t\t\t<div class=\"elementor-element elementor-element-827b0b2 elementor-widget elementor-widget-heading\" data-id=\"827b0b2\" data-element_type=\"widget\" data-e-type=\"widget\" data-widget_type=\"heading.default\">\n\t\t\t\t<div class=\"elementor-widget-container\">\n\t\t\t\t\t<h2 class=\"elementor-heading-title elementor-size-default\">Die Herausforderung<\/h2>\t\t\t\t<\/div>\n\t\t\t\t<\/div>\n\t\t\t\t<div class=\"elementor-element elementor-element-0f48069 elementor-widget elementor-widget-text-editor\" data-id=\"0f48069\" data-element_type=\"widget\" data-e-type=\"widget\" data-widget_type=\"text-editor.default\">\n\t\t\t\t<div class=\"elementor-widget-container\">\n\t\t\t\t\t\t\t\t\t<p data-renderer-start-pos=\"20\">Das neu er\u00f6ffnete <strong data-renderer-mark=\"true\">Grand Hansa Hotel<\/strong> im Herzen von Helsinki hat sich zum Ziel gesetzt, <strong data-renderer-mark=\"true\">seinen G\u00e4sten ein F\u00fcnf-Sterne-Erlebnis<\/strong> zu bieten, das <strong data-renderer-mark=\"true\">zeitlose Eleganz<\/strong> mit <strong data-renderer-mark=\"true\">modernster Technologie<\/strong> vereint.<\/p><p data-renderer-start-pos=\"187\">Um den <strong data-renderer-mark=\"true\">modernen Erwartungen<\/strong> gerecht zu werden, ben\u00f6tigte das Hotel eine <strong data-renderer-mark=\"true\">leistunsstarke AV- und Steuerungsl\u00f6sung<\/strong>, die eine <strong data-renderer-mark=\"true\">Vielzahl von Bereichen<\/strong> abdeckt, darunter:<\/p><ul class=\"ak-ul\" data-indent-level=\"1\"><li><p data-renderer-start-pos=\"323\">Ballsaal und exklusive Tagungsr\u00e4ume<\/p><\/li><li><p data-renderer-start-pos=\"362\">Restaurants und Lobbybereiche<\/p><\/li><li><p data-renderer-start-pos=\"393\">G\u00e4stezimmer und Gemeinschaftsbereiche<\/p><\/li><\/ul><p data-renderer-start-pos=\"425\">Die gr\u00f6\u00dfte Herausforderung bestand darin, <strong data-renderer-mark=\"true\">einen reibungslosen Betrieb<\/strong>, eine <strong data-renderer-mark=\"true\">einfache Steuerung<\/strong> f\u00fcr das Hotelpersonal und die <strong data-renderer-mark=\"true\">vollst\u00e4ndige Kompatibilit\u00e4t<\/strong> mit den pers\u00f6nlichen Ger\u00e4ten der G\u00e4ste <strong data-renderer-mark=\"true\">sicherzustellen<\/strong> \u2013 und dabei <strong data-renderer-mark=\"true\">die edle Atmosph\u00e4re<\/strong> der R\u00e4umlichkeiten zu bewahren.<\/p>\t\t\t\t\t\t\t\t<\/div>\n\t\t\t\t<\/div>\n\t\t\t\t<\/div>\n\t\t<div class=\"elementor-element elementor-element-e4ea18d e-con-full e-flex e-con e-child\" data-id=\"e4ea18d\" data-element_type=\"container\" data-e-type=\"container\">\n\t\t\t\t<div class=\"elementor-element elementor-element-8d80a2c elementor-widget elementor-widget-image\" data-id=\"8d80a2c\" data-element_type=\"widget\" data-e-type=\"widget\" data-widget_type=\"image.default\">\n\t\t\t\t<div class=\"elementor-widget-container\">\n\t\t\t\t\t\t\t\t\t\t\t\t<figure class=\"wp-caption\">\n\t\t\t\t\t\t\t\t\t\t<img fetchpriority=\"high\" decoding=\"async\" width=\"700\" height=\"466\" src=\"https:\/\/www.cuesystem.com\/wp-content\/uploads\/2025\/08\/MeetingRoom_Socis_wide.webp\" class=\"attachment-large size-large wp-image-32179\" alt=\"\" srcset=\"https:\/\/www.cuesystem.com\/wp-content\/uploads\/2025\/08\/MeetingRoom_Socis_wide.webp 700w, https:\/\/www.cuesystem.com\/wp-content\/uploads\/2025\/08\/MeetingRoom_Socis_wide-300x200.webp 300w\" sizes=\"(max-width: 700px) 100vw, 700px\" \/>\t\t\t\t\t\t\t\t\t\t\t<figcaption class=\"widget-image-caption wp-caption-text\">Konferenzsaal Socis<\/figcaption>\n\t\t\t\t\t\t\t\t\t\t<\/figure>\n\t\t\t\t\t\t\t\t\t<\/div>\n\t\t\t\t<\/div>\n\t\t\t\t<\/div>\n\t\t\t\t\t<\/div>\n\t\t\t\t<\/div>\n\t\t<div class=\"elementor-element elementor-element-77e9e23 e-grid e-con-boxed e-con e-child\" data-id=\"77e9e23\" data-element_type=\"container\" data-e-type=\"container\">\n\t\t\t\t\t<div class=\"e-con-inner\">\n\t\t<div class=\"elementor-element elementor-element-d855524 e-con-full e-flex e-con e-child\" data-id=\"d855524\" data-element_type=\"container\" data-e-type=\"container\">\n\t\t\t\t<div class=\"elementor-element elementor-element-f420aab elementor-widget elementor-widget-image\" data-id=\"f420aab\" data-element_type=\"widget\" data-e-type=\"widget\" data-widget_type=\"image.default\">\n\t\t\t\t<div class=\"elementor-widget-container\">\n\t\t\t\t\t\t\t\t\t\t\t\t\t\t\t<img decoding=\"async\" width=\"1024\" height=\"682\" src=\"https:\/\/www.cuesystem.com\/wp-content\/uploads\/2025\/08\/Grandhansa_paa-CC-1024x682.webp\" class=\"attachment-large size-large wp-image-32189\" alt=\"\" srcset=\"https:\/\/www.cuesystem.com\/wp-content\/uploads\/2025\/08\/Grandhansa_paa-CC-1024x682.webp 1024w, https:\/\/www.cuesystem.com\/wp-content\/uploads\/2025\/08\/Grandhansa_paa-CC-300x200.webp 300w, https:\/\/www.cuesystem.com\/wp-content\/uploads\/2025\/08\/Grandhansa_paa-CC.webp 1920w\" sizes=\"(max-width: 1024px) 100vw, 1024px\" \/>\t\t\t\t\t\t\t\t\t\t\t\t\t\t\t<\/div>\n\t\t\t\t<\/div>\n\t\t\t\t<\/div>\n\t\t<div class=\"elementor-element elementor-element-3784e43 e-con-full e-flex e-con e-child\" data-id=\"3784e43\" data-element_type=\"container\" data-e-type=\"container\">\n\t\t\t\t<div class=\"elementor-element elementor-element-3871a3f elementor-widget elementor-widget-heading\" data-id=\"3871a3f\" data-element_type=\"widget\" data-e-type=\"widget\" data-widget_type=\"heading.default\">\n\t\t\t\t<div class=\"elementor-widget-container\">\n\t\t\t\t\t<h2 class=\"elementor-heading-title elementor-size-default\">\u00dcber das Grand Hansa Hotel<\/h2>\t\t\t\t<\/div>\n\t\t\t\t<\/div>\n\t\t\t\t<div class=\"elementor-element elementor-element-81b7bf1 elementor-widget elementor-widget-text-editor\" data-id=\"81b7bf1\" data-element_type=\"widget\" data-e-type=\"widget\" data-widget_type=\"text-editor.default\">\n\t\t\t\t<div class=\"elementor-widget-container\">\n\t\t\t\t\t\t\t\t\t<p data-renderer-start-pos=\"675\">Das unter der Marke NH Collection betriebene <a class=\"_mizu1p6i _1ah31bk5 _ra3xnqa1 _128m1bk5 _1cvmnqa1 _4davt94y _4bfu18uv _1hms8stv _ajmmnqa1 _vchhusvi _kqswh2mm _syaz14q2 _ect41gqc _1a3b18uv _4fpr8stv _5goinqa1 _f8pj14q2 _9oik18uv _1bnxglyw _jf4cnqa1 _30l314q2 _1nrm18uv _c2waglyw _1iohnqa1 _9h8h16c2 _1053w7te _1ienw7te _n0fxw7te _1vhvg3x0\" title=\"https:\/\/www.nh-collection.com\/en\/hotel\/nh-collection-helsinki-grand-hansa\" href=\"https:\/\/www.nh-collection.com\/en\/hotel\/nh-collection-helsinki-grand-hansa\" data-renderer-mark=\"true\" data-is-router-link=\"false\" data-testid=\"link-with-safety\"><strong data-renderer-mark=\"true\">Grand Hansa Hotel<\/strong><\/a> ist ein <strong data-renderer-mark=\"true\">F\u00fcnf-Sterne-Flaggschiff<\/strong> im Zentrum von <strong data-renderer-mark=\"true\">Helsinki<\/strong>. Mit <strong data-renderer-mark=\"true\">229 G\u00e4stezimmern<\/strong> und einer <strong data-renderer-mark=\"true\">Vielzahl <\/strong>von <strong data-renderer-mark=\"true\">Tagungs- <\/strong>und <strong data-renderer-mark=\"true\">Veranstaltungsr\u00e4umen<\/strong> richtet sich das Hotel sowohl an Gesch\u00e4fts- als auch an Freizeitreisende. <\/p><p data-renderer-start-pos=\"924\">Unser <strong data-renderer-mark=\"true\">finnischer Partner <\/strong><a class=\"_mizu1p6i _1ah31bk5 _ra3xnqa1 _128m1bk5 _1cvmnqa1 _4davt94y _4bfu18uv _1hms8stv _ajmmnqa1 _vchhusvi _kqswh2mm _syaz14q2 _ect41gqc _1a3b18uv _4fpr8stv _5goinqa1 _f8pj14q2 _9oik18uv _1bnxglyw _jf4cnqa1 _30l314q2 _1nrm18uv _c2waglyw _1iohnqa1 _9h8h16c2 _1053w7te _1ienw7te _n0fxw7te _1vhvg3x0\" title=\"https:\/\/electrowaves.fi\/en\/home\/\" href=\"https:\/\/electrowaves.fi\/en\/home\/\" data-renderer-mark=\"true\" data-is-router-link=\"false\" data-testid=\"link-with-safety\"><strong data-renderer-mark=\"true\">Electro Waves Oy<\/strong><\/a> \u00fcbernahm die Umsetzung des Projekts.<\/p>\t\t\t\t\t\t\t\t<\/div>\n\t\t\t\t<\/div>\n\t\t\t\t<\/div>\n\t\t\t\t\t<\/div>\n\t\t\t\t<\/div>\n\t\t<div class=\"elementor-element elementor-element-9027ce5 e-grid e-con-boxed e-con e-child\" data-id=\"9027ce5\" data-element_type=\"container\" data-e-type=\"container\">\n\t\t\t\t\t<div class=\"e-con-inner\">\n\t\t<div class=\"elementor-element elementor-element-e285d9e e-con-full e-flex e-con e-child\" data-id=\"e285d9e\" data-element_type=\"container\" data-e-type=\"container\">\n\t\t\t\t<div class=\"elementor-element elementor-element-165b4cc elementor-widget elementor-widget-heading\" data-id=\"165b4cc\" data-element_type=\"widget\" data-e-type=\"widget\" data-widget_type=\"heading.default\">\n\t\t\t\t<div class=\"elementor-widget-container\">\n\t\t\t\t\t<h2 class=\"elementor-heading-title elementor-size-default\">Unser L\u00f6sungsansatz<\/h2>\t\t\t\t<\/div>\n\t\t\t\t<\/div>\n\t\t\t\t<div class=\"elementor-element elementor-element-15b915c elementor-widget elementor-widget-text-editor\" data-id=\"15b915c\" data-element_type=\"widget\" data-e-type=\"widget\" data-widget_type=\"text-editor.default\">\n\t\t\t\t<div class=\"elementor-widget-container\">\n\t\t\t\t\t\t\t\t\t<p data-renderer-start-pos=\"1023\">Um eine intuitive Steuerung und zuverl\u00e4ssige Automatisierung im gesamten Haus zu gew\u00e4hrleisten, wurden <strong data-renderer-mark=\"true\">die Steuerungssysteme von CUE<\/strong> in das Projekt integriert. Diese Technologien erm\u00f6glichen es dem Hotelpersonal und den G\u00e4sten, <strong data-renderer-mark=\"true\">AV-Umgebungen m\u00fchelos zu bedienen<\/strong> \u2013 sei es f\u00fcr eine <strong data-renderer-mark=\"true\">Gesch\u00e4ftspr\u00e4sentation<\/strong>, ein <strong data-renderer-mark=\"true\">privates Dinner<\/strong> oder ein <strong data-renderer-mark=\"true\">hybrides Meeting<\/strong>. <\/p><p data-renderer-start-pos=\"1322\"><strong data-renderer-mark=\"true\">Installiert wurden folgende Technologien von CUE:<\/strong><\/p><ul class=\"ak-ul\" data-indent-level=\"1\"><li><p data-renderer-start-pos=\"1353\"><a class=\"_mizu1p6i _1ah31bk5 _ra3xnqa1 _128m1bk5 _1cvmnqa1 _4davt94y _4bfu18uv _1hms8stv _ajmmnqa1 _vchhusvi _kqswh2mm _syaz14q2 _ect41gqc _1a3b18uv _4fpr8stv _5goinqa1 _f8pj14q2 _9oik18uv _1bnxglyw _jf4cnqa1 _30l314q2 _1nrm18uv _c2waglyw _1iohnqa1 _9h8h16c2 _1053w7te _1ienw7te _n0fxw7te _1vhvg3x0\" title=\"https:\/\/docs.cuesystem.com\/space\/PRODUCTS\/490242076\" href=\"https:\/\/docs.cuesystem.com\/space\/PRODUCTS\/490242076\" data-renderer-mark=\"true\" data-is-router-link=\"false\" data-testid=\"link-with-safety\"><strong data-renderer-mark=\"true\">touchCUE-7-M<\/strong><\/a> Touchpanels<\/p><\/li><li><p data-renderer-start-pos=\"1382\"><a class=\"_mizu1p6i _1ah31bk5 _ra3xnqa1 _128m1bk5 _1cvmnqa1 _4davt94y _4bfu18uv _1hms8stv _ajmmnqa1 _vchhusvi _kqswh2mm _syaz14q2 _ect41gqc _1a3b18uv _4fpr8stv _5goinqa1 _f8pj14q2 _9oik18uv _1bnxglyw _jf4cnqa1 _30l314q2 _1nrm18uv _c2waglyw _1iohnqa1 _9h8h16c2 _1053w7te _1ienw7te _n0fxw7te _1vhvg3x0\" title=\"https:\/\/docs.cuesystem.com\/space\/PRODUCTS\/484704416\" href=\"https:\/\/docs.cuesystem.com\/space\/PRODUCTS\/484704416\" data-renderer-mark=\"true\" data-is-router-link=\"false\" data-testid=\"link-with-safety\"><strong data-renderer-mark=\"true\">touchCUE-10<\/strong><\/a> Panels<\/p><\/li><li><p data-renderer-start-pos=\"1404\"><a class=\"_mizu1p6i _1ah31bk5 _ra3xnqa1 _128m1bk5 _1cvmnqa1 _4davt94y _4bfu18uv _1hms8stv _ajmmnqa1 _vchhusvi _kqswh2mm _syaz14q2 _ect41gqc _1a3b18uv _4fpr8stv _5goinqa1 _f8pj14q2 _9oik18uv _1bnxglyw _jf4cnqa1 _30l314q2 _1nrm18uv _c2waglyw _1iohnqa1 _9h8h16c2 _1053w7te _1ienw7te _n0fxw7te _1vhvg3x0\" title=\"https:\/\/docs.cuesystem.com\/space\/PRODUCTS\/487981257\" href=\"https:\/\/docs.cuesystem.com\/space\/PRODUCTS\/487981257\" data-renderer-mark=\"true\" data-is-router-link=\"false\" data-testid=\"link-with-safety\"><strong data-renderer-mark=\"true\">controlCUE-two<\/strong><\/a> Controller<\/p><\/li><li><p data-renderer-start-pos=\"1434\"><a class=\"_mizu1p6i _1ah31bk5 _ra3xnqa1 _128m1bk5 _1cvmnqa1 _4davt94y _4bfu18uv _1hms8stv _ajmmnqa1 _vchhusvi _kqswh2mm _syaz14q2 _ect41gqc _1a3b18uv _4fpr8stv _5goinqa1 _f8pj14q2 _9oik18uv _1bnxglyw _jf4cnqa1 _30l314q2 _1nrm18uv _c2waglyw _1iohnqa1 _9h8h16c2 _1053w7te _1ienw7te _n0fxw7te _1vhvg3x0\" title=\"https:\/\/docs.cuesystem.com\/space\/PRODUCTS\/483885057\" href=\"https:\/\/docs.cuesystem.com\/space\/PRODUCTS\/483885057\" data-renderer-mark=\"true\" data-is-router-link=\"false\" data-testid=\"link-with-safety\"><strong data-renderer-mark=\"true\">controlCUE-KNX<\/strong><\/a> f\u00fcr die Integration von Geb\u00e4udesystemen<\/p><\/li><\/ul>\t\t\t\t\t\t\t\t<\/div>\n\t\t\t\t<\/div>\n\t\t\t\t<\/div>\n\t\t<div class=\"elementor-element elementor-element-86bd9d0 e-con-full e-flex e-con e-child\" data-id=\"86bd9d0\" data-element_type=\"container\" data-e-type=\"container\">\n\t\t\t\t<div class=\"elementor-element elementor-element-389e975 elementor-widget elementor-widget-image\" data-id=\"389e975\" data-element_type=\"widget\" data-e-type=\"widget\" data-widget_type=\"image.default\">\n\t\t\t\t<div class=\"elementor-widget-container\">\n\t\t\t\t\t\t\t\t\t\t\t\t<figure class=\"wp-caption\">\n\t\t\t\t\t\t\t\t\t\t<img decoding=\"async\" width=\"700\" height=\"466\" src=\"https:\/\/www.cuesystem.com\/wp-content\/uploads\/2025\/08\/MeetingRoom_Wilhelm.webp\" class=\"attachment-large size-large wp-image-32184\" alt=\"\" srcset=\"https:\/\/www.cuesystem.com\/wp-content\/uploads\/2025\/08\/MeetingRoom_Wilhelm.webp 700w, https:\/\/www.cuesystem.com\/wp-content\/uploads\/2025\/08\/MeetingRoom_Wilhelm-300x200.webp 300w\" sizes=\"(max-width: 700px) 100vw, 700px\" \/>\t\t\t\t\t\t\t\t\t\t\t<figcaption class=\"widget-image-caption wp-caption-text\">Konferenzraum<\/figcaption>\n\t\t\t\t\t\t\t\t\t\t<\/figure>\n\t\t\t\t\t\t\t\t\t<\/div>\n\t\t\t\t<\/div>\n\t\t\t\t<\/div>\n\t\t\t\t\t<\/div>\n\t\t\t\t<\/div>\n\t\t<div class=\"elementor-element elementor-element-2841d29 e-grid e-con-boxed e-con e-child\" data-id=\"2841d29\" data-element_type=\"container\" data-e-type=\"container\">\n\t\t\t\t\t<div class=\"e-con-inner\">\n\t\t<div class=\"elementor-element elementor-element-d6879f8 e-con-full e-flex e-con e-child\" data-id=\"d6879f8\" data-element_type=\"container\" data-e-type=\"container\">\n\t\t\t\t<div class=\"elementor-element elementor-element-b247769 elementor-widget elementor-widget-image\" data-id=\"b247769\" data-element_type=\"widget\" data-e-type=\"widget\" data-widget_type=\"image.default\">\n\t\t\t\t<div class=\"elementor-widget-container\">\n\t\t\t\t\t\t\t\t\t\t\t\t<figure class=\"wp-caption\">\n\t\t\t\t\t\t\t\t\t\t<img loading=\"lazy\" decoding=\"async\" width=\"700\" height=\"466\" src=\"https:\/\/www.cuesystem.com\/wp-content\/uploads\/2025\/08\/Foyer_Digital-Signage.webp\" class=\"attachment-large size-large wp-image-32174\" alt=\"\" srcset=\"https:\/\/www.cuesystem.com\/wp-content\/uploads\/2025\/08\/Foyer_Digital-Signage.webp 700w, https:\/\/www.cuesystem.com\/wp-content\/uploads\/2025\/08\/Foyer_Digital-Signage-300x200.webp 300w\" sizes=\"(max-width: 700px) 100vw, 700px\" \/>\t\t\t\t\t\t\t\t\t\t\t<figcaption class=\"widget-image-caption wp-caption-text\">Gemeinschaftsbereich<\/figcaption>\n\t\t\t\t\t\t\t\t\t\t<\/figure>\n\t\t\t\t\t\t\t\t\t<\/div>\n\t\t\t\t<\/div>\n\t\t\t\t<\/div>\n\t\t<div class=\"elementor-element elementor-element-799a363 e-con-full e-flex e-con e-child\" data-id=\"799a363\" data-element_type=\"container\" data-e-type=\"container\">\n\t\t\t\t<div class=\"elementor-element elementor-element-6f4d6d4 elementor-widget elementor-widget-text-editor\" data-id=\"6f4d6d4\" data-element_type=\"widget\" data-e-type=\"widget\" data-widget_type=\"text-editor.default\">\n\t\t\t\t<div class=\"elementor-widget-container\">\n\t\t\t\t\t\t\t\t\t<p data-renderer-start-pos=\"1531\">In Kombination mit dem \u00fcbergeordneten AV-System <strong data-renderer-mark=\"true\">erm\u00f6glichen die CUE-Komponenten sowohl zentrale<\/strong> als auch <strong data-renderer-mark=\"true\">lokale Steuerung<\/strong> in folgenden Bereichen:<\/p><ul class=\"ak-ul\" data-indent-level=\"1\"><li><p data-renderer-start-pos=\"1640\"><strong data-renderer-mark=\"true\">Exkluzive Tagungsr\u00e4ume <\/strong>(einschlie\u00dflich des beeindruckenden <strong data-renderer-mark=\"true\">Konferenzsaal Socis<\/strong> mit gebogener LED-Wand)<\/p><\/li><li><p data-renderer-start-pos=\"1727\">Der f\u00fcr Veranstaltungen und Konferenzen genutzte <strong data-renderer-mark=\"true\">Ballsaal<\/strong><\/p><\/li><li><p data-renderer-start-pos=\"1776\">Hintergrundmusik und Beschilderungssysteme in \u00f6ffentlichen Bereichen<\/p><\/li><li><p data-renderer-start-pos=\"1832\">Gro\u00dfz\u00fcgige Suiten und Managementbereiche<\/p><\/li><\/ul>\t\t\t\t\t\t\t\t<\/div>\n\t\t\t\t<\/div>\n\t\t\t\t<\/div>\n\t\t\t\t\t<\/div>\n\t\t\t\t<\/div>\n\t\t<div class=\"elementor-element elementor-element-1df0603 e-grid e-con-boxed e-con e-child\" data-id=\"1df0603\" data-element_type=\"container\" data-e-type=\"container\">\n\t\t\t\t\t<div class=\"e-con-inner\">\n\t\t<div class=\"elementor-element elementor-element-02abb3c e-con-full e-flex e-con e-child\" data-id=\"02abb3c\" data-element_type=\"container\" data-e-type=\"container\">\n\t\t\t\t<div class=\"elementor-element elementor-element-66b3c4b elementor-widget elementor-widget-text-editor\" data-id=\"66b3c4b\" data-element_type=\"widget\" data-e-type=\"widget\" data-widget_type=\"text-editor.default\">\n\t\t\t\t<div class=\"elementor-widget-container\">\n\t\t\t\t\t\t\t\t\t<p data-renderer-start-pos=\"1873\">Dank der <strong data-renderer-mark=\"true\">Flexibilit\u00e4t <\/strong>und <strong data-renderer-mark=\"true\">Benutzerfreundlichkeit<\/strong> des CUE-Systems kann das Hotel nun ein <strong data-renderer-mark=\"true\">nahtloses G\u00e4steerlebnis <\/strong>bieten und gleichzeitig dem Personal <strong data-renderer-mark=\"true\">die vollst\u00e4ndige Kontrolle \u00fcber die AV-Systeme<\/strong> im gesamten Haus erm\u00f6glichen, sei es \u00fcber Touchpanels oder aus der Ferne.<\/p><p data-renderer-start-pos=\"2077\">Das Ergebnis ist eine elegante Integration <strong data-renderer-mark=\"true\">moderner Technologie in ein denkmalgesch\u00fctztes Ambiente<\/strong> \u2013 und stellt sicher, dass das <a class=\"_mizu1p6i _1ah31bk5 _ra3xnqa1 _128m1bk5 _1cvmnqa1 _4davt94y _4bfu18uv _1hms8stv _ajmmnqa1 _vchhusvi _kqswh2mm _syaz14q2 _ect41gqc _1a3b18uv _4fpr8stv _5goinqa1 _f8pj14q2 _9oik18uv _1bnxglyw _jf4cnqa1 _30l314q2 _1nrm18uv _c2waglyw _1iohnqa1 _9h8h16c2 _1053w7te _1ienw7te _n0fxw7te _1vhvg3x0\" title=\"https:\/\/www.nh-collection.com\/en\/hotel\/nh-collection-helsinki-grand-hansa\" href=\"https:\/\/www.nh-collection.com\/en\/hotel\/nh-collection-helsinki-grand-hansa\" data-renderer-mark=\"true\" data-is-router-link=\"false\" data-testid=\"link-with-safety\">Grand Hansa Hotel<\/a> sowohl den Anforderungen von heute als auch den Erwartungen von morgen gerecht wird.<\/p>\t\t\t\t\t\t\t\t<\/div>\n\t\t\t\t<\/div>\n\t\t\t\t<\/div>\n\t\t<div class=\"elementor-element elementor-element-dfed210 e-con-full e-flex e-con e-child\" data-id=\"dfed210\" data-element_type=\"container\" data-e-type=\"container\">\n\t\t\t\t<div class=\"elementor-element elementor-element-1313755 elementor-widget elementor-widget-image\" data-id=\"1313755\" data-element_type=\"widget\" data-e-type=\"widget\" data-widget_type=\"image.default\">\n\t\t\t\t<div class=\"elementor-widget-container\">\n\t\t\t\t\t\t\t\t\t\t\t\t<figure class=\"wp-caption\">\n\t\t\t\t\t\t\t\t\t\t<img loading=\"lazy\" decoding=\"async\" width=\"700\" height=\"466\" src=\"https:\/\/www.cuesystem.com\/wp-content\/uploads\/2025\/08\/Ballroom-valkokankaat.webp\" class=\"attachment-large size-large wp-image-32169\" alt=\"\" srcset=\"https:\/\/www.cuesystem.com\/wp-content\/uploads\/2025\/08\/Ballroom-valkokankaat.webp 700w, https:\/\/www.cuesystem.com\/wp-content\/uploads\/2025\/08\/Ballroom-valkokankaat-300x200.webp 300w\" sizes=\"(max-width: 700px) 100vw, 700px\" \/>\t\t\t\t\t\t\t\t\t\t\t<figcaption class=\"widget-image-caption wp-caption-text\">Ballsaal<\/figcaption>\n\t\t\t\t\t\t\t\t\t\t<\/figure>\n\t\t\t\t\t\t\t\t\t<\/div>\n\t\t\t\t<\/div>\n\t\t\t\t<\/div>\n\t\t\t\t\t<\/div>\n\t\t\t\t<\/div>\n\t\t\t\t<\/div>\n\t\t<div class=\"elementor-element elementor-element-0541ade e-flex e-con-boxed e-con e-parent\" data-id=\"0541ade\" data-element_type=\"container\" data-e-type=\"container\">\n\t\t\t\t\t<div class=\"e-con-inner\">\n\t\t\t\t<div class=\"elementor-element elementor-element-d2c400f elementor-widget elementor-widget-heading\" data-id=\"d2c400f\" data-element_type=\"widget\" data-e-type=\"widget\" data-widget_type=\"heading.default\">\n\t\t\t\t<div class=\"elementor-widget-container\">\n\t\t\t\t\t<h2 class=\"elementor-heading-title elementor-size-default\"><a href=\"https:\/\/electrowaves.fi\/en\/grand-hansa-hotel\/\">Mehr \u00fcber dieses Projekt<\/a><\/h2>\t\t\t\t<\/div>\n\t\t\t\t<\/div>\n\t\t\t\t\t<\/div>\n\t\t\t\t<\/div>\n\t\t\t\t<\/div>\n\t\t","protected":false},"excerpt":{"rendered":"<p>Fallstudie Grand Hansa Hotel Die Herausforderung Das neu er\u00f6ffnete Grand Hansa Hotel im Herzen von Helsinki hat sich zum Ziel gesetzt, seinen G\u00e4sten ein F\u00fcnf-Sterne-Erlebnis zu bieten, das zeitlose Eleganz mit modernster Technologie vereint. Um den modernen Erwartungen gerecht zu werden, ben\u00f6tigte das Hotel eine leistunsstarke AV- und Steuerungsl\u00f6sung, die eine Vielzahl von Bereichen abdeckt, <a href=\"https:\/\/www.cuesystem.com\/de\/fallstudien-2\/grand-hansa-hotel\/\" class=\"more-link\">\u2026\u00a0<span class=\"screen-reader-text\">  Grand Hansa Hotel<\/span><\/a><\/p>\n","protected":false},"author":11,"featured_media":0,"parent":30185,"menu_order":145,"comment_status":"closed","ping_status":"closed","template":"","meta":{"_acf_changed":false,"inline_featured_image":false,"footnotes":""},"kategorie":[],"class_list":["post-32216","page","type-page","status-publish","hentry"],"acf":[],"_links":{"self":[{"href":"https:\/\/www.cuesystem.com\/de\/wp-json\/wp\/v2\/pages\/32216","targetHints":{"allow":["GET"]}}],"collection":[{"href":"https:\/\/www.cuesystem.com\/de\/wp-json\/wp\/v2\/pages"}],"about":[{"href":"https:\/\/www.cuesystem.com\/de\/wp-json\/wp\/v2\/types\/page"}],"author":[{"embeddable":true,"href":"https:\/\/www.cuesystem.com\/de\/wp-json\/wp\/v2\/users\/11"}],"replies":[{"embeddable":true,"href":"https:\/\/www.cuesystem.com\/de\/wp-json\/wp\/v2\/comments?post=32216"}],"version-history":[{"count":3,"href":"https:\/\/www.cuesystem.com\/de\/wp-json\/wp\/v2\/pages\/32216\/revisions"}],"predecessor-version":[{"id":32238,"href":"https:\/\/www.cuesystem.com\/de\/wp-json\/wp\/v2\/pages\/32216\/revisions\/32238"}],"up":[{"embeddable":true,"href":"https:\/\/www.cuesystem.com\/de\/wp-json\/wp\/v2\/pages\/30185"}],"wp:attachment":[{"href":"https:\/\/www.cuesystem.com\/de\/wp-json\/wp\/v2\/media?parent=32216"}],"wp:term":[{"taxonomy":"kategorie","embeddable":true,"href":"https:\/\/www.cuesystem.com\/de\/wp-json\/wp\/v2\/kategorie?post=32216"}],"curies":[{"name":"wp","href":"https:\/\/api.w.org\/{rel}","templated":true}]}}