{"id":32856,"date":"2025-09-30T14:41:01","date_gmt":"2025-09-30T12:41:01","guid":{"rendered":"https:\/\/www.cuesystem.com\/montageadapter-10-freiheit-bei-der-montage-ihres-panels\/"},"modified":"2025-09-30T16:50:12","modified_gmt":"2025-09-30T14:50:12","slug":"montageadapter-10-freiheit-bei-der-montage-ihres-panels","status":"publish","type":"page","link":"https:\/\/www.cuesystem.com\/de\/was-ist-neu\/montageadapter-10-freiheit-bei-der-montage-ihres-panels\/","title":{"rendered":"Montageadapter 10: Freiheit bei der Montage Ihres Panels"},"content":{"rendered":"\t\t<div data-elementor-type=\"wp-page\" data-elementor-id=\"32856\" class=\"elementor elementor-32856 elementor-32790\" data-elementor-post-type=\"page\">\n\t\t\t\t<div class=\"elementor-element elementor-element-722b1de e-con-full e-flex e-con e-child\" data-id=\"722b1de\" data-element_type=\"container\" data-e-type=\"container\">\n\t\t\t\t<div class=\"elementor-element elementor-element-a2722b8 elementor-widget elementor-widget-heading\" data-id=\"a2722b8\" data-element_type=\"widget\" data-e-type=\"widget\" data-widget_type=\"heading.default\">\n\t\t\t\t<div class=\"elementor-widget-container\">\n\t\t\t\t\t<h3 class=\"elementor-heading-title elementor-size-default\">Neue Produkte<\/h3>\t\t\t\t<\/div>\n\t\t\t\t<\/div>\n\t\t\t\t<div class=\"elementor-element elementor-element-5964008 elementor-widget elementor-widget-heading\" data-id=\"5964008\" data-element_type=\"widget\" data-e-type=\"widget\" data-widget_type=\"heading.default\">\n\t\t\t\t<div class=\"elementor-widget-container\">\n\t\t\t\t\t<h1 class=\"elementor-heading-title elementor-size-default\">Montageadapter 10:<\/h1>\t\t\t\t<\/div>\n\t\t\t\t<\/div>\n\t\t\t\t<div class=\"elementor-element elementor-element-27e6054 elementor-widget elementor-widget-heading\" data-id=\"27e6054\" data-element_type=\"widget\" data-e-type=\"widget\" data-widget_type=\"heading.default\">\n\t\t\t\t<div class=\"elementor-widget-container\">\n\t\t\t\t\t<h2 class=\"elementor-heading-title elementor-size-default\"><i>Freiheit bei der Montage Ihres Panels<\/i><\/h2>\t\t\t\t<\/div>\n\t\t\t\t<\/div>\n\t\t<div class=\"elementor-element elementor-element-efd1b25 e-flex e-con-boxed e-con e-child\" data-id=\"efd1b25\" data-element_type=\"container\" data-e-type=\"container\" data-settings=\"{&quot;background_background&quot;:&quot;classic&quot;}\">\n\t\t\t\t\t<div class=\"e-con-inner\">\n\t\t\t\t<div class=\"elementor-element elementor-element-f37b8f2 elementor-widget elementor-widget-text-editor\" data-id=\"f37b8f2\" data-element_type=\"widget\" data-e-type=\"widget\" data-widget_type=\"text-editor.default\">\n\t\t\t\t<div class=\"elementor-widget-container\">\n\t\t\t\t\t\t\t\t\t<p data-prosemirror-content-type=\"node\" data-prosemirror-node-name=\"paragraph\" data-prosemirror-node-block=\"true\" data-pm-slice=\"1 1 []\">Sie k\u00f6nnen jederzeit zwischen <strong data-prosemirror-content-type=\"mark\" data-prosemirror-mark-name=\"strong\">Tisch- <\/strong>und <strong data-prosemirror-content-type=\"mark\" data-prosemirror-mark-name=\"strong\">Wandmontage<\/strong> w\u00e4hlen, ohne dass Sie verschiedene Paneelversionen auf Lager haben m\u00fcssen.<\/p><p data-prosemirror-content-type=\"node\" data-prosemirror-node-name=\"paragraph\" data-prosemirror-node-block=\"true\" data-pm-slice=\"1 1 []\">Mit dem neuen <strong data-prosemirror-content-type=\"mark\" data-prosemirror-mark-name=\"strong\">Montageadapter 10<\/strong> kann Ihr <a href=\"https:\/\/docs.cuesystem.com\/space\/PRODUCTS\/605093893\" data-prosemirror-content-type=\"mark\" data-prosemirror-mark-name=\"link\" style=\"font-family: Nunito, sans-serif; font-size: 16px;\">\n  <strong data-prosemirror-content-type=\"mark\" data-prosemirror-mark-name=\"strong\">touchCUE-10-W<\/strong>\n<\/a> oder <a href=\"https:\/\/docs.cuesystem.com\/space\/PRODUCTS\/604766221\" data-prosemirror-content-type=\"mark\" data-prosemirror-mark-name=\"link\" style=\"font-family: Nunito, sans-serif; font-size: 16px;\">\n  <strong data-prosemirror-content-type=\"mark\" data-prosemirror-mark-name=\"strong\">touchONE-10-W<\/strong>\n<\/a><strong data-prosemirror-content-type=\"mark\" data-prosemirror-mark-name=\"strong\">wirklich vielseitig<\/strong>.<\/p>\t\t\t\t\t\t\t\t<\/div>\n\t\t\t\t<\/div>\n\t\t\t\t\t<\/div>\n\t\t\t\t<\/div>\n\t\t<div class=\"elementor-element elementor-element-ea92e26 e-grid e-con-boxed e-con e-child\" data-id=\"ea92e26\" data-element_type=\"container\" data-e-type=\"container\">\n\t\t\t\t\t<div class=\"e-con-inner\">\n\t\t<div class=\"elementor-element elementor-element-995b55e e-con-full e-flex e-con e-child\" data-id=\"995b55e\" data-element_type=\"container\" data-e-type=\"container\">\n\t\t\t\t<div class=\"elementor-element elementor-element-146f78c elementor-widget elementor-widget-text-editor\" data-id=\"146f78c\" data-element_type=\"widget\" data-e-type=\"widget\" data-widget_type=\"text-editor.default\">\n\t\t\t\t<div class=\"elementor-widget-container\">\n\t\t\t\t\t\t\t\t\t<div data-layout-column=\"true\" data-column-width=\"50\" data-prosemirror-content-type=\"node\" data-prosemirror-node-name=\"layoutColumn\" data-prosemirror-node-block=\"true\" data-pm-slice=\"2 2 [\"layoutSection\",{\"columnRuleStyle\":null,\"localId\":null}]\"><div data-layout-content=\"true\"><p data-prosemirror-content-type=\"node\" data-prosemirror-node-name=\"paragraph\" data-prosemirror-node-block=\"true\">Egal, ob Sie eine <strong data-prosemirror-content-type=\"mark\" data-prosemirror-mark-name=\"strong\">saubere Tischaufstellung<\/strong> oder eine <strong data-prosemirror-content-type=\"mark\" data-prosemirror-mark-name=\"strong\">elegante, um 15\u00b0 abgewinkelte Wandhalterung<\/strong> bevorzugen, dieser Adapter bietet Ihnen <strong data-prosemirror-content-type=\"mark\" data-prosemirror-mark-name=\"strong\">volle Flexibilit\u00e4t<\/strong>.<\/p><p data-prosemirror-content-type=\"node\" data-prosemirror-node-name=\"paragraph\" data-prosemirror-node-block=\"true\">Perfekt f\u00fcr Projekte<strong data-prosemirror-content-type=\"mark\" data-prosemirror-mark-name=\"strong\">, bei denen sich der endg\u00fcltige Installationsstil \u00e4ndern kann<\/strong>. So k\u00f6nnen Sie <strong data-prosemirror-content-type=\"mark\" data-prosemirror-mark-name=\"strong\">die Paneele auf Lager halten <\/strong>und erst im <strong data-prosemirror-content-type=\"mark\" data-prosemirror-mark-name=\"strong\">letzten Moment<\/strong> <strong data-prosemirror-content-type=\"mark\" data-prosemirror-mark-name=\"strong\">\u00fcber die Platzierung entscheiden<\/strong>.<\/p><\/div><\/div>\t\t\t\t\t\t\t\t<\/div>\n\t\t\t\t<\/div>\n\t\t\t\t<\/div>\n\t\t<div class=\"elementor-element elementor-element-3d42ef6 e-con-full e-flex e-con e-child\" data-id=\"3d42ef6\" data-element_type=\"container\" data-e-type=\"container\">\n\t\t\t\t<div class=\"elementor-element elementor-element-a936210 elementor-widget elementor-widget-image\" data-id=\"a936210\" data-element_type=\"widget\" data-e-type=\"widget\" data-widget_type=\"image.default\">\n\t\t\t\t<div class=\"elementor-widget-container\">\n\t\t\t\t\t\t\t\t\t\t\t\t\t\t\t<img fetchpriority=\"high\" decoding=\"async\" width=\"1024\" height=\"427\" src=\"https:\/\/www.cuesystem.com\/wp-content\/uploads\/2025\/09\/CS0645-Mountain-Adapter-W1920-1024x427.webp\" class=\"attachment-large size-large wp-image-32801\" alt=\"\" srcset=\"https:\/\/www.cuesystem.com\/wp-content\/uploads\/2025\/09\/CS0645-Mountain-Adapter-W1920-1024x427.webp 1024w, https:\/\/www.cuesystem.com\/wp-content\/uploads\/2025\/09\/CS0645-Mountain-Adapter-W1920-300x125.webp 300w, https:\/\/www.cuesystem.com\/wp-content\/uploads\/2025\/09\/CS0645-Mountain-Adapter-W1920.webp 1920w\" sizes=\"(max-width: 1024px) 100vw, 1024px\" \/>\t\t\t\t\t\t\t\t\t\t\t\t\t\t\t<\/div>\n\t\t\t\t<\/div>\n\t\t\t\t<\/div>\n\t\t\t\t\t<\/div>\n\t\t\t\t<\/div>\n\t\t<div class=\"elementor-element elementor-element-0b65559 e-flex e-con-boxed e-con e-child\" data-id=\"0b65559\" data-element_type=\"container\" data-e-type=\"container\" data-settings=\"{&quot;background_background&quot;:&quot;classic&quot;}\">\n\t\t\t\t\t<div class=\"e-con-inner\">\n\t\t\t\t<div class=\"elementor-element elementor-element-1c139d8 elementor-widget elementor-widget-heading\" data-id=\"1c139d8\" data-element_type=\"widget\" data-e-type=\"widget\" data-widget_type=\"heading.default\">\n\t\t\t\t<div class=\"elementor-widget-container\">\n\t\t\t\t\t<h2 class=\"elementor-heading-title elementor-size-default\">Die wichtigsten Vorteile auf einen Blick\n<\/h2>\t\t\t\t<\/div>\n\t\t\t\t<\/div>\n\t\t\t\t<div class=\"elementor-element elementor-element-69fdd1f elementor-widget elementor-widget-text-editor\" data-id=\"69fdd1f\" data-element_type=\"widget\" data-e-type=\"widget\" data-widget_type=\"text-editor.default\">\n\t\t\t\t<div class=\"elementor-widget-container\">\n\t\t\t\t\t\t\t\t\t<ul class=\"ak-ul\" data-prosemirror-content-type=\"node\" data-prosemirror-node-name=\"bulletList\" data-prosemirror-node-block=\"true\"><li data-prosemirror-content-type=\"node\" data-prosemirror-node-name=\"listItem\" data-prosemirror-node-block=\"true\"><p data-prosemirror-content-type=\"node\" data-prosemirror-node-name=\"paragraph\" data-prosemirror-node-block=\"true\"><strong data-prosemirror-content-type=\"mark\" data-prosemirror-mark-name=\"strong\">Universelle Vielseitigkeit<\/strong> &#8211; ein Zubeh\u00f6rteil, zwei Installationsm\u00f6glichkeiten<\/p><\/li><li data-prosemirror-content-type=\"node\" data-prosemirror-node-name=\"listItem\" data-prosemirror-node-block=\"true\"><p data-prosemirror-content-type=\"node\" data-prosemirror-node-name=\"paragraph\" data-prosemirror-node-block=\"true\"><strong data-prosemirror-content-type=\"mark\" data-prosemirror-mark-name=\"strong\">Flexible Entscheidungsfindung<\/strong> &#8211; w\u00e4hlen Sie sp\u00e4ter Tisch- oder Wandmontage<\/p><\/li><li data-prosemirror-content-type=\"node\" data-prosemirror-node-name=\"listItem\" data-prosemirror-node-block=\"true\"><p data-prosemirror-content-type=\"node\" data-prosemirror-node-name=\"paragraph\" data-prosemirror-node-block=\"true\"><strong data-prosemirror-content-type=\"mark\" data-prosemirror-mark-name=\"strong\">Professionelles Aussehen <\/strong>&#8211; 15\u00b0 Neigung f\u00fcr komfortable Nutzung und Sichtbarkeit<\/p><\/li><li data-prosemirror-content-type=\"node\" data-prosemirror-node-name=\"listItem\" data-prosemirror-node-block=\"true\"><p data-prosemirror-content-type=\"node\" data-prosemirror-node-name=\"paragraph\" data-prosemirror-node-block=\"true\"><strong data-prosemirror-content-type=\"mark\" data-prosemirror-mark-name=\"strong\">Intelligentes Kabelmanagement<\/strong> &#8211; Durchreiche und integrierte Befestigung<\/p><\/li><li data-prosemirror-content-type=\"node\" data-prosemirror-node-name=\"listItem\" data-prosemirror-node-block=\"true\"><p data-prosemirror-content-type=\"node\" data-prosemirror-node-name=\"paragraph\" data-prosemirror-node-block=\"true\"><strong data-prosemirror-content-type=\"mark\" data-prosemirror-mark-name=\"strong\">Einfache Installation<\/strong> &#8211; kompatibel mit Trockenbauw\u00e4nden, Glasw\u00e4nden und Standard-Elektroinstallationsdosen<\/p><\/li><\/ul>\t\t\t\t\t\t\t\t<\/div>\n\t\t\t\t<\/div>\n\t\t\t\t\t<\/div>\n\t\t\t\t<\/div>\n\t\t<div class=\"elementor-element elementor-element-d045fa8 e-flex e-con-boxed e-con e-child\" data-id=\"d045fa8\" data-element_type=\"container\" data-e-type=\"container\">\n\t\t\t\t\t<div class=\"e-con-inner\">\n\t\t<div class=\"elementor-element elementor-element-c842873 e-con-full e-flex e-con e-child\" data-id=\"c842873\" data-element_type=\"container\" data-e-type=\"container\">\n\t\t\t\t<div class=\"elementor-element elementor-element-c051982 elementor-widget elementor-widget-heading\" data-id=\"c051982\" data-element_type=\"widget\" data-e-type=\"widget\" data-widget_type=\"heading.default\">\n\t\t\t\t<div class=\"elementor-widget-container\">\n\t\t\t\t\t<h2 class=\"elementor-heading-title elementor-size-default\">Wo es am besten funktioniert<\/h2>\t\t\t\t<\/div>\n\t\t\t\t<\/div>\n\t\t\t\t<\/div>\n\t\t<div class=\"elementor-element elementor-element-1f7dc8d e-grid e-con-full e-con e-child\" data-id=\"1f7dc8d\" data-element_type=\"container\" data-e-type=\"container\">\n\t\t\t\t<div class=\"elementor-element elementor-element-e6a615e elementor-widget elementor-widget-image\" data-id=\"e6a615e\" data-element_type=\"widget\" data-e-type=\"widget\" data-widget_type=\"image.default\">\n\t\t\t\t<div class=\"elementor-widget-container\">\n\t\t\t\t\t\t\t\t\t\t\t\t\t\t\t<img decoding=\"async\" width=\"1024\" height=\"576\" src=\"https:\/\/www.cuesystem.com\/wp-content\/uploads\/2025\/09\/CS0645-Mountain-Adapter-render-table-1024x576.webp\" class=\"attachment-large size-large wp-image-32806\" alt=\"\" srcset=\"https:\/\/www.cuesystem.com\/wp-content\/uploads\/2025\/09\/CS0645-Mountain-Adapter-render-table-1024x576.webp 1024w, https:\/\/www.cuesystem.com\/wp-content\/uploads\/2025\/09\/CS0645-Mountain-Adapter-render-table-300x169.webp 300w\" sizes=\"(max-width: 1024px) 100vw, 1024px\" \/>\t\t\t\t\t\t\t\t\t\t\t\t\t\t\t<\/div>\n\t\t\t\t<\/div>\n\t\t\t\t<div class=\"elementor-element elementor-element-6b13666 elementor-widget elementor-widget-image\" data-id=\"6b13666\" data-element_type=\"widget\" data-e-type=\"widget\" data-widget_type=\"image.default\">\n\t\t\t\t<div class=\"elementor-widget-container\">\n\t\t\t\t\t\t\t\t\t\t\t\t\t\t\t<img decoding=\"async\" width=\"1024\" height=\"576\" src=\"https:\/\/www.cuesystem.com\/wp-content\/uploads\/2025\/09\/CS0645-Mountain-Adapter-render-wall-1024x576.webp\" class=\"attachment-large size-large wp-image-32811\" alt=\"\" srcset=\"https:\/\/www.cuesystem.com\/wp-content\/uploads\/2025\/09\/CS0645-Mountain-Adapter-render-wall-1024x576.webp 1024w, https:\/\/www.cuesystem.com\/wp-content\/uploads\/2025\/09\/CS0645-Mountain-Adapter-render-wall-300x169.webp 300w\" sizes=\"(max-width: 1024px) 100vw, 1024px\" \/>\t\t\t\t\t\t\t\t\t\t\t\t\t\t\t<\/div>\n\t\t\t\t<\/div>\n\t\t\t\t<\/div>\n\t\t\t\t\t<\/div>\n\t\t\t\t<\/div>\n\t\t\t\t<\/div>\n\t\t<div class=\"elementor-element elementor-element-a07a3cc e-flex e-con-boxed e-con e-parent\" data-id=\"a07a3cc\" data-element_type=\"container\" data-e-type=\"container\">\n\t\t\t\t\t<div class=\"e-con-inner\">\n\t\t<div class=\"elementor-element elementor-element-3deb8b7 e-grid e-con-full e-con e-child\" data-id=\"3deb8b7\" data-element_type=\"container\" data-e-type=\"container\">\n\t\t\t\t<div class=\"elementor-element elementor-element-3805eb1 elementor-widget elementor-widget-text-editor\" data-id=\"3805eb1\" data-element_type=\"widget\" data-e-type=\"widget\" data-widget_type=\"text-editor.default\">\n\t\t\t\t<div class=\"elementor-widget-container\">\n\t\t\t\t\t\t\t\t\t<div data-layout-column=\"true\" data-column-width=\"50\" data-prosemirror-content-type=\"node\" data-prosemirror-node-name=\"layoutColumn\" data-prosemirror-node-block=\"true\" data-pm-slice=\"2 2 [\"layoutSection\",{\"columnRuleStyle\":null,\"localId\":null}]\"><div data-layout-content=\"true\"><div class=\"fabric-editor-block-mark fabric-editor-alignment fabric-editor-align-center\" data-align=\"center\" data-prosemirror-content-type=\"mark\" data-prosemirror-mark-name=\"alignment\"><p data-prosemirror-content-type=\"node\" data-prosemirror-node-name=\"paragraph\" data-prosemirror-node-block=\"true\"><strong data-prosemirror-content-type=\"mark\" data-prosemirror-mark-name=\"strong\">Tischaufstellung<\/strong><\/p><p data-prosemirror-content-type=\"node\" data-prosemirror-node-name=\"paragraph\" data-prosemirror-node-block=\"true\"><strong data-prosemirror-content-type=\"mark\" data-prosemirror-mark-name=\"strong\">Freistehend <\/strong>oder mit Schrauben <strong data-prosemirror-content-type=\"mark\" data-prosemirror-mark-name=\"strong\">befestigt <\/strong>, ideal f\u00fcr <strong data-prosemirror-content-type=\"mark\" data-prosemirror-mark-name=\"strong\">Schreibtische <\/strong>und<strong data-prosemirror-content-type=\"mark\" data-prosemirror-mark-name=\"strong\"> Empfangstresen<\/strong>.<\/p><\/div><\/div><\/div>\t\t\t\t\t\t\t\t<\/div>\n\t\t\t\t<\/div>\n\t\t\t\t<div class=\"elementor-element elementor-element-b821194 elementor-widget elementor-widget-text-editor\" data-id=\"b821194\" data-element_type=\"widget\" data-e-type=\"widget\" data-widget_type=\"text-editor.default\">\n\t\t\t\t<div class=\"elementor-widget-container\">\n\t\t\t\t\t\t\t\t\t<div data-layout-column=\"true\" data-column-width=\"50\" data-prosemirror-content-type=\"node\" data-prosemirror-node-name=\"layoutColumn\" data-prosemirror-node-block=\"true\" data-pm-slice=\"2 2 [\"layoutSection\",{\"columnRuleStyle\":null,\"localId\":null}]\"><div data-layout-content=\"true\"><div class=\"fabric-editor-block-mark fabric-editor-alignment fabric-editor-align-center\" data-align=\"center\" data-prosemirror-content-type=\"mark\" data-prosemirror-mark-name=\"alignment\"><p data-prosemirror-content-type=\"node\" data-prosemirror-node-name=\"paragraph\" data-prosemirror-node-block=\"true\"><strong data-prosemirror-content-type=\"mark\" data-prosemirror-mark-name=\"strong\">Aufputz-Installationen<\/strong><\/p><p data-prosemirror-content-type=\"node\" data-prosemirror-node-name=\"paragraph\" data-prosemirror-node-block=\"true\">Neigen Sie die Panels um 15\u00b0 f\u00fcr einen <strong data-prosemirror-content-type=\"mark\" data-prosemirror-mark-name=\"strong\">besseren Blickwinkel<\/strong>, auf <strong data-prosemirror-content-type=\"mark\" data-prosemirror-mark-name=\"strong\">Trockenbauw\u00e4nden <\/strong>oder <strong data-prosemirror-content-type=\"mark\" data-prosemirror-mark-name=\"strong\">Glas<\/strong>.<\/p><\/div><\/div><\/div>\t\t\t\t\t\t\t\t<\/div>\n\t\t\t\t<\/div>\n\t\t\t\t<\/div>\n\t\t\t\t\t<\/div>\n\t\t\t\t<\/div>\n\t\t<div class=\"elementor-element elementor-element-91258b7 e-flex e-con-boxed e-con e-parent\" data-id=\"91258b7\" data-element_type=\"container\" data-e-type=\"container\" data-settings=\"{&quot;background_background&quot;:&quot;classic&quot;}\">\n\t\t\t\t\t<div class=\"e-con-inner\">\n\t\t\t\t<div class=\"elementor-element elementor-element-ae9cf7b elementor-widget elementor-widget-heading\" data-id=\"ae9cf7b\" data-element_type=\"widget\" data-e-type=\"widget\" data-widget_type=\"heading.default\">\n\t\t\t\t<div class=\"elementor-widget-container\">\n\t\t\t\t\t<h2 class=\"elementor-heading-title elementor-size-default\"><a href=\"https:\/\/docs.cuesystem.com\/space\/PRODUCTS\/1456537633\" target=\"_blank\">F\u00fcr detaillierte Informationen klicken Sie HIER.<\/a><\/h2>\t\t\t\t<\/div>\n\t\t\t\t<\/div>\n\t\t\t\t\t<\/div>\n\t\t\t\t<\/div>\n\t\t\t\t<\/div>\n\t\t","protected":false},"excerpt":{"rendered":"<p>Neue Produkte Montageadapter 10: Freiheit bei der Montage Ihres Panels Sie k\u00f6nnen jederzeit zwischen Tisch- und Wandmontage w\u00e4hlen, ohne dass Sie verschiedene Paneelversionen auf Lager haben m\u00fcssen. Mit dem neuen Montageadapter 10 kann Ihr touchCUE-10-W oder touchONE-10-W wirklich vielseitig. Egal, ob Sie eine saubere Tischaufstellung oder eine elegante, um 15\u00b0 abgewinkelte Wandhalterung bevorzugen, dieser Adapter <a href=\"https:\/\/www.cuesystem.com\/de\/was-ist-neu\/montageadapter-10-freiheit-bei-der-montage-ihres-panels\/\" class=\"more-link\">\u2026\u00a0<span class=\"screen-reader-text\">  Montageadapter 10: Freiheit bei der Montage Ihres Panels<\/span><\/a><\/p>\n","protected":false},"author":11,"featured_media":0,"parent":31299,"menu_order":142,"comment_status":"closed","ping_status":"closed","template":"","meta":{"_acf_changed":false,"inline_featured_image":false,"footnotes":""},"kategorie":[],"class_list":["post-32856","page","type-page","status-publish","hentry"],"acf":[],"_links":{"self":[{"href":"https:\/\/www.cuesystem.com\/de\/wp-json\/wp\/v2\/pages\/32856","targetHints":{"allow":["GET"]}}],"collection":[{"href":"https:\/\/www.cuesystem.com\/de\/wp-json\/wp\/v2\/pages"}],"about":[{"href":"https:\/\/www.cuesystem.com\/de\/wp-json\/wp\/v2\/types\/page"}],"author":[{"embeddable":true,"href":"https:\/\/www.cuesystem.com\/de\/wp-json\/wp\/v2\/users\/11"}],"replies":[{"embeddable":true,"href":"https:\/\/www.cuesystem.com\/de\/wp-json\/wp\/v2\/comments?post=32856"}],"version-history":[{"count":1,"href":"https:\/\/www.cuesystem.com\/de\/wp-json\/wp\/v2\/pages\/32856\/revisions"}],"predecessor-version":[{"id":32857,"href":"https:\/\/www.cuesystem.com\/de\/wp-json\/wp\/v2\/pages\/32856\/revisions\/32857"}],"up":[{"embeddable":true,"href":"https:\/\/www.cuesystem.com\/de\/wp-json\/wp\/v2\/pages\/31299"}],"wp:attachment":[{"href":"https:\/\/www.cuesystem.com\/de\/wp-json\/wp\/v2\/media?parent=32856"}],"wp:term":[{"taxonomy":"kategorie","embeddable":true,"href":"https:\/\/www.cuesystem.com\/de\/wp-json\/wp\/v2\/kategorie?post=32856"}],"curies":[{"name":"wp","href":"https:\/\/api.w.org\/{rel}","templated":true}]}}