{"id":33259,"date":"2025-11-11T13:15:26","date_gmt":"2025-11-11T12:15:26","guid":{"rendered":"https:\/\/www.cuesystem.com\/was-ist-neu\/cue-finalist-bei-den-inavation-awards-2026\/"},"modified":"2025-11-11T13:49:06","modified_gmt":"2025-11-11T12:49:06","slug":"cue-finalist-bei-den-inavation-awards-2026","status":"publish","type":"page","link":"https:\/\/www.cuesystem.com\/de\/was-ist-neu\/cue-finalist-bei-den-inavation-awards-2026\/","title":{"rendered":"CUE: Finalist bei den Inavation Awards 2026"},"content":{"rendered":"\t\t<div data-elementor-type=\"wp-page\" data-elementor-id=\"33259\" class=\"elementor elementor-33259 elementor-33228\" data-elementor-post-type=\"page\">\n\t\t\t\t<div class=\"elementor-element elementor-element-fc2ac53 e-con-full e-flex e-con e-child\" data-id=\"fc2ac53\" data-element_type=\"container\" data-e-type=\"container\">\n\t\t\t\t<div class=\"elementor-element elementor-element-4f23c9f elementor-widget elementor-widget-heading\" data-id=\"4f23c9f\" data-element_type=\"widget\" data-e-type=\"widget\" data-widget_type=\"heading.default\">\n\t\t\t\t<div class=\"elementor-widget-container\">\n\t\t\t\t\t<h3 class=\"elementor-heading-title elementor-size-default\"><span style=\"font-size: 20.8px\">Ank\u00fcndigung<\/span><\/h3>\t\t\t\t<\/div>\n\t\t\t\t<\/div>\n\t\t\t\t<div class=\"elementor-element elementor-element-3ed1bb1 elementor-widget elementor-widget-heading\" data-id=\"3ed1bb1\" data-element_type=\"widget\" data-e-type=\"widget\" data-widget_type=\"heading.default\">\n\t\t\t\t<div class=\"elementor-widget-container\">\n\t\t\t\t\t<h1 class=\"elementor-heading-title elementor-size-default\">Wir sind Finalisten bei den Inavation Awards 2026!<\/h1>\t\t\t\t<\/div>\n\t\t\t\t<\/div>\n\t\t<div class=\"elementor-element elementor-element-48b7933 e-flex e-con-boxed e-con e-child\" data-id=\"48b7933\" data-element_type=\"container\" data-e-type=\"container\">\n\t\t\t\t\t<div class=\"e-con-inner\">\n\t\t\t\t<div class=\"elementor-element elementor-element-5b90a1b elementor-widget-divider--view-line elementor-widget elementor-widget-divider\" data-id=\"5b90a1b\" data-element_type=\"widget\" data-e-type=\"widget\" data-widget_type=\"divider.default\">\n\t\t\t\t<div class=\"elementor-widget-container\">\n\t\t\t\t\t\t\t<div class=\"elementor-divider\">\n\t\t\t<span class=\"elementor-divider-separator\">\n\t\t\t\t\t\t<\/span>\n\t\t<\/div>\n\t\t\t\t\t\t<\/div>\n\t\t\t\t<\/div>\n\t\t\t\t<div class=\"elementor-element elementor-element-f57f4ec elementor-widget elementor-widget-text-editor\" data-id=\"f57f4ec\" data-element_type=\"widget\" data-e-type=\"widget\" data-widget_type=\"text-editor.default\">\n\t\t\t\t<div class=\"elementor-widget-container\">\n\t\t\t\t\t\t\t\t\t<p>Wir sind stolz darauf, mitteilen zu k\u00f6nnen, dass <strong>CUE<\/strong> erneut in die engere Auswahl f\u00fcr die prestigetr\u00e4chtigen <span style=\"text-decoration: underline;\"><a href=\"https:\/\/www.inavateonthenet.net\/vote\"><strong>Inavation Auszeichnungen<\/strong><\/a><\/span>nominiert wurde, dieses Mal in der Kategorie <strong>Monitoring &amp; Control<\/strong> mit unserer <strong>Monitor &amp; Control using CUE Solution<\/strong>.<\/p>\t\t\t\t\t\t\t\t<\/div>\n\t\t\t\t<\/div>\n\t\t\t\t<div class=\"elementor-element elementor-element-c6591e8 elementor-align-center elementor-widget elementor-widget-button\" data-id=\"c6591e8\" data-element_type=\"widget\" data-e-type=\"widget\" data-widget_type=\"button.default\">\n\t\t\t\t<div class=\"elementor-widget-container\">\n\t\t\t\t\t\t\t\t\t<div class=\"elementor-button-wrapper\">\n\t\t\t\t\t<a class=\"elementor-button elementor-button-link elementor-size-sm\" href=\"https:\/\/www.inavateonthenet.net\/vote\" target=\"_blank\">\n\t\t\t\t\t\t<span class=\"elementor-button-content-wrapper\">\n\t\t\t\t\t\t\t\t\t<span class=\"elementor-button-text\">W\u00c4HLEN SIE F\u00dcR CUE<\/span>\n\t\t\t\t\t<\/span>\n\t\t\t\t\t<\/a>\n\t\t\t\t<\/div>\n\t\t\t\t\t\t\t\t<\/div>\n\t\t\t\t<\/div>\n\t\t\t\t\t<\/div>\n\t\t\t\t<\/div>\n\t\t\t\t<div class=\"elementor-element elementor-element-fad3fb8 elementor-widget-divider--view-line elementor-widget elementor-widget-divider\" data-id=\"fad3fb8\" data-element_type=\"widget\" data-e-type=\"widget\" data-widget_type=\"divider.default\">\n\t\t\t\t<div class=\"elementor-widget-container\">\n\t\t\t\t\t\t\t<div class=\"elementor-divider\">\n\t\t\t<span class=\"elementor-divider-separator\">\n\t\t\t\t\t\t<\/span>\n\t\t<\/div>\n\t\t\t\t\t\t<\/div>\n\t\t\t\t<\/div>\n\t\t<div class=\"elementor-element elementor-element-1f0d575 e-grid e-con-boxed e-con e-child\" data-id=\"1f0d575\" data-element_type=\"container\" data-e-type=\"container\">\n\t\t\t\t\t<div class=\"e-con-inner\">\n\t\t\t\t<div class=\"elementor-element elementor-element-4c6b704 elementor-widget elementor-widget-text-editor\" data-id=\"4c6b704\" data-element_type=\"widget\" data-e-type=\"widget\" data-widget_type=\"text-editor.default\">\n\t\t\t\t<div class=\"elementor-widget-container\">\n\t\t\t\t\t\t\t\t\t<p>Diese intelligente All-in-One-Plattform vereint \u00dcberwachung, Steuerung und Analyse in einer nahtlosen Umgebung und verbindet Ger\u00e4te, Sensoren und Benutzeroberfl\u00e4chen f\u00fcr einen m\u00fchelosen, browserbasierten Betrieb. Keine Apps, keine Anmeldungen, nur sofortiger Zugriff und volle Kontrolle. <\/p><p>Von Arbeitsbereichen in Unternehmen bis hin zu Krankenh\u00e4usern und intelligenten Campus, erm\u00f6glicht es den Benutzern, komplexe Systeme in intuitive, effiziente Umgebungen zu verwandeln.<\/p><p>Jetzt brauchen wir Ihre Unterst\u00fctzung, um einen Schritt weiter zu gehen.<br><strong>Die \u00f6ffentliche Abstimmung l\u00e4uft bis zum 16. Januar 2026. Und jede einzelne Stimme z\u00e4hlt. <\/strong><\/p><p><span style=\"text-decoration: underline;\"><a href=\"https:\/\/www.inavateonthenet.net\/vote\"><strong>W\u00c4HLEN SIE F\u00dcR UNS<\/strong><\/a><\/span><\/p><p>Danke, dass Sie uns helfen, die Zukunft der intelligenten Steuerung zu gestalten. Ihre Stimme bringt uns dem Sieg n\u00e4her! <\/p>\t\t\t\t\t\t\t\t<\/div>\n\t\t\t\t<\/div>\n\t\t\t\t<div class=\"elementor-element elementor-element-0760008 elementor-widget elementor-widget-image\" data-id=\"0760008\" data-element_type=\"widget\" data-e-type=\"widget\" data-widget_type=\"image.default\">\n\t\t\t\t<div class=\"elementor-widget-container\">\n\t\t\t\t\t\t\t\t\t\t\t\t\t\t\t\t<a href=\"https:\/\/www.inavateonthenet.net\/vote\" target=\"_blank\">\n\t\t\t\t\t\t\t<img fetchpriority=\"high\" decoding=\"async\" width=\"1024\" height=\"1024\" src=\"https:\/\/www.cuesystem.com\/wp-content\/uploads\/2025\/11\/CUE-Social-media-\u2013-1000-x-1000-1024x1024.webp\" class=\"attachment-large size-large wp-image-33232\" alt=\"\" srcset=\"https:\/\/www.cuesystem.com\/wp-content\/uploads\/2025\/11\/CUE-Social-media-\u2013-1000-x-1000-1024x1024.webp 1024w, https:\/\/www.cuesystem.com\/wp-content\/uploads\/2025\/11\/CUE-Social-media-\u2013-1000-x-1000-300x300.webp 300w, https:\/\/www.cuesystem.com\/wp-content\/uploads\/2025\/11\/CUE-Social-media-\u2013-1000-x-1000-150x150.webp 150w, https:\/\/www.cuesystem.com\/wp-content\/uploads\/2025\/11\/CUE-Social-media-\u2013-1000-x-1000.webp 1080w\" sizes=\"(max-width: 1024px) 100vw, 1024px\" \/>\t\t\t\t\t\t\t\t<\/a>\n\t\t\t\t\t\t\t\t\t\t\t\t\t\t\t<\/div>\n\t\t\t\t<\/div>\n\t\t\t\t\t<\/div>\n\t\t\t\t<\/div>\n\t\t<div class=\"elementor-element elementor-element-c58d40a e-flex e-con-boxed e-con e-child\" data-id=\"c58d40a\" data-element_type=\"container\" data-e-type=\"container\">\n\t\t\t\t\t<div class=\"e-con-inner\">\n\t\t\t\t<div class=\"elementor-element elementor-element-6f33dd2 elementor-widget-divider--view-line elementor-widget elementor-widget-divider\" data-id=\"6f33dd2\" data-element_type=\"widget\" data-e-type=\"widget\" data-widget_type=\"divider.default\">\n\t\t\t\t<div class=\"elementor-widget-container\">\n\t\t\t\t\t\t\t<div class=\"elementor-divider\">\n\t\t\t<span class=\"elementor-divider-separator\">\n\t\t\t\t\t\t<\/span>\n\t\t<\/div>\n\t\t\t\t\t\t<\/div>\n\t\t\t\t<\/div>\n\t\t\t\t<div class=\"elementor-element elementor-element-07aba1b elementor-align-center elementor-widget elementor-widget-button\" data-id=\"07aba1b\" data-element_type=\"widget\" data-e-type=\"widget\" data-widget_type=\"button.default\">\n\t\t\t\t<div class=\"elementor-widget-container\">\n\t\t\t\t\t\t\t\t\t<div class=\"elementor-button-wrapper\">\n\t\t\t\t\t<a class=\"elementor-button elementor-button-link elementor-size-sm\" href=\"https:\/\/www.inavateonthenet.net\/vote\" target=\"_blank\">\n\t\t\t\t\t\t<span class=\"elementor-button-content-wrapper\">\n\t\t\t\t\t\t\t\t\t<span class=\"elementor-button-text\">W\u00c4HLEN SIE F\u00dcR CUE<\/span>\n\t\t\t\t\t<\/span>\n\t\t\t\t\t<\/a>\n\t\t\t\t<\/div>\n\t\t\t\t\t\t\t\t<\/div>\n\t\t\t\t<\/div>\n\t\t<div class=\"elementor-element elementor-element-4fe1031 e-con-full e-flex e-con e-child\" data-id=\"4fe1031\" data-element_type=\"container\" data-e-type=\"container\">\n\t\t\t\t<div class=\"elementor-element elementor-element-5f148fa elementor-widget-divider--view-line elementor-widget elementor-widget-divider\" data-id=\"5f148fa\" data-element_type=\"widget\" data-e-type=\"widget\" data-widget_type=\"divider.default\">\n\t\t\t\t<div class=\"elementor-widget-container\">\n\t\t\t\t\t\t\t<div class=\"elementor-divider\">\n\t\t\t<span class=\"elementor-divider-separator\">\n\t\t\t\t\t\t<\/span>\n\t\t<\/div>\n\t\t\t\t\t\t<\/div>\n\t\t\t\t<\/div>\n\t\t\t\t<div class=\"elementor-element elementor-element-0770942 elementor-widget elementor-widget-text-editor\" data-id=\"0770942\" data-element_type=\"widget\" data-e-type=\"widget\" data-widget_type=\"text-editor.default\">\n\t\t\t\t<div class=\"elementor-widget-container\">\n\t\t\t\t\t\t\t\t\t<p>Erstellt: 2025-11<\/p>\t\t\t\t\t\t\t\t<\/div>\n\t\t\t\t<\/div>\n\t\t\t\t<div class=\"elementor-element elementor-element-e4bbd17 elementor-widget-divider--view-line elementor-widget elementor-widget-divider\" data-id=\"e4bbd17\" data-element_type=\"widget\" data-e-type=\"widget\" data-widget_type=\"divider.default\">\n\t\t\t\t<div class=\"elementor-widget-container\">\n\t\t\t\t\t\t\t<div class=\"elementor-divider\">\n\t\t\t<span class=\"elementor-divider-separator\">\n\t\t\t\t\t\t<\/span>\n\t\t<\/div>\n\t\t\t\t\t\t<\/div>\n\t\t\t\t<\/div>\n\t\t\t\t<\/div>\n\t\t\t\t\t<\/div>\n\t\t\t\t<\/div>\n\t\t\t\t<\/div>\n\t\t\t\t<\/div>\n\t\t","protected":false},"excerpt":{"rendered":"<p>Ank\u00fcndigung Wir sind Finalisten bei den Inavation Awards 2026! Wir sind stolz darauf, mitteilen zu k\u00f6nnen, dass CUE erneut in die engere Auswahl f\u00fcr die prestigetr\u00e4chtigen Inavation Auszeichnungennominiert wurde, dieses Mal in der Kategorie Monitoring &amp; Control mit unserer Monitor &amp; Control using CUE Solution. W\u00c4HLEN SIE F\u00dcR CUE Diese intelligente All-in-One-Plattform vereint \u00dcberwachung, Steuerung <a href=\"https:\/\/www.cuesystem.com\/de\/was-ist-neu\/cue-finalist-bei-den-inavation-awards-2026\/\" class=\"more-link\">\u2026\u00a0<span class=\"screen-reader-text\">  CUE: Finalist bei den Inavation Awards 2026<\/span><\/a><\/p>\n","protected":false},"author":11,"featured_media":0,"parent":31299,"menu_order":126,"comment_status":"closed","ping_status":"closed","template":"","meta":{"_acf_changed":false,"inline_featured_image":false,"footnotes":""},"kategorie":[],"class_list":["post-33259","page","type-page","status-publish","hentry"],"acf":[],"_links":{"self":[{"href":"https:\/\/www.cuesystem.com\/de\/wp-json\/wp\/v2\/pages\/33259","targetHints":{"allow":["GET"]}}],"collection":[{"href":"https:\/\/www.cuesystem.com\/de\/wp-json\/wp\/v2\/pages"}],"about":[{"href":"https:\/\/www.cuesystem.com\/de\/wp-json\/wp\/v2\/types\/page"}],"author":[{"embeddable":true,"href":"https:\/\/www.cuesystem.com\/de\/wp-json\/wp\/v2\/users\/11"}],"replies":[{"embeddable":true,"href":"https:\/\/www.cuesystem.com\/de\/wp-json\/wp\/v2\/comments?post=33259"}],"version-history":[{"count":1,"href":"https:\/\/www.cuesystem.com\/de\/wp-json\/wp\/v2\/pages\/33259\/revisions"}],"predecessor-version":[{"id":33260,"href":"https:\/\/www.cuesystem.com\/de\/wp-json\/wp\/v2\/pages\/33259\/revisions\/33260"}],"up":[{"embeddable":true,"href":"https:\/\/www.cuesystem.com\/de\/wp-json\/wp\/v2\/pages\/31299"}],"wp:attachment":[{"href":"https:\/\/www.cuesystem.com\/de\/wp-json\/wp\/v2\/media?parent=33259"}],"wp:term":[{"taxonomy":"kategorie","embeddable":true,"href":"https:\/\/www.cuesystem.com\/de\/wp-json\/wp\/v2\/kategorie?post=33259"}],"curies":[{"name":"wp","href":"https:\/\/api.w.org\/{rel}","templated":true}]}}