{"id":36678,"date":"2026-03-19T12:18:12","date_gmt":"2026-03-19T11:18:12","guid":{"rendered":"https:\/\/www.cuesystem.com\/cue-updates-neuerungen-20260512\/"},"modified":"2026-03-29T21:29:48","modified_gmt":"2026-03-29T19:29:48","slug":"cue-updates-neuerungen-20260512","status":"publish","type":"page","link":"https:\/\/www.cuesystem.com\/de\/cue-updates-neuerungen-20260512\/","title":{"rendered":"Training CUE Updates &amp; Innovations 12.5.2026"},"content":{"rendered":"\t\t<div data-elementor-type=\"wp-page\" data-elementor-id=\"36678\" class=\"elementor elementor-36678 elementor-36564\" data-elementor-post-type=\"page\">\n\t\t\t\t<div class=\"elementor-element elementor-element-335e1a4 e-con-full e-flex e-con e-parent\" data-id=\"335e1a4\" data-element_type=\"container\" data-e-type=\"container\" data-settings=\"{&quot;background_background&quot;:&quot;classic&quot;}\">\n\t\t\t\t<div class=\"elementor-element elementor-element-3c952de elementor-widget elementor-widget-heading\" data-id=\"3c952de\" data-element_type=\"widget\" data-e-type=\"widget\" data-widget_type=\"heading.default\">\n\t\t\t\t<div class=\"elementor-widget-container\">\n\t\t\t\t\t<h3 class=\"elementor-heading-title elementor-size-default\">Kurs Bildung<\/h3>\t\t\t\t<\/div>\n\t\t\t\t<\/div>\n\t\t\t\t<div class=\"elementor-element elementor-element-ae380ea elementor-widget elementor-widget-heading\" data-id=\"ae380ea\" data-element_type=\"widget\" data-e-type=\"widget\" data-widget_type=\"heading.default\">\n\t\t\t\t<div class=\"elementor-widget-container\">\n\t\t\t\t\t<h1 class=\"elementor-heading-title elementor-size-default\">CUE Updates &amp; Neuerungen<\/h1>\t\t\t\t<\/div>\n\t\t\t\t<\/div>\n\t\t\t\t<div class=\"elementor-element elementor-element-0eb8023 elementor-widget elementor-widget-heading\" data-id=\"0eb8023\" data-element_type=\"widget\" data-e-type=\"widget\" data-widget_type=\"heading.default\">\n\t\t\t\t<div class=\"elementor-widget-container\">\n\t\t\t\t\t<h2 class=\"elementor-heading-title elementor-size-default\">12. 5.  2026<\/h2>\t\t\t\t<\/div>\n\t\t\t\t<\/div>\n\t\t<div class=\"elementor-element elementor-element-df89530 e-grid e-con-boxed e-con e-child\" data-id=\"df89530\" data-element_type=\"container\" data-e-type=\"container\">\n\t\t\t\t\t<div class=\"e-con-inner\">\n\t\t<div class=\"elementor-element elementor-element-923c1a8 e-flex e-con-boxed e-con e-child\" data-id=\"923c1a8\" data-element_type=\"container\" data-e-type=\"container\">\n\t\t\t\t\t<div class=\"e-con-inner\">\n\t\t\t\t<div class=\"elementor-element elementor-element-069f028 elementor-widget elementor-widget-heading\" data-id=\"069f028\" data-element_type=\"widget\" data-e-type=\"widget\" data-widget_type=\"heading.default\">\n\t\t\t\t<div class=\"elementor-widget-container\">\n\t\t\t\t\t<h3 class=\"elementor-heading-title elementor-size-default\"><span style=\"font-size: 20.8px\">Zeitplan<\/span><\/h3>\t\t\t\t<\/div>\n\t\t\t\t<\/div>\n\t\t\t\t<div class=\"elementor-element elementor-element-0955bf7 elementor-widget-laptop__width-initial elementor-icon-list--layout-traditional elementor-list-item-link-full_width elementor-widget elementor-widget-icon-list\" data-id=\"0955bf7\" data-element_type=\"widget\" data-e-type=\"widget\" data-widget_type=\"icon-list.default\">\n\t\t\t\t<div class=\"elementor-widget-container\">\n\t\t\t\t\t\t\t<ul class=\"elementor-icon-list-items\">\n\t\t\t\t\t\t\t<li class=\"elementor-icon-list-item\">\n\t\t\t\t\t\t\t\t\t\t\t<span class=\"elementor-icon-list-icon\">\n\t\t\t\t\t\t\t<svg aria-hidden=\"true\" class=\"e-font-icon-svg e-far-calendar-check\" viewBox=\"0 0 448 512\" xmlns=\"http:\/\/www.w3.org\/2000\/svg\"><path d=\"M400 64h-48V12c0-6.627-5.373-12-12-12h-40c-6.627 0-12 5.373-12 12v52H160V12c0-6.627-5.373-12-12-12h-40c-6.627 0-12 5.373-12 12v52H48C21.49 64 0 85.49 0 112v352c0 26.51 21.49 48 48 48h352c26.51 0 48-21.49 48-48V112c0-26.51-21.49-48-48-48zm-6 400H54a6 6 0 0 1-6-6V160h352v298a6 6 0 0 1-6 6zm-52.849-200.65L198.842 404.519c-4.705 4.667-12.303 4.637-16.971-.068l-75.091-75.699c-4.667-4.705-4.637-12.303.068-16.971l22.719-22.536c4.705-4.667 12.303-4.637 16.97.069l44.104 44.461 111.072-110.181c4.705-4.667 12.303-4.637 16.971.068l22.536 22.718c4.667 4.705 4.636 12.303-.069 16.97z\"><\/path><\/svg>\t\t\t\t\t\t<\/span>\n\t\t\t\t\t\t\t\t\t\t<span class=\"elementor-icon-list-text\"><b>09:00 - 11:00 UTC<\/b> (10:00 - 12:00 CET)<\/span>\n\t\t\t\t\t\t\t\t\t<\/li>\n\t\t\t\t\t\t<\/ul>\n\t\t\t\t\t\t<\/div>\n\t\t\t\t<\/div>\n\t\t\t\t\t<\/div>\n\t\t\t\t<\/div>\n\t\t<div class=\"elementor-element elementor-element-dfcf95c e-flex e-con-boxed e-con e-child\" data-id=\"dfcf95c\" data-element_type=\"container\" data-e-type=\"container\">\n\t\t\t\t\t<div class=\"e-con-inner\">\n\t\t\t\t<div class=\"elementor-element elementor-element-9870777 elementor-widget elementor-widget-heading\" data-id=\"9870777\" data-element_type=\"widget\" data-e-type=\"widget\" data-widget_type=\"heading.default\">\n\t\t\t\t<div class=\"elementor-widget-container\">\n\t\t\t\t\t<h3 class=\"elementor-heading-title elementor-size-default\">Details<\/h3>\t\t\t\t<\/div>\n\t\t\t\t<\/div>\n\t\t\t\t<div class=\"elementor-element elementor-element-5e3f775 elementor-widget elementor-widget-text-editor\" data-id=\"5e3f775\" data-element_type=\"widget\" data-e-type=\"widget\" data-widget_type=\"text-editor.default\">\n\t\t\t\t<div class=\"elementor-widget-container\">\n\t\t\t\t\t\t\t\t\t<p>Sprache: <strong>Englisch<\/strong><\/p>\t\t\t\t\t\t\t\t<\/div>\n\t\t\t\t<\/div>\n\t\t\t\t<div class=\"elementor-element elementor-element-0db4a87 elementor-widget elementor-widget-text-editor\" data-id=\"0db4a87\" data-element_type=\"widget\" data-e-type=\"widget\" data-widget_type=\"text-editor.default\">\n\t\t\t\t<div class=\"elementor-widget-container\">\n\t\t\t\t\t\t\t\t\t<p>Art der Schulung: <b>Online<\/b><\/p>\t\t\t\t\t\t\t\t<\/div>\n\t\t\t\t<\/div>\n\t\t\t\t<div class=\"elementor-element elementor-element-c2b9fd9 elementor-widget elementor-widget-text-editor\" data-id=\"c2b9fd9\" data-element_type=\"widget\" data-e-type=\"widget\" data-widget_type=\"text-editor.default\">\n\t\t\t\t<div class=\"elementor-widget-container\">\n\t\t\t\t\t\t\t\t\t<p>Trainer: <strong>Richard Milek<\/strong><\/p>\t\t\t\t\t\t\t\t<\/div>\n\t\t\t\t<\/div>\n\t\t\t\t\t<\/div>\n\t\t\t\t<\/div>\n\t\t\t\t\t<\/div>\n\t\t\t\t<\/div>\n\t\t<div class=\"elementor-element elementor-element-68e2678 e-flex e-con-boxed e-con e-child\" data-id=\"68e2678\" data-element_type=\"container\" data-e-type=\"container\">\n\t\t\t\t\t<div class=\"e-con-inner\">\n\t\t<div class=\"elementor-element elementor-element-6dff069 e-flex e-con-boxed e-con e-child\" data-id=\"6dff069\" data-element_type=\"container\" data-e-type=\"container\">\n\t\t\t\t\t<div class=\"e-con-inner\">\n\t\t\t\t<div class=\"elementor-element elementor-element-12ea63b elementor-widget elementor-widget-heading\" data-id=\"12ea63b\" data-element_type=\"widget\" data-e-type=\"widget\" data-widget_type=\"heading.default\">\n\t\t\t\t<div class=\"elementor-widget-container\">\n\t\t\t\t\t<h3 class=\"elementor-heading-title elementor-size-default\">Kursbeschreibung<\/h3>\t\t\t\t<\/div>\n\t\t\t\t<\/div>\n\t\t\t\t<div class=\"elementor-element elementor-element-3263582 elementor-widget elementor-widget-text-editor\" data-id=\"3263582\" data-element_type=\"widget\" data-e-type=\"widget\" data-widget_type=\"text-editor.default\">\n\t\t\t\t<div class=\"elementor-widget-container\">\n\t\t\t\t\t\t\t\t\t<p><strong>CUE Updates &amp; Innovations<\/strong> ist die erste Sitzung in unserer neuen Reihe von Online-Pr\u00e4sentationen, mit denen wir unsere Partner regelm\u00e4\u00dfig \u00fcber die <strong>neuesten Entwicklungen bei CUE-Hardware und -Software<\/strong> informieren.<\/p><p>Diese Einf\u00fchrungsveranstaltung bietet einen umfassenden \u00dcberblick \u00fcber die wichtigsten Innovationen, die auf der ISE vorgestellt wurden, darunter unsere neuesten Hardware-Produkte (touchCUE-7-W, touchONE-7-W und signCUE-three) sowie die neuesten M\u00f6glichkeiten der CUE Solution. <strong>Der Schwerpunkt liegt dabei auf praktischen Anwendungsf\u00e4llen, realen Anwendungen und den Vorteilen, die diese Technologien f\u00fcr den t\u00e4glichen Betrieb mit sich bringen<\/strong>.<\/p><p>Anstatt tief in technische Programmierdetails einzutauchen, wird sich die Sitzung darauf konzentrieren, wie diese L\u00f6sungen in realen Projekten eingesetzt werden k\u00f6nnen, welche Probleme sie l\u00f6sen und wie sie Verkaufsgespr\u00e4che mit Kunden unterst\u00fctzen k\u00f6nnen. Aus diesem Grund ist die Schulung besonders <strong>f\u00fcr Vertriebsprofis und Gesch\u00e4ftspartner geeignet<\/strong>, die den Wert und die M\u00f6glichkeiten des CUE-\u00d6kosystems besser verstehen m\u00f6chten. <\/p><p>Diese Sitzung dient als \u00dcberblick und Vorschau. Am Ende stellen wir Ihnen kommende, speziellere Schulungen vor, in denen einzelne Themen vertieft werden. <\/p><p><strong>Besuchen Sie uns, um sich \u00fcber die neuesten CUE-Innovationen zu informieren und zu erfahren, wie sie in der Praxis angewendet werden k\u00f6nnen.<\/strong><\/p>\t\t\t\t\t\t\t\t<\/div>\n\t\t\t\t<\/div>\n\t\t\t\t\t<\/div>\n\t\t\t\t<\/div>\n\t\t\t\t\t<\/div>\n\t\t\t\t<\/div>\n\t\t<div class=\"elementor-element elementor-element-d7a4c77 e-flex e-con-boxed e-con e-child\" data-id=\"d7a4c77\" data-element_type=\"container\" data-e-type=\"container\">\n\t\t\t\t\t<div class=\"e-con-inner\">\n\t\t\t\t<div class=\"elementor-element elementor-element-8bc7102 elementor-widget elementor-widget-heading\" data-id=\"8bc7102\" data-element_type=\"widget\" data-e-type=\"widget\" data-widget_type=\"heading.default\">\n\t\t\t\t<div class=\"elementor-widget-container\">\n\t\t\t\t\t<h3 class=\"elementor-heading-title elementor-size-default\">Wenn Sie an dieser Online-Schulung interessiert sind, f\u00fcllen Sie bitte das Anmeldeformular aus.<\/h3>\t\t\t\t<\/div>\n\t\t\t\t<\/div>\n\t\t\t\t<div class=\"elementor-element elementor-element-749f117 elementor-widget elementor-widget-button\" data-id=\"749f117\" data-element_type=\"widget\" data-e-type=\"widget\" data-widget_type=\"button.default\">\n\t\t\t\t<div class=\"elementor-widget-container\">\n\t\t\t\t\t\t\t\t\t<div class=\"elementor-button-wrapper\">\n\t\t\t\t\t<a class=\"elementor-button elementor-button-link elementor-size-sm\" href=\"#elementor-action%3Aaction%3Dpopup%3Aopen%26settings%3DeyJpZCI6MjI4NTAsInRvZ2dsZSI6ZmFsc2V9\">\n\t\t\t\t\t\t<span class=\"elementor-button-content-wrapper\">\n\t\t\t\t\t\t\t\t\t<span class=\"elementor-button-text\">Registrieren Sie sich<\/span>\n\t\t\t\t\t<\/span>\n\t\t\t\t\t<\/a>\n\t\t\t\t<\/div>\n\t\t\t\t\t\t\t\t<\/div>\n\t\t\t\t<\/div>\n\t\t\t\t\t<\/div>\n\t\t\t\t<\/div>\n\t\t\t\t<\/div>\n\t\t\t\t<\/div>\n\t\t","protected":false},"excerpt":{"rendered":"<p>Kurs Bildung CUE Updates &amp; Neuerungen 12. 5. 2026 Zeitplan 09:00 &#8211; 11:00 UTC (10:00 &#8211; 12:00 CET) Details Sprache: Englisch Art der Schulung: Online Trainer: Richard Milek Kursbeschreibung CUE Updates &amp; Innovations ist die erste Sitzung in unserer neuen Reihe von Online-Pr\u00e4sentationen, mit denen wir unsere Partner regelm\u00e4\u00dfig \u00fcber die neuesten Entwicklungen bei CUE-Hardware <a href=\"https:\/\/www.cuesystem.com\/de\/cue-updates-neuerungen-20260512\/\" class=\"more-link\">\u2026\u00a0<span class=\"screen-reader-text\">  Training CUE Updates &amp; Innovations 12.5.2026<\/span><\/a><\/p>\n","protected":false},"author":3,"featured_media":0,"parent":0,"menu_order":30,"comment_status":"closed","ping_status":"closed","template":"","meta":{"_acf_changed":false,"inline_featured_image":false,"footnotes":""},"kategorie":[],"class_list":["post-36678","page","type-page","status-publish","hentry"],"acf":[],"_links":{"self":[{"href":"https:\/\/www.cuesystem.com\/de\/wp-json\/wp\/v2\/pages\/36678","targetHints":{"allow":["GET"]}}],"collection":[{"href":"https:\/\/www.cuesystem.com\/de\/wp-json\/wp\/v2\/pages"}],"about":[{"href":"https:\/\/www.cuesystem.com\/de\/wp-json\/wp\/v2\/types\/page"}],"author":[{"embeddable":true,"href":"https:\/\/www.cuesystem.com\/de\/wp-json\/wp\/v2\/users\/3"}],"replies":[{"embeddable":true,"href":"https:\/\/www.cuesystem.com\/de\/wp-json\/wp\/v2\/comments?post=36678"}],"version-history":[{"count":5,"href":"https:\/\/www.cuesystem.com\/de\/wp-json\/wp\/v2\/pages\/36678\/revisions"}],"predecessor-version":[{"id":37123,"href":"https:\/\/www.cuesystem.com\/de\/wp-json\/wp\/v2\/pages\/36678\/revisions\/37123"}],"wp:attachment":[{"href":"https:\/\/www.cuesystem.com\/de\/wp-json\/wp\/v2\/media?parent=36678"}],"wp:term":[{"taxonomy":"kategorie","embeddable":true,"href":"https:\/\/www.cuesystem.com\/de\/wp-json\/wp\/v2\/kategorie?post=36678"}],"curies":[{"name":"wp","href":"https:\/\/api.w.org\/{rel}","templated":true}]}}