{"id":36791,"date":"2026-03-25T12:23:38","date_gmt":"2026-03-25T11:23:38","guid":{"rendered":"https:\/\/www.cuesystem.com\/cue-auf-der-mir-2026-medialog-2026\/"},"modified":"2026-03-25T13:10:35","modified_gmt":"2026-03-25T12:10:35","slug":"cue-auf-der-mir-2026-medialog-2026","status":"publish","type":"page","link":"https:\/\/www.cuesystem.com\/de\/was-ist-neu\/cue-auf-der-mir-2026-medialog-2026\/","title":{"rendered":"CUE auf der MIR 2026 &amp; MEDIALOG 2026"},"content":{"rendered":"\t\t<div data-elementor-type=\"wp-page\" data-elementor-id=\"36791\" class=\"elementor elementor-36791 elementor-36767\" data-elementor-post-type=\"page\">\n\t\t\t\t<div class=\"elementor-element elementor-element-5ac9279 e-con-full e-flex e-con e-child\" data-id=\"5ac9279\" data-element_type=\"container\" data-e-type=\"container\">\n\t\t\t\t<div class=\"elementor-element elementor-element-69d17cc elementor-widget elementor-widget-heading\" data-id=\"69d17cc\" data-element_type=\"widget\" data-e-type=\"widget\" data-widget_type=\"heading.default\">\n\t\t\t\t<div class=\"elementor-widget-container\">\n\t\t\t\t\t<h3 class=\"elementor-heading-title elementor-size-default\">Veranstaltungen<\/h3>\t\t\t\t<\/div>\n\t\t\t\t<\/div>\n\t\t\t\t<div class=\"elementor-element elementor-element-9404eb1 elementor-widget elementor-widget-heading\" data-id=\"9404eb1\" data-element_type=\"widget\" data-e-type=\"widget\" data-widget_type=\"heading.default\">\n\t\t\t\t<div class=\"elementor-widget-container\">\n\t\t\t\t\t<h1 class=\"elementor-heading-title elementor-size-default\">CUE auf der MIR 2026 &amp; MEDIALOG 2026<\/h1>\t\t\t\t<\/div>\n\t\t\t\t<\/div>\n\t\t\t\t<div class=\"elementor-element elementor-element-7ed02ea elementor-widget-divider--view-line elementor-widget elementor-widget-divider\" data-id=\"7ed02ea\" data-element_type=\"widget\" data-e-type=\"widget\" data-widget_type=\"divider.default\">\n\t\t\t\t<div class=\"elementor-widget-container\">\n\t\t\t\t\t\t\t<div class=\"elementor-divider\">\n\t\t\t<span class=\"elementor-divider-separator\">\n\t\t\t\t\t\t<\/span>\n\t\t<\/div>\n\t\t\t\t\t\t<\/div>\n\t\t\t\t<\/div>\n\t\t<div class=\"elementor-element elementor-element-9043eeb e-flex e-con-boxed e-con e-child\" data-id=\"9043eeb\" data-element_type=\"container\" data-e-type=\"container\">\n\t\t\t\t\t<div class=\"e-con-inner\">\n\t\t\t\t<div class=\"elementor-element elementor-element-faa197e elementor-widget elementor-widget-text-editor\" data-id=\"faa197e\" data-element_type=\"widget\" data-e-type=\"widget\" data-widget_type=\"text-editor.default\">\n\t\t\t\t<div class=\"elementor-widget-container\">\n\t\t\t\t\t\t\t\t\t<p>Nach einer erfolgreichen ISE bringen wir das gleiche <strong>leistungsstarke Programm<\/strong> in diesem Fr\u00fchjahr zu <strong>zwei wichtigen europ\u00e4ischen Veranstaltungen<\/strong>. Seien Sie dabei und erfahren Sie, wie CUE die Steuerung, \u00dcberwachung und Automatisierung in modernen R\u00e4umen weiter vereinfacht. <\/p>\t\t\t\t\t\t\t\t<\/div>\n\t\t\t\t<\/div>\n\t\t\t\t\t<\/div>\n\t\t\t\t<\/div>\n\t\t<div class=\"elementor-element elementor-element-778a6df e-flex e-con-boxed e-con e-child\" data-id=\"778a6df\" data-element_type=\"container\" data-e-type=\"container\">\n\t\t\t\t\t<div class=\"e-con-inner\">\n\t\t\t\t<div class=\"elementor-element elementor-element-2e9272b elementor-widget-divider--view-line elementor-widget elementor-widget-divider\" data-id=\"2e9272b\" data-element_type=\"widget\" data-e-type=\"widget\" data-widget_type=\"divider.default\">\n\t\t\t\t<div class=\"elementor-widget-container\">\n\t\t\t\t\t\t\t<div class=\"elementor-divider\">\n\t\t\t<span class=\"elementor-divider-separator\">\n\t\t\t\t\t\t<\/span>\n\t\t<\/div>\n\t\t\t\t\t\t<\/div>\n\t\t\t\t<\/div>\n\t\t\t\t<div class=\"elementor-element elementor-element-5e6dab6 elementor-widget elementor-widget-heading\" data-id=\"5e6dab6\" data-element_type=\"widget\" data-e-type=\"widget\" data-widget_type=\"heading.default\">\n\t\t\t\t<div class=\"elementor-widget-container\">\n\t\t\t\t\t<h2 class=\"elementor-heading-title elementor-size-default\">MIR 2026<\/h2>\t\t\t\t<\/div>\n\t\t\t\t<\/div>\n\t\t\t\t<div class=\"elementor-element elementor-element-1dd28da elementor-widget-divider--view-line elementor-widget elementor-widget-divider\" data-id=\"1dd28da\" data-element_type=\"widget\" data-e-type=\"widget\" data-widget_type=\"divider.default\">\n\t\t\t\t<div class=\"elementor-widget-container\">\n\t\t\t\t\t\t\t<div class=\"elementor-divider\">\n\t\t\t<span class=\"elementor-divider-separator\">\n\t\t\t\t\t\t<\/span>\n\t\t<\/div>\n\t\t\t\t\t\t<\/div>\n\t\t\t\t<\/div>\n\t\t\t\t\t<\/div>\n\t\t\t\t<\/div>\n\t\t<div class=\"elementor-element elementor-element-34c3a6a e-grid e-con-boxed e-con e-child\" data-id=\"34c3a6a\" data-element_type=\"container\" data-e-type=\"container\">\n\t\t\t\t\t<div class=\"e-con-inner\">\n\t\t<div class=\"elementor-element elementor-element-dde71ba e-con-full e-flex e-con e-child\" data-id=\"dde71ba\" data-element_type=\"container\" data-e-type=\"container\">\n\t\t\t\t<div class=\"elementor-element elementor-element-b6e237e elementor-widget elementor-widget-text-editor\" data-id=\"b6e237e\" data-element_type=\"widget\" data-e-type=\"widget\" data-widget_type=\"text-editor.default\">\n\t\t\t\t<div class=\"elementor-widget-container\">\n\t\t\t\t\t\t\t\t\t<h3>April 12-14, 2026<\/h3><h4><em>Halle A1 &#8211; Stand 165 | Rimini Expo Centre, Italien<\/em><\/h4><p>Wir kehren zur\u00fcck zu <strong><a href=\"https:\/\/www.mirtechexpo.com\/en\" target=\"_blank\" rel=\"noopener\">MIR<\/a><\/strong>Italiens f\u00fchrender Veranstaltung f\u00fcr AV-, Beleuchtungs- und Steuerungstechnologien. Gemeinsam mit unserem Partner <a href=\"https:\/\/www.intermark.it\/home-english\/\"><strong>Intermark Sistemi<\/strong><\/a>werden wir zeigen, wie CUE-L\u00f6sungen in realen Szenarien funktionieren, von Unternehmensumgebungen bis hin zum Bildungswesen und dar\u00fcber hinaus. Freuen Sie sich auf praktische Demos, praktische Anwendungsf\u00e4lle und beeindruckende Erlebnisse.  <\/p>\t\t\t\t\t\t\t\t<\/div>\n\t\t\t\t<\/div>\n\t\t\t\t<\/div>\n\t\t<div class=\"elementor-element elementor-element-b55b7d6 e-con-full e-flex e-con e-child\" data-id=\"b55b7d6\" data-element_type=\"container\" data-e-type=\"container\">\n\t\t\t\t<div class=\"elementor-element elementor-element-5317560 elementor-widget elementor-widget-image\" data-id=\"5317560\" data-element_type=\"widget\" data-e-type=\"widget\" data-widget_type=\"image.default\">\n\t\t\t\t<div class=\"elementor-widget-container\">\n\t\t\t\t\t\t\t\t\t\t\t\t\t\t\t<img fetchpriority=\"high\" decoding=\"async\" width=\"1024\" height=\"607\" src=\"https:\/\/www.cuesystem.com\/wp-content\/uploads\/2026\/03\/1761144389-1024x607.webp\" class=\"attachment-large size-large wp-image-36774\" alt=\"\" srcset=\"https:\/\/www.cuesystem.com\/wp-content\/uploads\/2026\/03\/1761144389-1024x607.webp 1024w, https:\/\/www.cuesystem.com\/wp-content\/uploads\/2026\/03\/1761144389-300x178.webp 300w, https:\/\/www.cuesystem.com\/wp-content\/uploads\/2026\/03\/1761144389.webp 1147w\" sizes=\"(max-width: 1024px) 100vw, 1024px\" \/>\t\t\t\t\t\t\t\t\t\t\t\t\t\t\t<\/div>\n\t\t\t\t<\/div>\n\t\t\t\t<\/div>\n\t\t\t\t\t<\/div>\n\t\t\t\t<\/div>\n\t\t<div class=\"elementor-element elementor-element-f7ba618 e-flex e-con-boxed e-con e-child\" data-id=\"f7ba618\" data-element_type=\"container\" data-e-type=\"container\">\n\t\t\t\t\t<div class=\"e-con-inner\">\n\t\t\t\t<div class=\"elementor-element elementor-element-0ca465f elementor-widget-divider--view-line elementor-widget elementor-widget-divider\" data-id=\"0ca465f\" data-element_type=\"widget\" data-e-type=\"widget\" data-widget_type=\"divider.default\">\n\t\t\t\t<div class=\"elementor-widget-container\">\n\t\t\t\t\t\t\t<div class=\"elementor-divider\">\n\t\t\t<span class=\"elementor-divider-separator\">\n\t\t\t\t\t\t<\/span>\n\t\t<\/div>\n\t\t\t\t\t\t<\/div>\n\t\t\t\t<\/div>\n\t\t\t\t<div class=\"elementor-element elementor-element-237e7e1 elementor-widget elementor-widget-heading\" data-id=\"237e7e1\" data-element_type=\"widget\" data-e-type=\"widget\" data-widget_type=\"heading.default\">\n\t\t\t\t<div class=\"elementor-widget-container\">\n\t\t\t\t\t<h2 class=\"elementor-heading-title elementor-size-default\">MEDIALOG 2026<\/h2>\t\t\t\t<\/div>\n\t\t\t\t<\/div>\n\t\t\t\t<div class=\"elementor-element elementor-element-6867bed elementor-widget-divider--view-line elementor-widget elementor-widget-divider\" data-id=\"6867bed\" data-element_type=\"widget\" data-e-type=\"widget\" data-widget_type=\"divider.default\">\n\t\t\t\t<div class=\"elementor-widget-container\">\n\t\t\t\t\t\t\t<div class=\"elementor-divider\">\n\t\t\t<span class=\"elementor-divider-separator\">\n\t\t\t\t\t\t<\/span>\n\t\t<\/div>\n\t\t\t\t\t\t<\/div>\n\t\t\t\t<\/div>\n\t\t<div class=\"elementor-element elementor-element-e81aca3 e-grid e-con-full e-con e-child\" data-id=\"e81aca3\" data-element_type=\"container\" data-e-type=\"container\">\n\t\t<div class=\"elementor-element elementor-element-a529878 e-con-full e-flex e-con e-child\" data-id=\"a529878\" data-element_type=\"container\" data-e-type=\"container\">\n\t\t\t\t<div class=\"elementor-element elementor-element-8cb2e4b elementor-widget elementor-widget-image\" data-id=\"8cb2e4b\" data-element_type=\"widget\" data-e-type=\"widget\" data-widget_type=\"image.default\">\n\t\t\t\t<div class=\"elementor-widget-container\">\n\t\t\t\t\t\t\t\t\t\t\t\t\t\t\t<img decoding=\"async\" width=\"425\" height=\"300\" src=\"https:\/\/www.cuesystem.com\/wp-content\/uploads\/2026\/03\/KSM26-TMOB_425x300.webp\" class=\"attachment-large size-large wp-image-36779\" alt=\"\" srcset=\"https:\/\/www.cuesystem.com\/wp-content\/uploads\/2026\/03\/KSM26-TMOB_425x300.webp 425w, https:\/\/www.cuesystem.com\/wp-content\/uploads\/2026\/03\/KSM26-TMOB_425x300-300x212.webp 300w\" sizes=\"(max-width: 425px) 100vw, 425px\" \/>\t\t\t\t\t\t\t\t\t\t\t\t\t\t\t<\/div>\n\t\t\t\t<\/div>\n\t\t\t\t<\/div>\n\t\t<div class=\"elementor-element elementor-element-5286e56 e-con-full e-flex e-con e-child\" data-id=\"5286e56\" data-element_type=\"container\" data-e-type=\"container\">\n\t\t\t\t<div class=\"elementor-element elementor-element-e6cdc9d elementor-widget elementor-widget-text-editor\" data-id=\"e6cdc9d\" data-element_type=\"widget\" data-e-type=\"widget\" data-widget_type=\"text-editor.default\">\n\t\t\t\t<div class=\"elementor-widget-container\">\n\t\t\t\t\t\t\t\t\t<h3>April 22-23, 2026<\/h3><h4><em>Halle 45, Mainz, Deutschland<\/em><\/h4><p>Unter <a href=\"https:\/\/www.kern-stelly-formular.de\/medialog\/\"><strong>MEDIALOG<\/strong><\/a>, dem wichtigsten Treffpunkt f\u00fcr AV- und UC-Profis, werden wir wieder mit unserem Partner <a href=\"https:\/\/www.kern-stelly.de\/\"><strong>Kern &amp; Stelly<\/strong><\/a>. Entdecken Sie die neuesten Innovationen, tauschen Sie sich mit Branchenexperten aus und erfahren Sie, wie integrierte Steuerung den Arbeitsalltag ver\u00e4ndern kann. <\/p>\t\t\t\t\t\t\t\t<\/div>\n\t\t\t\t<\/div>\n\t\t\t\t<\/div>\n\t\t\t\t<\/div>\n\t\t\t\t<div class=\"elementor-element elementor-element-d76d253 elementor-widget-divider--view-line elementor-widget elementor-widget-divider\" data-id=\"d76d253\" data-element_type=\"widget\" data-e-type=\"widget\" data-widget_type=\"divider.default\">\n\t\t\t\t<div class=\"elementor-widget-container\">\n\t\t\t\t\t\t\t<div class=\"elementor-divider\">\n\t\t\t<span class=\"elementor-divider-separator\">\n\t\t\t\t\t\t<\/span>\n\t\t<\/div>\n\t\t\t\t\t\t<\/div>\n\t\t\t\t<\/div>\n\t\t\t\t<div class=\"elementor-element elementor-element-f113f11 elementor-widget elementor-widget-heading\" data-id=\"f113f11\" data-element_type=\"widget\" data-e-type=\"widget\" data-widget_type=\"heading.default\">\n\t\t\t\t<div class=\"elementor-widget-container\">\n\t\t\t\t\t<h2 class=\"elementor-heading-title elementor-size-default\">Was wir zeigen werden<\/h2>\t\t\t\t<\/div>\n\t\t\t\t<\/div>\n\t\t\t\t<div class=\"elementor-element elementor-element-f59f7b8 elementor-widget elementor-widget-text-editor\" data-id=\"f59f7b8\" data-element_type=\"widget\" data-e-type=\"widget\" data-widget_type=\"text-editor.default\">\n\t\t\t\t<div class=\"elementor-widget-container\">\n\t\t\t\t\t\t\t\t\t<p><strong>Hardware<\/strong><\/p><ul><li>touchCUE-7-W<\/li><li>touchONE-7-W<\/li><li>signCUE-three<\/li><\/ul><p><strong>Software &#8211; CUE L\u00f6sung<\/strong><\/p><ul><li>Neue ger\u00e4teorientierte Anwendungen<\/li><li>Erweiterte Arbeitsbereich-Funktionen f\u00fcr Buchung, Navigation, Kontrolle und Analyse<\/li><li>HP Poly-Integration &#8211; damit k\u00f6nnen Poly-Touchpanels als zentrale Steuerungsschnittstelle f\u00fcr Besprechungsr\u00e4ume dienen<\/li><\/ul><p><strong>KI f\u00fcr CUE Visual Composer<\/strong><br>Unser neuer KI-gest\u00fctzter Assistent hilft bei der Generierung, \u00dcberpr\u00fcfung und Optimierung von XPL2-Code und macht die Programmierung schneller, einfacher und zuverl\u00e4ssiger.<\/p>\t\t\t\t\t\t\t\t<\/div>\n\t\t\t\t<\/div>\n\t\t\t\t<div class=\"elementor-element elementor-element-9a4c62a elementor-widget-divider--view-line elementor-widget elementor-widget-divider\" data-id=\"9a4c62a\" data-element_type=\"widget\" data-e-type=\"widget\" data-widget_type=\"divider.default\">\n\t\t\t\t<div class=\"elementor-widget-container\">\n\t\t\t\t\t\t\t<div class=\"elementor-divider\">\n\t\t\t<span class=\"elementor-divider-separator\">\n\t\t\t\t\t\t<\/span>\n\t\t<\/div>\n\t\t\t\t\t\t<\/div>\n\t\t\t\t<\/div>\n\t\t\t\t<div class=\"elementor-element elementor-element-193a2bd elementor-widget elementor-widget-text-editor\" data-id=\"193a2bd\" data-element_type=\"widget\" data-e-type=\"widget\" data-widget_type=\"text-editor.default\">\n\t\t\t\t<div class=\"elementor-widget-container\">\n\t\t\t\t\t\t\t\t\t<p><em>Egal, ob Sie auf der Suche nach intelligenter Steuerung, nahtloser Integration oder effizienteren Arbeitsabl\u00e4ufen sind, kommen Sie und sehen Sie, was mit CUE m\u00f6glich ist, live auf der <a href=\"https:\/\/www.mirtechexpo.com\/en\"><strong>MIR<\/strong><\/a> und <a href=\"https:\/\/www.kern-stelly-formular.de\/medialog\/\"><strong>MEDIALOG<\/strong><\/a> 2026.<\/em><\/p>\t\t\t\t\t\t\t\t<\/div>\n\t\t\t\t<\/div>\n\t\t\t\t\t<\/div>\n\t\t\t\t<\/div>\n\t\t\t\t<\/div>\n\t\t\t\t<\/div>\n\t\t","protected":false},"excerpt":{"rendered":"<p>Veranstaltungen CUE auf der MIR 2026 &amp; MEDIALOG 2026 Nach einer erfolgreichen ISE bringen wir das gleiche leistungsstarke Programm in diesem Fr\u00fchjahr zu zwei wichtigen europ\u00e4ischen Veranstaltungen. Seien Sie dabei und erfahren Sie, wie CUE die Steuerung, \u00dcberwachung und Automatisierung in modernen R\u00e4umen weiter vereinfacht. MIR 2026 April 12-14, 2026 Halle A1 &#8211; Stand 165 <a href=\"https:\/\/www.cuesystem.com\/de\/was-ist-neu\/cue-auf-der-mir-2026-medialog-2026\/\" class=\"more-link\">\u2026\u00a0<span class=\"screen-reader-text\">  CUE auf der MIR 2026 &amp; MEDIALOG 2026<\/span><\/a><\/p>\n","protected":false},"author":11,"featured_media":0,"parent":31299,"menu_order":14,"comment_status":"closed","ping_status":"closed","template":"","meta":{"_acf_changed":false,"inline_featured_image":false,"footnotes":""},"kategorie":[],"class_list":["post-36791","page","type-page","status-publish","hentry"],"acf":[],"_links":{"self":[{"href":"https:\/\/www.cuesystem.com\/de\/wp-json\/wp\/v2\/pages\/36791","targetHints":{"allow":["GET"]}}],"collection":[{"href":"https:\/\/www.cuesystem.com\/de\/wp-json\/wp\/v2\/pages"}],"about":[{"href":"https:\/\/www.cuesystem.com\/de\/wp-json\/wp\/v2\/types\/page"}],"author":[{"embeddable":true,"href":"https:\/\/www.cuesystem.com\/de\/wp-json\/wp\/v2\/users\/11"}],"replies":[{"embeddable":true,"href":"https:\/\/www.cuesystem.com\/de\/wp-json\/wp\/v2\/comments?post=36791"}],"version-history":[{"count":2,"href":"https:\/\/www.cuesystem.com\/de\/wp-json\/wp\/v2\/pages\/36791\/revisions"}],"predecessor-version":[{"id":36806,"href":"https:\/\/www.cuesystem.com\/de\/wp-json\/wp\/v2\/pages\/36791\/revisions\/36806"}],"up":[{"embeddable":true,"href":"https:\/\/www.cuesystem.com\/de\/wp-json\/wp\/v2\/pages\/31299"}],"wp:attachment":[{"href":"https:\/\/www.cuesystem.com\/de\/wp-json\/wp\/v2\/media?parent=36791"}],"wp:term":[{"taxonomy":"kategorie","embeddable":true,"href":"https:\/\/www.cuesystem.com\/de\/wp-json\/wp\/v2\/kategorie?post=36791"}],"curies":[{"name":"wp","href":"https:\/\/api.w.org\/{rel}","templated":true}]}}