{"id":36982,"date":"2024-01-01T10:51:39","date_gmt":"2024-01-01T09:51:39","guid":{"rendered":"https:\/\/www.cuesystem.com\/was-ist-neu\/archiv-nachrichten-events\/"},"modified":"2026-03-25T21:26:31","modified_gmt":"2026-03-25T20:26:31","slug":"archiv-nachrichten-events","status":"publish","type":"page","link":"https:\/\/www.cuesystem.com\/de\/was-ist-neu\/archiv-nachrichten-events\/","title":{"rendered":"Archiv Nachrichten &amp; Events"},"content":{"rendered":"\t\t<div data-elementor-type=\"wp-page\" data-elementor-id=\"36982\" class=\"elementor elementor-36982 elementor-31633\" data-elementor-post-type=\"page\">\n\t\t\t\t<div class=\"elementor-element elementor-element-4b9b7f5 e-con-full e-flex e-con e-child\" data-id=\"4b9b7f5\" data-element_type=\"container\" data-e-type=\"container\">\n\t\t\t\t<div class=\"elementor-element elementor-element-e29509f elementor-widget elementor-widget-heading\" data-id=\"e29509f\" data-element_type=\"widget\" data-e-type=\"widget\" data-widget_type=\"heading.default\">\n\t\t\t\t<div class=\"elementor-widget-container\">\n\t\t\t\t\t<h3 class=\"elementor-heading-title elementor-size-default\">Mehr lesen<\/h3>\t\t\t\t<\/div>\n\t\t\t\t<\/div>\n\t\t\t\t<div class=\"elementor-element elementor-element-a1ce1c1 elementor-widget elementor-widget-heading\" data-id=\"a1ce1c1\" data-element_type=\"widget\" data-e-type=\"widget\" data-widget_type=\"heading.default\">\n\t\t\t\t<div class=\"elementor-widget-container\">\n\t\t\t\t\t<h1 class=\"elementor-heading-title elementor-size-default\">Archiv Nachrichten &amp; Events<\/h1>\t\t\t\t<\/div>\n\t\t\t\t<\/div>\n\t\t\t\t<div class=\"elementor-element elementor-element-b84a37f elementor-widget-divider--view-line elementor-widget elementor-widget-divider\" data-id=\"b84a37f\" data-element_type=\"widget\" data-e-type=\"widget\" data-widget_type=\"divider.default\">\n\t\t\t\t<div class=\"elementor-widget-container\">\n\t\t\t\t\t\t\t<div class=\"elementor-divider\">\n\t\t\t<span class=\"elementor-divider-separator\">\n\t\t\t\t\t\t<\/span>\n\t\t<\/div>\n\t\t\t\t\t\t<\/div>\n\t\t\t\t<\/div>\n\t\t<div class=\"elementor-element elementor-element-5e38de8 e-flex e-con-boxed e-con e-child\" data-id=\"5e38de8\" data-element_type=\"container\" data-e-type=\"container\">\n\t\t\t\t\t<div class=\"e-con-inner\">\n\t\t\t\t<div class=\"elementor-element elementor-element-d9c92e7 elementor-widget elementor-widget-text-editor\" data-id=\"d9c92e7\" data-element_type=\"widget\" data-e-type=\"widget\" data-widget_type=\"text-editor.default\">\n\t\t\t\t<div class=\"elementor-widget-container\">\n\t\t\t\t\t\t\t\t\t<p>St\u00f6bern Sie in den vergangenen Updates, Funktionsver\u00f6ffentlichungen und Veranstaltungshighlights, die die Entwicklung von <strong>CUE<\/strong> gepr\u00e4gt haben.<\/p>\t\t\t\t\t\t\t\t<\/div>\n\t\t\t\t<\/div>\n\t\t\t\t\t<\/div>\n\t\t\t\t<\/div>\n\t\t\t\t<div class=\"elementor-element elementor-element-5c3a0c1 elementor-widget-divider--view-line elementor-widget elementor-widget-divider\" data-id=\"5c3a0c1\" data-element_type=\"widget\" data-e-type=\"widget\" data-widget_type=\"divider.default\">\n\t\t\t\t<div class=\"elementor-widget-container\">\n\t\t\t\t\t\t\t<div class=\"elementor-divider\">\n\t\t\t<span class=\"elementor-divider-separator\">\n\t\t\t\t\t\t<\/span>\n\t\t<\/div>\n\t\t\t\t\t\t<\/div>\n\t\t\t\t<\/div>\n\t\t<div class=\"elementor-element elementor-element-ea383a3 e-flex e-con-boxed e-con e-child\" data-id=\"ea383a3\" data-element_type=\"container\" data-e-type=\"container\">\n\t\t\t\t\t<div class=\"e-con-inner\">\n\t\t\t\t<div class=\"elementor-element elementor-element-17fd114 elementor-widget elementor-widget-text-editor\" data-id=\"17fd114\" data-element_type=\"widget\" data-e-type=\"widget\" data-widget_type=\"text-editor.default\">\n\t\t\t\t<div class=\"elementor-widget-container\">\n\t\t\t\t\t\t\t\t\t<ul><li><a href=\"https:\/\/docs.cuesystem.com\/space\/NEWS\/1179123714\">CUE Solution | Version 10.39.2 ver\u00f6ffentlicht<\/a><\/li><li><a href=\"https:\/\/docs.cuesystem.com\/space\/NEWS\/1088061447\">CUE Solution | Wichtiges Sicherheitsupdate | Version 10.32.1 release<\/a><\/li><li><a href=\"https:\/\/docs.cuesystem.com\/space\/NEWS\/1010892827\">CUE Solution | Version 10.27.0 ver\u00f6ffentlicht<\/a><\/li><li><a href=\"https:\/\/docs.cuesystem.com\/space\/NEWS\/951484417\">Besuchen Sie uns n\u00e4chste Woche auf der ISE 2024<\/a><\/li><li><a href=\"https:\/\/docs.cuesystem.com\/space\/NEWS\/924745790\">CUE auf der ISE 2024 &amp; Finalist bei den InAVation Awards 2024<\/a><\/li><li><a href=\"https:\/\/docs.cuesystem.com\/space\/NEWS\/911573313\">CUE touchONE Rebranding, Support-Portal, Dokumentation und Website<\/a><\/li><li><a href=\"https:\/\/docs.cuesystem.com\/space\/NEWS\/793182296\">Die controlCUE-three ist jetzt versandbereit<\/a><\/li><li><a href=\"https:\/\/docs.cuesystem.com\/space\/NEWS\/754286593\">touchONE | Version 8.7.0 ver\u00f6ffentlicht<\/a><\/li><li><a href=\"https:\/\/docs.cuesystem.com\/space\/NEWS\/748126307\">CVC | Version 20.01 ver\u00f6ffentlicht<\/a><\/li><li><a href=\"https:\/\/docs.cuesystem.com\/space\/NEWS\/723615745\">touchONE | Version 8.5.0 ver\u00f6ffentlicht<\/a><\/li><li><a href=\"https:\/\/docs.cuesystem.com\/space\/NEWS\/719781960\">CVC | Version 20.00 freigegeben<\/a><\/li><li><a href=\"https:\/\/docs.cuesystem.com\/space\/NEWS\/687276053\">ISE 2023 | R\u00fcckblick<\/a><\/li><li><a href=\"https:\/\/docs.cuesystem.com\/space\/NEWS\/685408297\">touchONE | Version 7.11.6 ver\u00f6ffentlicht<\/a><\/li><li><a href=\"https:\/\/docs.cuesystem.com\/space\/NEWS\/642449409\">CVC | Version 15.04 ver\u00f6ffentlicht<\/a><\/li><li><a href=\"https:\/\/docs.cuesystem.com\/space\/NEWS\/636223541\">touchONE | Version 7.6.1 ver\u00f6ffentlicht<\/a><\/li><li><a href=\"https:\/\/docs.cuesystem.com\/space\/NEWS\/616071203\">Wir sind die Finalisten des Inavation Awards Technology!<\/a><\/li><li><a href=\"https:\/\/docs.cuesystem.com\/space\/NEWS\/595984385\">CVC | Version 15.03 ver\u00f6ffentlicht<\/a><\/li><li><a href=\"https:\/\/docs.cuesystem.com\/space\/NEWS\/580452416\">SP\u00c4TLESE &#8211; Nacht der Medientechnologie 2022<\/a><\/li><li><a href=\"https:\/\/docs.cuesystem.com\/space\/NEWS\/579338251\">touchONE | Version 7.3.3 ver\u00f6ffentlicht<\/a><\/li><li><a href=\"https:\/\/docs.cuesystem.com\/space\/NEWS\/570753025\">GPA-Gipfel 2022<\/a><\/li><li><a href=\"https:\/\/docs.cuesystem.com\/space\/NEWS\/498696954\">Online-Dokumentation<\/a><\/li><li><a href=\"https:\/\/docs.cuesystem.com\/space\/NEWS\/491388943\">NWD 2022<\/a><\/li><li><a href=\"https:\/\/docs.cuesystem.com\/space\/NEWS\/483099732\">touchONE | Version 6.8.1 ver\u00f6ffentlicht<\/a><\/li><li><a href=\"https:\/\/docs.cuesystem.com\/space\/NEWS\/478412929\">Obligatorisches FW-Update | touchCUE &amp; touchONE Panels | HW Revision 24<\/a><\/li><li><a href=\"https:\/\/docs.cuesystem.com\/space\/NEWS\/474841145\">CVC | Version 15.00 freigegeben<\/a><\/li><li><a href=\"https:\/\/docs.cuesystem.com\/space\/NEWS\/474906631\">touchONE | Hinweis vor der Ver\u00f6ffentlichung von touchONE Version 6<\/a><\/li><li><a href=\"https:\/\/docs.cuesystem.com\/space\/NEWS\/463276369\">ISE 2022 | R\u00fcckblick<\/a><\/li><li><a href=\"https:\/\/docs.cuesystem.com\/space\/NEWS\/463276304\">ISE 2022 | Einladung<\/a><\/li><li><a href=\"https:\/\/docs.cuesystem.com\/space\/NEWS\/463243864\">NMD 2022 | Rekapitulation<\/a><\/li><li><a href=\"https:\/\/docs.cuesystem.com\/space\/NEWS\/463243731\">NMD 2022 | Einladung<\/a><\/li><li><a href=\"https:\/\/docs.cuesystem.com\/space\/NEWS\/463276196\">ISR 2021<\/a><\/li><li><a href=\"https:\/\/docs.cuesystem.com\/space\/NEWS\/463243637\">NMD 2021<\/a><\/li><li><a href=\"https:\/\/docs.cuesystem.com\/space\/NEWS\/463276132\">Designblok 2020<\/a><\/li><li><a href=\"https:\/\/docs.cuesystem.com\/space\/NEWS\/463243583\">NMD 2020 | Rekapitulation<\/a><\/li><li><a href=\"https:\/\/docs.cuesystem.com\/space\/NEWS\/463243570\">NMD 2020 | Einladung<\/a><\/li><li><a href=\"https:\/\/docs.cuesystem.com\/space\/NEWS\/463243486\">ISE 2020 | R\u00fcckblick<\/a><\/li><li><a href=\"https:\/\/docs.cuesystem.com\/space\/NEWS\/463243468\">ISE 2020 | Einladung<\/a><\/li><li><a href=\"https:\/\/docs.cuesystem.com\/space\/NEWS\/463243110\">ISR 2019<\/a><\/li><li><a href=\"https:\/\/docs.cuesystem.com\/space\/NEWS\/463243057\">Standard Audio Veranstaltung 2019<\/a><\/li><li><a href=\"https:\/\/docs.cuesystem.com\/space\/NEWS\/463242983\">NMD 2019<\/a><\/li><li><a href=\"https:\/\/docs.cuesystem.com\/space\/NEWS\/463242634\">ISE 2019 | R\u00fcckblick<\/a><\/li><li><a href=\"https:\/\/docs.cuesystem.com\/space\/NEWS\/463275809\">ISE 2019 | Einladung<\/a><\/li><li><a href=\"https:\/\/docs.cuesystem.com\/space\/NEWS\/463275491\">ORGATEC 2018 | R\u00fcckblick<\/a><\/li><li><a href=\"https:\/\/docs.cuesystem.com\/space\/NEWS\/463275183\">ORGATEC 2018 | Einladung<\/a><\/li><li><a href=\"https:\/\/docs.cuesystem.com\/space\/NEWS\/463242296\">ISR 2018<\/a><\/li><li><a href=\"https:\/\/docs.cuesystem.com\/space\/NEWS\/463274835\">GITEX 2018 | R\u00fcckblick<\/a><\/li><li><a href=\"https:\/\/docs.cuesystem.com\/space\/NEWS\/463241993\">GITEX 2018 | Einladung<\/a><\/li><li><a href=\"https:\/\/docs.cuesystem.com\/space\/NEWS\/463241705\">NMD 2018<\/a><\/li><li><a href=\"https:\/\/docs.cuesystem.com\/space\/NEWS\/463274537\">Televic Konferenz Frankreich 2018<\/a><\/li><li><a href=\"https:\/\/docs.cuesystem.com\/space\/NEWS\/463241546\">ISE 2018 | R\u00fcckblick<\/a><\/li><li><a href=\"https:\/\/docs.cuesystem.com\/space\/NEWS\/463274459\">ISE 2018 | Einladung<\/a><\/li><li><a href=\"https:\/\/docs.cuesystem.com\/space\/NEWS\/463241303\">IAA 2017<\/a><\/li><li><a href=\"https:\/\/docs.cuesystem.com\/space\/NEWS\/463274245\">NMD 2017<\/a><\/li><li><a href=\"https:\/\/docs.cuesystem.com\/space\/NEWS\/463274131\">ISE 2017 | R\u00fcckblick<\/a><\/li><li><a href=\"https:\/\/docs.cuesystem.com\/space\/NEWS\/463274053\">ISE 2017 | Einladung<\/a><\/li><li><a href=\"https:\/\/docs.cuesystem.com\/space\/NEWS\/463273985\">AMPER 2016<\/a><\/li><li><a href=\"https:\/\/docs.cuesystem.com\/space\/NEWS\/463241250\">ISE 2016<\/a><\/li><li><a href=\"https:\/\/docs.cuesystem.com\/space\/NEWS\/463241217\">F\u00dcR ARCH 2015<\/a><\/li><li><a href=\"https:\/\/docs.cuesystem.com\/space\/NEWS\/462651393\">CUE erwirbt ISO27001 (Sicherheitszertifizierung)<\/a><\/li><li><a href=\"https:\/\/docs.cuesystem.com\/space\/NEWS\/461603059\">touchONE | Version 5.10.2 ver\u00f6ffentlicht<\/a><\/li><li><a href=\"https:\/\/docs.cuesystem.com\/space\/NEWS\/461571080\">CVC | Version 14.00 freigegeben<\/a><\/li><li><a href=\"https:\/\/docs.cuesystem.com\/space\/NEWS\/461570960\">touchONE | Version 5.2.3 ver\u00f6ffentlicht<\/a><\/li><li><a href=\"https:\/\/docs.cuesystem.com\/space\/NEWS\/461602865\">touchONE | Version 4.5.0 ver\u00f6ffentlicht<\/a><\/li><li><a href=\"https:\/\/docs.cuesystem.com\/space\/NEWS\/461570810\">roomCUE-web | Freigabe<\/a><\/li><li><a href=\"https:\/\/docs.cuesystem.com\/space\/NEWS\/461570581\">touchONE | Neue Funktionen<\/a><\/li><li><a href=\"https:\/\/docs.cuesystem.com\/space\/NEWS\/461570431\">webCUE | Ver\u00f6ffentlichung<\/a><\/li><li><a href=\"https:\/\/docs.cuesystem.com\/space\/NEWS\/461570126\">touchONE | Neueste Verbesserungen<\/a><\/li><li><a href=\"https:\/\/docs.cuesystem.com\/space\/NEWS\/461570113\">touchONE | touchONE-solution freigegeben<\/a><\/li><li><a href=\"https:\/\/docs.cuesystem.com\/space\/NEWS\/461570091\">CVC | Version 12.50 ver\u00f6ffentlicht<\/a><\/li><li><a href=\"https:\/\/docs.cuesystem.com\/space\/NEWS\/461570072\">CVC | Version 12.30 ver\u00f6ffentlicht<\/a><\/li><li><a href=\"https:\/\/docs.cuesystem.com\/space\/NEWS\/461602837\">touchONE | Version 21 ver\u00f6ffentlicht<\/a><\/li><li><a href=\"https:\/\/docs.cuesystem.com\/space\/NEWS\/461602817\">CVC | Version 12.20 ver\u00f6ffentlicht<\/a><\/li><li><a href=\"https:\/\/docs.cuesystem.com\/space\/NEWS\/461570049\">touchONE | Version 20 ver\u00f6ffentlicht<\/a><\/li><\/ul>\t\t\t\t\t\t\t\t<\/div>\n\t\t\t\t<\/div>\n\t\t\t\t\t<\/div>\n\t\t\t\t<\/div>\n\t\t\t\t<\/div>\n\t\t\t\t<\/div>\n\t\t","protected":false},"excerpt":{"rendered":"<p>Mehr lesen Archiv Nachrichten &amp; Events St\u00f6bern Sie in den vergangenen Updates, Funktionsver\u00f6ffentlichungen und Veranstaltungshighlights, die die Entwicklung von CUE gepr\u00e4gt haben. CUE Solution | Version 10.39.2 ver\u00f6ffentlicht CUE Solution | Wichtiges Sicherheitsupdate | Version 10.32.1 release CUE Solution | Version 10.27.0 ver\u00f6ffentlicht Besuchen Sie uns n\u00e4chste Woche auf der ISE 2024 CUE auf der <a href=\"https:\/\/www.cuesystem.com\/de\/was-ist-neu\/archiv-nachrichten-events\/\" class=\"more-link\">\u2026\u00a0<span class=\"screen-reader-text\">  Archiv Nachrichten &amp; Events<\/span><\/a><\/p>\n","protected":false},"author":11,"featured_media":0,"parent":31299,"menu_order":161,"comment_status":"closed","ping_status":"closed","template":"","meta":{"_acf_changed":false,"inline_featured_image":false,"footnotes":""},"kategorie":[],"class_list":["post-36982","page","type-page","status-publish","hentry"],"acf":[],"_links":{"self":[{"href":"https:\/\/www.cuesystem.com\/de\/wp-json\/wp\/v2\/pages\/36982","targetHints":{"allow":["GET"]}}],"collection":[{"href":"https:\/\/www.cuesystem.com\/de\/wp-json\/wp\/v2\/pages"}],"about":[{"href":"https:\/\/www.cuesystem.com\/de\/wp-json\/wp\/v2\/types\/page"}],"author":[{"embeddable":true,"href":"https:\/\/www.cuesystem.com\/de\/wp-json\/wp\/v2\/users\/11"}],"replies":[{"embeddable":true,"href":"https:\/\/www.cuesystem.com\/de\/wp-json\/wp\/v2\/comments?post=36982"}],"version-history":[{"count":1,"href":"https:\/\/www.cuesystem.com\/de\/wp-json\/wp\/v2\/pages\/36982\/revisions"}],"predecessor-version":[{"id":36983,"href":"https:\/\/www.cuesystem.com\/de\/wp-json\/wp\/v2\/pages\/36982\/revisions\/36983"}],"up":[{"embeddable":true,"href":"https:\/\/www.cuesystem.com\/de\/wp-json\/wp\/v2\/pages\/31299"}],"wp:attachment":[{"href":"https:\/\/www.cuesystem.com\/de\/wp-json\/wp\/v2\/media?parent=36982"}],"wp:term":[{"taxonomy":"kategorie","embeddable":true,"href":"https:\/\/www.cuesystem.com\/de\/wp-json\/wp\/v2\/kategorie?post=36982"}],"curies":[{"name":"wp","href":"https:\/\/api.w.org\/{rel}","templated":true}]}}