{"id":37032,"date":"2023-10-16T12:54:43","date_gmt":"2023-10-16T10:54:43","guid":{"rendered":"https:\/\/www.cuesystem.com\/navigieren-sie-auf\/kunden-erfolgsgeschichten\/"},"modified":"2026-03-25T22:03:25","modified_gmt":"2026-03-25T21:03:25","slug":"kunden-erfolgsgeschichten","status":"publish","type":"page","link":"https:\/\/www.cuesystem.com\/de\/navigieren-sie-auf\/kunden-erfolgsgeschichten\/","title":{"rendered":"Kunden-Erfolgsgeschichten"},"content":{"rendered":"\t\t<div data-elementor-type=\"wp-page\" data-elementor-id=\"37032\" class=\"elementor elementor-37032 elementor-112\" data-elementor-post-type=\"page\">\n\t\t\t\t<div class=\"elementor-element elementor-element-00815df e-flex e-con-boxed e-con e-parent\" data-id=\"00815df\" data-element_type=\"container\" data-e-type=\"container\" data-settings=\"{&quot;background_background&quot;:&quot;classic&quot;}\">\n\t\t\t\t\t<div class=\"e-con-inner\">\n\t\t\t\t<div class=\"elementor-element elementor-element-bc146ee elementor-widget elementor-widget-heading\" data-id=\"bc146ee\" data-element_type=\"widget\" data-e-type=\"widget\" data-widget_type=\"heading.default\">\n\t\t\t\t<div class=\"elementor-widget-container\">\n\t\t\t\t\t<h3 class=\"elementor-heading-title elementor-size-default\">Navigieren Sie auf<\/h3>\t\t\t\t<\/div>\n\t\t\t\t<\/div>\n\t\t\t\t<div class=\"elementor-element elementor-element-5f42b9c elementor-widget elementor-widget-heading\" data-id=\"5f42b9c\" data-element_type=\"widget\" data-e-type=\"widget\" data-widget_type=\"heading.default\">\n\t\t\t\t<div class=\"elementor-widget-container\">\n\t\t\t\t\t<h1 class=\"elementor-heading-title elementor-size-default\">Erfolgsgeschichten der Kunden<\/h1>\t\t\t\t<\/div>\n\t\t\t\t<\/div>\n\t\t\t\t\t<\/div>\n\t\t\t\t<\/div>\n\t\t<div class=\"elementor-element elementor-element-c3f4a6a e-flex e-con-boxed e-con e-parent\" data-id=\"c3f4a6a\" data-element_type=\"container\" data-e-type=\"container\">\n\t\t\t\t\t<div class=\"e-con-inner\">\n\t\t\t\t<div class=\"elementor-element elementor-element-29d9237 elementor-widget-divider--view-line elementor-widget elementor-widget-divider\" data-id=\"29d9237\" data-element_type=\"widget\" data-e-type=\"widget\" data-widget_type=\"divider.default\">\n\t\t\t\t<div class=\"elementor-widget-container\">\n\t\t\t\t\t\t\t<div class=\"elementor-divider\">\n\t\t\t<span class=\"elementor-divider-separator\">\n\t\t\t\t\t\t<\/span>\n\t\t<\/div>\n\t\t\t\t\t\t<\/div>\n\t\t\t\t<\/div>\n\t\t\t\t\t<\/div>\n\t\t\t\t<\/div>\n\t\t<div class=\"elementor-element elementor-element-7664e9b e-flex e-con-boxed e-con e-parent\" data-id=\"7664e9b\" data-element_type=\"container\" data-e-type=\"container\">\n\t\t\t\t\t<div class=\"e-con-inner\">\n\t\t<div class=\"elementor-element elementor-element-641b683 e-con-full e-flex e-con e-child\" data-id=\"641b683\" data-element_type=\"container\" data-e-type=\"container\">\n\t\t\t\t<div class=\"elementor-element elementor-element-51cbc3a elementor-widget elementor-widget-video\" data-id=\"51cbc3a\" data-element_type=\"widget\" data-e-type=\"widget\" data-settings=\"{&quot;video_type&quot;:&quot;vimeo&quot;}\" data-widget_type=\"video.default\">\n\t\t\t\t<div class=\"elementor-widget-container\">\n\t\t\t\t\t\t\t<div class=\"elementor-wrapper elementor-open-inline\">\n\t\t\t<iframe class=\"elementor-video-iframe\" allowfullscreen allow=\"clipboard-write\" title=\"vimeo Video Player\" src=\"https:\/\/player.vimeo.com\/video\/897763909?color&amp;autopause=0&amp;loop=0&amp;muted=0&amp;title=1&amp;portrait=1&amp;byline=1#t=\"><\/iframe>\t\t<\/div>\n\t\t\t\t\t\t<\/div>\n\t\t\t\t<\/div>\n\t\t\t\t<\/div>\n\t\t<div class=\"elementor-element elementor-element-cc0bc9b e-con-full e-flex e-con e-child\" data-id=\"cc0bc9b\" data-element_type=\"container\" data-e-type=\"container\">\n\t\t\t\t<div class=\"elementor-element elementor-element-ea21cc0 elementor-widget elementor-widget-heading\" data-id=\"ea21cc0\" data-element_type=\"widget\" data-e-type=\"widget\" data-widget_type=\"heading.default\">\n\t\t\t\t<div class=\"elementor-widget-container\">\n\t\t\t\t\t<h3 class=\"elementor-heading-title elementor-size-default\">Indoor-Navigation f\u00fcr Mitarbeiter im Hauptgeb\u00e4ude<\/h3>\t\t\t\t<\/div>\n\t\t\t\t<\/div>\n\t\t\t\t<div class=\"elementor-element elementor-element-8a07ea4 elementor-widget elementor-widget-heading\" data-id=\"8a07ea4\" data-element_type=\"widget\" data-e-type=\"widget\" data-widget_type=\"heading.default\">\n\t\t\t\t<div class=\"elementor-widget-container\">\n\t\t\t\t\t<h2 class=\"elementor-heading-title elementor-size-default\">KB, a.s. | Mitglied der Soci\u00e9t\u00e9 G\u00e9n\u00e9rale<\/h2>\t\t\t\t<\/div>\n\t\t\t\t<\/div>\n\t\t\t\t<div class=\"elementor-element elementor-element-13bc82c elementor-widget elementor-widget-text-editor\" data-id=\"13bc82c\" data-element_type=\"widget\" data-e-type=\"widget\" data-widget_type=\"text-editor.default\">\n\t\t\t\t<div class=\"elementor-widget-container\">\n\t\t\t\t\t\t\t\t\t<p>In unser B\u00fcrogeb\u00e4ude in Stod\u016flky kommen zahlreiche Mitarbeitende aus anderen Prager Standorten sowie aus verschiedenen Regionen. Im Geb\u00e4ude in Stod\u016flky gibt es derzeit rund 130 Besprechungsr\u00e4ume und viele weitere Bereiche, von denen die Mitarbeitenden oft gar nichts wissen. Wenn sie in Stod\u016flky ankommen, wissen sie nat\u00fcrlich nicht genau, wo sich die jeweiligen Besprechungsr\u00e4ume befinden. F\u00fcr diesen Fall haben wir im Eingangsbereich ein gro\u00dfes Navigationspanel installiert, \u00fcber das sie den gew\u00fcnschten Raum finden k\u00f6nnen. Au\u00dferdem verf\u00fcgen wir \u00fcber eine Indoor-Navigation: Dabei scannen die Nutzerinnen und Nutzer einen QR-Code mit ihrem Mobiltelefon, geben so ihren aktuellen Standort ein, und die Navigation f\u00fchrt sie dann ganz einfach zum gew\u00fcnschten Besprechungsraum.    <\/p><p><span style=\"font-size: 1rem; text-align: var(--text-align);\">Tom\u00e1\u0161 Tala\u0161, Leiter Mitarbeiter-Services, Komer\u010dn\u00ed banka<\/span><\/p>\t\t\t\t\t\t\t\t<\/div>\n\t\t\t\t<\/div>\n\t\t\t\t<div class=\"elementor-element elementor-element-c13c2b1 elementor-widget elementor-widget-heading\" data-id=\"c13c2b1\" data-element_type=\"widget\" data-e-type=\"widget\" data-widget_type=\"heading.default\">\n\t\t\t\t<div class=\"elementor-widget-container\">\n\t\t\t\t\t<h3 class=\"elementor-heading-title elementor-size-default\">Beispiele f\u00fcr verwendete Szenarien<\/h3>\t\t\t\t<\/div>\n\t\t\t\t<\/div>\n\t\t<div class=\"elementor-element elementor-element-4a759e5 e-flex e-con-boxed e-con e-child\" data-id=\"4a759e5\" data-element_type=\"container\" data-e-type=\"container\">\n\t\t\t\t\t<div class=\"e-con-inner\">\n\t\t<div class=\"elementor-element elementor-element-d0748b5 e-flex e-con-boxed e-con e-child\" data-id=\"d0748b5\" data-element_type=\"container\" data-e-type=\"container\">\n\t\t\t\t\t<div class=\"e-con-inner\">\n\t\t\t\t<div class=\"elementor-element elementor-element-b027a28 elementor-widget elementor-widget-video\" data-id=\"b027a28\" data-element_type=\"widget\" data-e-type=\"widget\" data-settings=\"{&quot;video_type&quot;:&quot;vimeo&quot;}\" data-widget_type=\"video.default\">\n\t\t\t\t<div class=\"elementor-widget-container\">\n\t\t\t\t\t\t\t<div class=\"elementor-wrapper elementor-open-inline\">\n\t\t\t<iframe class=\"elementor-video-iframe\" allowfullscreen allow=\"clipboard-write\" title=\"vimeo Video Player\" src=\"https:\/\/player.vimeo.com\/video\/897764230?color&amp;autopause=0&amp;loop=0&amp;muted=0&amp;title=1&amp;portrait=1&amp;byline=1#t=\"><\/iframe>\t\t<\/div>\n\t\t\t\t\t\t<\/div>\n\t\t\t\t<\/div>\n\t\t\t\t<div class=\"elementor-element elementor-element-e37b6e6 elementor-widget elementor-widget-heading\" data-id=\"e37b6e6\" data-element_type=\"widget\" data-e-type=\"widget\" data-widget_type=\"heading.default\">\n\t\t\t\t<div class=\"elementor-widget-container\">\n\t\t\t\t\t<h3 class=\"elementor-heading-title elementor-size-default\">Pers\u00f6nliches Treffen im Caf\u00e9<\/h3>\t\t\t\t<\/div>\n\t\t\t\t<\/div>\n\t\t\t\t\t<\/div>\n\t\t\t\t<\/div>\n\t\t<div class=\"elementor-element elementor-element-73d3b79 e-flex e-con-boxed e-con e-child\" data-id=\"73d3b79\" data-element_type=\"container\" data-e-type=\"container\">\n\t\t\t\t\t<div class=\"e-con-inner\">\n\t\t\t\t<div class=\"elementor-element elementor-element-8da0dd3 elementor-widget elementor-widget-video\" data-id=\"8da0dd3\" data-element_type=\"widget\" data-e-type=\"widget\" data-settings=\"{&quot;video_type&quot;:&quot;vimeo&quot;}\" data-widget_type=\"video.default\">\n\t\t\t\t<div class=\"elementor-widget-container\">\n\t\t\t\t\t\t\t<div class=\"elementor-wrapper elementor-open-inline\">\n\t\t\t<iframe class=\"elementor-video-iframe\" allowfullscreen allow=\"clipboard-write\" title=\"vimeo Video Player\" src=\"https:\/\/player.vimeo.com\/video\/897764353?color&amp;autopause=0&amp;loop=0&amp;muted=0&amp;title=1&amp;portrait=1&amp;byline=1#t=\"><\/iframe>\t\t<\/div>\n\t\t\t\t\t\t<\/div>\n\t\t\t\t<\/div>\n\t\t\t\t<div class=\"elementor-element elementor-element-750c7b8 elementor-widget elementor-widget-heading\" data-id=\"750c7b8\" data-element_type=\"widget\" data-e-type=\"widget\" data-widget_type=\"heading.default\">\n\t\t\t\t<div class=\"elementor-widget-container\">\n\t\t\t\t\t<h3 class=\"elementor-heading-title elementor-size-default\">Auffinden des Besprechungsraums<\/h3>\t\t\t\t<\/div>\n\t\t\t\t<\/div>\n\t\t\t\t\t<\/div>\n\t\t\t\t<\/div>\n\t\t\t\t\t<\/div>\n\t\t\t\t<\/div>\n\t\t\t\t<\/div>\n\t\t\t\t\t<\/div>\n\t\t\t\t<\/div>\n\t\t<div class=\"elementor-element elementor-element-d43a07a e-flex e-con-boxed e-con e-parent\" data-id=\"d43a07a\" data-element_type=\"container\" data-e-type=\"container\">\n\t\t\t\t\t<div class=\"e-con-inner\">\n\t\t\t\t<div class=\"elementor-element elementor-element-c70d0e3 elementor-widget-divider--view-line elementor-widget elementor-widget-divider\" data-id=\"c70d0e3\" data-element_type=\"widget\" data-e-type=\"widget\" data-widget_type=\"divider.default\">\n\t\t\t\t<div class=\"elementor-widget-container\">\n\t\t\t\t\t\t\t<div class=\"elementor-divider\">\n\t\t\t<span class=\"elementor-divider-separator\">\n\t\t\t\t\t\t<\/span>\n\t\t<\/div>\n\t\t\t\t\t\t<\/div>\n\t\t\t\t<\/div>\n\t\t\t\t\t<\/div>\n\t\t\t\t<\/div>\n\t\t<div class=\"elementor-element elementor-element-30c3b44 elementor-hidden-desktop elementor-hidden-laptop elementor-hidden-tablet_extra elementor-hidden-tablet elementor-hidden-mobile_extra elementor-hidden-mobile e-flex e-con-boxed e-con e-parent\" data-id=\"30c3b44\" data-element_type=\"container\" data-e-type=\"container\">\n\t\t\t\t\t<div class=\"e-con-inner\">\n\t\t<div class=\"elementor-element elementor-element-f34509e e-con-full e-flex e-con e-child\" data-id=\"f34509e\" data-element_type=\"container\" data-e-type=\"container\">\n\t\t\t\t<div class=\"elementor-element elementor-element-82bcbec elementor-widget elementor-widget-video\" data-id=\"82bcbec\" data-element_type=\"widget\" data-e-type=\"widget\" data-settings=\"{&quot;youtube_url&quot;:&quot;https:\\\/\\\/youtu.be\\\/fI6-rLYc28o&quot;,&quot;video_type&quot;:&quot;youtube&quot;,&quot;controls&quot;:&quot;yes&quot;}\" data-widget_type=\"video.default\">\n\t\t\t\t<div class=\"elementor-widget-container\">\n\t\t\t\t\t\t\t<div class=\"elementor-wrapper elementor-open-inline\">\n\t\t\t<div class=\"elementor-video\"><\/div>\t\t<\/div>\n\t\t\t\t\t\t<\/div>\n\t\t\t\t<\/div>\n\t\t\t\t<\/div>\n\t\t<div class=\"elementor-element elementor-element-375dfa2 e-con-full e-flex e-con e-child\" data-id=\"375dfa2\" data-element_type=\"container\" data-e-type=\"container\">\n\t\t\t\t<div class=\"elementor-element elementor-element-12609ac elementor-widget elementor-widget-heading\" data-id=\"12609ac\" data-element_type=\"widget\" data-e-type=\"widget\" data-widget_type=\"heading.default\">\n\t\t\t\t<div class=\"elementor-widget-container\">\n\t\t\t\t\t<h3 class=\"elementor-heading-title elementor-size-default\">Indoor-Navigation f\u00fcr Besucher<\/h3>\t\t\t\t<\/div>\n\t\t\t\t<\/div>\n\t\t\t\t<div class=\"elementor-element elementor-element-451d2b4 elementor-widget elementor-widget-heading\" data-id=\"451d2b4\" data-element_type=\"widget\" data-e-type=\"widget\" data-widget_type=\"heading.default\">\n\t\t\t\t<div class=\"elementor-widget-container\">\n\t\t\t\t\t<h2 class=\"elementor-heading-title elementor-size-default\">Stadtverwaltung Mikulov<\/h2>\t\t\t\t<\/div>\n\t\t\t\t<\/div>\n\t\t\t\t<div class=\"elementor-element elementor-element-0c16acb elementor-widget elementor-widget-text-editor\" data-id=\"0c16acb\" data-element_type=\"widget\" data-e-type=\"widget\" data-widget_type=\"text-editor.default\">\n\t\t\t\t<div class=\"elementor-widget-container\">\n\t\t\t\t\t\t\t\t\t<p>Das Ziel der neuen Indoor-Navigation von CUE ist es, den B\u00fcrgern die Orientierung im Geb\u00e4ude zu erleichtern, denn unser Geb\u00e4ude besteht aus zwei alten Geb\u00e4uden mit unterschiedlichen Grundrissen und es ist ziemlich schwierig, sich zurechtzufinden. Die Navigation funktioniert mit einem Mobiltelefon. Der B\u00fcrger scannt einfach den QR-Code der Eingangst\u00fcr und w\u00e4hlt dann ein Ziel aus, und schon zeigt ihm die Navigation den Weg zu diesem Ziel. <\/p><p>Miloslav Novotn\u00fd, Gemeindeverwaltung Mikulov<\/p>\t\t\t\t\t\t\t\t<\/div>\n\t\t\t\t<\/div>\n\t\t\t\t<\/div>\n\t\t\t\t\t<\/div>\n\t\t\t\t<\/div>\n\t\t\t\t<\/div>\n\t\t","protected":false},"excerpt":{"rendered":"<p>Navigieren Sie auf Erfolgsgeschichten der Kunden Indoor-Navigation f\u00fcr Mitarbeiter im Hauptgeb\u00e4ude KB, a.s. | Mitglied der Soci\u00e9t\u00e9 G\u00e9n\u00e9rale In unser B\u00fcrogeb\u00e4ude in Stod\u016flky kommen zahlreiche Mitarbeitende aus anderen Prager Standorten sowie aus verschiedenen Regionen. Im Geb\u00e4ude in Stod\u016flky gibt es derzeit rund 130 Besprechungsr\u00e4ume und viele weitere Bereiche, von denen die Mitarbeitenden oft gar nichts <a href=\"https:\/\/www.cuesystem.com\/de\/navigieren-sie-auf\/kunden-erfolgsgeschichten\/\" class=\"more-link\">\u2026\u00a0<span class=\"screen-reader-text\">  Kunden-Erfolgsgeschichten<\/span><\/a><\/p>\n","protected":false},"author":5,"featured_media":0,"parent":29215,"menu_order":592,"comment_status":"closed","ping_status":"closed","template":"","meta":{"_acf_changed":false,"inline_featured_image":false,"footnotes":""},"kategorie":[],"class_list":["post-37032","page","type-page","status-publish","hentry"],"acf":[],"_links":{"self":[{"href":"https:\/\/www.cuesystem.com\/de\/wp-json\/wp\/v2\/pages\/37032","targetHints":{"allow":["GET"]}}],"collection":[{"href":"https:\/\/www.cuesystem.com\/de\/wp-json\/wp\/v2\/pages"}],"about":[{"href":"https:\/\/www.cuesystem.com\/de\/wp-json\/wp\/v2\/types\/page"}],"author":[{"embeddable":true,"href":"https:\/\/www.cuesystem.com\/de\/wp-json\/wp\/v2\/users\/5"}],"replies":[{"embeddable":true,"href":"https:\/\/www.cuesystem.com\/de\/wp-json\/wp\/v2\/comments?post=37032"}],"version-history":[{"count":1,"href":"https:\/\/www.cuesystem.com\/de\/wp-json\/wp\/v2\/pages\/37032\/revisions"}],"predecessor-version":[{"id":37034,"href":"https:\/\/www.cuesystem.com\/de\/wp-json\/wp\/v2\/pages\/37032\/revisions\/37034"}],"up":[{"embeddable":true,"href":"https:\/\/www.cuesystem.com\/de\/wp-json\/wp\/v2\/pages\/29215"}],"wp:attachment":[{"href":"https:\/\/www.cuesystem.com\/de\/wp-json\/wp\/v2\/media?parent=37032"}],"wp:term":[{"taxonomy":"kategorie","embeddable":true,"href":"https:\/\/www.cuesystem.com\/de\/wp-json\/wp\/v2\/kategorie?post=37032"}],"curies":[{"name":"wp","href":"https:\/\/api.w.org\/{rel}","templated":true}]}}