{"id":37249,"date":"2026-04-01T13:45:09","date_gmt":"2026-04-01T11:45:09","guid":{"rendered":"https:\/\/www.cuesystem.com\/fallstudien-2\/stadtverwaltung-von-olomouc\/"},"modified":"2026-04-01T14:36:47","modified_gmt":"2026-04-01T12:36:47","slug":"stadtverwaltung-von-olomouc","status":"publish","type":"page","link":"https:\/\/www.cuesystem.com\/de\/fallstudien-2\/stadtverwaltung-von-olomouc\/","title":{"rendered":"Stadtverwaltung von Olomouc"},"content":{"rendered":"\t\t<div data-elementor-type=\"wp-page\" data-elementor-id=\"37249\" class=\"elementor elementor-37249 elementor-37164\" data-elementor-post-type=\"page\">\n\t\t\t\t<div class=\"elementor-element elementor-element-9962202 e-con-full e-flex e-con e-child\" data-id=\"9962202\" data-element_type=\"container\" data-e-type=\"container\">\n\t\t\t\t<div class=\"elementor-element elementor-element-e3efddd elementor-widget elementor-widget-heading\" data-id=\"e3efddd\" data-element_type=\"widget\" data-e-type=\"widget\" data-widget_type=\"heading.default\">\n\t\t\t\t<div class=\"elementor-widget-container\">\n\t\t\t\t\t<h3 class=\"elementor-heading-title elementor-size-default\">Fallstudie<\/h3>\t\t\t\t<\/div>\n\t\t\t\t<\/div>\n\t\t\t\t<div class=\"elementor-element elementor-element-d5a69f1 elementor-widget elementor-widget-heading\" data-id=\"d5a69f1\" data-element_type=\"widget\" data-e-type=\"widget\" data-widget_type=\"heading.default\">\n\t\t\t\t<div class=\"elementor-widget-container\">\n\t\t\t\t\t<h1 class=\"elementor-heading-title elementor-size-default\">Stadtverwaltung von Olomouc<\/h1>\t\t\t\t<\/div>\n\t\t\t\t<\/div>\n\t\t\t\t<div class=\"elementor-element elementor-element-1fe65e1 elementor-widget-divider--view-line elementor-widget elementor-widget-divider\" data-id=\"1fe65e1\" data-element_type=\"widget\" data-e-type=\"widget\" data-widget_type=\"divider.default\">\n\t\t\t\t<div class=\"elementor-widget-container\">\n\t\t\t\t\t\t\t<div class=\"elementor-divider\">\n\t\t\t<span class=\"elementor-divider-separator\">\n\t\t\t\t\t\t<\/span>\n\t\t<\/div>\n\t\t\t\t\t\t<\/div>\n\t\t\t\t<\/div>\n\t\t<div class=\"elementor-element elementor-element-e7e0a34 e-grid e-con-boxed e-con e-child\" data-id=\"e7e0a34\" data-element_type=\"container\" data-e-type=\"container\">\n\t\t\t\t\t<div class=\"e-con-inner\">\n\t\t<div class=\"elementor-element elementor-element-426d370 e-con-full e-flex e-con e-child\" data-id=\"426d370\" data-element_type=\"container\" data-e-type=\"container\">\n\t\t\t\t<div class=\"elementor-element elementor-element-a38cba8 elementor-widget elementor-widget-heading\" data-id=\"a38cba8\" data-element_type=\"widget\" data-e-type=\"widget\" data-widget_type=\"heading.default\">\n\t\t\t\t<div class=\"elementor-widget-container\">\n\t\t\t\t\t<h2 class=\"elementor-heading-title elementor-size-default\">Die Herausforderung<\/h2>\t\t\t\t<\/div>\n\t\t\t\t<\/div>\n\t\t\t\t<div class=\"elementor-element elementor-element-035ef34 elementor-widget elementor-widget-text-editor\" data-id=\"035ef34\" data-element_type=\"widget\" data-e-type=\"widget\" data-widget_type=\"text-editor.default\">\n\t\t\t\t<div class=\"elementor-widget-container\">\n\t\t\t\t\t\t\t\t\t<p>Nach fast zwei Jahrzehnten ist der gro\u00dfe Ratssaal des <a href=\"https:\/\/www.olomouc.eu\/magistrat\"><strong>Rathauses von Olomouc<\/strong><\/a> einer <strong>umfassenden Modernisierung<\/strong> unterzogen <strong>, um<\/strong> <strong>den Anforderungen der heutigen hybriden Verwaltung gerecht zu werden<\/strong>. Das Ziel war es, einen Raum zu schaffen, der die pers\u00f6nliche und die Fernteilnahme unterst\u00fctzt, <strong>komplexe AV-Operationen vereinfacht<\/strong> und eine reibungslose, <strong>intuitive Steuerung<\/strong> f\u00fcr jede Sitzung gew\u00e4hrleistet. <\/p><p>Da mehrere Technologien im Einsatz waren (von Abstimmungssystemen und Projektionen bis hin zu Streaming und Audio), lag die Herausforderung auf der Hand: <strong>Die Steuerung sollte in einer einzigen, benutzerfreundlichen Oberfl\u00e4che vereint werden<\/strong>, die eine nahtlose Verwaltung der gesamten Umgebung erm\u00f6glicht, sowohl vom Boden als auch vom technischen Kontrollraum aus.<\/p>\t\t\t\t\t\t\t\t<\/div>\n\t\t\t\t<\/div>\n\t\t\t\t<\/div>\n\t\t<div class=\"elementor-element elementor-element-4300f84 e-con-full e-flex e-con e-child\" data-id=\"4300f84\" data-element_type=\"container\" data-e-type=\"container\">\n\t\t\t\t<div class=\"elementor-element elementor-element-3c444df elementor-widget elementor-widget-image\" data-id=\"3c444df\" data-element_type=\"widget\" data-e-type=\"widget\" data-widget_type=\"image.default\">\n\t\t\t\t<div class=\"elementor-widget-container\">\n\t\t\t\t\t\t\t\t\t\t\t\t\t\t\t\t<a href=\"https:\/\/www.cuesystem.com\/wp-content\/uploads\/2026\/04\/systems_magistrat-mesta-olomouc_14.webp\" data-elementor-open-lightbox=\"yes\" data-e-action-hash=\"#elementor-action%3Aaction%3Dlightbox%26settings%3DeyJpZCI6MzcxNzUsInVybCI6Imh0dHBzOlwvXC93d3cuY3Vlc3lzdGVtLmNvbVwvd3AtY29udGVudFwvdXBsb2Fkc1wvMjAyNlwvMDRcL3N5c3RlbXNfbWFnaXN0cmF0LW1lc3RhLW9sb21vdWNfMTQud2VicCJ9\">\n\t\t\t\t\t\t\t<img fetchpriority=\"high\" decoding=\"async\" width=\"1024\" height=\"683\" src=\"https:\/\/www.cuesystem.com\/wp-content\/uploads\/2026\/04\/systems_magistrat-mesta-olomouc_14-1024x683.webp\" class=\"attachment-large size-large wp-image-37175\" alt=\"\" srcset=\"https:\/\/www.cuesystem.com\/wp-content\/uploads\/2026\/04\/systems_magistrat-mesta-olomouc_14-1024x683.webp 1024w, https:\/\/www.cuesystem.com\/wp-content\/uploads\/2026\/04\/systems_magistrat-mesta-olomouc_14-300x200.webp 300w, https:\/\/www.cuesystem.com\/wp-content\/uploads\/2026\/04\/systems_magistrat-mesta-olomouc_14.webp 1200w\" sizes=\"(max-width: 1024px) 100vw, 1024px\" \/>\t\t\t\t\t\t\t\t<\/a>\n\t\t\t\t\t\t\t\t\t\t\t\t\t\t\t<\/div>\n\t\t\t\t<\/div>\n\t\t\t\t<\/div>\n\t\t\t\t\t<\/div>\n\t\t\t\t<\/div>\n\t\t<div class=\"elementor-element elementor-element-c08e3d6 e-grid e-con-boxed e-con e-child\" data-id=\"c08e3d6\" data-element_type=\"container\" data-e-type=\"container\">\n\t\t\t\t\t<div class=\"e-con-inner\">\n\t\t<div class=\"elementor-element elementor-element-ffd5330 e-con-full e-flex e-con e-child\" data-id=\"ffd5330\" data-element_type=\"container\" data-e-type=\"container\">\n\t\t\t\t<div class=\"elementor-element elementor-element-e9fc54a elementor-widget elementor-widget-image\" data-id=\"e9fc54a\" data-element_type=\"widget\" data-e-type=\"widget\" data-widget_type=\"image.default\">\n\t\t\t\t<div class=\"elementor-widget-container\">\n\t\t\t\t\t\t\t\t\t\t\t\t\t\t\t\t<a href=\"https:\/\/www.cuesystem.com\/wp-content\/uploads\/2026\/04\/IMG-1116.webp\" data-elementor-open-lightbox=\"yes\" data-e-action-hash=\"#elementor-action%3Aaction%3Dlightbox%26settings%3DeyJpZCI6MzcxNzAsInVybCI6Imh0dHBzOlwvXC93d3cuY3Vlc3lzdGVtLmNvbVwvd3AtY29udGVudFwvdXBsb2Fkc1wvMjAyNlwvMDRcL0lNRy0xMTE2LndlYnAifQ%3D%3D\">\n\t\t\t\t\t\t\t<img decoding=\"async\" width=\"1024\" height=\"768\" src=\"https:\/\/www.cuesystem.com\/wp-content\/uploads\/2026\/04\/IMG-1116-1024x768.webp\" class=\"attachment-large size-large wp-image-37170\" alt=\"\" srcset=\"https:\/\/www.cuesystem.com\/wp-content\/uploads\/2026\/04\/IMG-1116-1024x768.webp 1024w, https:\/\/www.cuesystem.com\/wp-content\/uploads\/2026\/04\/IMG-1116-300x225.webp 300w, https:\/\/www.cuesystem.com\/wp-content\/uploads\/2026\/04\/IMG-1116.webp 1920w\" sizes=\"(max-width: 1024px) 100vw, 1024px\" \/>\t\t\t\t\t\t\t\t<\/a>\n\t\t\t\t\t\t\t\t\t\t\t\t\t\t\t<\/div>\n\t\t\t\t<\/div>\n\t\t\t\t<\/div>\n\t\t<div class=\"elementor-element elementor-element-c2a8138 e-con-full e-flex e-con e-child\" data-id=\"c2a8138\" data-element_type=\"container\" data-e-type=\"container\">\n\t\t\t\t<div class=\"elementor-element elementor-element-b623b68 elementor-widget elementor-widget-heading\" data-id=\"b623b68\" data-element_type=\"widget\" data-e-type=\"widget\" data-widget_type=\"heading.default\">\n\t\t\t\t<div class=\"elementor-widget-container\">\n\t\t\t\t\t<h2 class=\"elementor-heading-title elementor-size-default\">\u00dcber das Rathaus von Olomouc<\/h2>\t\t\t\t<\/div>\n\t\t\t\t<\/div>\n\t\t\t\t<div class=\"elementor-element elementor-element-f4142d2 elementor-widget elementor-widget-text-editor\" data-id=\"f4142d2\" data-element_type=\"widget\" data-e-type=\"widget\" data-widget_type=\"text-editor.default\">\n\t\t\t\t<div class=\"elementor-widget-container\">\n\t\t\t\t\t\t\t\t\t<p><a href=\"https:\/\/www.olomouc.eu\/magistrat\"><strong>Das Rathaus von Olomouc<\/strong><\/a> dient als <strong>Verwaltungszentrum<\/strong> einer der historischen St\u00e4dte der Tschechischen Republik. Es unterst\u00fctzt die Arbeit der gew\u00e4hlten Vertreter, der Aussch\u00fcsse und der st\u00e4dtischen Abteilungen und sorgt f\u00fcr ein <strong>reibungsloses Funktionieren der lokalen Verwaltung<\/strong>. <\/p><p>Als <strong>moderne \u00f6ffentliche Einrichtung<\/strong> investiert die Stadt kontinuierlich in<strong> Digitalisierung<\/strong> und Innovation, um <strong>sowohl interne Prozesse als auch \u00f6ffentliche Dienstleistungen zu verbessern<\/strong>.<\/p><p class=\"\" data-v-4d192987=\"\" data-v-4a7aac3a=\"\"><span class=\"text_node\" data-v-816e464e=\"\" data-v-4d192987=\"\">Unser <\/span><span class=\"text_node rw_adf_text_strong\" data-v-816e464e=\"\" data-v-4d192987=\"\">tschechischer Partner<strong> <\/strong><\/span><strong><a class=\"link_node text_node rw_adf_text_strong\" tabindex=\"0\" href=\"https:\/\/www.avmedia.cz\/en\/\" target=\"_blank\" rel=\"noopener\" data-v-098e4e53=\"\" data-v-816e464e=\"\" data-v-4d192987=\"\" data-ui-id=\"text-link\" data-ui-content=\"AV MEDIA\"><span class=\"inline_text_span\" data-v-098e4e53=\"\">AV MEDIA<\/span><\/a><\/strong><span class=\"text_node rw_adf_text_strong\" data-v-816e464e=\"\" data-v-4d192987=\"\"> <\/span><span class=\"text_node\" data-v-816e464e=\"\" data-v-4d192987=\"\">hat sich um die Umsetzung des Projekts gek\u00fcmmert.<\/span><\/p>\t\t\t\t\t\t\t\t<\/div>\n\t\t\t\t<\/div>\n\t\t\t\t<\/div>\n\t\t\t\t\t<\/div>\n\t\t\t\t<\/div>\n\t\t<div class=\"elementor-element elementor-element-34ea3de e-grid e-con-boxed e-con e-child\" data-id=\"34ea3de\" data-element_type=\"container\" data-e-type=\"container\">\n\t\t\t\t\t<div class=\"e-con-inner\">\n\t\t<div class=\"elementor-element elementor-element-d76aa72 e-con-full e-flex e-con e-child\" data-id=\"d76aa72\" data-element_type=\"container\" data-e-type=\"container\">\n\t\t\t\t<div class=\"elementor-element elementor-element-96c8796 elementor-widget elementor-widget-heading\" data-id=\"96c8796\" data-element_type=\"widget\" data-e-type=\"widget\" data-widget_type=\"heading.default\">\n\t\t\t\t<div class=\"elementor-widget-container\">\n\t\t\t\t\t<h2 class=\"elementor-heading-title elementor-size-default\">Unser L\u00f6sungsansatz<\/h2>\t\t\t\t<\/div>\n\t\t\t\t<\/div>\n\t\t\t\t<div class=\"elementor-element elementor-element-2c5a977 elementor-widget elementor-widget-text-editor\" data-id=\"2c5a977\" data-element_type=\"widget\" data-e-type=\"widget\" data-widget_type=\"text-editor.default\">\n\t\t\t\t<div class=\"elementor-widget-container\">\n\t\t\t\t\t\t\t\t\t<p>CUE bietet eine <strong>intuitive Steuerungsebene<\/strong>, die das gesamte <strong>AV-\u00d6kosystem unter einer einheitlichen Oberfl\u00e4che<\/strong> vereint.<\/p><p><strong>Touchpanels<\/strong>, die sowohl im Hauptraum als auch im technischen Kontrollraum installiert sind, erm\u00f6glichen die <strong>m\u00fchelose Bedienung aller angeschlossenen Technologien<\/strong>. Benutzer k\u00f6nnen schnell <strong>vordefinierte Szenarien<\/strong> ausw\u00e4hlen oder <strong>Schl\u00fcsselelemente<\/strong> wie Beleuchtung, Beschattung, Audio, Video-Routing und Inhaltsverteilung <strong>manuell einstellen<\/strong>. <\/p><p>Diese <strong>zentrale Steuerung vereinfacht selbst komplexe Setups<\/strong> und erm\u00f6glicht es den Anwendern, Pr\u00e4sentationen, hybride Meetings und Live-Streams sicher und pr\u00e4zise zu verwalten. Gleichzeitig sorgt die intuitive Benutzeroberfl\u00e4che daf\u00fcr, dass <strong>auch normale Benutzer ohne technisches Fachwissen mit dem System arbeiten k\u00f6nnen<\/strong>. <\/p><p>Durch die Umwandlung mehrerer unabh\u00e4ngiger Systeme in eine <strong>koh\u00e4rente, einfach zu bedienende Umgebung<\/strong> hilft CUE dem <a href=\"https:\/\/www.olomouc.eu\/magistrat\"><strong>Rathaus von Olomouc<\/strong><\/a> sich auf das Wesentliche zu konzentrieren: <strong>effiziente Entscheidungsfindung, klare Kommunikation und nahtlose Zusammenarbeit<\/strong>, unabh\u00e4ngig davon, ob die Teilnehmer im Raum anwesend oder per Fernzugriff verbunden sind.<\/p>\t\t\t\t\t\t\t\t<\/div>\n\t\t\t\t<\/div>\n\t\t\t\t<\/div>\n\t\t<div class=\"elementor-element elementor-element-99f7c40 e-con-full e-flex e-con e-child\" data-id=\"99f7c40\" data-element_type=\"container\" data-e-type=\"container\">\n\t\t\t\t<div class=\"elementor-element elementor-element-c9cd73b elementor-widget elementor-widget-image\" data-id=\"c9cd73b\" data-element_type=\"widget\" data-e-type=\"widget\" data-widget_type=\"image.default\">\n\t\t\t\t<div class=\"elementor-widget-container\">\n\t\t\t\t\t\t\t\t\t\t\t\t\t\t\t\t<a href=\"https:\/\/www.cuesystem.com\/wp-content\/uploads\/2026\/04\/systems_magistrat-mesta-olomouc_17.webp\" data-elementor-open-lightbox=\"yes\" data-e-action-hash=\"#elementor-action%3Aaction%3Dlightbox%26settings%3DeyJpZCI6MzcxODAsInVybCI6Imh0dHBzOlwvXC93d3cuY3Vlc3lzdGVtLmNvbVwvd3AtY29udGVudFwvdXBsb2Fkc1wvMjAyNlwvMDRcL3N5c3RlbXNfbWFnaXN0cmF0LW1lc3RhLW9sb21vdWNfMTcud2VicCJ9\">\n\t\t\t\t\t\t\t<img decoding=\"async\" width=\"1024\" height=\"683\" src=\"https:\/\/www.cuesystem.com\/wp-content\/uploads\/2026\/04\/systems_magistrat-mesta-olomouc_17-1024x683.webp\" class=\"attachment-large size-large wp-image-37180\" alt=\"\" srcset=\"https:\/\/www.cuesystem.com\/wp-content\/uploads\/2026\/04\/systems_magistrat-mesta-olomouc_17-1024x683.webp 1024w, https:\/\/www.cuesystem.com\/wp-content\/uploads\/2026\/04\/systems_magistrat-mesta-olomouc_17-300x200.webp 300w, https:\/\/www.cuesystem.com\/wp-content\/uploads\/2026\/04\/systems_magistrat-mesta-olomouc_17.webp 1200w\" sizes=\"(max-width: 1024px) 100vw, 1024px\" \/>\t\t\t\t\t\t\t\t<\/a>\n\t\t\t\t\t\t\t\t\t\t\t\t\t\t\t<\/div>\n\t\t\t\t<\/div>\n\t\t\t\t<\/div>\n\t\t\t\t\t<\/div>\n\t\t\t\t<\/div>\n\t\t<div class=\"elementor-element elementor-element-50df355 e-flex e-con-boxed e-con e-child\" data-id=\"50df355\" data-element_type=\"container\" data-e-type=\"container\">\n\t\t\t\t\t<div class=\"e-con-inner\">\n\t\t<div class=\"elementor-element elementor-element-3b114f0 e-grid e-con-full e-con e-child\" data-id=\"3b114f0\" data-element_type=\"container\" data-e-type=\"container\">\n\t\t\t\t<div class=\"elementor-element elementor-element-27150be elementor-align-center elementor-widget elementor-widget-button\" data-id=\"27150be\" data-element_type=\"widget\" data-e-type=\"widget\" data-widget_type=\"button.default\">\n\t\t\t\t<div class=\"elementor-widget-container\">\n\t\t\t\t\t\t\t\t\t<div class=\"elementor-button-wrapper\">\n\t\t\t\t\t<a class=\"elementor-button elementor-button-link elementor-size-sm\" href=\"https:\/\/www.avmedia.cz\/en\/systems\/municipality-of-olomouc\" target=\"_blank\">\n\t\t\t\t\t\t<span class=\"elementor-button-content-wrapper\">\n\t\t\t\t\t\t\t\t\t<span class=\"elementor-button-text\">LESEN SIE MEHR<\/span>\n\t\t\t\t\t<\/span>\n\t\t\t\t\t<\/a>\n\t\t\t\t<\/div>\n\t\t\t\t\t\t\t\t<\/div>\n\t\t\t\t<\/div>\n\t\t\t\t<div class=\"elementor-element elementor-element-7886dee elementor-align-center elementor-widget elementor-widget-button\" data-id=\"7886dee\" data-element_type=\"widget\" data-e-type=\"widget\" data-widget_type=\"button.default\">\n\t\t\t\t<div class=\"elementor-widget-container\">\n\t\t\t\t\t\t\t\t\t<div class=\"elementor-button-wrapper\">\n\t\t\t\t\t<a class=\"elementor-button elementor-button-link elementor-size-sm\" href=\"https:\/\/youtu.be\/vvR0JxBZzY4?si=V7DquiGxeL4weRv6\" target=\"_blank\">\n\t\t\t\t\t\t<span class=\"elementor-button-content-wrapper\">\n\t\t\t\t\t\t\t\t\t<span class=\"elementor-button-text\">VIDEO ANSEHEN<\/span>\n\t\t\t\t\t<\/span>\n\t\t\t\t\t<\/a>\n\t\t\t\t<\/div>\n\t\t\t\t\t\t\t\t<\/div>\n\t\t\t\t<\/div>\n\t\t\t\t<\/div>\n\t\t\t\t\t<\/div>\n\t\t\t\t<\/div>\n\t\t<div class=\"elementor-element elementor-element-00e6b07 e-flex e-con-boxed e-con e-child\" data-id=\"00e6b07\" data-element_type=\"container\" data-e-type=\"container\">\n\t\t\t\t\t<div class=\"e-con-inner\">\n\t\t\t\t<div class=\"elementor-element elementor-element-1ff7b76 elementor-widget elementor-widget-gallery\" data-id=\"1ff7b76\" data-element_type=\"widget\" data-e-type=\"widget\" data-settings=\"{&quot;columns&quot;:3,&quot;lazyload&quot;:&quot;yes&quot;,&quot;gallery_layout&quot;:&quot;grid&quot;,&quot;columns_tablet&quot;:2,&quot;columns_mobile&quot;:1,&quot;gap&quot;:{&quot;unit&quot;:&quot;px&quot;,&quot;size&quot;:10,&quot;sizes&quot;:[]},&quot;gap_laptop&quot;:{&quot;unit&quot;:&quot;px&quot;,&quot;size&quot;:10,&quot;sizes&quot;:[]},&quot;gap_tablet_extra&quot;:{&quot;unit&quot;:&quot;px&quot;,&quot;size&quot;:10,&quot;sizes&quot;:[]},&quot;gap_tablet&quot;:{&quot;unit&quot;:&quot;px&quot;,&quot;size&quot;:10,&quot;sizes&quot;:[]},&quot;gap_mobile_extra&quot;:{&quot;unit&quot;:&quot;px&quot;,&quot;size&quot;:10,&quot;sizes&quot;:[]},&quot;gap_mobile&quot;:{&quot;unit&quot;:&quot;px&quot;,&quot;size&quot;:10,&quot;sizes&quot;:[]},&quot;link_to&quot;:&quot;file&quot;,&quot;aspect_ratio&quot;:&quot;3:2&quot;,&quot;overlay_background&quot;:&quot;yes&quot;,&quot;content_hover_animation&quot;:&quot;fade-in&quot;}\" data-widget_type=\"gallery.default\">\n\t\t\t\t<div class=\"elementor-widget-container\">\n\t\t\t\t\t\t\t<div class=\"elementor-gallery__container\">\n\t\t\t\t\t\t\t<a class=\"e-gallery-item elementor-gallery-item elementor-animated-content\" href=\"https:\/\/www.cuesystem.com\/wp-content\/uploads\/2026\/04\/systems_magistrat-mesta-olomouc_1.webp\" data-elementor-open-lightbox=\"yes\" data-elementor-lightbox-slideshow=\"1ff7b76\" data-e-action-hash=\"#elementor-action%3Aaction%3Dlightbox%26settings%3DeyJpZCI6MzcxODUsInVybCI6Imh0dHBzOlwvXC93d3cuY3Vlc3lzdGVtLmNvbVwvd3AtY29udGVudFwvdXBsb2Fkc1wvMjAyNlwvMDRcL3N5c3RlbXNfbWFnaXN0cmF0LW1lc3RhLW9sb21vdWNfMS53ZWJwIiwic2xpZGVzaG93IjoiMWZmN2I3NiJ9\">\n\t\t\t\t\t<div class=\"e-gallery-image elementor-gallery-item__image\" data-thumbnail=\"https:\/\/www.cuesystem.com\/wp-content\/uploads\/2026\/04\/systems_magistrat-mesta-olomouc_1-300x200.webp\" data-width=\"300\" data-height=\"200\" aria-label=\"\" role=\"img\" ><\/div>\n\t\t\t\t\t\t\t\t\t\t\t<div class=\"elementor-gallery-item__overlay\"><\/div>\n\t\t\t\t\t\t\t\t\t\t\t\t\t\t<\/a>\n\t\t\t\t\t\t\t<a class=\"e-gallery-item elementor-gallery-item elementor-animated-content\" href=\"https:\/\/www.cuesystem.com\/wp-content\/uploads\/2026\/04\/systems_magistrat-mesta-olomouc_4.webp\" data-elementor-open-lightbox=\"yes\" data-elementor-lightbox-slideshow=\"1ff7b76\" data-e-action-hash=\"#elementor-action%3Aaction%3Dlightbox%26settings%3DeyJpZCI6MzcxOTAsInVybCI6Imh0dHBzOlwvXC93d3cuY3Vlc3lzdGVtLmNvbVwvd3AtY29udGVudFwvdXBsb2Fkc1wvMjAyNlwvMDRcL3N5c3RlbXNfbWFnaXN0cmF0LW1lc3RhLW9sb21vdWNfNC53ZWJwIiwic2xpZGVzaG93IjoiMWZmN2I3NiJ9\">\n\t\t\t\t\t<div class=\"e-gallery-image elementor-gallery-item__image\" data-thumbnail=\"https:\/\/www.cuesystem.com\/wp-content\/uploads\/2026\/04\/systems_magistrat-mesta-olomouc_4-300x200.webp\" data-width=\"300\" data-height=\"200\" aria-label=\"\" role=\"img\" ><\/div>\n\t\t\t\t\t\t\t\t\t\t\t<div class=\"elementor-gallery-item__overlay\"><\/div>\n\t\t\t\t\t\t\t\t\t\t\t\t\t\t<\/a>\n\t\t\t\t\t\t\t<a class=\"e-gallery-item elementor-gallery-item elementor-animated-content\" href=\"https:\/\/www.cuesystem.com\/wp-content\/uploads\/2026\/04\/systems_magistrat-mesta-olomouc_9.webp\" data-elementor-open-lightbox=\"yes\" data-elementor-lightbox-slideshow=\"1ff7b76\" data-e-action-hash=\"#elementor-action%3Aaction%3Dlightbox%26settings%3DeyJpZCI6MzcxOTUsInVybCI6Imh0dHBzOlwvXC93d3cuY3Vlc3lzdGVtLmNvbVwvd3AtY29udGVudFwvdXBsb2Fkc1wvMjAyNlwvMDRcL3N5c3RlbXNfbWFnaXN0cmF0LW1lc3RhLW9sb21vdWNfOS53ZWJwIiwic2xpZGVzaG93IjoiMWZmN2I3NiJ9\">\n\t\t\t\t\t<div class=\"e-gallery-image elementor-gallery-item__image\" data-thumbnail=\"https:\/\/www.cuesystem.com\/wp-content\/uploads\/2026\/04\/systems_magistrat-mesta-olomouc_9-300x200.webp\" data-width=\"300\" data-height=\"200\" aria-label=\"\" role=\"img\" ><\/div>\n\t\t\t\t\t\t\t\t\t\t\t<div class=\"elementor-gallery-item__overlay\"><\/div>\n\t\t\t\t\t\t\t\t\t\t\t\t\t\t<\/a>\n\t\t\t\t\t\t\t<a class=\"e-gallery-item elementor-gallery-item elementor-animated-content\" href=\"https:\/\/www.cuesystem.com\/wp-content\/uploads\/2026\/04\/systems_magistrat-mesta-olomouc_12.webp\" data-elementor-open-lightbox=\"yes\" data-elementor-lightbox-slideshow=\"1ff7b76\" data-e-action-hash=\"#elementor-action%3Aaction%3Dlightbox%26settings%3DeyJpZCI6MzcyMDAsInVybCI6Imh0dHBzOlwvXC93d3cuY3Vlc3lzdGVtLmNvbVwvd3AtY29udGVudFwvdXBsb2Fkc1wvMjAyNlwvMDRcL3N5c3RlbXNfbWFnaXN0cmF0LW1lc3RhLW9sb21vdWNfMTIud2VicCIsInNsaWRlc2hvdyI6IjFmZjdiNzYifQ%3D%3D\">\n\t\t\t\t\t<div class=\"e-gallery-image elementor-gallery-item__image\" data-thumbnail=\"https:\/\/www.cuesystem.com\/wp-content\/uploads\/2026\/04\/systems_magistrat-mesta-olomouc_12-300x200.webp\" data-width=\"300\" data-height=\"200\" aria-label=\"\" role=\"img\" ><\/div>\n\t\t\t\t\t\t\t\t\t\t\t<div class=\"elementor-gallery-item__overlay\"><\/div>\n\t\t\t\t\t\t\t\t\t\t\t\t\t\t<\/a>\n\t\t\t\t\t\t\t<a class=\"e-gallery-item elementor-gallery-item elementor-animated-content\" href=\"https:\/\/www.cuesystem.com\/wp-content\/uploads\/2026\/04\/systems_magistrat-mesta-olomouc_13.webp\" data-elementor-open-lightbox=\"yes\" data-elementor-lightbox-slideshow=\"1ff7b76\" data-e-action-hash=\"#elementor-action%3Aaction%3Dlightbox%26settings%3DeyJpZCI6MzcyMDUsInVybCI6Imh0dHBzOlwvXC93d3cuY3Vlc3lzdGVtLmNvbVwvd3AtY29udGVudFwvdXBsb2Fkc1wvMjAyNlwvMDRcL3N5c3RlbXNfbWFnaXN0cmF0LW1lc3RhLW9sb21vdWNfMTMud2VicCIsInNsaWRlc2hvdyI6IjFmZjdiNzYifQ%3D%3D\">\n\t\t\t\t\t<div class=\"e-gallery-image elementor-gallery-item__image\" data-thumbnail=\"https:\/\/www.cuesystem.com\/wp-content\/uploads\/2026\/04\/systems_magistrat-mesta-olomouc_13-300x200.webp\" data-width=\"300\" data-height=\"200\" aria-label=\"\" role=\"img\" ><\/div>\n\t\t\t\t\t\t\t\t\t\t\t<div class=\"elementor-gallery-item__overlay\"><\/div>\n\t\t\t\t\t\t\t\t\t\t\t\t\t\t<\/a>\n\t\t\t\t\t\t\t<a class=\"e-gallery-item elementor-gallery-item elementor-animated-content\" href=\"https:\/\/www.cuesystem.com\/wp-content\/uploads\/2026\/04\/systems_magistrat-mesta-olomouc_16.webp\" data-elementor-open-lightbox=\"yes\" data-elementor-lightbox-slideshow=\"1ff7b76\" data-e-action-hash=\"#elementor-action%3Aaction%3Dlightbox%26settings%3DeyJpZCI6MzcyMTAsInVybCI6Imh0dHBzOlwvXC93d3cuY3Vlc3lzdGVtLmNvbVwvd3AtY29udGVudFwvdXBsb2Fkc1wvMjAyNlwvMDRcL3N5c3RlbXNfbWFnaXN0cmF0LW1lc3RhLW9sb21vdWNfMTYud2VicCIsInNsaWRlc2hvdyI6IjFmZjdiNzYifQ%3D%3D\">\n\t\t\t\t\t<div class=\"e-gallery-image elementor-gallery-item__image\" data-thumbnail=\"https:\/\/www.cuesystem.com\/wp-content\/uploads\/2026\/04\/systems_magistrat-mesta-olomouc_16-300x200.webp\" data-width=\"300\" data-height=\"200\" aria-label=\"\" role=\"img\" ><\/div>\n\t\t\t\t\t\t\t\t\t\t\t<div class=\"elementor-gallery-item__overlay\"><\/div>\n\t\t\t\t\t\t\t\t\t\t\t\t\t\t<\/a>\n\t\t\t\t\t<\/div>\n\t\t\t\t\t<\/div>\n\t\t\t\t<\/div>\n\t\t\t\t\t<\/div>\n\t\t\t\t<\/div>\n\t\t\t\t<\/div>\n\t\t\t\t<\/div>\n\t\t","protected":false},"excerpt":{"rendered":"<p>Fallstudie Stadtverwaltung von Olomouc Die Herausforderung Nach fast zwei Jahrzehnten ist der gro\u00dfe Ratssaal des Rathauses von Olomouc einer umfassenden Modernisierung unterzogen , um den Anforderungen der heutigen hybriden Verwaltung gerecht zu werden. Das Ziel war es, einen Raum zu schaffen, der die pers\u00f6nliche und die Fernteilnahme unterst\u00fctzt, komplexe AV-Operationen vereinfacht und eine reibungslose, intuitive <a href=\"https:\/\/www.cuesystem.com\/de\/fallstudien-2\/stadtverwaltung-von-olomouc\/\" class=\"more-link\">\u2026\u00a0<span class=\"screen-reader-text\">  Stadtverwaltung von Olomouc<\/span><\/a><\/p>\n","protected":false},"author":11,"featured_media":0,"parent":30185,"menu_order":14,"comment_status":"closed","ping_status":"closed","template":"","meta":{"_acf_changed":false,"inline_featured_image":false,"footnotes":""},"kategorie":[],"class_list":["post-37249","page","type-page","status-publish","hentry"],"acf":[],"_links":{"self":[{"href":"https:\/\/www.cuesystem.com\/de\/wp-json\/wp\/v2\/pages\/37249","targetHints":{"allow":["GET"]}}],"collection":[{"href":"https:\/\/www.cuesystem.com\/de\/wp-json\/wp\/v2\/pages"}],"about":[{"href":"https:\/\/www.cuesystem.com\/de\/wp-json\/wp\/v2\/types\/page"}],"author":[{"embeddable":true,"href":"https:\/\/www.cuesystem.com\/de\/wp-json\/wp\/v2\/users\/11"}],"replies":[{"embeddable":true,"href":"https:\/\/www.cuesystem.com\/de\/wp-json\/wp\/v2\/comments?post=37249"}],"version-history":[{"count":1,"href":"https:\/\/www.cuesystem.com\/de\/wp-json\/wp\/v2\/pages\/37249\/revisions"}],"predecessor-version":[{"id":37250,"href":"https:\/\/www.cuesystem.com\/de\/wp-json\/wp\/v2\/pages\/37249\/revisions\/37250"}],"up":[{"embeddable":true,"href":"https:\/\/www.cuesystem.com\/de\/wp-json\/wp\/v2\/pages\/30185"}],"wp:attachment":[{"href":"https:\/\/www.cuesystem.com\/de\/wp-json\/wp\/v2\/media?parent=37249"}],"wp:term":[{"taxonomy":"kategorie","embeddable":true,"href":"https:\/\/www.cuesystem.com\/de\/wp-json\/wp\/v2\/kategorie?post=37249"}],"curies":[{"name":"wp","href":"https:\/\/api.w.org\/{rel}","templated":true}]}}