{"id":37277,"date":"2026-04-01T15:11:07","date_gmt":"2026-04-01T13:11:07","guid":{"rendered":"https:\/\/www.cuesystem.com\/fallstudien-2\/universitaet-schweiz\/"},"modified":"2026-04-01T15:32:17","modified_gmt":"2026-04-01T13:32:17","slug":"universitaet-schweiz","status":"publish","type":"page","link":"https:\/\/www.cuesystem.com\/de\/fallstudien-2\/universitaet-schweiz\/","title":{"rendered":"Universit\u00e4t Schweiz"},"content":{"rendered":"\t\t<div data-elementor-type=\"wp-page\" data-elementor-id=\"37277\" class=\"elementor elementor-37277 elementor-37257\" data-elementor-post-type=\"page\">\n\t\t\t\t<div class=\"elementor-element elementor-element-5396732 e-con-full e-flex e-con e-child\" data-id=\"5396732\" data-element_type=\"container\" data-e-type=\"container\">\n\t\t\t\t<div class=\"elementor-element elementor-element-c8edd39 elementor-widget elementor-widget-heading\" data-id=\"c8edd39\" data-element_type=\"widget\" data-e-type=\"widget\" data-widget_type=\"heading.default\">\n\t\t\t\t<div class=\"elementor-widget-container\">\n\t\t\t\t\t<h3 class=\"elementor-heading-title elementor-size-default\">Fallstudie<\/h3>\t\t\t\t<\/div>\n\t\t\t\t<\/div>\n\t\t\t\t<div class=\"elementor-element elementor-element-d93bb63 elementor-widget elementor-widget-heading\" data-id=\"d93bb63\" data-element_type=\"widget\" data-e-type=\"widget\" data-widget_type=\"heading.default\">\n\t\t\t\t<div class=\"elementor-widget-container\">\n\t\t\t\t\t<h1 class=\"elementor-heading-title elementor-size-default\">Universit\u00e4t Schweiz<\/h1>\t\t\t\t<\/div>\n\t\t\t\t<\/div>\n\t\t\t\t<div class=\"elementor-element elementor-element-4339b25 elementor-widget-divider--view-line elementor-widget elementor-widget-divider\" data-id=\"4339b25\" data-element_type=\"widget\" data-e-type=\"widget\" data-widget_type=\"divider.default\">\n\t\t\t\t<div class=\"elementor-widget-container\">\n\t\t\t\t\t\t\t<div class=\"elementor-divider\">\n\t\t\t<span class=\"elementor-divider-separator\">\n\t\t\t\t\t\t<\/span>\n\t\t<\/div>\n\t\t\t\t\t\t<\/div>\n\t\t\t\t<\/div>\n\t\t<div class=\"elementor-element elementor-element-4c37b03 e-grid e-con-boxed e-con e-child\" data-id=\"4c37b03\" data-element_type=\"container\" data-e-type=\"container\">\n\t\t\t\t\t<div class=\"e-con-inner\">\n\t\t<div class=\"elementor-element elementor-element-6bcdf3b e-con-full e-flex e-con e-child\" data-id=\"6bcdf3b\" data-element_type=\"container\" data-e-type=\"container\">\n\t\t\t\t<div class=\"elementor-element elementor-element-1480ec0 elementor-widget elementor-widget-heading\" data-id=\"1480ec0\" data-element_type=\"widget\" data-e-type=\"widget\" data-widget_type=\"heading.default\">\n\t\t\t\t<div class=\"elementor-widget-container\">\n\t\t\t\t\t<h2 class=\"elementor-heading-title elementor-size-default\">Die Herausforderung<\/h2>\t\t\t\t<\/div>\n\t\t\t\t<\/div>\n\t\t\t\t<div class=\"elementor-element elementor-element-9028a3c elementor-widget elementor-widget-text-editor\" data-id=\"9028a3c\" data-element_type=\"widget\" data-e-type=\"widget\" data-widget_type=\"text-editor.default\">\n\t\t\t\t<div class=\"elementor-widget-container\">\n\t\t\t\t\t\t\t\t\t<p>Das College <strong>erweiterte seine Einrichtungen um 18 neue Pavillon-Klassenzimmer<\/strong>, die alle eine nahtlose Konnektivit\u00e4t f\u00fcr Computer, Multimedia-Ger\u00e4te und Peripherieger\u00e4te f\u00fcr den Unterricht erfordern. Das Ziel war es, eine <strong>zuverl\u00e4ssige, benutzerfreundliche Steuerung f\u00fcr die Lehrer<\/strong> zu gew\u00e4hrleisten und gleichzeitig die 45 bestehenden Klassenzimmer aufzur\u00fcsten, damit sie <strong>modernen AV- und IT-Standards<\/strong> entsprechen. <\/p>\t\t\t\t\t\t\t\t<\/div>\n\t\t\t\t<\/div>\n\t\t\t\t<\/div>\n\t\t<div class=\"elementor-element elementor-element-7d9939f e-con-full e-flex e-con e-child\" data-id=\"7d9939f\" data-element_type=\"container\" data-e-type=\"container\">\n\t\t\t\t<div class=\"elementor-element elementor-element-51e6b1c elementor-widget elementor-widget-image\" data-id=\"51e6b1c\" data-element_type=\"widget\" data-e-type=\"widget\" data-widget_type=\"image.default\">\n\t\t\t\t<div class=\"elementor-widget-container\">\n\t\t\t\t\t\t\t\t\t\t\t\t\t\t\t\t<a href=\"https:\/\/www.cuesystem.com\/wp-content\/uploads\/2026\/04\/sds.webp\" data-elementor-open-lightbox=\"yes\" data-e-action-hash=\"#elementor-action%3Aaction%3Dlightbox%26settings%3DeyJpZCI6MzcyNjIsInVybCI6Imh0dHBzOlwvXC93d3cuY3Vlc3lzdGVtLmNvbVwvd3AtY29udGVudFwvdXBsb2Fkc1wvMjAyNlwvMDRcL3Nkcy53ZWJwIn0%3D\">\n\t\t\t\t\t\t\t<img fetchpriority=\"high\" decoding=\"async\" width=\"992\" height=\"484\" src=\"https:\/\/www.cuesystem.com\/wp-content\/uploads\/2026\/04\/sds.webp\" class=\"attachment-large size-large wp-image-37262\" alt=\"\" srcset=\"https:\/\/www.cuesystem.com\/wp-content\/uploads\/2026\/04\/sds.webp 992w, https:\/\/www.cuesystem.com\/wp-content\/uploads\/2026\/04\/sds-300x146.webp 300w\" sizes=\"(max-width: 992px) 100vw, 992px\" \/>\t\t\t\t\t\t\t\t<\/a>\n\t\t\t\t\t\t\t\t\t\t\t\t\t\t\t<\/div>\n\t\t\t\t<\/div>\n\t\t\t\t<\/div>\n\t\t\t\t\t<\/div>\n\t\t\t\t<\/div>\n\t\t<div class=\"elementor-element elementor-element-4490095 e-grid e-con-boxed e-con e-child\" data-id=\"4490095\" data-element_type=\"container\" data-e-type=\"container\">\n\t\t\t\t\t<div class=\"e-con-inner\">\n\t\t<div class=\"elementor-element elementor-element-25bce2e e-con-full e-flex e-con e-child\" data-id=\"25bce2e\" data-element_type=\"container\" data-e-type=\"container\">\n\t\t\t\t<div class=\"elementor-element elementor-element-74f8a73 elementor-widget elementor-widget-image\" data-id=\"74f8a73\" data-element_type=\"widget\" data-e-type=\"widget\" data-widget_type=\"image.default\">\n\t\t\t\t<div class=\"elementor-widget-container\">\n\t\t\t\t\t\t\t\t\t\t\t\t\t\t\t\t<a href=\"https:\/\/www.cuesystem.com\/wp-content\/uploads\/2026\/04\/sd.webp\" data-elementor-open-lightbox=\"yes\" data-e-action-hash=\"#elementor-action%3Aaction%3Dlightbox%26settings%3DeyJpZCI6MzcyNjcsInVybCI6Imh0dHBzOlwvXC93d3cuY3Vlc3lzdGVtLmNvbVwvd3AtY29udGVudFwvdXBsb2Fkc1wvMjAyNlwvMDRcL3NkLndlYnAifQ%3D%3D\">\n\t\t\t\t\t\t\t<img decoding=\"async\" width=\"819\" height=\"1024\" src=\"https:\/\/www.cuesystem.com\/wp-content\/uploads\/2026\/04\/sd-819x1024.webp\" class=\"attachment-large size-large wp-image-37267\" alt=\"\" srcset=\"https:\/\/www.cuesystem.com\/wp-content\/uploads\/2026\/04\/sd-819x1024.webp 819w, https:\/\/www.cuesystem.com\/wp-content\/uploads\/2026\/04\/sd-240x300.webp 240w, https:\/\/www.cuesystem.com\/wp-content\/uploads\/2026\/04\/sd.webp 1875w\" sizes=\"(max-width: 819px) 100vw, 819px\" \/>\t\t\t\t\t\t\t\t<\/a>\n\t\t\t\t\t\t\t\t\t\t\t\t\t\t\t<\/div>\n\t\t\t\t<\/div>\n\t\t\t\t<\/div>\n\t\t<div class=\"elementor-element elementor-element-06bdfc6 e-con-full e-flex e-con e-child\" data-id=\"06bdfc6\" data-element_type=\"container\" data-e-type=\"container\">\n\t\t\t\t<div class=\"elementor-element elementor-element-30541a4 elementor-widget elementor-widget-heading\" data-id=\"30541a4\" data-element_type=\"widget\" data-e-type=\"widget\" data-widget_type=\"heading.default\">\n\t\t\t\t<div class=\"elementor-widget-container\">\n\t\t\t\t\t<h2 class=\"elementor-heading-title elementor-size-default\">Unser L\u00f6sungsansatz<\/h2>\t\t\t\t<\/div>\n\t\t\t\t<\/div>\n\t\t\t\t<div class=\"elementor-element elementor-element-ec61533 elementor-widget elementor-widget-text-editor\" data-id=\"ec61533\" data-element_type=\"widget\" data-e-type=\"widget\" data-widget_type=\"text-editor.default\">\n\t\t\t\t<div class=\"elementor-widget-container\">\n\t\t\t\t\t\t\t\t\t<p>CUE lieferte ein <strong>vollst\u00e4ndig integriertes Kontrollsystem<\/strong> <strong>, das alle Ger\u00e4te in jedem Klassenzimmer verbindet und verwaltet<\/strong>, von Computern bis zu audiovisuellen Ger\u00e4ten. Um <strong>h\u00f6chste Zuverl\u00e4ssigkeit<\/strong> zu gew\u00e4hrleisten, wurde im Vorfeld ein spezieller Testraum eingerichtet, in dem das System in vollem Umfang getestet und angepasst werden konnte, um es f\u00fcr den t\u00e4glichen Gebrauch zu optimieren. <\/p><p>Neben den neuen Pavillons wurden auch die bestehenden Klassenzimmer im Hauptgeb\u00e4ude modernisiert, um <strong>einheitliche Standards<\/strong> f\u00fcr Computer- und Videoanschl\u00fcsse auf dem gesamten Campus zu gew\u00e4hrleisten.<\/p><p>Das gesamte Projekt wurde in Zusammenarbeit mit unserem <strong>Schweizer Partner<\/strong> <a class=\"_ymio1r31 _ypr0glyw _zcxs1o36 _mizu1v1w _1ah3dkaa _ra3xnqa1 _128mdkaa _1cvmnqa1 _4davt94y _4bfu1r31 _1hms8stv _ajmmnqa1 _vchhusvi _kqswh2mm _ect4ttxp _syaz13af _1a3b1r31 _4fpr8stv _5goinqa1 _f8pj13af _9oik1r31 _1bnxglyw _jf4cnqa1 _30l313af _1nrm1r31 _c2waglyw _1iohnqa1 _9h8h12zz _10531ra0 _1ien1ra0 _n0fx1ra0 _1vhv17z1\" title=\"https:\/\/www.avmat.ch\/fr\" href=\"https:\/\/www.avmat.ch\/fr\" data-renderer-mark=\"true\"><strong data-renderer-mark=\"true\">AVMAT<\/strong><\/a>umgesetzt. Das Ergebnis ist eine <strong>moderne, benutzerfreundliche Umgebung<\/strong>, die es Lehrern und Mitarbeitern erm\u00f6glicht, sich auf den Unterricht und nicht auf die Technologie zu konzentrieren.<\/p>\t\t\t\t\t\t\t\t<\/div>\n\t\t\t\t<\/div>\n\t\t\t\t<\/div>\n\t\t\t\t\t<\/div>\n\t\t\t\t<\/div>\n\t\t\t\t<\/div>\n\t\t\t\t<\/div>\n\t\t","protected":false},"excerpt":{"rendered":"<p>Fallstudie Universit\u00e4t Schweiz Die Herausforderung Das College erweiterte seine Einrichtungen um 18 neue Pavillon-Klassenzimmer, die alle eine nahtlose Konnektivit\u00e4t f\u00fcr Computer, Multimedia-Ger\u00e4te und Peripherieger\u00e4te f\u00fcr den Unterricht erfordern. Das Ziel war es, eine zuverl\u00e4ssige, benutzerfreundliche Steuerung f\u00fcr die Lehrer zu gew\u00e4hrleisten und gleichzeitig die 45 bestehenden Klassenzimmer aufzur\u00fcsten, damit sie modernen AV- und IT-Standards entsprechen. <a href=\"https:\/\/www.cuesystem.com\/de\/fallstudien-2\/universitaet-schweiz\/\" class=\"more-link\">\u2026\u00a0<span class=\"screen-reader-text\">  Universit\u00e4t Schweiz<\/span><\/a><\/p>\n","protected":false},"author":11,"featured_media":0,"parent":30185,"menu_order":8,"comment_status":"closed","ping_status":"closed","template":"","meta":{"_acf_changed":false,"inline_featured_image":false,"footnotes":""},"kategorie":[],"class_list":["post-37277","page","type-page","status-publish","hentry"],"acf":[],"_links":{"self":[{"href":"https:\/\/www.cuesystem.com\/de\/wp-json\/wp\/v2\/pages\/37277","targetHints":{"allow":["GET"]}}],"collection":[{"href":"https:\/\/www.cuesystem.com\/de\/wp-json\/wp\/v2\/pages"}],"about":[{"href":"https:\/\/www.cuesystem.com\/de\/wp-json\/wp\/v2\/types\/page"}],"author":[{"embeddable":true,"href":"https:\/\/www.cuesystem.com\/de\/wp-json\/wp\/v2\/users\/11"}],"replies":[{"embeddable":true,"href":"https:\/\/www.cuesystem.com\/de\/wp-json\/wp\/v2\/comments?post=37277"}],"version-history":[{"count":1,"href":"https:\/\/www.cuesystem.com\/de\/wp-json\/wp\/v2\/pages\/37277\/revisions"}],"predecessor-version":[{"id":37278,"href":"https:\/\/www.cuesystem.com\/de\/wp-json\/wp\/v2\/pages\/37277\/revisions\/37278"}],"up":[{"embeddable":true,"href":"https:\/\/www.cuesystem.com\/de\/wp-json\/wp\/v2\/pages\/30185"}],"wp:attachment":[{"href":"https:\/\/www.cuesystem.com\/de\/wp-json\/wp\/v2\/media?parent=37277"}],"wp:term":[{"taxonomy":"kategorie","embeddable":true,"href":"https:\/\/www.cuesystem.com\/de\/wp-json\/wp\/v2\/kategorie?post=37277"}],"curies":[{"name":"wp","href":"https:\/\/api.w.org\/{rel}","templated":true}]}}