{"id":37355,"date":"2026-04-08T10:37:03","date_gmt":"2026-04-08T08:37:03","guid":{"rendered":"https:\/\/www.cuesystem.com\/fallstudien-2\/ragasa-mexiko\/"},"modified":"2026-04-08T10:44:33","modified_gmt":"2026-04-08T08:44:33","slug":"ragasa-mexiko","status":"publish","type":"page","link":"https:\/\/www.cuesystem.com\/de\/fallstudien-2\/ragasa-mexiko\/","title":{"rendered":"Ragasa Mexiko"},"content":{"rendered":"\t\t<div data-elementor-type=\"wp-page\" data-elementor-id=\"37355\" class=\"elementor elementor-37355 elementor-37298\" data-elementor-post-type=\"page\">\n\t\t\t\t<div class=\"elementor-element elementor-element-1a0b49f e-con-full e-flex e-con e-child\" data-id=\"1a0b49f\" data-element_type=\"container\" data-e-type=\"container\">\n\t\t\t\t<div class=\"elementor-element elementor-element-2fa0fc3 elementor-widget elementor-widget-heading\" data-id=\"2fa0fc3\" data-element_type=\"widget\" data-e-type=\"widget\" data-widget_type=\"heading.default\">\n\t\t\t\t<div class=\"elementor-widget-container\">\n\t\t\t\t\t<h3 class=\"elementor-heading-title elementor-size-default\">Fallstudie<\/h3>\t\t\t\t<\/div>\n\t\t\t\t<\/div>\n\t\t\t\t<div class=\"elementor-element elementor-element-2c750c9 elementor-widget elementor-widget-heading\" data-id=\"2c750c9\" data-element_type=\"widget\" data-e-type=\"widget\" data-widget_type=\"heading.default\">\n\t\t\t\t<div class=\"elementor-widget-container\">\n\t\t\t\t\t<h1 class=\"elementor-heading-title elementor-size-default\">Ragasa Mexiko<\/h1>\t\t\t\t<\/div>\n\t\t\t\t<\/div>\n\t\t\t\t<div class=\"elementor-element elementor-element-c229a0f elementor-widget-divider--view-line elementor-widget elementor-widget-divider\" data-id=\"c229a0f\" data-element_type=\"widget\" data-e-type=\"widget\" data-widget_type=\"divider.default\">\n\t\t\t\t<div class=\"elementor-widget-container\">\n\t\t\t\t\t\t\t<div class=\"elementor-divider\">\n\t\t\t<span class=\"elementor-divider-separator\">\n\t\t\t\t\t\t<\/span>\n\t\t<\/div>\n\t\t\t\t\t\t<\/div>\n\t\t\t\t<\/div>\n\t\t<div class=\"elementor-element elementor-element-cde6b98 e-grid e-con-boxed e-con e-child\" data-id=\"cde6b98\" data-element_type=\"container\" data-e-type=\"container\">\n\t\t\t\t\t<div class=\"e-con-inner\">\n\t\t<div class=\"elementor-element elementor-element-922244e e-con-full e-flex e-con e-child\" data-id=\"922244e\" data-element_type=\"container\" data-e-type=\"container\">\n\t\t\t\t<div class=\"elementor-element elementor-element-6c1c6ed elementor-widget elementor-widget-heading\" data-id=\"6c1c6ed\" data-element_type=\"widget\" data-e-type=\"widget\" data-widget_type=\"heading.default\">\n\t\t\t\t<div class=\"elementor-widget-container\">\n\t\t\t\t\t<h2 class=\"elementor-heading-title elementor-size-default\">Die Herausforderung<\/h2>\t\t\t\t<\/div>\n\t\t\t\t<\/div>\n\t\t\t\t<div class=\"elementor-element elementor-element-56ef42f elementor-widget elementor-widget-text-editor\" data-id=\"56ef42f\" data-element_type=\"widget\" data-e-type=\"widget\" data-widget_type=\"text-editor.default\">\n\t\t\t\t<div class=\"elementor-widget-container\">\n\t\t\t\t\t\t\t\t\t<p data-renderer-start-pos=\"18\"><a class=\"_ymio1r31 _ypr0glyw _zcxs1o36 _mizu1v1w _1ah3dkaa _ra3xnqa1 _128mdkaa _1cvmnqa1 _4davt94y _4bfu1r31 _1hms8stv _ajmmnqa1 _vchhusvi _kqswh2mm _ect4ttxp _syaz13af _1a3b1r31 _4fpr8stv _5goinqa1 _f8pj13af _9oik1r31 _1bnxglyw _jf4cnqa1 _30l313af _1nrm1r31 _c2waglyw _1iohnqa1 _9h8h12zz _10531ra0 _1ien1ra0 _n0fx1ra0 _1vhv17z1\" title=\"https:\/\/www.ragasa.com.mx\/en\/\" href=\"https:\/\/www.ragasa.com.mx\/en\/\" data-renderer-mark=\"true\"><strong>Ragasa<\/strong><\/a> sah sich mit der Notwendigkeit konfrontiert, ein <strong data-renderer-mark=\"true\">besser organisiertes<\/strong> und <strong data-renderer-mark=\"true\">transparenteres Arbeitsumfeld <\/strong>f\u00fcr seine <strong data-renderer-mark=\"true\">gro\u00dfe Belegschaft<\/strong> zu schaffen.<\/p><p data-renderer-start-pos=\"126\">Angesichts der komplexen Arbeitsauslastung in mehreren Einrichtungen ben\u00f6tigte das Unternehmen ein System, das die <strong data-renderer-mark=\"true\">Verf\u00fcgbarkeit von <\/strong> <strong data-renderer-mark=\"true\">R\u00e4umen <\/strong>und <strong data-renderer-mark=\"true\">Arbeitspl\u00e4tzen <\/strong> <strong data-renderer-mark=\"true\">vollst\u00e4ndig erfasst <\/strong>und gleichzeitig eine zuverl\u00e4ssige Datenerfassung f\u00fcr k\u00fcnftige Optimierungen erm\u00f6glicht.<\/p>\t\t\t\t\t\t\t\t<\/div>\n\t\t\t\t<\/div>\n\t\t\t\t<\/div>\n\t\t<div class=\"elementor-element elementor-element-afe2be8 e-con-full e-flex e-con e-child\" data-id=\"afe2be8\" data-element_type=\"container\" data-e-type=\"container\">\n\t\t\t\t<div class=\"elementor-element elementor-element-c50cf36 elementor-widget elementor-widget-image\" data-id=\"c50cf36\" data-element_type=\"widget\" data-e-type=\"widget\" data-widget_type=\"image.default\">\n\t\t\t\t<div class=\"elementor-widget-container\">\n\t\t\t\t\t\t\t\t\t\t\t\t\t\t\t<img fetchpriority=\"high\" decoding=\"async\" width=\"480\" height=\"185\" src=\"https:\/\/www.cuesystem.com\/wp-content\/uploads\/2026\/04\/Silos-480x185-1.webp\" class=\"attachment-large size-large wp-image-37339\" alt=\"\" srcset=\"https:\/\/www.cuesystem.com\/wp-content\/uploads\/2026\/04\/Silos-480x185-1.webp 480w, https:\/\/www.cuesystem.com\/wp-content\/uploads\/2026\/04\/Silos-480x185-1-300x116.webp 300w\" sizes=\"(max-width: 480px) 100vw, 480px\" \/>\t\t\t\t\t\t\t\t\t\t\t\t\t\t\t<\/div>\n\t\t\t\t<\/div>\n\t\t\t\t<\/div>\n\t\t\t\t\t<\/div>\n\t\t\t\t<\/div>\n\t\t<div class=\"elementor-element elementor-element-6b3dd33 e-grid e-con-boxed e-con e-child\" data-id=\"6b3dd33\" data-element_type=\"container\" data-e-type=\"container\">\n\t\t\t\t\t<div class=\"e-con-inner\">\n\t\t<div class=\"elementor-element elementor-element-cb83403 e-con-full e-flex e-con e-child\" data-id=\"cb83403\" data-element_type=\"container\" data-e-type=\"container\">\n\t\t\t\t<div class=\"elementor-element elementor-element-179367d elementor-widget elementor-widget-image\" data-id=\"179367d\" data-element_type=\"widget\" data-e-type=\"widget\" data-widget_type=\"image.default\">\n\t\t\t\t<div class=\"elementor-widget-container\">\n\t\t\t\t\t\t\t\t\t\t\t\t\t\t\t<img decoding=\"async\" width=\"1024\" height=\"310\" src=\"https:\/\/www.cuesystem.com\/wp-content\/uploads\/2026\/04\/1620352013438-1024x310.webp\" class=\"attachment-large size-large wp-image-37309\" alt=\"\" srcset=\"https:\/\/www.cuesystem.com\/wp-content\/uploads\/2026\/04\/1620352013438-1024x310.webp 1024w, https:\/\/www.cuesystem.com\/wp-content\/uploads\/2026\/04\/1620352013438-300x91.webp 300w, https:\/\/www.cuesystem.com\/wp-content\/uploads\/2026\/04\/1620352013438.webp 1280w\" sizes=\"(max-width: 1024px) 100vw, 1024px\" \/>\t\t\t\t\t\t\t\t\t\t\t\t\t\t\t<\/div>\n\t\t\t\t<\/div>\n\t\t\t\t<\/div>\n\t\t<div class=\"elementor-element elementor-element-1482de8 e-con-full e-flex e-con e-child\" data-id=\"1482de8\" data-element_type=\"container\" data-e-type=\"container\">\n\t\t\t\t<div class=\"elementor-element elementor-element-daa70a3 elementor-widget elementor-widget-heading\" data-id=\"daa70a3\" data-element_type=\"widget\" data-e-type=\"widget\" data-widget_type=\"heading.default\">\n\t\t\t\t<div class=\"elementor-widget-container\">\n\t\t\t\t\t<h2 class=\"elementor-heading-title elementor-size-default\">\u00dcber Ragasa<\/h2>\t\t\t\t<\/div>\n\t\t\t\t<\/div>\n\t\t\t\t<div class=\"elementor-element elementor-element-dd2289e elementor-widget elementor-widget-text-editor\" data-id=\"dd2289e\" data-element_type=\"widget\" data-e-type=\"widget\" data-widget_type=\"text-editor.default\">\n\t\t\t\t<div class=\"elementor-widget-container\">\n\t\t\t\t\t\t\t\t\t<p data-renderer-start-pos=\"378\"><a class=\"_ymio1r31 _ypr0glyw _zcxs1o36 _mizu1v1w _1ah3dkaa _ra3xnqa1 _128mdkaa _1cvmnqa1 _4davt94y _4bfu1r31 _1hms8stv _ajmmnqa1 _vchhusvi _kqswh2mm _ect4ttxp _syaz13af _1a3b1r31 _4fpr8stv _5goinqa1 _f8pj13af _9oik1r31 _1bnxglyw _jf4cnqa1 _30l313af _1nrm1r31 _c2waglyw _1iohnqa1 _9h8h12zz _10531ra0 _1ien1ra0 _n0fx1ra0 _1vhv17z1\" title=\"https:\/\/www.ragasa.com.mx\/en\/\" href=\"https:\/\/www.ragasa.com.mx\/en\/\" data-renderer-mark=\"true\"><strong data-renderer-mark=\"true\">Ragasa<\/strong><\/a> ist eine <strong data-renderer-mark=\"true\">f\u00fchrende mexikanische Unternehmensgruppe<\/strong>, die sich auf die Herstellung von \u00d6len und Produkten auf Pflanzenbasis spezialisiert hat. Das Unternehmen hat es sich zur Aufgabe gemacht, tierische Butter zu ersetzen und seinen Kunden ges\u00fcndere, hochwertige Alternativen anzubieten. <\/p>\n<p data-renderer-start-pos=\"630\">Das Projekt wurde von unserem Vertriebspartner <a class=\"_ymio1r31 _ypr0glyw _zcxs1o36 _mizu1v1w _1ah3dkaa _ra3xnqa1 _128mdkaa _1cvmnqa1 _4davt94y _4bfu1r31 _1hms8stv _ajmmnqa1 _vchhusvi _kqswh2mm _ect4ttxp _syaz13af _1a3b1r31 _4fpr8stv _5goinqa1 _f8pj13af _9oik1r31 _1bnxglyw _jf4cnqa1 _30l313af _1nrm1r31 _c2waglyw _1iohnqa1 _9h8h12zz _10531ra0 _1ien1ra0 _n0fx1ra0 _1vhv17z1\" title=\"https:\/\/www.silvergate.cz\/\" href=\"https:\/\/www.silvergate.cz\/\" data-renderer-mark=\"true\"><strong data-renderer-mark=\"true\">Silvergate, s.r.o.<\/strong><\/a><\/p>\t\t\t\t\t\t\t\t<\/div>\n\t\t\t\t<\/div>\n\t\t\t\t<\/div>\n\t\t\t\t\t<\/div>\n\t\t\t\t<\/div>\n\t\t<div class=\"elementor-element elementor-element-4c02ebc e-grid e-con-boxed e-con e-child\" data-id=\"4c02ebc\" data-element_type=\"container\" data-e-type=\"container\">\n\t\t\t\t\t<div class=\"e-con-inner\">\n\t\t<div class=\"elementor-element elementor-element-8060a87 e-con-full e-flex e-con e-child\" data-id=\"8060a87\" data-element_type=\"container\" data-e-type=\"container\">\n\t\t\t\t<div class=\"elementor-element elementor-element-799d257 elementor-widget elementor-widget-heading\" data-id=\"799d257\" data-element_type=\"widget\" data-e-type=\"widget\" data-widget_type=\"heading.default\">\n\t\t\t\t<div class=\"elementor-widget-container\">\n\t\t\t\t\t<h2 class=\"elementor-heading-title elementor-size-default\">Unser L\u00f6sungsansatz<\/h2>\t\t\t\t<\/div>\n\t\t\t\t<\/div>\n\t\t\t\t<div class=\"elementor-element elementor-element-47baeb6 elementor-widget elementor-widget-text-editor\" data-id=\"47baeb6\" data-element_type=\"widget\" data-e-type=\"widget\" data-widget_type=\"text-editor.default\">\n\t\t\t\t<div class=\"elementor-widget-container\">\n\t\t\t\t\t\t\t\t\t<p data-renderer-start-pos=\"718\">Um diese Anforderungen zu erf\u00fcllen, wurde das <strong data-renderer-mark=\"true\">Workplace Management System<\/strong> von CUE in alle B\u00fcros von Ragasa integriert. Die L\u00f6sung kombiniert <a class=\"_ymio1r31 _ypr0glyw _zcxs1o36 _mizu1v1w _1ah3dkaa _ra3xnqa1 _128mdkaa _1cvmnqa1 _4davt94y _4bfu1r31 _1hms8stv _ajmmnqa1 _vchhusvi _kqswh2mm _ect4ttxp _syaz13af _1a3b1r31 _4fpr8stv _5goinqa1 _f8pj13af _9oik1r31 _1bnxglyw _jf4cnqa1 _30l313af _1nrm1r31 _c2waglyw _1iohnqa1 _9h8h12zz _10531ra0 _1ien1ra0 _n0fx1ra0 _1vhv17z1\" title=\"https:\/\/docs.cuesystem.com\/space\/PRODUCTS\/483328034\" href=\"https:\/\/docs.cuesystem.com\/space\/PRODUCTS\/483328034\" data-renderer-mark=\"true\"><strong data-renderer-mark=\"true\">touchONE-10-M-Panels<\/strong><\/a>, <a class=\"_ymio1r31 _ypr0glyw _zcxs1o36 _mizu1v1w _1ah3dkaa _ra3xnqa1 _128mdkaa _1cvmnqa1 _4davt94y _4bfu1r31 _1hms8stv _ajmmnqa1 _vchhusvi _kqswh2mm _ect4ttxp _syaz13af _1a3b1r31 _4fpr8stv _5goinqa1 _f8pj13af _9oik1r31 _1bnxglyw _jf4cnqa1 _30l313af _1nrm1r31 _c2waglyw _1iohnqa1 _9h8h12zz _10531ra0 _1ien1ra0 _n0fx1ra0 _1vhv17z1\" title=\"https:\/\/www.cuesystem.com\/reserve\/cue-assist\/\" href=\"https:\/\/www.cuesystem.com\/de\/reservieren-sie\/cue-assistent\/\" data-renderer-mark=\"true\"><strong data-renderer-mark=\"true\"><span class=\"fabric-text-color-mark\" data-renderer-mark=\"true\" data-text-custom-color=\"#ff5630\">CUE Assist<\/span><\/strong><\/a><strong data-renderer-mark=\"true\"> Raum-<\/strong> und <strong data-renderer-mark=\"true\"> <span class=\"fabric-text-color-mark\" data-renderer-mark=\"true\" data-text-custom-color=\"#ff5630\">Arbeitsplatzeinheiten<\/span><\/strong>, zusammen mit dem <a class=\"_ymio1r31 _ypr0glyw _zcxs1o36 _mizu1v1w _1ah3dkaa _ra3xnqa1 _128mdkaa _1cvmnqa1 _4davt94y _4bfu1r31 _1hms8stv _ajmmnqa1 _vchhusvi _kqswh2mm _ect4ttxp _syaz13af _1a3b1r31 _4fpr8stv _5goinqa1 _f8pj13af _9oik1r31 _1bnxglyw _jf4cnqa1 _30l313af _1nrm1r31 _c2waglyw _1iohnqa1 _9h8h12zz _10531ra0 _1ien1ra0 _n0fx1ra0 _1vhv17z1\" title=\"https:\/\/www.cuesystem.com\/manage\/cue-admin\/\" href=\"https:\/\/www.cuesystem.com\/de\/verwalten-sie\/cue-verwaltung\/\" data-renderer-mark=\"true\"><strong data-renderer-mark=\"true\">CUE Admin<\/strong><\/a><strong data-renderer-mark=\"true\"> Plattform<\/strong> f\u00fcr die zentralisierte Verwaltung. <\/p><p data-renderer-start-pos=\"963\">Mit dieser Einrichtung k\u00f6nnen Mitarbeiter sofort die <strong data-renderer-mark=\"true\">Verf\u00fcgbarkeit <\/strong>von <strong data-renderer-mark=\"true\">Besprechungsr\u00e4umen <\/strong>und <strong data-renderer-mark=\"true\">Arbeitspl\u00e4tzen<\/strong> sehen, <strong data-renderer-mark=\"true\">Buchungen vereinfachen<\/strong> und ihre <strong data-renderer-mark=\"true\">t\u00e4glichen Aufgaben<\/strong> problemlos <strong data-renderer-mark=\"true\">erledigen <\/strong>. Zugleich bietet das System <strong><a class=\"_ymio1r31 _ypr0glyw _zcxs1o36 _mizu1v1w _1ah3dkaa _ra3xnqa1 _128mdkaa _1cvmnqa1 _4davt94y _4bfu1r31 _1hms8stv _ajmmnqa1 _vchhusvi _kqswh2mm _ect4ttxp _syaz13af _1a3b1r31 _4fpr8stv _5goinqa1 _f8pj13af _9oik1r31 _1bnxglyw _jf4cnqa1 _30l313af _1nrm1r31 _c2waglyw _1iohnqa1 _9h8h12zz _10531ra0 _1ien1ra0 _n0fx1ra0 _1vhv17z1\" title=\"https:\/\/www.ragasa.com.mx\/en\/\" href=\"https:\/\/www.ragasa.com.mx\/en\/\" data-renderer-mark=\"true\">Ragasa<\/a> <\/strong><strong data-renderer-mark=\"true\">wertvolle Daten <\/strong>\u00fcber die <strong data-renderer-mark=\"true\">Ressourcennutzung<\/strong>, die eine <strong data-renderer-mark=\"true\">effizientere Planung<\/strong> und<strong data-renderer-mark=\"true\"> langfristige Entscheidungsfindung<\/strong> erm\u00f6glichen. <\/p><p data-renderer-start-pos=\"1269\">Das Ergebnis ist ein <strong data-renderer-mark=\"true\">rationalisiertes<\/strong>, <strong data-renderer-mark=\"true\">transparentes<\/strong> und <strong data-renderer-mark=\"true\">datengesteuertes Arbeitsumfeld<\/strong>, das die Mitarbeiter bef\u00e4higt und den <strong data-renderer-mark=\"true\">Fokus <\/strong>des Unternehmens auf <strong data-renderer-mark=\"true\">Produktivit\u00e4t <\/strong>und <strong data-renderer-mark=\"true\">Innovation<\/strong> <strong data-renderer-mark=\"true\">unterst\u00fctzt <\/strong>.<\/p>\t\t\t\t\t\t\t\t<\/div>\n\t\t\t\t<\/div>\n\t\t\t\t<\/div>\n\t\t<div class=\"elementor-element elementor-element-6882fdb e-con-full e-flex e-con e-child\" data-id=\"6882fdb\" data-element_type=\"container\" data-e-type=\"container\">\n\t\t\t\t<div class=\"elementor-element elementor-element-246ca81 elementor-widget elementor-widget-image\" data-id=\"246ca81\" data-element_type=\"widget\" data-e-type=\"widget\" data-widget_type=\"image.default\">\n\t\t\t\t<div class=\"elementor-widget-container\">\n\t\t\t\t\t\t\t\t\t\t\t\t\t\t\t\t<a href=\"https:\/\/www.cuesystem.com\/wp-content\/uploads\/2026\/04\/image-20220718-190318.webp\" data-elementor-open-lightbox=\"yes\" data-e-action-hash=\"#elementor-action%3Aaction%3Dlightbox%26settings%3DeyJpZCI6MzczMTQsInVybCI6Imh0dHBzOlwvXC93d3cuY3Vlc3lzdGVtLmNvbVwvd3AtY29udGVudFwvdXBsb2Fkc1wvMjAyNlwvMDRcL2ltYWdlLTIwMjIwNzE4LTE5MDMxOC53ZWJwIn0%3D\">\n\t\t\t\t\t\t\t<img decoding=\"async\" width=\"1024\" height=\"493\" src=\"https:\/\/www.cuesystem.com\/wp-content\/uploads\/2026\/04\/image-20220718-190318-1024x493.webp\" class=\"attachment-large size-large wp-image-37314\" alt=\"\" srcset=\"https:\/\/www.cuesystem.com\/wp-content\/uploads\/2026\/04\/image-20220718-190318-1024x493.webp 1024w, https:\/\/www.cuesystem.com\/wp-content\/uploads\/2026\/04\/image-20220718-190318-300x144.webp 300w, https:\/\/www.cuesystem.com\/wp-content\/uploads\/2026\/04\/image-20220718-190318.webp 1807w\" sizes=\"(max-width: 1024px) 100vw, 1024px\" \/>\t\t\t\t\t\t\t\t<\/a>\n\t\t\t\t\t\t\t\t\t\t\t\t\t\t\t<\/div>\n\t\t\t\t<\/div>\n\t\t\t\t<\/div>\n\t\t\t\t\t<\/div>\n\t\t\t\t<\/div>\n\t\t\t\t<\/div>\n\t\t<div class=\"elementor-element elementor-element-5f4f319 e-flex e-con-boxed e-con e-parent\" data-id=\"5f4f319\" data-element_type=\"container\" data-e-type=\"container\">\n\t\t\t\t\t<div class=\"e-con-inner\">\n\t\t<div class=\"elementor-element elementor-element-51ce574 e-grid e-con-full e-con e-child\" data-id=\"51ce574\" data-element_type=\"container\" data-e-type=\"container\">\n\t\t\t\t<div class=\"elementor-element elementor-element-ba21e7d elementor-widget elementor-widget-image\" data-id=\"ba21e7d\" data-element_type=\"widget\" data-e-type=\"widget\" data-widget_type=\"image.default\">\n\t\t\t\t<div class=\"elementor-widget-container\">\n\t\t\t\t\t\t\t\t\t\t\t\t\t\t\t\t<a href=\"https:\/\/www.cuesystem.com\/wp-content\/uploads\/2026\/04\/image-20220718-190334.webp\" data-elementor-open-lightbox=\"yes\" data-e-action-hash=\"#elementor-action%3Aaction%3Dlightbox%26settings%3DeyJpZCI6MzczMTksInVybCI6Imh0dHBzOlwvXC93d3cuY3Vlc3lzdGVtLmNvbVwvd3AtY29udGVudFwvdXBsb2Fkc1wvMjAyNlwvMDRcL2ltYWdlLTIwMjIwNzE4LTE5MDMzNC53ZWJwIn0%3D\">\n\t\t\t\t\t\t\t<img loading=\"lazy\" decoding=\"async\" width=\"1024\" height=\"492\" src=\"https:\/\/www.cuesystem.com\/wp-content\/uploads\/2026\/04\/image-20220718-190334-1024x492.webp\" class=\"attachment-large size-large wp-image-37319\" alt=\"\" srcset=\"https:\/\/www.cuesystem.com\/wp-content\/uploads\/2026\/04\/image-20220718-190334-1024x492.webp 1024w, https:\/\/www.cuesystem.com\/wp-content\/uploads\/2026\/04\/image-20220718-190334-300x144.webp 300w, https:\/\/www.cuesystem.com\/wp-content\/uploads\/2026\/04\/image-20220718-190334.webp 1811w\" sizes=\"(max-width: 1024px) 100vw, 1024px\" \/>\t\t\t\t\t\t\t\t<\/a>\n\t\t\t\t\t\t\t\t\t\t\t\t\t\t\t<\/div>\n\t\t\t\t<\/div>\n\t\t\t\t<div class=\"elementor-element elementor-element-f8c2948 elementor-widget elementor-widget-image\" data-id=\"f8c2948\" data-element_type=\"widget\" data-e-type=\"widget\" data-widget_type=\"image.default\">\n\t\t\t\t<div class=\"elementor-widget-container\">\n\t\t\t\t\t\t\t\t\t\t\t\t\t\t\t\t<a href=\"https:\/\/www.cuesystem.com\/wp-content\/uploads\/2026\/04\/image-20220718-190434.webp\" data-elementor-open-lightbox=\"yes\" data-e-action-hash=\"#elementor-action%3Aaction%3Dlightbox%26settings%3DeyJpZCI6MzczMjQsInVybCI6Imh0dHBzOlwvXC93d3cuY3Vlc3lzdGVtLmNvbVwvd3AtY29udGVudFwvdXBsb2Fkc1wvMjAyNlwvMDRcL2ltYWdlLTIwMjIwNzE4LTE5MDQzNC53ZWJwIn0%3D\">\n\t\t\t\t\t\t\t<img loading=\"lazy\" decoding=\"async\" width=\"1024\" height=\"492\" src=\"https:\/\/www.cuesystem.com\/wp-content\/uploads\/2026\/04\/image-20220718-190434-1024x492.webp\" class=\"attachment-large size-large wp-image-37324\" alt=\"\" srcset=\"https:\/\/www.cuesystem.com\/wp-content\/uploads\/2026\/04\/image-20220718-190434-1024x492.webp 1024w, https:\/\/www.cuesystem.com\/wp-content\/uploads\/2026\/04\/image-20220718-190434-300x144.webp 300w, https:\/\/www.cuesystem.com\/wp-content\/uploads\/2026\/04\/image-20220718-190434.webp 1814w\" sizes=\"(max-width: 1024px) 100vw, 1024px\" \/>\t\t\t\t\t\t\t\t<\/a>\n\t\t\t\t\t\t\t\t\t\t\t\t\t\t\t<\/div>\n\t\t\t\t<\/div>\n\t\t\t\t<\/div>\n\t\t\t\t\t<\/div>\n\t\t\t\t<\/div>\n\t\t\t\t<\/div>\n\t\t","protected":false},"excerpt":{"rendered":"<p>Fallstudie Ragasa Mexiko Die Herausforderung Ragasa sah sich mit der Notwendigkeit konfrontiert, ein besser organisiertes und transparenteres Arbeitsumfeld f\u00fcr seine gro\u00dfe Belegschaft zu schaffen. Angesichts der komplexen Arbeitsauslastung in mehreren Einrichtungen ben\u00f6tigte das Unternehmen ein System, das die Verf\u00fcgbarkeit von R\u00e4umen und Arbeitspl\u00e4tzen vollst\u00e4ndig erfasst und gleichzeitig eine zuverl\u00e4ssige Datenerfassung f\u00fcr k\u00fcnftige Optimierungen erm\u00f6glicht. \u00dcber <a href=\"https:\/\/www.cuesystem.com\/de\/fallstudien-2\/ragasa-mexiko\/\" class=\"more-link\">\u2026\u00a0<span class=\"screen-reader-text\">  Ragasa Mexiko<\/span><\/a><\/p>\n","protected":false},"author":11,"featured_media":0,"parent":30185,"menu_order":10,"comment_status":"closed","ping_status":"closed","template":"","meta":{"_acf_changed":false,"inline_featured_image":false,"footnotes":""},"kategorie":[],"class_list":["post-37355","page","type-page","status-publish","hentry"],"acf":[],"_links":{"self":[{"href":"https:\/\/www.cuesystem.com\/de\/wp-json\/wp\/v2\/pages\/37355","targetHints":{"allow":["GET"]}}],"collection":[{"href":"https:\/\/www.cuesystem.com\/de\/wp-json\/wp\/v2\/pages"}],"about":[{"href":"https:\/\/www.cuesystem.com\/de\/wp-json\/wp\/v2\/types\/page"}],"author":[{"embeddable":true,"href":"https:\/\/www.cuesystem.com\/de\/wp-json\/wp\/v2\/users\/11"}],"replies":[{"embeddable":true,"href":"https:\/\/www.cuesystem.com\/de\/wp-json\/wp\/v2\/comments?post=37355"}],"version-history":[{"count":3,"href":"https:\/\/www.cuesystem.com\/de\/wp-json\/wp\/v2\/pages\/37355\/revisions"}],"predecessor-version":[{"id":37359,"href":"https:\/\/www.cuesystem.com\/de\/wp-json\/wp\/v2\/pages\/37355\/revisions\/37359"}],"up":[{"embeddable":true,"href":"https:\/\/www.cuesystem.com\/de\/wp-json\/wp\/v2\/pages\/30185"}],"wp:attachment":[{"href":"https:\/\/www.cuesystem.com\/de\/wp-json\/wp\/v2\/media?parent=37355"}],"wp:term":[{"taxonomy":"kategorie","embeddable":true,"href":"https:\/\/www.cuesystem.com\/de\/wp-json\/wp\/v2\/kategorie?post=37355"}],"curies":[{"name":"wp","href":"https:\/\/api.w.org\/{rel}","templated":true}]}}