{"id":37442,"date":"2026-04-15T18:34:55","date_gmt":"2026-04-15T16:34:55","guid":{"rendered":"https:\/\/www.cuesystem.com\/was-ist-neu\/ki-kommt-zu-cue-visual-composer\/"},"modified":"2026-04-19T23:05:49","modified_gmt":"2026-04-19T21:05:49","slug":"ki-kommt-zu-cue-visual-composer","status":"publish","type":"page","link":"https:\/\/www.cuesystem.com\/de\/was-ist-neu\/ki-kommt-zu-cue-visual-composer\/","title":{"rendered":"KI kommt zu CUE Visual Composer"},"content":{"rendered":"\t\t<div data-elementor-type=\"wp-page\" data-elementor-id=\"37442\" class=\"elementor elementor-37442 elementor-37394\" data-elementor-post-type=\"page\">\n\t\t\t\t<div class=\"elementor-element elementor-element-b0c6de2 e-con-full e-flex e-con e-child\" data-id=\"b0c6de2\" data-element_type=\"container\" data-e-type=\"container\">\n\t\t\t\t<div class=\"elementor-element elementor-element-9d22a52 elementor-widget elementor-widget-heading\" data-id=\"9d22a52\" data-element_type=\"widget\" data-e-type=\"widget\" data-widget_type=\"heading.default\">\n\t\t\t\t<div class=\"elementor-widget-container\">\n\t\t\t\t\t<h3 class=\"elementor-heading-title elementor-size-default\">Neueste Updates<\/h3>\t\t\t\t<\/div>\n\t\t\t\t<\/div>\n\t\t\t\t<div class=\"elementor-element elementor-element-c3c733d elementor-widget elementor-widget-heading\" data-id=\"c3c733d\" data-element_type=\"widget\" data-e-type=\"widget\" data-widget_type=\"heading.default\">\n\t\t\t\t<div class=\"elementor-widget-container\">\n\t\t\t\t\t<h1 class=\"elementor-heading-title elementor-size-default\">KI kommt zu CUE Visual Composer<\/h1>\t\t\t\t<\/div>\n\t\t\t\t<\/div>\n\t\t\t\t<div class=\"elementor-element elementor-element-99baa76 elementor-widget elementor-widget-heading\" data-id=\"99baa76\" data-element_type=\"widget\" data-e-type=\"widget\" data-widget_type=\"heading.default\">\n\t\t\t\t<div class=\"elementor-widget-container\">\n\t\t\t\t\t<h3 class=\"elementor-heading-title elementor-size-default\"><i>Schreiben Sie besseren XPL2-Code. Schneller. Mit Zuversicht.  <\/i><\/h3>\t\t\t\t<\/div>\n\t\t\t\t<\/div>\n\t\t<div class=\"elementor-element elementor-element-5f80136 e-flex e-con-boxed e-con e-child\" data-id=\"5f80136\" data-element_type=\"container\" data-e-type=\"container\" data-settings=\"{&quot;background_background&quot;:&quot;classic&quot;}\">\n\t\t\t\t\t<div class=\"e-con-inner\">\n\t\t\t\t<div class=\"elementor-element elementor-element-f3df4c0 elementor-widget elementor-widget-text-editor\" data-id=\"f3df4c0\" data-element_type=\"widget\" data-e-type=\"widget\" data-widget_type=\"text-editor.default\">\n\t\t\t\t<div class=\"elementor-widget-container\">\n\t\t\t\t\t\t\t\t\t<p>Wir stellen den <strong>CVC Programming Assistant<\/strong> vor <strong>: ein KI-gest\u00fctztes Tool<\/strong>, das die Entwicklung vereinfacht, die Arbeitsabl\u00e4ufe beschleunigt und Ihnen hilft, schneller als je zuvor zuverl\u00e4ssige Ergebnisse zu liefern.<\/p><p>Egal, ob Sie ein erfahrener Integrator sind oder gerade erst anfangen, der Assistent unterst\u00fctzt Sie in allen wichtigen Bereichen des Entwicklungsprozesses, <strong>vom Schreiben des Codes bis hin zum Debuggen und Verstehen der Funktionsweise<\/strong>.<\/p>\t\t\t\t\t\t\t\t<\/div>\n\t\t\t\t<\/div>\n\t\t\t\t\t<\/div>\n\t\t\t\t<\/div>\n\t\t<div class=\"elementor-element elementor-element-532819b e-grid e-con-boxed e-con e-child\" data-id=\"532819b\" data-element_type=\"container\" data-e-type=\"container\">\n\t\t\t\t\t<div class=\"e-con-inner\">\n\t\t<div class=\"elementor-element elementor-element-408464c e-con-full e-flex e-con e-child\" data-id=\"408464c\" data-element_type=\"container\" data-e-type=\"container\">\n\t\t\t\t<div class=\"elementor-element elementor-element-26e3009 elementor-widget elementor-widget-text-editor\" data-id=\"26e3009\" data-element_type=\"widget\" data-e-type=\"widget\" data-widget_type=\"text-editor.default\">\n\t\t\t\t<div class=\"elementor-widget-container\">\n\t\t\t\t\t\t\t\t\t<h3>Was kann es tun?<\/h3>\n<ul>\n<li><strong>Generieren und \u00fcberpr\u00fcfen Sie XPL2-Code<\/strong> aus einfachen Beschreibungen<\/li>\n<li><strong>Erstellen Sie Ger\u00e4tetreiber<\/strong> f\u00fcr eine breite Palette von Protokollen<\/li>\n<li><strong>Unterst\u00fctzung von Netzwerken und Kommunikation<\/strong> (TCP, UDP, HTTP, WebSocket, MQTT)<\/li>\n<li><strong>Fehlersuche und Problembehebung<\/strong> mit gezielten Vorschl\u00e4gen<\/li>\n<li><strong>Sofortiger Zugriff auf CVC-Wissen<\/strong>, ohne sich durch die Dokumentation w\u00fchlen zu m\u00fcssen<\/li>\n<\/ul>\n<p>Anstatt stundenlanges Ausprobieren, die Suche nach Dokumentationen oder sich wiederholende Standardformulierungen zu betreiben, k\u00f6nnen Sie <strong>sich<\/strong> jetzt <strong>auf das Wesentliche konzentrieren: die Entwicklung funktionaler, zuverl\u00e4ssiger L\u00f6sungen<\/strong>.<\/p>\t\t\t\t\t\t\t\t<\/div>\n\t\t\t\t<\/div>\n\t\t\t\t<\/div>\n\t\t<div class=\"elementor-element elementor-element-f9452b4 e-con-full e-flex e-con e-child\" data-id=\"f9452b4\" data-element_type=\"container\" data-e-type=\"container\">\n\t\t\t\t<div class=\"elementor-element elementor-element-21fcbf9 elementor-widget elementor-widget-image\" data-id=\"21fcbf9\" data-element_type=\"widget\" data-e-type=\"widget\" data-widget_type=\"image.default\">\n\t\t\t\t<div class=\"elementor-widget-container\">\n\t\t\t\t\t\t\t\t\t\t\t\t\t\t\t<img fetchpriority=\"high\" decoding=\"async\" width=\"1024\" height=\"930\" src=\"https:\/\/www.cuesystem.com\/wp-content\/uploads\/2026\/04\/f12c985f-9193-4765-bf4a-6fd236a55c77-1024x930.webp\" class=\"attachment-large size-large wp-image-37399\" alt=\"\" srcset=\"https:\/\/www.cuesystem.com\/wp-content\/uploads\/2026\/04\/f12c985f-9193-4765-bf4a-6fd236a55c77-1024x930.webp 1024w, https:\/\/www.cuesystem.com\/wp-content\/uploads\/2026\/04\/f12c985f-9193-4765-bf4a-6fd236a55c77-300x272.webp 300w, https:\/\/www.cuesystem.com\/wp-content\/uploads\/2026\/04\/f12c985f-9193-4765-bf4a-6fd236a55c77.webp 1036w\" sizes=\"(max-width: 1024px) 100vw, 1024px\" \/>\t\t\t\t\t\t\t\t\t\t\t\t\t\t\t<\/div>\n\t\t\t\t<\/div>\n\t\t\t\t<\/div>\n\t\t\t\t\t<\/div>\n\t\t\t\t<\/div>\n\t\t\t\t<div class=\"elementor-element elementor-element-1b7bb97 elementor-widget-divider--view-line elementor-widget elementor-widget-divider\" data-id=\"1b7bb97\" data-element_type=\"widget\" data-e-type=\"widget\" data-widget_type=\"divider.default\">\n\t\t\t\t<div class=\"elementor-widget-container\">\n\t\t\t\t\t\t\t<div class=\"elementor-divider\">\n\t\t\t<span class=\"elementor-divider-separator\">\n\t\t\t\t\t\t<\/span>\n\t\t<\/div>\n\t\t\t\t\t\t<\/div>\n\t\t\t\t<\/div>\n\t\t<div class=\"elementor-element elementor-element-f004259 e-flex e-con-boxed e-con e-child\" data-id=\"f004259\" data-element_type=\"container\" data-e-type=\"container\">\n\t\t\t\t\t<div class=\"e-con-inner\">\n\t\t\t\t<div class=\"elementor-element elementor-element-e30318b elementor-widget elementor-widget-text-editor\" data-id=\"e30318b\" data-element_type=\"widget\" data-e-type=\"widget\" data-widget_type=\"text-editor.default\">\n\t\t\t\t<div class=\"elementor-widget-container\">\n\t\t\t\t\t\t\t\t\t<h3>Warum es wichtig ist<\/h3>\n<p>Der <strong>CVC-Programmierassistent kennt die realen Besonderheiten der CUE-Entwicklung<\/strong> (von Pufferbeschr\u00e4nkungen bis hin zu Syntax-Nuancen) und stellt sicher, dass Ihr Code nicht nur kompiliert wird, sondern auch auf der tats\u00e4chlichen Hardware zuverl\u00e4ssig funktioniert.<\/p>\n<p>Angetrieben von der <a href=\"https:\/\/ayeto.ai\/\"><strong>AYETO.ai Plattform<\/strong><\/a>bietet es einen flexiblen, geb\u00fchrenpflichtigen Zugang ohne Abonnements oder Verpflichtungen.<\/p>\n<h4><em>&#8222;H\u00f6ren Sie auf, Textbausteine zu schreiben. Fangen Sie an, L\u00f6sungen zu entwickeln.&#8220;<\/em><\/h4>\t\t\t\t\t\t\t\t<\/div>\n\t\t\t\t<\/div>\n\t\t\t\t<div class=\"elementor-element elementor-element-b82f1b5 elementor-widget-divider--view-line elementor-widget elementor-widget-divider\" data-id=\"b82f1b5\" data-element_type=\"widget\" data-e-type=\"widget\" data-widget_type=\"divider.default\">\n\t\t\t\t<div class=\"elementor-widget-container\">\n\t\t\t\t\t\t\t<div class=\"elementor-divider\">\n\t\t\t<span class=\"elementor-divider-separator\">\n\t\t\t\t\t\t<\/span>\n\t\t<\/div>\n\t\t\t\t\t\t<\/div>\n\t\t\t\t<\/div>\n\t\t\t\t<div class=\"elementor-element elementor-element-a18ab12 elementor-widget elementor-widget-text-editor\" data-id=\"a18ab12\" data-element_type=\"widget\" data-e-type=\"widget\" data-widget_type=\"text-editor.default\">\n\t\t\t\t<div class=\"elementor-widget-container\">\n\t\t\t\t\t\t\t\t\t<h3>Der Einstieg ist einfach<\/h3><p>Folgen Sie unserer Anleitung und aktivieren Sie AI in Ihrem CUE Visual Composer noch heute.<\/p>\t\t\t\t\t\t\t\t<\/div>\n\t\t\t\t<\/div>\n\t\t\t\t\t<\/div>\n\t\t\t\t<\/div>\n\t\t<div class=\"elementor-element elementor-element-3f3f7d6 e-flex e-con-boxed e-con e-child\" data-id=\"3f3f7d6\" data-element_type=\"container\" data-e-type=\"container\">\n\t\t\t\t\t<div class=\"e-con-inner\">\n\t\t\t\t<div class=\"elementor-element elementor-element-21ef56d elementor-align-center elementor-widget elementor-widget-button\" data-id=\"21ef56d\" data-element_type=\"widget\" data-e-type=\"widget\" data-widget_type=\"button.default\">\n\t\t\t\t<div class=\"elementor-widget-container\">\n\t\t\t\t\t\t\t\t\t<div class=\"elementor-button-wrapper\">\n\t\t\t\t\t<a class=\"elementor-button elementor-button-link elementor-size-sm\" href=\"https:\/\/docs.cuesystem.com\/space\/CVCAIG\" target=\"_blank\">\n\t\t\t\t\t\t<span class=\"elementor-button-content-wrapper\">\n\t\t\t\t\t\t\t\t\t<span class=\"elementor-button-text\">Schritt-f\u00fcr-Schritt-Anleitung<\/span>\n\t\t\t\t\t<\/span>\n\t\t\t\t\t<\/a>\n\t\t\t\t<\/div>\n\t\t\t\t\t\t\t\t<\/div>\n\t\t\t\t<\/div>\n\t\t\t\t\t<\/div>\n\t\t\t\t<\/div>\n\t\t\t\t<\/div>\n\t\t\t\t<\/div>\n\t\t","protected":false},"excerpt":{"rendered":"<p>Neueste Updates KI kommt zu CUE Visual Composer Schreiben Sie besseren XPL2-Code. Schneller. Mit Zuversicht. Wir stellen den CVC Programming Assistant vor : ein KI-gest\u00fctztes Tool, das die Entwicklung vereinfacht, die Arbeitsabl\u00e4ufe beschleunigt und Ihnen hilft, schneller als je zuvor zuverl\u00e4ssige Ergebnisse zu liefern. Egal, ob Sie ein erfahrener Integrator sind oder gerade erst anfangen, <a href=\"https:\/\/www.cuesystem.com\/de\/was-ist-neu\/ki-kommt-zu-cue-visual-composer\/\" class=\"more-link\">\u2026\u00a0<span class=\"screen-reader-text\">  KI kommt zu CUE Visual Composer<\/span><\/a><\/p>\n","protected":false},"author":11,"featured_media":0,"parent":31299,"menu_order":5,"comment_status":"closed","ping_status":"closed","template":"","meta":{"_acf_changed":false,"inline_featured_image":false,"footnotes":""},"kategorie":[],"class_list":["post-37442","page","type-page","status-publish","hentry"],"acf":[],"_links":{"self":[{"href":"https:\/\/www.cuesystem.com\/de\/wp-json\/wp\/v2\/pages\/37442","targetHints":{"allow":["GET"]}}],"collection":[{"href":"https:\/\/www.cuesystem.com\/de\/wp-json\/wp\/v2\/pages"}],"about":[{"href":"https:\/\/www.cuesystem.com\/de\/wp-json\/wp\/v2\/types\/page"}],"author":[{"embeddable":true,"href":"https:\/\/www.cuesystem.com\/de\/wp-json\/wp\/v2\/users\/11"}],"replies":[{"embeddable":true,"href":"https:\/\/www.cuesystem.com\/de\/wp-json\/wp\/v2\/comments?post=37442"}],"version-history":[{"count":4,"href":"https:\/\/www.cuesystem.com\/de\/wp-json\/wp\/v2\/pages\/37442\/revisions"}],"predecessor-version":[{"id":37452,"href":"https:\/\/www.cuesystem.com\/de\/wp-json\/wp\/v2\/pages\/37442\/revisions\/37452"}],"up":[{"embeddable":true,"href":"https:\/\/www.cuesystem.com\/de\/wp-json\/wp\/v2\/pages\/31299"}],"wp:attachment":[{"href":"https:\/\/www.cuesystem.com\/de\/wp-json\/wp\/v2\/media?parent=37442"}],"wp:term":[{"taxonomy":"kategorie","embeddable":true,"href":"https:\/\/www.cuesystem.com\/de\/wp-json\/wp\/v2\/kategorie?post=37442"}],"curies":[{"name":"wp","href":"https:\/\/api.w.org\/{rel}","templated":true}]}}