{"id":18757,"date":"2023-12-30T18:05:02","date_gmt":"2023-12-30T17:05:02","guid":{"rendered":"https:\/\/www.cuesystem.com\/beneficios-2\/"},"modified":"2024-01-03T14:46:35","modified_gmt":"2024-01-03T13:46:35","slug":"beneficios-2","status":"publish","type":"page","link":"https:\/\/www.cuesystem.com\/es\/controlar\/beneficios-2\/","title":{"rendered":"Beneficios"},"content":{"rendered":"\t\t<div data-elementor-type=\"wp-page\" data-elementor-id=\"18757\" class=\"elementor elementor-18757 elementor-18066\" data-elementor-post-type=\"page\">\n\t\t\t\t<div class=\"elementor-element elementor-element-859ae8e e-flex e-con-boxed e-con e-parent\" data-id=\"859ae8e\" data-element_type=\"container\" data-e-type=\"container\">\n\t\t\t\t\t<div class=\"e-con-inner\">\n\t\t\t\t<div class=\"elementor-element elementor-element-20c2bfc elementor-widget elementor-widget-heading\" data-id=\"20c2bfc\" data-element_type=\"widget\" data-e-type=\"widget\" data-widget_type=\"heading.default\">\n\t\t\t\t<div class=\"elementor-widget-container\">\n\t\t\t\t\t<h3 class=\"elementor-heading-title elementor-size-default\">Controlar<\/h3>\t\t\t\t<\/div>\n\t\t\t\t<\/div>\n\t\t\t\t<div class=\"elementor-element elementor-element-7899f9b elementor-widget elementor-widget-heading\" data-id=\"7899f9b\" data-element_type=\"widget\" data-e-type=\"widget\" data-widget_type=\"heading.default\">\n\t\t\t\t<div class=\"elementor-widget-container\">\n\t\t\t\t\t<h1 class=\"elementor-heading-title elementor-size-default\">Beneficios<\/h1>\t\t\t\t<\/div>\n\t\t\t\t<\/div>\n\t\t\t\t\t<\/div>\n\t\t\t\t<\/div>\n\t\t<div class=\"elementor-element elementor-element-80041b0 e-flex e-con-boxed e-con e-parent\" data-id=\"80041b0\" data-element_type=\"container\" data-e-type=\"container\">\n\t\t\t\t\t<div class=\"e-con-inner\">\n\t\t<div class=\"elementor-element elementor-element-f84aedc e-flex e-con-boxed e-con e-child\" data-id=\"f84aedc\" data-element_type=\"container\" data-e-type=\"container\">\n\t\t\t\t\t<div class=\"e-con-inner\">\n\t\t<div class=\"elementor-element elementor-element-d55e4d5 e-flex e-con-boxed e-con e-child\" data-id=\"d55e4d5\" data-element_type=\"container\" data-e-type=\"container\">\n\t\t\t\t\t<div class=\"e-con-inner\">\n\t\t\t\t<div class=\"elementor-element elementor-element-9683e37 elementor-widget elementor-widget-text-editor\" data-id=\"9683e37\" data-element_type=\"widget\" data-e-type=\"widget\" data-widget_type=\"text-editor.default\">\n\t\t\t\t<div class=\"elementor-widget-container\">\n\t\t\t\t\t\t\t\t\t<p>Los sistemas de control son <strong>cruciales en diversas industrias<\/strong> y aplicaciones, ya que ofrecen muchas ventajas, como una mayor eficacia, m\u00e1s seguridad, ahorro de costes y mejora de la calidad del producto, lo que los convierte en parte integrante de diversas industrias y aplicaciones.<\/p>\n\t\t\t\t\t\t\t\t<\/div>\n\t\t\t\t<\/div>\n\t\t\t\t\t<\/div>\n\t\t\t\t<\/div>\n\t\t\t\t\t<\/div>\n\t\t\t\t<\/div>\n\t\t\t\t\t<\/div>\n\t\t\t\t<\/div>\n\t\t<div class=\"elementor-element elementor-element-68d58df e-flex e-con-boxed e-con e-parent\" data-id=\"68d58df\" data-element_type=\"container\" data-e-type=\"container\">\n\t\t\t\t\t<div class=\"e-con-inner\">\n\t\t<div class=\"elementor-element elementor-element-be6f32c e-flex e-con-boxed e-con e-child\" data-id=\"be6f32c\" data-element_type=\"container\" data-e-type=\"container\">\n\t\t\t\t\t<div class=\"e-con-inner\">\n\t\t\t\t<div class=\"elementor-element elementor-element-36456fc elementor-widget elementor-widget-heading\" data-id=\"36456fc\" data-element_type=\"widget\" data-e-type=\"widget\" data-widget_type=\"heading.default\">\n\t\t\t\t<div class=\"elementor-widget-container\">\n\t\t\t\t\t<h3 class=\"elementor-heading-title elementor-size-default\">Automatizaci\u00f3n y eficacia<\/h3>\t\t\t\t<\/div>\n\t\t\t\t<\/div>\n\t\t\t\t<div class=\"elementor-element elementor-element-18f75f2 elementor-widget elementor-widget-text-editor\" data-id=\"18f75f2\" data-element_type=\"widget\" data-e-type=\"widget\" data-widget_type=\"text-editor.default\">\n\t\t\t\t<div class=\"elementor-widget-container\">\n\t\t\t\t\t\t\t\t\t<p>Los sistemas de control<strong> automatizan los procesos<\/strong>, reducen la necesidad de intervenci\u00f3n manual y agilizan las operaciones. La automatizaci\u00f3n garantiza que los procesos se ejecuten de forma coherente, minimizando los errores y las variaciones en los resultados.<\/p>\n\t\t\t\t\t\t\t\t<\/div>\n\t\t\t\t<\/div>\n\t\t\t\t\t<\/div>\n\t\t\t\t<\/div>\n\t\t<div class=\"elementor-element elementor-element-5aa6bf0 e-flex e-con-boxed e-con e-child\" data-id=\"5aa6bf0\" data-element_type=\"container\" data-e-type=\"container\">\n\t\t\t\t\t<div class=\"e-con-inner\">\n\t\t\t\t<div class=\"elementor-element elementor-element-6c0c995 elementor-widget elementor-widget-heading\" data-id=\"6c0c995\" data-element_type=\"widget\" data-e-type=\"widget\" data-widget_type=\"heading.default\">\n\t\t\t\t<div class=\"elementor-widget-container\">\n\t\t\t\t\t<h3 class=\"elementor-heading-title elementor-size-default\">Precisi\u00f3n y exactitud<\/h3>\t\t\t\t<\/div>\n\t\t\t\t<\/div>\n\t\t\t\t<div class=\"elementor-element elementor-element-d47a37c elementor-widget elementor-widget-text-editor\" data-id=\"d47a37c\" data-element_type=\"widget\" data-e-type=\"widget\" data-widget_type=\"text-editor.default\">\n\t\t\t\t<div class=\"elementor-widget-container\">\n\t\t\t\t\t\t\t\t\t<p>Los sistemas de control pueden<strong> regular<\/strong> con precisi\u00f3n<strong> diversos par\u00e1metros<\/strong>, lo que permite obtener resultados precisos y uniformes. Al minimizar las variaciones en los procesos, los sistemas de control mejoran la calidad y fiabilidad de los productos y servicios.<\/p>\n\t\t\t\t\t\t\t\t<\/div>\n\t\t\t\t<\/div>\n\t\t\t\t\t<\/div>\n\t\t\t\t<\/div>\n\t\t<div class=\"elementor-element elementor-element-f6ced34 e-flex e-con-boxed e-con e-child\" data-id=\"f6ced34\" data-element_type=\"container\" data-e-type=\"container\">\n\t\t\t\t\t<div class=\"e-con-inner\">\n\t\t\t\t<div class=\"elementor-element elementor-element-855e2de elementor-widget elementor-widget-heading\" data-id=\"855e2de\" data-element_type=\"widget\" data-e-type=\"widget\" data-widget_type=\"heading.default\">\n\t\t\t\t<div class=\"elementor-widget-container\">\n\t\t\t\t\t<h3 class=\"elementor-heading-title elementor-size-default\">Mayor seguridad<\/h3>\t\t\t\t<\/div>\n\t\t\t\t<\/div>\n\t\t\t\t<div class=\"elementor-element elementor-element-d60e1b4 elementor-widget elementor-widget-text-editor\" data-id=\"d60e1b4\" data-element_type=\"widget\" data-e-type=\"widget\" data-widget_type=\"text-editor.default\">\n\t\t\t\t<div class=\"elementor-widget-container\">\n\t\t\t\t\t\t\t\t\t<p>Los sistemas de control pueden incluir funciones de seguridad, como procedimientos de parada de emergencia, que ayudan a <strong>prevenir accidentes<\/strong> o a mitigar su impacto. La supervisi\u00f3n continua permite detectar a tiempo anomal\u00edas o fallos de funcionamiento, activar alarmas y prevenir peligros potenciales.<\/p>\n\t\t\t\t\t\t\t\t<\/div>\n\t\t\t\t<\/div>\n\t\t\t\t\t<\/div>\n\t\t\t\t<\/div>\n\t\t<div class=\"elementor-element elementor-element-ec2b1d6 e-flex e-con-boxed e-con e-child\" data-id=\"ec2b1d6\" data-element_type=\"container\" data-e-type=\"container\">\n\t\t\t\t\t<div class=\"e-con-inner\">\n\t\t\t\t<div class=\"elementor-element elementor-element-a1c83d8 elementor-widget elementor-widget-heading\" data-id=\"a1c83d8\" data-element_type=\"widget\" data-e-type=\"widget\" data-widget_type=\"heading.default\">\n\t\t\t\t<div class=\"elementor-widget-container\">\n\t\t\t\t\t<h3 class=\"elementor-heading-title elementor-size-default\">Ahorro de costes<\/h3>\t\t\t\t<\/div>\n\t\t\t\t<\/div>\n\t\t\t\t<div class=\"elementor-element elementor-element-a54c37d elementor-widget elementor-widget-text-editor\" data-id=\"a54c37d\" data-element_type=\"widget\" data-e-type=\"widget\" data-widget_type=\"text-editor.default\">\n\t\t\t\t<div class=\"elementor-widget-container\">\n\t\t\t\t\t\t\t\t\t<p>Los sistemas de control pueden <strong>optimizar el uso de la<\/strong> energ\u00eda, lo que supone un ahorro en t\u00e9rminos de reducci\u00f3n del consumo energ\u00e9tico. Un control eficaz de los procesos ayuda a minimizar los residuos, lo que se traduce en una reducci\u00f3n de costes en materias primas y recursos.<\/p>\n\t\t\t\t\t\t\t\t<\/div>\n\t\t\t\t<\/div>\n\t\t\t\t\t<\/div>\n\t\t\t\t<\/div>\n\t\t<div class=\"elementor-element elementor-element-1da0ff5 e-flex e-con-boxed e-con e-child\" data-id=\"1da0ff5\" data-element_type=\"container\" data-e-type=\"container\">\n\t\t\t\t\t<div class=\"e-con-inner\">\n\t\t\t\t<div class=\"elementor-element elementor-element-8c82330 elementor-widget elementor-widget-heading\" data-id=\"8c82330\" data-element_type=\"widget\" data-e-type=\"widget\" data-widget_type=\"heading.default\">\n\t\t\t\t<div class=\"elementor-widget-container\">\n\t\t\t\t\t<h3 class=\"elementor-heading-title elementor-size-default\">Flexibilidad y adaptabilidad<\/h3>\t\t\t\t<\/div>\n\t\t\t\t<\/div>\n\t\t\t\t<div class=\"elementor-element elementor-element-bdf9a25 elementor-widget elementor-widget-text-editor\" data-id=\"bdf9a25\" data-element_type=\"widget\" data-e-type=\"widget\" data-widget_type=\"text-editor.default\">\n\t\t\t\t<div class=\"elementor-widget-container\">\n\t\t\t\t\t\t\t\t\t<p>Los sistemas de control pueden adaptarse a las condiciones cambiantes <strong>ajustando los par\u00e1metros en<\/strong> tiempo real, lo que garantiza un rendimiento \u00f3ptimo en diversos entornos operativos. La supervisi\u00f3n continua permite identificar oportunidades de mejora y optimizaci\u00f3n de los procesos.<\/p>\n\t\t\t\t\t\t\t\t<\/div>\n\t\t\t\t<\/div>\n\t\t\t\t\t<\/div>\n\t\t\t\t<\/div>\n\t\t<div class=\"elementor-element elementor-element-945f189 e-flex e-con-boxed e-con e-child\" data-id=\"945f189\" data-element_type=\"container\" data-e-type=\"container\">\n\t\t\t\t\t<div class=\"e-con-inner\">\n\t\t\t\t<div class=\"elementor-element elementor-element-8919ada elementor-widget elementor-widget-heading\" data-id=\"8919ada\" data-element_type=\"widget\" data-e-type=\"widget\" data-widget_type=\"heading.default\">\n\t\t\t\t<div class=\"elementor-widget-container\">\n\t\t\t\t\t<h3 class=\"elementor-heading-title elementor-size-default\">Seguimiento y control a distancia<\/h3>\t\t\t\t<\/div>\n\t\t\t\t<\/div>\n\t\t\t\t<div class=\"elementor-element elementor-element-d111539 elementor-widget elementor-widget-text-editor\" data-id=\"d111539\" data-element_type=\"widget\" data-e-type=\"widget\" data-widget_type=\"text-editor.default\">\n\t\t\t\t<div class=\"elementor-widget-container\">\n\t\t\t\t\t\t\t\t\t<p>Muchos sistemas de control modernos permiten la supervisi\u00f3n y el control a distancia, lo que permite a los operarios <strong>gestionar los procesos a distancia<\/strong>. El acceso remoto facilita una respuesta r\u00e1pida a los problemas, minimizando el tiempo de inactividad y mejorando la fiabilidad del sistema.<\/p>\n\t\t\t\t\t\t\t\t<\/div>\n\t\t\t\t<\/div>\n\t\t\t\t\t<\/div>\n\t\t\t\t<\/div>\n\t\t<div class=\"elementor-element elementor-element-ee51cd7 e-flex e-con-boxed e-con e-child\" data-id=\"ee51cd7\" data-element_type=\"container\" data-e-type=\"container\">\n\t\t\t\t\t<div class=\"e-con-inner\">\n\t\t\t\t<div class=\"elementor-element elementor-element-2f03c68 elementor-widget elementor-widget-heading\" data-id=\"2f03c68\" data-element_type=\"widget\" data-e-type=\"widget\" data-widget_type=\"heading.default\">\n\t\t\t\t<div class=\"elementor-widget-container\">\n\t\t\t\t\t<h3 class=\"elementor-heading-title elementor-size-default\">Cumplimiento de la normativa<\/h3>\t\t\t\t<\/div>\n\t\t\t\t<\/div>\n\t\t\t\t<div class=\"elementor-element elementor-element-8da8ce9 elementor-widget elementor-widget-text-editor\" data-id=\"8da8ce9\" data-element_type=\"widget\" data-e-type=\"widget\" data-widget_type=\"text-editor.default\">\n\t\t\t\t<div class=\"elementor-widget-container\">\n\t\t\t\t\t\t\t\t\t<p>Los sistemas de control pueden generar informes y documentaci\u00f3n automatizados que ayudan a cumplir las normas y reglamentos del sector. El registro y almacenamiento de datos de los sistemas de control ayudan en las<strong> auditor\u00edas e inspecciones reglamentarias<\/strong>.<\/p>\n\t\t\t\t\t\t\t\t<\/div>\n\t\t\t\t<\/div>\n\t\t\t\t\t<\/div>\n\t\t\t\t<\/div>\n\t\t<div class=\"elementor-element elementor-element-5aaabfa e-flex e-con-boxed e-con e-child\" data-id=\"5aaabfa\" data-element_type=\"container\" data-e-type=\"container\">\n\t\t\t\t\t<div class=\"e-con-inner\">\n\t\t\t\t<div class=\"elementor-element elementor-element-7390185 elementor-widget elementor-widget-heading\" data-id=\"7390185\" data-element_type=\"widget\" data-e-type=\"widget\" data-widget_type=\"heading.default\">\n\t\t\t\t<div class=\"elementor-widget-container\">\n\t\t\t\t\t<h3 class=\"elementor-heading-title elementor-size-default\">Mantenimiento predictivo<\/h3>\t\t\t\t<\/div>\n\t\t\t\t<\/div>\n\t\t\t\t<div class=\"elementor-element elementor-element-0645525 elementor-widget elementor-widget-text-editor\" data-id=\"0645525\" data-element_type=\"widget\" data-e-type=\"widget\" data-widget_type=\"text-editor.default\">\n\t\t\t\t<div class=\"elementor-widget-container\">\n\t\t\t\t\t\t\t\t\t<p>Los sistemas de control pueden <strong>incorporar sensores y dispositivos de supervisi\u00f3n<\/strong> para evaluar el estado de los equipos, lo que permite realizar un mantenimiento predictivo y reducir los tiempos de inactividad imprevistos.<\/p>\n\t\t\t\t\t\t\t\t<\/div>\n\t\t\t\t<\/div>\n\t\t\t\t\t<\/div>\n\t\t\t\t<\/div>\n\t\t<div class=\"elementor-element elementor-element-46b695f e-flex e-con-boxed e-con e-child\" data-id=\"46b695f\" data-element_type=\"container\" data-e-type=\"container\">\n\t\t\t\t\t<div class=\"e-con-inner\">\n\t\t\t\t<div class=\"elementor-element elementor-element-e90e022 elementor-widget elementor-widget-heading\" data-id=\"e90e022\" data-element_type=\"widget\" data-e-type=\"widget\" data-widget_type=\"heading.default\">\n\t\t\t\t<div class=\"elementor-widget-container\">\n\t\t\t\t\t<h3 class=\"elementor-heading-title elementor-size-default\">Escalabilidad<\/h3>\t\t\t\t<\/div>\n\t\t\t\t<\/div>\n\t\t\t\t<div class=\"elementor-element elementor-element-9f3c7e6 elementor-widget elementor-widget-text-editor\" data-id=\"9f3c7e6\" data-element_type=\"widget\" data-e-type=\"widget\" data-widget_type=\"text-editor.default\">\n\t\t\t\t<div class=\"elementor-widget-container\">\n\t\t\t\t\t\t\t\t\t<p>A menudo, los sistemas de control pueden ampliarse o reducirse para <strong>adaptarse a cambios<\/strong> en la complejidad del sistema.<\/p>\n\t\t\t\t\t\t\t\t<\/div>\n\t\t\t\t<\/div>\n\t\t\t\t\t<\/div>\n\t\t\t\t<\/div>\n\t\t\t\t\t<\/div>\n\t\t\t\t<\/div>\n\t\t\t\t<\/div>\n\t\t","protected":false},"excerpt":{"rendered":"<p>Controlar Beneficios Los sistemas de control son cruciales en diversas industrias y aplicaciones, ya que ofrecen muchas ventajas, como una mayor eficacia, m\u00e1s seguridad, ahorro de costes y mejora de la calidad del producto, lo que los convierte en parte integrante de diversas industrias y aplicaciones. Automatizaci\u00f3n y eficacia Los sistemas de control automatizan los <a href=\"https:\/\/www.cuesystem.com\/es\/controlar\/beneficios-2\/\" class=\"more-link\">&#8230;<span class=\"screen-reader-text\">  Beneficios<\/span><\/a><\/p>\n","protected":false},"author":3,"featured_media":0,"parent":19450,"menu_order":423,"comment_status":"closed","ping_status":"closed","template":"","meta":{"_acf_changed":false,"inline_featured_image":false,"footnotes":""},"kategorie":[],"class_list":["post-18757","page","type-page","status-publish","hentry"],"acf":[],"_links":{"self":[{"href":"https:\/\/www.cuesystem.com\/es\/wp-json\/wp\/v2\/pages\/18757","targetHints":{"allow":["GET"]}}],"collection":[{"href":"https:\/\/www.cuesystem.com\/es\/wp-json\/wp\/v2\/pages"}],"about":[{"href":"https:\/\/www.cuesystem.com\/es\/wp-json\/wp\/v2\/types\/page"}],"author":[{"embeddable":true,"href":"https:\/\/www.cuesystem.com\/es\/wp-json\/wp\/v2\/users\/3"}],"replies":[{"embeddable":true,"href":"https:\/\/www.cuesystem.com\/es\/wp-json\/wp\/v2\/comments?post=18757"}],"version-history":[{"count":1,"href":"https:\/\/www.cuesystem.com\/es\/wp-json\/wp\/v2\/pages\/18757\/revisions"}],"predecessor-version":[{"id":18758,"href":"https:\/\/www.cuesystem.com\/es\/wp-json\/wp\/v2\/pages\/18757\/revisions\/18758"}],"up":[{"embeddable":true,"href":"https:\/\/www.cuesystem.com\/es\/wp-json\/wp\/v2\/pages\/19450"}],"wp:attachment":[{"href":"https:\/\/www.cuesystem.com\/es\/wp-json\/wp\/v2\/media?parent=18757"}],"wp:term":[{"taxonomy":"kategorie","embeddable":true,"href":"https:\/\/www.cuesystem.com\/es\/wp-json\/wp\/v2\/kategorie?post=18757"}],"curies":[{"name":"wp","href":"https:\/\/api.w.org\/{rel}","templated":true}]}}