{"id":18760,"date":"2023-12-03T14:32:00","date_gmt":"2023-12-03T13:32:00","guid":{"rendered":"https:\/\/www.cuesystem.com\/venta-al-por-menor\/"},"modified":"2024-01-14T19:51:40","modified_gmt":"2024-01-14T18:51:40","slug":"venta-al-por-menor","status":"publish","type":"page","link":"https:\/\/www.cuesystem.com\/es\/mercados\/venta-al-por-menor\/","title":{"rendered":"Venta al por menor"},"content":{"rendered":"\t\t<div data-elementor-type=\"wp-page\" data-elementor-id=\"18760\" class=\"elementor elementor-18760 elementor-5613\" data-elementor-post-type=\"page\">\n\t\t\t\t<div class=\"elementor-element elementor-element-f8f520b e-flex e-con-boxed e-con e-parent\" data-id=\"f8f520b\" data-element_type=\"container\" data-e-type=\"container\">\n\t\t\t\t\t<div class=\"e-con-inner\">\n\t\t\t\t<div class=\"elementor-element elementor-element-4eaae53 elementor-widget elementor-widget-heading\" data-id=\"4eaae53\" data-element_type=\"widget\" data-e-type=\"widget\" data-widget_type=\"heading.default\">\n\t\t\t\t<div class=\"elementor-widget-container\">\n\t\t\t\t\t<h3 class=\"elementor-heading-title elementor-size-default\">Le facilitamos la vida en<\/h3>\t\t\t\t<\/div>\n\t\t\t\t<\/div>\n\t\t\t\t<div class=\"elementor-element elementor-element-6338dd2 elementor-widget elementor-widget-heading\" data-id=\"6338dd2\" data-element_type=\"widget\" data-e-type=\"widget\" data-widget_type=\"heading.default\">\n\t\t\t\t<div class=\"elementor-widget-container\">\n\t\t\t\t\t<h1 class=\"elementor-heading-title elementor-size-default\">Venta al por menor<\/h1>\t\t\t\t<\/div>\n\t\t\t\t<\/div>\n\t\t\t\t\t<\/div>\n\t\t\t\t<\/div>\n\t\t<div class=\"elementor-element elementor-element-3b65534 e-flex e-con-boxed e-con e-parent\" data-id=\"3b65534\" data-element_type=\"container\" data-e-type=\"container\" data-settings=\"{&quot;background_background&quot;:&quot;classic&quot;}\">\n\t\t\t\t\t<div class=\"e-con-inner\">\n\t\t\t\t\t<\/div>\n\t\t\t\t<\/div>\n\t\t<div class=\"elementor-element elementor-element-de5480e e-grid e-con-boxed e-con e-parent\" data-id=\"de5480e\" data-element_type=\"container\" data-e-type=\"container\" data-settings=\"{&quot;background_background&quot;:&quot;classic&quot;}\">\n\t\t\t\t\t<div class=\"e-con-inner\">\n\t\t\t\t<div class=\"elementor-element elementor-element-ea8cb5b elementor-widget elementor-widget-heading\" data-id=\"ea8cb5b\" data-element_type=\"widget\" data-e-type=\"widget\" data-widget_type=\"heading.default\">\n\t\t\t\t<div class=\"elementor-widget-container\">\n\t\t\t\t\t<h3 class=\"elementor-heading-title elementor-size-default\">Centros comerciales<\/h3>\t\t\t\t<\/div>\n\t\t\t\t<\/div>\n\t\t\t\t<div class=\"elementor-element elementor-element-6acf2eb elementor-widget elementor-widget-heading\" data-id=\"6acf2eb\" data-element_type=\"widget\" data-e-type=\"widget\" data-widget_type=\"heading.default\">\n\t\t\t\t<div class=\"elementor-widget-container\">\n\t\t\t\t\t<h3 class=\"elementor-heading-title elementor-size-default\">Galer\u00edas comerciales<\/h3>\t\t\t\t<\/div>\n\t\t\t\t<\/div>\n\t\t\t\t<div class=\"elementor-element elementor-element-1bec153 elementor-widget elementor-widget-heading\" data-id=\"1bec153\" data-element_type=\"widget\" data-e-type=\"widget\" data-widget_type=\"heading.default\">\n\t\t\t\t<div class=\"elementor-widget-container\">\n\t\t\t\t\t<h3 class=\"elementor-heading-title elementor-size-default\">Centros de negocios<\/h3>\t\t\t\t<\/div>\n\t\t\t\t<\/div>\n\t\t\t\t\t<\/div>\n\t\t\t\t<\/div>\n\t\t<div class=\"elementor-element elementor-element-128d959 e-flex e-con-boxed e-con e-parent\" data-id=\"128d959\" data-element_type=\"container\" data-e-type=\"container\">\n\t\t\t\t\t<div class=\"e-con-inner\">\n\t\t<div class=\"elementor-element elementor-element-47720d3 e-flex e-con-boxed e-con e-child\" data-id=\"47720d3\" data-element_type=\"container\" data-e-type=\"container\">\n\t\t\t\t\t<div class=\"e-con-inner\">\n\t\t\t\t<div class=\"elementor-element elementor-element-7fac456 elementor-widget__width-initial elementor-widget elementor-widget-text-editor\" data-id=\"7fac456\" data-element_type=\"widget\" data-e-type=\"widget\" data-widget_type=\"text-editor.default\">\n\t\t\t\t<div class=\"elementor-widget-container\">\n\t\t\t\t\t\t\t\t\t<p><b>Mejore <\/b>la <b>experiencia de compra<\/b> en centros comerciales, galer\u00edas comerciales y centros de negocios con nuestras <b>soluciones<\/b><b> intuitivas<\/b> <b>de<\/b><b> navegaci\u00f3n<\/b> y <b>quioscos<\/b>. Los visitantes pueden desplazarse <b>sin esfuerzo<\/b> por el centro comercial gracias a nuestra <b>navegaci\u00f3n interior de f\u00e1cil uso<\/b>. El <b>quiosco <\/b>muestra <b>planos<\/b> y <b>direcciones<\/b>, y un <b>c\u00f3digo QR abre<\/b> una <b>aplicaci\u00f3n de navegaci\u00f3n m\u00f3vil multiling\u00fce<\/b> que ayuda a encontrar <b>destinos espec\u00edficos<\/b>. La informaci\u00f3n sobre <b>disponibilidad de tiendas<\/b>, <b>horarios de apertura<\/b> y <b>tiempo restante<\/b>, codificada por colores, ayuda a planificar las rutas de compra. El quiosco puede <b>mostrar <\/b> <b>publicidad <\/b>durante los periodos inactivos.<\/p>\n\t\t\t\t\t\t\t\t<\/div>\n\t\t\t\t<\/div>\n\t\t\t\t<div class=\"elementor-element elementor-element-1995952 elementor-widget__width-initial elementor-widget elementor-widget-text-editor\" data-id=\"1995952\" data-element_type=\"widget\" data-e-type=\"widget\" data-widget_type=\"text-editor.default\">\n\t\t\t\t<div class=\"elementor-widget-container\">\n\t\t\t\t\t\t\t\t\t<p>Los visitantes disfrutan de una <b>navegaci\u00f3n fluida <\/b>sin necesidad de instalar aplicaciones ni introducir datos de acceso. El sistema es <b>personalizable<\/b>, lo que permite <b>adaptar la informaci\u00f3n<\/b> a cada lugar. Los responsables de TI y de las instalaciones tienen<b> el control total<\/b>, lo que garantiza <b>flexibilidad <\/b>y <b>una gesti\u00f3n rentable<\/b>. Ya sea implantado como <b>soluci\u00f3n SaaS basada en la nube <\/b>o <b>en las instalaciones<\/b>, nuestro <b>sistema se adapta a sus necesidades<\/b>, proporcionando un <b>entorno<\/b> <b>din\u00e1mico <\/b>y <b>atractivo<\/b> para los visitantes.<\/p>\n\t\t\t\t\t\t\t\t<\/div>\n\t\t\t\t<\/div>\n\t\t\t\t\t<\/div>\n\t\t\t\t<\/div>\n\t\t\t\t\t<\/div>\n\t\t\t\t<\/div>\n\t\t<div class=\"elementor-element elementor-element-91d37d8 e-flex e-con-boxed e-con e-parent\" data-id=\"91d37d8\" data-element_type=\"container\" data-e-type=\"container\">\n\t\t\t\t\t<div class=\"e-con-inner\">\n\t\t<div class=\"elementor-element elementor-element-d1ef3ed e-con-full e-flex e-con e-child\" data-id=\"d1ef3ed\" data-element_type=\"container\" data-e-type=\"container\">\n\t\t\t\t<div class=\"elementor-element elementor-element-83b2250 elementor-widget elementor-widget-image\" data-id=\"83b2250\" data-element_type=\"widget\" data-e-type=\"widget\" data-widget_type=\"image.default\">\n\t\t\t\t<div class=\"elementor-widget-container\">\n\t\t\t\t\t\t\t\t\t\t\t\t\t\t\t<img fetchpriority=\"high\" decoding=\"async\" width=\"1024\" height=\"683\" src=\"https:\/\/www.cuesystem.com\/wp-content\/uploads\/2024\/01\/retail_navigation-1024x683.webp\" class=\"attachment-large size-large wp-image-20234\" alt=\"\" srcset=\"https:\/\/www.cuesystem.com\/wp-content\/uploads\/2024\/01\/retail_navigation-1024x683.webp 1024w, https:\/\/www.cuesystem.com\/wp-content\/uploads\/2024\/01\/retail_navigation-300x200.webp 300w\" sizes=\"(max-width: 1024px) 100vw, 1024px\" \/>\t\t\t\t\t\t\t\t\t\t\t\t\t\t\t<\/div>\n\t\t\t\t<\/div>\n\t\t\t\t<\/div>\n\t\t<div class=\"elementor-element elementor-element-99f3ffb e-con-full e-flex e-con e-child\" data-id=\"99f3ffb\" data-element_type=\"container\" data-e-type=\"container\">\n\t\t\t\t<div class=\"elementor-element elementor-element-60e9bbc elementor-widget elementor-widget-heading\" data-id=\"60e9bbc\" data-element_type=\"widget\" data-e-type=\"widget\" data-widget_type=\"heading.default\">\n\t\t\t\t<div class=\"elementor-widget-container\">\n\t\t\t\t\t<h2 class=\"elementor-heading-title elementor-size-default\">Navegaci\u00f3n<\/h2>\t\t\t\t<\/div>\n\t\t\t\t<\/div>\n\t\t\t\t<div class=\"elementor-element elementor-element-6d4dd61 elementor-widget elementor-widget-text-editor\" data-id=\"6d4dd61\" data-element_type=\"widget\" data-e-type=\"widget\" data-widget_type=\"text-editor.default\">\n\t\t\t\t<div class=\"elementor-widget-container\">\n\t\t\t\t\t\t\t\t\t<p>A su llegada, nuestro sistema de navegaci\u00f3n <b>gu\u00eda a los visitantes sin problemas<\/b> desde el aparcamiento hasta el <b>destino deseado<\/b>. Basta con <b>escanear el c\u00f3digo QR m\u00e1s cercano<\/b>, elegir un destino y recibir <b>indicaciones<\/b> claras <b>paso a paso<\/b>.<\/p>\n\t\t\t\t\t\t\t\t<\/div>\n\t\t\t\t<\/div>\n\t\t\t\t<div class=\"elementor-element elementor-element-6befaf5 elementor-align-left elementor-widget elementor-widget-button\" data-id=\"6befaf5\" data-element_type=\"widget\" data-e-type=\"widget\" data-widget_type=\"button.default\">\n\t\t\t\t<div class=\"elementor-widget-container\">\n\t\t\t\t\t\t\t\t\t<div class=\"elementor-button-wrapper\">\n\t\t\t\t\t<a class=\"elementor-button elementor-button-link elementor-size-sm\" href=\"https:\/\/www.cuesystem.com\/es\/navegue-por\/\" target=\"_blank\">\n\t\t\t\t\t\t<span class=\"elementor-button-content-wrapper\">\n\t\t\t\t\t\t\t\t\t<span class=\"elementor-button-text\">Explorar NAVEGAR<\/span>\n\t\t\t\t\t<\/span>\n\t\t\t\t\t<\/a>\n\t\t\t\t<\/div>\n\t\t\t\t\t\t\t\t<\/div>\n\t\t\t\t<\/div>\n\t\t\t\t<\/div>\n\t\t\t\t\t<\/div>\n\t\t\t\t<\/div>\n\t\t<div class=\"elementor-element elementor-element-81e34f5 e-flex e-con-boxed e-con e-parent\" data-id=\"81e34f5\" data-element_type=\"container\" data-e-type=\"container\">\n\t\t\t\t\t<div class=\"e-con-inner\">\n\t\t<div class=\"elementor-element elementor-element-2ce7e62 e-con-full e-flex e-con e-child\" data-id=\"2ce7e62\" data-element_type=\"container\" data-e-type=\"container\">\n\t\t\t\t<div class=\"elementor-element elementor-element-7dad4ba elementor-widget elementor-widget-image\" data-id=\"7dad4ba\" data-element_type=\"widget\" data-e-type=\"widget\" data-widget_type=\"image.default\">\n\t\t\t\t<div class=\"elementor-widget-container\">\n\t\t\t\t\t\t\t\t\t\t\t\t\t\t\t<img decoding=\"async\" width=\"1024\" height=\"678\" src=\"https:\/\/www.cuesystem.com\/wp-content\/uploads\/2024\/01\/retail_technical_infra_2-1024x678.webp\" class=\"attachment-large size-large wp-image-20252\" alt=\"\" srcset=\"https:\/\/www.cuesystem.com\/wp-content\/uploads\/2024\/01\/retail_technical_infra_2-1024x678.webp 1024w, https:\/\/www.cuesystem.com\/wp-content\/uploads\/2024\/01\/retail_technical_infra_2-300x199.webp 300w, https:\/\/www.cuesystem.com\/wp-content\/uploads\/2024\/01\/retail_technical_infra_2.webp 1920w\" sizes=\"(max-width: 1024px) 100vw, 1024px\" \/>\t\t\t\t\t\t\t\t\t\t\t\t\t\t\t<\/div>\n\t\t\t\t<\/div>\n\t\t\t\t<\/div>\n\t\t<div class=\"elementor-element elementor-element-ed566f7 e-con-full e-flex e-con e-child\" data-id=\"ed566f7\" data-element_type=\"container\" data-e-type=\"container\">\n\t\t\t\t<div class=\"elementor-element elementor-element-d356d88 elementor-widget elementor-widget-heading\" data-id=\"d356d88\" data-element_type=\"widget\" data-e-type=\"widget\" data-widget_type=\"heading.default\">\n\t\t\t\t<div class=\"elementor-widget-container\">\n\t\t\t\t\t<h2 class=\"elementor-heading-title elementor-size-default\">Infraestructura t\u00e9cnica<\/h2>\t\t\t\t<\/div>\n\t\t\t\t<\/div>\n\t\t\t\t<div class=\"elementor-element elementor-element-86e49f7 elementor-widget elementor-widget-text-editor\" data-id=\"86e49f7\" data-element_type=\"widget\" data-e-type=\"widget\" data-widget_type=\"text-editor.default\">\n\t\t\t\t<div class=\"elementor-widget-container\">\n\t\t\t\t\t\t\t\t\t<p>El <b>control centralizado<\/b> de los modos de encendido y apagado de todos los <b>paneles de visualizaci\u00f3n<\/b>, <b>quioscos de navegaci\u00f3n<\/b> e iluminaci\u00f3n de todo el centro comercial garantiza una gesti\u00f3n eficaz y crea un entorno sincronizado y sin fisuras para mejorar la experiencia de compra.<\/p>\n\t\t\t\t\t\t\t\t<\/div>\n\t\t\t\t<\/div>\n\t\t\t\t<div class=\"elementor-element elementor-element-0f99673 elementor-align-left elementor-widget elementor-widget-button\" data-id=\"0f99673\" data-element_type=\"widget\" data-e-type=\"widget\" data-widget_type=\"button.default\">\n\t\t\t\t<div class=\"elementor-widget-container\">\n\t\t\t\t\t\t\t\t\t<div class=\"elementor-button-wrapper\">\n\t\t\t\t\t<a class=\"elementor-button elementor-button-link elementor-size-sm\" href=\"https:\/\/www.cuesystem.com\/es\/controlar\/\" target=\"_blank\">\n\t\t\t\t\t\t<span class=\"elementor-button-content-wrapper\">\n\t\t\t\t\t\t\t\t\t<span class=\"elementor-button-text\">Explorar CONTROL<\/span>\n\t\t\t\t\t<\/span>\n\t\t\t\t\t<\/a>\n\t\t\t\t<\/div>\n\t\t\t\t\t\t\t\t<\/div>\n\t\t\t\t<\/div>\n\t\t\t\t<\/div>\n\t\t\t\t\t<\/div>\n\t\t\t\t<\/div>\n\t\t<div class=\"elementor-element elementor-element-8c2fd00 e-flex e-con-boxed e-con e-parent\" data-id=\"8c2fd00\" data-element_type=\"container\" data-e-type=\"container\">\n\t\t\t\t\t<div class=\"e-con-inner\">\n\t\t<div class=\"elementor-element elementor-element-24476e8 e-con-full e-flex e-con e-child\" data-id=\"24476e8\" data-element_type=\"container\" data-e-type=\"container\">\n\t\t\t\t<div class=\"elementor-element elementor-element-ca54e2c elementor-widget elementor-widget-image\" data-id=\"ca54e2c\" data-element_type=\"widget\" data-e-type=\"widget\" data-widget_type=\"image.default\">\n\t\t\t\t<div class=\"elementor-widget-container\">\n\t\t\t\t\t\t\t\t\t\t\t\t\t\t\t<img decoding=\"async\" width=\"1024\" height=\"683\" src=\"https:\/\/www.cuesystem.com\/wp-content\/uploads\/2024\/01\/retail_back_office_2-1024x683.webp\" class=\"attachment-large size-large wp-image-20255\" alt=\"\" srcset=\"https:\/\/www.cuesystem.com\/wp-content\/uploads\/2024\/01\/retail_back_office_2-1024x683.webp 1024w, https:\/\/www.cuesystem.com\/wp-content\/uploads\/2024\/01\/retail_back_office_2-300x200.webp 300w, https:\/\/www.cuesystem.com\/wp-content\/uploads\/2024\/01\/retail_back_office_2.webp 1920w\" sizes=\"(max-width: 1024px) 100vw, 1024px\" \/>\t\t\t\t\t\t\t\t\t\t\t\t\t\t\t<\/div>\n\t\t\t\t<\/div>\n\t\t\t\t<\/div>\n\t\t<div class=\"elementor-element elementor-element-0d8933c e-con-full e-flex e-con e-child\" data-id=\"0d8933c\" data-element_type=\"container\" data-e-type=\"container\">\n\t\t\t\t<div class=\"elementor-element elementor-element-371d6fe elementor-widget elementor-widget-heading\" data-id=\"371d6fe\" data-element_type=\"widget\" data-e-type=\"widget\" data-widget_type=\"heading.default\">\n\t\t\t\t<div class=\"elementor-widget-container\">\n\t\t\t\t\t<h2 class=\"elementor-heading-title elementor-size-default\">Gesti\u00f3n administrativa<\/h2>\t\t\t\t<\/div>\n\t\t\t\t<\/div>\n\t\t\t\t<div class=\"elementor-element elementor-element-80a7617 elementor-widget elementor-widget-text-editor\" data-id=\"80a7617\" data-element_type=\"widget\" data-e-type=\"widget\" data-widget_type=\"text-editor.default\">\n\t\t\t\t<div class=\"elementor-widget-container\">\n\t\t\t\t\t\t\t\t\t<p><b>Proporcione <\/b> <b>al equipo de gesti\u00f3n de<\/b> su <b>centro comercial<\/b> nuestras<b> eficaces soluciones de back-office<\/b>. Explore <b>toda la gama de funciones<\/b> y <b>mejore su eficacia operativa<\/b>.<\/p>\n\t\t\t\t\t\t\t\t<\/div>\n\t\t\t\t<\/div>\n\t\t\t\t<div class=\"elementor-element elementor-element-5233efd elementor-align-left elementor-widget elementor-widget-button\" data-id=\"5233efd\" data-element_type=\"widget\" data-e-type=\"widget\" data-widget_type=\"button.default\">\n\t\t\t\t<div class=\"elementor-widget-container\">\n\t\t\t\t\t\t\t\t\t<div class=\"elementor-button-wrapper\">\n\t\t\t\t\t<a class=\"elementor-button elementor-button-link elementor-size-sm\" href=\"https:\/\/www.cuesystem.com\/es\/mercados\/empresa\/\" target=\"_blank\">\n\t\t\t\t\t\t<span class=\"elementor-button-content-wrapper\">\n\t\t\t\t\t\t\t\t\t<span class=\"elementor-button-text\">Soluci\u00f3n empresarial<\/span>\n\t\t\t\t\t<\/span>\n\t\t\t\t\t<\/a>\n\t\t\t\t<\/div>\n\t\t\t\t\t\t\t\t<\/div>\n\t\t\t\t<\/div>\n\t\t\t\t<div class=\"elementor-element elementor-element-2acfef3 elementor-widget elementor-widget-text-editor\" data-id=\"2acfef3\" data-element_type=\"widget\" data-e-type=\"widget\" data-widget_type=\"text-editor.default\">\n\t\t\t\t<div class=\"elementor-widget-container\">\n\t\t\t\t\t\t\t\t\t<p>Nuestro<b> sistema de reservas<\/b> permite a sus empleados <b>reservar sin esfuerzo<\/b> plazas de aparcamiento, puestos de trabajo, salas de reuniones y otros recursos compartidos.<\/p>\n\t\t\t\t\t\t\t\t<\/div>\n\t\t\t\t<\/div>\n\t\t\t\t<div class=\"elementor-element elementor-element-389430a elementor-align-left elementor-widget elementor-widget-button\" data-id=\"389430a\" data-element_type=\"widget\" data-e-type=\"widget\" data-widget_type=\"button.default\">\n\t\t\t\t<div class=\"elementor-widget-container\">\n\t\t\t\t\t\t\t\t\t<div class=\"elementor-button-wrapper\">\n\t\t\t\t\t<a class=\"elementor-button elementor-button-link elementor-size-sm\" href=\"https:\/\/www.cuesystem.com\/es\/reserva\/\" target=\"_blank\">\n\t\t\t\t\t\t<span class=\"elementor-button-content-wrapper\">\n\t\t\t\t\t\t\t\t\t<span class=\"elementor-button-text\">Explorar RESERVA<\/span>\n\t\t\t\t\t<\/span>\n\t\t\t\t\t<\/a>\n\t\t\t\t<\/div>\n\t\t\t\t\t\t\t\t<\/div>\n\t\t\t\t<\/div>\n\t\t\t\t<\/div>\n\t\t\t\t\t<\/div>\n\t\t\t\t<\/div>\n\t\t\t\t<\/div>\n\t\t","protected":false},"excerpt":{"rendered":"<p>Le facilitamos la vida en Venta al por menor Centros comerciales Galer\u00edas comerciales Centros de negocios Mejore la experiencia de compra en centros comerciales, galer\u00edas comerciales y centros de negocios con nuestras soluciones intuitivas de navegaci\u00f3n y quioscos. Los visitantes pueden desplazarse sin esfuerzo por el centro comercial gracias a nuestra navegaci\u00f3n interior de f\u00e1cil <a href=\"https:\/\/www.cuesystem.com\/es\/mercados\/venta-al-por-menor\/\" class=\"more-link\">&#8230;<span class=\"screen-reader-text\">  Venta al por menor<\/span><\/a><\/p>\n","protected":false},"author":3,"featured_media":0,"parent":19033,"menu_order":469,"comment_status":"closed","ping_status":"closed","template":"","meta":{"_acf_changed":false,"inline_featured_image":false,"footnotes":""},"kategorie":[],"class_list":["post-18760","page","type-page","status-publish","hentry"],"acf":[],"_links":{"self":[{"href":"https:\/\/www.cuesystem.com\/es\/wp-json\/wp\/v2\/pages\/18760","targetHints":{"allow":["GET"]}}],"collection":[{"href":"https:\/\/www.cuesystem.com\/es\/wp-json\/wp\/v2\/pages"}],"about":[{"href":"https:\/\/www.cuesystem.com\/es\/wp-json\/wp\/v2\/types\/page"}],"author":[{"embeddable":true,"href":"https:\/\/www.cuesystem.com\/es\/wp-json\/wp\/v2\/users\/3"}],"replies":[{"embeddable":true,"href":"https:\/\/www.cuesystem.com\/es\/wp-json\/wp\/v2\/comments?post=18760"}],"version-history":[{"count":7,"href":"https:\/\/www.cuesystem.com\/es\/wp-json\/wp\/v2\/pages\/18760\/revisions"}],"predecessor-version":[{"id":23008,"href":"https:\/\/www.cuesystem.com\/es\/wp-json\/wp\/v2\/pages\/18760\/revisions\/23008"}],"up":[{"embeddable":true,"href":"https:\/\/www.cuesystem.com\/es\/wp-json\/wp\/v2\/pages\/19033"}],"wp:attachment":[{"href":"https:\/\/www.cuesystem.com\/es\/wp-json\/wp\/v2\/media?parent=18760"}],"wp:term":[{"taxonomy":"kategorie","embeddable":true,"href":"https:\/\/www.cuesystem.com\/es\/wp-json\/wp\/v2\/kategorie?post=18760"}],"curies":[{"name":"wp","href":"https:\/\/api.w.org\/{rel}","templated":true}]}}