{"id":18840,"date":"2023-11-09T21:03:12","date_gmt":"2023-11-09T20:03:12","guid":{"rendered":"https:\/\/www.cuesystem.com\/declaracion-gdpr\/"},"modified":"2024-02-29T15:42:13","modified_gmt":"2024-02-29T14:42:13","slug":"declaracion-gdpr","status":"publish","type":"page","link":"https:\/\/www.cuesystem.com\/es\/declaracion-gdpr\/","title":{"rendered":"Declaraci\u00f3n GDPR"},"content":{"rendered":"\t\t<div data-elementor-type=\"wp-page\" data-elementor-id=\"18840\" class=\"elementor elementor-18840 elementor-1699\" data-elementor-post-type=\"page\">\n\t\t\t\t<div class=\"elementor-element elementor-element-98521df e-flex e-con-boxed e-con e-parent\" data-id=\"98521df\" data-element_type=\"container\" data-e-type=\"container\">\n\t\t\t\t\t<div class=\"e-con-inner\">\n\t\t<div class=\"elementor-element elementor-element-dca3300 e-flex e-con-boxed e-con e-child\" data-id=\"dca3300\" data-element_type=\"container\" data-e-type=\"container\">\n\t\t\t\t\t<div class=\"e-con-inner\">\n\t\t<div class=\"elementor-element elementor-element-5f8b0d8 e-flex e-con-boxed e-con e-child\" data-id=\"5f8b0d8\" data-element_type=\"container\" data-e-type=\"container\">\n\t\t\t\t\t<div class=\"e-con-inner\">\n\t\t\t\t<div class=\"elementor-element elementor-element-9ccd973 elementor-widget elementor-widget-heading\" data-id=\"9ccd973\" data-element_type=\"widget\" data-e-type=\"widget\" data-widget_type=\"heading.default\">\n\t\t\t\t<div class=\"elementor-widget-container\">\n\t\t\t\t\t<h3 class=\"elementor-heading-title elementor-size-default\">Reglamento general de protecci\u00f3n de datos<\/h3>\t\t\t\t<\/div>\n\t\t\t\t<\/div>\n\t\t\t\t<div class=\"elementor-element elementor-element-c4642c8 elementor-widget__width-initial elementor-widget elementor-widget-heading\" data-id=\"c4642c8\" data-element_type=\"widget\" data-e-type=\"widget\" data-widget_type=\"heading.default\">\n\t\t\t\t<div class=\"elementor-widget-container\">\n\t\t\t\t\t<h1 class=\"elementor-heading-title elementor-size-default\"><span style=\"color: var( --e-global-color-primary );font-family: var( --e-global-typography-5442c9e-font-family ), Sans-serif;font-size: var( --e-global-typography-5442c9e-font-size );font-style: var( --e-global-typography-5442c9e-font-style );font-weight: var( --e-global-typography-5442c9e-font-weight );text-align: var(--text-align)\">Declaraci\u00f3n GDPR<\/span><\/h1>\t\t\t\t<\/div>\n\t\t\t\t<\/div>\n\t\t\t\t\t<\/div>\n\t\t\t\t<\/div>\n\t\t\t\t\t<\/div>\n\t\t\t\t<\/div>\n\t\t\t\t\t<\/div>\n\t\t\t\t<\/div>\n\t\t<div class=\"elementor-element elementor-element-ca5b89a e-flex e-con-boxed e-con e-parent\" data-id=\"ca5b89a\" data-element_type=\"container\" data-e-type=\"container\">\n\t\t\t\t\t<div class=\"e-con-inner\">\n\t\t<div class=\"elementor-element elementor-element-5735667 e-flex e-con-boxed e-con e-child\" data-id=\"5735667\" data-element_type=\"container\" data-e-type=\"container\">\n\t\t\t\t\t<div class=\"e-con-inner\">\n\t\t<div class=\"elementor-element elementor-element-9e87cee e-flex e-con-boxed e-con e-child\" data-id=\"9e87cee\" data-element_type=\"container\" data-e-type=\"container\">\n\t\t\t\t\t<div class=\"e-con-inner\">\n\t\t\t\t<div class=\"elementor-element elementor-element-0e1ec40 elementor-widget elementor-widget-text-editor\" data-id=\"0e1ec40\" data-element_type=\"widget\" data-e-type=\"widget\" data-widget_type=\"text-editor.default\">\n\t\t\t\t<div class=\"elementor-widget-container\">\n\t\t\t\t\t\t\t\t\t<p>El Reglamento General de Protecci\u00f3n de Datos (\u00abRGPD\u00bb) introduce un importante n\u00famero de cambios en el panorama actual de la protecci\u00f3n de datos en el EEE y ampl\u00eda los derechos de las personas al otorgarles un mayor control sobre sus datos personales. Para cumplir con los nuevos requisitos del GDPR, hemos preparado nuestra declaraci\u00f3n de privacidad. Proporciona informaci\u00f3n detallada sobre c\u00f3mo utilizamos y protegemos su informaci\u00f3n personal y sus derechos al respecto.<\/p>\n<p><a href=\"https:\/\/www.cuesystem.com\/wp-content\/uploads\/2023\/11\/GDPR_PrivacyStatement_EN-1.pdf\" target=\"_blank\" rel=\"noopener\">Descargar la declaraci\u00f3n de confidencialidad<\/a><\/p>\n\t\t\t\t\t\t\t\t<\/div>\n\t\t\t\t<\/div>\n\t\t\t\t\t<\/div>\n\t\t\t\t<\/div>\n\t\t\t\t\t<\/div>\n\t\t\t\t<\/div>\n\t\t\t\t\t<\/div>\n\t\t\t\t<\/div>\n\t\t\t\t<\/div>\n\t\t","protected":false},"excerpt":{"rendered":"<p>Reglamento general de protecci\u00f3n de datos Declaraci\u00f3n GDPR El Reglamento General de Protecci\u00f3n de Datos (\u00abRGPD\u00bb) introduce un importante n\u00famero de cambios en el panorama actual de la protecci\u00f3n de datos en el EEE y ampl\u00eda los derechos de las personas al otorgarles un mayor control sobre sus datos personales. Para cumplir con los nuevos <a href=\"https:\/\/www.cuesystem.com\/es\/declaracion-gdpr\/\" class=\"more-link\">&#8230;<span class=\"screen-reader-text\">  Declaraci\u00f3n GDPR<\/span><\/a><\/p>\n","protected":false},"author":3,"featured_media":0,"parent":0,"menu_order":647,"comment_status":"closed","ping_status":"closed","template":"","meta":{"_acf_changed":false,"inline_featured_image":false,"footnotes":""},"kategorie":[],"class_list":["post-18840","page","type-page","status-publish","hentry"],"acf":[],"_links":{"self":[{"href":"https:\/\/www.cuesystem.com\/es\/wp-json\/wp\/v2\/pages\/18840","targetHints":{"allow":["GET"]}}],"collection":[{"href":"https:\/\/www.cuesystem.com\/es\/wp-json\/wp\/v2\/pages"}],"about":[{"href":"https:\/\/www.cuesystem.com\/es\/wp-json\/wp\/v2\/types\/page"}],"author":[{"embeddable":true,"href":"https:\/\/www.cuesystem.com\/es\/wp-json\/wp\/v2\/users\/3"}],"replies":[{"embeddable":true,"href":"https:\/\/www.cuesystem.com\/es\/wp-json\/wp\/v2\/comments?post=18840"}],"version-history":[{"count":14,"href":"https:\/\/www.cuesystem.com\/es\/wp-json\/wp\/v2\/pages\/18840\/revisions"}],"predecessor-version":[{"id":25342,"href":"https:\/\/www.cuesystem.com\/es\/wp-json\/wp\/v2\/pages\/18840\/revisions\/25342"}],"wp:attachment":[{"href":"https:\/\/www.cuesystem.com\/es\/wp-json\/wp\/v2\/media?parent=18840"}],"wp:term":[{"taxonomy":"kategorie","embeddable":true,"href":"https:\/\/www.cuesystem.com\/es\/wp-json\/wp\/v2\/kategorie?post=18840"}],"curies":[{"name":"wp","href":"https:\/\/api.w.org\/{rel}","templated":true}]}}