{"id":19113,"date":"2023-10-25T07:53:19","date_gmt":"2023-10-25T05:53:19","guid":{"rendered":"https:\/\/www.cuesystem.com\/mercados\/administracion\/"},"modified":"2024-06-04T15:17:13","modified_gmt":"2024-06-04T13:17:13","slug":"administracion","status":"publish","type":"page","link":"https:\/\/www.cuesystem.com\/es\/mercados\/administracion\/","title":{"rendered":"Administraci\u00f3n"},"content":{"rendered":"\t\t<div data-elementor-type=\"wp-page\" data-elementor-id=\"19113\" class=\"elementor elementor-19113 elementor-332\" data-elementor-post-type=\"page\">\n\t\t\t\t<div class=\"elementor-element elementor-element-e548ef2 e-flex e-con-boxed e-con e-parent\" data-id=\"e548ef2\" data-element_type=\"container\" data-e-type=\"container\">\n\t\t\t\t\t<div class=\"e-con-inner\">\n\t\t\t\t<div class=\"elementor-element elementor-element-9460672 elementor-widget elementor-widget-heading\" data-id=\"9460672\" data-element_type=\"widget\" data-e-type=\"widget\" data-widget_type=\"heading.default\">\n\t\t\t\t<div class=\"elementor-widget-container\">\n\t\t\t\t\t<h3 class=\"elementor-heading-title elementor-size-default\">Le facilitamos la vida en<\/h3>\t\t\t\t<\/div>\n\t\t\t\t<\/div>\n\t\t\t\t<div class=\"elementor-element elementor-element-2d5f28b elementor-widget elementor-widget-heading\" data-id=\"2d5f28b\" data-element_type=\"widget\" data-e-type=\"widget\" data-widget_type=\"heading.default\">\n\t\t\t\t<div class=\"elementor-widget-container\">\n\t\t\t\t\t<h1 class=\"elementor-heading-title elementor-size-default\">Administraci\u00f3n<\/h1>\t\t\t\t<\/div>\n\t\t\t\t<\/div>\n\t\t\t\t\t<\/div>\n\t\t\t\t<\/div>\n\t\t<div class=\"elementor-element elementor-element-f065fdc e-flex e-con-boxed e-con e-parent\" data-id=\"f065fdc\" data-element_type=\"container\" data-e-type=\"container\" data-settings=\"{&quot;background_background&quot;:&quot;classic&quot;}\">\n\t\t\t\t\t<div class=\"e-con-inner\">\n\t\t\t\t\t<\/div>\n\t\t\t\t<\/div>\n\t\t<div class=\"elementor-element elementor-element-d06bf1d e-grid e-con-boxed e-con e-parent\" data-id=\"d06bf1d\" data-element_type=\"container\" data-e-type=\"container\" data-settings=\"{&quot;background_background&quot;:&quot;classic&quot;}\">\n\t\t\t\t\t<div class=\"e-con-inner\">\n\t\t\t\t<div class=\"elementor-element elementor-element-e51371f elementor-widget elementor-widget-heading\" data-id=\"e51371f\" data-element_type=\"widget\" data-e-type=\"widget\" data-widget_type=\"heading.default\">\n\t\t\t\t<div class=\"elementor-widget-container\">\n\t\t\t\t\t<h3 class=\"elementor-heading-title elementor-size-default\"><span style=\"font-size: 20.8px\">Administraci\u00f3n p\u00fablica<\/span><\/h3>\t\t\t\t<\/div>\n\t\t\t\t<\/div>\n\t\t\t\t<div class=\"elementor-element elementor-element-3d5a0eb elementor-widget elementor-widget-heading\" data-id=\"3d5a0eb\" data-element_type=\"widget\" data-e-type=\"widget\" data-widget_type=\"heading.default\">\n\t\t\t\t<div class=\"elementor-widget-container\">\n\t\t\t\t\t<h3 class=\"elementor-heading-title elementor-size-default\"><span style=\"font-size: 20.8px\">Administraci\u00f3n p\u00fablica<\/span><\/h3>\t\t\t\t<\/div>\n\t\t\t\t<\/div>\n\t\t\t\t<div class=\"elementor-element elementor-element-c641803 elementor-widget elementor-widget-heading\" data-id=\"c641803\" data-element_type=\"widget\" data-e-type=\"widget\" data-widget_type=\"heading.default\">\n\t\t\t\t<div class=\"elementor-widget-container\">\n\t\t\t\t\t<h3 class=\"elementor-heading-title elementor-size-default\">Administraci\u00f3n de justicia<\/h3>\t\t\t\t<\/div>\n\t\t\t\t<\/div>\n\t\t\t\t\t<\/div>\n\t\t\t\t<\/div>\n\t\t<div class=\"elementor-element elementor-element-d786d3a e-grid e-con-boxed e-con e-parent\" data-id=\"d786d3a\" data-element_type=\"container\" data-e-type=\"container\">\n\t\t\t\t\t<div class=\"e-con-inner\">\n\t\t\t\t<div class=\"elementor-element elementor-element-2b5bdcf elementor-widget elementor-widget-text-editor\" data-id=\"2b5bdcf\" data-element_type=\"widget\" data-e-type=\"widget\" data-widget_type=\"text-editor.default\">\n\t\t\t\t<div class=\"elementor-widget-container\">\n\t\t\t\t\t\t\t\t\t<p>Ya sea en entornos <b>gubernamentales<\/b>, <b>judiciales<\/b> o <b>municipales <\/b>, el <b>vers\u00e1til sistema <\/b>de CUE <b>transforma <\/b>las operaciones de <b>reservas<\/b>, <b>gesti\u00f3n<\/b> y el campo <b>cada vez m\u00e1s esencial <\/b>de la <b>navegaci\u00f3n<\/b>.<\/p>\n<p>En cada vest\u00edbulo de entrada, sus <b>empleados <\/b>y <b>visitantes apreciar\u00e1n<\/b> el<b> quiosco de informaci\u00f3n <\/b>con <b>capacidades multifuncionales<\/b>, junto con una gran pantalla con<b> visi\u00f3n general integrada<\/b>. Esto no s\u00f3lo <b>proporciona informaci\u00f3n <\/b>sobre las reuniones en curso, sino que tambi\u00e9n <b>mejora <\/b>la <b>experiencia<\/b> general de visitantes y empleados.<\/p>\n\t\t\t\t\t\t\t\t<\/div>\n\t\t\t\t<\/div>\n\t\t\t\t<div class=\"elementor-element elementor-element-beb372b elementor-widget elementor-widget-text-editor\" data-id=\"beb372b\" data-element_type=\"widget\" data-e-type=\"widget\" data-widget_type=\"text-editor.default\">\n\t\t\t\t<div class=\"elementor-widget-container\">\n\t\t\t\t\t\t\t\t\t<p>Nuestro <b>sistema va m\u00e1s all\u00e1<\/b> y ofrece servicios como la<b> retransmisi\u00f3n en directo<\/b> de las sesiones p\u00fablicas de los ayuntamientos, la <b>grabaci\u00f3n de <\/b>reuniones individuales y otras <b>funcionalidades relacionadas con los medios audiovisuales<\/b>.<\/p>\n<p>Tambi\u00e9n permite llevar a cabo una supervisi\u00f3n centralizada de todas las habitaciones del edificio y una gesti\u00f3n eficaz de<b> las tecnolog\u00edas<\/b> en todos los espacios (por ejemplo, el apagado centralizado de los dispositivos el\u00e9ctricos por la noche, incluidas las habitaciones en las que los empleados pueden haber olvidado apagar determinados equipos).<\/p>\n\t\t\t\t\t\t\t\t<\/div>\n\t\t\t\t<\/div>\n\t\t\t\t\t<\/div>\n\t\t\t\t<\/div>\n\t\t<div class=\"elementor-element elementor-element-33e8403 e-flex e-con-boxed e-con e-parent\" data-id=\"33e8403\" data-element_type=\"container\" data-e-type=\"container\">\n\t\t\t\t\t<div class=\"e-con-inner\">\n\t\t<div class=\"elementor-element elementor-element-cccfde6 e-con-full e-flex e-con e-child\" data-id=\"cccfde6\" data-element_type=\"container\" data-e-type=\"container\">\n\t\t\t\t<div class=\"elementor-element elementor-element-5bfe0d4 elementor-widget elementor-widget-image\" data-id=\"5bfe0d4\" data-element_type=\"widget\" data-e-type=\"widget\" data-widget_type=\"image.default\">\n\t\t\t\t<div class=\"elementor-widget-container\">\n\t\t\t\t\t\t\t\t\t\t\t\t\t\t\t<img fetchpriority=\"high\" decoding=\"async\" width=\"1024\" height=\"683\" src=\"https:\/\/www.cuesystem.com\/wp-content\/uploads\/2024\/01\/administration_navigation-1024x683.webp\" class=\"attachment-large size-large wp-image-20363\" alt=\"\" srcset=\"https:\/\/www.cuesystem.com\/wp-content\/uploads\/2024\/01\/administration_navigation-1024x683.webp 1024w, https:\/\/www.cuesystem.com\/wp-content\/uploads\/2024\/01\/administration_navigation-300x200.webp 300w\" sizes=\"(max-width: 1024px) 100vw, 1024px\" \/>\t\t\t\t\t\t\t\t\t\t\t\t\t\t\t<\/div>\n\t\t\t\t<\/div>\n\t\t\t\t<\/div>\n\t\t<div class=\"elementor-element elementor-element-73d8bfc e-con-full e-flex e-con e-child\" data-id=\"73d8bfc\" data-element_type=\"container\" data-e-type=\"container\">\n\t\t\t\t<div class=\"elementor-element elementor-element-8691995 elementor-widget elementor-widget-heading\" data-id=\"8691995\" data-element_type=\"widget\" data-e-type=\"widget\" data-widget_type=\"heading.default\">\n\t\t\t\t<div class=\"elementor-widget-container\">\n\t\t\t\t\t<h2 class=\"elementor-heading-title elementor-size-default\">Navegaci\u00f3n<\/h2>\t\t\t\t<\/div>\n\t\t\t\t<\/div>\n\t\t\t\t<div class=\"elementor-element elementor-element-05b2f3e elementor-widget elementor-widget-text-editor\" data-id=\"05b2f3e\" data-element_type=\"widget\" data-e-type=\"widget\" data-widget_type=\"text-editor.default\">\n\t\t\t\t<div class=\"elementor-widget-container\">\n\t\t\t\t\t\t\t\t\t<p>Cuando los ciudadanos visitan las oficinas de la Administraci\u00f3n, pueden utilizar la<b> navegaci\u00f3n interior<\/b> a trav\u00e9s de sus <b>tel\u00e9fonos inteligentes sin necesidad de instalar<\/b> una aplicaci\u00f3n o introducir datos de acceso. Con s\u00f3lo <b>escanear <\/b>el <b>c\u00f3digo QR<\/b>, activan la aplicaci\u00f3n, introducen su ubicaci\u00f3n de partida y, a continuaci\u00f3n, eligen el departamento en el que deben gestionar su agenda. Si se desv\u00edan de la ruta seleccionada, pueden actualizar f\u00e1cilmente su ubicaci\u00f3n escaneando uno de los c\u00f3digos QR distribuidos por el edificio. La navegaci\u00f3n puede ser una <b>gu\u00eda \u00fatil<\/b> incluso para los ciudadanos con menos movilidad, ya que encuentra eficazmente una ruta accesible.<\/p>\n<p><span style=\"text-align: var(--text-align); color: var( --e-global-color-primary ); font-family: var( --e-global-typography-primary-font-family ), Sans-serif; font-size: var( --e-global-typography-primary-font-size ); font-weight: var( --e-global-typography-primary-font-weight );\">Proporcionamos una <strong>soluci\u00f3n perfecta<\/strong> para los centros de trabajo que <strong>redirigen a los clientes<\/strong> a otros departamentos como parte de la tramitaci\u00f3n de su solicitud (por ejemplo, al cajero, donde pagan la tasa correspondiente y luego vuelven para completar su solicitud). Los ciudadanos pueden <strong>escanear<\/strong> un <strong>c\u00f3digo QR<\/strong> con sus tel\u00e9fonos inteligentes, <strong>lanzando al instante instrucciones de navegaci\u00f3n<\/strong> desde el departamento correspondiente hasta el cajero. Mientras tanto, los <strong>funcionarios pueden centrarse<\/strong> en tramitar los documentos recibidos o realizar otras tareas en lugar de explicar las instrucciones al cajero.<\/span><\/p>\n\t\t\t\t\t\t\t\t<\/div>\n\t\t\t\t<\/div>\n\t\t\t\t<div class=\"elementor-element elementor-element-7432167 elementor-align-left elementor-widget elementor-widget-button\" data-id=\"7432167\" data-element_type=\"widget\" data-e-type=\"widget\" data-widget_type=\"button.default\">\n\t\t\t\t<div class=\"elementor-widget-container\">\n\t\t\t\t\t\t\t\t\t<div class=\"elementor-button-wrapper\">\n\t\t\t\t\t<a class=\"elementor-button elementor-button-link elementor-size-sm\" href=\"https:\/\/www.cuesystem.com\/es\/navegue-por\/\" target=\"_blank\">\n\t\t\t\t\t\t<span class=\"elementor-button-content-wrapper\">\n\t\t\t\t\t\t\t\t\t<span class=\"elementor-button-text\">Explorar NAVEGAR<\/span>\n\t\t\t\t\t<\/span>\n\t\t\t\t\t<\/a>\n\t\t\t\t<\/div>\n\t\t\t\t\t\t\t\t<\/div>\n\t\t\t\t<\/div>\n\t\t\t\t<\/div>\n\t\t\t\t\t<\/div>\n\t\t\t\t<\/div>\n\t\t<div class=\"elementor-element elementor-element-5bd76fa e-flex e-con-boxed e-con e-parent\" data-id=\"5bd76fa\" data-element_type=\"container\" data-e-type=\"container\">\n\t\t\t\t\t<div class=\"e-con-inner\">\n\t\t<div class=\"elementor-element elementor-element-1afcf72 e-con-full e-flex e-con e-child\" data-id=\"1afcf72\" data-element_type=\"container\" data-e-type=\"container\">\n\t\t\t\t<div class=\"elementor-element elementor-element-37b72ce elementor-widget elementor-widget-image\" data-id=\"37b72ce\" data-element_type=\"widget\" data-e-type=\"widget\" data-widget_type=\"image.default\">\n\t\t\t\t<div class=\"elementor-widget-container\">\n\t\t\t\t\t\t\t\t\t\t\t\t\t\t\t<img decoding=\"async\" width=\"1024\" height=\"682\" src=\"https:\/\/www.cuesystem.com\/wp-content\/uploads\/2024\/01\/administration_meeting_spaces-1024x682.webp\" class=\"attachment-large size-large wp-image-20366\" alt=\"\" srcset=\"https:\/\/www.cuesystem.com\/wp-content\/uploads\/2024\/01\/administration_meeting_spaces-1024x682.webp 1024w, https:\/\/www.cuesystem.com\/wp-content\/uploads\/2024\/01\/administration_meeting_spaces-300x200.webp 300w, https:\/\/www.cuesystem.com\/wp-content\/uploads\/2024\/01\/administration_meeting_spaces.webp 1280w\" sizes=\"(max-width: 1024px) 100vw, 1024px\" \/>\t\t\t\t\t\t\t\t\t\t\t\t\t\t\t<\/div>\n\t\t\t\t<\/div>\n\t\t\t\t<\/div>\n\t\t<div class=\"elementor-element elementor-element-1d0d426 e-con-full e-flex e-con e-child\" data-id=\"1d0d426\" data-element_type=\"container\" data-e-type=\"container\">\n\t\t\t\t<div class=\"elementor-element elementor-element-e5b2bd9 elementor-widget elementor-widget-heading\" data-id=\"e5b2bd9\" data-element_type=\"widget\" data-e-type=\"widget\" data-widget_type=\"heading.default\">\n\t\t\t\t<div class=\"elementor-widget-container\">\n\t\t\t\t\t<h2 class=\"elementor-heading-title elementor-size-default\">Espacios de reuni\u00f3n<\/h2>\t\t\t\t<\/div>\n\t\t\t\t<\/div>\n\t\t\t\t<div class=\"elementor-element elementor-element-49707b6 elementor-widget elementor-widget-text-editor\" data-id=\"49707b6\" data-element_type=\"widget\" data-e-type=\"widget\" data-widget_type=\"text-editor.default\">\n\t\t\t\t<div class=\"elementor-widget-container\">\n\t\t\t\t\t\t\t\t\t<p><b>Agilice <\/b>sus <b>presentaciones <\/b>con nuestro <b>intuitivo control de una sola pulsaci\u00f3n<\/b>, que <b>simplifica <\/b>el <b>proceso de configuraci\u00f3n<\/b>. <b>Gestione <\/b> <b>a la perfecci\u00f3n <\/b>todos los <b>equipos t\u00e9cnicos<\/b> de la sala desde un <b>\u00fanico panel<\/b>, incluida la tecnolog\u00eda audiovisual, los proyectores, los monitores, los reproductores de DVD, la iluminaci\u00f3n, la calefacci\u00f3n, el aire acondicionado, las persianas, etc.<\/p>\n<p><span style=\"text-align: var(--text-align); color: var( --e-global-color-primary ); font-family: var( --e-global-typography-primary-font-family ), Sans-serif; font-size: var( --e-global-typography-primary-font-size ); font-weight: var( --e-global-typography-primary-font-weight );\"><strong>Personalice<\/strong> su entorno de iluminaci\u00f3n con <strong>escenas de luz preestablecidas<\/strong> para conseguir el ambiente deseado. Garantice una <strong>experiencia sin problemas<\/strong> con el <strong>control remoto<\/strong> de las salas en caso de problemas t\u00e9cnicos, y <strong>benef\u00edciese de los diagn\u00f3sticos automatizados<\/strong> para un mantenimiento puntual.  <\/span><span style=\"color: var( --e-global-color-primary ); font-family: var( --e-global-typography-primary-font-family ), Sans-serif; font-size: var( --e-global-typography-primary-font-size ); font-weight: var( --e-global-typography-primary-font-weight ); text-align: var(--text-align);\">Experimente la <strong>comodidad<\/strong> de nuestra <strong>sencilla pero completa soluci\u00f3n de reservas<\/strong> adaptada a sus<strong> necesidades espec\u00edficas<\/strong>.<\/span><\/p>\n\t\t\t\t\t\t\t\t<\/div>\n\t\t\t\t<\/div>\n\t\t\t\t<div class=\"elementor-element elementor-element-be663ea elementor-align-left elementor-widget elementor-widget-button\" data-id=\"be663ea\" data-element_type=\"widget\" data-e-type=\"widget\" data-widget_type=\"button.default\">\n\t\t\t\t<div class=\"elementor-widget-container\">\n\t\t\t\t\t\t\t\t\t<div class=\"elementor-button-wrapper\">\n\t\t\t\t\t<a class=\"elementor-button elementor-button-link elementor-size-sm\" href=\"https:\/\/www.cuesystem.com\/es\/controlar\/\" target=\"_blank\">\n\t\t\t\t\t\t<span class=\"elementor-button-content-wrapper\">\n\t\t\t\t\t\t\t\t\t<span class=\"elementor-button-text\">Explorar CONTROL<\/span>\n\t\t\t\t\t<\/span>\n\t\t\t\t\t<\/a>\n\t\t\t\t<\/div>\n\t\t\t\t\t\t\t\t<\/div>\n\t\t\t\t<\/div>\n\t\t\t\t<\/div>\n\t\t\t\t\t<\/div>\n\t\t\t\t<\/div>\n\t\t<div class=\"elementor-element elementor-element-cdd5dde e-flex e-con-boxed e-con e-parent\" data-id=\"cdd5dde\" data-element_type=\"container\" data-e-type=\"container\">\n\t\t\t\t\t<div class=\"e-con-inner\">\n\t\t<div class=\"elementor-element elementor-element-c00d54f e-con-full e-flex e-con e-child\" data-id=\"c00d54f\" data-element_type=\"container\" data-e-type=\"container\">\n\t\t\t\t<div class=\"elementor-element elementor-element-2bfcc64 elementor-widget elementor-widget-image\" data-id=\"2bfcc64\" data-element_type=\"widget\" data-e-type=\"widget\" data-widget_type=\"image.default\">\n\t\t\t\t<div class=\"elementor-widget-container\">\n\t\t\t\t\t\t\t\t\t\t\t\t\t\t\t<img decoding=\"async\" width=\"1024\" height=\"683\" src=\"https:\/\/www.cuesystem.com\/wp-content\/uploads\/2024\/01\/administration_courtrooms_2-1024x683.webp\" class=\"attachment-large size-large wp-image-20369\" alt=\"\" srcset=\"https:\/\/www.cuesystem.com\/wp-content\/uploads\/2024\/01\/administration_courtrooms_2-1024x683.webp 1024w, https:\/\/www.cuesystem.com\/wp-content\/uploads\/2024\/01\/administration_courtrooms_2-300x200.webp 300w, https:\/\/www.cuesystem.com\/wp-content\/uploads\/2024\/01\/administration_courtrooms_2.webp 1920w\" sizes=\"(max-width: 1024px) 100vw, 1024px\" \/>\t\t\t\t\t\t\t\t\t\t\t\t\t\t\t<\/div>\n\t\t\t\t<\/div>\n\t\t\t\t<\/div>\n\t\t<div class=\"elementor-element elementor-element-cff8ac4 e-con-full e-flex e-con e-child\" data-id=\"cff8ac4\" data-element_type=\"container\" data-e-type=\"container\">\n\t\t\t\t<div class=\"elementor-element elementor-element-ce39425 elementor-widget elementor-widget-heading\" data-id=\"ce39425\" data-element_type=\"widget\" data-e-type=\"widget\" data-widget_type=\"heading.default\">\n\t\t\t\t<div class=\"elementor-widget-container\">\n\t\t\t\t\t<h2 class=\"elementor-heading-title elementor-size-default\">Salas de vistas<\/h2>\t\t\t\t<\/div>\n\t\t\t\t<\/div>\n\t\t\t\t<div class=\"elementor-element elementor-element-323fcf0 elementor-widget elementor-widget-text-editor\" data-id=\"323fcf0\" data-element_type=\"widget\" data-e-type=\"widget\" data-widget_type=\"text-editor.default\">\n\t\t\t\t<div class=\"elementor-widget-container\">\n\t\t\t\t\t\t\t\t\t<p>Para las <strong>salas de vistas<\/strong>, CUE ofrece <strong>soluciones a medida<\/strong>. Por ejemplo, nuestro sistema permite <strong>grabar<\/strong> todos los <strong>procedimientos<\/strong> cruciales, <strong>controlar<\/strong> los dispositivos de <strong>votaci\u00f3n<\/strong>, <strong>audio<\/strong>, <strong>luces<\/strong>, <strong>atenuaci\u00f3n<\/strong> y otras tecnolog\u00edas audiovisuales <strong>directamente<\/strong> desde un <strong>\u00fanico panel t\u00e1ctil<\/strong>.<\/p>\n\t\t\t\t\t\t\t\t<\/div>\n\t\t\t\t<\/div>\n\t\t\t\t<div class=\"elementor-element elementor-element-e382480 elementor-align-left elementor-widget elementor-widget-button\" data-id=\"e382480\" data-element_type=\"widget\" data-e-type=\"widget\" data-widget_type=\"button.default\">\n\t\t\t\t<div class=\"elementor-widget-container\">\n\t\t\t\t\t\t\t\t\t<div class=\"elementor-button-wrapper\">\n\t\t\t\t\t<a class=\"elementor-button elementor-button-link elementor-size-sm\" href=\"https:\/\/www.cuesystem.com\/es\/controlar\/\" target=\"_blank\">\n\t\t\t\t\t\t<span class=\"elementor-button-content-wrapper\">\n\t\t\t\t\t\t\t\t\t<span class=\"elementor-button-text\">Explorar CONTROL<\/span>\n\t\t\t\t\t<\/span>\n\t\t\t\t\t<\/a>\n\t\t\t\t<\/div>\n\t\t\t\t\t\t\t\t<\/div>\n\t\t\t\t<\/div>\n\t\t\t\t<\/div>\n\t\t\t\t\t<\/div>\n\t\t\t\t<\/div>\n\t\t<div class=\"elementor-element elementor-element-754d509 e-flex e-con-boxed e-con e-parent\" data-id=\"754d509\" data-element_type=\"container\" data-e-type=\"container\">\n\t\t\t\t\t<div class=\"e-con-inner\">\n\t\t<div class=\"elementor-element elementor-element-3f7e7d3 e-con-full e-flex e-con e-child\" data-id=\"3f7e7d3\" data-element_type=\"container\" data-e-type=\"container\">\n\t\t\t\t<div class=\"elementor-element elementor-element-bdab11e elementor-widget elementor-widget-image\" data-id=\"bdab11e\" data-element_type=\"widget\" data-e-type=\"widget\" data-widget_type=\"image.default\">\n\t\t\t\t<div class=\"elementor-widget-container\">\n\t\t\t\t\t\t\t\t\t\t\t\t\t\t\t<img loading=\"lazy\" decoding=\"async\" width=\"1024\" height=\"575\" src=\"https:\/\/www.cuesystem.com\/wp-content\/uploads\/2024\/01\/edu_parking-1024x575.webp\" class=\"attachment-large size-large wp-image-20279\" alt=\"\" srcset=\"https:\/\/www.cuesystem.com\/wp-content\/uploads\/2024\/01\/edu_parking-1024x575.webp 1024w, https:\/\/www.cuesystem.com\/wp-content\/uploads\/2024\/01\/edu_parking-300x169.webp 300w\" sizes=\"(max-width: 1024px) 100vw, 1024px\" \/>\t\t\t\t\t\t\t\t\t\t\t\t\t\t\t<\/div>\n\t\t\t\t<\/div>\n\t\t\t\t<\/div>\n\t\t<div class=\"elementor-element elementor-element-652cdbc e-con-full e-flex e-con e-child\" data-id=\"652cdbc\" data-element_type=\"container\" data-e-type=\"container\">\n\t\t\t\t<div class=\"elementor-element elementor-element-90b18c9 elementor-widget elementor-widget-heading\" data-id=\"90b18c9\" data-element_type=\"widget\" data-e-type=\"widget\" data-widget_type=\"heading.default\">\n\t\t\t\t<div class=\"elementor-widget-container\">\n\t\t\t\t\t<h2 class=\"elementor-heading-title elementor-size-default\">Aparcamiento<\/h2>\t\t\t\t<\/div>\n\t\t\t\t<\/div>\n\t\t\t\t<div class=\"elementor-element elementor-element-1dd12dd elementor-widget elementor-widget-text-editor\" data-id=\"1dd12dd\" data-element_type=\"widget\" data-e-type=\"widget\" data-widget_type=\"text-editor.default\">\n\t\t\t\t<div class=\"elementor-widget-container\">\n\t\t\t\t\t\t\t\t\t<p>Para los <b>empleados<\/b>, nuestro sistema ofrece una <b>sencilla <\/b><b> reserva de<\/b> plaza de aparcamiento <b>desde <\/b>la comodidad de <b>su casa<\/b>. \u00bfEspera visita? No hay problema. S\u00f3lo tiene que reservarles una plaza desde su cuenta.<\/p>\n\t\t\t\t\t\t\t\t<\/div>\n\t\t\t\t<\/div>\n\t\t\t\t<div class=\"elementor-element elementor-element-2d9a521 elementor-align-left elementor-widget elementor-widget-button\" data-id=\"2d9a521\" data-element_type=\"widget\" data-e-type=\"widget\" data-widget_type=\"button.default\">\n\t\t\t\t<div class=\"elementor-widget-container\">\n\t\t\t\t\t\t\t\t\t<div class=\"elementor-button-wrapper\">\n\t\t\t\t\t<a class=\"elementor-button elementor-button-link elementor-size-sm\" href=\"https:\/\/www.cuesystem.com\/es\/reserva\/\" target=\"_blank\">\n\t\t\t\t\t\t<span class=\"elementor-button-content-wrapper\">\n\t\t\t\t\t\t\t\t\t<span class=\"elementor-button-text\">Explorar RESERVA<\/span>\n\t\t\t\t\t<\/span>\n\t\t\t\t\t<\/a>\n\t\t\t\t<\/div>\n\t\t\t\t\t\t\t\t<\/div>\n\t\t\t\t<\/div>\n\t\t\t\t<div class=\"elementor-element elementor-element-1501c97 elementor-widget elementor-widget-text-editor\" data-id=\"1501c97\" data-element_type=\"widget\" data-e-type=\"widget\" data-widget_type=\"text-editor.default\">\n\t\t\t\t<div class=\"elementor-widget-container\">\n\t\t\t\t\t\t\t\t\t<p><span style=\"color: var( --e-global-color-primary ); font-family: var( --e-global-typography-primary-font-family ), Sans-serif; font-size: var( --e-global-typography-primary-font-size ); font-weight: var( --e-global-typography-primary-font-weight ); text-align: var(--text-align);\">A los <strong>hu\u00e9spedes<\/strong> les <strong>facilitamos la navegaci\u00f3n<\/strong> <strong>desde <\/strong>el <strong>aparcamiento<\/strong> directamente <strong>hasta<\/strong> su <strong>oficina<\/strong>. Despu\u00e9s de la reuni\u00f3n, los visitantes no tendr\u00e1n problemas para encontrar el sitio donde aparcaron. Nuestra navegaci\u00f3n les <strong>guiar\u00e1 sin esfuerzo<\/strong> de vuelta a su veh\u00edculo.<\/span><\/p>\n\t\t\t\t\t\t\t\t<\/div>\n\t\t\t\t<\/div>\n\t\t\t\t<div class=\"elementor-element elementor-element-51968a3 elementor-align-left elementor-widget elementor-widget-button\" data-id=\"51968a3\" data-element_type=\"widget\" data-e-type=\"widget\" data-widget_type=\"button.default\">\n\t\t\t\t<div class=\"elementor-widget-container\">\n\t\t\t\t\t\t\t\t\t<div class=\"elementor-button-wrapper\">\n\t\t\t\t\t<a class=\"elementor-button elementor-button-link elementor-size-sm\" href=\"https:\/\/www.cuesystem.com\/es\/navegue-por\/\" target=\"_blank\">\n\t\t\t\t\t\t<span class=\"elementor-button-content-wrapper\">\n\t\t\t\t\t\t\t\t\t<span class=\"elementor-button-text\">Explorar NAVEGAR<\/span>\n\t\t\t\t\t<\/span>\n\t\t\t\t\t<\/a>\n\t\t\t\t<\/div>\n\t\t\t\t\t\t\t\t<\/div>\n\t\t\t\t<\/div>\n\t\t\t\t<\/div>\n\t\t\t\t\t<\/div>\n\t\t\t\t<\/div>\n\t\t\t\t<\/div>\n\t\t","protected":false},"excerpt":{"rendered":"<p>Le facilitamos la vida en Administraci\u00f3n Administraci\u00f3n p\u00fablica Administraci\u00f3n p\u00fablica Administraci\u00f3n de justicia Ya sea en entornos gubernamentales, judiciales o municipales , el vers\u00e1til sistema de CUE transforma las operaciones de reservas, gesti\u00f3n y el campo cada vez m\u00e1s esencial de la navegaci\u00f3n. En cada vest\u00edbulo de entrada, sus empleados y visitantes apreciar\u00e1n el quiosco <a href=\"https:\/\/www.cuesystem.com\/es\/mercados\/administracion\/\" class=\"more-link\">&#8230;<span class=\"screen-reader-text\">  Administraci\u00f3n<\/span><\/a><\/p>\n","protected":false},"author":5,"featured_media":0,"parent":19033,"menu_order":499,"comment_status":"closed","ping_status":"closed","template":"","meta":{"_acf_changed":false,"inline_featured_image":false,"footnotes":""},"kategorie":[],"class_list":["post-19113","page","type-page","status-publish","hentry"],"acf":[],"_links":{"self":[{"href":"https:\/\/www.cuesystem.com\/es\/wp-json\/wp\/v2\/pages\/19113","targetHints":{"allow":["GET"]}}],"collection":[{"href":"https:\/\/www.cuesystem.com\/es\/wp-json\/wp\/v2\/pages"}],"about":[{"href":"https:\/\/www.cuesystem.com\/es\/wp-json\/wp\/v2\/types\/page"}],"author":[{"embeddable":true,"href":"https:\/\/www.cuesystem.com\/es\/wp-json\/wp\/v2\/users\/5"}],"replies":[{"embeddable":true,"href":"https:\/\/www.cuesystem.com\/es\/wp-json\/wp\/v2\/comments?post=19113"}],"version-history":[{"count":9,"href":"https:\/\/www.cuesystem.com\/es\/wp-json\/wp\/v2\/pages\/19113\/revisions"}],"predecessor-version":[{"id":26387,"href":"https:\/\/www.cuesystem.com\/es\/wp-json\/wp\/v2\/pages\/19113\/revisions\/26387"}],"up":[{"embeddable":true,"href":"https:\/\/www.cuesystem.com\/es\/wp-json\/wp\/v2\/pages\/19033"}],"wp:attachment":[{"href":"https:\/\/www.cuesystem.com\/es\/wp-json\/wp\/v2\/media?parent=19113"}],"wp:term":[{"taxonomy":"kategorie","embeddable":true,"href":"https:\/\/www.cuesystem.com\/es\/wp-json\/wp\/v2\/kategorie?post=19113"}],"curies":[{"name":"wp","href":"https:\/\/api.w.org\/{rel}","templated":true}]}}