{"id":19241,"date":"2023-10-16T12:58:43","date_gmt":"2023-10-16T10:58:43","guid":{"rendered":"https:\/\/www.cuesystem.com\/beneficios-3\/"},"modified":"2024-01-03T15:05:51","modified_gmt":"2024-01-03T14:05:51","slug":"beneficios-3","status":"publish","type":"page","link":"https:\/\/www.cuesystem.com\/es\/gestione\/beneficios-3\/","title":{"rendered":"Beneficios"},"content":{"rendered":"\t\t<div data-elementor-type=\"wp-page\" data-elementor-id=\"19241\" class=\"elementor elementor-19241 elementor-120\" data-elementor-post-type=\"page\">\n\t\t\t\t<div class=\"elementor-element elementor-element-cd2e7df e-flex e-con-boxed e-con e-parent\" data-id=\"cd2e7df\" data-element_type=\"container\" data-e-type=\"container\">\n\t\t\t\t\t<div class=\"e-con-inner\">\n\t\t\t\t<div class=\"elementor-element elementor-element-58cbe37 elementor-widget elementor-widget-heading\" data-id=\"58cbe37\" data-element_type=\"widget\" data-e-type=\"widget\" data-widget_type=\"heading.default\">\n\t\t\t\t<div class=\"elementor-widget-container\">\n\t\t\t\t\t<h3 class=\"elementor-heading-title elementor-size-default\">Gestione<\/h3>\t\t\t\t<\/div>\n\t\t\t\t<\/div>\n\t\t\t\t<div class=\"elementor-element elementor-element-2f726be elementor-widget elementor-widget-heading\" data-id=\"2f726be\" data-element_type=\"widget\" data-e-type=\"widget\" data-widget_type=\"heading.default\">\n\t\t\t\t<div class=\"elementor-widget-container\">\n\t\t\t\t\t<h1 class=\"elementor-heading-title elementor-size-default\">Beneficios<\/h1>\t\t\t\t<\/div>\n\t\t\t\t<\/div>\n\t\t\t\t\t<\/div>\n\t\t\t\t<\/div>\n\t\t<div class=\"elementor-element elementor-element-3c15c1b e-flex e-con-boxed e-con e-parent\" data-id=\"3c15c1b\" data-element_type=\"container\" data-e-type=\"container\">\n\t\t\t\t\t<div class=\"e-con-inner\">\n\t\t<div class=\"elementor-element elementor-element-93c12c8 e-flex e-con-boxed e-con e-child\" data-id=\"93c12c8\" data-element_type=\"container\" data-e-type=\"container\">\n\t\t\t\t\t<div class=\"e-con-inner\">\n\t\t<div class=\"elementor-element elementor-element-e7a5e69 e-flex e-con-boxed e-con e-child\" data-id=\"e7a5e69\" data-element_type=\"container\" data-e-type=\"container\">\n\t\t\t\t\t<div class=\"e-con-inner\">\n\t\t\t\t<div class=\"elementor-element elementor-element-15c488a elementor-widget elementor-widget-text-editor\" data-id=\"15c488a\" data-element_type=\"widget\" data-e-type=\"widget\" data-widget_type=\"text-editor.default\">\n\t\t\t\t<div class=\"elementor-widget-container\">\n\t\t\t\t\t\t\t\t\t<p>La gesti\u00f3n centralizada de dispositivos y software implica <strong>supervisar y controlar m\u00faltiples dispositivos y aplicaciones de software<\/strong> desde una ubicaci\u00f3n centralizada.<\/p>\n<p>En resumen, la gesti\u00f3n centralizada de dispositivos y software ofrece una <strong>serie de ventajas<\/strong> que contribuyen a mejorar la eficiencia, la seguridad y la eficacia general de la organizaci\u00f3n. Permite un enfoque m\u00e1s proactivo y racionalizado de la administraci\u00f3n de sistemas, ayudando a las organizaciones a adaptarse a los requisitos cambiantes y a los avances tecnol\u00f3gicos.<\/p>\n\t\t\t\t\t\t\t\t<\/div>\n\t\t\t\t<\/div>\n\t\t\t\t\t<\/div>\n\t\t\t\t<\/div>\n\t\t\t\t\t<\/div>\n\t\t\t\t<\/div>\n\t\t\t\t\t<\/div>\n\t\t\t\t<\/div>\n\t\t<div class=\"elementor-element elementor-element-9e4b400 e-flex e-con-boxed e-con e-parent\" data-id=\"9e4b400\" data-element_type=\"container\" data-e-type=\"container\">\n\t\t\t\t\t<div class=\"e-con-inner\">\n\t\t<div class=\"elementor-element elementor-element-ee50f07 e-flex e-con-boxed e-con e-child\" data-id=\"ee50f07\" data-element_type=\"container\" data-e-type=\"container\">\n\t\t\t\t\t<div class=\"e-con-inner\">\n\t\t\t\t<div class=\"elementor-element elementor-element-d9aaed5 elementor-widget elementor-widget-heading\" data-id=\"d9aaed5\" data-element_type=\"widget\" data-e-type=\"widget\" data-widget_type=\"heading.default\">\n\t\t\t\t<div class=\"elementor-widget-container\">\n\t\t\t\t\t<h3 class=\"elementor-heading-title elementor-size-default\"><span style=\"font-size: 20.8px\">Utilizaci\u00f3n eficiente de los recursos<\/span><\/h3>\t\t\t\t<\/div>\n\t\t\t\t<\/div>\n\t\t\t\t<div class=\"elementor-element elementor-element-2b43703 elementor-widget elementor-widget-text-editor\" data-id=\"2b43703\" data-element_type=\"widget\" data-e-type=\"widget\" data-widget_type=\"text-editor.default\">\n\t\t\t\t<div class=\"elementor-widget-container\">\n\t\t\t\t\t\t\t\t\t<p>La gesti\u00f3n centralizada permite <strong>asignar y utilizar m\u00e1s eficazmente recursos<\/strong> como el hardware, las licencias de software y el ancho de banda de la red. Los administradores pueden optimizar estos recursos en funci\u00f3n de las necesidades reales de la organizaci\u00f3n.<\/p>\n\t\t\t\t\t\t\t\t<\/div>\n\t\t\t\t<\/div>\n\t\t\t\t\t<\/div>\n\t\t\t\t<\/div>\n\t\t<div class=\"elementor-element elementor-element-102323e e-flex e-con-boxed e-con e-child\" data-id=\"102323e\" data-element_type=\"container\" data-e-type=\"container\">\n\t\t\t\t\t<div class=\"e-con-inner\">\n\t\t\t\t<div class=\"elementor-element elementor-element-76df54c elementor-widget elementor-widget-heading\" data-id=\"76df54c\" data-element_type=\"widget\" data-e-type=\"widget\" data-widget_type=\"heading.default\">\n\t\t\t\t<div class=\"elementor-widget-container\">\n\t\t\t\t\t<h3 class=\"elementor-heading-title elementor-size-default\">Actualizaciones simplificadas y gesti\u00f3n de parches<\/h3>\t\t\t\t<\/div>\n\t\t\t\t<\/div>\n\t\t\t\t<div class=\"elementor-element elementor-element-97412fe elementor-widget elementor-widget-text-editor\" data-id=\"97412fe\" data-element_type=\"widget\" data-e-type=\"widget\" data-widget_type=\"text-editor.default\">\n\t\t\t\t<div class=\"elementor-widget-container\">\n\t\t\t\t\t\t\t\t\t<p>La gesti\u00f3n centralizada <strong>facilita el despliegue de actualizaciones, parches y correcciones de<\/strong> seguridad en todos los dispositivos y aplicaciones de software. As\u00ed se garantiza que los sistemas est\u00e9n siempre actualizados y protegidos contra las vulnerabilidades.<\/p>\n\t\t\t\t\t\t\t\t<\/div>\n\t\t\t\t<\/div>\n\t\t\t\t\t<\/div>\n\t\t\t\t<\/div>\n\t\t<div class=\"elementor-element elementor-element-62c6b2d e-flex e-con-boxed e-con e-child\" data-id=\"62c6b2d\" data-element_type=\"container\" data-e-type=\"container\">\n\t\t\t\t\t<div class=\"e-con-inner\">\n\t\t\t\t<div class=\"elementor-element elementor-element-f7ac3a1 elementor-widget elementor-widget-heading\" data-id=\"f7ac3a1\" data-element_type=\"widget\" data-e-type=\"widget\" data-widget_type=\"heading.default\">\n\t\t\t\t<div class=\"elementor-widget-container\">\n\t\t\t\t\t<h3 class=\"elementor-heading-title elementor-size-default\"><span style=\"font-size: 20.8px\">Reducci\u00f3n del tiempo de inactividad<\/span><\/h3>\t\t\t\t<\/div>\n\t\t\t\t<\/div>\n\t\t\t\t<div class=\"elementor-element elementor-element-be53785 elementor-widget elementor-widget-text-editor\" data-id=\"be53785\" data-element_type=\"widget\" data-e-type=\"widget\" data-widget_type=\"text-editor.default\">\n\t\t\t\t<div class=\"elementor-widget-container\">\n\t\t\t\t\t\t\t\t\t<p>Al supervisar y gestionar de forma centralizada los dispositivos y el software, los administradores pueden <strong>identificar y resolver r\u00e1pidamente los problemas<\/strong>, minimizando el tiempo de inactividad. Este enfoque proactivo ayuda a mantener la fiabilidad y disponibilidad del sistema.<\/p>\n\t\t\t\t\t\t\t\t<\/div>\n\t\t\t\t<\/div>\n\t\t\t\t\t<\/div>\n\t\t\t\t<\/div>\n\t\t<div class=\"elementor-element elementor-element-7bafbcf e-flex e-con-boxed e-con e-child\" data-id=\"7bafbcf\" data-element_type=\"container\" data-e-type=\"container\">\n\t\t\t\t\t<div class=\"e-con-inner\">\n\t\t\t\t<div class=\"elementor-element elementor-element-dd09cc3 elementor-widget elementor-widget-heading\" data-id=\"dd09cc3\" data-element_type=\"widget\" data-e-type=\"widget\" data-widget_type=\"heading.default\">\n\t\t\t\t<div class=\"elementor-widget-container\">\n\t\t\t\t\t<h3 class=\"elementor-heading-title elementor-size-default\">Mayor seguridad<\/h3>\t\t\t\t<\/div>\n\t\t\t\t<\/div>\n\t\t\t\t<div class=\"elementor-element elementor-element-bbf3a43 elementor-widget elementor-widget-text-editor\" data-id=\"bbf3a43\" data-element_type=\"widget\" data-e-type=\"widget\" data-widget_type=\"text-editor.default\">\n\t\t\t\t<div class=\"elementor-widget-container\">\n\t\t\t\t\t\t\t\t\t<p>La gesti\u00f3n centralizada permite hacer cumplir las pol\u00edticas de seguridad y aplicar <strong>medidas de seguridad coherentes<\/strong> en todos los dispositivos y programas inform\u00e1ticos. Ayuda a garantizar el cumplimiento de las normas de seguridad y protege frente a posibles amenazas.<\/p>\n\t\t\t\t\t\t\t\t<\/div>\n\t\t\t\t<\/div>\n\t\t\t\t\t<\/div>\n\t\t\t\t<\/div>\n\t\t<div class=\"elementor-element elementor-element-b509697 e-flex e-con-boxed e-con e-child\" data-id=\"b509697\" data-element_type=\"container\" data-e-type=\"container\">\n\t\t\t\t\t<div class=\"e-con-inner\">\n\t\t\t\t<div class=\"elementor-element elementor-element-08555a1 elementor-widget elementor-widget-heading\" data-id=\"08555a1\" data-element_type=\"widget\" data-e-type=\"widget\" data-widget_type=\"heading.default\">\n\t\t\t\t<div class=\"elementor-widget-container\">\n\t\t\t\t\t<h3 class=\"elementor-heading-title elementor-size-default\">Soluci\u00f3n de problemas simplificada<\/h3>\t\t\t\t<\/div>\n\t\t\t\t<\/div>\n\t\t\t\t<div class=\"elementor-element elementor-element-39154d0 elementor-widget elementor-widget-text-editor\" data-id=\"39154d0\" data-element_type=\"widget\" data-e-type=\"widget\" data-widget_type=\"text-editor.default\">\n\t\t\t\t<div class=\"elementor-widget-container\">\n\t\t\t\t\t\t\t\t\t<p>La resoluci\u00f3n de problemas es m\u00e1s eficaz gracias a la gesti\u00f3n centralizada, ya que los administradores pueden <strong>diagnosticar y resolver problemas a distancia<\/strong> sin necesidad de acceder f\u00edsicamente a cada dispositivo. Esto es especialmente valioso en organizaciones grandes o dispersas geogr\u00e1ficamente.<\/p>\n\t\t\t\t\t\t\t\t<\/div>\n\t\t\t\t<\/div>\n\t\t\t\t\t<\/div>\n\t\t\t\t<\/div>\n\t\t<div class=\"elementor-element elementor-element-3e9229c e-flex e-con-boxed e-con e-child\" data-id=\"3e9229c\" data-element_type=\"container\" data-e-type=\"container\">\n\t\t\t\t\t<div class=\"e-con-inner\">\n\t\t\t\t<div class=\"elementor-element elementor-element-4a64212 elementor-widget elementor-widget-heading\" data-id=\"4a64212\" data-element_type=\"widget\" data-e-type=\"widget\" data-widget_type=\"heading.default\">\n\t\t\t\t<div class=\"elementor-widget-container\">\n\t\t\t\t\t<h3 class=\"elementor-heading-title elementor-size-default\">Ahorro de costes<\/h3>\t\t\t\t<\/div>\n\t\t\t\t<\/div>\n\t\t\t\t<div class=\"elementor-element elementor-element-258efaa elementor-widget elementor-widget-text-editor\" data-id=\"258efaa\" data-element_type=\"widget\" data-e-type=\"widget\" data-widget_type=\"text-editor.default\">\n\t\t\t\t<div class=\"elementor-widget-container\">\n\t\t\t\t\t\t\t\t\t<p>La gesti\u00f3n centralizada puede suponer un ahorro de costes al <strong>reducir la necesidad de asistencia in situ<\/strong>, minimizar el tiempo de inactividad y optimizar el uso de los recursos. Tambi\u00e9n permite una mejor gesti\u00f3n de las licencias y ayuda a evitar compras innecesarias de software.<\/p>\n\t\t\t\t\t\t\t\t<\/div>\n\t\t\t\t<\/div>\n\t\t\t\t\t<\/div>\n\t\t\t\t<\/div>\n\t\t<div class=\"elementor-element elementor-element-ab64c90 e-flex e-con-boxed e-con e-child\" data-id=\"ab64c90\" data-element_type=\"container\" data-e-type=\"container\">\n\t\t\t\t\t<div class=\"e-con-inner\">\n\t\t\t\t<div class=\"elementor-element elementor-element-dbf93af elementor-widget elementor-widget-heading\" data-id=\"dbf93af\" data-element_type=\"widget\" data-e-type=\"widget\" data-widget_type=\"heading.default\">\n\t\t\t\t<div class=\"elementor-widget-container\">\n\t\t\t\t\t<h3 class=\"elementor-heading-title elementor-size-default\">Mejora de la productividad<\/h3>\t\t\t\t<\/div>\n\t\t\t\t<\/div>\n\t\t\t\t<div class=\"elementor-element elementor-element-04910ae elementor-widget elementor-widget-text-editor\" data-id=\"04910ae\" data-element_type=\"widget\" data-e-type=\"widget\" data-widget_type=\"text-editor.default\">\n\t\t\t\t<div class=\"elementor-widget-container\">\n\t\t\t\t\t\t\t\t\t<p>Los usuarios se benefician de un sistema m\u00e1s <strong>fiable y con un rendimiento m\u00e1s constante<\/strong>, lo que mejora la productividad. La gesti\u00f3n centralizada ayuda a garantizar que los empleados tengan acceso a las herramientas y recursos necesarios sin interrupciones.<\/p>\n\t\t\t\t\t\t\t\t<\/div>\n\t\t\t\t<\/div>\n\t\t\t\t\t<\/div>\n\t\t\t\t<\/div>\n\t\t<div class=\"elementor-element elementor-element-ae2bfad e-flex e-con-boxed e-con e-child\" data-id=\"ae2bfad\" data-element_type=\"container\" data-e-type=\"container\">\n\t\t\t\t\t<div class=\"e-con-inner\">\n\t\t\t\t<div class=\"elementor-element elementor-element-005b6ad elementor-widget elementor-widget-heading\" data-id=\"005b6ad\" data-element_type=\"widget\" data-e-type=\"widget\" data-widget_type=\"heading.default\">\n\t\t\t\t<div class=\"elementor-widget-container\">\n\t\t\t\t\t<h3 class=\"elementor-heading-title elementor-size-default\">Control e informes exhaustivos<\/h3>\t\t\t\t<\/div>\n\t\t\t\t<\/div>\n\t\t\t\t<div class=\"elementor-element elementor-element-1f0d536 elementor-widget elementor-widget-text-editor\" data-id=\"1f0d536\" data-element_type=\"widget\" data-e-type=\"widget\" data-widget_type=\"text-editor.default\">\n\t\t\t\t<div class=\"elementor-widget-container\">\n\t\t\t\t\t\t\t\t\t<p>Los sistemas de gesti\u00f3n centralizados suelen ofrecer <strong>s\u00f3lidas<\/strong> funciones <strong>de supervisi\u00f3n e informaci\u00f3n<\/strong>. Los administradores pueden hacer un seguimiento del rendimiento, el uso y el cumplimiento de los dispositivos y el software, lo que permite tomar decisiones basadas en datos.<\/p>\n\t\t\t\t\t\t\t\t<\/div>\n\t\t\t\t<\/div>\n\t\t\t\t\t<\/div>\n\t\t\t\t<\/div>\n\t\t<div class=\"elementor-element elementor-element-43e8f91 e-flex e-con-boxed e-con e-child\" data-id=\"43e8f91\" data-element_type=\"container\" data-e-type=\"container\">\n\t\t\t\t\t<div class=\"e-con-inner\">\n\t\t\t\t<div class=\"elementor-element elementor-element-4d9141b elementor-widget elementor-widget-heading\" data-id=\"4d9141b\" data-element_type=\"widget\" data-e-type=\"widget\" data-widget_type=\"heading.default\">\n\t\t\t\t<div class=\"elementor-widget-container\">\n\t\t\t\t\t<h3 class=\"elementor-heading-title elementor-size-default\">Gesti\u00f3n simplificada del cumplimiento<\/h3>\t\t\t\t<\/div>\n\t\t\t\t<\/div>\n\t\t\t\t<div class=\"elementor-element elementor-element-c1d4099 elementor-widget elementor-widget-text-editor\" data-id=\"c1d4099\" data-element_type=\"widget\" data-e-type=\"widget\" data-widget_type=\"text-editor.default\">\n\t\t\t\t<div class=\"elementor-widget-container\">\n\t\t\t\t\t\t\t\t\t<p>Las organizaciones de sectores regulados pueden utilizar la gesti\u00f3n centralizada para <strong>imponer y supervisar<\/strong> el cumplimiento de las normas y reglamentos espec\u00edficos del sector. Esto garantiza que todos los dispositivos y programas cumplen los requisitos de conformidad necesarios.<\/p>\n\t\t\t\t\t\t\t\t<\/div>\n\t\t\t\t<\/div>\n\t\t\t\t\t<\/div>\n\t\t\t\t<\/div>\n\t\t<div class=\"elementor-element elementor-element-13a13d2 e-flex e-con-boxed e-con e-child\" data-id=\"13a13d2\" data-element_type=\"container\" data-e-type=\"container\">\n\t\t\t\t\t<div class=\"e-con-inner\">\n\t\t\t\t<div class=\"elementor-element elementor-element-8297d5a elementor-widget elementor-widget-heading\" data-id=\"8297d5a\" data-element_type=\"widget\" data-e-type=\"widget\" data-widget_type=\"heading.default\">\n\t\t\t\t<div class=\"elementor-widget-container\">\n\t\t\t\t\t<h3 class=\"elementor-heading-title elementor-size-default\">Escalabilidad<\/h3>\t\t\t\t<\/div>\n\t\t\t\t<\/div>\n\t\t\t\t<div class=\"elementor-element elementor-element-f179a0c elementor-widget elementor-widget-text-editor\" data-id=\"f179a0c\" data-element_type=\"widget\" data-e-type=\"widget\" data-widget_type=\"text-editor.default\">\n\t\t\t\t<div class=\"elementor-widget-container\">\n\t\t\t\t\t\t\t\t\t<p>Los sistemas de gesti\u00f3n centralizada est\u00e1n dise\u00f1ados para <strong>adaptarse a las crecientes necesidades<\/strong> de una organizaci\u00f3n. A medida que aumenta el n\u00famero de dispositivos y aplicaciones de software, la infraestructura de gesti\u00f3n centralizada puede ampliarse para adaptarse al crecimiento.<\/p>\n\t\t\t\t\t\t\t\t<\/div>\n\t\t\t\t<\/div>\n\t\t\t\t\t<\/div>\n\t\t\t\t<\/div>\n\t\t\t\t\t<\/div>\n\t\t\t\t<\/div>\n\t\t\t\t<\/div>\n\t\t","protected":false},"excerpt":{"rendered":"<p>Gestione Beneficios La gesti\u00f3n centralizada de dispositivos y software implica supervisar y controlar m\u00faltiples dispositivos y aplicaciones de software desde una ubicaci\u00f3n centralizada. En resumen, la gesti\u00f3n centralizada de dispositivos y software ofrece una serie de ventajas que contribuyen a mejorar la eficiencia, la seguridad y la eficacia general de la organizaci\u00f3n. Permite un enfoque <a href=\"https:\/\/www.cuesystem.com\/es\/gestione\/beneficios-3\/\" class=\"more-link\">&#8230;<span class=\"screen-reader-text\">  Beneficios<\/span><\/a><\/p>\n","protected":false},"author":5,"featured_media":0,"parent":19278,"menu_order":510,"comment_status":"closed","ping_status":"closed","template":"","meta":{"_acf_changed":false,"inline_featured_image":false,"footnotes":""},"kategorie":[],"class_list":["post-19241","page","type-page","status-publish","hentry"],"acf":[],"_links":{"self":[{"href":"https:\/\/www.cuesystem.com\/es\/wp-json\/wp\/v2\/pages\/19241","targetHints":{"allow":["GET"]}}],"collection":[{"href":"https:\/\/www.cuesystem.com\/es\/wp-json\/wp\/v2\/pages"}],"about":[{"href":"https:\/\/www.cuesystem.com\/es\/wp-json\/wp\/v2\/types\/page"}],"author":[{"embeddable":true,"href":"https:\/\/www.cuesystem.com\/es\/wp-json\/wp\/v2\/users\/5"}],"replies":[{"embeddable":true,"href":"https:\/\/www.cuesystem.com\/es\/wp-json\/wp\/v2\/comments?post=19241"}],"version-history":[{"count":1,"href":"https:\/\/www.cuesystem.com\/es\/wp-json\/wp\/v2\/pages\/19241\/revisions"}],"predecessor-version":[{"id":19244,"href":"https:\/\/www.cuesystem.com\/es\/wp-json\/wp\/v2\/pages\/19241\/revisions\/19244"}],"up":[{"embeddable":true,"href":"https:\/\/www.cuesystem.com\/es\/wp-json\/wp\/v2\/pages\/19278"}],"wp:attachment":[{"href":"https:\/\/www.cuesystem.com\/es\/wp-json\/wp\/v2\/media?parent=19241"}],"wp:term":[{"taxonomy":"kategorie","embeddable":true,"href":"https:\/\/www.cuesystem.com\/es\/wp-json\/wp\/v2\/kategorie?post=19241"}],"curies":[{"name":"wp","href":"https:\/\/api.w.org\/{rel}","templated":true}]}}