{"id":19333,"date":"2023-10-16T13:01:04","date_gmt":"2023-10-16T11:01:04","guid":{"rendered":"https:\/\/www.cuesystem.com\/analice\/beneficios\/"},"modified":"2024-01-03T15:08:12","modified_gmt":"2024-01-03T14:08:12","slug":"beneficios","status":"publish","type":"page","link":"https:\/\/www.cuesystem.com\/es\/analice\/beneficios\/","title":{"rendered":"Beneficios"},"content":{"rendered":"\t\t<div data-elementor-type=\"wp-page\" data-elementor-id=\"19333\" class=\"elementor elementor-19333 elementor-130\" data-elementor-post-type=\"page\">\n\t\t\t\t<div class=\"elementor-element elementor-element-00951ea e-flex e-con-boxed e-con e-parent\" data-id=\"00951ea\" data-element_type=\"container\" data-e-type=\"container\" data-settings=\"{&quot;background_background&quot;:&quot;classic&quot;}\">\n\t\t\t\t\t<div class=\"e-con-inner\">\n\t\t\t\t<div class=\"elementor-element elementor-element-d4af55f elementor-widget elementor-widget-heading\" data-id=\"d4af55f\" data-element_type=\"widget\" data-e-type=\"widget\" data-widget_type=\"heading.default\">\n\t\t\t\t<div class=\"elementor-widget-container\">\n\t\t\t\t\t<h3 class=\"elementor-heading-title elementor-size-default\">Analice<\/h3>\t\t\t\t<\/div>\n\t\t\t\t<\/div>\n\t\t\t\t<div class=\"elementor-element elementor-element-59995b1 elementor-widget elementor-widget-heading\" data-id=\"59995b1\" data-element_type=\"widget\" data-e-type=\"widget\" data-widget_type=\"heading.default\">\n\t\t\t\t<div class=\"elementor-widget-container\">\n\t\t\t\t\t<h1 class=\"elementor-heading-title elementor-size-default\">Beneficios<\/h1>\t\t\t\t<\/div>\n\t\t\t\t<\/div>\n\t\t\t\t\t<\/div>\n\t\t\t\t<\/div>\n\t\t<div class=\"elementor-element elementor-element-8d0b7c8 e-flex e-con-boxed e-con e-parent\" data-id=\"8d0b7c8\" data-element_type=\"container\" data-e-type=\"container\">\n\t\t\t\t\t<div class=\"e-con-inner\">\n\t\t<div class=\"elementor-element elementor-element-a6c6ff4 e-flex e-con-boxed e-con e-child\" data-id=\"a6c6ff4\" data-element_type=\"container\" data-e-type=\"container\">\n\t\t\t\t\t<div class=\"e-con-inner\">\n\t\t<div class=\"elementor-element elementor-element-472aadc e-flex e-con-boxed e-con e-child\" data-id=\"472aadc\" data-element_type=\"container\" data-e-type=\"container\">\n\t\t\t\t\t<div class=\"e-con-inner\">\n\t\t\t\t<div class=\"elementor-element elementor-element-1ff0bdb elementor-widget elementor-widget-heading\" data-id=\"1ff0bdb\" data-element_type=\"widget\" data-e-type=\"widget\" data-widget_type=\"heading.default\">\n\t\t\t\t<div class=\"elementor-widget-container\">\n\t\t\t\t\t<h3 class=\"elementor-heading-title elementor-size-default\">Un punto de inflexi\u00f3n para el espacio de trabajo moderno<\/h3>\t\t\t\t<\/div>\n\t\t\t\t<\/div>\n\t\t\t\t<div class=\"elementor-element elementor-element-1def228 elementor-widget elementor-widget-text-editor\" data-id=\"1def228\" data-element_type=\"widget\" data-e-type=\"widget\" data-widget_type=\"text-editor.default\">\n\t\t\t\t<div class=\"elementor-widget-container\">\n\t\t\t\t\t\t\t\t\t<p>Las estad\u00edsticas de utilizaci\u00f3n del espacio benefician a las organizaciones al ofrecer informaci\u00f3n que impulsa la eficiencia, el ahorro de costes, la toma de decisiones informadas, la mejora de la experiencia de los empleados y las iniciativas de sostenibilidad.<\/p>\n\t\t\t\t\t\t\t\t<\/div>\n\t\t\t\t<\/div>\n\t\t\t\t\t<\/div>\n\t\t\t\t<\/div>\n\t\t\t\t\t<\/div>\n\t\t\t\t<\/div>\n\t\t\t\t\t<\/div>\n\t\t\t\t<\/div>\n\t\t<div class=\"elementor-element elementor-element-ca0d015 e-flex e-con-boxed e-con e-parent\" data-id=\"ca0d015\" data-element_type=\"container\" data-e-type=\"container\">\n\t\t\t\t\t<div class=\"e-con-inner\">\n\t\t<div class=\"elementor-element elementor-element-93d650a e-flex e-con-boxed e-con e-child\" data-id=\"93d650a\" data-element_type=\"container\" data-e-type=\"container\">\n\t\t\t\t\t<div class=\"e-con-inner\">\n\t\t\t\t<div class=\"elementor-element elementor-element-61fc69f elementor-widget elementor-widget-heading\" data-id=\"61fc69f\" data-element_type=\"widget\" data-e-type=\"widget\" data-widget_type=\"heading.default\">\n\t\t\t\t<div class=\"elementor-widget-container\">\n\t\t\t\t\t<h3 class=\"elementor-heading-title elementor-size-default\"><span style=\"font-size: 20.8px\">Optimizaci\u00f3n del espacio<\/span><\/h3>\t\t\t\t<\/div>\n\t\t\t\t<\/div>\n\t\t\t\t<div class=\"elementor-element elementor-element-1faa53d elementor-widget elementor-widget-text-editor\" data-id=\"1faa53d\" data-element_type=\"widget\" data-e-type=\"widget\" data-widget_type=\"text-editor.default\">\n\t\t\t\t<div class=\"elementor-widget-container\">\n\t\t\t\t\t\t\t\t\t<p>Entender c\u00f3mo se utilizan los espacios ayuda a <strong>optimizar la distribuci\u00f3n de las plantas, la asignaci\u00f3n de mesas y la organizaci\u00f3n de las salas de reuniones<\/strong>. Permite a las empresas reconfigurar las zonas en funci\u00f3n de su uso real, minimizando el espacio desaprovechado y mejorando la eficiencia.<\/p>\n\t\t\t\t\t\t\t\t<\/div>\n\t\t\t\t<\/div>\n\t\t\t\t\t<\/div>\n\t\t\t\t<\/div>\n\t\t<div class=\"elementor-element elementor-element-699fb18 e-flex e-con-boxed e-con e-child\" data-id=\"699fb18\" data-element_type=\"container\" data-e-type=\"container\">\n\t\t\t\t\t<div class=\"e-con-inner\">\n\t\t\t\t<div class=\"elementor-element elementor-element-5ddf521 elementor-widget elementor-widget-heading\" data-id=\"5ddf521\" data-element_type=\"widget\" data-e-type=\"widget\" data-widget_type=\"heading.default\">\n\t\t\t\t<div class=\"elementor-widget-container\">\n\t\t\t\t\t<h3 class=\"elementor-heading-title elementor-size-default\"><span style=\"font-size: 20.8px\">Asignaci\u00f3n de recursos<\/span><\/h3>\t\t\t\t<\/div>\n\t\t\t\t<\/div>\n\t\t\t\t<div class=\"elementor-element elementor-element-03f8cc6 elementor-widget elementor-widget-text-editor\" data-id=\"03f8cc6\" data-element_type=\"widget\" data-e-type=\"widget\" data-widget_type=\"text-editor.default\">\n\t\t\t\t<div class=\"elementor-widget-container\">\n\t\t\t\t\t\t\t\t\t<p>Analizando los datos de utilizaci\u00f3n, las organizaciones pueden <strong>asignar los recursos de forma m\u00e1s eficaz<\/strong>. Esto incluye la gesti\u00f3n de equipos, instalaciones y puestos de trabajo en funci\u00f3n de la demanda real, la reducci\u00f3n del exceso y la optimizaci\u00f3n del uso.<\/p>\n\t\t\t\t\t\t\t\t<\/div>\n\t\t\t\t<\/div>\n\t\t\t\t\t<\/div>\n\t\t\t\t<\/div>\n\t\t<div class=\"elementor-element elementor-element-a54707f e-flex e-con-boxed e-con e-child\" data-id=\"a54707f\" data-element_type=\"container\" data-e-type=\"container\">\n\t\t\t\t\t<div class=\"e-con-inner\">\n\t\t\t\t<div class=\"elementor-element elementor-element-3c1e09a elementor-widget elementor-widget-heading\" data-id=\"3c1e09a\" data-element_type=\"widget\" data-e-type=\"widget\" data-widget_type=\"heading.default\">\n\t\t\t\t<div class=\"elementor-widget-container\">\n\t\t\t\t\t<h3 class=\"elementor-heading-title elementor-size-default\"><span style=\"font-size: 20.8px\">Rentabilidad<\/span><\/h3>\t\t\t\t<\/div>\n\t\t\t\t<\/div>\n\t\t\t\t<div class=\"elementor-element elementor-element-8c0a322 elementor-widget elementor-widget-text-editor\" data-id=\"8c0a322\" data-element_type=\"widget\" data-e-type=\"widget\" data-widget_type=\"text-editor.default\">\n\t\t\t\t<div class=\"elementor-widget-container\">\n\t\t\t\t\t\t\t\t\t<p>Las estad\u00edsticas de utilizaci\u00f3n ayudan a <strong>identificar \u00e1reas o recursos infrautilizados<\/strong>, lo que ayuda a las empresas a reducir costes innecesarios relacionados con el espacio, el consumo de energ\u00eda o los recursos no utilizados.<\/p>\n\t\t\t\t\t\t\t\t<\/div>\n\t\t\t\t<\/div>\n\t\t\t\t\t<\/div>\n\t\t\t\t<\/div>\n\t\t<div class=\"elementor-element elementor-element-82e97e7 e-flex e-con-boxed e-con e-child\" data-id=\"82e97e7\" data-element_type=\"container\" data-e-type=\"container\">\n\t\t\t\t\t<div class=\"e-con-inner\">\n\t\t\t\t<div class=\"elementor-element elementor-element-e2d604a elementor-widget elementor-widget-heading\" data-id=\"e2d604a\" data-element_type=\"widget\" data-e-type=\"widget\" data-widget_type=\"heading.default\">\n\t\t\t\t<div class=\"elementor-widget-container\">\n\t\t\t\t\t<h3 class=\"elementor-heading-title elementor-size-default\"><span style=\"font-size: 20.8px\">Toma de decisiones con conocimiento de causa<\/span><\/h3>\t\t\t\t<\/div>\n\t\t\t\t<\/div>\n\t\t\t\t<div class=\"elementor-element elementor-element-ebea851 elementor-widget elementor-widget-text-editor\" data-id=\"ebea851\" data-element_type=\"widget\" data-e-type=\"widget\" data-widget_type=\"text-editor.default\">\n\t\t\t\t<div class=\"elementor-widget-container\">\n\t\t\t\t\t\t\t\t\t<p>Los datos permiten <strong>tomar decisiones informadas sobre el dise\u00f1o del espacio de trabajo, los planes de ampliaci\u00f3n o los cambios en las pol\u00edticas de oficina<\/strong>. Ayuda a dise\u00f1ar estrategias de optimizaci\u00f3n del espacio de trabajo y a alinearlas con los objetivos de la organizaci\u00f3n.<\/p>\n\t\t\t\t\t\t\t\t<\/div>\n\t\t\t\t<\/div>\n\t\t\t\t\t<\/div>\n\t\t\t\t<\/div>\n\t\t<div class=\"elementor-element elementor-element-f507742 e-flex e-con-boxed e-con e-child\" data-id=\"f507742\" data-element_type=\"container\" data-e-type=\"container\">\n\t\t\t\t\t<div class=\"e-con-inner\">\n\t\t\t\t<div class=\"elementor-element elementor-element-0e8fc3e elementor-widget elementor-widget-heading\" data-id=\"0e8fc3e\" data-element_type=\"widget\" data-e-type=\"widget\" data-widget_type=\"heading.default\">\n\t\t\t\t<div class=\"elementor-widget-container\">\n\t\t\t\t\t<h3 class=\"elementor-heading-title elementor-size-default\"><span style=\"font-size: 20.8px\">Productividad de los empleados<\/span><\/h3>\t\t\t\t<\/div>\n\t\t\t\t<\/div>\n\t\t\t\t<div class=\"elementor-element elementor-element-b862b88 elementor-widget elementor-widget-text-editor\" data-id=\"b862b88\" data-element_type=\"widget\" data-e-type=\"widget\" data-widget_type=\"text-editor.default\">\n\t\t\t\t<div class=\"elementor-widget-container\">\n\t\t\t\t\t\t\t\t\t<p>Las estad\u00edsticas de utilizaci\u00f3n proporcionan <strong>informaci\u00f3n sobre c\u00f3mo interact\u00faan los empleados con el espacio de trabajo<\/strong> y permiten comprender los diversos estilos de trabajo. \u00bfNecesitan los empleados espacios m\u00e1s personalizados para colaborar o, m\u00e1s bien, para concentrarse en el trabajo? Este conocimiento ayuda a crear entornos que favorezcan la productividad, ya sea mediante ajustes de espacio, mejor disponibilidad de recursos o disposiciones optimizadas.<\/p>\n\t\t\t\t\t\t\t\t<\/div>\n\t\t\t\t<\/div>\n\t\t\t\t\t<\/div>\n\t\t\t\t<\/div>\n\t\t<div class=\"elementor-element elementor-element-93b86f5 e-flex e-con-boxed e-con e-child\" data-id=\"93b86f5\" data-element_type=\"container\" data-e-type=\"container\">\n\t\t\t\t\t<div class=\"e-con-inner\">\n\t\t\t\t<div class=\"elementor-element elementor-element-28ac8e7 elementor-widget elementor-widget-heading\" data-id=\"28ac8e7\" data-element_type=\"widget\" data-e-type=\"widget\" data-widget_type=\"heading.default\">\n\t\t\t\t<div class=\"elementor-widget-container\">\n\t\t\t\t\t<h3 class=\"elementor-heading-title elementor-size-default\"><span style=\"font-size: 20.8px\">Mejoras operativas<\/span><\/h3>\t\t\t\t<\/div>\n\t\t\t\t<\/div>\n\t\t\t\t<div class=\"elementor-element elementor-element-975b3a5 elementor-widget elementor-widget-text-editor\" data-id=\"975b3a5\" data-element_type=\"widget\" data-e-type=\"widget\" data-widget_type=\"text-editor.default\">\n\t\t\t\t<div class=\"elementor-widget-container\">\n\t\t\t\t\t\t\t\t\t<p>Estas estad\u00edsticas ayudan a <strong>perfeccionar procesos<\/strong> operativos como los sistemas de reserva de habitaciones, la gesti\u00f3n de instalaciones o la provisi\u00f3n de recursos, lo que permite flujos de trabajo m\u00e1s fluidos y una mayor eficiencia operativa.<\/p>\n\t\t\t\t\t\t\t\t<\/div>\n\t\t\t\t<\/div>\n\t\t\t\t\t<\/div>\n\t\t\t\t<\/div>\n\t\t<div class=\"elementor-element elementor-element-4c64c64 e-flex e-con-boxed e-con e-child\" data-id=\"4c64c64\" data-element_type=\"container\" data-e-type=\"container\">\n\t\t\t\t\t<div class=\"e-con-inner\">\n\t\t\t\t<div class=\"elementor-element elementor-element-d4e77e9 elementor-widget elementor-widget-heading\" data-id=\"d4e77e9\" data-element_type=\"widget\" data-e-type=\"widget\" data-widget_type=\"heading.default\">\n\t\t\t\t<div class=\"elementor-widget-container\">\n\t\t\t\t\t<h3 class=\"elementor-heading-title elementor-size-default\"><span style=\"font-size: 20.8px\">Sostenibilidad medioambiental<\/span><\/h3>\t\t\t\t<\/div>\n\t\t\t\t<\/div>\n\t\t\t\t<div class=\"elementor-element elementor-element-8254cc3 elementor-widget elementor-widget-text-editor\" data-id=\"8254cc3\" data-element_type=\"widget\" data-e-type=\"widget\" data-widget_type=\"text-editor.default\">\n\t\t\t\t<div class=\"elementor-widget-container\">\n\t\t\t\t\t\t\t\t\t<p>Comprender la utilizaci\u00f3n del espacio de trabajo contribuye a <strong>crear entornos m\u00e1s sostenibles<\/strong> reduciendo los residuos, optimizando el uso de la energ\u00eda y ajustando las necesidades de espacio a los objetivos de conservaci\u00f3n del medio ambiente.<\/p>\n\t\t\t\t\t\t\t\t<\/div>\n\t\t\t\t<\/div>\n\t\t\t\t\t<\/div>\n\t\t\t\t<\/div>\n\t\t\t\t\t<\/div>\n\t\t\t\t<\/div>\n\t\t\t\t<\/div>\n\t\t","protected":false},"excerpt":{"rendered":"<p>Analice Beneficios Un punto de inflexi\u00f3n para el espacio de trabajo moderno Las estad\u00edsticas de utilizaci\u00f3n del espacio benefician a las organizaciones al ofrecer informaci\u00f3n que impulsa la eficiencia, el ahorro de costes, la toma de decisiones informadas, la mejora de la experiencia de los empleados y las iniciativas de sostenibilidad. Optimizaci\u00f3n del espacio Entender <a href=\"https:\/\/www.cuesystem.com\/es\/analice\/beneficios\/\" class=\"more-link\">&#8230;<span class=\"screen-reader-text\">  Beneficios<\/span><\/a><\/p>\n","protected":false},"author":5,"featured_media":0,"parent":19304,"menu_order":520,"comment_status":"closed","ping_status":"closed","template":"","meta":{"_acf_changed":false,"inline_featured_image":false,"footnotes":""},"kategorie":[],"class_list":["post-19333","page","type-page","status-publish","hentry"],"acf":[],"_links":{"self":[{"href":"https:\/\/www.cuesystem.com\/es\/wp-json\/wp\/v2\/pages\/19333","targetHints":{"allow":["GET"]}}],"collection":[{"href":"https:\/\/www.cuesystem.com\/es\/wp-json\/wp\/v2\/pages"}],"about":[{"href":"https:\/\/www.cuesystem.com\/es\/wp-json\/wp\/v2\/types\/page"}],"author":[{"embeddable":true,"href":"https:\/\/www.cuesystem.com\/es\/wp-json\/wp\/v2\/users\/5"}],"replies":[{"embeddable":true,"href":"https:\/\/www.cuesystem.com\/es\/wp-json\/wp\/v2\/comments?post=19333"}],"version-history":[{"count":1,"href":"https:\/\/www.cuesystem.com\/es\/wp-json\/wp\/v2\/pages\/19333\/revisions"}],"predecessor-version":[{"id":19347,"href":"https:\/\/www.cuesystem.com\/es\/wp-json\/wp\/v2\/pages\/19333\/revisions\/19347"}],"up":[{"embeddable":true,"href":"https:\/\/www.cuesystem.com\/es\/wp-json\/wp\/v2\/pages\/19304"}],"wp:attachment":[{"href":"https:\/\/www.cuesystem.com\/es\/wp-json\/wp\/v2\/media?parent=19333"}],"wp:term":[{"taxonomy":"kategorie","embeddable":true,"href":"https:\/\/www.cuesystem.com\/es\/wp-json\/wp\/v2\/kategorie?post=19333"}],"curies":[{"name":"wp","href":"https:\/\/api.w.org\/{rel}","templated":true}]}}