{"id":30132,"date":"2025-04-25T13:02:46","date_gmt":"2025-04-25T11:02:46","guid":{"rendered":"https:\/\/www.cuesystem.com\/skoda-auto-laurin-klement-kampus\/"},"modified":"2025-05-28T11:45:49","modified_gmt":"2025-05-28T09:45:49","slug":"skoda-auto-laurin-klement-kampus","status":"publish","type":"page","link":"https:\/\/www.cuesystem.com\/es\/casos-practicos\/skoda-auto-laurin-klement-kampus\/","title":{"rendered":"\u0160koda Auto: Laurin &amp; Klement Kampus"},"content":{"rendered":"\t\t<div data-elementor-type=\"wp-page\" data-elementor-id=\"30132\" class=\"elementor elementor-30132 elementor-29984\" data-elementor-post-type=\"page\">\n\t\t\t\t<div class=\"elementor-element elementor-element-ed27183 e-con-full e-flex e-con e-child\" data-id=\"ed27183\" data-element_type=\"container\" data-e-type=\"container\">\n\t\t\t\t<div class=\"elementor-element elementor-element-128a18a elementor-widget elementor-widget-heading\" data-id=\"128a18a\" data-element_type=\"widget\" data-e-type=\"widget\" data-widget_type=\"heading.default\">\n\t\t\t\t<div class=\"elementor-widget-container\">\n\t\t\t\t\t<h3 class=\"elementor-heading-title elementor-size-default\">Estudio de caso<\/h3>\t\t\t\t<\/div>\n\t\t\t\t<\/div>\n\t\t\t\t<div class=\"elementor-element elementor-element-482c516 elementor-widget elementor-widget-heading\" data-id=\"482c516\" data-element_type=\"widget\" data-e-type=\"widget\" data-widget_type=\"heading.default\">\n\t\t\t\t<div class=\"elementor-widget-container\">\n\t\t\t\t\t<h1 class=\"elementor-heading-title elementor-size-default\">\u0160koda Auto: Laurin &amp; Klement Kampus<\/h1>\t\t\t\t<\/div>\n\t\t\t\t<\/div>\n\t\t\t\t<div class=\"elementor-element elementor-element-dbaa5f0 elementor-widget-divider--view-line elementor-widget elementor-widget-divider\" data-id=\"dbaa5f0\" data-element_type=\"widget\" data-e-type=\"widget\" data-widget_type=\"divider.default\">\n\t\t\t\t<div class=\"elementor-widget-container\">\n\t\t\t\t\t\t\t<div class=\"elementor-divider\">\n\t\t\t<span class=\"elementor-divider-separator\">\n\t\t\t\t\t\t<\/span>\n\t\t<\/div>\n\t\t\t\t\t\t<\/div>\n\t\t\t\t<\/div>\n\t\t<div class=\"elementor-element elementor-element-63427fe e-grid e-con-boxed e-con e-child\" data-id=\"63427fe\" data-element_type=\"container\" data-e-type=\"container\">\n\t\t\t\t\t<div class=\"e-con-inner\">\n\t\t<div class=\"elementor-element elementor-element-17dd935 e-con-full e-flex e-con e-child\" data-id=\"17dd935\" data-element_type=\"container\" data-e-type=\"container\">\n\t\t\t\t<div class=\"elementor-element elementor-element-50578e4 elementor-widget elementor-widget-heading\" data-id=\"50578e4\" data-element_type=\"widget\" data-e-type=\"widget\" data-widget_type=\"heading.default\">\n\t\t\t\t<div class=\"elementor-widget-container\">\n\t\t\t\t\t<h2 class=\"elementor-heading-title elementor-size-default\">El desaf\u00edo<\/h2>\t\t\t\t<\/div>\n\t\t\t\t<\/div>\n\t\t\t\t<div class=\"elementor-element elementor-element-a8eb09d elementor-widget elementor-widget-text-editor\" data-id=\"a8eb09d\" data-element_type=\"widget\" data-e-type=\"widget\" data-widget_type=\"text-editor.default\">\n\t\t\t\t<div class=\"elementor-widget-container\">\n\t\t\t\t\t\t\t\t\t<p><a href=\"https:\/\/www.skoda-auto.com\/\"><strong>\u0160koda Auto<\/strong><\/a>nueva sede de \u0160koda Auto, <a href=\"https:\/\/www.skoda-storyboard.com\/en\/press-releases\/laurin-klement-kampus-construction-of-skoda-autos-new-headquarters-completed\/\"><strong>Campus Laurin &amp; Klement (LKK)<\/strong><\/a> en Mlad\u00e1 Boleslav, necesitaba una <strong>soluci\u00f3n de vanguardia<\/strong> para <strong>gestionar <\/strong> <strong>las reservas de salas de<\/strong> reuniones de sus <strong>2.000 empleados<\/strong>.<\/p><p>El objetivo era <strong>garantizar un funcionamiento sin fisuras<\/strong> en los <strong>m\u00faltiples departamentos<\/strong> del nuevo complejo. El sistema deb\u00eda<strong> integrarse con los calendarios de Microsoft 365<\/strong>, proporcionando una disponibilidad clara de las salas de un vistazo, al tiempo que se manten\u00eda la<strong> facilidad de uso<\/strong> y la <strong>gesti\u00f3n centralizada<\/strong> de todos los dispositivos. <\/p>\t\t\t\t\t\t\t\t<\/div>\n\t\t\t\t<\/div>\n\t\t\t\t<\/div>\n\t\t<div class=\"elementor-element elementor-element-2449cdb e-con-full e-flex e-con e-child\" data-id=\"2449cdb\" data-element_type=\"container\" data-e-type=\"container\">\n\t\t\t\t<div class=\"elementor-element elementor-element-068a751 elementor-widget elementor-widget-image\" data-id=\"068a751\" data-element_type=\"widget\" data-e-type=\"widget\" data-widget_type=\"image.default\">\n\t\t\t\t<div class=\"elementor-widget-container\">\n\t\t\t\t\t\t\t\t\t\t\t\t\t\t\t\t<a href=\"https:\/\/www.cuesystem.com\/wp-content\/uploads\/2025\/04\/Image.webp\" data-elementor-open-lightbox=\"yes\" data-e-action-hash=\"#elementor-action%3Aaction%3Dlightbox%26settings%3DeyJpZCI6MzAwMjIsInVybCI6Imh0dHBzOlwvXC93d3cuY3Vlc3lzdGVtLmNvbVwvd3AtY29udGVudFwvdXBsb2Fkc1wvMjAyNVwvMDRcL0ltYWdlLndlYnAifQ%3D%3D\">\n\t\t\t\t\t\t\t<img fetchpriority=\"high\" decoding=\"async\" width=\"684\" height=\"392\" src=\"https:\/\/www.cuesystem.com\/wp-content\/uploads\/2025\/04\/Image.webp\" class=\"attachment-large size-large wp-image-30022\" alt=\"\" srcset=\"https:\/\/www.cuesystem.com\/wp-content\/uploads\/2025\/04\/Image.webp 684w, https:\/\/www.cuesystem.com\/wp-content\/uploads\/2025\/04\/Image-300x172.webp 300w\" sizes=\"(max-width: 684px) 100vw, 684px\" \/>\t\t\t\t\t\t\t\t<\/a>\n\t\t\t\t\t\t\t\t\t\t\t\t\t\t\t<\/div>\n\t\t\t\t<\/div>\n\t\t\t\t<\/div>\n\t\t\t\t\t<\/div>\n\t\t\t\t<\/div>\n\t\t<div class=\"elementor-element elementor-element-e8dad8f e-grid e-con-boxed e-con e-child\" data-id=\"e8dad8f\" data-element_type=\"container\" data-e-type=\"container\">\n\t\t\t\t\t<div class=\"e-con-inner\">\n\t\t<div class=\"elementor-element elementor-element-230850b e-con-full e-flex e-con e-child\" data-id=\"230850b\" data-element_type=\"container\" data-e-type=\"container\">\n\t\t\t\t<div class=\"elementor-element elementor-element-0d1e5f8 elementor-widget elementor-widget-image\" data-id=\"0d1e5f8\" data-element_type=\"widget\" data-e-type=\"widget\" data-widget_type=\"image.default\">\n\t\t\t\t<div class=\"elementor-widget-container\">\n\t\t\t\t\t\t\t\t\t\t\t\t\t\t\t<img decoding=\"async\" width=\"1024\" height=\"576\" src=\"https:\/\/www.cuesystem.com\/wp-content\/uploads\/2025\/04\/01-skoda-logo-picturemark-1024x576.webp\" class=\"attachment-large size-large wp-image-30002\" alt=\"\" srcset=\"https:\/\/www.cuesystem.com\/wp-content\/uploads\/2025\/04\/01-skoda-logo-picturemark-1024x576.webp 1024w, https:\/\/www.cuesystem.com\/wp-content\/uploads\/2025\/04\/01-skoda-logo-picturemark-300x169.webp 300w, https:\/\/www.cuesystem.com\/wp-content\/uploads\/2025\/04\/01-skoda-logo-picturemark.webp 1200w\" sizes=\"(max-width: 1024px) 100vw, 1024px\" \/>\t\t\t\t\t\t\t\t\t\t\t\t\t\t\t<\/div>\n\t\t\t\t<\/div>\n\t\t\t\t<\/div>\n\t\t<div class=\"elementor-element elementor-element-2e738c0 e-con-full e-flex e-con e-child\" data-id=\"2e738c0\" data-element_type=\"container\" data-e-type=\"container\">\n\t\t\t\t<div class=\"elementor-element elementor-element-f07f59a elementor-widget elementor-widget-heading\" data-id=\"f07f59a\" data-element_type=\"widget\" data-e-type=\"widget\" data-widget_type=\"heading.default\">\n\t\t\t\t<div class=\"elementor-widget-container\">\n\t\t\t\t\t<h2 class=\"elementor-heading-title elementor-size-default\">Acerca de \u0160koda Auto\n\n<\/h2>\t\t\t\t<\/div>\n\t\t\t\t<\/div>\n\t\t\t\t<div class=\"elementor-element elementor-element-49c6b92 elementor-widget elementor-widget-text-editor\" data-id=\"49c6b92\" data-element_type=\"widget\" data-e-type=\"widget\" data-widget_type=\"text-editor.default\">\n\t\t\t\t<div class=\"elementor-widget-container\">\n\t\t\t\t\t\t\t\t\t<p><a href=\"https:\/\/www.skoda-auto.com\/\"><strong>\u0160koda Auto<\/strong><\/a> es uno de los <strong>mayores fabricantes de autom\u00f3viles<\/strong> de la Rep\u00fablica Checa, muy centrado en la <strong>innovaci\u00f3n<\/strong>, la <strong>sostenibilidad<\/strong> y la <strong>colaboraci\u00f3n entre empleados<\/strong>. El <a href=\"https:\/\/www.skoda-storyboard.com\/en\/press-releases\/laurin-klement-kampus-construction-of-skoda-autos-new-headquarters-completed\/\"><strong>Campus Laurin &amp; Klement<\/strong><\/a> est\u00e1 dise\u00f1ado para reflejar el compromiso de la empresa con estos valores, ofreciendo <strong>espacios de trabajo<\/strong> <strong>modernos<\/strong> y <strong>de alta tecnolog\u00eda<\/strong>. <\/p><p>El proyecto fue ejecutado por <a href=\"https:\/\/mitel.cz\/en\/\"><strong>Mitel<\/strong><\/a>.<\/p>\t\t\t\t\t\t\t\t<\/div>\n\t\t\t\t<\/div>\n\t\t\t\t<\/div>\n\t\t\t\t\t<\/div>\n\t\t\t\t<\/div>\n\t\t<div class=\"elementor-element elementor-element-f981228 e-grid e-con-boxed e-con e-child\" data-id=\"f981228\" data-element_type=\"container\" data-e-type=\"container\">\n\t\t\t\t\t<div class=\"e-con-inner\">\n\t\t<div class=\"elementor-element elementor-element-b7cc560 e-con-full e-flex e-con e-child\" data-id=\"b7cc560\" data-element_type=\"container\" data-e-type=\"container\">\n\t\t\t\t<div class=\"elementor-element elementor-element-ede4a1b elementor-widget elementor-widget-heading\" data-id=\"ede4a1b\" data-element_type=\"widget\" data-e-type=\"widget\" data-widget_type=\"heading.default\">\n\t\t\t\t<div class=\"elementor-widget-container\">\n\t\t\t\t\t<h2 class=\"elementor-heading-title elementor-size-default\">Nuestra resoluci\u00f3n<\/h2>\t\t\t\t<\/div>\n\t\t\t\t<\/div>\n\t\t\t\t<div class=\"elementor-element elementor-element-e149530 elementor-widget elementor-widget-text-editor\" data-id=\"e149530\" data-element_type=\"widget\" data-e-type=\"widget\" data-widget_type=\"text-editor.default\">\n\t\t\t\t<div class=\"elementor-widget-container\">\n\t\t\t\t\t\t\t\t\t<p><a href=\"https:\/\/www.cuesystem.com\/es\/\"><strong>CUE<\/strong><\/a> suministr\u00f3 <strong>250<\/strong> <strong>paneles de reserva<\/strong> <strong> <a href=\"https:\/\/docs.cuesystem.com\/space\/PRODUCTS\/604766221\">touchONE-10-W<\/a><\/strong> en todo el <a href=\"https:\/\/www.skoda-storyboard.com\/en\/press-releases\/laurin-klement-kampus-construction-of-skoda-autos-new-headquarters-completed\/\"><strong>complejo LKK<\/strong><\/a>. Los paneles est\u00e1n <strong>vinculados a calendarios de Microsoft 365<\/strong> y <strong>gestionados centralmente<\/strong> a trav\u00e9s de <a href=\"https:\/\/www.cuesystem.com\/es\/solucion-cue\/\"><strong>Soluci\u00f3n CUE<\/strong><\/a>. Equipados con <strong>indicadores LED<\/strong>, proporcionan <strong>una clara visibilidad del estado de las<\/strong> salas, facilitando a los empleados la <strong>localizaci\u00f3n<\/strong> y <strong>utilizaci\u00f3n de<\/strong> las salas de reuniones.  <\/p><p>Este sistema <strong>f\u00e1cil de usar<\/strong> e <strong>informativo <\/strong> <strong>mejora<\/strong> significativamente <strong>la gesti\u00f3n de las salas<\/strong> y <strong>aumenta la eficacia operativa<\/strong> sin necesidad de interacci\u00f3n f\u00edsica, lo que garantiza una <strong>experiencia fluida<\/strong> para todos los empleados.<\/p>\t\t\t\t\t\t\t\t<\/div>\n\t\t\t\t<\/div>\n\t\t\t\t<div class=\"elementor-element elementor-element-d634733 elementor-widget elementor-widget-heading\" data-id=\"d634733\" data-element_type=\"widget\" data-e-type=\"widget\" data-widget_type=\"heading.default\">\n\t\t\t\t<div class=\"elementor-widget-container\">\n\t\t\t\t\t<h2 class=\"elementor-heading-title elementor-size-default\"><a href=\"https:\/\/www.skoda-storyboard.com\/en\/press-releases\/laurin-klement-kampus-construction-of-skoda-autos-new-headquarters-completed\/\">M\u00e1s informaci\u00f3n sobre este proyecto aqu\u00ed.<\/a><\/h2>\t\t\t\t<\/div>\n\t\t\t\t<\/div>\n\t\t\t\t<\/div>\n\t\t<div class=\"elementor-element elementor-element-16cb9a4 e-con-full e-flex e-con e-child\" data-id=\"16cb9a4\" data-element_type=\"container\" data-e-type=\"container\">\n\t\t\t\t<div class=\"elementor-element elementor-element-4dd2077 elementor-widget elementor-widget-image\" data-id=\"4dd2077\" data-element_type=\"widget\" data-e-type=\"widget\" data-widget_type=\"image.default\">\n\t\t\t\t<div class=\"elementor-widget-container\">\n\t\t\t\t\t\t\t\t\t\t\t\t\t\t\t\t<a href=\"https:\/\/www.cuesystem.com\/wp-content\/uploads\/2025\/04\/20240820_110651.webp\" data-elementor-open-lightbox=\"yes\" data-e-action-hash=\"#elementor-action%3Aaction%3Dlightbox%26settings%3DeyJpZCI6MzAwMDcsInVybCI6Imh0dHBzOlwvXC93d3cuY3Vlc3lzdGVtLmNvbVwvd3AtY29udGVudFwvdXBsb2Fkc1wvMjAyNVwvMDRcLzIwMjQwODIwXzExMDY1MS53ZWJwIn0%3D\">\n\t\t\t\t\t\t\t<img decoding=\"async\" width=\"1024\" height=\"768\" src=\"https:\/\/www.cuesystem.com\/wp-content\/uploads\/2025\/04\/20240820_110651-1024x768.webp\" class=\"attachment-large size-large wp-image-30007\" alt=\"\" srcset=\"https:\/\/www.cuesystem.com\/wp-content\/uploads\/2025\/04\/20240820_110651-1024x768.webp 1024w, https:\/\/www.cuesystem.com\/wp-content\/uploads\/2025\/04\/20240820_110651-300x225.webp 300w\" sizes=\"(max-width: 1024px) 100vw, 1024px\" \/>\t\t\t\t\t\t\t\t<\/a>\n\t\t\t\t\t\t\t\t\t\t\t\t\t\t\t<\/div>\n\t\t\t\t<\/div>\n\t\t\t\t<\/div>\n\t\t\t\t\t<\/div>\n\t\t\t\t<\/div>\n\t\t<div class=\"elementor-element elementor-element-1c637f5 e-flex e-con-boxed e-con e-child\" data-id=\"1c637f5\" data-element_type=\"container\" data-e-type=\"container\">\n\t\t\t\t\t<div class=\"e-con-inner\">\n\t\t\t\t<div class=\"elementor-element elementor-element-af66434 elementor-widget elementor-widget-gallery\" data-id=\"af66434\" data-element_type=\"widget\" data-e-type=\"widget\" data-settings=\"{&quot;lazyload&quot;:&quot;yes&quot;,&quot;gallery_layout&quot;:&quot;grid&quot;,&quot;columns&quot;:4,&quot;columns_tablet&quot;:2,&quot;columns_mobile&quot;:1,&quot;gap&quot;:{&quot;unit&quot;:&quot;px&quot;,&quot;size&quot;:10,&quot;sizes&quot;:[]},&quot;gap_laptop&quot;:{&quot;unit&quot;:&quot;px&quot;,&quot;size&quot;:10,&quot;sizes&quot;:[]},&quot;gap_tablet_extra&quot;:{&quot;unit&quot;:&quot;px&quot;,&quot;size&quot;:10,&quot;sizes&quot;:[]},&quot;gap_tablet&quot;:{&quot;unit&quot;:&quot;px&quot;,&quot;size&quot;:10,&quot;sizes&quot;:[]},&quot;gap_mobile_extra&quot;:{&quot;unit&quot;:&quot;px&quot;,&quot;size&quot;:10,&quot;sizes&quot;:[]},&quot;gap_mobile&quot;:{&quot;unit&quot;:&quot;px&quot;,&quot;size&quot;:10,&quot;sizes&quot;:[]},&quot;link_to&quot;:&quot;file&quot;,&quot;aspect_ratio&quot;:&quot;3:2&quot;,&quot;overlay_background&quot;:&quot;yes&quot;,&quot;content_hover_animation&quot;:&quot;fade-in&quot;}\" data-widget_type=\"gallery.default\">\n\t\t\t\t<div class=\"elementor-widget-container\">\n\t\t\t\t\t\t\t<div class=\"elementor-gallery__container\">\n\t\t\t\t\t\t\t<a class=\"e-gallery-item elementor-gallery-item elementor-animated-content\" href=\"https:\/\/www.cuesystem.com\/wp-content\/uploads\/2025\/04\/20240820_110739-1.webp\" data-elementor-open-lightbox=\"yes\" data-elementor-lightbox-slideshow=\"af66434\" data-e-action-hash=\"#elementor-action%3Aaction%3Dlightbox%26settings%3DeyJpZCI6MzAwNDEsInVybCI6Imh0dHBzOlwvXC93d3cuY3Vlc3lzdGVtLmNvbVwvd3AtY29udGVudFwvdXBsb2Fkc1wvMjAyNVwvMDRcLzIwMjQwODIwXzExMDczOS0xLndlYnAiLCJzbGlkZXNob3ciOiJhZjY2NDM0In0%3D\">\n\t\t\t\t\t<div class=\"e-gallery-image elementor-gallery-item__image\" data-thumbnail=\"https:\/\/www.cuesystem.com\/wp-content\/uploads\/2025\/04\/20240820_110739-1-300x225.webp\" data-width=\"300\" data-height=\"225\" aria-label=\"\" role=\"img\" ><\/div>\n\t\t\t\t\t\t\t\t\t\t\t<div class=\"elementor-gallery-item__overlay\"><\/div>\n\t\t\t\t\t\t\t\t\t\t\t\t\t\t<\/a>\n\t\t\t\t\t\t\t<a class=\"e-gallery-item elementor-gallery-item elementor-animated-content\" href=\"https:\/\/www.cuesystem.com\/wp-content\/uploads\/2025\/04\/IMG_5328-1.webp\" data-elementor-open-lightbox=\"yes\" data-elementor-lightbox-slideshow=\"af66434\" data-e-action-hash=\"#elementor-action%3Aaction%3Dlightbox%26settings%3DeyJpZCI6MzAwNTYsInVybCI6Imh0dHBzOlwvXC93d3cuY3Vlc3lzdGVtLmNvbVwvd3AtY29udGVudFwvdXBsb2Fkc1wvMjAyNVwvMDRcL0lNR181MzI4LTEud2VicCIsInNsaWRlc2hvdyI6ImFmNjY0MzQifQ%3D%3D\">\n\t\t\t\t\t<div class=\"e-gallery-image elementor-gallery-item__image\" data-thumbnail=\"https:\/\/www.cuesystem.com\/wp-content\/uploads\/2025\/04\/IMG_5328-1-300x225.webp\" data-width=\"300\" data-height=\"225\" aria-label=\"\" role=\"img\" ><\/div>\n\t\t\t\t\t\t\t\t\t\t\t<div class=\"elementor-gallery-item__overlay\"><\/div>\n\t\t\t\t\t\t\t\t\t\t\t\t\t\t<\/a>\n\t\t\t\t\t\t\t<a class=\"e-gallery-item elementor-gallery-item elementor-animated-content\" href=\"https:\/\/www.cuesystem.com\/wp-content\/uploads\/2025\/04\/20240820_110856-1-1.webp\" data-elementor-open-lightbox=\"yes\" data-elementor-lightbox-slideshow=\"af66434\" data-e-action-hash=\"#elementor-action%3Aaction%3Dlightbox%26settings%3DeyJpZCI6MzAwNDYsInVybCI6Imh0dHBzOlwvXC93d3cuY3Vlc3lzdGVtLmNvbVwvd3AtY29udGVudFwvdXBsb2Fkc1wvMjAyNVwvMDRcLzIwMjQwODIwXzExMDg1Ni0xLTEud2VicCIsInNsaWRlc2hvdyI6ImFmNjY0MzQifQ%3D%3D\">\n\t\t\t\t\t<div class=\"e-gallery-image elementor-gallery-item__image\" data-thumbnail=\"https:\/\/www.cuesystem.com\/wp-content\/uploads\/2025\/04\/20240820_110856-1-1-300x225.webp\" data-width=\"300\" data-height=\"225\" aria-label=\"\" role=\"img\" ><\/div>\n\t\t\t\t\t\t\t\t\t\t\t<div class=\"elementor-gallery-item__overlay\"><\/div>\n\t\t\t\t\t\t\t\t\t\t\t\t\t\t<\/a>\n\t\t\t\t\t\t\t<a class=\"e-gallery-item elementor-gallery-item elementor-animated-content\" href=\"https:\/\/www.cuesystem.com\/wp-content\/uploads\/2025\/04\/20240820_111127-1.webp\" data-elementor-open-lightbox=\"yes\" data-elementor-lightbox-slideshow=\"af66434\" data-e-action-hash=\"#elementor-action%3Aaction%3Dlightbox%26settings%3DeyJpZCI6MzAwNTEsInVybCI6Imh0dHBzOlwvXC93d3cuY3Vlc3lzdGVtLmNvbVwvd3AtY29udGVudFwvdXBsb2Fkc1wvMjAyNVwvMDRcLzIwMjQwODIwXzExMTEyNy0xLndlYnAiLCJzbGlkZXNob3ciOiJhZjY2NDM0In0%3D\">\n\t\t\t\t\t<div class=\"e-gallery-image elementor-gallery-item__image\" data-thumbnail=\"https:\/\/www.cuesystem.com\/wp-content\/uploads\/2025\/04\/20240820_111127-1-300x225.webp\" data-width=\"300\" data-height=\"225\" aria-label=\"\" role=\"img\" ><\/div>\n\t\t\t\t\t\t\t\t\t\t\t<div class=\"elementor-gallery-item__overlay\"><\/div>\n\t\t\t\t\t\t\t\t\t\t\t\t\t\t<\/a>\n\t\t\t\t\t<\/div>\n\t\t\t\t\t<\/div>\n\t\t\t\t<\/div>\n\t\t\t\t\t<\/div>\n\t\t\t\t<\/div>\n\t\t\t\t<\/div>\n\t\t\t\t<\/div>\n\t\t","protected":false},"excerpt":{"rendered":"<p>Estudio de caso \u0160koda Auto: Laurin &amp; Klement Kampus El desaf\u00edo \u0160koda Autonueva sede de \u0160koda Auto, Campus Laurin &amp; Klement (LKK) en Mlad\u00e1 Boleslav, necesitaba una soluci\u00f3n de vanguardia para gestionar las reservas de salas de reuniones de sus 2.000 empleados. El objetivo era garantizar un funcionamiento sin fisuras en los m\u00faltiples departamentos del <a href=\"https:\/\/www.cuesystem.com\/es\/casos-practicos\/skoda-auto-laurin-klement-kampus\/\" class=\"more-link\">&#8230;<span class=\"screen-reader-text\">  \u0160koda Auto: Laurin &amp; Klement Kampus<\/span><\/a><\/p>\n","protected":false},"author":11,"featured_media":0,"parent":30180,"menu_order":215,"comment_status":"closed","ping_status":"closed","template":"","meta":{"_acf_changed":false,"inline_featured_image":false,"footnotes":""},"kategorie":[],"class_list":["post-30132","page","type-page","status-publish","hentry"],"acf":[],"_links":{"self":[{"href":"https:\/\/www.cuesystem.com\/es\/wp-json\/wp\/v2\/pages\/30132","targetHints":{"allow":["GET"]}}],"collection":[{"href":"https:\/\/www.cuesystem.com\/es\/wp-json\/wp\/v2\/pages"}],"about":[{"href":"https:\/\/www.cuesystem.com\/es\/wp-json\/wp\/v2\/types\/page"}],"author":[{"embeddable":true,"href":"https:\/\/www.cuesystem.com\/es\/wp-json\/wp\/v2\/users\/11"}],"replies":[{"embeddable":true,"href":"https:\/\/www.cuesystem.com\/es\/wp-json\/wp\/v2\/comments?post=30132"}],"version-history":[{"count":2,"href":"https:\/\/www.cuesystem.com\/es\/wp-json\/wp\/v2\/pages\/30132\/revisions"}],"predecessor-version":[{"id":30318,"href":"https:\/\/www.cuesystem.com\/es\/wp-json\/wp\/v2\/pages\/30132\/revisions\/30318"}],"up":[{"embeddable":true,"href":"https:\/\/www.cuesystem.com\/es\/wp-json\/wp\/v2\/pages\/30180"}],"wp:attachment":[{"href":"https:\/\/www.cuesystem.com\/es\/wp-json\/wp\/v2\/media?parent=30132"}],"wp:term":[{"taxonomy":"kategorie","embeddable":true,"href":"https:\/\/www.cuesystem.com\/es\/wp-json\/wp\/v2\/kategorie?post=30132"}],"curies":[{"name":"wp","href":"https:\/\/api.w.org\/{rel}","templated":true}]}}