{"id":30141,"date":"2025-03-16T22:05:58","date_gmt":"2025-03-16T21:05:58","guid":{"rendered":"https:\/\/www.cuesystem.com\/estilo-azul\/"},"modified":"2025-05-05T12:13:09","modified_gmt":"2025-05-05T10:13:09","slug":"estilo-azul","status":"publish","type":"page","link":"https:\/\/www.cuesystem.com\/es\/casos-practicos\/estilo-azul\/","title":{"rendered":"Estilo Azul"},"content":{"rendered":"\t\t<div data-elementor-type=\"wp-page\" data-elementor-id=\"30141\" class=\"elementor elementor-30141 elementor-28943\" data-elementor-post-type=\"page\">\n\t\t\t\t<div class=\"elementor-element elementor-element-073907d e-con-full e-flex e-con e-child\" data-id=\"073907d\" data-element_type=\"container\" data-e-type=\"container\">\n\t\t\t\t<div class=\"elementor-element elementor-element-8726b4d elementor-widget elementor-widget-heading\" data-id=\"8726b4d\" data-element_type=\"widget\" data-e-type=\"widget\" data-widget_type=\"heading.default\">\n\t\t\t\t<div class=\"elementor-widget-container\">\n\t\t\t\t\t<h3 class=\"elementor-heading-title elementor-size-default\">Estudio de caso<\/h3>\t\t\t\t<\/div>\n\t\t\t\t<\/div>\n\t\t\t\t<div class=\"elementor-element elementor-element-d9a498b elementor-widget elementor-widget-heading\" data-id=\"d9a498b\" data-element_type=\"widget\" data-e-type=\"widget\" data-widget_type=\"heading.default\">\n\t\t\t\t<div class=\"elementor-widget-container\">\n\t\t\t\t\t<h1 class=\"elementor-heading-title elementor-size-default\">Estilo Azul\n\n<\/h1>\t\t\t\t<\/div>\n\t\t\t\t<\/div>\n\t\t\t\t<div class=\"elementor-element elementor-element-fd69374 elementor-widget-divider--view-line elementor-widget elementor-widget-divider\" data-id=\"fd69374\" data-element_type=\"widget\" data-e-type=\"widget\" data-widget_type=\"divider.default\">\n\t\t\t\t<div class=\"elementor-widget-container\">\n\t\t\t\t\t\t\t<div class=\"elementor-divider\">\n\t\t\t<span class=\"elementor-divider-separator\">\n\t\t\t\t\t\t<\/span>\n\t\t<\/div>\n\t\t\t\t\t\t<\/div>\n\t\t\t\t<\/div>\n\t\t<div class=\"elementor-element elementor-element-c573afc e-grid e-con-boxed e-con e-child\" data-id=\"c573afc\" data-element_type=\"container\" data-e-type=\"container\">\n\t\t\t\t\t<div class=\"e-con-inner\">\n\t\t<div class=\"elementor-element elementor-element-97cab95 e-con-full e-flex e-con e-child\" data-id=\"97cab95\" data-element_type=\"container\" data-e-type=\"container\">\n\t\t\t\t<div class=\"elementor-element elementor-element-471dbe2 elementor-widget elementor-widget-heading\" data-id=\"471dbe2\" data-element_type=\"widget\" data-e-type=\"widget\" data-widget_type=\"heading.default\">\n\t\t\t\t<div class=\"elementor-widget-container\">\n\t\t\t\t\t<h2 class=\"elementor-heading-title elementor-size-default\">El desaf\u00edo<\/h2>\t\t\t\t<\/div>\n\t\t\t\t<\/div>\n\t\t\t\t<div class=\"elementor-element elementor-element-72eb674 elementor-widget elementor-widget-text-editor\" data-id=\"72eb674\" data-element_type=\"widget\" data-e-type=\"widget\" data-widget_type=\"text-editor.default\">\n\t\t\t\t<div class=\"elementor-widget-container\">\n\t\t\t\t\t\t\t\t\t<p>Como agencia de viajes l\u00edder, <a href=\"https:\/\/www.blue-style.cz\/\" target=\"_blank\" rel=\"noopener\">Blue Style<\/a> quer\u00eda mejorar la eficacia de sus espacios de oficina con un <strong>sistema de gesti\u00f3n de salas de reuniones<\/strong> sin fisuras. Con <strong>16 salas de reuniones<\/strong>, la empresa necesitaba una soluci\u00f3n intuitiva y fiable para: <\/p><ul><li>Simplifica las <strong>reservas de<\/strong> habitaciones <strong>y el seguimiento de la disponibilidad<\/strong><\/li><li><strong>Facilita el control de los sistemas audiovisuales<\/strong> en los espacios de reuni\u00f3n<\/li><li>Garantizar una <strong>experiencia \u00e1gil<\/strong> para empleados y ejecutivos<\/li><\/ul><p>Mediante la integraci\u00f3n de un <strong>sistema<\/strong> avanzado <strong>de control y reservas<\/strong>, <a href=\"https:\/\/www.blue-style.cz\/\" target=\"_blank\" rel=\"noopener\">Blue Style<\/a> pretend\u00eda crear un entorno de oficina <strong>moderno<\/strong> y <strong>funcional<\/strong> que fomentara la productividad y la colaboraci\u00f3n.<\/p>\t\t\t\t\t\t\t\t<\/div>\n\t\t\t\t<\/div>\n\t\t\t\t<\/div>\n\t\t<div class=\"elementor-element elementor-element-5a8944d e-con-full e-flex e-con e-child\" data-id=\"5a8944d\" data-element_type=\"container\" data-e-type=\"container\">\n\t\t\t\t<div class=\"elementor-element elementor-element-92baff7 elementor-widget elementor-widget-image\" data-id=\"92baff7\" data-element_type=\"widget\" data-e-type=\"widget\" data-widget_type=\"image.default\">\n\t\t\t\t<div class=\"elementor-widget-container\">\n\t\t\t\t\t\t\t\t\t\t\t\t\t\t\t\t<a href=\"https:\/\/www.cuesystem.com\/wp-content\/uploads\/2025\/03\/Snimek-obrazovky-2025-03-10-140944.webp\" data-elementor-open-lightbox=\"yes\" data-e-action-hash=\"#elementor-action%3Aaction%3Dlightbox%26settings%3DeyJpZCI6Mjg5NjEsInVybCI6Imh0dHBzOlwvXC93d3cuY3Vlc3lzdGVtLmNvbVwvd3AtY29udGVudFwvdXBsb2Fkc1wvMjAyNVwvMDNcL1NuaW1lay1vYnJhem92a3ktMjAyNS0wMy0xMC0xNDA5NDQud2VicCJ9\">\n\t\t\t\t\t\t\t<img fetchpriority=\"high\" decoding=\"async\" width=\"1024\" height=\"576\" src=\"https:\/\/www.cuesystem.com\/wp-content\/uploads\/2025\/03\/Snimek-obrazovky-2025-03-10-140944-1024x576.webp\" class=\"attachment-large size-large wp-image-28961\" alt=\"\" srcset=\"https:\/\/www.cuesystem.com\/wp-content\/uploads\/2025\/03\/Snimek-obrazovky-2025-03-10-140944-1024x576.webp 1024w, https:\/\/www.cuesystem.com\/wp-content\/uploads\/2025\/03\/Snimek-obrazovky-2025-03-10-140944-300x169.webp 300w, https:\/\/www.cuesystem.com\/wp-content\/uploads\/2025\/03\/Snimek-obrazovky-2025-03-10-140944.webp 1919w\" sizes=\"(max-width: 1024px) 100vw, 1024px\" \/>\t\t\t\t\t\t\t\t<\/a>\n\t\t\t\t\t\t\t\t\t\t\t\t\t\t\t<\/div>\n\t\t\t\t<\/div>\n\t\t\t\t<div class=\"elementor-element elementor-element-fadf6a6 elementor-widget elementor-widget-image\" data-id=\"fadf6a6\" data-element_type=\"widget\" data-e-type=\"widget\" data-widget_type=\"image.default\">\n\t\t\t\t<div class=\"elementor-widget-container\">\n\t\t\t\t\t\t\t\t\t\t\t\t\t\t\t\t<a href=\"https:\/\/www.cuesystem.com\/wp-content\/uploads\/2025\/03\/Snimek-obrazovky-2025-03-10-141152.webp\" data-elementor-open-lightbox=\"yes\" data-e-action-hash=\"#elementor-action%3Aaction%3Dlightbox%26settings%3DeyJpZCI6Mjg5NjYsInVybCI6Imh0dHBzOlwvXC93d3cuY3Vlc3lzdGVtLmNvbVwvd3AtY29udGVudFwvdXBsb2Fkc1wvMjAyNVwvMDNcL1NuaW1lay1vYnJhem92a3ktMjAyNS0wMy0xMC0xNDExNTIud2VicCJ9\">\n\t\t\t\t\t\t\t<img decoding=\"async\" width=\"1024\" height=\"508\" src=\"https:\/\/www.cuesystem.com\/wp-content\/uploads\/2025\/03\/Snimek-obrazovky-2025-03-10-141152-1024x508.webp\" class=\"attachment-large size-large wp-image-28966\" alt=\"\" srcset=\"https:\/\/www.cuesystem.com\/wp-content\/uploads\/2025\/03\/Snimek-obrazovky-2025-03-10-141152-1024x508.webp 1024w, https:\/\/www.cuesystem.com\/wp-content\/uploads\/2025\/03\/Snimek-obrazovky-2025-03-10-141152-300x149.webp 300w, https:\/\/www.cuesystem.com\/wp-content\/uploads\/2025\/03\/Snimek-obrazovky-2025-03-10-141152.webp 1919w\" sizes=\"(max-width: 1024px) 100vw, 1024px\" \/>\t\t\t\t\t\t\t\t<\/a>\n\t\t\t\t\t\t\t\t\t\t\t\t\t\t\t<\/div>\n\t\t\t\t<\/div>\n\t\t\t\t<\/div>\n\t\t\t\t\t<\/div>\n\t\t\t\t<\/div>\n\t\t<div class=\"elementor-element elementor-element-5c66f66 e-grid e-con-boxed e-con e-child\" data-id=\"5c66f66\" data-element_type=\"container\" data-e-type=\"container\">\n\t\t\t\t\t<div class=\"e-con-inner\">\n\t\t<div class=\"elementor-element elementor-element-e4fde28 e-con-full e-flex e-con e-child\" data-id=\"e4fde28\" data-element_type=\"container\" data-e-type=\"container\">\n\t\t\t\t<div class=\"elementor-element elementor-element-8531687 elementor-widget elementor-widget-image\" data-id=\"8531687\" data-element_type=\"widget\" data-e-type=\"widget\" data-widget_type=\"image.default\">\n\t\t\t\t<div class=\"elementor-widget-container\">\n\t\t\t\t\t\t\t\t\t\t\t\t\t\t\t<img decoding=\"async\" width=\"1024\" height=\"288\" src=\"https:\/\/www.cuesystem.com\/wp-content\/uploads\/2025\/03\/DARK_BLUE-1024x288.webp\" class=\"attachment-large size-large wp-image-28971\" alt=\"\" srcset=\"https:\/\/www.cuesystem.com\/wp-content\/uploads\/2025\/03\/DARK_BLUE-1024x288.webp 1024w, https:\/\/www.cuesystem.com\/wp-content\/uploads\/2025\/03\/DARK_BLUE-300x84.webp 300w, https:\/\/www.cuesystem.com\/wp-content\/uploads\/2025\/03\/DARK_BLUE.webp 1600w\" sizes=\"(max-width: 1024px) 100vw, 1024px\" \/>\t\t\t\t\t\t\t\t\t\t\t\t\t\t\t<\/div>\n\t\t\t\t<\/div>\n\t\t\t\t<\/div>\n\t\t<div class=\"elementor-element elementor-element-39b74d9 e-con-full e-flex e-con e-child\" data-id=\"39b74d9\" data-element_type=\"container\" data-e-type=\"container\">\n\t\t\t\t<div class=\"elementor-element elementor-element-6c40024 elementor-widget elementor-widget-heading\" data-id=\"6c40024\" data-element_type=\"widget\" data-e-type=\"widget\" data-widget_type=\"heading.default\">\n\t\t\t\t<div class=\"elementor-widget-container\">\n\t\t\t\t\t<h2 class=\"elementor-heading-title elementor-size-default\">Sobre Blue Style\n\n<\/h2>\t\t\t\t<\/div>\n\t\t\t\t<\/div>\n\t\t\t\t<div class=\"elementor-element elementor-element-93c25d8 elementor-widget elementor-widget-text-editor\" data-id=\"93c25d8\" data-element_type=\"widget\" data-e-type=\"widget\" data-widget_type=\"text-editor.default\">\n\t\t\t\t<div class=\"elementor-widget-container\">\n\t\t\t\t\t\t\t\t\t<p>Fundada en 1997, <a href=\"https:\/\/www.blue-style.cz\/\" target=\"_blank\" rel=\"noopener\">Blue Style<\/a> es una de las principales <strong>agencias de viajes<\/strong> checas, que ofrece vacaciones a m\u00e1s de <strong>30 destinos de todo el mundo<\/strong>.<\/p>\n<p>Nuestro <strong>socio checo<\/strong> <a href=\"https:\/\/www.avmedia.cz\/en\/\" target=\"_blank\" rel=\"noopener\">AV MEDIA<\/a> se encarg\u00f3 de la ejecuci\u00f3n del proyecto.<\/p>\t\t\t\t\t\t\t\t<\/div>\n\t\t\t\t<\/div>\n\t\t\t\t<\/div>\n\t\t\t\t\t<\/div>\n\t\t\t\t<\/div>\n\t\t<div class=\"elementor-element elementor-element-b07a7d8 e-grid e-con-boxed e-con e-child\" data-id=\"b07a7d8\" data-element_type=\"container\" data-e-type=\"container\">\n\t\t\t\t\t<div class=\"e-con-inner\">\n\t\t<div class=\"elementor-element elementor-element-589dde4 e-con-full e-flex e-con e-child\" data-id=\"589dde4\" data-element_type=\"container\" data-e-type=\"container\">\n\t\t\t\t<div class=\"elementor-element elementor-element-e36d1e1 elementor-widget elementor-widget-heading\" data-id=\"e36d1e1\" data-element_type=\"widget\" data-e-type=\"widget\" data-widget_type=\"heading.default\">\n\t\t\t\t<div class=\"elementor-widget-container\">\n\t\t\t\t\t<h2 class=\"elementor-heading-title elementor-size-default\">Nuestra resoluci\u00f3n<\/h2>\t\t\t\t<\/div>\n\t\t\t\t<\/div>\n\t\t\t\t<div class=\"elementor-element elementor-element-972e000 elementor-widget elementor-widget-text-editor\" data-id=\"972e000\" data-element_type=\"widget\" data-e-type=\"widget\" data-widget_type=\"text-editor.default\">\n\t\t\t\t<div class=\"elementor-widget-container\">\n\t\t\t\t\t\t\t\t\t<p>Para satisfacer las necesidades de <a href=\"https:\/\/www.blue-style.cz\/\" target=\"_blank\" rel=\"noopener\">Blue Style<\/a>, <a href=\"https:\/\/www.avmedia.cz\/en\/\" target=\"_blank\" rel=\"noopener\">AV MEDIA<\/a> despleg\u00f3 un completo <strong>sistema de control y reservas CUE<\/strong>:<\/p>\n<ul>\n<li><strong>Reserva de salas sin esfuerzo<\/strong>: los paneles de reserva de <a href=\"https:\/\/docs.cuesystem.com\/space\/PRODUCTS\/604766221\" target=\"_blank\" rel=\"noopener\">touchONE-10-W<\/a> ofrecen una <strong>visi\u00f3n clara de la disponibilidad de las salas de reuniones<\/strong>, lo que permite a los empleados reservar, ampliar o cancelar reservas f\u00e1cilmente.<\/li>\n<li><strong>Control inteligente de la<\/strong> sala de juntas ejecutiva &#8211; El panel <a href=\"https:\/\/docs.cuesystem.com\/space\/PRODUCTS\/482934790\/touchCUE-7\" target=\"_blank\" rel=\"noopener\">touchCUE-7<\/a> y el controlador <a href=\"https:\/\/docs.cuesystem.com\/space\/PRODUCTS\/605388827\/controlCUE-three\" target=\"_blank\" rel=\"noopener\">controlCUE-tres<\/a> permiten la gesti\u00f3n centralizada de los sistemas audiovisuales y la configuraci\u00f3n de la sala en la oficina ejecutiva.<\/li>\n<li><strong>F\u00e1cil manejo en la sala<\/strong>: el sistema de control <a href=\"https:\/\/docs.cuesystem.com\/space\/PRODUCTS\/484868189\/liteCUE-basic\" target=\"_blank\" rel=\"noopener\">liteCUE-basic<\/a> basado en <strong>un teclado intuitivo <\/strong>permite a los empleados <strong>ajustar la configuraci\u00f3n de la sala de reuniones<\/strong> con el m\u00ednimo esfuerzo.<\/li>\n<\/ul>\n<p>Esta <strong>soluci\u00f3n inteligente e integrada<\/strong> ha transformado la oficina de <a href=\"https:\/\/www.blue-style.cz\/\" target=\"_blank\" rel=\"noopener\">Blue<\/a>Style en un <strong>lugar de trabajo moderno y eficiente<\/strong>. Con una mezcla perfecta de <strong>tecnolog\u00eda y dise\u00f1o<\/strong>, la empresa no s\u00f3lo ha mejorado sus operaciones diarias, sino que tambi\u00e9n ha obtenido el reconocimiento como <strong>finalista<\/strong> en el concurso <a href=\"https:\/\/www.linkedin.com\/company\/kancelareroku\/\" target=\"_blank\" rel=\"noopener\">Oficina del A\u00f1o<\/a>. <\/p>\t\t\t\t\t\t\t\t<\/div>\n\t\t\t\t<\/div>\n\t\t\t\t<\/div>\n\t\t<div class=\"elementor-element elementor-element-661f3ee e-con-full e-flex e-con e-child\" data-id=\"661f3ee\" data-element_type=\"container\" data-e-type=\"container\">\n\t\t\t\t<div class=\"elementor-element elementor-element-89ad45f elementor-widget elementor-widget-image\" data-id=\"89ad45f\" data-element_type=\"widget\" data-e-type=\"widget\" data-widget_type=\"image.default\">\n\t\t\t\t<div class=\"elementor-widget-container\">\n\t\t\t\t\t\t\t\t\t\t\t\t\t\t\t\t<a href=\"https:\/\/www.cuesystem.com\/wp-content\/uploads\/2025\/03\/Snimek-obrazovky-2025-03-10-141004.webp\" data-elementor-open-lightbox=\"yes\" data-e-action-hash=\"#elementor-action%3Aaction%3Dlightbox%26settings%3DeyJpZCI6Mjg5OTAsInVybCI6Imh0dHBzOlwvXC93d3cuY3Vlc3lzdGVtLmNvbVwvd3AtY29udGVudFwvdXBsb2Fkc1wvMjAyNVwvMDNcL1NuaW1lay1vYnJhem92a3ktMjAyNS0wMy0xMC0xNDEwMDQud2VicCJ9\">\n\t\t\t\t\t\t\t<img loading=\"lazy\" decoding=\"async\" width=\"1024\" height=\"507\" src=\"https:\/\/www.cuesystem.com\/wp-content\/uploads\/2025\/03\/Snimek-obrazovky-2025-03-10-141004-1024x507.webp\" class=\"attachment-large size-large wp-image-28990\" alt=\"\" srcset=\"https:\/\/www.cuesystem.com\/wp-content\/uploads\/2025\/03\/Snimek-obrazovky-2025-03-10-141004-1024x507.webp 1024w, https:\/\/www.cuesystem.com\/wp-content\/uploads\/2025\/03\/Snimek-obrazovky-2025-03-10-141004-300x149.webp 300w, https:\/\/www.cuesystem.com\/wp-content\/uploads\/2025\/03\/Snimek-obrazovky-2025-03-10-141004.webp 1919w\" sizes=\"(max-width: 1024px) 100vw, 1024px\" \/>\t\t\t\t\t\t\t\t<\/a>\n\t\t\t\t\t\t\t\t\t\t\t\t\t\t\t<\/div>\n\t\t\t\t<\/div>\n\t\t\t\t<div class=\"elementor-element elementor-element-f080160 elementor-widget elementor-widget-image\" data-id=\"f080160\" data-element_type=\"widget\" data-e-type=\"widget\" data-widget_type=\"image.default\">\n\t\t\t\t<div class=\"elementor-widget-container\">\n\t\t\t\t\t\t\t\t\t\t\t\t\t\t\t\t<a href=\"https:\/\/www.cuesystem.com\/wp-content\/uploads\/2025\/03\/Snimek-obrazovky-2025-03-10-134743.webp\" data-elementor-open-lightbox=\"yes\" data-e-action-hash=\"#elementor-action%3Aaction%3Dlightbox%26settings%3DeyJpZCI6Mjg5ODAsInVybCI6Imh0dHBzOlwvXC93d3cuY3Vlc3lzdGVtLmNvbVwvd3AtY29udGVudFwvdXBsb2Fkc1wvMjAyNVwvMDNcL1NuaW1lay1vYnJhem92a3ktMjAyNS0wMy0xMC0xMzQ3NDMud2VicCJ9\">\n\t\t\t\t\t\t\t<img loading=\"lazy\" decoding=\"async\" width=\"1024\" height=\"579\" src=\"https:\/\/www.cuesystem.com\/wp-content\/uploads\/2025\/03\/Snimek-obrazovky-2025-03-10-134743-1024x579.webp\" class=\"attachment-large size-large wp-image-28980\" alt=\"\" srcset=\"https:\/\/www.cuesystem.com\/wp-content\/uploads\/2025\/03\/Snimek-obrazovky-2025-03-10-134743-1024x579.webp 1024w, https:\/\/www.cuesystem.com\/wp-content\/uploads\/2025\/03\/Snimek-obrazovky-2025-03-10-134743-300x170.webp 300w, https:\/\/www.cuesystem.com\/wp-content\/uploads\/2025\/03\/Snimek-obrazovky-2025-03-10-134743.webp 1907w\" sizes=\"(max-width: 1024px) 100vw, 1024px\" \/>\t\t\t\t\t\t\t\t<\/a>\n\t\t\t\t\t\t\t\t\t\t\t\t\t\t\t<\/div>\n\t\t\t\t<\/div>\n\t\t\t\t<div class=\"elementor-element elementor-element-732583c elementor-widget elementor-widget-image\" data-id=\"732583c\" data-element_type=\"widget\" data-e-type=\"widget\" data-widget_type=\"image.default\">\n\t\t\t\t<div class=\"elementor-widget-container\">\n\t\t\t\t\t\t\t\t\t\t\t\t\t\t\t\t<a href=\"https:\/\/www.cuesystem.com\/wp-content\/uploads\/2025\/03\/Snimek-obrazovky-2025-03-10-141037.webp\" data-elementor-open-lightbox=\"yes\" data-e-action-hash=\"#elementor-action%3Aaction%3Dlightbox%26settings%3DeyJpZCI6Mjg5ODUsInVybCI6Imh0dHBzOlwvXC93d3cuY3Vlc3lzdGVtLmNvbVwvd3AtY29udGVudFwvdXBsb2Fkc1wvMjAyNVwvMDNcL1NuaW1lay1vYnJhem92a3ktMjAyNS0wMy0xMC0xNDEwMzcud2VicCJ9\">\n\t\t\t\t\t\t\t<img loading=\"lazy\" decoding=\"async\" width=\"1024\" height=\"716\" src=\"https:\/\/www.cuesystem.com\/wp-content\/uploads\/2025\/03\/Snimek-obrazovky-2025-03-10-141037-1024x716.webp\" class=\"attachment-large size-large wp-image-28985\" alt=\"\" srcset=\"https:\/\/www.cuesystem.com\/wp-content\/uploads\/2025\/03\/Snimek-obrazovky-2025-03-10-141037-1024x716.webp 1024w, https:\/\/www.cuesystem.com\/wp-content\/uploads\/2025\/03\/Snimek-obrazovky-2025-03-10-141037-300x210.webp 300w, https:\/\/www.cuesystem.com\/wp-content\/uploads\/2025\/03\/Snimek-obrazovky-2025-03-10-141037.webp 1359w\" sizes=\"(max-width: 1024px) 100vw, 1024px\" \/>\t\t\t\t\t\t\t\t<\/a>\n\t\t\t\t\t\t\t\t\t\t\t\t\t\t\t<\/div>\n\t\t\t\t<\/div>\n\t\t\t\t<\/div>\n\t\t\t\t\t<\/div>\n\t\t\t\t<\/div>\n\t\t\t\t<\/div>\n\t\t<div class=\"elementor-element elementor-element-38e7682 e-flex e-con-boxed e-con e-parent\" data-id=\"38e7682\" data-element_type=\"container\" data-e-type=\"container\">\n\t\t\t\t\t<div class=\"e-con-inner\">\n\t\t\t\t<div class=\"elementor-element elementor-element-080893a elementor-widget elementor-widget-heading\" data-id=\"080893a\" data-element_type=\"widget\" data-e-type=\"widget\" data-widget_type=\"heading.default\">\n\t\t\t\t<div class=\"elementor-widget-container\">\n\t\t\t\t\t<h2 class=\"elementor-heading-title elementor-size-default\">M\u00e1s sobre este proyecto<\/h2>\t\t\t\t<\/div>\n\t\t\t\t<\/div>\n\t\t\t\t<div class=\"elementor-element elementor-element-5d4b41f elementor-widget elementor-widget-video\" data-id=\"5d4b41f\" data-element_type=\"widget\" data-e-type=\"widget\" data-settings=\"{&quot;video_type&quot;:&quot;vimeo&quot;}\" data-widget_type=\"video.default\">\n\t\t\t\t<div class=\"elementor-widget-container\">\n\t\t\t\t\t\t\t<div class=\"elementor-wrapper elementor-open-inline\">\n\t\t\t<iframe class=\"elementor-video-iframe\" allowfullscreen allow=\"clipboard-write\" title=\"Reproductor de v\u00eddeo vimeo\" src=\"https:\/\/player.vimeo.com\/video\/1048178544?color&amp;autopause=0&amp;loop=0&amp;muted=0&amp;title=1&amp;portrait=1&amp;byline=1&amp;h=ac9f2e9ebe#t=\"><\/iframe>\t\t<\/div>\n\t\t\t\t\t\t<\/div>\n\t\t\t\t<\/div>\n\t\t\t\t\t<\/div>\n\t\t\t\t<\/div>\n\t\t\t\t<\/div>\n\t\t","protected":false},"excerpt":{"rendered":"<p>Estudio de caso Estilo Azul El desaf\u00edo Como agencia de viajes l\u00edder, Blue Style quer\u00eda mejorar la eficacia de sus espacios de oficina con un sistema de gesti\u00f3n de salas de reuniones sin fisuras. Con 16 salas de reuniones, la empresa necesitaba una soluci\u00f3n intuitiva y fiable para: Simplifica las reservas de habitaciones y el <a href=\"https:\/\/www.cuesystem.com\/es\/casos-practicos\/estilo-azul\/\" class=\"more-link\">&#8230;<span class=\"screen-reader-text\">  Estilo Azul<\/span><\/a><\/p>\n","protected":false},"author":3,"featured_media":0,"parent":30180,"menu_order":225,"comment_status":"closed","ping_status":"closed","template":"","meta":{"_acf_changed":false,"inline_featured_image":false,"footnotes":""},"kategorie":[],"class_list":["post-30141","page","type-page","status-publish","hentry"],"acf":[],"_links":{"self":[{"href":"https:\/\/www.cuesystem.com\/es\/wp-json\/wp\/v2\/pages\/30141","targetHints":{"allow":["GET"]}}],"collection":[{"href":"https:\/\/www.cuesystem.com\/es\/wp-json\/wp\/v2\/pages"}],"about":[{"href":"https:\/\/www.cuesystem.com\/es\/wp-json\/wp\/v2\/types\/page"}],"author":[{"embeddable":true,"href":"https:\/\/www.cuesystem.com\/es\/wp-json\/wp\/v2\/users\/3"}],"replies":[{"embeddable":true,"href":"https:\/\/www.cuesystem.com\/es\/wp-json\/wp\/v2\/comments?post=30141"}],"version-history":[{"count":1,"href":"https:\/\/www.cuesystem.com\/es\/wp-json\/wp\/v2\/pages\/30141\/revisions"}],"predecessor-version":[{"id":30146,"href":"https:\/\/www.cuesystem.com\/es\/wp-json\/wp\/v2\/pages\/30141\/revisions\/30146"}],"up":[{"embeddable":true,"href":"https:\/\/www.cuesystem.com\/es\/wp-json\/wp\/v2\/pages\/30180"}],"wp:attachment":[{"href":"https:\/\/www.cuesystem.com\/es\/wp-json\/wp\/v2\/media?parent=30141"}],"wp:term":[{"taxonomy":"kategorie","embeddable":true,"href":"https:\/\/www.cuesystem.com\/es\/wp-json\/wp\/v2\/kategorie?post=30141"}],"curies":[{"name":"wp","href":"https:\/\/api.w.org\/{rel}","templated":true}]}}