{"id":30142,"date":"2025-03-05T20:45:58","date_gmt":"2025-03-05T19:45:58","guid":{"rendered":"https:\/\/www.cuesystem.com\/universidad-rey-juan-carlos\/"},"modified":"2025-05-05T12:13:09","modified_gmt":"2025-05-05T10:13:09","slug":"universidad-rey-juan-carlos","status":"publish","type":"page","link":"https:\/\/www.cuesystem.com\/es\/casos-practicos\/universidad-rey-juan-carlos\/","title":{"rendered":"Universidad Rey Juan Carlos"},"content":{"rendered":"\t\t<div data-elementor-type=\"wp-page\" data-elementor-id=\"30142\" class=\"elementor elementor-30142 elementor-28877\" data-elementor-post-type=\"page\">\n\t\t\t\t<div class=\"elementor-element elementor-element-1948560 e-con-full e-flex e-con e-child\" data-id=\"1948560\" data-element_type=\"container\" data-e-type=\"container\">\n\t\t\t\t<div class=\"elementor-element elementor-element-633fc92 elementor-widget elementor-widget-heading\" data-id=\"633fc92\" data-element_type=\"widget\" data-e-type=\"widget\" data-widget_type=\"heading.default\">\n\t\t\t\t<div class=\"elementor-widget-container\">\n\t\t\t\t\t<h3 class=\"elementor-heading-title elementor-size-default\">Estudio de caso<\/h3>\t\t\t\t<\/div>\n\t\t\t\t<\/div>\n\t\t\t\t<div class=\"elementor-element elementor-element-1b5860c elementor-widget elementor-widget-heading\" data-id=\"1b5860c\" data-element_type=\"widget\" data-e-type=\"widget\" data-widget_type=\"heading.default\">\n\t\t\t\t<div class=\"elementor-widget-container\">\n\t\t\t\t\t<h1 class=\"elementor-heading-title elementor-size-default\">Universidad Rey Juan Carlos\n\n<\/h1>\t\t\t\t<\/div>\n\t\t\t\t<\/div>\n\t\t\t\t<div class=\"elementor-element elementor-element-9240b5d elementor-widget-divider--view-line elementor-widget elementor-widget-divider\" data-id=\"9240b5d\" data-element_type=\"widget\" data-e-type=\"widget\" data-widget_type=\"divider.default\">\n\t\t\t\t<div class=\"elementor-widget-container\">\n\t\t\t\t\t\t\t<div class=\"elementor-divider\">\n\t\t\t<span class=\"elementor-divider-separator\">\n\t\t\t\t\t\t<\/span>\n\t\t<\/div>\n\t\t\t\t\t\t<\/div>\n\t\t\t\t<\/div>\n\t\t<div class=\"elementor-element elementor-element-b6a48a7 e-grid e-con-boxed e-con e-child\" data-id=\"b6a48a7\" data-element_type=\"container\" data-e-type=\"container\">\n\t\t\t\t\t<div class=\"e-con-inner\">\n\t\t<div class=\"elementor-element elementor-element-0a013a5 e-con-full e-flex e-con e-child\" data-id=\"0a013a5\" data-element_type=\"container\" data-e-type=\"container\">\n\t\t\t\t<div class=\"elementor-element elementor-element-4ccf59e elementor-widget elementor-widget-heading\" data-id=\"4ccf59e\" data-element_type=\"widget\" data-e-type=\"widget\" data-widget_type=\"heading.default\">\n\t\t\t\t<div class=\"elementor-widget-container\">\n\t\t\t\t\t<h2 class=\"elementor-heading-title elementor-size-default\">El desaf\u00edo<\/h2>\t\t\t\t<\/div>\n\t\t\t\t<\/div>\n\t\t\t\t<div class=\"elementor-element elementor-element-8072f98 elementor-widget elementor-widget-text-editor\" data-id=\"8072f98\" data-element_type=\"widget\" data-e-type=\"widget\" data-widget_type=\"text-editor.default\">\n\t\t\t\t<div class=\"elementor-widget-container\">\n\t\t\t\t\t\t\t\t\t<p><a href=\"https:\/\/en.urjc.es\/\" target=\"_blank\" rel=\"noopener\">La Universidad Rey Juan Carlos<\/a> (URJC) se embarc\u00f3 en un <strong>ambicioso proyecto<\/strong> para <strong>actualizar<\/strong> los<strong> sistemas audiovisuales<\/strong> de todos sus campus. Con <strong>400 aulas<\/strong> que requer\u00edan <strong>un control sin fisuras de m\u00faltiples tecnolog\u00edas audiovisuales -proyectores<\/strong>, monitores, DSP, c\u00e1maras, micr\u00f3fonos y software de grabaci\u00f3n-, el reto estaba claro: integrar una <strong>soluci\u00f3n<\/strong> <strong>fiable<\/strong> y <strong>f\u00e1cil de usar<\/strong> que <strong>simplificara las operaciones<\/strong> a los educadores y <strong>minimizara los esfuerzos de mantenimiento<\/strong>. <\/p>\t\t\t\t\t\t\t\t<\/div>\n\t\t\t\t<\/div>\n\t\t\t\t<\/div>\n\t\t<div class=\"elementor-element elementor-element-5c84132 e-con-full e-flex e-con e-child\" data-id=\"5c84132\" data-element_type=\"container\" data-e-type=\"container\">\n\t\t\t\t<div class=\"elementor-element elementor-element-98d81a8 elementor-widget elementor-widget-image\" data-id=\"98d81a8\" data-element_type=\"widget\" data-e-type=\"widget\" data-widget_type=\"image.default\">\n\t\t\t\t<div class=\"elementor-widget-container\">\n\t\t\t\t\t\t\t\t\t\t\t\t\t\t\t<img fetchpriority=\"high\" decoding=\"async\" width=\"1024\" height=\"427\" src=\"https:\/\/www.cuesystem.com\/wp-content\/uploads\/2025\/03\/cue-urjc-1024x427.jpg\" class=\"attachment-large size-large wp-image-28892\" alt=\"\" srcset=\"https:\/\/www.cuesystem.com\/wp-content\/uploads\/2025\/03\/cue-urjc-1024x427.jpg 1024w, https:\/\/www.cuesystem.com\/wp-content\/uploads\/2025\/03\/cue-urjc-300x125.jpg 300w, https:\/\/www.cuesystem.com\/wp-content\/uploads\/2025\/03\/cue-urjc.jpg 1200w\" sizes=\"(max-width: 1024px) 100vw, 1024px\" \/>\t\t\t\t\t\t\t\t\t\t\t\t\t\t\t<\/div>\n\t\t\t\t<\/div>\n\t\t\t\t<div class=\"elementor-element elementor-element-1bd681a elementor-widget elementor-widget-image\" data-id=\"1bd681a\" data-element_type=\"widget\" data-e-type=\"widget\" data-widget_type=\"image.default\">\n\t\t\t\t<div class=\"elementor-widget-container\">\n\t\t\t\t\t\t\t\t\t\t\t\t\t\t\t<img decoding=\"async\" src=\"https:\/\/www.cuesystem.com\/wp-content\/uploads\/2025\/03\/Snimek-obrazovky-2025-03-04-160944.png\" title=\"\" alt=\"\" loading=\"lazy\" \/>\t\t\t\t\t\t\t\t\t\t\t\t\t\t\t<\/div>\n\t\t\t\t<\/div>\n\t\t\t\t<\/div>\n\t\t\t\t\t<\/div>\n\t\t\t\t<\/div>\n\t\t<div class=\"elementor-element elementor-element-046d4b8 e-grid e-con-boxed e-con e-child\" data-id=\"046d4b8\" data-element_type=\"container\" data-e-type=\"container\">\n\t\t\t\t\t<div class=\"e-con-inner\">\n\t\t<div class=\"elementor-element elementor-element-ccabdca e-con-full e-flex e-con e-child\" data-id=\"ccabdca\" data-element_type=\"container\" data-e-type=\"container\">\n\t\t\t\t<div class=\"elementor-element elementor-element-52bef73 elementor-widget elementor-widget-image\" data-id=\"52bef73\" data-element_type=\"widget\" data-e-type=\"widget\" data-widget_type=\"image.default\">\n\t\t\t\t<div class=\"elementor-widget-container\">\n\t\t\t\t\t\t\t\t\t\t\t\t\t\t\t<img decoding=\"async\" width=\"350\" height=\"250\" src=\"https:\/\/www.cuesystem.com\/wp-content\/uploads\/2025\/03\/urjc-logo.png\" class=\"attachment-large size-large wp-image-28900\" alt=\"\" srcset=\"https:\/\/www.cuesystem.com\/wp-content\/uploads\/2025\/03\/urjc-logo.png 350w, https:\/\/www.cuesystem.com\/wp-content\/uploads\/2025\/03\/urjc-logo-300x214.png 300w\" sizes=\"(max-width: 350px) 100vw, 350px\" \/>\t\t\t\t\t\t\t\t\t\t\t\t\t\t\t<\/div>\n\t\t\t\t<\/div>\n\t\t\t\t<div class=\"elementor-element elementor-element-24ed44b elementor-widget elementor-widget-image\" data-id=\"24ed44b\" data-element_type=\"widget\" data-e-type=\"widget\" data-widget_type=\"image.default\">\n\t\t\t\t<div class=\"elementor-widget-container\">\n\t\t\t\t\t\t\t\t\t\t\t\t\t\t\t<img decoding=\"async\" width=\"1024\" height=\"479\" src=\"https:\/\/www.cuesystem.com\/wp-content\/uploads\/2025\/03\/Universidad-Rey-Juan-Carlos-picture-Erasmus-in-Barcelona-1024x479-1.jpg\" class=\"attachment-large size-large wp-image-28906\" alt=\"\" srcset=\"https:\/\/www.cuesystem.com\/wp-content\/uploads\/2025\/03\/Universidad-Rey-Juan-Carlos-picture-Erasmus-in-Barcelona-1024x479-1.jpg 1024w, https:\/\/www.cuesystem.com\/wp-content\/uploads\/2025\/03\/Universidad-Rey-Juan-Carlos-picture-Erasmus-in-Barcelona-1024x479-1-300x140.jpg 300w\" sizes=\"(max-width: 1024px) 100vw, 1024px\" \/>\t\t\t\t\t\t\t\t\t\t\t\t\t\t\t<\/div>\n\t\t\t\t<\/div>\n\t\t\t\t<\/div>\n\t\t<div class=\"elementor-element elementor-element-2989df6 e-con-full e-flex e-con e-child\" data-id=\"2989df6\" data-element_type=\"container\" data-e-type=\"container\">\n\t\t\t\t<div class=\"elementor-element elementor-element-fc63230 elementor-widget elementor-widget-heading\" data-id=\"fc63230\" data-element_type=\"widget\" data-e-type=\"widget\" data-widget_type=\"heading.default\">\n\t\t\t\t<div class=\"elementor-widget-container\">\n\t\t\t\t\t<h2 class=\"elementor-heading-title elementor-size-default\">Sobre la Universidad<\/h2>\t\t\t\t<\/div>\n\t\t\t\t<\/div>\n\t\t\t\t<div class=\"elementor-element elementor-element-5801d51 elementor-widget elementor-widget-text-editor\" data-id=\"5801d51\" data-element_type=\"widget\" data-e-type=\"widget\" data-widget_type=\"text-editor.default\">\n\t\t\t\t<div class=\"elementor-widget-container\">\n\t\t\t\t\t\t\t\t\t<p><a href=\"https:\/\/en.urjc.es\/\" target=\"_blank\" rel=\"noopener\">La URJC<\/a> es una de <strong>las mayores universidades p\u00fablicas de Espa\u00f1a<\/strong>, con m\u00e1s de <strong>45.000 estudiantes<\/strong> en <strong>varios campus<\/strong>. Como instituci\u00f3n moderna y comprometida con los avances tecnol\u00f3gicos, buscaba un sistema de control que garantizara <strong>una gesti\u00f3n audiovisual sin esfuerzo<\/strong> y que ofreciera <strong>fiabilidad a largo plazo<\/strong>. <\/p>\n<p>Nuestro <strong>socio espa\u00f1ol<\/strong> <a href=\"https:\/\/avitvision.es\/en\/\" target=\"_blank\" rel=\"noopener\">AVIT VISION<\/a> se encarg\u00f3 de la ejecuci\u00f3n del proyecto.<\/p>\t\t\t\t\t\t\t\t<\/div>\n\t\t\t\t<\/div>\n\t\t\t\t<\/div>\n\t\t\t\t\t<\/div>\n\t\t\t\t<\/div>\n\t\t<div class=\"elementor-element elementor-element-1317a76 e-grid e-con-boxed e-con e-child\" data-id=\"1317a76\" data-element_type=\"container\" data-e-type=\"container\">\n\t\t\t\t\t<div class=\"e-con-inner\">\n\t\t<div class=\"elementor-element elementor-element-ecaa5d4 e-con-full e-flex e-con e-child\" data-id=\"ecaa5d4\" data-element_type=\"container\" data-e-type=\"container\">\n\t\t\t\t<div class=\"elementor-element elementor-element-b28df69 elementor-widget elementor-widget-heading\" data-id=\"b28df69\" data-element_type=\"widget\" data-e-type=\"widget\" data-widget_type=\"heading.default\">\n\t\t\t\t<div class=\"elementor-widget-container\">\n\t\t\t\t\t<h2 class=\"elementor-heading-title elementor-size-default\">El viaje<\/h2>\t\t\t\t<\/div>\n\t\t\t\t<\/div>\n\t\t\t\t<div class=\"elementor-element elementor-element-f85a394 elementor-widget elementor-widget-text-editor\" data-id=\"f85a394\" data-element_type=\"widget\" data-e-type=\"widget\" data-widget_type=\"text-editor.default\">\n\t\t\t\t<div class=\"elementor-widget-container\">\n\t\t\t\t\t\t\t\t\t<p>El proyecto abarc\u00f3 varias fases <strong>, de 2021 a 2024<\/strong>. Cada a\u00f1o se actualizaron aproximadamente 100 aulas, integrando el panel <a href=\"https:\/\/docs.cuesystem.com\/space\/PRODUCTS\/482934790\" target=\"_blank\" rel=\"noopener\">touchCUE-7<\/a> de CUE,<strong>una soluci\u00f3n robusta y todo en uno<\/strong> que combina una <strong>interfaz de pantalla t\u00e1ctil con un controlador IP integrado<\/strong>. Esto minimiz\u00f3 el n\u00famero de dispositivos por aula, reduciendo la complejidad, el consumo de energ\u00eda y los posibles puntos de fallo.  <\/p>\n<p>Adem\u00e1s del hardware, <a href=\"https:\/\/avitvision.es\/en\/\" target=\"_blank\" rel=\"noopener\">AVIT VISION<\/a> desarroll\u00f3 un software personalizado con <a href=\"https:\/\/docs.cuesystem.com\/space\/PRODUCTS\/491061541\" target=\"_blank\" rel=\"noopener\">CUE Visual Composer<\/a>, que <strong>agiliza<\/strong> <strong>la configuraci\u00f3n de<\/strong> las aulas y permite<strong> la supervisi\u00f3n remota<\/strong>. El sistema asigna <strong>autom\u00e1ticamente<\/strong> direcciones IP de control, descarga configuraciones y proporciona an\u00e1lisis en tiempo real, ayudando al equipo t\u00e9cnico de <a href=\"https:\/\/en.urjc.es\/\" target=\"_blank\" rel=\"noopener\">la URJC<\/a>a anticiparse a los problemas antes de que surjan. <\/p>\t\t\t\t\t\t\t\t<\/div>\n\t\t\t\t<\/div>\n\t\t\t\t<\/div>\n\t\t\t\t\t<\/div>\n\t\t\t\t<\/div>\n\t\t<div class=\"elementor-element elementor-element-9fead1c e-grid e-con-boxed e-con e-child\" data-id=\"9fead1c\" data-element_type=\"container\" data-e-type=\"container\">\n\t\t\t\t\t<div class=\"e-con-inner\">\n\t\t<div class=\"elementor-element elementor-element-86f387c e-con-full e-flex e-con e-child\" data-id=\"86f387c\" data-element_type=\"container\" data-e-type=\"container\">\n\t\t\t\t<div class=\"elementor-element elementor-element-b9c1cfa elementor-widget elementor-widget-heading\" data-id=\"b9c1cfa\" data-element_type=\"widget\" data-e-type=\"widget\" data-widget_type=\"heading.default\">\n\t\t\t\t<div class=\"elementor-widget-container\">\n\t\t\t\t\t<h2 class=\"elementor-heading-title elementor-size-default\">Nuestra resoluci\u00f3n<\/h2>\t\t\t\t<\/div>\n\t\t\t\t<\/div>\n\t\t\t\t<div class=\"elementor-element elementor-element-432be3a elementor-widget elementor-widget-text-editor\" data-id=\"432be3a\" data-element_type=\"widget\" data-e-type=\"widget\" data-widget_type=\"text-editor.default\">\n\t\t\t\t<div class=\"elementor-widget-container\">\n\t\t\t\t\t\t\t\t\t<p>Al implantar la soluci\u00f3n de control de <strong>CUE<\/strong>, <a href=\"https:\/\/en.urjc.es\/\" target=\"_blank\" rel=\"noopener\">la URJC<\/a> consigui\u00f3:<\/p>\n<ul>\n<li><span style=\"text-align: var(--text-align); color: var( --e-global-color-primary ); font-family: var( --e-global-typography-primary-font-family ), Sans-serif; font-size: var( --e-global-typography-primary-font-size ); font-weight: var( --e-global-typography-primary-font-weight );\"><strong>Control audiovisual simplificado<\/strong>: interfaz intuitiva para educadores<\/span><\/li>\n<li><strong>Menores costes de mantenimiento<\/strong>: supervisi\u00f3n centralizada y actualizaciones automatizadas<\/li>\n<li><strong>Escalabilidad y fiabilidad<\/strong>: 400 aulas perfectamente equipadas<\/li>\n<li><strong>Cero fallos del sistema<\/strong>: touchCUE-7 ha mantenido <strong>una fiabilidad del 100%<\/strong> desde su implantaci\u00f3n.<\/li>\n<\/ul>\n<p>Esta <strong>transformaci\u00f3n a gran escala<\/strong> garantiza que las aulas de <a href=\"https:\/\/en.urjc.es\/\" target=\"_blank\" rel=\"noopener\">la URJC<\/a>se mantengan a la <strong>vanguardia de la educaci\u00f3n digital<\/strong>, capacitando tanto al profesorado como a los estudiantes con <em><strong>tecnolog\u00eda puntera y f\u00e1cil de usar<\/strong><\/em>.<\/p>\t\t\t\t\t\t\t\t<\/div>\n\t\t\t\t<\/div>\n\t\t\t\t<\/div>\n\t\t<div class=\"elementor-element elementor-element-61bfa88 e-con-full e-flex e-con e-child\" data-id=\"61bfa88\" data-element_type=\"container\" data-e-type=\"container\">\n\t\t\t\t<div class=\"elementor-element elementor-element-a511e27 elementor-widget elementor-widget-image\" data-id=\"a511e27\" data-element_type=\"widget\" data-e-type=\"widget\" data-widget_type=\"image.default\">\n\t\t\t\t<div class=\"elementor-widget-container\">\n\t\t\t\t\t\t\t\t\t\t\t\t\t\t\t<img loading=\"lazy\" decoding=\"async\" width=\"1024\" height=\"573\" src=\"https:\/\/www.cuesystem.com\/wp-content\/uploads\/2025\/03\/Snimek-obrazovky-2025-03-04-161014-1024x573.png\" class=\"attachment-large size-large wp-image-28923\" alt=\"\" srcset=\"https:\/\/www.cuesystem.com\/wp-content\/uploads\/2025\/03\/Snimek-obrazovky-2025-03-04-161014-1024x573.png 1024w, https:\/\/www.cuesystem.com\/wp-content\/uploads\/2025\/03\/Snimek-obrazovky-2025-03-04-161014-300x168.png 300w, https:\/\/www.cuesystem.com\/wp-content\/uploads\/2025\/03\/Snimek-obrazovky-2025-03-04-161014.png 1496w\" sizes=\"(max-width: 1024px) 100vw, 1024px\" \/>\t\t\t\t\t\t\t\t\t\t\t\t\t\t\t<\/div>\n\t\t\t\t<\/div>\n\t\t\t\t<div class=\"elementor-element elementor-element-43f4030 elementor-widget elementor-widget-image\" data-id=\"43f4030\" data-element_type=\"widget\" data-e-type=\"widget\" data-widget_type=\"image.default\">\n\t\t\t\t<div class=\"elementor-widget-container\">\n\t\t\t\t\t\t\t\t\t\t\t\t\t\t\t<img loading=\"lazy\" decoding=\"async\" width=\"1024\" height=\"607\" src=\"https:\/\/www.cuesystem.com\/wp-content\/uploads\/2025\/03\/Snimek-obrazovky-2025-03-04-160915-1024x607.png\" class=\"attachment-large size-large wp-image-28918\" alt=\"\" srcset=\"https:\/\/www.cuesystem.com\/wp-content\/uploads\/2025\/03\/Snimek-obrazovky-2025-03-04-160915-1024x607.png 1024w, https:\/\/www.cuesystem.com\/wp-content\/uploads\/2025\/03\/Snimek-obrazovky-2025-03-04-160915-300x178.png 300w, https:\/\/www.cuesystem.com\/wp-content\/uploads\/2025\/03\/Snimek-obrazovky-2025-03-04-160915.png 1495w\" sizes=\"(max-width: 1024px) 100vw, 1024px\" \/>\t\t\t\t\t\t\t\t\t\t\t\t\t\t\t<\/div>\n\t\t\t\t<\/div>\n\t\t\t\t<\/div>\n\t\t\t\t\t<\/div>\n\t\t\t\t<\/div>\n\t\t\t\t<\/div>\n\t\t<div class=\"elementor-element elementor-element-787e4eb e-flex e-con-boxed e-con e-parent\" data-id=\"787e4eb\" data-element_type=\"container\" data-e-type=\"container\">\n\t\t\t\t\t<div class=\"e-con-inner\">\n\t\t\t\t<div class=\"elementor-element elementor-element-66bf7b1 elementor-widget elementor-widget-heading\" data-id=\"66bf7b1\" data-element_type=\"widget\" data-e-type=\"widget\" data-widget_type=\"heading.default\">\n\t\t\t\t<div class=\"elementor-widget-container\">\n\t\t\t\t\t<h2 class=\"elementor-heading-title elementor-size-default\">M\u00e1s sobre este proyecto - AVIT VISION<\/h2>\t\t\t\t<\/div>\n\t\t\t\t<\/div>\n\t\t<div class=\"elementor-element elementor-element-0062203 e-grid e-con-full e-con e-child\" data-id=\"0062203\" data-element_type=\"container\" data-e-type=\"container\">\n\t\t<div class=\"elementor-element elementor-element-3d0436b e-con-full e-flex e-con e-child\" data-id=\"3d0436b\" data-element_type=\"container\" data-e-type=\"container\">\n\t\t\t\t<\/div>\n\t\t<div class=\"elementor-element elementor-element-9546875 e-con-full e-flex e-con e-child\" data-id=\"9546875\" data-element_type=\"container\" data-e-type=\"container\">\n\t\t\t\t<div class=\"elementor-element elementor-element-9ddddc6 elementor-align-center elementor-widget elementor-widget-button\" data-id=\"9ddddc6\" data-element_type=\"widget\" data-e-type=\"widget\" data-widget_type=\"button.default\">\n\t\t\t\t<div class=\"elementor-widget-container\">\n\t\t\t\t\t\t\t\t\t<div class=\"elementor-button-wrapper\">\n\t\t\t\t\t<a class=\"elementor-button elementor-button-link elementor-size-sm\" href=\"https:\/\/blog.avitvision.es\/cue-urjc\/\" target=\"_blank\">\n\t\t\t\t\t\t<span class=\"elementor-button-content-wrapper\">\n\t\t\t\t\t\t<span class=\"elementor-button-icon\">\n\t\t\t\t<svg aria-hidden=\"true\" class=\"e-font-icon-svg e-fas-external-link-alt\" viewBox=\"0 0 512 512\" xmlns=\"http:\/\/www.w3.org\/2000\/svg\"><path d=\"M432,320H400a16,16,0,0,0-16,16V448H64V128H208a16,16,0,0,0,16-16V80a16,16,0,0,0-16-16H48A48,48,0,0,0,0,112V464a48,48,0,0,0,48,48H400a48,48,0,0,0,48-48V336A16,16,0,0,0,432,320ZM488,0h-128c-21.37,0-32.05,25.91-17,41l35.73,35.73L135,320.37a24,24,0,0,0,0,34L157.67,377a24,24,0,0,0,34,0L435.28,133.32,471,169c15,15,41,4.5,41-17V24A24,24,0,0,0,488,0Z\"><\/path><\/svg>\t\t\t<\/span>\n\t\t\t\t\t\t\t\t\t<span class=\"elementor-button-text\">Saber m\u00e1s<\/span>\n\t\t\t\t\t<\/span>\n\t\t\t\t\t<\/a>\n\t\t\t\t<\/div>\n\t\t\t\t\t\t\t\t<\/div>\n\t\t\t\t<\/div>\n\t\t\t\t<\/div>\n\t\t<div class=\"elementor-element elementor-element-2502065 e-con-full e-flex e-con e-child\" data-id=\"2502065\" data-element_type=\"container\" data-e-type=\"container\">\n\t\t\t\t<\/div>\n\t\t\t\t<\/div>\n\t\t\t\t\t<\/div>\n\t\t\t\t<\/div>\n\t\t\t\t<\/div>\n\t\t","protected":false},"excerpt":{"rendered":"<p>Estudio de caso Universidad Rey Juan Carlos El desaf\u00edo La Universidad Rey Juan Carlos (URJC) se embarc\u00f3 en un ambicioso proyecto para actualizar los sistemas audiovisuales de todos sus campus. Con 400 aulas que requer\u00edan un control sin fisuras de m\u00faltiples tecnolog\u00edas audiovisuales -proyectores, monitores, DSP, c\u00e1maras, micr\u00f3fonos y software de grabaci\u00f3n-, el reto estaba <a href=\"https:\/\/www.cuesystem.com\/es\/casos-practicos\/universidad-rey-juan-carlos\/\" class=\"more-link\">&#8230;<span class=\"screen-reader-text\">  Universidad Rey Juan Carlos<\/span><\/a><\/p>\n","protected":false},"author":3,"featured_media":0,"parent":30180,"menu_order":230,"comment_status":"closed","ping_status":"closed","template":"","meta":{"_acf_changed":false,"inline_featured_image":false,"footnotes":""},"kategorie":[],"class_list":["post-30142","page","type-page","status-publish","hentry"],"acf":[],"_links":{"self":[{"href":"https:\/\/www.cuesystem.com\/es\/wp-json\/wp\/v2\/pages\/30142","targetHints":{"allow":["GET"]}}],"collection":[{"href":"https:\/\/www.cuesystem.com\/es\/wp-json\/wp\/v2\/pages"}],"about":[{"href":"https:\/\/www.cuesystem.com\/es\/wp-json\/wp\/v2\/types\/page"}],"author":[{"embeddable":true,"href":"https:\/\/www.cuesystem.com\/es\/wp-json\/wp\/v2\/users\/3"}],"replies":[{"embeddable":true,"href":"https:\/\/www.cuesystem.com\/es\/wp-json\/wp\/v2\/comments?post=30142"}],"version-history":[{"count":1,"href":"https:\/\/www.cuesystem.com\/es\/wp-json\/wp\/v2\/pages\/30142\/revisions"}],"predecessor-version":[{"id":30147,"href":"https:\/\/www.cuesystem.com\/es\/wp-json\/wp\/v2\/pages\/30142\/revisions\/30147"}],"up":[{"embeddable":true,"href":"https:\/\/www.cuesystem.com\/es\/wp-json\/wp\/v2\/pages\/30180"}],"wp:attachment":[{"href":"https:\/\/www.cuesystem.com\/es\/wp-json\/wp\/v2\/media?parent=30142"}],"wp:term":[{"taxonomy":"kategorie","embeddable":true,"href":"https:\/\/www.cuesystem.com\/es\/wp-json\/wp\/v2\/kategorie?post=30142"}],"curies":[{"name":"wp","href":"https:\/\/api.w.org\/{rel}","templated":true}]}}