{"id":30152,"date":"2025-01-29T20:11:20","date_gmt":"2025-01-29T19:11:20","guid":{"rendered":"https:\/\/www.cuesystem.com\/flexigate-para-el-aeropuerto-avinor\/"},"modified":"2025-05-05T12:13:09","modified_gmt":"2025-05-05T10:13:09","slug":"flexigate-para-el-aeropuerto-avinor","status":"publish","type":"page","link":"https:\/\/www.cuesystem.com\/es\/casos-practicos\/flexigate-para-el-aeropuerto-avinor\/","title":{"rendered":"FlexiGate para el Aeropuerto Avinor"},"content":{"rendered":"\t\t<div data-elementor-type=\"wp-page\" data-elementor-id=\"30152\" class=\"elementor elementor-30152 elementor-28230\" data-elementor-post-type=\"page\">\n\t\t\t\t<div class=\"elementor-element elementor-element-a8e4b7f e-con-full e-flex e-con e-child\" data-id=\"a8e4b7f\" data-element_type=\"container\" data-e-type=\"container\">\n\t\t\t\t<div class=\"elementor-element elementor-element-ba86354 elementor-widget elementor-widget-heading\" data-id=\"ba86354\" data-element_type=\"widget\" data-e-type=\"widget\" data-widget_type=\"heading.default\">\n\t\t\t\t<div class=\"elementor-widget-container\">\n\t\t\t\t\t<h3 class=\"elementor-heading-title elementor-size-default\">Estudio de caso<\/h3>\t\t\t\t<\/div>\n\t\t\t\t<\/div>\n\t\t\t\t<div class=\"elementor-element elementor-element-ee14c40 elementor-widget elementor-widget-heading\" data-id=\"ee14c40\" data-element_type=\"widget\" data-e-type=\"widget\" data-widget_type=\"heading.default\">\n\t\t\t\t<div class=\"elementor-widget-container\">\n\t\t\t\t\t<h1 class=\"elementor-heading-title elementor-size-default\">FlexiGate para el Aeropuerto Avinor<\/h1>\t\t\t\t<\/div>\n\t\t\t\t<\/div>\n\t\t\t\t<div class=\"elementor-element elementor-element-15ab148 elementor-widget-divider--view-line elementor-widget elementor-widget-divider\" data-id=\"15ab148\" data-element_type=\"widget\" data-e-type=\"widget\" data-widget_type=\"divider.default\">\n\t\t\t\t<div class=\"elementor-widget-container\">\n\t\t\t\t\t\t\t<div class=\"elementor-divider\">\n\t\t\t<span class=\"elementor-divider-separator\">\n\t\t\t\t\t\t<\/span>\n\t\t<\/div>\n\t\t\t\t\t\t<\/div>\n\t\t\t\t<\/div>\n\t\t<div class=\"elementor-element elementor-element-cebe6c6 e-grid e-con-boxed e-con e-child\" data-id=\"cebe6c6\" data-element_type=\"container\" data-e-type=\"container\">\n\t\t\t\t\t<div class=\"e-con-inner\">\n\t\t<div class=\"elementor-element elementor-element-d9b7420 e-con-full e-flex e-con e-child\" data-id=\"d9b7420\" data-element_type=\"container\" data-e-type=\"container\">\n\t\t\t\t<div class=\"elementor-element elementor-element-5d3bac9 elementor-widget elementor-widget-heading\" data-id=\"5d3bac9\" data-element_type=\"widget\" data-e-type=\"widget\" data-widget_type=\"heading.default\">\n\t\t\t\t<div class=\"elementor-widget-container\">\n\t\t\t\t\t<h2 class=\"elementor-heading-title elementor-size-default\">El desaf\u00edo<\/h2>\t\t\t\t<\/div>\n\t\t\t\t<\/div>\n\t\t\t\t<div class=\"elementor-element elementor-element-2416f74 elementor-widget elementor-widget-text-editor\" data-id=\"2416f74\" data-element_type=\"widget\" data-e-type=\"widget\" data-widget_type=\"text-editor.default\">\n\t\t\t\t<div class=\"elementor-widget-container\">\n\t\t\t\t\t\t\t\t\t<p class=\"\" data-v-4d192987=\"\" data-v-4a7aac3a=\"\"><span class=\"text_node\" data-v-816e464e=\"\" data-v-4d192987=\"\">Proporcionar <\/span><span class=\"text_node rw_adf_text_strong\" data-v-816e464e=\"\" data-v-4d192987=\"\">automatizaci\u00f3n de procesos<\/span><span class=\"text_node\" data-v-816e464e=\"\" data-v-4d192987=\"\"> de <\/span><a class=\"link_node text_node rw_adf_text_strong\" tabindex=\"0\" href=\"https:\/\/avinor.no\/en\/airport\/oslo-airport\/\" target=\"_blank\" rel=\"noopener\" data-v-098e4e53=\"\" data-v-816e464e=\"\" data-v-4d192987=\"\" data-ui-id=\"text-link\" data-ui-content=\"Avinor \"><span class=\"inline_text_span\" data-v-098e4e53=\"\">Avinor <\/span><\/a><span class=\"text_node rw_adf_text_strong\" data-v-816e464e=\"\" data-v-4d192987=\"\">Aeropuerto<\/span><span class=\"text_node\" data-v-816e464e=\"\" data-v-4d192987=\"\"> &amp; a <\/span><span class=\"text_node rw_adf_text_strong\" data-v-816e464e=\"\" data-v-4d192987=\"\">inteligente <\/span><span class=\"text_node\" data-v-816e464e=\"\" data-v-4d192987=\"\">y <\/span><span class=\"text_node rw_adf_text_strong\" data-v-816e464e=\"\" data-v-4d192987=\"\">utilizaci\u00f3n eficaz<\/span><span class=\"text_node\" data-v-816e464e=\"\" data-v-4d192987=\"\"> de todo el espacio que necesitar\u00e1 <\/span><span class=\"text_node rw_adf_text_strong\" data-v-816e464e=\"\" data-v-4d192987=\"\">un m\u00ednimo de<\/span><span class=\"text_node\" data-v-816e464e=\"\" data-v-4d192987=\"\"> uso de <\/span><span class=\"text_node rw_adf_text_strong\" data-v-816e464e=\"\" data-v-4d192987=\"\">intervenciones humanas<\/span><span class=\"text_node\" data-v-816e464e=\"\" data-v-4d192987=\"\">.<\/span><\/p>\t\t\t\t\t\t\t\t<\/div>\n\t\t\t\t<\/div>\n\t\t\t\t<\/div>\n\t\t<div class=\"elementor-element elementor-element-90d239d e-con-full e-flex e-con e-child\" data-id=\"90d239d\" data-element_type=\"container\" data-e-type=\"container\">\n\t\t\t\t<div class=\"elementor-element elementor-element-5936a3d elementor-widget elementor-widget-image\" data-id=\"5936a3d\" data-element_type=\"widget\" data-e-type=\"widget\" data-widget_type=\"image.default\">\n\t\t\t\t<div class=\"elementor-widget-container\">\n\t\t\t\t\t\t\t\t\t\t\t\t\t\t\t<img fetchpriority=\"high\" decoding=\"async\" width=\"1024\" height=\"683\" src=\"https:\/\/www.cuesystem.com\/wp-content\/uploads\/2025\/01\/img_no_oslo_airport_2-1024x683.jpg\" class=\"attachment-large size-large wp-image-28254\" alt=\"\" srcset=\"https:\/\/www.cuesystem.com\/wp-content\/uploads\/2025\/01\/img_no_oslo_airport_2-1024x683.jpg 1024w, https:\/\/www.cuesystem.com\/wp-content\/uploads\/2025\/01\/img_no_oslo_airport_2-300x200.jpg 300w, https:\/\/www.cuesystem.com\/wp-content\/uploads\/2025\/01\/img_no_oslo_airport_2.jpg 1200w\" sizes=\"(max-width: 1024px) 100vw, 1024px\" \/>\t\t\t\t\t\t\t\t\t\t\t\t\t\t\t<\/div>\n\t\t\t\t<\/div>\n\t\t\t\t<\/div>\n\t\t\t\t\t<\/div>\n\t\t\t\t<\/div>\n\t\t<div class=\"elementor-element elementor-element-cc6bf80 e-grid e-con-boxed e-con e-child\" data-id=\"cc6bf80\" data-element_type=\"container\" data-e-type=\"container\">\n\t\t\t\t\t<div class=\"e-con-inner\">\n\t\t<div class=\"elementor-element elementor-element-ea6cccf e-con-full e-flex e-con e-child\" data-id=\"ea6cccf\" data-element_type=\"container\" data-e-type=\"container\">\n\t\t\t\t<div class=\"elementor-element elementor-element-2b69161 elementor-widget elementor-widget-image\" data-id=\"2b69161\" data-element_type=\"widget\" data-e-type=\"widget\" data-widget_type=\"image.default\">\n\t\t\t\t<div class=\"elementor-widget-container\">\n\t\t\t\t\t\t\t\t\t\t\t\t\t\t\t<img decoding=\"async\" width=\"600\" height=\"400\" src=\"https:\/\/www.cuesystem.com\/wp-content\/uploads\/2025\/01\/tb8c9082.jpg\" class=\"attachment-large size-large wp-image-28259\" alt=\"\" srcset=\"https:\/\/www.cuesystem.com\/wp-content\/uploads\/2025\/01\/tb8c9082.jpg 600w, https:\/\/www.cuesystem.com\/wp-content\/uploads\/2025\/01\/tb8c9082-300x200.jpg 300w\" sizes=\"(max-width: 600px) 100vw, 600px\" \/>\t\t\t\t\t\t\t\t\t\t\t\t\t\t\t<\/div>\n\t\t\t\t<\/div>\n\t\t\t\t<\/div>\n\t\t<div class=\"elementor-element elementor-element-33302fe e-con-full e-flex e-con e-child\" data-id=\"33302fe\" data-element_type=\"container\" data-e-type=\"container\">\n\t\t\t\t<div class=\"elementor-element elementor-element-fa67a3c elementor-widget elementor-widget-heading\" data-id=\"fa67a3c\" data-element_type=\"widget\" data-e-type=\"widget\" data-widget_type=\"heading.default\">\n\t\t\t\t<div class=\"elementor-widget-container\">\n\t\t\t\t\t<h2 class=\"elementor-heading-title elementor-size-default\">Acerca de Avinor<\/h2>\t\t\t\t<\/div>\n\t\t\t\t<\/div>\n\t\t\t\t<div class=\"elementor-element elementor-element-c9fcf20 elementor-widget elementor-widget-text-editor\" data-id=\"c9fcf20\" data-element_type=\"widget\" data-e-type=\"widget\" data-widget_type=\"text-editor.default\">\n\t\t\t\t<div class=\"elementor-widget-container\">\n\t\t\t\t\t\t\t\t\t<p>Avinor explota la mayor\u00eda de los aeropuertos civiles de Noruega. Actualmente es responsable de 44 aeropuertos estatales. <\/p><p>Nuestro socio noruego Caverion se encarg\u00f3 de la ejecuci\u00f3n del proyecto.<\/p>\t\t\t\t\t\t\t\t<\/div>\n\t\t\t\t<\/div>\n\t\t\t\t<\/div>\n\t\t\t\t\t<\/div>\n\t\t\t\t<\/div>\n\t\t<div class=\"elementor-element elementor-element-07a9946 e-grid e-con-boxed e-con e-child\" data-id=\"07a9946\" data-element_type=\"container\" data-e-type=\"container\">\n\t\t\t\t\t<div class=\"e-con-inner\">\n\t\t<div class=\"elementor-element elementor-element-118ae5b e-con-full e-flex e-con e-child\" data-id=\"118ae5b\" data-element_type=\"container\" data-e-type=\"container\">\n\t\t\t\t<div class=\"elementor-element elementor-element-3bd6ee5 elementor-widget elementor-widget-heading\" data-id=\"3bd6ee5\" data-element_type=\"widget\" data-e-type=\"widget\" data-widget_type=\"heading.default\">\n\t\t\t\t<div class=\"elementor-widget-container\">\n\t\t\t\t\t<h2 class=\"elementor-heading-title elementor-size-default\">Nuestra resoluci\u00f3n<\/h2>\t\t\t\t<\/div>\n\t\t\t\t<\/div>\n\t\t\t\t<div class=\"elementor-element elementor-element-0a76824 elementor-widget elementor-widget-text-editor\" data-id=\"0a76824\" data-element_type=\"widget\" data-e-type=\"widget\" data-widget_type=\"text-editor.default\">\n\t\t\t\t<div class=\"elementor-widget-container\">\n\t\t\t\t\t\t\t\t\t<p>Una tecnolog\u00eda inteligente que garantice la eficacia, la seguridad y la utilizaci\u00f3n del espacio es vital para afrontar los retos del mundo de la aviaci\u00f3n, en constante crecimiento y evoluci\u00f3n. Por eso se cre\u00f3 la soluci\u00f3n automatizada Flexigate. <\/p><p>Con la ayuda de nuestros paneles t\u00e1ctiles, <a href=\"https:\/\/www.caverion.com\/\" target=\"_blank\" rel=\"noopener\">Caverion<\/a> ha ideado una f\u00f3rmula segura y muy l\u00f3gica que facilitar\u00e1 los procesos y ahorrar\u00e1 mucho tiempo valioso.<\/p><p>Flexigate permite utilizar las mismas puertas de embarque para vuelos nacionales e internacionales. Todo ello con un uso m\u00ednimo del personal de las puertas y la m\u00e1xima facilidad para los viajeros. Flexigate es la soluci\u00f3n del futuro para todos los aeropuertos en los que el tiempo, el dinero y el uso inteligente del espacio son cruciales.  <\/p>\t\t\t\t\t\t\t\t<\/div>\n\t\t\t\t<\/div>\n\t\t\t\t<\/div>\n\t\t<div class=\"elementor-element elementor-element-5c999ed e-con-full e-flex e-con e-child\" data-id=\"5c999ed\" data-element_type=\"container\" data-e-type=\"container\">\n\t\t\t\t<div class=\"elementor-element elementor-element-5ea3cc1 elementor-widget elementor-widget-image\" data-id=\"5ea3cc1\" data-element_type=\"widget\" data-e-type=\"widget\" data-widget_type=\"image.default\">\n\t\t\t\t<div class=\"elementor-widget-container\">\n\t\t\t\t\t\t\t\t\t\t\t\t\t\t\t<img decoding=\"async\" width=\"1024\" height=\"683\" src=\"https:\/\/www.cuesystem.com\/wp-content\/uploads\/2025\/01\/img_no_oslo_airport_23-1024x683.jpg\" class=\"attachment-large size-large wp-image-28264\" alt=\"\" srcset=\"https:\/\/www.cuesystem.com\/wp-content\/uploads\/2025\/01\/img_no_oslo_airport_23-1024x683.jpg 1024w, https:\/\/www.cuesystem.com\/wp-content\/uploads\/2025\/01\/img_no_oslo_airport_23-300x200.jpg 300w, https:\/\/www.cuesystem.com\/wp-content\/uploads\/2025\/01\/img_no_oslo_airport_23.jpg 1200w\" sizes=\"(max-width: 1024px) 100vw, 1024px\" \/>\t\t\t\t\t\t\t\t\t\t\t\t\t\t\t<\/div>\n\t\t\t\t<\/div>\n\t\t\t\t<\/div>\n\t\t\t\t\t<\/div>\n\t\t\t\t<\/div>\n\t\t<div class=\"elementor-element elementor-element-d2d40ba e-grid e-con-boxed e-con e-child\" data-id=\"d2d40ba\" data-element_type=\"container\" data-e-type=\"container\">\n\t\t\t\t\t<div class=\"e-con-inner\">\n\t\t<div class=\"elementor-element elementor-element-eabbccc e-con-full e-flex e-con e-child\" data-id=\"eabbccc\" data-element_type=\"container\" data-e-type=\"container\">\n\t\t\t\t<div class=\"elementor-element elementor-element-edd72fa elementor-widget elementor-widget-video\" data-id=\"edd72fa\" data-element_type=\"widget\" data-e-type=\"widget\" data-settings=\"{&quot;video_type&quot;:&quot;vimeo&quot;}\" data-widget_type=\"video.default\">\n\t\t\t\t<div class=\"elementor-widget-container\">\n\t\t\t\t\t\t\t<div class=\"elementor-wrapper elementor-open-inline\">\n\t\t\t<iframe class=\"elementor-video-iframe\" allowfullscreen allow=\"clipboard-write\" title=\"Reproductor de v\u00eddeo youtube\" src=\"https:\/\/www.youtube.com\/embed\/rh980ScAa2c?feature=oembed&amp;color&amp;autopause=0&amp;loop=0&amp;muted=0&amp;title=1&amp;portrait=1&amp;byline=1\"><\/iframe>\t\t<\/div>\n\t\t\t\t\t\t<\/div>\n\t\t\t\t<\/div>\n\t\t\t\t<\/div>\n\t\t<div class=\"elementor-element elementor-element-17d2fb2 e-con-full e-flex e-con e-child\" data-id=\"17d2fb2\" data-element_type=\"container\" data-e-type=\"container\">\n\t\t\t\t<div class=\"elementor-element elementor-element-dc7bfb9 elementor-widget elementor-widget-heading\" data-id=\"dc7bfb9\" data-element_type=\"widget\" data-e-type=\"widget\" data-widget_type=\"heading.default\">\n\t\t\t\t<div class=\"elementor-widget-container\">\n\t\t\t\t\t<h2 class=\"elementor-heading-title elementor-size-default\">M\u00e1s sobre este proyecto<\/h2>\t\t\t\t<\/div>\n\t\t\t\t<\/div>\n\t\t\t\t<\/div>\n\t\t\t\t\t<\/div>\n\t\t\t\t<\/div>\n\t\t\t\t<\/div>\n\t\t\t\t<\/div>\n\t\t","protected":false},"excerpt":{"rendered":"<p>Estudio de caso FlexiGate para el Aeropuerto Avinor El desaf\u00edo Proporcionar automatizaci\u00f3n de procesos de Avinor Aeropuerto &amp; a inteligente y utilizaci\u00f3n eficaz de todo el espacio que necesitar\u00e1 un m\u00ednimo de uso de intervenciones humanas. Acerca de Avinor Avinor explota la mayor\u00eda de los aeropuertos civiles de Noruega. Actualmente es responsable de 44 aeropuertos <a href=\"https:\/\/www.cuesystem.com\/es\/casos-practicos\/flexigate-para-el-aeropuerto-avinor\/\" class=\"more-link\">&#8230;<span class=\"screen-reader-text\">  FlexiGate para el Aeropuerto Avinor<\/span><\/a><\/p>\n","protected":false},"author":3,"featured_media":0,"parent":30180,"menu_order":250,"comment_status":"closed","ping_status":"closed","template":"","meta":{"_acf_changed":false,"inline_featured_image":false,"footnotes":""},"kategorie":[],"class_list":["post-30152","page","type-page","status-publish","hentry"],"acf":[],"_links":{"self":[{"href":"https:\/\/www.cuesystem.com\/es\/wp-json\/wp\/v2\/pages\/30152","targetHints":{"allow":["GET"]}}],"collection":[{"href":"https:\/\/www.cuesystem.com\/es\/wp-json\/wp\/v2\/pages"}],"about":[{"href":"https:\/\/www.cuesystem.com\/es\/wp-json\/wp\/v2\/types\/page"}],"author":[{"embeddable":true,"href":"https:\/\/www.cuesystem.com\/es\/wp-json\/wp\/v2\/users\/3"}],"replies":[{"embeddable":true,"href":"https:\/\/www.cuesystem.com\/es\/wp-json\/wp\/v2\/comments?post=30152"}],"version-history":[{"count":1,"href":"https:\/\/www.cuesystem.com\/es\/wp-json\/wp\/v2\/pages\/30152\/revisions"}],"predecessor-version":[{"id":30155,"href":"https:\/\/www.cuesystem.com\/es\/wp-json\/wp\/v2\/pages\/30152\/revisions\/30155"}],"up":[{"embeddable":true,"href":"https:\/\/www.cuesystem.com\/es\/wp-json\/wp\/v2\/pages\/30180"}],"wp:attachment":[{"href":"https:\/\/www.cuesystem.com\/es\/wp-json\/wp\/v2\/media?parent=30152"}],"wp:term":[{"taxonomy":"kategorie","embeddable":true,"href":"https:\/\/www.cuesystem.com\/es\/wp-json\/wp\/v2\/kategorie?post=30152"}],"curies":[{"name":"wp","href":"https:\/\/api.w.org\/{rel}","templated":true}]}}