{"id":30182,"date":"2025-01-29T16:54:28","date_gmt":"2025-01-29T15:54:28","guid":{"rendered":"https:\/\/www.cuesystem.com\/steinel-integracion-de-sensores\/"},"modified":"2025-05-05T12:13:14","modified_gmt":"2025-05-05T10:13:14","slug":"steinel-integracion-de-sensores","status":"publish","type":"page","link":"https:\/\/www.cuesystem.com\/es\/casos-practicos\/steinel-integracion-de-sensores\/","title":{"rendered":"STEINEL Integraci\u00f3n de sensores"},"content":{"rendered":"\t\t<div data-elementor-type=\"wp-page\" data-elementor-id=\"30182\" class=\"elementor elementor-30182 elementor-28072\" data-elementor-post-type=\"page\">\n\t\t\t\t<div class=\"elementor-element elementor-element-5d889de e-con-full e-flex e-con e-child\" data-id=\"5d889de\" data-element_type=\"container\" data-e-type=\"container\">\n\t\t\t\t<div class=\"elementor-element elementor-element-f165495 elementor-widget elementor-widget-heading\" data-id=\"f165495\" data-element_type=\"widget\" data-e-type=\"widget\" data-widget_type=\"heading.default\">\n\t\t\t\t<div class=\"elementor-widget-container\">\n\t\t\t\t\t<h3 class=\"elementor-heading-title elementor-size-default\">Estudio de caso<\/h3>\t\t\t\t<\/div>\n\t\t\t\t<\/div>\n\t\t\t\t<div class=\"elementor-element elementor-element-584ce1e elementor-widget elementor-widget-heading\" data-id=\"584ce1e\" data-element_type=\"widget\" data-e-type=\"widget\" data-widget_type=\"heading.default\">\n\t\t\t\t<div class=\"elementor-widget-container\">\n\t\t\t\t\t<h1 class=\"elementor-heading-title elementor-size-default\">STEINEL Integraci\u00f3n de sensores<\/h1>\t\t\t\t<\/div>\n\t\t\t\t<\/div>\n\t\t\t\t<div class=\"elementor-element elementor-element-9284367 elementor-widget-divider--view-line elementor-widget elementor-widget-divider\" data-id=\"9284367\" data-element_type=\"widget\" data-e-type=\"widget\" data-widget_type=\"divider.default\">\n\t\t\t\t<div class=\"elementor-widget-container\">\n\t\t\t\t\t\t\t<div class=\"elementor-divider\">\n\t\t\t<span class=\"elementor-divider-separator\">\n\t\t\t\t\t\t<\/span>\n\t\t<\/div>\n\t\t\t\t\t\t<\/div>\n\t\t\t\t<\/div>\n\t\t<div class=\"elementor-element elementor-element-b40e6af e-grid e-con-boxed e-con e-child\" data-id=\"b40e6af\" data-element_type=\"container\" data-e-type=\"container\">\n\t\t\t\t\t<div class=\"e-con-inner\">\n\t\t<div class=\"elementor-element elementor-element-1272286 e-con-full e-flex e-con e-child\" data-id=\"1272286\" data-element_type=\"container\" data-e-type=\"container\">\n\t\t\t\t<div class=\"elementor-element elementor-element-fe84c0b elementor-widget elementor-widget-heading\" data-id=\"fe84c0b\" data-element_type=\"widget\" data-e-type=\"widget\" data-widget_type=\"heading.default\">\n\t\t\t\t<div class=\"elementor-widget-container\">\n\t\t\t\t\t<h2 class=\"elementor-heading-title elementor-size-default\">El desaf\u00edo<\/h2>\t\t\t\t<\/div>\n\t\t\t\t<\/div>\n\t\t\t\t<div class=\"elementor-element elementor-element-7e71572 elementor-widget elementor-widget-text-editor\" data-id=\"7e71572\" data-element_type=\"widget\" data-e-type=\"widget\" data-widget_type=\"text-editor.default\">\n\t\t\t\t<div class=\"elementor-widget-container\">\n\t\t\t\t\t\t\t\t\t<p>Proporcionar una orientaci\u00f3n f\u00e1cil por el edificio, una soluci\u00f3n de reserva inteligente y una interfaz general intuitiva y comprensible para todos los miembros del equipo.<\/p>\t\t\t\t\t\t\t\t<\/div>\n\t\t\t\t<\/div>\n\t\t\t\t<\/div>\n\t\t<div class=\"elementor-element elementor-element-682e59d e-con-full e-flex e-con e-child\" data-id=\"682e59d\" data-element_type=\"container\" data-e-type=\"container\">\n\t\t\t\t<div class=\"elementor-element elementor-element-810cb92 elementor-widget elementor-widget-image\" data-id=\"810cb92\" data-element_type=\"widget\" data-e-type=\"widget\" data-widget_type=\"image.default\">\n\t\t\t\t<div class=\"elementor-widget-container\">\n\t\t\t\t\t\t\t\t\t\t\t\t\t\t\t<img fetchpriority=\"high\" decoding=\"async\" width=\"1024\" height=\"576\" src=\"https:\/\/www.cuesystem.com\/wp-content\/uploads\/2025\/01\/LogoSTEINEL-1024x576.png\" class=\"attachment-large size-large wp-image-28084\" alt=\"\" srcset=\"https:\/\/www.cuesystem.com\/wp-content\/uploads\/2025\/01\/LogoSTEINEL-1024x576.png 1024w, https:\/\/www.cuesystem.com\/wp-content\/uploads\/2025\/01\/LogoSTEINEL-300x169.png 300w, https:\/\/www.cuesystem.com\/wp-content\/uploads\/2025\/01\/LogoSTEINEL.png 1500w\" sizes=\"(max-width: 1024px) 100vw, 1024px\" \/>\t\t\t\t\t\t\t\t\t\t\t\t\t\t\t<\/div>\n\t\t\t\t<\/div>\n\t\t\t\t<\/div>\n\t\t\t\t\t<\/div>\n\t\t\t\t<\/div>\n\t\t<div class=\"elementor-element elementor-element-f83de22 e-grid e-con-boxed e-con e-child\" data-id=\"f83de22\" data-element_type=\"container\" data-e-type=\"container\">\n\t\t\t\t\t<div class=\"e-con-inner\">\n\t\t<div class=\"elementor-element elementor-element-8b7fbbe e-con-full e-flex e-con e-child\" data-id=\"8b7fbbe\" data-element_type=\"container\" data-e-type=\"container\">\n\t\t\t\t<div class=\"elementor-element elementor-element-57716c4 elementor-widget elementor-widget-image\" data-id=\"57716c4\" data-element_type=\"widget\" data-e-type=\"widget\" data-widget_type=\"image.default\">\n\t\t\t\t<div class=\"elementor-widget-container\">\n\t\t\t\t\t\t\t\t\t\t\t\t\t\t\t<img decoding=\"async\" width=\"1024\" height=\"576\" src=\"https:\/\/www.cuesystem.com\/wp-content\/uploads\/2025\/01\/SteinelLiberec_Offices_Screenshot-1024x576.png\" class=\"attachment-large size-large wp-image-28089\" alt=\"\" srcset=\"https:\/\/www.cuesystem.com\/wp-content\/uploads\/2025\/01\/SteinelLiberec_Offices_Screenshot-1024x576.png 1024w, https:\/\/www.cuesystem.com\/wp-content\/uploads\/2025\/01\/SteinelLiberec_Offices_Screenshot-300x169.png 300w, https:\/\/www.cuesystem.com\/wp-content\/uploads\/2025\/01\/SteinelLiberec_Offices_Screenshot.png 1536w\" sizes=\"(max-width: 1024px) 100vw, 1024px\" \/>\t\t\t\t\t\t\t\t\t\t\t\t\t\t\t<\/div>\n\t\t\t\t<\/div>\n\t\t\t\t<\/div>\n\t\t<div class=\"elementor-element elementor-element-2918ebe e-con-full e-flex e-con e-child\" data-id=\"2918ebe\" data-element_type=\"container\" data-e-type=\"container\">\n\t\t\t\t<div class=\"elementor-element elementor-element-38049c8 elementor-widget elementor-widget-heading\" data-id=\"38049c8\" data-element_type=\"widget\" data-e-type=\"widget\" data-widget_type=\"heading.default\">\n\t\t\t\t<div class=\"elementor-widget-container\">\n\t\t\t\t\t<h2 class=\"elementor-heading-title elementor-size-default\">Sobre STEINEL<\/h2>\t\t\t\t<\/div>\n\t\t\t\t<\/div>\n\t\t\t\t<div class=\"elementor-element elementor-element-d19c638 elementor-widget elementor-widget-text-editor\" data-id=\"d19c638\" data-element_type=\"widget\" data-e-type=\"widget\" data-widget_type=\"text-editor.default\">\n\t\t\t\t<div class=\"elementor-widget-container\">\n\t\t\t\t\t\t\t\t\t<p class=\"\" data-v-4d192987=\"\" data-v-4a7aac3a=\"\"><a class=\"link_node text_node rw_adf_text_strong\" tabindex=\"0\" href=\"https:\/\/www.steinel.cz\/en\/\" target=\"_blank\" rel=\"noopener\" data-v-098e4e53=\"\" data-v-816e464e=\"\" data-v-4d192987=\"\" data-ui-id=\"text-link\" data-ui-content=\"STEINEL\"><span class=\"inline_text_span\" data-v-098e4e53=\"\">STEINEL<\/span><\/a><span class=\"text_node\" data-v-816e464e=\"\" data-v-4d192987=\"\"> es uno de los principales fabricantes de sensores infrarrojos, l\u00e1mparas sensoras, pistolas de calor, pistolas de cola caliente y comprobadores electr\u00f3nicos de tensi\u00f3n.<\/span><\/p><p class=\"\" data-v-4d192987=\"\" data-v-4a7aac3a=\"\"><span class=\"text_node\" data-v-816e464e=\"\" data-v-4d192987=\"\">El proyecto fue ejecutado por <\/span><span class=\"text_node rw_adf_text_strong\" data-v-816e464e=\"\" data-v-4d192987=\"\">nosotros directamente<\/span><span class=\"text_node\" data-v-816e464e=\"\" data-v-4d192987=\"\">.<\/span><\/p>\t\t\t\t\t\t\t\t<\/div>\n\t\t\t\t<\/div>\n\t\t\t\t<\/div>\n\t\t\t\t\t<\/div>\n\t\t\t\t<\/div>\n\t\t<div class=\"elementor-element elementor-element-af87c28 e-grid e-con-boxed e-con e-child\" data-id=\"af87c28\" data-element_type=\"container\" data-e-type=\"container\">\n\t\t\t\t\t<div class=\"e-con-inner\">\n\t\t<div class=\"elementor-element elementor-element-ae5eb9a e-con-full e-flex e-con e-child\" data-id=\"ae5eb9a\" data-element_type=\"container\" data-e-type=\"container\">\n\t\t\t\t<div class=\"elementor-element elementor-element-64e078c elementor-widget elementor-widget-heading\" data-id=\"64e078c\" data-element_type=\"widget\" data-e-type=\"widget\" data-widget_type=\"heading.default\">\n\t\t\t\t<div class=\"elementor-widget-container\">\n\t\t\t\t\t<h2 class=\"elementor-heading-title elementor-size-default\">Nuestra resoluci\u00f3n<\/h2>\t\t\t\t<\/div>\n\t\t\t\t<\/div>\n\t\t\t\t<div class=\"elementor-element elementor-element-9723c4b elementor-widget elementor-widget-text-editor\" data-id=\"9723c4b\" data-element_type=\"widget\" data-e-type=\"widget\" data-widget_type=\"text-editor.default\">\n\t\t\t\t<div class=\"elementor-widget-container\">\n\t\t\t\t\t\t\t\t\t<p class=\"\" data-v-4d192987=\"\" data-v-4a7aac3a=\"\"><span class=\"text_node\" data-v-816e464e=\"\" data-v-4d192987=\"\">Las oficinas STEINEL ya <\/span><span class=\"text_node rw_adf_text_strong\" data-v-816e464e=\"\" data-v-4d192987=\"\">utilizan plenamente el ecosistema touchONE<\/span><span class=\"text_node\" data-v-816e464e=\"\" data-v-4d192987=\"\">  (no s\u00f3lo) para reservas. Los empleados tienen mucho a su disposici\u00f3n: por ejemplo, nuestro   <\/span><span class=\"text_node rw_adf_text_strong\" data-v-816e464e=\"\" data-v-4d192987=\"\">aplicaci\u00f3n m\u00f3vil touchONE-assist<\/span><span class=\"text_node\" data-v-816e464e=\"\" data-v-4d192987=\"\">que te ayuda a <\/span><span class=\"text_node rw_adf_text_strong\" data-v-816e464e=\"\" data-v-4d192987=\"\">orientaci\u00f3n <\/span><span class=\"text_node\" data-v-816e464e=\"\" data-v-4d192987=\"\">por el edificio, pero tambi\u00e9n con la <\/span><span class=\"text_node rw_adf_text_strong\" data-v-816e464e=\"\" data-v-4d192987=\"\">reserva de <\/span> <span class=\"text_node\" data-v-816e464e=\"\" data-v-4d192987=\"\">en s\u00ed. Pueden reservar salas de reuniones, plazas de aparcamiento, lugares de trabajo, etc. <\/span><\/p><p class=\"\" data-v-4d192987=\"\" data-v-4a7aac3a=\"\"><span class=\"text_node rw_adf_text_strong\" data-v-816e464e=\"\" data-v-4d192987=\"\">El n\u00famero posterior de personas se controla mediante sensores STEINEL <\/span><span class=\"text_node\" data-v-816e464e=\"\" data-v-4d192987=\"\">(HPD2 y HPD3).<\/span><\/p><p class=\"\" data-v-4d192987=\"\" data-v-4a7aac3a=\"\"><span class=\"text_node\" data-v-816e464e=\"\" data-v-4d192987=\"\">En las oficinas, un <\/span><span class=\"text_node rw_adf_text_strong\" data-v-816e464e=\"\" data-v-4d192987=\"\">quiosco touchONE<\/span><span class=\"text_node\" data-v-816e464e=\"\" data-v-4d192987=\"\"> est\u00e1 disponible tanto para empleados como para visitantes, donde se muestra el <\/span><span class=\"text_node rw_adf_text_strong\" data-v-816e464e=\"\" data-v-4d192987=\"\">estado <\/span> <span class=\"text_node\" data-v-816e464e=\"\" data-v-4d192987=\"\">de todas las salas (por ejemplo, el n\u00famero de personas en una sala determinada) y otros recursos reservables se muestra claramente. El quiosco tambi\u00e9n permite   <\/span><span class=\"text_node rw_adf_text_strong\" data-v-816e464e=\"\" data-v-4d192987=\"\">haz <\/span><span class=\"text_node\" data-v-816e464e=\"\" data-v-4d192987=\"\">a corto plazo <\/span><span class=\"text_node rw_adf_text_strong\" data-v-816e464e=\"\" data-v-4d192987=\"\">reservas <\/span><span class=\"text_node\" data-v-816e464e=\"\" data-v-4d192987=\"\">y prorrogarlas o anularlas.<\/span><\/p>\t\t\t\t\t\t\t\t<\/div>\n\t\t\t\t<\/div>\n\t\t\t\t<\/div>\n\t\t<div class=\"elementor-element elementor-element-15beb3c e-con-full e-flex e-con e-child\" data-id=\"15beb3c\" data-element_type=\"container\" data-e-type=\"container\">\n\t\t\t\t<div class=\"elementor-element elementor-element-51c379a elementor-widget elementor-widget-image\" data-id=\"51c379a\" data-element_type=\"widget\" data-e-type=\"widget\" data-widget_type=\"image.default\">\n\t\t\t\t<div class=\"elementor-widget-container\">\n\t\t\t\t\t\t\t\t\t\t\t\t\t\t\t<img decoding=\"async\" width=\"1024\" height=\"575\" src=\"https:\/\/www.cuesystem.com\/wp-content\/uploads\/2025\/01\/SteinelLiberec_parking_Screenshot-1024x575.png\" class=\"attachment-large size-large wp-image-28094\" alt=\"\" srcset=\"https:\/\/www.cuesystem.com\/wp-content\/uploads\/2025\/01\/SteinelLiberec_parking_Screenshot-1024x575.png 1024w, https:\/\/www.cuesystem.com\/wp-content\/uploads\/2025\/01\/SteinelLiberec_parking_Screenshot-300x169.png 300w, https:\/\/www.cuesystem.com\/wp-content\/uploads\/2025\/01\/SteinelLiberec_parking_Screenshot.png 1536w\" sizes=\"(max-width: 1024px) 100vw, 1024px\" \/>\t\t\t\t\t\t\t\t\t\t\t\t\t\t\t<\/div>\n\t\t\t\t<\/div>\n\t\t\t\t<\/div>\n\t\t\t\t\t<\/div>\n\t\t\t\t<\/div>\n\t\t\t\t<\/div>\n\t\t\t\t<\/div>\n\t\t","protected":false},"excerpt":{"rendered":"<p>Estudio de caso STEINEL Integraci\u00f3n de sensores El desaf\u00edo Proporcionar una orientaci\u00f3n f\u00e1cil por el edificio, una soluci\u00f3n de reserva inteligente y una interfaz general intuitiva y comprensible para todos los miembros del equipo. Sobre STEINEL STEINEL es uno de los principales fabricantes de sensores infrarrojos, l\u00e1mparas sensoras, pistolas de calor, pistolas de cola caliente <a href=\"https:\/\/www.cuesystem.com\/es\/casos-practicos\/steinel-integracion-de-sensores\/\" class=\"more-link\">&#8230;<span class=\"screen-reader-text\">  STEINEL Integraci\u00f3n de sensores<\/span><\/a><\/p>\n","protected":false},"author":3,"featured_media":0,"parent":30180,"menu_order":281,"comment_status":"closed","ping_status":"closed","template":"","meta":{"_acf_changed":false,"inline_featured_image":false,"footnotes":""},"kategorie":[],"class_list":["post-30182","page","type-page","status-publish","hentry"],"acf":[],"_links":{"self":[{"href":"https:\/\/www.cuesystem.com\/es\/wp-json\/wp\/v2\/pages\/30182","targetHints":{"allow":["GET"]}}],"collection":[{"href":"https:\/\/www.cuesystem.com\/es\/wp-json\/wp\/v2\/pages"}],"about":[{"href":"https:\/\/www.cuesystem.com\/es\/wp-json\/wp\/v2\/types\/page"}],"author":[{"embeddable":true,"href":"https:\/\/www.cuesystem.com\/es\/wp-json\/wp\/v2\/users\/3"}],"replies":[{"embeddable":true,"href":"https:\/\/www.cuesystem.com\/es\/wp-json\/wp\/v2\/comments?post=30182"}],"version-history":[{"count":1,"href":"https:\/\/www.cuesystem.com\/es\/wp-json\/wp\/v2\/pages\/30182\/revisions"}],"predecessor-version":[{"id":30184,"href":"https:\/\/www.cuesystem.com\/es\/wp-json\/wp\/v2\/pages\/30182\/revisions\/30184"}],"up":[{"embeddable":true,"href":"https:\/\/www.cuesystem.com\/es\/wp-json\/wp\/v2\/pages\/30180"}],"wp:attachment":[{"href":"https:\/\/www.cuesystem.com\/es\/wp-json\/wp\/v2\/media?parent=30182"}],"wp:term":[{"taxonomy":"kategorie","embeddable":true,"href":"https:\/\/www.cuesystem.com\/es\/wp-json\/wp\/v2\/kategorie?post=30182"}],"curies":[{"name":"wp","href":"https:\/\/api.w.org\/{rel}","templated":true}]}}