{"id":30192,"date":"2025-01-29T17:26:04","date_gmt":"2025-01-29T16:26:04","guid":{"rendered":"https:\/\/www.cuesystem.com\/casos-practicos\/centro-de-conferencias-aok\/"},"modified":"2025-05-05T12:13:14","modified_gmt":"2025-05-05T10:13:14","slug":"centro-de-conferencias-aok","status":"publish","type":"page","link":"https:\/\/www.cuesystem.com\/es\/casos-practicos\/centro-de-conferencias-aok\/","title":{"rendered":"Centro de Conferencias AOK"},"content":{"rendered":"\t\t<div data-elementor-type=\"wp-page\" data-elementor-id=\"30192\" class=\"elementor elementor-30192 elementor-28130\" data-elementor-post-type=\"page\">\n\t\t\t\t<div class=\"elementor-element elementor-element-4c43825 e-con-full e-flex e-con e-child\" data-id=\"4c43825\" data-element_type=\"container\" data-e-type=\"container\">\n\t\t\t\t<div class=\"elementor-element elementor-element-fb5b232 elementor-widget elementor-widget-heading\" data-id=\"fb5b232\" data-element_type=\"widget\" data-e-type=\"widget\" data-widget_type=\"heading.default\">\n\t\t\t\t<div class=\"elementor-widget-container\">\n\t\t\t\t\t<h3 class=\"elementor-heading-title elementor-size-default\">Estudio de caso<\/h3>\t\t\t\t<\/div>\n\t\t\t\t<\/div>\n\t\t\t\t<div class=\"elementor-element elementor-element-eab76cb elementor-widget elementor-widget-heading\" data-id=\"eab76cb\" data-element_type=\"widget\" data-e-type=\"widget\" data-widget_type=\"heading.default\">\n\t\t\t\t<div class=\"elementor-widget-container\">\n\t\t\t\t\t<h1 class=\"elementor-heading-title elementor-size-default\">Centro de Conferencias AOK<\/h1>\t\t\t\t<\/div>\n\t\t\t\t<\/div>\n\t\t\t\t<div class=\"elementor-element elementor-element-0c910c3 elementor-widget-divider--view-line elementor-widget elementor-widget-divider\" data-id=\"0c910c3\" data-element_type=\"widget\" data-e-type=\"widget\" data-widget_type=\"divider.default\">\n\t\t\t\t<div class=\"elementor-widget-container\">\n\t\t\t\t\t\t\t<div class=\"elementor-divider\">\n\t\t\t<span class=\"elementor-divider-separator\">\n\t\t\t\t\t\t<\/span>\n\t\t<\/div>\n\t\t\t\t\t\t<\/div>\n\t\t\t\t<\/div>\n\t\t<div class=\"elementor-element elementor-element-52ce8b6 e-grid e-con-boxed e-con e-child\" data-id=\"52ce8b6\" data-element_type=\"container\" data-e-type=\"container\">\n\t\t\t\t\t<div class=\"e-con-inner\">\n\t\t<div class=\"elementor-element elementor-element-1cfb708 e-con-full e-flex e-con e-child\" data-id=\"1cfb708\" data-element_type=\"container\" data-e-type=\"container\">\n\t\t\t\t<div class=\"elementor-element elementor-element-1d6f8ea elementor-widget elementor-widget-heading\" data-id=\"1d6f8ea\" data-element_type=\"widget\" data-e-type=\"widget\" data-widget_type=\"heading.default\">\n\t\t\t\t<div class=\"elementor-widget-container\">\n\t\t\t\t\t<h2 class=\"elementor-heading-title elementor-size-default\">El desaf\u00edo<\/h2>\t\t\t\t<\/div>\n\t\t\t\t<\/div>\n\t\t\t\t<div class=\"elementor-element elementor-element-1adffe3 elementor-widget elementor-widget-text-editor\" data-id=\"1adffe3\" data-element_type=\"widget\" data-e-type=\"widget\" data-widget_type=\"text-editor.default\">\n\t\t\t\t<div class=\"elementor-widget-container\">\n\t\t\t\t\t\t\t\t\t<p><span class=\"text_node\" data-v-816e464e=\"\" data-v-4d192987=\"\">Equipar  <\/span><span class=\"text_node rw_adf_text_strong\" data-v-816e464e=\"\" data-v-4d192987=\"\">56 habitaciones<\/span><span class=\"text_node\" data-v-816e464e=\"\" data-v-4d192987=\"\">  en el  <\/span><a class=\"link_node text_node rw_adf_text_strong\" tabindex=\"0\" href=\"https:\/\/www.aok.de\/fm\/en-uk?s_kwcid=AL!10517!3!445355617851!e!!g!!aok%20germany&amp;cid=aok;1;4;Zuwandererportal;1;42\" target=\"_blank\" rel=\"noopener\" data-v-098e4e53=\"\" data-v-816e464e=\"\" data-v-4d192987=\"\" data-ui-id=\"text-link\" data-ui-content=\"AOK  \"><span class=\"inline_text_span\" data-v-098e4e53=\"\">AOK  <\/span><\/a><span class=\"text_node rw_adf_text_strong\" data-v-816e464e=\"\" data-v-4d192987=\"\">centro de conferencias  <\/span><span class=\"text_node\" data-v-816e464e=\"\" data-v-4d192987=\"\">edificio de Nuremberg con una soluci\u00f3n, que  <\/span><span class=\"text_node rw_adf_text_strong\" data-v-816e464e=\"\" data-v-4d192987=\"\">facilita el proceso<\/span><span class=\"text_node\" data-v-816e464e=\"\" data-v-4d192987=\"\">  de  <\/span><span class=\"text_node rw_adf_text_strong\" data-v-816e464e=\"\" data-v-4d192987=\"\">controlando  <\/span><span class=\"text_node\" data-v-816e464e=\"\" data-v-4d192987=\"\">&amp;  <\/span><span class=\"text_node rw_adf_text_strong\" data-v-816e464e=\"\" data-v-4d192987=\"\">reservando  <\/span><span class=\"text_node\" data-v-816e464e=\"\" data-v-4d192987=\"\">ambos solteros<\/span><span class=\"text_node rw_adf_text_strong\" data-v-816e464e=\"\" data-v-4d192987=\"\">  lugares de trabajo<\/span><span class=\"text_node\" data-v-816e464e=\"\" data-v-4d192987=\"\">  y m\u00e1s grande  <\/span><span class=\"text_node rw_adf_text_strong\" data-v-816e464e=\"\" data-v-4d192987=\"\">espacios de trabajo<\/span><span class=\"text_node\" data-v-816e464e=\"\" data-v-4d192987=\"\">.<\/span><\/p>\t\t\t\t\t\t\t\t<\/div>\n\t\t\t\t<\/div>\n\t\t\t\t<\/div>\n\t\t<div class=\"elementor-element elementor-element-d1c94da e-con-full e-flex e-con e-child\" data-id=\"d1c94da\" data-element_type=\"container\" data-e-type=\"container\">\n\t\t\t\t<div class=\"elementor-element elementor-element-b1c848f elementor-widget elementor-widget-image\" data-id=\"b1c848f\" data-element_type=\"widget\" data-e-type=\"widget\" data-widget_type=\"image.default\">\n\t\t\t\t<div class=\"elementor-widget-container\">\n\t\t\t\t\t\t\t\t\t\t\t\t\t\t\t<img fetchpriority=\"high\" decoding=\"async\" width=\"1024\" height=\"576\" src=\"https:\/\/www.cuesystem.com\/wp-content\/uploads\/2025\/01\/CaseStudy_AOK.png\" class=\"attachment-large size-large wp-image-28022\" alt=\"\" srcset=\"https:\/\/www.cuesystem.com\/wp-content\/uploads\/2025\/01\/CaseStudy_AOK.png 1024w, https:\/\/www.cuesystem.com\/wp-content\/uploads\/2025\/01\/CaseStudy_AOK-300x169.png 300w\" sizes=\"(max-width: 1024px) 100vw, 1024px\" \/>\t\t\t\t\t\t\t\t\t\t\t\t\t\t\t<\/div>\n\t\t\t\t<\/div>\n\t\t\t\t<\/div>\n\t\t\t\t\t<\/div>\n\t\t\t\t<\/div>\n\t\t<div class=\"elementor-element elementor-element-f83b413 e-grid e-con-boxed e-con e-child\" data-id=\"f83b413\" data-element_type=\"container\" data-e-type=\"container\">\n\t\t\t\t\t<div class=\"e-con-inner\">\n\t\t<div class=\"elementor-element elementor-element-db65af2 e-con-full e-flex e-con e-child\" data-id=\"db65af2\" data-element_type=\"container\" data-e-type=\"container\">\n\t\t\t\t<div class=\"elementor-element elementor-element-b9cc5f3 elementor-widget elementor-widget-image\" data-id=\"b9cc5f3\" data-element_type=\"widget\" data-e-type=\"widget\" data-widget_type=\"image.default\">\n\t\t\t\t<div class=\"elementor-widget-container\">\n\t\t\t\t\t\t\t\t\t\t\t\t\t\t\t<img decoding=\"async\" width=\"1024\" height=\"572\" src=\"https:\/\/www.cuesystem.com\/wp-content\/uploads\/2025\/01\/logo-social-media-3a2e5257eec48790d073aca432c19414-1024x572.jpg\" class=\"attachment-large size-large wp-image-28139\" alt=\"\" srcset=\"https:\/\/www.cuesystem.com\/wp-content\/uploads\/2025\/01\/logo-social-media-3a2e5257eec48790d073aca432c19414-1024x572.jpg 1024w, https:\/\/www.cuesystem.com\/wp-content\/uploads\/2025\/01\/logo-social-media-3a2e5257eec48790d073aca432c19414-300x168.jpg 300w, https:\/\/www.cuesystem.com\/wp-content\/uploads\/2025\/01\/logo-social-media-3a2e5257eec48790d073aca432c19414.jpg 2000w\" sizes=\"(max-width: 1024px) 100vw, 1024px\" \/>\t\t\t\t\t\t\t\t\t\t\t\t\t\t\t<\/div>\n\t\t\t\t<\/div>\n\t\t\t\t<\/div>\n\t\t<div class=\"elementor-element elementor-element-3899f2b e-con-full e-flex e-con e-child\" data-id=\"3899f2b\" data-element_type=\"container\" data-e-type=\"container\">\n\t\t\t\t<div class=\"elementor-element elementor-element-39f0c97 elementor-widget elementor-widget-heading\" data-id=\"39f0c97\" data-element_type=\"widget\" data-e-type=\"widget\" data-widget_type=\"heading.default\">\n\t\t\t\t<div class=\"elementor-widget-container\">\n\t\t\t\t\t<h2 class=\"elementor-heading-title elementor-size-default\">Sobre la AOK  <\/h2>\t\t\t\t<\/div>\n\t\t\t\t<\/div>\n\t\t\t\t<div class=\"elementor-element elementor-element-15fe2a2 elementor-widget elementor-widget-text-editor\" data-id=\"15fe2a2\" data-element_type=\"widget\" data-e-type=\"widget\" data-widget_type=\"text-editor.default\">\n\t\t\t\t<div class=\"elementor-widget-container\">\n\t\t\t\t\t\t\t\t\t<p class=\"\" data-v-4d192987=\"\" data-v-4a7aac3a=\"\"><a class=\"link_node text_node rw_adf_text_strong\" tabindex=\"0\" href=\"https:\/\/www.aok.de\/fm\/en-uk?s_kwcid=AL!10517!3!445355617851!e!!g!!aok%20germany&amp;cid=aok;1;4;Zuwandererportal;1;42\" target=\"_blank\" rel=\"noopener\" data-v-098e4e53=\"\" data-v-816e464e=\"\" data-v-4d192987=\"\" data-ui-id=\"text-link\" data-ui-content=\"AOK \"><span class=\"inline_text_span\" data-v-098e4e53=\"\">AOK <\/span><\/a><span class=\"text_node\" data-v-816e464e=\"\" data-v-4d192987=\"\">es un proveedor de seguros m\u00e9dicos obligatorios en Alemania.<\/span><\/p><p class=\"\" data-v-4d192987=\"\" data-v-4a7aac3a=\"\"><span class=\"text_node\" data-v-816e464e=\"\" data-v-4d192987=\"\">Nuestra <\/span><span class=\"text_node rw_adf_text_strong\" data-v-816e464e=\"\" data-v-4d192987=\"\">distribuidor alem\u00e1n <\/span><a class=\"link_node text_node rw_adf_text_strong\" tabindex=\"0\" href=\"https:\/\/www.prodytel.de\/\" target=\"_blank\" rel=\"noopener\" data-v-098e4e53=\"\" data-v-816e464e=\"\" data-v-4d192987=\"\" data-ui-id=\"text-link\" data-ui-content=\"prodyTel Distribution GmbH\"><span class=\"inline_text_span\" data-v-098e4e53=\"\">prodyTel Distribution GmbH<\/span><\/a><span class=\"text_node rw_adf_text_strong\" data-v-816e464e=\"\" data-v-4d192987=\"\"> <\/span><span class=\"text_node\" data-v-816e464e=\"\" data-v-4d192987=\"\">se encarg\u00f3 de la ejecuci\u00f3n del proyecto.<\/span><\/p>\t\t\t\t\t\t\t\t<\/div>\n\t\t\t\t<\/div>\n\t\t\t\t<\/div>\n\t\t\t\t\t<\/div>\n\t\t\t\t<\/div>\n\t\t<div class=\"elementor-element elementor-element-ee98138 e-grid e-con-boxed e-con e-child\" data-id=\"ee98138\" data-element_type=\"container\" data-e-type=\"container\">\n\t\t\t\t\t<div class=\"e-con-inner\">\n\t\t<div class=\"elementor-element elementor-element-855cf8f e-con-full e-flex e-con e-child\" data-id=\"855cf8f\" data-element_type=\"container\" data-e-type=\"container\">\n\t\t\t\t<div class=\"elementor-element elementor-element-f6f6353 elementor-widget elementor-widget-heading\" data-id=\"f6f6353\" data-element_type=\"widget\" data-e-type=\"widget\" data-widget_type=\"heading.default\">\n\t\t\t\t<div class=\"elementor-widget-container\">\n\t\t\t\t\t<h2 class=\"elementor-heading-title elementor-size-default\">Nuestra resoluci\u00f3n<\/h2>\t\t\t\t<\/div>\n\t\t\t\t<\/div>\n\t\t\t\t<div class=\"elementor-element elementor-element-41fa6e6 elementor-widget elementor-widget-text-editor\" data-id=\"41fa6e6\" data-element_type=\"widget\" data-e-type=\"widget\" data-widget_type=\"text-editor.default\">\n\t\t\t\t<div class=\"elementor-widget-container\">\n\t\t\t\t\t\t\t\t\t<p class=\"\" data-v-4d192987=\"\" data-v-4a7aac3a=\"\"><span class=\"text_node\" data-v-816e464e=\"\" data-v-4d192987=\"\">Hemos instalado exactamente <\/span><span class=\"text_node rw_adf_text_strong\" data-v-816e464e=\"\" data-v-4d192987=\"\">77x <\/span><a class=\"link_node text_node rw_adf_text_strong\" tabindex=\"0\" href=\"https:\/\/cuesystem.com\/EN\/Products?id=decda987-9147-4204-9d5f-cec4369e41a9\" target=\"_blank\" rel=\"noopener\" data-v-098e4e53=\"\" data-v-816e464e=\"\" data-v-4d192987=\"\" data-ui-id=\"text-link\" data-ui-content=\"touchCUE-7\/-7M\"><span class=\"inline_text_span\" data-v-098e4e53=\"\">touchCUE-7\/-7M<\/span><\/a><span class=\"text_node\" data-v-816e464e=\"\" data-v-4d192987=\"\">, <\/span><span class=\"text_node rw_adf_text_strong\" data-v-816e464e=\"\" data-v-4d192987=\"\">20x <\/span><a class=\"link_node text_node rw_adf_text_strong\" tabindex=\"0\" href=\"https:\/\/cuesystem.com\/EN\/Products?id=d9e035ab-b00a-4aec-96f7-f52ad04bcd80\" target=\"_blank\" rel=\"noopener\" data-v-098e4e53=\"\" data-v-816e464e=\"\" data-v-4d192987=\"\" data-ui-id=\"text-link\" data-ui-content=\"touchONE-desk-55\"><span class=\"inline_text_span\" data-v-098e4e53=\"\">touchONE-escritorio-55<\/span><\/a><span class=\"text_node\" data-v-816e464e=\"\" data-v-4d192987=\"\"> &amp; <\/span><span class=\"text_node rw_adf_text_strong\" data-v-816e464e=\"\" data-v-4d192987=\"\">12x <\/span><a class=\"link_node text_node rw_adf_text_strong\" tabindex=\"0\" href=\"https:\/\/cuesystem.com\/EN\/Products?id=2109a5ef-414d-4348-a65f-d9277e7d1864\" target=\"_blank\" rel=\"noopener\" data-v-098e4e53=\"\" data-v-816e464e=\"\" data-v-4d192987=\"\" data-ui-id=\"text-link\" data-ui-content=\"controlCUE-knx-d\"><span class=\"inline_text_span\" data-v-098e4e53=\"\">controlCUE-knx-d<\/span><\/a><span class=\"text_node\" data-v-816e464e=\"\" data-v-4d192987=\"\">.<\/span><\/p><p class=\"\" data-v-4d192987=\"\" data-v-4a7aac3a=\"\"><span class=\"text_node\" data-v-816e464e=\"\" data-v-4d192987=\"\">Nuestro objetivo principal era trabajar en el <\/span><span class=\"text_node rw_adf_text_strong\" data-v-816e464e=\"\" data-v-4d192987=\"\">elemento de control <\/span> <span class=\"text_node\" data-v-816e464e=\"\" data-v-4d192987=\"\">de este complejo proyecto. Y   <\/span><span class=\"text_node rw_adf_text_strong\" data-v-816e464e=\"\" data-v-4d192987=\"\">practicidad <\/span><span class=\"text_node\" data-v-816e464e=\"\" data-v-4d192987=\"\">fue el punto clave para nosotros en toda la implementaci\u00f3n.<\/span><\/p><p class=\"\" data-v-4d192987=\"\" data-v-4a7aac3a=\"\"><span class=\"text_node\" data-v-816e464e=\"\" data-v-4d192987=\"\">Precisamente por eso nos decidimos por los ajustes personalizados. Adem\u00e1s de la entrega e instalaci\u00f3n de nuestros productos cl\u00e1sicos, hemos desarrollado una   <\/span><span class=\"text_node rw_adf_text_strong\" data-v-816e464e=\"\" data-v-4d192987=\"\">caracter\u00edstica especial<\/span><span class=\"text_node\" data-v-816e464e=\"\" data-v-4d192987=\"\">que permite a los paneles t\u00e1ctiles <\/span><span class=\"text_node rw_adf_text_strong\" data-v-816e464e=\"\" data-v-4d192987=\"\">tirar de <\/span><span class=\"text_node\" data-v-816e464e=\"\" data-v-4d192987=\"\">su <\/span><span class=\"text_node rw_adf_text_strong\" data-v-816e464e=\"\" data-v-4d192987=\"\">configuraci\u00f3n directamente <\/span><span class=\"text_node\" data-v-816e464e=\"\" data-v-4d192987=\"\">directamente <\/span><span class=\"text_node rw_adf_text_strong\" data-v-816e464e=\"\" data-v-4d192987=\"\">servidor centralizado<\/span><span class=\"text_node\" data-v-816e464e=\"\" data-v-4d192987=\"\">.<\/span><\/p>\t\t\t\t\t\t\t\t<\/div>\n\t\t\t\t<\/div>\n\t\t\t\t<\/div>\n\t\t<div class=\"elementor-element elementor-element-c7610ee e-con-full e-flex e-con e-child\" data-id=\"c7610ee\" data-element_type=\"container\" data-e-type=\"container\">\n\t\t\t\t<div class=\"elementor-element elementor-element-a3d6284 elementor-widget elementor-widget-image\" data-id=\"a3d6284\" data-element_type=\"widget\" data-e-type=\"widget\" data-widget_type=\"image.default\">\n\t\t\t\t<div class=\"elementor-widget-container\">\n\t\t\t\t\t\t\t\t\t\t\t\t\t\t\t<img decoding=\"async\" width=\"750\" height=\"563\" src=\"https:\/\/www.cuesystem.com\/wp-content\/uploads\/2025\/01\/smaller_meeting_room_with_open_housing_ionp62.jpg\" class=\"attachment-large size-large wp-image-28156\" alt=\"\" srcset=\"https:\/\/www.cuesystem.com\/wp-content\/uploads\/2025\/01\/smaller_meeting_room_with_open_housing_ionp62.jpg 750w, https:\/\/www.cuesystem.com\/wp-content\/uploads\/2025\/01\/smaller_meeting_room_with_open_housing_ionp62-300x225.jpg 300w\" sizes=\"(max-width: 750px) 100vw, 750px\" \/>\t\t\t\t\t\t\t\t\t\t\t\t\t\t\t<\/div>\n\t\t\t\t<\/div>\n\t\t\t\t<\/div>\n\t\t\t\t\t<\/div>\n\t\t\t\t<\/div>\n\t\t\t\t<div class=\"elementor-element elementor-element-ad37539 elementor-widget elementor-widget-heading\" data-id=\"ad37539\" data-element_type=\"widget\" data-e-type=\"widget\" data-widget_type=\"heading.default\">\n\t\t\t\t<div class=\"elementor-widget-container\">\n\t\t\t\t\t<h2 class=\"elementor-heading-title elementor-size-default\">Sobre este proyecto - Berndt Schindler para Inavate EMEA  \n<\/h2>\t\t\t\t<\/div>\n\t\t\t\t<\/div>\n\t\t\t\t<div class=\"elementor-element elementor-element-6618a20 elementor-align-center elementor-widget elementor-widget-button\" data-id=\"6618a20\" data-element_type=\"widget\" data-e-type=\"widget\" data-widget_type=\"button.default\">\n\t\t\t\t<div class=\"elementor-widget-container\">\n\t\t\t\t\t\t\t\t\t<div class=\"elementor-button-wrapper\">\n\t\t\t\t\t<a class=\"elementor-button elementor-button-link elementor-size-sm\" href=\"https:\/\/www.inavateonthenet.net\/features\/article\/the-ford-model-t--of-meeting-rooms\" target=\"_blank\">\n\t\t\t\t\t\t<span class=\"elementor-button-content-wrapper\">\n\t\t\t\t\t\t\t\t\t<span class=\"elementor-button-text\">Ver m\u00e1s<\/span>\n\t\t\t\t\t<\/span>\n\t\t\t\t\t<\/a>\n\t\t\t\t<\/div>\n\t\t\t\t\t\t\t\t<\/div>\n\t\t\t\t<\/div>\n\t\t\t\t<\/div>\n\t\t\t\t<\/div>\n\t\t","protected":false},"excerpt":{"rendered":"<p>Estudio de caso Centro de Conferencias AOK El desaf\u00edo Equipar 56 habitaciones en el AOK centro de conferencias edificio de Nuremberg con una soluci\u00f3n, que facilita el proceso de controlando &amp; reservando ambos solteros lugares de trabajo y m\u00e1s grande espacios de trabajo. Sobre la AOK AOK es un proveedor de seguros m\u00e9dicos obligatorios en <a href=\"https:\/\/www.cuesystem.com\/es\/casos-practicos\/centro-de-conferencias-aok\/\" class=\"more-link\">&#8230;<span class=\"screen-reader-text\">  Centro de Conferencias AOK<\/span><\/a><\/p>\n","protected":false},"author":3,"featured_media":0,"parent":30180,"menu_order":265,"comment_status":"closed","ping_status":"closed","template":"","meta":{"_acf_changed":false,"inline_featured_image":false,"footnotes":""},"kategorie":[],"class_list":["post-30192","page","type-page","status-publish","hentry"],"acf":[],"_links":{"self":[{"href":"https:\/\/www.cuesystem.com\/es\/wp-json\/wp\/v2\/pages\/30192","targetHints":{"allow":["GET"]}}],"collection":[{"href":"https:\/\/www.cuesystem.com\/es\/wp-json\/wp\/v2\/pages"}],"about":[{"href":"https:\/\/www.cuesystem.com\/es\/wp-json\/wp\/v2\/types\/page"}],"author":[{"embeddable":true,"href":"https:\/\/www.cuesystem.com\/es\/wp-json\/wp\/v2\/users\/3"}],"replies":[{"embeddable":true,"href":"https:\/\/www.cuesystem.com\/es\/wp-json\/wp\/v2\/comments?post=30192"}],"version-history":[{"count":1,"href":"https:\/\/www.cuesystem.com\/es\/wp-json\/wp\/v2\/pages\/30192\/revisions"}],"predecessor-version":[{"id":30194,"href":"https:\/\/www.cuesystem.com\/es\/wp-json\/wp\/v2\/pages\/30192\/revisions\/30194"}],"up":[{"embeddable":true,"href":"https:\/\/www.cuesystem.com\/es\/wp-json\/wp\/v2\/pages\/30180"}],"wp:attachment":[{"href":"https:\/\/www.cuesystem.com\/es\/wp-json\/wp\/v2\/media?parent=30192"}],"wp:term":[{"taxonomy":"kategorie","embeddable":true,"href":"https:\/\/www.cuesystem.com\/es\/wp-json\/wp\/v2\/kategorie?post=30192"}],"curies":[{"name":"wp","href":"https:\/\/api.w.org\/{rel}","templated":true}]}}