{"id":30203,"date":"2025-01-29T17:52:24","date_gmt":"2025-01-29T16:52:24","guid":{"rendered":"https:\/\/www.cuesystem.com\/casos-practicos\/salas-de-partos-en-herning\/"},"modified":"2025-05-05T12:13:26","modified_gmt":"2025-05-05T10:13:26","slug":"salas-de-partos-en-herning","status":"publish","type":"page","link":"https:\/\/www.cuesystem.com\/es\/casos-practicos\/salas-de-partos-en-herning\/","title":{"rendered":"Salas de partos en Herning"},"content":{"rendered":"\t\t<div data-elementor-type=\"wp-page\" data-elementor-id=\"30203\" class=\"elementor elementor-30203 elementor-28160\" data-elementor-post-type=\"page\">\n\t\t\t\t<div class=\"elementor-element elementor-element-e893098 e-con-full e-flex e-con e-child\" data-id=\"e893098\" data-element_type=\"container\" data-e-type=\"container\">\n\t\t\t\t<div class=\"elementor-element elementor-element-d005634 elementor-widget elementor-widget-heading\" data-id=\"d005634\" data-element_type=\"widget\" data-e-type=\"widget\" data-widget_type=\"heading.default\">\n\t\t\t\t<div class=\"elementor-widget-container\">\n\t\t\t\t\t<h3 class=\"elementor-heading-title elementor-size-default\">Estudio de caso<\/h3>\t\t\t\t<\/div>\n\t\t\t\t<\/div>\n\t\t\t\t<div class=\"elementor-element elementor-element-15b1805 elementor-widget elementor-widget-heading\" data-id=\"15b1805\" data-element_type=\"widget\" data-e-type=\"widget\" data-widget_type=\"heading.default\">\n\t\t\t\t<div class=\"elementor-widget-container\">\n\t\t\t\t\t<h1 class=\"elementor-heading-title elementor-size-default\">Salas de partos en Herning<\/h1>\t\t\t\t<\/div>\n\t\t\t\t<\/div>\n\t\t\t\t<div class=\"elementor-element elementor-element-e1177a4 elementor-widget-divider--view-line elementor-widget elementor-widget-divider\" data-id=\"e1177a4\" data-element_type=\"widget\" data-e-type=\"widget\" data-widget_type=\"divider.default\">\n\t\t\t\t<div class=\"elementor-widget-container\">\n\t\t\t\t\t\t\t<div class=\"elementor-divider\">\n\t\t\t<span class=\"elementor-divider-separator\">\n\t\t\t\t\t\t<\/span>\n\t\t<\/div>\n\t\t\t\t\t\t<\/div>\n\t\t\t\t<\/div>\n\t\t<div class=\"elementor-element elementor-element-65bb509 e-grid e-con-boxed e-con e-child\" data-id=\"65bb509\" data-element_type=\"container\" data-e-type=\"container\">\n\t\t\t\t\t<div class=\"e-con-inner\">\n\t\t<div class=\"elementor-element elementor-element-cac42c5 e-con-full e-flex e-con e-child\" data-id=\"cac42c5\" data-element_type=\"container\" data-e-type=\"container\">\n\t\t\t\t<div class=\"elementor-element elementor-element-8040685 elementor-widget elementor-widget-heading\" data-id=\"8040685\" data-element_type=\"widget\" data-e-type=\"widget\" data-widget_type=\"heading.default\">\n\t\t\t\t<div class=\"elementor-widget-container\">\n\t\t\t\t\t<h2 class=\"elementor-heading-title elementor-size-default\">El desaf\u00edo<\/h2>\t\t\t\t<\/div>\n\t\t\t\t<\/div>\n\t\t\t\t<div class=\"elementor-element elementor-element-12d1f0b elementor-widget elementor-widget-text-editor\" data-id=\"12d1f0b\" data-element_type=\"widget\" data-e-type=\"widget\" data-widget_type=\"text-editor.default\">\n\t\t\t\t<div class=\"elementor-widget-container\">\n\t\t\t\t\t\t\t\t\t<p><span class=\"text_node\" data-v-816e464e=\"\" data-v-4d192987=\"\">La visi\u00f3n principal del <\/span><a class=\"link_node text_node rw_adf_text_strong\" tabindex=\"0\" href=\"https:\/\/www.regionshospitalet-goedstrup.dk\/\" target=\"_blank\" rel=\"noopener\" data-v-098e4e53=\"\" data-v-816e464e=\"\" data-v-4d192987=\"\" data-ui-id=\"text-link\" data-ui-content=\"Regionshospitalet G\u00f8dstrup\"><span class=\"inline_text_span\" data-v-098e4e53=\"\">Regionshospitalet G\u00f8dstrup<\/span><\/a><span class=\"text_node\" data-v-816e464e=\"\" data-v-4d192987=\"\"> es ser <\/span><span class=\"text_node rw_adf_text_strong\" data-v-816e464e=\"\" data-v-4d192987=\"\">el hospital del paciente<\/span><span class=\"text_node\" data-v-816e464e=\"\" data-v-4d192987=\"\">. Por eso hacen hincapi\u00e9 en  <\/span><span class=\"text_node rw_adf_text_strong\" data-v-816e464e=\"\" data-v-4d192987=\"\">eficacia<\/span><span class=\"text_node\" data-v-816e464e=\"\" data-v-4d192987=\"\">competitividad, <\/span><span class=\"text_node rw_adf_text_strong\" data-v-816e464e=\"\" data-v-4d192987=\"\">conciencia de calidad<\/span><span class=\"text_node\" data-v-816e464e=\"\" data-v-4d192987=\"\">y el bienestar de todas las personas que llegan. Y est\u00e1bamos all\u00ed para   <\/span><span class=\"text_node rw_adf_text_strong\" data-v-816e464e=\"\" data-v-4d192987=\"\">ayuda<\/span><span class=\"text_node\" data-v-816e464e=\"\" data-v-4d192987=\"\">\u00a1!<\/span><\/p>\t\t\t\t\t\t\t\t<\/div>\n\t\t\t\t<\/div>\n\t\t\t\t<\/div>\n\t\t<div class=\"elementor-element elementor-element-7e6155d e-con-full e-flex e-con e-child\" data-id=\"7e6155d\" data-element_type=\"container\" data-e-type=\"container\">\n\t\t\t\t<div class=\"elementor-element elementor-element-a276679 elementor-widget elementor-widget-image\" data-id=\"a276679\" data-element_type=\"widget\" data-e-type=\"widget\" data-widget_type=\"image.default\">\n\t\t\t\t<div class=\"elementor-widget-container\">\n\t\t\t\t\t\t\t\t\t\t\t\t\t\t\t<img fetchpriority=\"high\" decoding=\"async\" width=\"934\" height=\"269\" src=\"https:\/\/www.cuesystem.com\/wp-content\/uploads\/2025\/01\/dnv_feb_2016.jpg\" class=\"attachment-large size-large wp-image-28165\" alt=\"\" srcset=\"https:\/\/www.cuesystem.com\/wp-content\/uploads\/2025\/01\/dnv_feb_2016.jpg 934w, https:\/\/www.cuesystem.com\/wp-content\/uploads\/2025\/01\/dnv_feb_2016-300x86.jpg 300w, https:\/\/www.cuesystem.com\/wp-content\/uploads\/2025\/01\/dnv_feb_2016-350x100.jpg 350w\" sizes=\"(max-width: 934px) 100vw, 934px\" \/>\t\t\t\t\t\t\t\t\t\t\t\t\t\t\t<\/div>\n\t\t\t\t<\/div>\n\t\t\t\t<\/div>\n\t\t\t\t\t<\/div>\n\t\t\t\t<\/div>\n\t\t<div class=\"elementor-element elementor-element-19b6798 e-grid e-con-boxed e-con e-child\" data-id=\"19b6798\" data-element_type=\"container\" data-e-type=\"container\">\n\t\t\t\t\t<div class=\"e-con-inner\">\n\t\t<div class=\"elementor-element elementor-element-64c8a1b e-con-full e-flex e-con e-child\" data-id=\"64c8a1b\" data-element_type=\"container\" data-e-type=\"container\">\n\t\t\t\t<div class=\"elementor-element elementor-element-9c0cd1c elementor-widget elementor-widget-image\" data-id=\"9c0cd1c\" data-element_type=\"widget\" data-e-type=\"widget\" data-widget_type=\"image.default\">\n\t\t\t\t<div class=\"elementor-widget-container\">\n\t\t\t\t\t\t\t\t\t\t\t\t\t\t\t<img decoding=\"async\" width=\"946\" height=\"500\" src=\"https:\/\/www.cuesystem.com\/wp-content\/uploads\/2025\/01\/DNV_Goedstrup_web-10.jpg\" class=\"attachment-large size-large wp-image-28170\" alt=\"\" srcset=\"https:\/\/www.cuesystem.com\/wp-content\/uploads\/2025\/01\/DNV_Goedstrup_web-10.jpg 946w, https:\/\/www.cuesystem.com\/wp-content\/uploads\/2025\/01\/DNV_Goedstrup_web-10-300x159.jpg 300w\" sizes=\"(max-width: 946px) 100vw, 946px\" \/>\t\t\t\t\t\t\t\t\t\t\t\t\t\t\t<\/div>\n\t\t\t\t<\/div>\n\t\t\t\t<\/div>\n\t\t<div class=\"elementor-element elementor-element-49b00d6 e-con-full e-flex e-con e-child\" data-id=\"49b00d6\" data-element_type=\"container\" data-e-type=\"container\">\n\t\t\t\t<div class=\"elementor-element elementor-element-b7939ac elementor-widget elementor-widget-heading\" data-id=\"b7939ac\" data-element_type=\"widget\" data-e-type=\"widget\" data-widget_type=\"heading.default\">\n\t\t\t\t<div class=\"elementor-widget-container\">\n\t\t\t\t\t<h2 class=\"elementor-heading-title elementor-size-default\">Acerca de Regionshospitalet G\u00f8dstrup<\/h2>\t\t\t\t<\/div>\n\t\t\t\t<\/div>\n\t\t\t\t<div class=\"elementor-element elementor-element-b255909 elementor-widget elementor-widget-text-editor\" data-id=\"b255909\" data-element_type=\"widget\" data-e-type=\"widget\" data-widget_type=\"text-editor.default\">\n\t\t\t\t<div class=\"elementor-widget-container\">\n\t\t\t\t\t\t\t\t\t<p class=\"\" data-v-4d192987=\"\" data-v-4a7aac3a=\"\"><a class=\"link_node text_node rw_adf_text_strong\" tabindex=\"0\" href=\"https:\/\/www.regionshospitalet-goedstrup.dk\/\" target=\"_blank\" rel=\"noopener\" data-v-098e4e53=\"\" data-v-816e464e=\"\" data-v-4d192987=\"\" data-ui-id=\"text-link\" data-ui-content=\"Regionshospitalet G\u00f8dstrup\"><span class=\"inline_text_span\" data-v-098e4e53=\"\">Regionshospitalet G\u00f8dstrup<\/span><\/a><span class=\"text_node\" data-v-816e464e=\"\" data-v-4d192987=\"\">  es un nuevo gran hospital de Jutlandia Central y Occidental (Dinamarca). Se inaugur\u00f3 en 2022. <\/span><\/p><p class=\"\" data-v-4d192987=\"\" data-v-4a7aac3a=\"\"><span class=\"text_node\" data-v-816e464e=\"\" data-v-4d192987=\"\">Nuestro <\/span><span class=\"text_node rw_adf_text_strong\" data-v-816e464e=\"\" data-v-4d192987=\"\">socio dan\u00e9s <\/span><a class=\"link_node text_node rw_adf_text_strong\" tabindex=\"0\" href=\"https:\/\/www.avcenter.dk\/\" target=\"_blank\" rel=\"noopener\" data-v-098e4e53=\"\" data-v-816e464e=\"\" data-v-4d192987=\"\" data-ui-id=\"text-link\" data-ui-content=\"AV CENTER\"><span class=\"inline_text_span\" data-v-098e4e53=\"\">CENTRO AV<\/span><\/a><span class=\"text_node rw_adf_text_strong\" data-v-816e464e=\"\" data-v-4d192987=\"\"> <\/span><span class=\"text_node\" data-v-816e464e=\"\" data-v-4d192987=\"\">se encarg\u00f3 de la ejecuci\u00f3n del proyecto.<\/span><\/p>\t\t\t\t\t\t\t\t<\/div>\n\t\t\t\t<\/div>\n\t\t\t\t<\/div>\n\t\t\t\t\t<\/div>\n\t\t\t\t<\/div>\n\t\t<div class=\"elementor-element elementor-element-74be0ae e-grid e-con-boxed e-con e-child\" data-id=\"74be0ae\" data-element_type=\"container\" data-e-type=\"container\">\n\t\t\t\t\t<div class=\"e-con-inner\">\n\t\t<div class=\"elementor-element elementor-element-8190068 e-con-full e-flex e-con e-child\" data-id=\"8190068\" data-element_type=\"container\" data-e-type=\"container\">\n\t\t\t\t<div class=\"elementor-element elementor-element-6d8a7d3 elementor-widget elementor-widget-heading\" data-id=\"6d8a7d3\" data-element_type=\"widget\" data-e-type=\"widget\" data-widget_type=\"heading.default\">\n\t\t\t\t<div class=\"elementor-widget-container\">\n\t\t\t\t\t<h2 class=\"elementor-heading-title elementor-size-default\">Nuestra resoluci\u00f3n<\/h2>\t\t\t\t<\/div>\n\t\t\t\t<\/div>\n\t\t\t\t<div class=\"elementor-element elementor-element-eb835c0 elementor-widget elementor-widget-text-editor\" data-id=\"eb835c0\" data-element_type=\"widget\" data-e-type=\"widget\" data-widget_type=\"text-editor.default\">\n\t\t\t\t<div class=\"elementor-widget-container\">\n\t\t\t\t\t\t\t\t\t<p class=\"\" data-v-4d192987=\"\" data-v-4a7aac3a=\"\"><span class=\"text_node\" data-v-816e464e=\"\" data-v-4d192987=\"\">Nuestros <\/span><span class=\"text_node rw_adf_text_strong\" data-v-816e464e=\"\" data-v-4d192987=\"\">paneles de control<\/span><span class=\"text_node\" data-v-816e464e=\"\" data-v-4d192987=\"\"> se han convertido en parte integrante de sus <\/span><span class=\"text_node rw_adf_text_strong\" data-v-816e464e=\"\" data-v-4d192987=\"\">salas de parto sensoriales altamente modernas<\/span><span class=\"text_node\" data-v-816e464e=\"\" data-v-4d192987=\"\">. Se basan en crear un ambiente agradable durante el parto con la ayuda tanto de altavoces como de proyectores que muestran motivos naturales de distintas estaciones. Estos   <\/span><span class=\"text_node rw_adf_text_strong\" data-v-816e464e=\"\" data-v-4d192987=\"\">se pueden cambiar los motivos<\/span><span class=\"text_node\" data-v-816e464e=\"\" data-v-4d192987=\"\">La intensidad <\/span><span class=\"text_node rw_adf_text_strong\" data-v-816e464e=\"\" data-v-4d192987=\"\">intensidad de la luz<\/span><span class=\"text_node\" data-v-816e464e=\"\" data-v-4d192987=\"\"> la intensidad de la luz y mucho m\u00e1s. <\/span><span class=\"text_node rw_adf_text_strong\" data-v-816e464e=\"\" data-v-4d192987=\"\">uso de nuestros paneles t\u00e1ctiles<\/span><span class=\"text_node\" data-v-816e464e=\"\" data-v-4d192987=\"\">.<\/span><\/p><p class=\"\" data-v-4d192987=\"\" data-v-4a7aac3a=\"\"><span class=\"text_node\" data-v-816e464e=\"\" data-v-4d192987=\"\">En colaboraci\u00f3n con el fot\u00f3grafo de naturaleza Morten Hilmer y los proyectores de luz l\u00e1ser de Epson, creamos un <\/span><span class=\"text_node rw_adf_text_strong\" data-v-816e464e=\"\" data-v-4d192987=\"\">espacio seguro <\/span> <span class=\"text_node\" data-v-816e464e=\"\" data-v-4d192987=\"\">para mujeres embarazadas y sus familiares. El ambiente inolvidable es completamente   <\/span><span class=\"text_node rw_adf_text_strong\" data-v-816e464e=\"\" data-v-4d192987=\"\">en sus manos<\/span><span class=\"text_node\" data-v-816e464e=\"\" data-v-4d192987=\"\"> \u00a1a partir de ahora!<\/span><\/p>\t\t\t\t\t\t\t\t<\/div>\n\t\t\t\t<\/div>\n\t\t\t\t<\/div>\n\t\t<div class=\"elementor-element elementor-element-65ff53c e-con-full e-flex e-con e-child\" data-id=\"65ff53c\" data-element_type=\"container\" data-e-type=\"container\">\n\t\t\t\t<div class=\"elementor-element elementor-element-05fb791 elementor-widget elementor-widget-image\" data-id=\"05fb791\" data-element_type=\"widget\" data-e-type=\"widget\" data-widget_type=\"image.default\">\n\t\t\t\t<div class=\"elementor-widget-container\">\n\t\t\t\t\t\t\t\t\t\t\t\t\t\t\t<img decoding=\"async\" width=\"660\" height=\"371\" src=\"https:\/\/www.cuesystem.com\/wp-content\/uploads\/2025\/01\/sansestuer2.jpg\" class=\"attachment-large size-large wp-image-28175\" alt=\"\" srcset=\"https:\/\/www.cuesystem.com\/wp-content\/uploads\/2025\/01\/sansestuer2.jpg 660w, https:\/\/www.cuesystem.com\/wp-content\/uploads\/2025\/01\/sansestuer2-300x169.jpg 300w\" sizes=\"(max-width: 660px) 100vw, 660px\" \/>\t\t\t\t\t\t\t\t\t\t\t\t\t\t\t<\/div>\n\t\t\t\t<\/div>\n\t\t\t\t<\/div>\n\t\t\t\t\t<\/div>\n\t\t\t\t<\/div>\n\t\t\t\t<div class=\"elementor-element elementor-element-1671d9d elementor-widget elementor-widget-heading\" data-id=\"1671d9d\" data-element_type=\"widget\" data-e-type=\"widget\" data-widget_type=\"heading.default\">\n\t\t\t\t<div class=\"elementor-widget-container\">\n\t\t\t\t\t<h2 class=\"elementor-heading-title elementor-size-default\">Revista ProAV sobre este proyecto<\/h2>\t\t\t\t<\/div>\n\t\t\t\t<\/div>\n\t\t\t\t<div class=\"elementor-element elementor-element-0af1f85 elementor-align-center elementor-widget elementor-widget-button\" data-id=\"0af1f85\" data-element_type=\"widget\" data-e-type=\"widget\" data-widget_type=\"button.default\">\n\t\t\t\t<div class=\"elementor-widget-container\">\n\t\t\t\t\t\t\t\t\t<div class=\"elementor-button-wrapper\">\n\t\t\t\t\t<a class=\"elementor-button elementor-button-link elementor-size-sm\" href=\"https:\/\/www.avmagasinet.dk\/home\/nyheder\/av-teknologi-bruges-pa-fodestuer-i-herning\/\" target=\"_blank\">\n\t\t\t\t\t\t<span class=\"elementor-button-content-wrapper\">\n\t\t\t\t\t\t\t\t\t<span class=\"elementor-button-text\">Ver m\u00e1s<\/span>\n\t\t\t\t\t<\/span>\n\t\t\t\t\t<\/a>\n\t\t\t\t<\/div>\n\t\t\t\t\t\t\t\t<\/div>\n\t\t\t\t<\/div>\n\t\t\t\t<\/div>\n\t\t\t\t<\/div>\n\t\t","protected":false},"excerpt":{"rendered":"<p>Estudio de caso Salas de partos en Herning El desaf\u00edo La visi\u00f3n principal del Regionshospitalet G\u00f8dstrup es ser el hospital del paciente. Por eso hacen hincapi\u00e9 en eficaciacompetitividad, conciencia de calidady el bienestar de todas las personas que llegan. Y est\u00e1bamos all\u00ed para ayuda\u00a1! Acerca de Regionshospitalet G\u00f8dstrup Regionshospitalet G\u00f8dstrup es un nuevo gran hospital <a href=\"https:\/\/www.cuesystem.com\/es\/casos-practicos\/salas-de-partos-en-herning\/\" class=\"more-link\">&#8230;<span class=\"screen-reader-text\">  Salas de partos en Herning<\/span><\/a><\/p>\n","protected":false},"author":3,"featured_media":0,"parent":30180,"menu_order":260,"comment_status":"closed","ping_status":"closed","template":"","meta":{"_acf_changed":false,"inline_featured_image":false,"footnotes":""},"kategorie":[],"class_list":["post-30203","page","type-page","status-publish","hentry"],"acf":[],"_links":{"self":[{"href":"https:\/\/www.cuesystem.com\/es\/wp-json\/wp\/v2\/pages\/30203","targetHints":{"allow":["GET"]}}],"collection":[{"href":"https:\/\/www.cuesystem.com\/es\/wp-json\/wp\/v2\/pages"}],"about":[{"href":"https:\/\/www.cuesystem.com\/es\/wp-json\/wp\/v2\/types\/page"}],"author":[{"embeddable":true,"href":"https:\/\/www.cuesystem.com\/es\/wp-json\/wp\/v2\/users\/3"}],"replies":[{"embeddable":true,"href":"https:\/\/www.cuesystem.com\/es\/wp-json\/wp\/v2\/comments?post=30203"}],"version-history":[{"count":1,"href":"https:\/\/www.cuesystem.com\/es\/wp-json\/wp\/v2\/pages\/30203\/revisions"}],"predecessor-version":[{"id":30205,"href":"https:\/\/www.cuesystem.com\/es\/wp-json\/wp\/v2\/pages\/30203\/revisions\/30205"}],"up":[{"embeddable":true,"href":"https:\/\/www.cuesystem.com\/es\/wp-json\/wp\/v2\/pages\/30180"}],"wp:attachment":[{"href":"https:\/\/www.cuesystem.com\/es\/wp-json\/wp\/v2\/media?parent=30203"}],"wp:term":[{"taxonomy":"kategorie","embeddable":true,"href":"https:\/\/www.cuesystem.com\/es\/wp-json\/wp\/v2\/kategorie?post=30203"}],"curies":[{"name":"wp","href":"https:\/\/api.w.org\/{rel}","templated":true}]}}