{"id":30213,"date":"2025-01-29T19:44:13","date_gmt":"2025-01-29T18:44:13","guid":{"rendered":"https:\/\/www.cuesystem.com\/casos-practicos\/el-proyecto-de-la-torre-v\/"},"modified":"2025-05-05T12:13:27","modified_gmt":"2025-05-05T10:13:27","slug":"el-proyecto-de-la-torre-v","status":"publish","type":"page","link":"https:\/\/www.cuesystem.com\/es\/casos-practicos\/el-proyecto-de-la-torre-v\/","title":{"rendered":"El proyecto de la Torre V"},"content":{"rendered":"\t\t<div data-elementor-type=\"wp-page\" data-elementor-id=\"30213\" class=\"elementor elementor-30213 elementor-28183\" data-elementor-post-type=\"page\">\n\t\t\t\t<div class=\"elementor-element elementor-element-09bf152 e-con-full e-flex e-con e-child\" data-id=\"09bf152\" data-element_type=\"container\" data-e-type=\"container\">\n\t\t\t\t<div class=\"elementor-element elementor-element-ce9af1c elementor-widget elementor-widget-heading\" data-id=\"ce9af1c\" data-element_type=\"widget\" data-e-type=\"widget\" data-widget_type=\"heading.default\">\n\t\t\t\t<div class=\"elementor-widget-container\">\n\t\t\t\t\t<h3 class=\"elementor-heading-title elementor-size-default\">Estudio de caso<\/h3>\t\t\t\t<\/div>\n\t\t\t\t<\/div>\n\t\t\t\t<div class=\"elementor-element elementor-element-07cbfb8 elementor-widget elementor-widget-heading\" data-id=\"07cbfb8\" data-element_type=\"widget\" data-e-type=\"widget\" data-widget_type=\"heading.default\">\n\t\t\t\t<div class=\"elementor-widget-container\">\n\t\t\t\t\t<h1 class=\"elementor-heading-title elementor-size-default\">El proyecto de la Torre V<\/h1>\t\t\t\t<\/div>\n\t\t\t\t<\/div>\n\t\t\t\t<div class=\"elementor-element elementor-element-30a38bf elementor-widget-divider--view-line elementor-widget elementor-widget-divider\" data-id=\"30a38bf\" data-element_type=\"widget\" data-e-type=\"widget\" data-widget_type=\"divider.default\">\n\t\t\t\t<div class=\"elementor-widget-container\">\n\t\t\t\t\t\t\t<div class=\"elementor-divider\">\n\t\t\t<span class=\"elementor-divider-separator\">\n\t\t\t\t\t\t<\/span>\n\t\t<\/div>\n\t\t\t\t\t\t<\/div>\n\t\t\t\t<\/div>\n\t\t<div class=\"elementor-element elementor-element-c1c171e e-grid e-con-boxed e-con e-child\" data-id=\"c1c171e\" data-element_type=\"container\" data-e-type=\"container\">\n\t\t\t\t\t<div class=\"e-con-inner\">\n\t\t<div class=\"elementor-element elementor-element-cb94747 e-con-full e-flex e-con e-child\" data-id=\"cb94747\" data-element_type=\"container\" data-e-type=\"container\">\n\t\t\t\t<div class=\"elementor-element elementor-element-70b882f elementor-widget elementor-widget-heading\" data-id=\"70b882f\" data-element_type=\"widget\" data-e-type=\"widget\" data-widget_type=\"heading.default\">\n\t\t\t\t<div class=\"elementor-widget-container\">\n\t\t\t\t\t<h2 class=\"elementor-heading-title elementor-size-default\">El desaf\u00edo<\/h2>\t\t\t\t<\/div>\n\t\t\t\t<\/div>\n\t\t\t\t<div class=\"elementor-element elementor-element-174b4d5 elementor-widget elementor-widget-text-editor\" data-id=\"174b4d5\" data-element_type=\"widget\" data-e-type=\"widget\" data-widget_type=\"text-editor.default\">\n\t\t\t\t<div class=\"elementor-widget-container\">\n\t\t\t\t\t\t\t\t\t<p class=\"\" data-v-4d192987=\"\" data-v-4a7aac3a=\"\"><span class=\"text_node\" data-v-816e464e=\"\" data-v-4d192987=\"\">Haz la vida en casa <\/span><span class=\"text_node rw_adf_text_strong\" data-v-816e464e=\"\" data-v-4d192987=\"\">m\u00e1s agradable<\/span><span class=\"text_node\" data-v-816e464e=\"\" data-v-4d192987=\"\"> y <\/span><span class=\"text_node rw_adf_text_strong\" data-v-816e464e=\"\" data-v-4d192987=\"\">automatiza <\/span><span class=\"text_node\" data-v-816e464e=\"\" data-v-4d192987=\"\">tareas cotidianas (en su mayor\u00eda molestas) para las personas que viven en la <\/span><span class=\"text_node rw_adf_text_strong\" data-v-816e464e=\"\" data-v-4d192987=\"\">residencia m\u00e1s lujosa<\/span><span class=\"text_node\" data-v-816e464e=\"\" data-v-4d192987=\"\"> en el coraz\u00f3n de Praga, Rep\u00fablica Checa &#8211; la <\/span><a class=\"link_node text_node rw_adf_text_strong\" tabindex=\"0\" href=\"https:\/\/www.vtower.cz\/en\/\" target=\"_blank\" rel=\"noopener\" data-v-098e4e53=\"\" data-v-816e464e=\"\" data-v-4d192987=\"\" data-ui-id=\"text-link\" data-ui-content=\"V Tower\"><span class=\"inline_text_span\" data-v-098e4e53=\"\">Torre V<\/span><\/a><span class=\"text_node\" data-v-816e464e=\"\" data-v-4d192987=\"\">.<\/span><\/p><p class=\"\" data-v-4d192987=\"\" data-v-4a7aac3a=\"\"><span class=\"text_node\" data-v-816e464e=\"\" data-v-4d192987=\"\">Nuestro lema: <\/span><a class=\"link_node text_node rw_adf_text_strong\" tabindex=\"0\" href=\"https:\/\/cuesystem.com\/en\/Residential\" target=\"_blank\" rel=\"noopener\" data-v-098e4e53=\"\" data-v-816e464e=\"\" data-v-4d192987=\"\" data-ui-id=\"text-link\" data-ui-content=\"Living made easier.\" data-wplink-edit=\"true\"><span class=\"inline_text_span\" data-v-098e4e53=\"\">Vivir es m\u00e1s f\u00e1cil.<\/span><\/a><\/p>\t\t\t\t\t\t\t\t<\/div>\n\t\t\t\t<\/div>\n\t\t\t\t<\/div>\n\t\t<div class=\"elementor-element elementor-element-ae24e59 e-con-full e-flex e-con e-child\" data-id=\"ae24e59\" data-element_type=\"container\" data-e-type=\"container\">\n\t\t\t\t<div class=\"elementor-element elementor-element-e18b82b elementor-widget elementor-widget-image\" data-id=\"e18b82b\" data-element_type=\"widget\" data-e-type=\"widget\" data-widget_type=\"image.default\">\n\t\t\t\t<div class=\"elementor-widget-container\">\n\t\t\t\t\t\t\t\t\t\t\t\t\t\t\t<img fetchpriority=\"high\" decoding=\"async\" width=\"1024\" height=\"682\" src=\"https:\/\/www.cuesystem.com\/wp-content\/uploads\/2025\/01\/57623563d8154ee5a480f523e9ae9ae0-1-1024x682.jpg\" class=\"attachment-large size-large wp-image-28194\" alt=\"\" srcset=\"https:\/\/www.cuesystem.com\/wp-content\/uploads\/2025\/01\/57623563d8154ee5a480f523e9ae9ae0-1-1024x682.jpg 1024w, https:\/\/www.cuesystem.com\/wp-content\/uploads\/2025\/01\/57623563d8154ee5a480f523e9ae9ae0-1-300x200.jpg 300w, https:\/\/www.cuesystem.com\/wp-content\/uploads\/2025\/01\/57623563d8154ee5a480f523e9ae9ae0-1.jpg 1366w\" sizes=\"(max-width: 1024px) 100vw, 1024px\" \/>\t\t\t\t\t\t\t\t\t\t\t\t\t\t\t<\/div>\n\t\t\t\t<\/div>\n\t\t\t\t<\/div>\n\t\t\t\t\t<\/div>\n\t\t\t\t<\/div>\n\t\t<div class=\"elementor-element elementor-element-24ccecd e-grid e-con-boxed e-con e-child\" data-id=\"24ccecd\" data-element_type=\"container\" data-e-type=\"container\">\n\t\t\t\t\t<div class=\"e-con-inner\">\n\t\t<div class=\"elementor-element elementor-element-a777b8c e-con-full e-flex e-con e-child\" data-id=\"a777b8c\" data-element_type=\"container\" data-e-type=\"container\">\n\t\t\t\t<div class=\"elementor-element elementor-element-2bfc435 elementor-widget elementor-widget-image\" data-id=\"2bfc435\" data-element_type=\"widget\" data-e-type=\"widget\" data-widget_type=\"image.default\">\n\t\t\t\t<div class=\"elementor-widget-container\">\n\t\t\t\t\t\t\t\t\t\t\t\t\t\t\t<img decoding=\"async\" width=\"1024\" height=\"682\" src=\"https:\/\/www.cuesystem.com\/wp-content\/uploads\/2025\/01\/821fd2b5-3f8b-4d62-be8d-d894db23ce2a-1024x682.jpg\" class=\"attachment-large size-large wp-image-28199\" alt=\"\" srcset=\"https:\/\/www.cuesystem.com\/wp-content\/uploads\/2025\/01\/821fd2b5-3f8b-4d62-be8d-d894db23ce2a-1024x682.jpg 1024w, https:\/\/www.cuesystem.com\/wp-content\/uploads\/2025\/01\/821fd2b5-3f8b-4d62-be8d-d894db23ce2a-300x200.jpg 300w, https:\/\/www.cuesystem.com\/wp-content\/uploads\/2025\/01\/821fd2b5-3f8b-4d62-be8d-d894db23ce2a.jpg 1538w\" sizes=\"(max-width: 1024px) 100vw, 1024px\" \/>\t\t\t\t\t\t\t\t\t\t\t\t\t\t\t<\/div>\n\t\t\t\t<\/div>\n\t\t\t\t<\/div>\n\t\t<div class=\"elementor-element elementor-element-727161f e-con-full e-flex e-con e-child\" data-id=\"727161f\" data-element_type=\"container\" data-e-type=\"container\">\n\t\t\t\t<div class=\"elementor-element elementor-element-d9ceb50 elementor-widget elementor-widget-heading\" data-id=\"d9ceb50\" data-element_type=\"widget\" data-e-type=\"widget\" data-widget_type=\"heading.default\">\n\t\t\t\t<div class=\"elementor-widget-container\">\n\t\t\t\t\t<h2 class=\"elementor-heading-title elementor-size-default\">Sobre la Torre V  \n<\/h2>\t\t\t\t<\/div>\n\t\t\t\t<\/div>\n\t\t\t\t<div class=\"elementor-element elementor-element-410475d elementor-widget elementor-widget-text-editor\" data-id=\"410475d\" data-element_type=\"widget\" data-e-type=\"widget\" data-widget_type=\"text-editor.default\">\n\t\t\t\t<div class=\"elementor-widget-container\">\n\t\t\t\t\t\t\t\t\t<p class=\"\" data-v-4d192987=\"\" data-v-4a7aac3a=\"\"><a class=\"link_node text_node rw_adf_text_strong\" tabindex=\"0\" href=\"https:\/\/www.vtower.cz\/en\/\" target=\"_blank\" rel=\"noopener\" data-v-098e4e53=\"\" data-v-816e464e=\"\" data-v-4d192987=\"\" data-ui-id=\"text-link\" data-ui-content=\"V Tower\"><span class=\"inline_text_span\" data-v-098e4e53=\"\">Torre V<\/span><\/a><span class=\"text_node\" data-v-816e464e=\"\" data-v-4d192987=\"\"> es un <\/span><span class=\"text_node rw_adf_text_strong\" data-v-816e464e=\"\" data-v-4d192987=\"\">edificio residencial de 30 plantas<\/span><span class=\"text_node\" data-v-816e464e=\"\" data-v-4d192987=\"\">  en el distrito de Pankr\u00e1c. Es conocida por su   <\/span><span class=\"text_node rw_adf_text_strong\" data-v-816e464e=\"\" data-v-4d192987=\"\">arquitectura \u00fanica<\/span><span class=\"text_node\" data-v-816e464e=\"\" data-v-4d192987=\"\">apariencia poco convencional, <\/span><span class=\"text_node rw_adf_text_strong\" data-v-816e464e=\"\" data-v-4d192987=\"\">apartamentos de lujo<\/span><span class=\"text_node\" data-v-816e464e=\"\" data-v-4d192987=\"\">y unas vistas incomparables de toda Praga.<\/span><\/p>\t\t\t\t\t\t\t\t<\/div>\n\t\t\t\t<\/div>\n\t\t\t\t<\/div>\n\t\t\t\t\t<\/div>\n\t\t\t\t<\/div>\n\t\t<div class=\"elementor-element elementor-element-5034e59 e-grid e-con-boxed e-con e-child\" data-id=\"5034e59\" data-element_type=\"container\" data-e-type=\"container\">\n\t\t\t\t\t<div class=\"e-con-inner\">\n\t\t<div class=\"elementor-element elementor-element-cd582bb e-con-full e-flex e-con e-child\" data-id=\"cd582bb\" data-element_type=\"container\" data-e-type=\"container\">\n\t\t\t\t<div class=\"elementor-element elementor-element-d709749 elementor-widget elementor-widget-heading\" data-id=\"d709749\" data-element_type=\"widget\" data-e-type=\"widget\" data-widget_type=\"heading.default\">\n\t\t\t\t<div class=\"elementor-widget-container\">\n\t\t\t\t\t<h2 class=\"elementor-heading-title elementor-size-default\">Nuestra resoluci\u00f3n<\/h2>\t\t\t\t<\/div>\n\t\t\t\t<\/div>\n\t\t\t\t<div class=\"elementor-element elementor-element-c1e9f7b elementor-widget elementor-widget-text-editor\" data-id=\"c1e9f7b\" data-element_type=\"widget\" data-e-type=\"widget\" data-widget_type=\"text-editor.default\">\n\t\t\t\t<div class=\"elementor-widget-container\">\n\t\t\t\t\t\t\t\t\t<p class=\"\" data-v-4d192987=\"\" data-v-4a7aac3a=\"\"><span class=\"text_node\" data-v-816e464e=\"\" data-v-4d192987=\"\">Cada aplicaci\u00f3n de nuestra soluci\u00f3n para <\/span><span class=\"text_node rw_adf_text_strong\" data-v-816e464e=\"\" data-v-4d192987=\"\">fines residenciales<\/span><span class=\"text_node\" data-v-816e464e=\"\" data-v-4d192987=\"\"> es un <\/span><span class=\"text_node rw_adf_text_strong\" data-v-816e464e=\"\" data-v-4d192987=\"\">reto <\/span><span class=\"text_node\" data-v-816e464e=\"\" data-v-4d192987=\"\">y una <\/span><span class=\"text_node rw_adf_text_strong\" data-v-816e464e=\"\" data-v-4d192987=\"\">bendici\u00f3n<\/span><span class=\"text_node\" data-v-816e464e=\"\" data-v-4d192987=\"\"> &#8211; y eso es exactamente lo que nos encanta<\/span><span class=\"text_node rw_adf_text_strong\" data-v-816e464e=\"\" data-v-4d192987=\"\">. Desaf\u00edos.  <\/span><span class=\"text_node\" data-v-816e464e=\"\" data-v-4d192987=\"\">En cuanto a este proyecto concreto,<\/span><span class=\"text_node rw_adf_text_strong\" data-v-816e464e=\"\" data-v-4d192987=\"\"> <\/span><span class=\"text_node\" data-v-816e464e=\"\" data-v-4d192987=\"\">el <\/span><a class=\"link_node text_node rw_adf_text_strong\" tabindex=\"0\" href=\"https:\/\/www.vtower.cz\/en\/\" target=\"_blank\" rel=\"noopener\" data-v-098e4e53=\"\" data-v-816e464e=\"\" data-v-4d192987=\"\" data-ui-id=\"text-link\" data-ui-content=\"V Tower\"><span class=\"inline_text_span\" data-v-098e4e53=\"\">Torre V<\/span><\/a><span class=\"text_node\" data-v-816e464e=\"\" data-v-4d192987=\"\"> no fue una excepci\u00f3n.<\/span><\/p><p class=\"\" data-v-4d192987=\"\" data-v-4a7aac3a=\"\"><span class=\"text_node\" data-v-816e464e=\"\" data-v-4d192987=\"\">Gracias a nuestro competente equipo de expertos a largo plazo en su campo, pudimos suministrar e implantar nuestro <\/span><span class=\"text_node rw_adf_text_strong\" data-v-816e464e=\"\" data-v-4d192987=\"\">sistema de control<\/span><span class=\"text_node\" data-v-816e464e=\"\" data-v-4d192987=\"\">que <\/span><span class=\"text_node rw_adf_text_strong\" data-v-816e464e=\"\" data-v-4d192987=\"\">suministr\u00f3 a <\/span><span class=\"text_node\" data-v-816e464e=\"\" data-v-4d192987=\"\">a todo el lugar exactamente <\/span><span class=\"text_node rw_adf_text_strong\" data-v-816e464e=\"\" data-v-4d192987=\"\">lo que le faltaba <\/span><span class=\"text_node\" data-v-816e464e=\"\" data-v-4d192987=\"\">&#8211; <\/span><span class=\"text_node rw_adf_text_strong\" data-v-816e464e=\"\" data-v-4d192987=\"\">estructura, organizaci\u00f3n e inteligencia<\/span><span class=\"text_node\" data-v-816e464e=\"\" data-v-4d192987=\"\">.<\/span><\/p><p class=\"\" data-v-4d192987=\"\" data-v-4a7aac3a=\"\"><span class=\"text_node\" data-v-816e464e=\"\" data-v-4d192987=\"\">Nos hemos asegurado de que esta <\/span><span class=\"text_node rw_adf_text_strong\" data-v-816e464e=\"\" data-v-4d192987=\"\">vivienda de lujo se convierta<\/span><span class=\"text_node\" data-v-816e464e=\"\" data-v-4d192987=\"\"> una vivienda tambi\u00e9n <\/span><span class=\"text_node rw_adf_text_strong\" data-v-816e464e=\"\" data-v-4d192987=\"\">inteligente <\/span><span class=\"text_node\" data-v-816e464e=\"\" data-v-4d192987=\"\">y <\/span><span class=\"text_node rw_adf_text_strong\" data-v-816e464e=\"\" data-v-4d192987=\"\">satisfaga todas tus<\/span><span class=\"text_node\" data-v-816e464e=\"\" data-v-4d192987=\"\"> (incluso las m\u00e1s complicadas) <\/span><span class=\"text_node rw_adf_text_strong\" data-v-816e464e=\"\" data-v-4d192987=\"\">necesidades<\/span><span class=\"text_node\" data-v-816e464e=\"\" data-v-4d192987=\"\">.<\/span><\/p><p class=\"\" data-v-4d192987=\"\" data-v-4a7aac3a=\"\"><span class=\"text_node\" data-v-816e464e=\"\" data-v-4d192987=\"\">Como puedes ver en el v\u00eddeo adjunto a continuaci\u00f3n, <\/span><a class=\"link_node text_node rw_adf_text_strong\" tabindex=\"0\" href=\"https:\/\/cuesystem.com\/EN\/Home\" target=\"_blank\" rel=\"noopener\" data-v-098e4e53=\"\" data-v-816e464e=\"\" data-v-4d192987=\"\" data-ui-id=\"text-link\" data-ui-content=\"CUE \"><span class=\"inline_text_span\" data-v-098e4e53=\"\">CUE <\/span><\/a><span class=\"text_node\" data-v-816e464e=\"\" data-v-4d192987=\"\">ha proporcionado realmente un <\/span><span class=\"text_node rw_adf_text_strong\" data-v-816e464e=\"\" data-v-4d192987=\"\">automatizado <\/span><span class=\"text_node\" data-v-816e464e=\"\" data-v-4d192987=\"\">y <\/span><span class=\"text_node rw_adf_text_strong\" data-v-816e464e=\"\" data-v-4d192987=\"\">intuitivo<\/span><span class=\"text_node\" data-v-816e464e=\"\" data-v-4d192987=\"\"> que <\/span><a class=\"link_node text_node rw_adf_text_strong\" tabindex=\"0\" href=\"https:\/\/cuesystem.com\/en\/Residential\" target=\"_blank\" rel=\"noopener\" data-v-098e4e53=\"\" data-v-816e464e=\"\" data-v-4d192987=\"\" data-ui-id=\"text-link\" data-ui-content=\"makes living easier\"><span class=\"inline_text_span\" data-v-098e4e53=\"\">hace la vida m\u00e1s f\u00e1cil<\/span><\/a><span class=\"text_node\" data-v-816e464e=\"\" data-v-4d192987=\"\">.<\/span><\/p>\t\t\t\t\t\t\t\t<\/div>\n\t\t\t\t<\/div>\n\t\t\t\t<\/div>\n\t\t<div class=\"elementor-element elementor-element-f3b07fc e-con-full e-flex e-con e-child\" data-id=\"f3b07fc\" data-element_type=\"container\" data-e-type=\"container\">\n\t\t\t\t<div class=\"elementor-element elementor-element-d11ad7c elementor-widget elementor-widget-image\" data-id=\"d11ad7c\" data-element_type=\"widget\" data-e-type=\"widget\" data-widget_type=\"image.default\">\n\t\t\t\t<div class=\"elementor-widget-container\">\n\t\t\t\t\t\t\t\t\t\t\t\t\t\t\t<img decoding=\"async\" width=\"1024\" height=\"768\" src=\"https:\/\/www.cuesystem.com\/wp-content\/uploads\/2025\/01\/IMG_4960-1024x768.jpg\" class=\"attachment-large size-large wp-image-28204\" alt=\"\" srcset=\"https:\/\/www.cuesystem.com\/wp-content\/uploads\/2025\/01\/IMG_4960-1024x768.jpg 1024w, https:\/\/www.cuesystem.com\/wp-content\/uploads\/2025\/01\/IMG_4960-300x225.jpg 300w\" sizes=\"(max-width: 1024px) 100vw, 1024px\" \/>\t\t\t\t\t\t\t\t\t\t\t\t\t\t\t<\/div>\n\t\t\t\t<\/div>\n\t\t\t\t<\/div>\n\t\t\t\t\t<\/div>\n\t\t\t\t<\/div>\n\t\t<div class=\"elementor-element elementor-element-9037596 e-grid e-con-boxed e-con e-child\" data-id=\"9037596\" data-element_type=\"container\" data-e-type=\"container\">\n\t\t\t\t\t<div class=\"e-con-inner\">\n\t\t<div class=\"elementor-element elementor-element-32ab64f e-con-full e-flex e-con e-child\" data-id=\"32ab64f\" data-element_type=\"container\" data-e-type=\"container\">\n\t\t\t\t<div class=\"elementor-element elementor-element-e7ed375 elementor-widget elementor-widget-video\" data-id=\"e7ed375\" data-element_type=\"widget\" data-e-type=\"widget\" data-settings=\"{&quot;video_type&quot;:&quot;vimeo&quot;}\" data-widget_type=\"video.default\">\n\t\t\t\t<div class=\"elementor-widget-container\">\n\t\t\t\t\t\t\t<div class=\"elementor-wrapper elementor-open-inline\">\n\t\t\t<iframe class=\"elementor-video-iframe\" allowfullscreen allow=\"clipboard-write\" title=\"Reproductor de v\u00eddeo vimeo\" src=\"https:\/\/player.vimeo.com\/video\/981555405?color&amp;autopause=0&amp;loop=0&amp;muted=0&amp;title=1&amp;portrait=1&amp;byline=1#t=\"><\/iframe>\t\t<\/div>\n\t\t\t\t\t\t<\/div>\n\t\t\t\t<\/div>\n\t\t\t\t<\/div>\n\t\t<div class=\"elementor-element elementor-element-1919662 e-con-full e-flex e-con e-child\" data-id=\"1919662\" data-element_type=\"container\" data-e-type=\"container\">\n\t\t\t\t<div class=\"elementor-element elementor-element-0a7beb4 elementor-widget elementor-widget-heading\" data-id=\"0a7beb4\" data-element_type=\"widget\" data-e-type=\"widget\" data-widget_type=\"heading.default\">\n\t\t\t\t<div class=\"elementor-widget-container\">\n\t\t\t\t\t<h2 class=\"elementor-heading-title elementor-size-default\">Compru\u00e9balo t\u00fa mismo<\/h2>\t\t\t\t<\/div>\n\t\t\t\t<\/div>\n\t\t\t\t<\/div>\n\t\t\t\t\t<\/div>\n\t\t\t\t<\/div>\n\t\t\t\t<\/div>\n\t\t\t\t<\/div>\n\t\t","protected":false},"excerpt":{"rendered":"<p>Estudio de caso El proyecto de la Torre V El desaf\u00edo Haz la vida en casa m\u00e1s agradable y automatiza tareas cotidianas (en su mayor\u00eda molestas) para las personas que viven en la residencia m\u00e1s lujosa en el coraz\u00f3n de Praga, Rep\u00fablica Checa &#8211; la Torre V. Nuestro lema: Vivir es m\u00e1s f\u00e1cil. Sobre la <a href=\"https:\/\/www.cuesystem.com\/es\/casos-practicos\/el-proyecto-de-la-torre-v\/\" class=\"more-link\">&#8230;<span class=\"screen-reader-text\">  El proyecto de la Torre V<\/span><\/a><\/p>\n","protected":false},"author":3,"featured_media":0,"parent":30180,"menu_order":255,"comment_status":"closed","ping_status":"closed","template":"","meta":{"_acf_changed":false,"inline_featured_image":false,"footnotes":""},"kategorie":[],"class_list":["post-30213","page","type-page","status-publish","hentry"],"acf":[],"_links":{"self":[{"href":"https:\/\/www.cuesystem.com\/es\/wp-json\/wp\/v2\/pages\/30213","targetHints":{"allow":["GET"]}}],"collection":[{"href":"https:\/\/www.cuesystem.com\/es\/wp-json\/wp\/v2\/pages"}],"about":[{"href":"https:\/\/www.cuesystem.com\/es\/wp-json\/wp\/v2\/types\/page"}],"author":[{"embeddable":true,"href":"https:\/\/www.cuesystem.com\/es\/wp-json\/wp\/v2\/users\/3"}],"replies":[{"embeddable":true,"href":"https:\/\/www.cuesystem.com\/es\/wp-json\/wp\/v2\/comments?post=30213"}],"version-history":[{"count":1,"href":"https:\/\/www.cuesystem.com\/es\/wp-json\/wp\/v2\/pages\/30213\/revisions"}],"predecessor-version":[{"id":30214,"href":"https:\/\/www.cuesystem.com\/es\/wp-json\/wp\/v2\/pages\/30213\/revisions\/30214"}],"up":[{"embeddable":true,"href":"https:\/\/www.cuesystem.com\/es\/wp-json\/wp\/v2\/pages\/30180"}],"wp:attachment":[{"href":"https:\/\/www.cuesystem.com\/es\/wp-json\/wp\/v2\/media?parent=30213"}],"wp:term":[{"taxonomy":"kategorie","embeddable":true,"href":"https:\/\/www.cuesystem.com\/es\/wp-json\/wp\/v2\/kategorie?post=30213"}],"curies":[{"name":"wp","href":"https:\/\/api.w.org\/{rel}","templated":true}]}}