{"id":31380,"date":"2025-04-25T12:19:15","date_gmt":"2025-04-25T10:19:15","guid":{"rendered":"https:\/\/www.cuesystem.com\/novedades\/lanzamiento-de-la-version-11-24-0-de-la-solucion-cue\/"},"modified":"2025-06-13T14:32:31","modified_gmt":"2025-06-13T12:32:31","slug":"lanzamiento-de-la-version-11-24-0-de-la-solucion-cue","status":"publish","type":"page","link":"https:\/\/www.cuesystem.com\/es\/novedades\/lanzamiento-de-la-version-11-24-0-de-la-solucion-cue\/","title":{"rendered":"Lanzamiento de la versi\u00f3n 11.24.0 de la soluci\u00f3n CUE"},"content":{"rendered":"\t\t<div data-elementor-type=\"wp-page\" data-elementor-id=\"31380\" class=\"elementor elementor-31380 elementor-30493\" data-elementor-post-type=\"page\">\n\t\t\t\t<div class=\"elementor-element elementor-element-be6a65e e-con-full e-flex e-con e-child\" data-id=\"be6a65e\" data-element_type=\"container\" data-e-type=\"container\">\n\t\t\t\t<div class=\"elementor-element elementor-element-a266ede elementor-widget elementor-widget-heading\" data-id=\"a266ede\" data-element_type=\"widget\" data-e-type=\"widget\" data-widget_type=\"heading.default\">\n\t\t\t\t<div class=\"elementor-widget-container\">\n\t\t\t\t\t<h3 class=\"elementor-heading-title elementor-size-default\">\u00daltimas actualizaciones<\/h3>\t\t\t\t<\/div>\n\t\t\t\t<\/div>\n\t\t\t\t<div class=\"elementor-element elementor-element-0fd4322 elementor-widget elementor-widget-heading\" data-id=\"0fd4322\" data-element_type=\"widget\" data-e-type=\"widget\" data-widget_type=\"heading.default\">\n\t\t\t\t<div class=\"elementor-widget-container\">\n\t\t\t\t\t<h1 class=\"elementor-heading-title elementor-size-default\">Lanzamiento de la versi\u00f3n 11.24.0 de la soluci\u00f3n CUE<\/h1>\t\t\t\t<\/div>\n\t\t\t\t<\/div>\n\t\t\t\t<div class=\"elementor-element elementor-element-1989dd6 elementor-widget-divider--view-line elementor-widget elementor-widget-divider\" data-id=\"1989dd6\" data-element_type=\"widget\" data-e-type=\"widget\" data-widget_type=\"divider.default\">\n\t\t\t\t<div class=\"elementor-widget-container\">\n\t\t\t\t\t\t\t<div class=\"elementor-divider\">\n\t\t\t<span class=\"elementor-divider-separator\">\n\t\t\t\t\t\t<\/span>\n\t\t<\/div>\n\t\t\t\t\t\t<\/div>\n\t\t\t\t<\/div>\n\t\t<div class=\"elementor-element elementor-element-23fee66 e-flex e-con-boxed e-con e-child\" data-id=\"23fee66\" data-element_type=\"container\" data-e-type=\"container\">\n\t\t\t\t\t<div class=\"e-con-inner\">\n\t\t\t\t<div class=\"elementor-element elementor-element-7190e09 elementor-widget elementor-widget-text-editor\" data-id=\"7190e09\" data-element_type=\"widget\" data-e-type=\"widget\" data-widget_type=\"text-editor.default\">\n\t\t\t\t<div class=\"elementor-widget-container\">\n\t\t\t\t\t\t\t\t\t<p>Nos complace compartir las <strong>\u00faltimas actualizaciones y mejoras en el ecosistema de la Soluci\u00f3n CUE<\/strong>, dise\u00f1adas para agilizar tu experiencia y mejorar la funcionalidad. Vamos a echarles un vistazo m\u00e1s de cerca, \u00bfte parece? <\/p>\t\t\t\t\t\t\t\t<\/div>\n\t\t\t\t<\/div>\n\t\t\t\t\t<\/div>\n\t\t\t\t<\/div>\n\t\t\t\t<div class=\"elementor-element elementor-element-1a65829 elementor-widget-divider--view-line elementor-widget elementor-widget-divider\" data-id=\"1a65829\" data-element_type=\"widget\" data-e-type=\"widget\" data-widget_type=\"divider.default\">\n\t\t\t\t<div class=\"elementor-widget-container\">\n\t\t\t\t\t\t\t<div class=\"elementor-divider\">\n\t\t\t<span class=\"elementor-divider-separator\">\n\t\t\t\t\t\t<\/span>\n\t\t<\/div>\n\t\t\t\t\t\t<\/div>\n\t\t\t\t<\/div>\n\t\t<div class=\"elementor-element elementor-element-f3a8216 e-flex e-con-boxed e-con e-child\" data-id=\"f3a8216\" data-element_type=\"container\" data-e-type=\"container\">\n\t\t\t\t\t<div class=\"e-con-inner\">\n\t\t\t\t<div class=\"elementor-element elementor-element-fecff91 elementor-widget elementor-widget-heading\" data-id=\"fecff91\" data-element_type=\"widget\" data-e-type=\"widget\" data-widget_type=\"heading.default\">\n\t\t\t\t<div class=\"elementor-widget-container\">\n\t\t\t\t\t<h2 class=\"elementor-heading-title elementor-size-default\">Mejoras en los detalles de los recursos\n\n<\/h2>\t\t\t\t<\/div>\n\t\t\t\t<\/div>\n\t\t<div class=\"elementor-element elementor-element-ea775cb e-con-full e-flex e-con e-child\" data-id=\"ea775cb\" data-element_type=\"container\" data-e-type=\"container\">\n\t\t\t\t<div class=\"elementor-element elementor-element-1ba7a17 elementor-widget elementor-widget-heading\" data-id=\"1ba7a17\" data-element_type=\"widget\" data-e-type=\"widget\" data-widget_type=\"heading.default\">\n\t\t\t\t<div class=\"elementor-widget-container\">\n\t\t\t\t\t<h3 class=\"elementor-heading-title elementor-size-default\">CUE Navigation y CUE Kiosk\n<\/h3>\t\t\t\t<\/div>\n\t\t\t\t<\/div>\n\t\t\t\t<\/div>\n\t\t\t\t\t<\/div>\n\t\t\t\t<\/div>\n\t\t<div class=\"elementor-element elementor-element-327732b e-grid e-con-boxed e-con e-child\" data-id=\"327732b\" data-element_type=\"container\" data-e-type=\"container\">\n\t\t\t\t\t<div class=\"e-con-inner\">\n\t\t<div class=\"elementor-element elementor-element-cc44c3c e-con-full e-flex e-con e-child\" data-id=\"cc44c3c\" data-element_type=\"container\" data-e-type=\"container\">\n\t\t\t\t<div class=\"elementor-element elementor-element-968ac0d elementor-widget elementor-widget-heading\" data-id=\"968ac0d\" data-element_type=\"widget\" data-e-type=\"widget\" data-widget_type=\"heading.default\">\n\t\t\t\t<div class=\"elementor-widget-container\">\n\t\t\t\t\t<h2 class=\"elementor-heading-title elementor-size-default\">V\u00eddeo<\/h2>\t\t\t\t<\/div>\n\t\t\t\t<\/div>\n\t\t\t\t<div class=\"elementor-element elementor-element-9be18d5 elementor-widget elementor-widget-text-editor\" data-id=\"9be18d5\" data-element_type=\"widget\" data-e-type=\"widget\" data-widget_type=\"text-editor.default\">\n\t\t\t\t<div class=\"elementor-widget-container\">\n\t\t\t\t\t\t\t\t\t<p><strong>Ahora<\/strong> hay disponible un <strong>reproductor de v\u00eddeo MP4<\/strong> para soportar <strong>contenido multimedia enriquecido<\/strong> en cada recurso. Esto te permite <em>sonorizar<\/em> f\u00e1cilmente, por ejemplo, objetos del museo, dar al usuario <em>instrucciones<\/em> sobre c\u00f3mo utilizar el recurso, etc. Admite <em>el multiling\u00fcismo<\/em>.  <\/p>\t\t\t\t\t\t\t\t<\/div>\n\t\t\t\t<\/div>\n\t\t\t\t<\/div>\n\t\t<div class=\"elementor-element elementor-element-93e40b5 e-con-full e-flex e-con e-child\" data-id=\"93e40b5\" data-element_type=\"container\" data-e-type=\"container\">\n\t\t\t\t<div class=\"elementor-element elementor-element-cd048be elementor-widget elementor-widget-image\" data-id=\"cd048be\" data-element_type=\"widget\" data-e-type=\"widget\" data-widget_type=\"image.default\">\n\t\t\t\t<div class=\"elementor-widget-container\">\n\t\t\t\t\t\t\t\t\t\t\t\t\t\t\t<img fetchpriority=\"high\" decoding=\"async\" width=\"1014\" height=\"874\" src=\"https:\/\/www.cuesystem.com\/wp-content\/uploads\/2025\/06\/image-20250318-204810-1.webp\" class=\"attachment-large size-large wp-image-30883\" alt=\"\" srcset=\"https:\/\/www.cuesystem.com\/wp-content\/uploads\/2025\/06\/image-20250318-204810-1.webp 1014w, https:\/\/www.cuesystem.com\/wp-content\/uploads\/2025\/06\/image-20250318-204810-1-300x259.webp 300w\" sizes=\"(max-width: 1014px) 100vw, 1014px\" \/>\t\t\t\t\t\t\t\t\t\t\t\t\t\t\t<\/div>\n\t\t\t\t<\/div>\n\t\t\t\t<\/div>\n\t\t\t\t\t<\/div>\n\t\t\t\t<\/div>\n\t\t<div class=\"elementor-element elementor-element-1bbfeaf e-grid e-con-boxed e-con e-child\" data-id=\"1bbfeaf\" data-element_type=\"container\" data-e-type=\"container\">\n\t\t\t\t\t<div class=\"e-con-inner\">\n\t\t<div class=\"elementor-element elementor-element-47cb2b2 e-con-full e-flex e-con e-child\" data-id=\"47cb2b2\" data-element_type=\"container\" data-e-type=\"container\">\n\t\t\t\t<div class=\"elementor-element elementor-element-5267c01 elementor-widget elementor-widget-image\" data-id=\"5267c01\" data-element_type=\"widget\" data-e-type=\"widget\" data-widget_type=\"image.default\">\n\t\t\t\t<div class=\"elementor-widget-container\">\n\t\t\t\t\t\t\t\t\t\t\t\t\t\t\t<img decoding=\"async\" width=\"1022\" height=\"646\" src=\"https:\/\/www.cuesystem.com\/wp-content\/uploads\/2025\/06\/image-20250318-205054.webp\" class=\"attachment-large size-large wp-image-30893\" alt=\"\" srcset=\"https:\/\/www.cuesystem.com\/wp-content\/uploads\/2025\/06\/image-20250318-205054.webp 1022w, https:\/\/www.cuesystem.com\/wp-content\/uploads\/2025\/06\/image-20250318-205054-300x190.webp 300w\" sizes=\"(max-width: 1022px) 100vw, 1022px\" \/>\t\t\t\t\t\t\t\t\t\t\t\t\t\t\t<\/div>\n\t\t\t\t<\/div>\n\t\t\t\t<\/div>\n\t\t<div class=\"elementor-element elementor-element-2de0287 e-con-full e-flex e-con e-child\" data-id=\"2de0287\" data-element_type=\"container\" data-e-type=\"container\">\n\t\t\t\t<div class=\"elementor-element elementor-element-9fa45dc elementor-widget elementor-widget-heading\" data-id=\"9fa45dc\" data-element_type=\"widget\" data-e-type=\"widget\" data-widget_type=\"heading.default\">\n\t\t\t\t<div class=\"elementor-widget-container\">\n\t\t\t\t\t<h2 class=\"elementor-heading-title elementor-size-default\">Audio<\/h2>\t\t\t\t<\/div>\n\t\t\t\t<\/div>\n\t\t\t\t<div class=\"elementor-element elementor-element-83aadef elementor-widget elementor-widget-text-editor\" data-id=\"83aadef\" data-element_type=\"widget\" data-e-type=\"widget\" data-widget_type=\"text-editor.default\">\n\t\t\t\t<div class=\"elementor-widget-container\">\n\t\t\t\t\t\t\t\t\t<p>El audio en formato <strong>MP3<\/strong> <strong>soporta ahora el multiling\u00fcismo<\/strong>. Esto significa que el <em>audio<\/em> a reproducir se selecciona en <em>funci\u00f3n<\/em> del <em>idioma<\/em> utilizado en la aplicaci\u00f3n. <\/p>\t\t\t\t\t\t\t\t<\/div>\n\t\t\t\t<\/div>\n\t\t\t\t<\/div>\n\t\t\t\t\t<\/div>\n\t\t\t\t<\/div>\n\t\t<div class=\"elementor-element elementor-element-2ea6d79 e-grid e-con-boxed e-con e-child\" data-id=\"2ea6d79\" data-element_type=\"container\" data-e-type=\"container\">\n\t\t\t\t\t<div class=\"e-con-inner\">\n\t\t<div class=\"elementor-element elementor-element-e57bfa9 e-con-full e-flex e-con e-child\" data-id=\"e57bfa9\" data-element_type=\"container\" data-e-type=\"container\">\n\t\t\t\t<div class=\"elementor-element elementor-element-8bded48 elementor-widget elementor-widget-heading\" data-id=\"8bded48\" data-element_type=\"widget\" data-e-type=\"widget\" data-widget_type=\"heading.default\">\n\t\t\t\t<div class=\"elementor-widget-container\">\n\t\t\t\t\t<h2 class=\"elementor-heading-title elementor-size-default\">Vista 3D interactiva<\/h2>\t\t\t\t<\/div>\n\t\t\t\t<\/div>\n\t\t\t\t<div class=\"elementor-element elementor-element-3172db5 elementor-widget elementor-widget-text-editor\" data-id=\"3172db5\" data-element_type=\"widget\" data-e-type=\"widget\" data-widget_type=\"text-editor.default\">\n\t\t\t\t<div class=\"elementor-widget-container\">\n\t\t\t\t\t\t\t\t\t<p>Ahora todos los recursos disponen de una <strong>vista interactiva en 3D<\/strong> mediante <strong>Matterport<\/strong>. Los modelos de Matterport permiten ahora a los usuarios <strong>explorar recorridos detallados<\/strong> de espacios como <em>quir\u00f3fanos, tiendas, salas de reuniones, etc.<\/em> Introduce la URL a Matterport en el <a href=\"https:\/\/www.cuesystem.com\/es\/gestione\/cue-admin\/\"><strong>CUE Admin<\/strong><\/a>y el contenido se mostrar\u00e1 en el <em>iframe<\/em>. <\/p>\t\t\t\t\t\t\t\t<\/div>\n\t\t\t\t<\/div>\n\t\t\t\t<\/div>\n\t\t<div class=\"elementor-element elementor-element-72aac8a e-con-full e-flex e-con e-child\" data-id=\"72aac8a\" data-element_type=\"container\" data-e-type=\"container\">\n\t\t\t\t<div class=\"elementor-element elementor-element-3e3feaf elementor-widget elementor-widget-image\" data-id=\"3e3feaf\" data-element_type=\"widget\" data-e-type=\"widget\" data-widget_type=\"image.default\">\n\t\t\t\t<div class=\"elementor-widget-container\">\n\t\t\t\t\t\t\t\t\t\t\t\t\t\t\t\t<a href=\"https:\/\/www.cuesystem.com\/wp-content\/uploads\/2025\/06\/image-20250318-204950.webp\" data-elementor-open-lightbox=\"yes\" data-e-action-hash=\"#elementor-action%3Aaction%3Dlightbox%26settings%3DeyJpZCI6MzA4ODgsInVybCI6Imh0dHBzOlwvXC93d3cuY3Vlc3lzdGVtLmNvbVwvd3AtY29udGVudFwvdXBsb2Fkc1wvMjAyNVwvMDZcL2ltYWdlLTIwMjUwMzE4LTIwNDk1MC53ZWJwIn0%3D\">\n\t\t\t\t\t\t\t<img decoding=\"async\" width=\"1018\" height=\"876\" src=\"https:\/\/www.cuesystem.com\/wp-content\/uploads\/2025\/06\/image-20250318-204950.webp\" class=\"attachment-large size-large wp-image-30888\" alt=\"\" srcset=\"https:\/\/www.cuesystem.com\/wp-content\/uploads\/2025\/06\/image-20250318-204950.webp 1018w, https:\/\/www.cuesystem.com\/wp-content\/uploads\/2025\/06\/image-20250318-204950-300x258.webp 300w\" sizes=\"(max-width: 1018px) 100vw, 1018px\" \/>\t\t\t\t\t\t\t\t<\/a>\n\t\t\t\t\t\t\t\t\t\t\t\t\t\t\t<\/div>\n\t\t\t\t<\/div>\n\t\t\t\t<\/div>\n\t\t\t\t\t<\/div>\n\t\t\t\t<\/div>\n\t\t<div class=\"elementor-element elementor-element-6b69d50 e-flex e-con-boxed e-con e-child\" data-id=\"6b69d50\" data-element_type=\"container\" data-e-type=\"container\">\n\t\t\t\t\t<div class=\"e-con-inner\">\n\t\t\t\t<div class=\"elementor-element elementor-element-a538467 elementor-widget elementor-widget-heading\" data-id=\"a538467\" data-element_type=\"widget\" data-e-type=\"widget\" data-widget_type=\"heading.default\">\n\t\t\t\t<div class=\"elementor-widget-container\">\n\t\t\t\t\t<h2 class=\"elementor-heading-title elementor-size-default\">B\u00fasqueda mejorada\n\n\n<\/h2>\t\t\t\t<\/div>\n\t\t\t\t<\/div>\n\t\t<div class=\"elementor-element elementor-element-a1ab3cd e-con-full e-flex e-con e-child\" data-id=\"a1ab3cd\" data-element_type=\"container\" data-e-type=\"container\">\n\t\t\t\t<div class=\"elementor-element elementor-element-c1c7938 elementor-widget elementor-widget-heading\" data-id=\"c1c7938\" data-element_type=\"widget\" data-e-type=\"widget\" data-widget_type=\"heading.default\">\n\t\t\t\t<div class=\"elementor-widget-container\">\n\t\t\t\t\t<h3 class=\"elementor-heading-title elementor-size-default\">CUE Navigation y CUE Kiosk\n<\/h3>\t\t\t\t<\/div>\n\t\t\t\t<\/div>\n\t\t\t\t<div class=\"elementor-element elementor-element-86a854e elementor-widget elementor-widget-text-editor\" data-id=\"86a854e\" data-element_type=\"widget\" data-e-type=\"widget\" data-widget_type=\"text-editor.default\">\n\t\t\t\t<div class=\"elementor-widget-container\">\n\t\t\t\t\t\t\t\t\t<p>Se ha mejorado la <strong>b\u00fasqueda<\/strong>, ahora adem\u00e1s de los nombres de PDI o recurso, tambi\u00e9n <strong>busca el tipo de recurso, la categor\u00eda de PDI, la descripci\u00f3n del recurso y las propiedades del recurso<\/strong>. El t\u00e9rmino de b\u00fasqueda es visible debajo del elemento en la lista. La <strong>posibilidad de filtrar<\/strong> y buscar por criterios individuales se puede configurar libremente.  <\/p>\t\t\t\t\t\t\t\t<\/div>\n\t\t\t\t<\/div>\n\t\t\t\t<\/div>\n\t\t\t\t\t<\/div>\n\t\t\t\t<\/div>\n\t\t<div class=\"elementor-element elementor-element-3b104bb e-flex e-con-boxed e-con e-child\" data-id=\"3b104bb\" data-element_type=\"container\" data-e-type=\"container\">\n\t\t\t\t\t<div class=\"e-con-inner\">\n\t\t\t\t<div class=\"elementor-element elementor-element-61ba822 elementor-widget elementor-widget-heading\" data-id=\"61ba822\" data-element_type=\"widget\" data-e-type=\"widget\" data-widget_type=\"heading.default\">\n\t\t\t\t<div class=\"elementor-widget-container\">\n\t\t\t\t\t<h2 class=\"elementor-heading-title elementor-size-default\">Vista del calendario\n<\/h2>\t\t\t\t<\/div>\n\t\t\t\t<\/div>\n\t\t<div class=\"elementor-element elementor-element-eee7fd6 e-con-full e-flex e-con e-child\" data-id=\"eee7fd6\" data-element_type=\"container\" data-e-type=\"container\">\n\t\t\t\t<div class=\"elementor-element elementor-element-c40c3a9 elementor-widget elementor-widget-heading\" data-id=\"c40c3a9\" data-element_type=\"widget\" data-e-type=\"widget\" data-widget_type=\"heading.default\">\n\t\t\t\t<div class=\"elementor-widget-container\">\n\t\t\t\t\t<h3 class=\"elementor-heading-title elementor-size-default\">Asistencia CUE\n\n<\/h3>\t\t\t\t<\/div>\n\t\t\t\t<\/div>\n\t\t<div class=\"elementor-element elementor-element-79490a0 e-grid e-con-full e-con e-child\" data-id=\"79490a0\" data-element_type=\"container\" data-e-type=\"container\">\n\t\t<div class=\"elementor-element elementor-element-3c91121 e-con-full e-flex e-con e-child\" data-id=\"3c91121\" data-element_type=\"container\" data-e-type=\"container\">\n\t\t\t\t<div class=\"elementor-element elementor-element-11ca583 elementor-widget elementor-widget-image\" data-id=\"11ca583\" data-element_type=\"widget\" data-e-type=\"widget\" data-widget_type=\"image.default\">\n\t\t\t\t<div class=\"elementor-widget-container\">\n\t\t\t\t\t\t\t\t\t\t\t\t\t\t\t\t<a href=\"https:\/\/www.cuesystem.com\/wp-content\/uploads\/2025\/06\/image-20250318-125320.webp\" data-elementor-open-lightbox=\"yes\" data-e-action-hash=\"#elementor-action%3Aaction%3Dlightbox%26settings%3DeyJpZCI6MzA4NzgsInVybCI6Imh0dHBzOlwvXC93d3cuY3Vlc3lzdGVtLmNvbVwvd3AtY29udGVudFwvdXBsb2Fkc1wvMjAyNVwvMDZcL2ltYWdlLTIwMjUwMzE4LTEyNTMyMC53ZWJwIn0%3D\">\n\t\t\t\t\t\t\t<img loading=\"lazy\" decoding=\"async\" width=\"1024\" height=\"466\" src=\"https:\/\/www.cuesystem.com\/wp-content\/uploads\/2025\/06\/image-20250318-125320-1024x466.webp\" class=\"attachment-large size-large wp-image-30878\" alt=\"\" srcset=\"https:\/\/www.cuesystem.com\/wp-content\/uploads\/2025\/06\/image-20250318-125320-1024x466.webp 1024w, https:\/\/www.cuesystem.com\/wp-content\/uploads\/2025\/06\/image-20250318-125320-300x137.webp 300w, https:\/\/www.cuesystem.com\/wp-content\/uploads\/2025\/06\/image-20250318-125320.webp 1898w\" sizes=\"(max-width: 1024px) 100vw, 1024px\" \/>\t\t\t\t\t\t\t\t<\/a>\n\t\t\t\t\t\t\t\t\t\t\t\t\t\t\t<\/div>\n\t\t\t\t<\/div>\n\t\t\t\t<\/div>\n\t\t<div class=\"elementor-element elementor-element-61067b6 e-con-full e-flex e-con e-child\" data-id=\"61067b6\" data-element_type=\"container\" data-e-type=\"container\">\n\t\t\t\t<div class=\"elementor-element elementor-element-3762fca elementor-widget elementor-widget-text-editor\" data-id=\"3762fca\" data-element_type=\"widget\" data-e-type=\"widget\" data-widget_type=\"text-editor.default\">\n\t\t\t\t<div class=\"elementor-widget-container\">\n\t\t\t\t\t\t\t\t\t<p>Ya est\u00e1 disponible una <strong>versi\u00f3n beta de la vista Calendario<\/strong> para todas las reservas. Pru\u00e9bala y espera m\u00e1s mejoras en futuras versiones. Ya puedes <strong>cambiar<\/strong> entre <strong>las vistas de<\/strong> <strong>d\u00eda<\/strong>, <strong>semana<\/strong> o <strong>mes<\/strong> y <strong>filtrar<\/strong> como estabas acostumbrado con la vista de lista.  <\/p><p>Una mejora significativa es la posibilidad de <strong>ver ubicaciones<\/strong> o <strong>calendarios de otros usuarios<\/strong> adem\u00e1s de tu calendario.<\/p>\t\t\t\t\t\t\t\t<\/div>\n\t\t\t\t<\/div>\n\t\t\t\t<\/div>\n\t\t\t\t<\/div>\n\t\t\t\t<\/div>\n\t\t\t\t\t<\/div>\n\t\t\t\t<\/div>\n\t\t<div class=\"elementor-element elementor-element-1662ccf e-flex e-con-boxed e-con e-child\" data-id=\"1662ccf\" data-element_type=\"container\" data-e-type=\"container\">\n\t\t\t\t\t<div class=\"e-con-inner\">\n\t\t\t\t<div class=\"elementor-element elementor-element-9565692 elementor-widget elementor-widget-heading\" data-id=\"9565692\" data-element_type=\"widget\" data-e-type=\"widget\" data-widget_type=\"heading.default\">\n\t\t\t\t<div class=\"elementor-widget-container\">\n\t\t\t\t\t<h2 class=\"elementor-heading-title elementor-size-default\">Otras mejoras\n\n\n<\/h2>\t\t\t\t<\/div>\n\t\t\t\t<\/div>\n\t\t<div class=\"elementor-element elementor-element-ffb0a8f e-con-full e-flex e-con e-child\" data-id=\"ffb0a8f\" data-element_type=\"container\" data-e-type=\"container\">\n\t\t\t\t<div class=\"elementor-element elementor-element-4e05238 elementor-widget elementor-widget-text-editor\" data-id=\"4e05238\" data-element_type=\"widget\" data-e-type=\"widget\" data-widget_type=\"text-editor.default\">\n\t\t\t\t<div class=\"elementor-widget-container\">\n\t\t\t\t\t\t\t\t\t<ul><li>Intercambiar inicio y fin en <a href=\"https:\/\/www.cuesystem.com\/es\/navegue-por\/navegacion-cue\/\"><strong>Navegaci\u00f3n CUE<\/strong><\/a> es una nueva funcionalidad, simplemente haciendo clic en las flechas entre ellos.<\/li><li><strong>Mejoras gr\u00e1ficas y de UX<\/strong> en toda la navegaci\u00f3n y el quiosco. Nos centramos en el uso de la navegaci\u00f3n por pasos, una mejor conmutaci\u00f3n entre mapas, el quiosco vertical, los filtros y mucho m\u00e1s. <\/li><li>Una nueva opci\u00f3n para <a href=\"https:\/\/www.cuesystem.com\/es\/reserva\/asistencia-cue\/\"><strong>Ayuda de CUE<\/strong><\/a> para <strong>establecer el primer d\u00eda de la semana<\/strong>. Junto con el <strong>idioma<\/strong>, esta configuraci\u00f3n se guarda para el usuario, y el administrador puede ver el valor establecido por el usuario en <a href=\"https:\/\/www.cuesystem.com\/es\/gestione\/cue-admin\/\"><strong>CUE Admin<\/strong><\/a>. <\/li><li>En el <strong>detalle de<\/strong> la ubicaci\u00f3n, ahora hay un <strong>enlace al detalle del recurso<\/strong> en la navegaci\u00f3n.<\/li><li>Se ha a\u00f1adido la posibilidad de <strong>exportar<\/strong> c\u00f3digos QR, recursos, unidades y <strong>datos de usuario a Excel<\/strong> en <strong><a href=\"https:\/\/www.cuesystem.com\/es\/gestione\/cue-admin\/\">CUE Admin<\/a><\/strong>.<\/li><li>En CUE Admin, la <strong>direcci\u00f3n IP<\/strong> de la unidad se muestra ahora directamente <strong>en la cuadr\u00edcula de la unidad<\/strong>, para que puedas hacer clic f\u00e1cilmente en su sitio web Admin.<\/li><li>Y muchos m\u00e1s&#8230;<\/li><\/ul>\t\t\t\t\t\t\t\t<\/div>\n\t\t\t\t<\/div>\n\t\t<div class=\"elementor-element elementor-element-a2761ef e-con-full e-flex e-con e-child\" data-id=\"a2761ef\" data-element_type=\"container\" data-e-type=\"container\">\n\t\t\t\t<div class=\"elementor-element elementor-element-4675419 elementor-widget-divider--view-line elementor-widget elementor-widget-divider\" data-id=\"4675419\" data-element_type=\"widget\" data-e-type=\"widget\" data-widget_type=\"divider.default\">\n\t\t\t\t<div class=\"elementor-widget-container\">\n\t\t\t\t\t\t\t<div class=\"elementor-divider\">\n\t\t\t<span class=\"elementor-divider-separator\">\n\t\t\t\t\t\t<\/span>\n\t\t<\/div>\n\t\t\t\t\t\t<\/div>\n\t\t\t\t<\/div>\n\t\t\t\t<div class=\"elementor-element elementor-element-fcafde3 elementor-widget elementor-widget-text-editor\" data-id=\"fcafde3\" data-element_type=\"widget\" data-e-type=\"widget\" data-widget_type=\"text-editor.default\">\n\t\t\t\t<div class=\"elementor-widget-container\">\n\t\t\t\t\t\t\t\t\t<p>Creada: 2025-04<\/p>\t\t\t\t\t\t\t\t<\/div>\n\t\t\t\t<\/div>\n\t\t\t\t<div class=\"elementor-element elementor-element-9fcc4e4 elementor-widget-divider--view-line elementor-widget elementor-widget-divider\" data-id=\"9fcc4e4\" data-element_type=\"widget\" data-e-type=\"widget\" data-widget_type=\"divider.default\">\n\t\t\t\t<div class=\"elementor-widget-container\">\n\t\t\t\t\t\t\t<div class=\"elementor-divider\">\n\t\t\t<span class=\"elementor-divider-separator\">\n\t\t\t\t\t\t<\/span>\n\t\t<\/div>\n\t\t\t\t\t\t<\/div>\n\t\t\t\t<\/div>\n\t\t\t\t<\/div>\n\t\t\t\t<\/div>\n\t\t\t\t\t<\/div>\n\t\t\t\t<\/div>\n\t\t\t\t<\/div>\n\t\t\t\t<\/div>\n\t\t","protected":false},"excerpt":{"rendered":"<p>\u00daltimas actualizaciones Lanzamiento de la versi\u00f3n 11.24.0 de la soluci\u00f3n CUE Nos complace compartir las \u00faltimas actualizaciones y mejoras en el ecosistema de la Soluci\u00f3n CUE, dise\u00f1adas para agilizar tu experiencia y mejorar la funcionalidad. Vamos a echarles un vistazo m\u00e1s de cerca, \u00bfte parece? Mejoras en los detalles de los recursos CUE Navigation y <a href=\"https:\/\/www.cuesystem.com\/es\/novedades\/lanzamiento-de-la-version-11-24-0-de-la-solucion-cue\/\" class=\"more-link\">&#8230;<span class=\"screen-reader-text\">  Lanzamiento de la versi\u00f3n 11.24.0 de la soluci\u00f3n CUE<\/span><\/a><\/p>\n","protected":false},"author":11,"featured_media":0,"parent":31297,"menu_order":204,"comment_status":"closed","ping_status":"closed","template":"","meta":{"_acf_changed":false,"inline_featured_image":false,"footnotes":""},"kategorie":[],"class_list":["post-31380","page","type-page","status-publish","hentry"],"acf":[],"_links":{"self":[{"href":"https:\/\/www.cuesystem.com\/es\/wp-json\/wp\/v2\/pages\/31380","targetHints":{"allow":["GET"]}}],"collection":[{"href":"https:\/\/www.cuesystem.com\/es\/wp-json\/wp\/v2\/pages"}],"about":[{"href":"https:\/\/www.cuesystem.com\/es\/wp-json\/wp\/v2\/types\/page"}],"author":[{"embeddable":true,"href":"https:\/\/www.cuesystem.com\/es\/wp-json\/wp\/v2\/users\/11"}],"replies":[{"embeddable":true,"href":"https:\/\/www.cuesystem.com\/es\/wp-json\/wp\/v2\/comments?post=31380"}],"version-history":[{"count":1,"href":"https:\/\/www.cuesystem.com\/es\/wp-json\/wp\/v2\/pages\/31380\/revisions"}],"predecessor-version":[{"id":31387,"href":"https:\/\/www.cuesystem.com\/es\/wp-json\/wp\/v2\/pages\/31380\/revisions\/31387"}],"up":[{"embeddable":true,"href":"https:\/\/www.cuesystem.com\/es\/wp-json\/wp\/v2\/pages\/31297"}],"wp:attachment":[{"href":"https:\/\/www.cuesystem.com\/es\/wp-json\/wp\/v2\/media?parent=31380"}],"wp:term":[{"taxonomy":"kategorie","embeddable":true,"href":"https:\/\/www.cuesystem.com\/es\/wp-json\/wp\/v2\/kategorie?post=31380"}],"curies":[{"name":"wp","href":"https:\/\/api.w.org\/{rel}","templated":true}]}}