{"id":31381,"date":"2025-05-14T09:37:14","date_gmt":"2025-05-14T07:37:14","guid":{"rendered":"https:\/\/www.cuesystem.com\/novedades\/lanzamiento-de-la-version-12-6-0-de-la-solucion-cue\/"},"modified":"2025-06-13T14:32:32","modified_gmt":"2025-06-13T12:32:32","slug":"lanzamiento-de-la-version-12-6-0-de-la-solucion-cue","status":"publish","type":"page","link":"https:\/\/www.cuesystem.com\/es\/novedades\/lanzamiento-de-la-version-12-6-0-de-la-solucion-cue\/","title":{"rendered":"Lanzamiento de la versi\u00f3n 12.6.0 de la soluci\u00f3n CUE"},"content":{"rendered":"\t\t<div data-elementor-type=\"wp-page\" data-elementor-id=\"31381\" class=\"elementor elementor-31381 elementor-29908\" data-elementor-post-type=\"page\">\n\t\t\t\t<div class=\"elementor-element elementor-element-2a89fae e-con-full e-flex e-con e-child\" data-id=\"2a89fae\" data-element_type=\"container\" data-e-type=\"container\">\n\t\t\t\t<div class=\"elementor-element elementor-element-9b6e4c1 elementor-widget elementor-widget-heading\" data-id=\"9b6e4c1\" data-element_type=\"widget\" data-e-type=\"widget\" data-widget_type=\"heading.default\">\n\t\t\t\t<div class=\"elementor-widget-container\">\n\t\t\t\t\t<h3 class=\"elementor-heading-title elementor-size-default\">\u00daltimas actualizaciones<\/h3>\t\t\t\t<\/div>\n\t\t\t\t<\/div>\n\t\t\t\t<div class=\"elementor-element elementor-element-560861c elementor-widget elementor-widget-heading\" data-id=\"560861c\" data-element_type=\"widget\" data-e-type=\"widget\" data-widget_type=\"heading.default\">\n\t\t\t\t<div class=\"elementor-widget-container\">\n\t\t\t\t\t<h1 class=\"elementor-heading-title elementor-size-default\">Lanzamiento de la versi\u00f3n 12.6.0 de la soluci\u00f3n CUE\n<\/h1>\t\t\t\t<\/div>\n\t\t\t\t<\/div>\n\t\t\t\t<div class=\"elementor-element elementor-element-56dad53 elementor-widget-divider--view-line elementor-widget elementor-widget-divider\" data-id=\"56dad53\" data-element_type=\"widget\" data-e-type=\"widget\" data-widget_type=\"divider.default\">\n\t\t\t\t<div class=\"elementor-widget-container\">\n\t\t\t\t\t\t\t<div class=\"elementor-divider\">\n\t\t\t<span class=\"elementor-divider-separator\">\n\t\t\t\t\t\t<\/span>\n\t\t<\/div>\n\t\t\t\t\t\t<\/div>\n\t\t\t\t<\/div>\n\t\t<div class=\"elementor-element elementor-element-48f3edb e-flex e-con-boxed e-con e-child\" data-id=\"48f3edb\" data-element_type=\"container\" data-e-type=\"container\">\n\t\t\t\t\t<div class=\"e-con-inner\">\n\t\t\t\t<div class=\"elementor-element elementor-element-9814250 elementor-widget elementor-widget-text-editor\" data-id=\"9814250\" data-element_type=\"widget\" data-e-type=\"widget\" data-widget_type=\"text-editor.default\">\n\t\t\t\t<div class=\"elementor-widget-container\">\n\t\t\t\t\t\t\t\t\t<p>Desde <strong>posibilidades de control revolucionarias<\/strong> hasta <strong>ajustes m\u00e1s precisos de los eventos<\/strong>, la \u00faltima versi\u00f3n est\u00e1 aqu\u00ed para que <strong>la gesti\u00f3n de<\/strong> tus <strong>espacios<\/strong> <em>sea a\u00fan m\u00e1s fluida<\/em>.<\/p>\t\t\t\t\t\t\t\t<\/div>\n\t\t\t\t<\/div>\n\t\t\t\t\t<\/div>\n\t\t\t\t<\/div>\n\t\t\t\t<div class=\"elementor-element elementor-element-3ac7e62 elementor-widget-divider--view-line elementor-widget elementor-widget-divider\" data-id=\"3ac7e62\" data-element_type=\"widget\" data-e-type=\"widget\" data-widget_type=\"divider.default\">\n\t\t\t\t<div class=\"elementor-widget-container\">\n\t\t\t\t\t\t\t<div class=\"elementor-divider\">\n\t\t\t<span class=\"elementor-divider-separator\">\n\t\t\t\t\t\t<\/span>\n\t\t<\/div>\n\t\t\t\t\t\t<\/div>\n\t\t\t\t<\/div>\n\t\t<div class=\"elementor-element elementor-element-49441e9 e-grid e-con-boxed e-con e-child\" data-id=\"49441e9\" data-element_type=\"container\" data-e-type=\"container\">\n\t\t\t\t\t<div class=\"e-con-inner\">\n\t\t<div class=\"elementor-element elementor-element-c874ada e-con-full e-flex e-con e-child\" data-id=\"c874ada\" data-element_type=\"container\" data-e-type=\"container\">\n\t\t\t\t<div class=\"elementor-element elementor-element-a3c5c04 elementor-widget elementor-widget-heading\" data-id=\"a3c5c04\" data-element_type=\"widget\" data-e-type=\"widget\" data-widget_type=\"heading.default\">\n\t\t\t\t<div class=\"elementor-widget-container\">\n\t\t\t\t\t<h2 class=\"elementor-heading-title elementor-size-default\">Todos los ojos puestos en Monitor y Control<\/h2>\t\t\t\t<\/div>\n\t\t\t\t<\/div>\n\t\t\t\t<div class=\"elementor-element elementor-element-696ae86 elementor-widget elementor-widget-heading\" data-id=\"696ae86\" data-element_type=\"widget\" data-e-type=\"widget\" data-widget_type=\"heading.default\">\n\t\t\t\t<div class=\"elementor-widget-container\">\n\t\t\t\t\t<h3 class=\"elementor-heading-title elementor-size-default\">Conecta. Visualiza. Toma las riendas.  <\/h3>\t\t\t\t<\/div>\n\t\t\t\t<\/div>\n\t\t\t\t<div class=\"elementor-element elementor-element-2c457c8 elementor-widget elementor-widget-text-editor\" data-id=\"2c457c8\" data-element_type=\"widget\" data-e-type=\"widget\" data-widget_type=\"text-editor.default\">\n\t\t\t\t<div class=\"elementor-widget-container\">\n\t\t\t\t\t\t\t\t\t<p><a href=\"https:\/\/www.cuesystem.com\/es\/controlar\/monitorizar-y-controlar\/\"><strong>Monitor y Control<\/strong><\/a> tiende un puente entre <strong>el hardware de<\/strong> CUE y el <strong>software<a href=\"https:\/\/www.cuesystem.com\/es\/solucion-cue\/\">de la Soluci\u00f3n CUE<\/a><\/strong> &#8211; <em><strong>todo en una interfaz intuitiva<\/strong><\/em>. Tanto si gestionas dispositivos como si lees datos de sensores, esta <strong>innovadora tecnolog\u00eda<\/strong> te da el poder de<strong> controlar y supervisar<\/strong>, <em>en cualquier momento <\/em>y <em>lugar<\/em>. <\/p><ul><li><strong>Visualizaci\u00f3n de datos en tiempo real<\/strong> en tus <strong>aplicaciones front-end<\/strong><\/li><li>Control de los dispositivos conectados <strong>con un solo clic<\/strong> <\/li><li><strong>Flexibilidad total<\/strong> con <a href=\"https:\/\/docs.cuesystem.com\/space\/PRODUCTS\/491061541\/CUE+Visual+Composer\"><strong>Compositor Visual CUE<\/strong><\/a> (a partir de la versi\u00f3n 21.20 &#8211; descargar <a href=\"https:\/\/support.cuesystem.com\/space\/TD\/894861395\/CUE+Control\"><strong>AQU\u00cd<\/strong><\/a>)<\/li><li><strong>Experiencia de construcci\u00f3n inteligente<\/strong> <em>al alcance de tu mano<\/em><\/li><\/ul><p>Disfruta de <strong>un funcionamiento sin esfuerzo<\/strong> con <strong>funciones aptas para m\u00f3viles<\/strong>, <em>acceso mediante c\u00f3digo QR<\/em> e <strong>integraci\u00f3n perfecta<\/strong> con las herramientas de <em>navegaci\u00f3n<\/em> y <em>reserva<\/em>.<\/p><p><a href=\"https:\/\/www.cuesystem.com\/es\/controlar\/monitorizar-y-controlar\/\"><strong>Mira c\u00f3mo funciona<\/strong><\/a><\/p>\t\t\t\t\t\t\t\t<\/div>\n\t\t\t\t<\/div>\n\t\t\t\t<\/div>\n\t\t<div class=\"elementor-element elementor-element-4969438 e-con-full e-flex e-con e-child\" data-id=\"4969438\" data-element_type=\"container\" data-e-type=\"container\">\n\t\t\t\t<div class=\"elementor-element elementor-element-dbbfad9 elementor-widget elementor-widget-image\" data-id=\"dbbfad9\" data-element_type=\"widget\" data-e-type=\"widget\" data-widget_type=\"image.default\">\n\t\t\t\t<div class=\"elementor-widget-container\">\n\t\t\t\t\t\t\t\t\t\t\t\t\t\t\t\t<a href=\"https:\/\/www.cuesystem.com\/wp-content\/uploads\/2025\/06\/1-1.webp\" data-elementor-open-lightbox=\"yes\" data-e-action-hash=\"#elementor-action%3Aaction%3Dlightbox%26settings%3DeyJpZCI6MzA5MDQsInVybCI6Imh0dHBzOlwvXC93d3cuY3Vlc3lzdGVtLmNvbVwvd3AtY29udGVudFwvdXBsb2Fkc1wvMjAyNVwvMDZcLzEtMS53ZWJwIn0%3D\">\n\t\t\t\t\t\t\t<img fetchpriority=\"high\" decoding=\"async\" width=\"908\" height=\"606\" src=\"https:\/\/www.cuesystem.com\/wp-content\/uploads\/2025\/06\/1-1.webp\" class=\"attachment-large size-large wp-image-30904\" alt=\"\" srcset=\"https:\/\/www.cuesystem.com\/wp-content\/uploads\/2025\/06\/1-1.webp 908w, https:\/\/www.cuesystem.com\/wp-content\/uploads\/2025\/06\/1-1-300x200.webp 300w\" sizes=\"(max-width: 908px) 100vw, 908px\" \/>\t\t\t\t\t\t\t\t<\/a>\n\t\t\t\t\t\t\t\t\t\t\t\t\t\t\t<\/div>\n\t\t\t\t<\/div>\n\t\t\t\t<div class=\"elementor-element elementor-element-1fa9ad7 elementor-widget elementor-widget-image\" data-id=\"1fa9ad7\" data-element_type=\"widget\" data-e-type=\"widget\" data-widget_type=\"image.default\">\n\t\t\t\t<div class=\"elementor-widget-container\">\n\t\t\t\t\t\t\t\t\t\t\t\t\t\t\t<img decoding=\"async\" width=\"865\" height=\"594\" src=\"https:\/\/www.cuesystem.com\/wp-content\/uploads\/2025\/06\/2-1.webp\" class=\"attachment-large size-large wp-image-30909\" alt=\"\" srcset=\"https:\/\/www.cuesystem.com\/wp-content\/uploads\/2025\/06\/2-1.webp 865w, https:\/\/www.cuesystem.com\/wp-content\/uploads\/2025\/06\/2-1-300x206.webp 300w\" sizes=\"(max-width: 865px) 100vw, 865px\" \/>\t\t\t\t\t\t\t\t\t\t\t\t\t\t\t<\/div>\n\t\t\t\t<\/div>\n\t\t\t\t<\/div>\n\t\t\t\t\t<\/div>\n\t\t\t\t<\/div>\n\t\t<div class=\"elementor-element elementor-element-d3ff3ea e-grid e-con-boxed e-con e-child\" data-id=\"d3ff3ea\" data-element_type=\"container\" data-e-type=\"container\">\n\t\t\t\t\t<div class=\"e-con-inner\">\n\t\t<div class=\"elementor-element elementor-element-74598cf e-con-full e-flex e-con e-child\" data-id=\"74598cf\" data-element_type=\"container\" data-e-type=\"container\">\n\t\t\t\t<div class=\"elementor-element elementor-element-c60b24c elementor-widget elementor-widget-image\" data-id=\"c60b24c\" data-element_type=\"widget\" data-e-type=\"widget\" data-widget_type=\"image.default\">\n\t\t\t\t<div class=\"elementor-widget-container\">\n\t\t\t\t\t\t\t\t\t\t\t\t\t\t\t<img decoding=\"async\" width=\"1024\" height=\"365\" src=\"https:\/\/www.cuesystem.com\/wp-content\/uploads\/2025\/06\/3-1024x365.webp\" class=\"attachment-large size-large wp-image-30914\" alt=\"\" srcset=\"https:\/\/www.cuesystem.com\/wp-content\/uploads\/2025\/06\/3-1024x365.webp 1024w, https:\/\/www.cuesystem.com\/wp-content\/uploads\/2025\/06\/3-300x107.webp 300w, https:\/\/www.cuesystem.com\/wp-content\/uploads\/2025\/06\/3.webp 1118w\" sizes=\"(max-width: 1024px) 100vw, 1024px\" \/>\t\t\t\t\t\t\t\t\t\t\t\t\t\t\t<\/div>\n\t\t\t\t<\/div>\n\t\t\t\t<\/div>\n\t\t<div class=\"elementor-element elementor-element-5d6cc3d e-con-full e-flex e-con e-child\" data-id=\"5d6cc3d\" data-element_type=\"container\" data-e-type=\"container\">\n\t\t\t\t<div class=\"elementor-element elementor-element-1df8eb0 elementor-widget elementor-widget-heading\" data-id=\"1df8eb0\" data-element_type=\"widget\" data-e-type=\"widget\" data-widget_type=\"heading.default\">\n\t\t\t\t<div class=\"elementor-widget-container\">\n\t\t\t\t\t<h2 class=\"elementor-heading-title elementor-size-default\">Confirmaci\u00f3n de eventos m\u00e1s inteligente\n<\/h2>\t\t\t\t<\/div>\n\t\t\t\t<\/div>\n\t\t\t\t<div class=\"elementor-element elementor-element-33210cc elementor-widget elementor-widget-heading\" data-id=\"33210cc\" data-element_type=\"widget\" data-e-type=\"widget\" data-widget_type=\"heading.default\">\n\t\t\t\t<div class=\"elementor-widget-container\">\n\t\t\t\t\t<h3 class=\"elementor-heading-title elementor-size-default\">Afinar c\u00f3mo se confirman los eventos<\/h3>\t\t\t\t<\/div>\n\t\t\t\t<\/div>\n\t\t\t\t<div class=\"elementor-element elementor-element-dcf5813 elementor-widget elementor-widget-text-editor\" data-id=\"dcf5813\" data-element_type=\"widget\" data-e-type=\"widget\" data-widget_type=\"text-editor.default\">\n\t\t\t\t<div class=\"elementor-widget-container\">\n\t\t\t\t\t\t\t\t\t<p>Ahora puedes <strong>definir<\/strong> si <strong>los eventos de varios d\u00edas requieren confirmaci\u00f3n<\/strong> <em>cada d\u00eda<\/em> o <em>s\u00f3lo una vez<\/em>. Con los <strong>ajustes avanzados<\/strong> a\u00f1adidos, tienes un mejor control sobre <em>los eventos<\/em> <em>cortos<\/em> frente a los <em>largos<\/em>, e incluso el poder de<strong> anular las reglas de confirmaci\u00f3n<\/strong> para <em>usuarios espec\u00edficos<\/em>. <\/p>\t\t\t\t\t\t\t\t<\/div>\n\t\t\t\t<\/div>\n\t\t\t\t<\/div>\n\t\t\t\t\t<\/div>\n\t\t\t\t<\/div>\n\t\t<div class=\"elementor-element elementor-element-1123d3a e-grid e-con-boxed e-con e-child\" data-id=\"1123d3a\" data-element_type=\"container\" data-e-type=\"container\">\n\t\t\t\t\t<div class=\"e-con-inner\">\n\t\t<div class=\"elementor-element elementor-element-74c9c37 e-con-full e-flex e-con e-child\" data-id=\"74c9c37\" data-element_type=\"container\" data-e-type=\"container\">\n\t\t\t\t<div class=\"elementor-element elementor-element-173abae elementor-widget elementor-widget-heading\" data-id=\"173abae\" data-element_type=\"widget\" data-e-type=\"widget\" data-widget_type=\"heading.default\">\n\t\t\t\t<div class=\"elementor-widget-container\">\n\t\t\t\t\t<h2 class=\"elementor-heading-title elementor-size-default\">Combinaciones de colores personalizadas<\/h2>\t\t\t\t<\/div>\n\t\t\t\t<\/div>\n\t\t\t\t<div class=\"elementor-element elementor-element-3f4ed21 elementor-widget elementor-widget-heading\" data-id=\"3f4ed21\" data-element_type=\"widget\" data-e-type=\"widget\" data-widget_type=\"heading.default\">\n\t\t\t\t<div class=\"elementor-widget-container\">\n\t\t\t\t\t<h3 class=\"elementor-heading-title elementor-size-default\">Haz que CUE Assist se adapte a tu marca<\/h3>\t\t\t\t<\/div>\n\t\t\t\t<\/div>\n\t\t\t\t<div class=\"elementor-element elementor-element-6bd22a1 elementor-widget elementor-widget-text-editor\" data-id=\"6bd22a1\" data-element_type=\"widget\" data-e-type=\"widget\" data-widget_type=\"text-editor.default\">\n\t\t\t\t<div class=\"elementor-widget-container\">\n\t\t\t\t\t\t\t\t\t<p><a href=\"https:\/\/www.cuesystem.com\/es\/reserva\/asistencia-cue\/\"><strong>CUE Assist<\/strong><\/a> ahora admite <strong>esquemas de color personalizados<\/strong>, ideales <em>para empresas<\/em> con una <strong>identidad visual definida<\/strong>. Adem\u00e1s, hemos <em>pulido<\/em> <em>el dise\u00f1o de<\/em> la aplicaci\u00f3n para darle un<strong> aire<\/strong> <strong>m\u00e1s fresco<\/strong> y<strong> moderno<\/strong>. <\/p>\t\t\t\t\t\t\t\t<\/div>\n\t\t\t\t<\/div>\n\t\t\t\t<\/div>\n\t\t<div class=\"elementor-element elementor-element-aa61b7a e-con-full e-flex e-con e-child\" data-id=\"aa61b7a\" data-element_type=\"container\" data-e-type=\"container\">\n\t\t\t\t<div class=\"elementor-element elementor-element-6ff24b7 elementor-widget elementor-widget-image\" data-id=\"6ff24b7\" data-element_type=\"widget\" data-e-type=\"widget\" data-widget_type=\"image.default\">\n\t\t\t\t<div class=\"elementor-widget-container\">\n\t\t\t\t\t\t\t\t\t\t\t\t\t\t\t\t<a href=\"https:\/\/www.cuesystem.com\/wp-content\/uploads\/2025\/06\/4-kopie.webp\" data-elementor-open-lightbox=\"yes\" data-e-action-hash=\"#elementor-action%3Aaction%3Dlightbox%26settings%3DeyJpZCI6MzA5MTksInVybCI6Imh0dHBzOlwvXC93d3cuY3Vlc3lzdGVtLmNvbVwvd3AtY29udGVudFwvdXBsb2Fkc1wvMjAyNVwvMDZcLzQta29waWUud2VicCJ9\">\n\t\t\t\t\t\t\t<img loading=\"lazy\" decoding=\"async\" width=\"798\" height=\"433\" src=\"https:\/\/www.cuesystem.com\/wp-content\/uploads\/2025\/06\/4-kopie.webp\" class=\"attachment-large size-large wp-image-30919\" alt=\"\" srcset=\"https:\/\/www.cuesystem.com\/wp-content\/uploads\/2025\/06\/4-kopie.webp 798w, https:\/\/www.cuesystem.com\/wp-content\/uploads\/2025\/06\/4-kopie-300x163.webp 300w\" sizes=\"(max-width: 798px) 100vw, 798px\" \/>\t\t\t\t\t\t\t\t<\/a>\n\t\t\t\t\t\t\t\t\t\t\t\t\t\t\t<\/div>\n\t\t\t\t<\/div>\n\t\t\t\t<\/div>\n\t\t\t\t\t<\/div>\n\t\t\t\t<\/div>\n\t\t\t\t<\/div>\n\t\t<div class=\"elementor-element elementor-element-b4022cf e-flex e-con-boxed e-con e-parent\" data-id=\"b4022cf\" data-element_type=\"container\" data-e-type=\"container\">\n\t\t\t\t\t<div class=\"e-con-inner\">\n\t\t<div class=\"elementor-element elementor-element-b1e3148 e-grid e-con-full e-con e-child\" data-id=\"b1e3148\" data-element_type=\"container\" data-e-type=\"container\">\n\t\t<div class=\"elementor-element elementor-element-fd78869 e-con-full e-flex e-con e-child\" data-id=\"fd78869\" data-element_type=\"container\" data-e-type=\"container\">\n\t\t\t\t<div class=\"elementor-element elementor-element-075fb29 elementor-widget elementor-widget-image\" data-id=\"075fb29\" data-element_type=\"widget\" data-e-type=\"widget\" data-widget_type=\"image.default\">\n\t\t\t\t<div class=\"elementor-widget-container\">\n\t\t\t\t\t\t\t\t\t\t\t\t\t\t\t<img decoding=\"async\" src=\"https:\/\/www.cuesystem.com\/wp-content\/uploads\/2025\/05\/5.png\" title=\"\" alt=\"\" loading=\"lazy\" \/>\t\t\t\t\t\t\t\t\t\t\t\t\t\t\t<\/div>\n\t\t\t\t<\/div>\n\t\t\t\t<\/div>\n\t\t<div class=\"elementor-element elementor-element-fe78dc0 e-con-full e-flex e-con e-child\" data-id=\"fe78dc0\" data-element_type=\"container\" data-e-type=\"container\">\n\t\t\t\t<div class=\"elementor-element elementor-element-b7f9969 elementor-widget elementor-widget-heading\" data-id=\"b7f9969\" data-element_type=\"widget\" data-e-type=\"widget\" data-widget_type=\"heading.default\">\n\t\t\t\t<div class=\"elementor-widget-container\">\n\t\t\t\t\t<h2 class=\"elementor-heading-title elementor-size-default\">Recordatorios de eventos m\u00e1s f\u00e1ciles<\/h2>\t\t\t\t<\/div>\n\t\t\t\t<\/div>\n\t\t\t\t<div class=\"elementor-element elementor-element-cb91d30 elementor-widget elementor-widget-heading\" data-id=\"cb91d30\" data-element_type=\"widget\" data-e-type=\"widget\" data-widget_type=\"heading.default\">\n\t\t\t\t<div class=\"elementor-widget-container\">\n\t\t\t\t\t<h3 class=\"elementor-heading-title elementor-size-default\">Ajustes por defecto que siguen siendo personales<\/h3>\t\t\t\t<\/div>\n\t\t\t\t<\/div>\n\t\t\t\t<div class=\"elementor-element elementor-element-824a1ff elementor-widget elementor-widget-text-editor\" data-id=\"824a1ff\" data-element_type=\"widget\" data-e-type=\"widget\" data-widget_type=\"text-editor.default\">\n\t\t\t\t<div class=\"elementor-widget-container\">\n\t\t\t\t\t\t\t\t\t<p>Ahora los administradores pueden establecer <strong>recordatorios<\/strong> y <strong>estados de filtro<\/strong> <strong>predeterminados<\/strong> en <a href=\"https:\/\/www.cuesystem.com\/es\/reserva\/asistencia-cue\/\"><strong>Ayuda CUE<\/strong><\/a> para <em>todas las reservas<\/em>. Si los usuarios<em> modifican sus propias preferencias<\/em>, la <em>aplicaci\u00f3n las recuerda<\/em>, logrando as\u00ed <strong>el equilibrio perfecto entre control y personalizaci\u00f3n<\/strong>. <\/p>\t\t\t\t\t\t\t\t<\/div>\n\t\t\t\t<\/div>\n\t\t\t\t<\/div>\n\t\t\t\t<\/div>\n\t\t<div class=\"elementor-element elementor-element-60351d5 e-con-full e-flex e-con e-child\" data-id=\"60351d5\" data-element_type=\"container\" data-e-type=\"container\">\n\t\t\t\t<div class=\"elementor-element elementor-element-17dfd91 elementor-widget elementor-widget-heading\" data-id=\"17dfd91\" data-element_type=\"widget\" data-e-type=\"widget\" data-widget_type=\"heading.default\">\n\t\t\t\t<div class=\"elementor-widget-container\">\n\t\t\t\t\t<h2 class=\"elementor-heading-title elementor-size-default\">Y hay m\u00e1s...<\/h2>\t\t\t\t<\/div>\n\t\t\t\t<\/div>\n\t\t\t\t<div class=\"elementor-element elementor-element-32035f9 elementor-widget elementor-widget-heading\" data-id=\"32035f9\" data-element_type=\"widget\" data-e-type=\"widget\" data-widget_type=\"heading.default\">\n\t\t\t\t<div class=\"elementor-widget-container\">\n\t\t\t\t\t<h3 class=\"elementor-heading-title elementor-size-default\">Peque\u00f1os cambios, grandes diferencias<\/h3>\t\t\t\t<\/div>\n\t\t\t\t<\/div>\n\t\t\t\t<div class=\"elementor-element elementor-element-6a062fb elementor-widget elementor-widget-text-editor\" data-id=\"6a062fb\" data-element_type=\"widget\" data-e-type=\"widget\" data-widget_type=\"text-editor.default\">\n\t\t\t\t<div class=\"elementor-widget-container\">\n\t\t\t\t\t\t\t\t\t<ul><li>Nuevos <strong>botones de acci\u00f3n<\/strong> en <strong>los detalles de la reserva<\/strong> <em>(Finalizar, Ampliar, Confirmar&#8230;)<\/em><\/li><li><strong>Direcci\u00f3n MAC<\/strong> ahora <strong>visible<\/strong> en la parrilla de unidades y <strong>exportable<\/strong> a Excel<\/li><li><strong>La gesti\u00f3n de la unidad central<\/strong> es ahora <strong>m\u00e1s sencilla<\/strong>: <em>despierta o reinicia directamente desde <a href=\"https:\/\/www.cuesystem.com\/es\/gestione\/cue-admin\/\"><strong>CUE Admin<\/strong><\/a><\/em><\/li><\/ul>\t\t\t\t\t\t\t\t<\/div>\n\t\t\t\t<\/div>\n\t\t\t\t<\/div>\n\t\t<div class=\"elementor-element elementor-element-3c90f33 e-con-full e-flex e-con e-child\" data-id=\"3c90f33\" data-element_type=\"container\" data-e-type=\"container\">\n\t\t\t\t<div class=\"elementor-element elementor-element-1ddd28a elementor-widget-divider--view-line elementor-widget elementor-widget-divider\" data-id=\"1ddd28a\" data-element_type=\"widget\" data-e-type=\"widget\" data-widget_type=\"divider.default\">\n\t\t\t\t<div class=\"elementor-widget-container\">\n\t\t\t\t\t\t\t<div class=\"elementor-divider\">\n\t\t\t<span class=\"elementor-divider-separator\">\n\t\t\t\t\t\t<\/span>\n\t\t<\/div>\n\t\t\t\t\t\t<\/div>\n\t\t\t\t<\/div>\n\t\t\t\t<div class=\"elementor-element elementor-element-29b1bfc elementor-widget elementor-widget-text-editor\" data-id=\"29b1bfc\" data-element_type=\"widget\" data-e-type=\"widget\" data-widget_type=\"text-editor.default\">\n\t\t\t\t<div class=\"elementor-widget-container\">\n\t\t\t\t\t\t\t\t\t<p>Creada: 2025-03<\/p>\t\t\t\t\t\t\t\t<\/div>\n\t\t\t\t<\/div>\n\t\t\t\t<div class=\"elementor-element elementor-element-b28ce04 elementor-widget-divider--view-line elementor-widget elementor-widget-divider\" data-id=\"b28ce04\" data-element_type=\"widget\" data-e-type=\"widget\" data-widget_type=\"divider.default\">\n\t\t\t\t<div class=\"elementor-widget-container\">\n\t\t\t\t\t\t\t<div class=\"elementor-divider\">\n\t\t\t<span class=\"elementor-divider-separator\">\n\t\t\t\t\t\t<\/span>\n\t\t<\/div>\n\t\t\t\t\t\t<\/div>\n\t\t\t\t<\/div>\n\t\t\t\t<\/div>\n\t\t\t\t\t<\/div>\n\t\t\t\t<\/div>\n\t\t\t\t<\/div>\n\t\t","protected":false},"excerpt":{"rendered":"<p>\u00daltimas actualizaciones Lanzamiento de la versi\u00f3n 12.6.0 de la soluci\u00f3n CUE Desde posibilidades de control revolucionarias hasta ajustes m\u00e1s precisos de los eventos, la \u00faltima versi\u00f3n est\u00e1 aqu\u00ed para que la gesti\u00f3n de tus espacios sea a\u00fan m\u00e1s fluida. Todos los ojos puestos en Monitor y Control Conecta. Visualiza. Toma las riendas. Monitor y Control <a href=\"https:\/\/www.cuesystem.com\/es\/novedades\/lanzamiento-de-la-version-12-6-0-de-la-solucion-cue\/\" class=\"more-link\">&#8230;<span class=\"screen-reader-text\">  Lanzamiento de la versi\u00f3n 12.6.0 de la soluci\u00f3n CUE<\/span><\/a><\/p>\n","protected":false},"author":11,"featured_media":0,"parent":31297,"menu_order":220,"comment_status":"closed","ping_status":"closed","template":"","meta":{"_acf_changed":false,"inline_featured_image":false,"footnotes":""},"kategorie":[],"class_list":["post-31381","page","type-page","status-publish","hentry"],"acf":[],"_links":{"self":[{"href":"https:\/\/www.cuesystem.com\/es\/wp-json\/wp\/v2\/pages\/31381","targetHints":{"allow":["GET"]}}],"collection":[{"href":"https:\/\/www.cuesystem.com\/es\/wp-json\/wp\/v2\/pages"}],"about":[{"href":"https:\/\/www.cuesystem.com\/es\/wp-json\/wp\/v2\/types\/page"}],"author":[{"embeddable":true,"href":"https:\/\/www.cuesystem.com\/es\/wp-json\/wp\/v2\/users\/11"}],"replies":[{"embeddable":true,"href":"https:\/\/www.cuesystem.com\/es\/wp-json\/wp\/v2\/comments?post=31381"}],"version-history":[{"count":1,"href":"https:\/\/www.cuesystem.com\/es\/wp-json\/wp\/v2\/pages\/31381\/revisions"}],"predecessor-version":[{"id":31389,"href":"https:\/\/www.cuesystem.com\/es\/wp-json\/wp\/v2\/pages\/31381\/revisions\/31389"}],"up":[{"embeddable":true,"href":"https:\/\/www.cuesystem.com\/es\/wp-json\/wp\/v2\/pages\/31297"}],"wp:attachment":[{"href":"https:\/\/www.cuesystem.com\/es\/wp-json\/wp\/v2\/media?parent=31381"}],"wp:term":[{"taxonomy":"kategorie","embeddable":true,"href":"https:\/\/www.cuesystem.com\/es\/wp-json\/wp\/v2\/kategorie?post=31381"}],"curies":[{"name":"wp","href":"https:\/\/api.w.org\/{rel}","templated":true}]}}