{"id":31401,"date":"2024-11-26T10:28:43","date_gmt":"2024-11-26T09:28:43","guid":{"rendered":"https:\/\/www.cuesystem.com\/novedades\/presentamos-dos-nuevos-y-rentables-paneles-de-5\/"},"modified":"2025-06-13T14:34:49","modified_gmt":"2025-06-13T12:34:49","slug":"presentamos-dos-nuevos-y-rentables-paneles-de-5","status":"publish","type":"page","link":"https:\/\/www.cuesystem.com\/es\/novedades\/presentamos-dos-nuevos-y-rentables-paneles-de-5\/","title":{"rendered":"Presentamos dos nuevos y rentables paneles de 5"},"content":{"rendered":"\t\t<div data-elementor-type=\"wp-page\" data-elementor-id=\"31401\" class=\"elementor elementor-31401 elementor-30657\" data-elementor-post-type=\"page\">\n\t\t\t\t<div class=\"elementor-element elementor-element-04364c5 e-con-full e-flex e-con e-child\" data-id=\"04364c5\" data-element_type=\"container\" data-e-type=\"container\">\n\t\t\t\t<div class=\"elementor-element elementor-element-67b8ba9 elementor-widget elementor-widget-heading\" data-id=\"67b8ba9\" data-element_type=\"widget\" data-e-type=\"widget\" data-widget_type=\"heading.default\">\n\t\t\t\t<div class=\"elementor-widget-container\">\n\t\t\t\t\t<h3 class=\"elementor-heading-title elementor-size-default\"><span style=\"font-size: 20.8px\">Nuevos productos<\/span><\/h3>\t\t\t\t<\/div>\n\t\t\t\t<\/div>\n\t\t\t\t<div class=\"elementor-element elementor-element-a17dcb8 elementor-widget elementor-widget-heading\" data-id=\"a17dcb8\" data-element_type=\"widget\" data-e-type=\"widget\" data-widget_type=\"heading.default\">\n\t\t\t\t<div class=\"elementor-widget-container\">\n\t\t\t\t\t<h1 class=\"elementor-heading-title elementor-size-default\">Presentamos dos nuevos y rentables paneles de 5<\/h1>\t\t\t\t<\/div>\n\t\t\t\t<\/div>\n\t\t\t\t<div class=\"elementor-element elementor-element-bbe9b2f elementor-widget-divider--view-line elementor-widget elementor-widget-divider\" data-id=\"bbe9b2f\" data-element_type=\"widget\" data-e-type=\"widget\" data-widget_type=\"divider.default\">\n\t\t\t\t<div class=\"elementor-widget-container\">\n\t\t\t\t\t\t\t<div class=\"elementor-divider\">\n\t\t\t<span class=\"elementor-divider-separator\">\n\t\t\t\t\t\t<\/span>\n\t\t<\/div>\n\t\t\t\t\t\t<\/div>\n\t\t\t\t<\/div>\n\t\t<div class=\"elementor-element elementor-element-2970e8d e-flex e-con-boxed e-con e-child\" data-id=\"2970e8d\" data-element_type=\"container\" data-e-type=\"container\">\n\t\t\t\t\t<div class=\"e-con-inner\">\n\t\t\t\t<div class=\"elementor-element elementor-element-ce57d3b elementor-widget elementor-widget-image\" data-id=\"ce57d3b\" data-element_type=\"widget\" data-e-type=\"widget\" data-widget_type=\"image.default\">\n\t\t\t\t<div class=\"elementor-widget-container\">\n\t\t\t\t\t\t\t\t\t\t\t\t\t\t\t<img fetchpriority=\"high\" decoding=\"async\" width=\"1024\" height=\"245\" src=\"https:\/\/www.cuesystem.com\/wp-content\/uploads\/2025\/06\/NewFiveInchesPanels_2-1024x245.webp\" class=\"attachment-large size-large wp-image-30691\" alt=\"\" srcset=\"https:\/\/www.cuesystem.com\/wp-content\/uploads\/2025\/06\/NewFiveInchesPanels_2-1024x245.webp 1024w, https:\/\/www.cuesystem.com\/wp-content\/uploads\/2025\/06\/NewFiveInchesPanels_2-300x72.webp 300w, https:\/\/www.cuesystem.com\/wp-content\/uploads\/2025\/06\/NewFiveInchesPanels_2.webp 1642w\" sizes=\"(max-width: 1024px) 100vw, 1024px\" \/>\t\t\t\t\t\t\t\t\t\t\t\t\t\t\t<\/div>\n\t\t\t\t<\/div>\n\t\t\t\t\t<\/div>\n\t\t\t\t<\/div>\n\t\t\t\t<div class=\"elementor-element elementor-element-a393d97 elementor-widget-divider--view-line elementor-widget elementor-widget-divider\" data-id=\"a393d97\" data-element_type=\"widget\" data-e-type=\"widget\" data-widget_type=\"divider.default\">\n\t\t\t\t<div class=\"elementor-widget-container\">\n\t\t\t\t\t\t\t<div class=\"elementor-divider\">\n\t\t\t<span class=\"elementor-divider-separator\">\n\t\t\t\t\t\t<\/span>\n\t\t<\/div>\n\t\t\t\t\t\t<\/div>\n\t\t\t\t<\/div>\n\t\t<div class=\"elementor-element elementor-element-7b8c2f0 e-flex e-con-boxed e-con e-child\" data-id=\"7b8c2f0\" data-element_type=\"container\" data-e-type=\"container\">\n\t\t\t\t\t<div class=\"e-con-inner\">\n\t\t\t\t<div class=\"elementor-element elementor-element-3f393fd elementor-widget elementor-widget-text-editor\" data-id=\"3f393fd\" data-element_type=\"widget\" data-e-type=\"widget\" data-widget_type=\"text-editor.default\">\n\t\t\t\t<div class=\"elementor-widget-container\">\n\t\t\t\t\t\t\t\t\t<p>Descubre nuestras \u00faltimas innovaciones: el <a href=\"https:\/\/docs.cuesystem.com\/space\/PRODUCTS\/664666192\"><strong>mando touchCUE-5<\/strong><\/a> y el controlador <strong><a href=\"https:\/\/docs.cuesystem.com\/space\/PRODUCTS\/1288175654\">touchONE-5<\/a><\/strong> panel de reserva. Dise\u00f1ados para ofrecer un rendimiento y una funcionalidad excepcionales, estos paneles son perfectos para lugares de trabajo modernos, aulas, centros de formaci\u00f3n y microoficinas. <\/p>\t\t\t\t\t\t\t\t<\/div>\n\t\t\t\t<\/div>\n\t\t\t\t\t<\/div>\n\t\t\t\t<\/div>\n\t\t<div class=\"elementor-element elementor-element-32f7824 e-flex e-con-boxed e-con e-child\" data-id=\"32f7824\" data-element_type=\"container\" data-e-type=\"container\">\n\t\t\t\t\t<div class=\"e-con-inner\">\n\t\t\t\t<div class=\"elementor-element elementor-element-d96af9e elementor-widget elementor-widget-heading\" data-id=\"d96af9e\" data-element_type=\"widget\" data-e-type=\"widget\" data-widget_type=\"heading.default\">\n\t\t\t\t<div class=\"elementor-widget-container\">\n\t\t\t\t\t<h2 class=\"elementor-heading-title elementor-size-default\">Caracter\u00edsticas compartidas: Una plataforma de posibilidades<\/h2>\t\t\t\t<\/div>\n\t\t\t\t<\/div>\n\t\t\t\t<div class=\"elementor-element elementor-element-14ffd6c elementor-widget elementor-widget-text-editor\" data-id=\"14ffd6c\" data-element_type=\"widget\" data-e-type=\"widget\" data-widget_type=\"text-editor.default\">\n\t\t\t\t<div class=\"elementor-widget-container\">\n\t\t\t\t\t\t\t\t\t<ul><li>Ambos paneles se basan en la probada plataforma utilizada en nuestros actuales paneles t\u00e1ctiles y presentan una n\u00edtida <strong>pantalla de 5&#8243;<\/strong> con una resoluci\u00f3n de <strong>1280 x 720 p\u00edxeles<\/strong>.<\/li><li>Su dise\u00f1o elegante y delgado se aloja en una carcasa de pl\u00e1stico resistente, ofreciendo una est\u00e9tica moderna y practicidad.<\/li><li>Con opciones de instalaci\u00f3n vers\u00e1tiles, se pueden montar en una mesa, pared o cualquier superficie plana, en <strong>modo<\/strong> <strong>horizontal<\/strong> o <strong>vertical<\/strong>. Un adaptador de montaje garantiza una compatibilidad perfecta con las cajas murales el\u00e9ctricas est\u00e1ndar, lo que facilita la instalaci\u00f3n. <\/li><li>Con alimentaci\u00f3n a trav\u00e9s de Ethernet (PoE), estos paneles s\u00f3lo necesitan un cable Ethernet para suministrar energ\u00eda y datos, lo que agiliza la instalaci\u00f3n y simplifica la integraci\u00f3n en la red.<\/li><li>Adem\u00e1s, ambos modelos son totalmente compatibles con el <strong><a href=\"https:\/\/docs.cuesystem.com\/space\/PRODUCTS\/1015939092\">Soporte de Mesa 5<\/a><\/strong>que coloca los paneles en un \u00e1ngulo ergon\u00f3mico de 15\u00b0 para mejorar la facilidad de uso y la comodidad durante el funcionamiento. Tanto si se instalan sobre una mesa como si se montan en una pared, estos paneles est\u00e1n dise\u00f1ados para mejorar la funcionalidad y la experiencia del usuario en cualquier entorno. <\/li><\/ul>\t\t\t\t\t\t\t\t<\/div>\n\t\t\t\t<\/div>\n\t\t\t\t\t<\/div>\n\t\t\t\t<\/div>\n\t\t<div class=\"elementor-element elementor-element-4e35e8a e-grid e-con-boxed e-con e-child\" data-id=\"4e35e8a\" data-element_type=\"container\" data-e-type=\"container\">\n\t\t\t\t\t<div class=\"e-con-inner\">\n\t\t<div class=\"elementor-element elementor-element-f39e8a0 e-con-full e-flex e-con e-child\" data-id=\"f39e8a0\" data-element_type=\"container\" data-e-type=\"container\">\n\t\t\t\t<div class=\"elementor-element elementor-element-a4de883 elementor-widget elementor-widget-heading\" data-id=\"a4de883\" data-element_type=\"widget\" data-e-type=\"widget\" data-widget_type=\"heading.default\">\n\t\t\t\t<div class=\"elementor-widget-container\">\n\t\t\t\t\t<h2 class=\"elementor-heading-title elementor-size-default\"><a href=\"https:\/\/docs.cuesystem.com\/space\/PRODUCTS\/664666192\">pomo touchCUE-5<\/a><\/h2>\t\t\t\t<\/div>\n\t\t\t\t<\/div>\n\t\t\t\t<div class=\"elementor-element elementor-element-884bcbb elementor-widget elementor-widget-text-editor\" data-id=\"884bcbb\" data-element_type=\"widget\" data-e-type=\"widget\" data-widget_type=\"text-editor.default\">\n\t\t\t\t<div class=\"elementor-widget-container\">\n\t\t\t\t\t\t\t\t\t<ul><li>El <strong><a href=\"https:\/\/docs.cuesystem.com\/space\/PRODUCTS\/664666192\">mando t\u00e1ctilCUE-5<\/a><\/strong> es un <strong>panel t\u00e1ctil de control con todas las funciones<\/strong> que tambi\u00e9n sirve como controlador, lo que elimina la necesidad de un controlador independiente si todos los dispositivos conectados est\u00e1n habilitados para IP. Esto lo convierte en una soluci\u00f3n ideal y <strong>rentable<\/strong> para <strong>aulas<\/strong>, <strong>centros de<\/strong> <strong>formaci\u00f3n<\/strong>, <strong>salas de reuniones<\/strong> y otros espacios profesionales. <\/li><li>Con CUE Visual Composer, el panel es <strong>totalmente programable<\/strong>, lo que te permite crear impresionantes dise\u00f1os de pantalla personalizados utilizando bibliotecas gr\u00e1ficas.<\/li><li>Para mayor comodidad, los <strong>botones programables<\/strong> iluminados pueden manejar funciones clave como el encendido\/apagado del sistema u otros comandos preestablecidos, perfectos para realizar acciones r\u00e1pidas sin necesidad de la pantalla t\u00e1ctil.<\/li><li>El <strong>mando giratorio con interruptor pulsador<\/strong> mejora a\u00fan m\u00e1s la funcionalidad, ofreciendo un ajuste r\u00e1pido e intuitivo del volumen, control de silencio y otros cambios de valores anal\u00f3gicos.<\/li><li>Otras caracter\u00edsticas destacadas son:<ul><li><strong>Visualizaci\u00f3n de v\u00eddeo en directo<\/strong> desde c\u00e1maras IP u otras fuentes de v\u00eddeo conectadas por Ethernet.<\/li><li><strong>La navegaci\u00f3n web<\/strong> permite el control directo de los dispositivos con una interfaz de usuario web.<\/li><\/ul><\/li><\/ul><p>Para m\u00e1s detalles, consulta <strong><a href=\"https:\/\/docs.cuesystem.com\/space\/PRODUCTS\/664666192\">ficha t\u00e9cnica del producto<\/a><\/strong>.<\/p>\t\t\t\t\t\t\t\t<\/div>\n\t\t\t\t<\/div>\n\t\t\t\t<\/div>\n\t\t<div class=\"elementor-element elementor-element-d644c3f e-con-full e-flex e-con e-child\" data-id=\"d644c3f\" data-element_type=\"container\" data-e-type=\"container\">\n\t\t\t\t<div class=\"elementor-element elementor-element-e71c157 elementor-widget elementor-widget-image\" data-id=\"e71c157\" data-element_type=\"widget\" data-e-type=\"widget\" data-widget_type=\"image.default\">\n\t\t\t\t<div class=\"elementor-widget-container\">\n\t\t\t\t\t\t\t\t\t\t\t\t\t\t\t<img decoding=\"async\" width=\"300\" height=\"177\" src=\"https:\/\/www.cuesystem.com\/wp-content\/uploads\/2025\/06\/touchCUE-5-knob_stand_A-300x177.webp\" class=\"attachment-medium size-medium wp-image-30696\" alt=\"\" srcset=\"https:\/\/www.cuesystem.com\/wp-content\/uploads\/2025\/06\/touchCUE-5-knob_stand_A-300x177.webp 300w, https:\/\/www.cuesystem.com\/wp-content\/uploads\/2025\/06\/touchCUE-5-knob_stand_A-1024x603.webp 1024w\" sizes=\"(max-width: 300px) 100vw, 300px\" \/>\t\t\t\t\t\t\t\t\t\t\t\t\t\t\t<\/div>\n\t\t\t\t<\/div>\n\t\t\t\t<div class=\"elementor-element elementor-element-733315a elementor-widget elementor-widget-image\" data-id=\"733315a\" data-element_type=\"widget\" data-e-type=\"widget\" data-widget_type=\"image.default\">\n\t\t\t\t<div class=\"elementor-widget-container\">\n\t\t\t\t\t\t\t\t\t\t\t\t\t\t\t<img decoding=\"async\" width=\"157\" height=\"300\" src=\"https:\/\/www.cuesystem.com\/wp-content\/uploads\/2025\/06\/touchCUE-5-knob_wall-portrait_A-157x300.webp\" class=\"attachment-medium size-medium wp-image-30701\" alt=\"\" srcset=\"https:\/\/www.cuesystem.com\/wp-content\/uploads\/2025\/06\/touchCUE-5-knob_wall-portrait_A-157x300.webp 157w, https:\/\/www.cuesystem.com\/wp-content\/uploads\/2025\/06\/touchCUE-5-knob_wall-portrait_A-537x1024.webp 537w, https:\/\/www.cuesystem.com\/wp-content\/uploads\/2025\/06\/touchCUE-5-knob_wall-portrait_A.webp 1752w\" sizes=\"(max-width: 157px) 100vw, 157px\" \/>\t\t\t\t\t\t\t\t\t\t\t\t\t\t\t<\/div>\n\t\t\t\t<\/div>\n\t\t\t\t<\/div>\n\t\t\t\t\t<\/div>\n\t\t\t\t<\/div>\n\t\t<div class=\"elementor-element elementor-element-26fb6c2 e-grid e-con-boxed e-con e-child\" data-id=\"26fb6c2\" data-element_type=\"container\" data-e-type=\"container\">\n\t\t\t\t\t<div class=\"e-con-inner\">\n\t\t<div class=\"elementor-element elementor-element-21a6cdc e-con-full e-flex e-con e-child\" data-id=\"21a6cdc\" data-element_type=\"container\" data-e-type=\"container\">\n\t\t\t\t<div class=\"elementor-element elementor-element-fd3d9ff elementor-widget elementor-widget-image\" data-id=\"fd3d9ff\" data-element_type=\"widget\" data-e-type=\"widget\" data-widget_type=\"image.default\">\n\t\t\t\t<div class=\"elementor-widget-container\">\n\t\t\t\t\t\t\t\t\t\t\t\t\t\t\t<img loading=\"lazy\" decoding=\"async\" width=\"300\" height=\"153\" src=\"https:\/\/www.cuesystem.com\/wp-content\/uploads\/2025\/06\/touchONE-5_stand_occupied_A-300x153.webp\" class=\"attachment-medium size-medium wp-image-30706\" alt=\"\" srcset=\"https:\/\/www.cuesystem.com\/wp-content\/uploads\/2025\/06\/touchONE-5_stand_occupied_A-300x153.webp 300w, https:\/\/www.cuesystem.com\/wp-content\/uploads\/2025\/06\/touchONE-5_stand_occupied_A-1024x523.webp 1024w\" sizes=\"(max-width: 300px) 100vw, 300px\" \/>\t\t\t\t\t\t\t\t\t\t\t\t\t\t\t<\/div>\n\t\t\t\t<\/div>\n\t\t\t\t<div class=\"elementor-element elementor-element-a5ce0bb elementor-widget elementor-widget-image\" data-id=\"a5ce0bb\" data-element_type=\"widget\" data-e-type=\"widget\" data-widget_type=\"image.default\">\n\t\t\t\t<div class=\"elementor-widget-container\">\n\t\t\t\t\t\t\t\t\t\t\t\t\t\t\t<img loading=\"lazy\" decoding=\"async\" width=\"157\" height=\"300\" src=\"https:\/\/www.cuesystem.com\/wp-content\/uploads\/2025\/06\/touchONE-5_wall-portrait_occupied_A-157x300.webp\" class=\"attachment-medium size-medium wp-image-30711\" alt=\"\" srcset=\"https:\/\/www.cuesystem.com\/wp-content\/uploads\/2025\/06\/touchONE-5_wall-portrait_occupied_A-157x300.webp 157w, https:\/\/www.cuesystem.com\/wp-content\/uploads\/2025\/06\/touchONE-5_wall-portrait_occupied_A-537x1024.webp 537w, https:\/\/www.cuesystem.com\/wp-content\/uploads\/2025\/06\/touchONE-5_wall-portrait_occupied_A.webp 1537w\" sizes=\"(max-width: 157px) 100vw, 157px\" \/>\t\t\t\t\t\t\t\t\t\t\t\t\t\t\t<\/div>\n\t\t\t\t<\/div>\n\t\t\t\t<\/div>\n\t\t<div class=\"elementor-element elementor-element-3ffaf7c e-con-full e-flex e-con e-child\" data-id=\"3ffaf7c\" data-element_type=\"container\" data-e-type=\"container\">\n\t\t\t\t<div class=\"elementor-element elementor-element-c05eb60 elementor-widget elementor-widget-heading\" data-id=\"c05eb60\" data-element_type=\"widget\" data-e-type=\"widget\" data-widget_type=\"heading.default\">\n\t\t\t\t<div class=\"elementor-widget-container\">\n\t\t\t\t\t<h2 class=\"elementor-heading-title elementor-size-default\"><a href=\"https:\/\/docs.cuesystem.com\/space\/PRODUCTS\/1288175654\">touchONE-5<\/a><\/h2>\t\t\t\t<\/div>\n\t\t\t\t<\/div>\n\t\t\t\t<div class=\"elementor-element elementor-element-dd8c544 elementor-widget elementor-widget-text-editor\" data-id=\"dd8c544\" data-element_type=\"widget\" data-e-type=\"widget\" data-widget_type=\"text-editor.default\">\n\t\t\t\t<div class=\"elementor-widget-container\">\n\t\t\t\t\t\t\t\t\t<ul><li>El <strong><a href=\"https:\/\/docs.cuesystem.com\/space\/PRODUCTS\/1288175654\">touchONE-5<\/a><\/strong> es un <strong>panel de reservas<\/strong> adecuado para cualquier <strong>lugar de trabajo<\/strong>, <strong>microoficina<\/strong>, <strong>sala de reuniones<\/strong> u otro tipo de recurso.<\/li><li>El panel de reservas se entrega con una <strong>aplicaci\u00f3n de reservas dedicada<\/strong> y funciona como <strong>cliente directo para sistemas de calendario<\/strong>, por ejemplo Microsoft 365, Google Workspace o CUE Calendar, sin necesidad de hardware o software adicional.<\/li><li>Su<strong> intuitiva interfaz<\/strong> muestra el estado actual de la sala y un calendario de pr\u00f3ximos eventos, al tiempo que permite a los usuarios reservar un espacio, ampliar reservas o cancelar eventos directamente desde el panel. Dispone de muchas otras funciones. <\/li><li>Dise\u00f1ado para ser vers\u00e1til, el <strong><a href=\"https:\/\/docs.cuesystem.com\/space\/PRODUCTS\/1288175654\">touchONE-5<\/a><\/strong> tambi\u00e9n presenta <strong>una sencilla funcionalidad de se\u00f1alizaci\u00f3n<\/strong> digital con su modo info. Esto permite mostrar secuencias de im\u00e1genes, personalizables mediante la aplicaci\u00f3n CUE Admin, ofreciendo una forma elegante de compartir informaci\u00f3n o mensajes de marca. <\/li><\/ul><p>Para m\u00e1s detalles, consulta <strong><a href=\"https:\/\/docs.cuesystem.com\/space\/PRODUCTS\/1288175654\">ficha t\u00e9cnica del producto<\/a><\/strong>.<\/p>\t\t\t\t\t\t\t\t<\/div>\n\t\t\t\t<\/div>\n\t\t\t\t<\/div>\n\t\t\t\t\t<\/div>\n\t\t\t\t<\/div>\n\t\t<div class=\"elementor-element elementor-element-c365ab7 e-flex e-con-boxed e-con e-child\" data-id=\"c365ab7\" data-element_type=\"container\" data-e-type=\"container\" data-settings=\"{&quot;background_background&quot;:&quot;classic&quot;}\">\n\t\t\t\t\t<div class=\"e-con-inner\">\n\t\t<div class=\"elementor-element elementor-element-fe97168 e-con-full e-flex e-con e-child\" data-id=\"fe97168\" data-element_type=\"container\" data-e-type=\"container\">\n\t\t\t\t<div class=\"elementor-element elementor-element-399b2d4 elementor-widget elementor-widget-heading\" data-id=\"399b2d4\" data-element_type=\"widget\" data-e-type=\"widget\" data-widget_type=\"heading.default\">\n\t\t\t\t<div class=\"elementor-widget-container\">\n\t\t\t\t\t<h2 class=\"elementor-heading-title elementor-size-default\">Gesti\u00f3n central<\/h2>\t\t\t\t<\/div>\n\t\t\t\t<\/div>\n\t\t\t\t<div class=\"elementor-element elementor-element-68f9055 elementor-widget elementor-widget-text-editor\" data-id=\"68f9055\" data-element_type=\"widget\" data-e-type=\"widget\" data-widget_type=\"text-editor.default\">\n\t\t\t\t<div class=\"elementor-widget-container\">\n\t\t\t\t\t\t\t\t\t<p>Ambos paneles pueden <strong>gestionarse de forma centralizada y remota<\/strong> mediante el software basado en la nube <a href=\"https:\/\/www.cuesystem.com\/es\/solucion-cue\/\"><strong>Soluci\u00f3n CUE<\/strong><\/a>versi\u00f3n 11.11.3 o superior.<\/p><p>Para m\u00e1s detalles sobre la telegesti\u00f3n centralizada, consulta<\/p><ul><li><a href=\"https:\/\/docs.cuesystem.com\/space\/CVCBP\/1372553259\"><strong>Gesti\u00f3n centralizada del sistema de control mediante la Soluci\u00f3n CUE<\/strong><\/a><\/li><li><strong><a href=\"https:\/\/docs.cuesystem.com\/space\/TAM\/162004993\">Administraci\u00f3n de unidades<\/a><\/strong><\/li><\/ul>\t\t\t\t\t\t\t\t<\/div>\n\t\t\t\t<\/div>\n\t\t\t\t<\/div>\n\t\t\t\t\t<\/div>\n\t\t\t\t<\/div>\n\t\t\t\t<\/div>\n\t\t\t\t<\/div>\n\t\t","protected":false},"excerpt":{"rendered":"<p>Nuevos productos Presentamos dos nuevos y rentables paneles de 5 Descubre nuestras \u00faltimas innovaciones: el mando touchCUE-5 y el controlador touchONE-5 panel de reserva. Dise\u00f1ados para ofrecer un rendimiento y una funcionalidad excepcionales, estos paneles son perfectos para lugares de trabajo modernos, aulas, centros de formaci\u00f3n y microoficinas. Caracter\u00edsticas compartidas: Una plataforma de posibilidades Ambos <a href=\"https:\/\/www.cuesystem.com\/es\/novedades\/presentamos-dos-nuevos-y-rentables-paneles-de-5\/\" class=\"more-link\">&#8230;<span class=\"screen-reader-text\">  Presentamos dos nuevos y rentables paneles de 5<\/span><\/a><\/p>\n","protected":false},"author":11,"featured_media":0,"parent":31297,"menu_order":190,"comment_status":"closed","ping_status":"closed","template":"","meta":{"_acf_changed":false,"inline_featured_image":false,"footnotes":""},"kategorie":[],"class_list":["post-31401","page","type-page","status-publish","hentry"],"acf":[],"_links":{"self":[{"href":"https:\/\/www.cuesystem.com\/es\/wp-json\/wp\/v2\/pages\/31401","targetHints":{"allow":["GET"]}}],"collection":[{"href":"https:\/\/www.cuesystem.com\/es\/wp-json\/wp\/v2\/pages"}],"about":[{"href":"https:\/\/www.cuesystem.com\/es\/wp-json\/wp\/v2\/types\/page"}],"author":[{"embeddable":true,"href":"https:\/\/www.cuesystem.com\/es\/wp-json\/wp\/v2\/users\/11"}],"replies":[{"embeddable":true,"href":"https:\/\/www.cuesystem.com\/es\/wp-json\/wp\/v2\/comments?post=31401"}],"version-history":[{"count":1,"href":"https:\/\/www.cuesystem.com\/es\/wp-json\/wp\/v2\/pages\/31401\/revisions"}],"predecessor-version":[{"id":31404,"href":"https:\/\/www.cuesystem.com\/es\/wp-json\/wp\/v2\/pages\/31401\/revisions\/31404"}],"up":[{"embeddable":true,"href":"https:\/\/www.cuesystem.com\/es\/wp-json\/wp\/v2\/pages\/31297"}],"wp:attachment":[{"href":"https:\/\/www.cuesystem.com\/es\/wp-json\/wp\/v2\/media?parent=31401"}],"wp:term":[{"taxonomy":"kategorie","embeddable":true,"href":"https:\/\/www.cuesystem.com\/es\/wp-json\/wp\/v2\/kategorie?post=31401"}],"curies":[{"name":"wp","href":"https:\/\/api.w.org\/{rel}","templated":true}]}}