{"id":31505,"date":"2025-05-05T16:17:41","date_gmt":"2025-05-05T14:17:41","guid":{"rendered":"https:\/\/www.cuesystem.com\/casos-practicos\/monitorizacion-de-ecg-en-tiempo-real\/"},"modified":"2025-06-19T10:16:04","modified_gmt":"2025-06-19T08:16:04","slug":"monitorizacion-de-ecg-en-tiempo-real","status":"publish","type":"page","link":"https:\/\/www.cuesystem.com\/es\/casos-practicos\/monitorizacion-de-ecg-en-tiempo-real\/","title":{"rendered":"Monitorizaci\u00f3n de ECG en tiempo real"},"content":{"rendered":"\t\t<div data-elementor-type=\"wp-page\" data-elementor-id=\"31505\" class=\"elementor elementor-31505 elementor-30278\" data-elementor-post-type=\"page\">\n\t\t\t\t<div class=\"elementor-element elementor-element-6681c81 e-con-full e-flex e-con e-child\" data-id=\"6681c81\" data-element_type=\"container\" data-e-type=\"container\">\n\t\t\t\t<div class=\"elementor-element elementor-element-f126c0b elementor-widget elementor-widget-heading\" data-id=\"f126c0b\" data-element_type=\"widget\" data-e-type=\"widget\" data-widget_type=\"heading.default\">\n\t\t\t\t<div class=\"elementor-widget-container\">\n\t\t\t\t\t<h3 class=\"elementor-heading-title elementor-size-default\">Estudio de caso<\/h3>\t\t\t\t<\/div>\n\t\t\t\t<\/div>\n\t\t\t\t<div class=\"elementor-element elementor-element-a1a78a6 elementor-widget elementor-widget-heading\" data-id=\"a1a78a6\" data-element_type=\"widget\" data-e-type=\"widget\" data-widget_type=\"heading.default\">\n\t\t\t\t<div class=\"elementor-widget-container\">\n\t\t\t\t\t<h1 class=\"elementor-heading-title elementor-size-default\">Monitorizaci\u00f3n de ECG en tiempo real\n\n<\/h1>\t\t\t\t<\/div>\n\t\t\t\t<\/div>\n\t\t\t\t<div class=\"elementor-element elementor-element-29f81ef elementor-widget-divider--view-line elementor-widget elementor-widget-divider\" data-id=\"29f81ef\" data-element_type=\"widget\" data-e-type=\"widget\" data-widget_type=\"divider.default\">\n\t\t\t\t<div class=\"elementor-widget-container\">\n\t\t\t\t\t\t\t<div class=\"elementor-divider\">\n\t\t\t<span class=\"elementor-divider-separator\">\n\t\t\t\t\t\t<\/span>\n\t\t<\/div>\n\t\t\t\t\t\t<\/div>\n\t\t\t\t<\/div>\n\t\t<div class=\"elementor-element elementor-element-de968a7 e-grid e-con-boxed e-con e-child\" data-id=\"de968a7\" data-element_type=\"container\" data-e-type=\"container\">\n\t\t\t\t\t<div class=\"e-con-inner\">\n\t\t<div class=\"elementor-element elementor-element-712377c e-con-full e-flex e-con e-child\" data-id=\"712377c\" data-element_type=\"container\" data-e-type=\"container\">\n\t\t\t\t<div class=\"elementor-element elementor-element-fe0fa8a elementor-widget elementor-widget-heading\" data-id=\"fe0fa8a\" data-element_type=\"widget\" data-e-type=\"widget\" data-widget_type=\"heading.default\">\n\t\t\t\t<div class=\"elementor-widget-container\">\n\t\t\t\t\t<h2 class=\"elementor-heading-title elementor-size-default\">Convertir una visi\u00f3n en realidad<\/h2>\t\t\t\t<\/div>\n\t\t\t\t<\/div>\n\t\t\t\t<div class=\"elementor-element elementor-element-1a78192 elementor-widget elementor-widget-text-editor\" data-id=\"1a78192\" data-element_type=\"widget\" data-e-type=\"widget\" data-widget_type=\"text-editor.default\">\n\t\t\t\t<div class=\"elementor-widget-container\">\n\t\t\t\t\t\t\t\t\t<p>Un checo&nbsp;La <strong>estudiante de bachillerato <\/strong>Ad\u00e9la Jare\u0161ov\u00e1, apasionada tanto de <strong>la tecnolog\u00eda<\/strong> como de <strong>la medicina<\/strong>, se propuso crear un <strong>sistema de monitorizaci\u00f3n del ECG en tiempo<\/strong> real como parte de su <strong>tesis final<\/strong>. El objetivo era dise\u00f1ar una <strong>soluci\u00f3n<\/strong> <strong>funcional<\/strong>, <strong>intuitiva<\/strong> y <strong>accesible<\/strong> que: <\/p>\n<ul>\n<li>Captura <strong>la actividad cardiaca en tiempo real<\/strong> mediante un <strong>m\u00f3dulo de ECG<\/strong> con <strong>electrodos<\/strong>.<\/li>\n<li><strong>Procesa<\/strong> y <strong>visualiza<\/strong> <strong>eficazmente<\/strong> la <strong>se\u00f1al de<\/strong> ECG.<\/li>\n<li><strong>Aprovecha<\/strong> un <strong>sistema de control avanzado<\/strong> para <strong>mostrar los datos<\/strong> de <strong>forma intuitiva<\/strong>.<\/li>\n<\/ul>\n<p>Para conseguirlo, el proyecto requer\u00eda una combinaci\u00f3n de <strong>soluciones de<\/strong> <strong>hardware<\/strong> y <strong>software<\/strong>, centradas en <strong>una integraci\u00f3n perfecta<\/strong> entre <strong>los sensores basados en Arduino<\/strong> y un <strong>sistema de visualizaci\u00f3n profesional<\/strong>.<\/p>\t\t\t\t\t\t\t\t<\/div>\n\t\t\t\t<\/div>\n\t\t\t\t<\/div>\n\t\t<div class=\"elementor-element elementor-element-0e3bca2 e-con-full e-flex e-con e-child\" data-id=\"0e3bca2\" data-element_type=\"container\" data-e-type=\"container\">\n\t\t\t\t<div class=\"elementor-element elementor-element-39ae5da elementor-widget elementor-widget-image\" data-id=\"39ae5da\" data-element_type=\"widget\" data-e-type=\"widget\" data-widget_type=\"image.default\">\n\t\t\t\t<div class=\"elementor-widget-container\">\n\t\t\t\t\t\t\t\t\t\t\t\t\t\t\t\t<a href=\"https:\/\/www.cuesystem.com\/wp-content\/uploads\/2025\/05\/joshua-chehov-beXUIzvxW-Q-unsplash.webp\" data-elementor-open-lightbox=\"yes\" data-e-action-hash=\"#elementor-action%3Aaction%3Dlightbox%26settings%3DeyJpZCI6MzAyOTUsInVybCI6Imh0dHBzOlwvXC93d3cuY3Vlc3lzdGVtLmNvbVwvd3AtY29udGVudFwvdXBsb2Fkc1wvMjAyNVwvMDVcL2pvc2h1YS1jaGVob3YtYmVYVUl6dnhXLVEtdW5zcGxhc2gud2VicCJ9\">\n\t\t\t\t\t\t\t<img fetchpriority=\"high\" decoding=\"async\" width=\"1024\" height=\"683\" src=\"https:\/\/www.cuesystem.com\/wp-content\/uploads\/2025\/05\/joshua-chehov-beXUIzvxW-Q-unsplash-1024x683.webp\" class=\"attachment-large size-large wp-image-30295\" alt=\"\" srcset=\"https:\/\/www.cuesystem.com\/wp-content\/uploads\/2025\/05\/joshua-chehov-beXUIzvxW-Q-unsplash-1024x683.webp 1024w, https:\/\/www.cuesystem.com\/wp-content\/uploads\/2025\/05\/joshua-chehov-beXUIzvxW-Q-unsplash-300x200.webp 300w\" sizes=\"(max-width: 1024px) 100vw, 1024px\" \/>\t\t\t\t\t\t\t\t<\/a>\n\t\t\t\t\t\t\t\t\t\t\t\t\t\t\t<\/div>\n\t\t\t\t<\/div>\n\t\t\t\t<\/div>\n\t\t\t\t\t<\/div>\n\t\t\t\t<\/div>\n\t\t<div class=\"elementor-element elementor-element-ad3e001 e-flex e-con-boxed e-con e-child\" data-id=\"ad3e001\" data-element_type=\"container\" data-e-type=\"container\">\n\t\t\t\t\t<div class=\"e-con-inner\">\n\t\t<div class=\"elementor-element elementor-element-2a2781b e-con-full e-flex e-con e-child\" data-id=\"2a2781b\" data-element_type=\"container\" data-e-type=\"container\">\n\t\t\t\t<div class=\"elementor-element elementor-element-a926bdb elementor-widget elementor-widget-heading\" data-id=\"a926bdb\" data-element_type=\"widget\" data-e-type=\"widget\" data-widget_type=\"heading.default\">\n\t\t\t\t<div class=\"elementor-widget-container\">\n\t\t\t\t\t<h2 class=\"elementor-heading-title elementor-size-default\">Integraci\u00f3n perfecta de hardware y software<\/h2>\t\t\t\t<\/div>\n\t\t\t\t<\/div>\n\t\t\t\t<div class=\"elementor-element elementor-element-4c4cb19 elementor-widget elementor-widget-text-editor\" data-id=\"4c4cb19\" data-element_type=\"widget\" data-e-type=\"widget\" data-widget_type=\"text-editor.default\">\n\t\t\t\t<div class=\"elementor-widget-container\">\n\t\t\t\t\t\t\t\t\t<p>Para cumplir los requisitos del proyecto, se desarroll\u00f3 un sistema funcional de monitorizaci\u00f3n de ECG utilizando el <a href=\"https:\/\/www.cuesystem.com\/es\/controlar\/\"><strong>plataforma de control<\/strong><\/a> y visualizaci\u00f3n CUE. El sistema inclu\u00eda <\/p><ul><li><a href=\"https:\/\/docs.cuesystem.com\/space\/PRODUCTS\/484900953\"><strong>Panel t\u00e1ctil CUE (12,1&#8243;)<\/strong><\/a> &#8211; Un panel <strong>t\u00e1ctil de alta resoluci\u00f3n<\/strong> para <strong>una visualizaci\u00f3n clara<\/strong> de los datos de ECG.<\/li><li><strong>Arduino UNO R3 con un m\u00f3dulo ECG<\/strong> &#8211; Responsable de capturar y<strong> transmitir<\/strong> <strong>las se\u00f1ales de<\/strong> la actividad cardiaca.<\/li><li><strong>Conmutador y divisor PoE<\/strong> &#8211; Garantizan una<strong> distribuci\u00f3n<\/strong> eficaz<strong> de la energ\u00eda<\/strong> y la transmisi\u00f3n de datos <strong>a trav\u00e9s de Ethernet<\/strong>.<\/li><li><strong>Escudo Ethernet<\/strong> &#8211; Permite <strong>una comunicaci\u00f3n fluida<\/strong> entre el <strong>Arduino<\/strong> y el <strong>sistema CUE<\/strong>.<\/li><\/ul><p>El sistema funciona <strong>captando<\/strong> <strong>la actividad<\/strong> el\u00e9ctrica <strong>del coraz\u00f3n<\/strong> mediante <strong>electrodos<\/strong>, <strong>convirtiendo<\/strong> las <strong>se\u00f1ales<\/strong> en datos digitales mediante Arduino y transmiti\u00e9ndolos al <strong>sistema CUE<\/strong>. El <strong><a href=\"https:\/\/docs.cuesystem.com\/space\/PRODUCTS\/491061541\/CUE+Visual+Composer\">Compositor Visual CUE<\/a><\/strong> procesa los <strong>datos recibidos<\/strong> y genera una <strong>forma de onda de ECG en tiempo real<\/strong> en el <a href=\"https:\/\/docs.cuesystem.com\/space\/PRODUCTS\/484900953\"><strong>panel t\u00e1ctil<\/strong><\/a>.  La interfaz incluye <strong>controles interactivos<\/strong>, como <strong>botones de inicio y parada<\/strong>, para <strong>mejorar la usabilidad<\/strong> con <strong>fines educativos<\/strong>.<\/p>\t\t\t\t\t\t\t\t<\/div>\n\t\t\t\t<\/div>\n\t\t\t\t<\/div>\n\t\t\t\t\t<\/div>\n\t\t\t\t<\/div>\n\t\t<div class=\"elementor-element elementor-element-6e27b1b e-grid e-con-boxed e-con e-child\" data-id=\"6e27b1b\" data-element_type=\"container\" data-e-type=\"container\">\n\t\t\t\t\t<div class=\"e-con-inner\">\n\t\t<div class=\"elementor-element elementor-element-e629aa8 e-con-full e-flex e-con e-child\" data-id=\"e629aa8\" data-element_type=\"container\" data-e-type=\"container\">\n\t\t\t\t<div class=\"elementor-element elementor-element-22cb1f5 elementor-widget elementor-widget-heading\" data-id=\"22cb1f5\" data-element_type=\"widget\" data-e-type=\"widget\" data-widget_type=\"heading.default\">\n\t\t\t\t<div class=\"elementor-widget-container\">\n\t\t\t\t\t<h2 class=\"elementor-heading-title elementor-size-default\">Innovaci\u00f3n con impacto en el mundo real<\/h2>\t\t\t\t<\/div>\n\t\t\t\t<\/div>\n\t\t\t\t<div class=\"elementor-element elementor-element-03458b8 elementor-widget elementor-widget-text-editor\" data-id=\"03458b8\" data-element_type=\"widget\" data-e-type=\"widget\" data-widget_type=\"text-editor.default\">\n\t\t\t\t<div class=\"elementor-widget-container\">\n\t\t\t\t\t\t\t\t\t<p>El proyecto <strong>demostr\u00f3 con \u00e9xito<\/strong> el potencial de integraci\u00f3n de <strong>la tecnolog\u00eda CUE<\/strong> con <strong>aplicaciones biom\u00e9dicas<\/strong>. Entre los principales logros se incluyen: <\/p><ul><li><strong>Visualizaci\u00f3n en tiempo real<\/strong> &#8211; El <strong><a href=\"https:\/\/docs.cuesystem.com\/space\/PRODUCTS\/484900953\">panel t\u00e1ctil CUE<\/a><\/strong> proporciona una visualizaci\u00f3n clara y <strong>precisa<\/strong> de la <strong>actividad cardiaca<\/strong>, lo que <strong>facilita la interpretaci\u00f3n de los datos<\/strong>.<\/li><li><strong>Comunicaci\u00f3n eficiente<\/strong> &#8211; El uso de <strong>la tecnolog\u00eda PoE<\/strong> permiti\u00f3 <strong>agilizar la conectividad<\/strong> y minimizar la necesidad de m\u00faltiples fuentes de alimentaci\u00f3n.<\/li><li><strong>Impacto educativo<\/strong> &#8211; El proyecto sirvi\u00f3 como <strong>valiosa herramienta de aprendizaje<\/strong>, mostrando c\u00f3mo pueden aplicarse los sistemas de control avanzados en la <strong>monitorizaci\u00f3n de la asistencia sanitaria<\/strong>.<\/li><\/ul><p>Este <strong>enfoque innovador<\/strong> de la <strong>monitorizaci\u00f3n del ECG<\/strong> pone de relieve la <strong>versatilidad de las soluciones de CUE<\/strong> m\u00e1s all\u00e1 del control AV tradicional, allanando el camino para <strong>posibles<\/strong> aplicaciones en <strong>ingenier\u00eda<\/strong> e <strong>investigaci\u00f3n<\/strong> <strong>biom\u00e9dicas<\/strong>.<\/p>\t\t\t\t\t\t\t\t<\/div>\n\t\t\t\t<\/div>\n\t\t\t\t<\/div>\n\t\t<div class=\"elementor-element elementor-element-20fef64 e-con-full e-flex e-con e-child\" data-id=\"20fef64\" data-element_type=\"container\" data-e-type=\"container\">\n\t\t\t\t<div class=\"elementor-element elementor-element-1ce1b07 elementor-widget elementor-widget-image\" data-id=\"1ce1b07\" data-element_type=\"widget\" data-e-type=\"widget\" data-widget_type=\"image.default\">\n\t\t\t\t<div class=\"elementor-widget-container\">\n\t\t\t\t\t\t\t\t\t\t\t\t\t\t\t\t<a href=\"https:\/\/www.cuesystem.com\/wp-content\/uploads\/2025\/05\/image-20250329-114157.webp\" data-elementor-open-lightbox=\"yes\" data-e-action-hash=\"#elementor-action%3Aaction%3Dlightbox%26settings%3DeyJpZCI6MzAyOTAsInVybCI6Imh0dHBzOlwvXC93d3cuY3Vlc3lzdGVtLmNvbVwvd3AtY29udGVudFwvdXBsb2Fkc1wvMjAyNVwvMDVcL2ltYWdlLTIwMjUwMzI5LTExNDE1Ny53ZWJwIn0%3D\">\n\t\t\t\t\t\t\t<img decoding=\"async\" width=\"1024\" height=\"812\" src=\"https:\/\/www.cuesystem.com\/wp-content\/uploads\/2025\/05\/image-20250329-114157-1024x812.webp\" class=\"attachment-large size-large wp-image-30290\" alt=\"\" srcset=\"https:\/\/www.cuesystem.com\/wp-content\/uploads\/2025\/05\/image-20250329-114157-1024x812.webp 1024w, https:\/\/www.cuesystem.com\/wp-content\/uploads\/2025\/05\/image-20250329-114157-300x238.webp 300w, https:\/\/www.cuesystem.com\/wp-content\/uploads\/2025\/05\/image-20250329-114157.webp 1044w\" sizes=\"(max-width: 1024px) 100vw, 1024px\" \/>\t\t\t\t\t\t\t\t<\/a>\n\t\t\t\t\t\t\t\t\t\t\t\t\t\t\t<\/div>\n\t\t\t\t<\/div>\n\t\t\t\t<\/div>\n\t\t\t\t\t<\/div>\n\t\t\t\t<\/div>\n\t\t\t\t<\/div>\n\t\t\t\t<\/div>\n\t\t","protected":false},"excerpt":{"rendered":"<p>Estudio de caso Monitorizaci\u00f3n de ECG en tiempo real Convertir una visi\u00f3n en realidad Un checo&nbsp;La estudiante de bachillerato Ad\u00e9la Jare\u0161ov\u00e1, apasionada tanto de la tecnolog\u00eda como de la medicina, se propuso crear un sistema de monitorizaci\u00f3n del ECG en tiempo real como parte de su tesis final. El objetivo era dise\u00f1ar una soluci\u00f3n funcional, <a href=\"https:\/\/www.cuesystem.com\/es\/casos-practicos\/monitorizacion-de-ecg-en-tiempo-real\/\" class=\"more-link\">&#8230;<span class=\"screen-reader-text\">  Monitorizaci\u00f3n de ECG en tiempo real<\/span><\/a><\/p>\n","protected":false},"author":11,"featured_media":0,"parent":30180,"menu_order":208,"comment_status":"closed","ping_status":"closed","template":"","meta":{"_acf_changed":false,"inline_featured_image":false,"footnotes":""},"kategorie":[],"class_list":["post-31505","page","type-page","status-publish","hentry"],"acf":[],"_links":{"self":[{"href":"https:\/\/www.cuesystem.com\/es\/wp-json\/wp\/v2\/pages\/31505","targetHints":{"allow":["GET"]}}],"collection":[{"href":"https:\/\/www.cuesystem.com\/es\/wp-json\/wp\/v2\/pages"}],"about":[{"href":"https:\/\/www.cuesystem.com\/es\/wp-json\/wp\/v2\/types\/page"}],"author":[{"embeddable":true,"href":"https:\/\/www.cuesystem.com\/es\/wp-json\/wp\/v2\/users\/11"}],"replies":[{"embeddable":true,"href":"https:\/\/www.cuesystem.com\/es\/wp-json\/wp\/v2\/comments?post=31505"}],"version-history":[{"count":1,"href":"https:\/\/www.cuesystem.com\/es\/wp-json\/wp\/v2\/pages\/31505\/revisions"}],"predecessor-version":[{"id":31506,"href":"https:\/\/www.cuesystem.com\/es\/wp-json\/wp\/v2\/pages\/31505\/revisions\/31506"}],"up":[{"embeddable":true,"href":"https:\/\/www.cuesystem.com\/es\/wp-json\/wp\/v2\/pages\/30180"}],"wp:attachment":[{"href":"https:\/\/www.cuesystem.com\/es\/wp-json\/wp\/v2\/media?parent=31505"}],"wp:term":[{"taxonomy":"kategorie","embeddable":true,"href":"https:\/\/www.cuesystem.com\/es\/wp-json\/wp\/v2\/kategorie?post=31505"}],"curies":[{"name":"wp","href":"https:\/\/api.w.org\/{rel}","templated":true}]}}