{"id":31958,"date":"2025-03-18T13:50:42","date_gmt":"2025-03-18T12:50:42","guid":{"rendered":"https:\/\/www.cuesystem.com\/novedades\/cue-en-medialog-2025-y-mir-2025\/"},"modified":"2025-07-28T19:00:08","modified_gmt":"2025-07-28T17:00:08","slug":"cue-en-medialog-2025-y-mir-2025","status":"publish","type":"page","link":"https:\/\/www.cuesystem.com\/es\/novedades\/cue-en-medialog-2025-y-mir-2025\/","title":{"rendered":"CUE en MEDIALOG 2025 y MIR 2025"},"content":{"rendered":"\t\t<div data-elementor-type=\"wp-page\" data-elementor-id=\"31958\" class=\"elementor elementor-31958 elementor-31714\" data-elementor-post-type=\"page\">\n\t\t\t\t<div class=\"elementor-element elementor-element-b4b3851 e-con-full e-flex e-con e-child\" data-id=\"b4b3851\" data-element_type=\"container\" data-e-type=\"container\">\n\t\t\t\t<div class=\"elementor-element elementor-element-0852bd1 elementor-widget elementor-widget-heading\" data-id=\"0852bd1\" data-element_type=\"widget\" data-e-type=\"widget\" data-widget_type=\"heading.default\">\n\t\t\t\t<div class=\"elementor-widget-container\">\n\t\t\t\t\t<h3 class=\"elementor-heading-title elementor-size-default\">Eventos<\/h3>\t\t\t\t<\/div>\n\t\t\t\t<\/div>\n\t\t\t\t<div class=\"elementor-element elementor-element-2717a13 elementor-widget elementor-widget-heading\" data-id=\"2717a13\" data-element_type=\"widget\" data-e-type=\"widget\" data-widget_type=\"heading.default\">\n\t\t\t\t<div class=\"elementor-widget-container\">\n\t\t\t\t\t<h1 class=\"elementor-heading-title elementor-size-default\">CUE en MEDIALOG 2025 y MIR 2025<\/h1>\t\t\t\t<\/div>\n\t\t\t\t<\/div>\n\t\t\t\t<div class=\"elementor-element elementor-element-c5d8d5d elementor-widget-divider--view-line elementor-widget elementor-widget-divider\" data-id=\"c5d8d5d\" data-element_type=\"widget\" data-e-type=\"widget\" data-widget_type=\"divider.default\">\n\t\t\t\t<div class=\"elementor-widget-container\">\n\t\t\t\t\t\t\t<div class=\"elementor-divider\">\n\t\t\t<span class=\"elementor-divider-separator\">\n\t\t\t\t\t\t<\/span>\n\t\t<\/div>\n\t\t\t\t\t\t<\/div>\n\t\t\t\t<\/div>\n\t\t<div class=\"elementor-element elementor-element-68d86b1 e-flex e-con-boxed e-con e-child\" data-id=\"68d86b1\" data-element_type=\"container\" data-e-type=\"container\">\n\t\t\t\t\t<div class=\"e-con-inner\">\n\t\t\t\t<div class=\"elementor-element elementor-element-26f2831 elementor-widget elementor-widget-text-editor\" data-id=\"26f2831\" data-element_type=\"widget\" data-e-type=\"widget\" data-widget_type=\"text-editor.default\">\n\t\t\t\t<div class=\"elementor-widget-container\">\n\t\t\t\t\t\t\t\t\t<p>De <strong>Alemania<\/strong> a <strong>Italia<\/strong>, nos estamos preparando para mostrar nuestras <strong>\u00faltimas innovaciones<\/strong> en sistemas de control inteligentes. Aqu\u00ed es donde nos encontrar\u00e1s <strong>esta primavera<\/strong>: <\/p>\t\t\t\t\t\t\t\t<\/div>\n\t\t\t\t<\/div>\n\t\t\t\t\t<\/div>\n\t\t\t\t<\/div>\n\t\t<div class=\"elementor-element elementor-element-61edc13 e-flex e-con-boxed e-con e-child\" data-id=\"61edc13\" data-element_type=\"container\" data-e-type=\"container\">\n\t\t\t\t\t<div class=\"e-con-inner\">\n\t\t\t\t<div class=\"elementor-element elementor-element-562e00b elementor-widget-divider--view-line elementor-widget elementor-widget-divider\" data-id=\"562e00b\" data-element_type=\"widget\" data-e-type=\"widget\" data-widget_type=\"divider.default\">\n\t\t\t\t<div class=\"elementor-widget-container\">\n\t\t\t\t\t\t\t<div class=\"elementor-divider\">\n\t\t\t<span class=\"elementor-divider-separator\">\n\t\t\t\t\t\t<\/span>\n\t\t<\/div>\n\t\t\t\t\t\t<\/div>\n\t\t\t\t<\/div>\n\t\t\t\t<div class=\"elementor-element elementor-element-b0ecdb0 elementor-widget elementor-widget-heading\" data-id=\"b0ecdb0\" data-element_type=\"widget\" data-e-type=\"widget\" data-widget_type=\"heading.default\">\n\t\t\t\t<div class=\"elementor-widget-container\">\n\t\t\t\t\t<h2 class=\"elementor-heading-title elementor-size-default\">MEDIALOG 2025\n<\/h2>\t\t\t\t<\/div>\n\t\t\t\t<\/div>\n\t\t\t\t<div class=\"elementor-element elementor-element-5573396 elementor-widget-divider--view-line elementor-widget elementor-widget-divider\" data-id=\"5573396\" data-element_type=\"widget\" data-e-type=\"widget\" data-widget_type=\"divider.default\">\n\t\t\t\t<div class=\"elementor-widget-container\">\n\t\t\t\t\t\t\t<div class=\"elementor-divider\">\n\t\t\t<span class=\"elementor-divider-separator\">\n\t\t\t\t\t\t<\/span>\n\t\t<\/div>\n\t\t\t\t\t\t<\/div>\n\t\t\t\t<\/div>\n\t\t\t\t\t<\/div>\n\t\t\t\t<\/div>\n\t\t<div class=\"elementor-element elementor-element-2faa0b9 e-grid e-con-boxed e-con e-child\" data-id=\"2faa0b9\" data-element_type=\"container\" data-e-type=\"container\">\n\t\t\t\t\t<div class=\"e-con-inner\">\n\t\t<div class=\"elementor-element elementor-element-dbd5a14 e-con-full e-flex e-con e-child\" data-id=\"dbd5a14\" data-element_type=\"container\" data-e-type=\"container\">\n\t\t\t\t<div class=\"elementor-element elementor-element-9adb26d elementor-widget elementor-widget-text-editor\" data-id=\"9adb26d\" data-element_type=\"widget\" data-e-type=\"widget\" data-widget_type=\"text-editor.default\">\n\t\t\t\t<div class=\"elementor-widget-container\">\n\t\t\t\t\t\t\t\t\t<h3>2-3 de abril de 2025<\/h3><h4><em>Halle 45, Maguncia, Alemania<\/em><\/h4><p>Volvemos a <strong>MEDIALOG<\/strong>, el <strong>principal<\/strong> <strong>evento<\/strong> <strong>de tecnolog\u00eda AV y UC<\/strong> organizado por nuestro socio <a href=\"https:\/\/www.kern-stelly.de\/\"><strong>Kern &amp; Stelly<\/strong><\/a>. P\u00e1sate por nuestro stand para ver <strong>demostraciones pr\u00e1cticas<\/strong> e <strong>informaci\u00f3n<\/strong> sobre los <a href=\"https:\/\/www.cuesystem.com\/es\/ecosistema-cue\/\"><strong>cinco pilares<\/strong><\/a> de <strong>la soluci\u00f3n CUE<\/strong>. Tanto si quieres explorar los paneles t\u00e1ctiles, la automatizaci\u00f3n, la programaci\u00f3n o la gesti\u00f3n remota, estamos <strong>preparados para hablar de<\/strong> tecnolog\u00eda, tendencias y el futuro del control integrado.  <\/p><p>M\u00e1s informaci\u00f3n <strong><a href=\"https:\/\/www.kern-stelly.de\/profile\/news\/read\/id\/2077\/\">AQU\u00cd<\/a><\/strong>.  <\/p>\t\t\t\t\t\t\t\t<\/div>\n\t\t\t\t<\/div>\n\t\t\t\t<\/div>\n\t\t<div class=\"elementor-element elementor-element-0f11549 e-con-full e-flex e-con e-child\" data-id=\"0f11549\" data-element_type=\"container\" data-e-type=\"container\">\n\t\t\t\t<div class=\"elementor-element elementor-element-aa493e7 elementor-widget elementor-widget-image\" data-id=\"aa493e7\" data-element_type=\"widget\" data-e-type=\"widget\" data-widget_type=\"image.default\">\n\t\t\t\t<div class=\"elementor-widget-container\">\n\t\t\t\t\t\t\t\t\t\t\t\t<figure class=\"wp-caption\">\n\t\t\t\t\t\t\t\t\t\t\t<a href=\"https:\/\/www.cuesystem.com\/wp-content\/uploads\/2025\/07\/prispevek-SoMe-\u2013-Medialog-grafika.webp\" data-elementor-open-lightbox=\"yes\" data-e-action-hash=\"#elementor-action%3Aaction%3Dlightbox%26settings%3DeyJpZCI6MzE3MzQsInVybCI6Imh0dHBzOlwvXC93d3cuY3Vlc3lzdGVtLmNvbVwvd3AtY29udGVudFwvdXBsb2Fkc1wvMjAyNVwvMDdcL3ByaXNwZXZlay1Tb01lLVx1MjAxMy1NZWRpYWxvZy1ncmFmaWthLndlYnAifQ%3D%3D\">\n\t\t\t\t\t\t\t<img fetchpriority=\"high\" decoding=\"async\" width=\"1024\" height=\"535\" src=\"https:\/\/www.cuesystem.com\/wp-content\/uploads\/2025\/07\/prispevek-SoMe-\u2013-Medialog-grafika-1024x535.webp\" class=\"attachment-large size-large wp-image-31734\" alt=\"\" srcset=\"https:\/\/www.cuesystem.com\/wp-content\/uploads\/2025\/07\/prispevek-SoMe-\u2013-Medialog-grafika-1024x535.webp 1024w, https:\/\/www.cuesystem.com\/wp-content\/uploads\/2025\/07\/prispevek-SoMe-\u2013-Medialog-grafika-300x157.webp 300w, https:\/\/www.cuesystem.com\/wp-content\/uploads\/2025\/07\/prispevek-SoMe-\u2013-Medialog-grafika.webp 1200w\" sizes=\"(max-width: 1024px) 100vw, 1024px\" \/>\t\t\t\t\t\t\t\t<\/a>\n\t\t\t\t\t\t\t\t\t\t\t<figcaption class=\"widget-image-caption wp-caption-text\"><\/figcaption>\n\t\t\t\t\t\t\t\t\t\t<\/figure>\n\t\t\t\t\t\t\t\t\t<\/div>\n\t\t\t\t<\/div>\n\t\t\t\t<\/div>\n\t\t\t\t\t<\/div>\n\t\t\t\t<\/div>\n\t\t<div class=\"elementor-element elementor-element-ee346a7 e-flex e-con-boxed e-con e-child\" data-id=\"ee346a7\" data-element_type=\"container\" data-e-type=\"container\">\n\t\t\t\t\t<div class=\"e-con-inner\">\n\t\t\t\t<div class=\"elementor-element elementor-element-91f0900 elementor-widget-divider--view-line elementor-widget elementor-widget-divider\" data-id=\"91f0900\" data-element_type=\"widget\" data-e-type=\"widget\" data-widget_type=\"divider.default\">\n\t\t\t\t<div class=\"elementor-widget-container\">\n\t\t\t\t\t\t\t<div class=\"elementor-divider\">\n\t\t\t<span class=\"elementor-divider-separator\">\n\t\t\t\t\t\t<\/span>\n\t\t<\/div>\n\t\t\t\t\t\t<\/div>\n\t\t\t\t<\/div>\n\t\t\t\t<div class=\"elementor-element elementor-element-bc7af78 elementor-widget elementor-widget-heading\" data-id=\"bc7af78\" data-element_type=\"widget\" data-e-type=\"widget\" data-widget_type=\"heading.default\">\n\t\t\t\t<div class=\"elementor-widget-container\">\n\t\t\t\t\t<h2 class=\"elementor-heading-title elementor-size-default\">MIR 2025<\/h2>\t\t\t\t<\/div>\n\t\t\t\t<\/div>\n\t\t\t\t<div class=\"elementor-element elementor-element-d3d287f elementor-widget-divider--view-line elementor-widget elementor-widget-divider\" data-id=\"d3d287f\" data-element_type=\"widget\" data-e-type=\"widget\" data-widget_type=\"divider.default\">\n\t\t\t\t<div class=\"elementor-widget-container\">\n\t\t\t\t\t\t\t<div class=\"elementor-divider\">\n\t\t\t<span class=\"elementor-divider-separator\">\n\t\t\t\t\t\t<\/span>\n\t\t<\/div>\n\t\t\t\t\t\t<\/div>\n\t\t\t\t<\/div>\n\t\t<div class=\"elementor-element elementor-element-e8290a1 e-grid e-con-full e-con e-child\" data-id=\"e8290a1\" data-element_type=\"container\" data-e-type=\"container\">\n\t\t<div class=\"elementor-element elementor-element-4f87ec8 e-con-full e-flex e-con e-child\" data-id=\"4f87ec8\" data-element_type=\"container\" data-e-type=\"container\">\n\t\t\t\t<div class=\"elementor-element elementor-element-e6bf72d elementor-widget elementor-widget-image\" data-id=\"e6bf72d\" data-element_type=\"widget\" data-e-type=\"widget\" data-widget_type=\"image.default\">\n\t\t\t\t<div class=\"elementor-widget-container\">\n\t\t\t\t\t\t\t\t\t\t\t\t<figure class=\"wp-caption\">\n\t\t\t\t\t\t\t\t\t\t\t<a href=\"https:\/\/www.cuesystem.com\/wp-content\/uploads\/2025\/07\/at-ISE-2025.webp\" data-elementor-open-lightbox=\"yes\" data-e-action-hash=\"#elementor-action%3Aaction%3Dlightbox%26settings%3DeyJpZCI6MzE3MjksInVybCI6Imh0dHBzOlwvXC93d3cuY3Vlc3lzdGVtLmNvbVwvd3AtY29udGVudFwvdXBsb2Fkc1wvMjAyNVwvMDdcL2F0LUlTRS0yMDI1LndlYnAifQ%3D%3D\">\n\t\t\t\t\t\t\t<img decoding=\"async\" width=\"1024\" height=\"466\" src=\"https:\/\/www.cuesystem.com\/wp-content\/uploads\/2025\/07\/at-ISE-2025-1024x466.webp\" class=\"attachment-large size-large wp-image-31729\" alt=\"\" srcset=\"https:\/\/www.cuesystem.com\/wp-content\/uploads\/2025\/07\/at-ISE-2025-1024x466.webp 1024w, https:\/\/www.cuesystem.com\/wp-content\/uploads\/2025\/07\/at-ISE-2025-300x137.webp 300w, https:\/\/www.cuesystem.com\/wp-content\/uploads\/2025\/07\/at-ISE-2025.webp 1280w\" sizes=\"(max-width: 1024px) 100vw, 1024px\" \/>\t\t\t\t\t\t\t\t<\/a>\n\t\t\t\t\t\t\t\t\t\t\t<figcaption class=\"widget-image-caption wp-caption-text\"><\/figcaption>\n\t\t\t\t\t\t\t\t\t\t<\/figure>\n\t\t\t\t\t\t\t\t\t<\/div>\n\t\t\t\t<\/div>\n\t\t\t\t<\/div>\n\t\t<div class=\"elementor-element elementor-element-ccfe4e0 e-con-full e-flex e-con e-child\" data-id=\"ccfe4e0\" data-element_type=\"container\" data-e-type=\"container\">\n\t\t\t\t<div class=\"elementor-element elementor-element-c7c409c elementor-widget elementor-widget-text-editor\" data-id=\"c7c409c\" data-element_type=\"widget\" data-e-type=\"widget\" data-widget_type=\"text-editor.default\">\n\t\t\t\t<div class=\"elementor-widget-container\">\n\t\t\t\t\t\t\t\t\t<h3>23-25 de marzo de 2025<\/h3><h4><em>Pabell\u00f3n A1 &#8211; Stand 165 | Feria de Rimini, Italia<\/em><\/h4><p>Este a\u00f1o marca nuestra <strong>primera aparici\u00f3n<\/strong> en <strong>el MIR<\/strong> con nuestro nuevo socio <strong><a href=\"https:\/\/www.intermark.it\/home-english\/\">Intermark Sistemi<\/a><\/strong>. <strong>El principal evento italiano<\/strong> de tecnolog\u00edas audiovisuales, de iluminaci\u00f3n y de control es el <strong>escenario perfecto para explorar<\/strong> <strong>toda nuestra cartera de productos<\/strong>. Reun\u00e1monos, intercambiemos ideas y descubramos formas m\u00e1s inteligentes de gestionar los entornos audiovisuales, <strong>en directo en Rimini<\/strong>. <\/p><p>M\u00e1s informaci\u00f3n <strong><a href=\"https:\/\/www.intermark.it\/events\/fiera-mir-intermark-sistemi-rimini-23-25-marzo-2025\/\">AQU\u00cd<\/a> <\/strong>o <strong><a href=\"https:\/\/en.mirtechexpo.com\/\">AQU\u00cd<\/a><\/strong>.<\/p>\t\t\t\t\t\t\t\t<\/div>\n\t\t\t\t<\/div>\n\t\t\t\t<\/div>\n\t\t\t\t<\/div>\n\t\t\t\t\t<\/div>\n\t\t\t\t<\/div>\n\t\t\t\t<\/div>\n\t\t\t\t<\/div>\n\t\t","protected":false},"excerpt":{"rendered":"<p>Eventos CUE en MEDIALOG 2025 y MIR 2025 De Alemania a Italia, nos estamos preparando para mostrar nuestras \u00faltimas innovaciones en sistemas de control inteligentes. Aqu\u00ed es donde nos encontrar\u00e1s esta primavera: MEDIALOG 2025 2-3 de abril de 2025 Halle 45, Maguncia, Alemania Volvemos a MEDIALOG, el principal evento de tecnolog\u00eda AV y UC organizado <a href=\"https:\/\/www.cuesystem.com\/es\/novedades\/cue-en-medialog-2025-y-mir-2025\/\" class=\"more-link\">&#8230;<span class=\"screen-reader-text\">  CUE en MEDIALOG 2025 y MIR 2025<\/span><\/a><\/p>\n","protected":false},"author":11,"featured_media":0,"parent":31297,"menu_order":165,"comment_status":"closed","ping_status":"closed","template":"","meta":{"_acf_changed":false,"inline_featured_image":false,"footnotes":""},"kategorie":[],"class_list":["post-31958","page","type-page","status-publish","hentry"],"acf":[],"_links":{"self":[{"href":"https:\/\/www.cuesystem.com\/es\/wp-json\/wp\/v2\/pages\/31958","targetHints":{"allow":["GET"]}}],"collection":[{"href":"https:\/\/www.cuesystem.com\/es\/wp-json\/wp\/v2\/pages"}],"about":[{"href":"https:\/\/www.cuesystem.com\/es\/wp-json\/wp\/v2\/types\/page"}],"author":[{"embeddable":true,"href":"https:\/\/www.cuesystem.com\/es\/wp-json\/wp\/v2\/users\/11"}],"replies":[{"embeddable":true,"href":"https:\/\/www.cuesystem.com\/es\/wp-json\/wp\/v2\/comments?post=31958"}],"version-history":[{"count":1,"href":"https:\/\/www.cuesystem.com\/es\/wp-json\/wp\/v2\/pages\/31958\/revisions"}],"predecessor-version":[{"id":31959,"href":"https:\/\/www.cuesystem.com\/es\/wp-json\/wp\/v2\/pages\/31958\/revisions\/31959"}],"up":[{"embeddable":true,"href":"https:\/\/www.cuesystem.com\/es\/wp-json\/wp\/v2\/pages\/31297"}],"wp:attachment":[{"href":"https:\/\/www.cuesystem.com\/es\/wp-json\/wp\/v2\/media?parent=31958"}],"wp:term":[{"taxonomy":"kategorie","embeddable":true,"href":"https:\/\/www.cuesystem.com\/es\/wp-json\/wp\/v2\/kategorie?post=31958"}],"curies":[{"name":"wp","href":"https:\/\/api.w.org\/{rel}","templated":true}]}}