{"id":32218,"date":"2025-08-19T10:17:44","date_gmt":"2025-08-19T08:17:44","guid":{"rendered":"https:\/\/www.cuesystem.com\/casos-practicos\/hotel-grand-hansa\/"},"modified":"2025-08-19T10:37:26","modified_gmt":"2025-08-19T08:37:26","slug":"hotel-grand-hansa","status":"publish","type":"page","link":"https:\/\/www.cuesystem.com\/es\/casos-practicos\/hotel-grand-hansa\/","title":{"rendered":"Hotel Grand Hansa"},"content":{"rendered":"\t\t<div data-elementor-type=\"wp-page\" data-elementor-id=\"32218\" class=\"elementor elementor-32218 elementor-32156\" data-elementor-post-type=\"page\">\n\t\t\t\t<div class=\"elementor-element elementor-element-ede1820 e-con-full e-flex e-con e-child\" data-id=\"ede1820\" data-element_type=\"container\" data-e-type=\"container\">\n\t\t\t\t<div class=\"elementor-element elementor-element-e3bf7b8 elementor-widget elementor-widget-heading\" data-id=\"e3bf7b8\" data-element_type=\"widget\" data-e-type=\"widget\" data-widget_type=\"heading.default\">\n\t\t\t\t<div class=\"elementor-widget-container\">\n\t\t\t\t\t<h3 class=\"elementor-heading-title elementor-size-default\">Estudio de caso<\/h3>\t\t\t\t<\/div>\n\t\t\t\t<\/div>\n\t\t\t\t<div class=\"elementor-element elementor-element-be66416 elementor-widget elementor-widget-heading\" data-id=\"be66416\" data-element_type=\"widget\" data-e-type=\"widget\" data-widget_type=\"heading.default\">\n\t\t\t\t<div class=\"elementor-widget-container\">\n\t\t\t\t\t<h1 class=\"elementor-heading-title elementor-size-default\">Hotel Grand Hansa\n\n\n<\/h1>\t\t\t\t<\/div>\n\t\t\t\t<\/div>\n\t\t\t\t<div class=\"elementor-element elementor-element-be8709c elementor-widget-divider--view-line elementor-widget elementor-widget-divider\" data-id=\"be8709c\" data-element_type=\"widget\" data-e-type=\"widget\" data-widget_type=\"divider.default\">\n\t\t\t\t<div class=\"elementor-widget-container\">\n\t\t\t\t\t\t\t<div class=\"elementor-divider\">\n\t\t\t<span class=\"elementor-divider-separator\">\n\t\t\t\t\t\t<\/span>\n\t\t<\/div>\n\t\t\t\t\t\t<\/div>\n\t\t\t\t<\/div>\n\t\t<div class=\"elementor-element elementor-element-d461f5a e-grid e-con-boxed e-con e-child\" data-id=\"d461f5a\" data-element_type=\"container\" data-e-type=\"container\">\n\t\t\t\t\t<div class=\"e-con-inner\">\n\t\t<div class=\"elementor-element elementor-element-c5a05d5 e-con-full e-flex e-con e-child\" data-id=\"c5a05d5\" data-element_type=\"container\" data-e-type=\"container\">\n\t\t\t\t<div class=\"elementor-element elementor-element-827b0b2 elementor-widget elementor-widget-heading\" data-id=\"827b0b2\" data-element_type=\"widget\" data-e-type=\"widget\" data-widget_type=\"heading.default\">\n\t\t\t\t<div class=\"elementor-widget-container\">\n\t\t\t\t\t<h2 class=\"elementor-heading-title elementor-size-default\">El desaf\u00edo<\/h2>\t\t\t\t<\/div>\n\t\t\t\t<\/div>\n\t\t\t\t<div class=\"elementor-element elementor-element-0f48069 elementor-widget elementor-widget-text-editor\" data-id=\"0f48069\" data-element_type=\"widget\" data-e-type=\"widget\" data-widget_type=\"text-editor.default\">\n\t\t\t\t<div class=\"elementor-widget-container\">\n\t\t\t\t\t\t\t\t\t<p data-renderer-start-pos=\"20\">El reci\u00e9n inaugurado <strong data-renderer-mark=\"true\">Grand Hansa Hotel<\/strong>, en el coraz\u00f3n de Helsinki, se propuso ofrecer <strong data-renderer-mark=\"true\">a sus hu\u00e9spedes una experiencia de cinco estrellas<\/strong> que combina <strong data-renderer-mark=\"true\">la elegancia atemporal<\/strong> con la <strong data-renderer-mark=\"true\">tecnolog\u00eda m\u00e1s avanzada<\/strong>.<\/p><p data-renderer-start-pos=\"187\">Para satisfacer <strong data-renderer-mark=\"true\">las expectativas modernas<\/strong>, el hotel necesitaba una <strong data-renderer-mark=\"true\">soluci\u00f3n audiovisual y de control robusta<\/strong> que cubriera una <strong data-renderer-mark=\"true\">amplia gama de espacios<\/strong>, entre ellos:<\/p><ul class=\"ak-ul\" data-indent-level=\"1\"><li><p data-renderer-start-pos=\"323\">Sal\u00f3n de baile y salas de reuniones de alto nivel<\/p><\/li><li><p data-renderer-start-pos=\"362\">Restaurantes y vest\u00edbulos<\/p><\/li><li><p data-renderer-start-pos=\"393\">Habitaciones de hu\u00e9spedes y zonas compartidas<\/p><\/li><\/ul><p data-renderer-start-pos=\"425\">El reto clave era <strong data-renderer-mark=\"true\">garantizar un funcionamiento sin fisuras<\/strong>, <strong data-renderer-mark=\"true\">un control sencillo<\/strong> para el personal del hotel y <strong data-renderer-mark=\"true\">una compatibilidad total<\/strong> con los dispositivos personales de los hu\u00e9spedes, <strong data-renderer-mark=\"true\">manteniendo<\/strong> al mismo <strong data-renderer-mark=\"true\">tiempo el ambiente refinado<\/strong> del espacio.<\/p>\t\t\t\t\t\t\t\t<\/div>\n\t\t\t\t<\/div>\n\t\t\t\t<\/div>\n\t\t<div class=\"elementor-element elementor-element-e4ea18d e-con-full e-flex e-con e-child\" data-id=\"e4ea18d\" data-element_type=\"container\" data-e-type=\"container\">\n\t\t\t\t<div class=\"elementor-element elementor-element-8d80a2c elementor-widget elementor-widget-image\" data-id=\"8d80a2c\" data-element_type=\"widget\" data-e-type=\"widget\" data-widget_type=\"image.default\">\n\t\t\t\t<div class=\"elementor-widget-container\">\n\t\t\t\t\t\t\t\t\t\t\t\t<figure class=\"wp-caption\">\n\t\t\t\t\t\t\t\t\t\t<img fetchpriority=\"high\" decoding=\"async\" width=\"700\" height=\"466\" src=\"https:\/\/www.cuesystem.com\/wp-content\/uploads\/2025\/08\/MeetingRoom_Socis_wide.webp\" class=\"attachment-large size-large wp-image-32180\" alt=\"\" srcset=\"https:\/\/www.cuesystem.com\/wp-content\/uploads\/2025\/08\/MeetingRoom_Socis_wide.webp 700w, https:\/\/www.cuesystem.com\/wp-content\/uploads\/2025\/08\/MeetingRoom_Socis_wide-300x200.webp 300w\" sizes=\"(max-width: 700px) 100vw, 700px\" \/>\t\t\t\t\t\t\t\t\t\t\t<figcaption class=\"widget-image-caption wp-caption-text\">Sala Socis<\/figcaption>\n\t\t\t\t\t\t\t\t\t\t<\/figure>\n\t\t\t\t\t\t\t\t\t<\/div>\n\t\t\t\t<\/div>\n\t\t\t\t<\/div>\n\t\t\t\t\t<\/div>\n\t\t\t\t<\/div>\n\t\t<div class=\"elementor-element elementor-element-77e9e23 e-grid e-con-boxed e-con e-child\" data-id=\"77e9e23\" data-element_type=\"container\" data-e-type=\"container\">\n\t\t\t\t\t<div class=\"e-con-inner\">\n\t\t<div class=\"elementor-element elementor-element-d855524 e-con-full e-flex e-con e-child\" data-id=\"d855524\" data-element_type=\"container\" data-e-type=\"container\">\n\t\t\t\t<div class=\"elementor-element elementor-element-f420aab elementor-widget elementor-widget-image\" data-id=\"f420aab\" data-element_type=\"widget\" data-e-type=\"widget\" data-widget_type=\"image.default\">\n\t\t\t\t<div class=\"elementor-widget-container\">\n\t\t\t\t\t\t\t\t\t\t\t\t\t\t\t<img decoding=\"async\" width=\"1024\" height=\"682\" src=\"https:\/\/www.cuesystem.com\/wp-content\/uploads\/2025\/08\/Grandhansa_paa-CC-1024x682.webp\" class=\"attachment-large size-large wp-image-32190\" alt=\"\" srcset=\"https:\/\/www.cuesystem.com\/wp-content\/uploads\/2025\/08\/Grandhansa_paa-CC-1024x682.webp 1024w, https:\/\/www.cuesystem.com\/wp-content\/uploads\/2025\/08\/Grandhansa_paa-CC-300x200.webp 300w, https:\/\/www.cuesystem.com\/wp-content\/uploads\/2025\/08\/Grandhansa_paa-CC.webp 1920w\" sizes=\"(max-width: 1024px) 100vw, 1024px\" \/>\t\t\t\t\t\t\t\t\t\t\t\t\t\t\t<\/div>\n\t\t\t\t<\/div>\n\t\t\t\t<\/div>\n\t\t<div class=\"elementor-element elementor-element-3784e43 e-con-full e-flex e-con e-child\" data-id=\"3784e43\" data-element_type=\"container\" data-e-type=\"container\">\n\t\t\t\t<div class=\"elementor-element elementor-element-3871a3f elementor-widget elementor-widget-heading\" data-id=\"3871a3f\" data-element_type=\"widget\" data-e-type=\"widget\" data-widget_type=\"heading.default\">\n\t\t\t\t<div class=\"elementor-widget-container\">\n\t\t\t\t\t<h2 class=\"elementor-heading-title elementor-size-default\">Sobre el Hotel Grand Hansa<\/h2>\t\t\t\t<\/div>\n\t\t\t\t<\/div>\n\t\t\t\t<div class=\"elementor-element elementor-element-81b7bf1 elementor-widget elementor-widget-text-editor\" data-id=\"81b7bf1\" data-element_type=\"widget\" data-e-type=\"widget\" data-widget_type=\"text-editor.default\">\n\t\t\t\t<div class=\"elementor-widget-container\">\n\t\t\t\t\t\t\t\t\t<p data-renderer-start-pos=\"675\">Operado bajo la marca NH Collection, <a class=\"_mizu1p6i _1ah31bk5 _ra3xnqa1 _128m1bk5 _1cvmnqa1 _4davt94y _4bfu18uv _1hms8stv _ajmmnqa1 _vchhusvi _kqswh2mm _syaz14q2 _ect41gqc _1a3b18uv _4fpr8stv _5goinqa1 _f8pj14q2 _9oik18uv _1bnxglyw _jf4cnqa1 _30l314q2 _1nrm18uv _c2waglyw _1iohnqa1 _9h8h16c2 _1053w7te _1ienw7te _n0fxw7te _1vhvg3x0\" title=\"https:\/\/www.nh-collection.com\/en\/hotel\/nh-collection-helsinki-grand-hansa\" href=\"https:\/\/www.nh-collection.com\/en\/hotel\/nh-collection-helsinki-grand-hansa\" data-renderer-mark=\"true\" data-is-router-link=\"false\" data-testid=\"link-with-safety\"><strong data-renderer-mark=\"true\">Hotel Grand Hansa<\/strong><\/a> es un <strong data-renderer-mark=\"true\">establecimiento emblem\u00e1tico de cinco estrellas<\/strong> situado en el centro de <strong data-renderer-mark=\"true\">Helsinki<\/strong>. Con <strong data-renderer-mark=\"true\">229 habitaciones<\/strong> y una <strong data-renderer-mark=\"true\">amplia selecci\u00f3n <\/strong>de <strong data-renderer-mark=\"true\">espacios<\/strong> <strong data-renderer-mark=\"true\">para reuniones <\/strong>y <strong data-renderer-mark=\"true\">eventos<\/strong>, el hotel atiende tanto a viajeros de negocios como de ocio. <\/p><p data-renderer-start-pos=\"924\">Nuestro <strong data-renderer-mark=\"true\">socio finland\u00e9s <\/strong><a class=\"_mizu1p6i _1ah31bk5 _ra3xnqa1 _128m1bk5 _1cvmnqa1 _4davt94y _4bfu18uv _1hms8stv _ajmmnqa1 _vchhusvi _kqswh2mm _syaz14q2 _ect41gqc _1a3b18uv _4fpr8stv _5goinqa1 _f8pj14q2 _9oik18uv _1bnxglyw _jf4cnqa1 _30l314q2 _1nrm18uv _c2waglyw _1iohnqa1 _9h8h16c2 _1053w7te _1ienw7te _n0fxw7te _1vhvg3x0\" title=\"https:\/\/electrowaves.fi\/en\/home\/\" href=\"https:\/\/electrowaves.fi\/en\/home\/\" data-renderer-mark=\"true\" data-is-router-link=\"false\" data-testid=\"link-with-safety\"><strong data-renderer-mark=\"true\">Electro Waves Oy<\/strong><\/a> se encarg\u00f3 de la ejecuci\u00f3n del proyecto.<\/p>\t\t\t\t\t\t\t\t<\/div>\n\t\t\t\t<\/div>\n\t\t\t\t<\/div>\n\t\t\t\t\t<\/div>\n\t\t\t\t<\/div>\n\t\t<div class=\"elementor-element elementor-element-9027ce5 e-grid e-con-boxed e-con e-child\" data-id=\"9027ce5\" data-element_type=\"container\" data-e-type=\"container\">\n\t\t\t\t\t<div class=\"e-con-inner\">\n\t\t<div class=\"elementor-element elementor-element-e285d9e e-con-full e-flex e-con e-child\" data-id=\"e285d9e\" data-element_type=\"container\" data-e-type=\"container\">\n\t\t\t\t<div class=\"elementor-element elementor-element-165b4cc elementor-widget elementor-widget-heading\" data-id=\"165b4cc\" data-element_type=\"widget\" data-e-type=\"widget\" data-widget_type=\"heading.default\">\n\t\t\t\t<div class=\"elementor-widget-container\">\n\t\t\t\t\t<h2 class=\"elementor-heading-title elementor-size-default\">Nuestra resoluci\u00f3n<\/h2>\t\t\t\t<\/div>\n\t\t\t\t<\/div>\n\t\t\t\t<div class=\"elementor-element elementor-element-15b915c elementor-widget elementor-widget-text-editor\" data-id=\"15b915c\" data-element_type=\"widget\" data-e-type=\"widget\" data-widget_type=\"text-editor.default\">\n\t\t\t\t<div class=\"elementor-widget-container\">\n\t\t\t\t\t\t\t\t\t<p data-renderer-start-pos=\"1023\">Para proporcionar un control intuitivo y una automatizaci\u00f3n fiable en toda la propiedad, <strong data-renderer-mark=\"true\">los sistemas de control de CUE<\/strong> se integraron en todo el proyecto. Estas tecnolog\u00edas permiten al personal del hotel y a los hu\u00e9spedes <strong data-renderer-mark=\"true\">gestionar los entornos audiovisuales con facilidad<\/strong>: ya se trate de una <strong data-renderer-mark=\"true\">presentaci\u00f3n de negocios<\/strong>, una <strong data-renderer-mark=\"true\">cena privada<\/strong> o una <strong data-renderer-mark=\"true\">reuni\u00f3n h\u00edbrida<\/strong>. <\/p><p data-renderer-start-pos=\"1322\"><strong data-renderer-mark=\"true\">Tecnolog\u00edas CUE instaladas:<\/strong><\/p><ul class=\"ak-ul\" data-indent-level=\"1\"><li><p data-renderer-start-pos=\"1353\"><a class=\"_mizu1p6i _1ah31bk5 _ra3xnqa1 _128m1bk5 _1cvmnqa1 _4davt94y _4bfu18uv _1hms8stv _ajmmnqa1 _vchhusvi _kqswh2mm _syaz14q2 _ect41gqc _1a3b18uv _4fpr8stv _5goinqa1 _f8pj14q2 _9oik18uv _1bnxglyw _jf4cnqa1 _30l314q2 _1nrm18uv _c2waglyw _1iohnqa1 _9h8h16c2 _1053w7te _1ienw7te _n0fxw7te _1vhvg3x0\" title=\"https:\/\/docs.cuesystem.com\/space\/PRODUCTS\/490242076\" href=\"https:\/\/docs.cuesystem.com\/space\/PRODUCTS\/490242076\" data-renderer-mark=\"true\" data-is-router-link=\"false\" data-testid=\"link-with-safety\"><strong data-renderer-mark=\"true\">touchCUE-7-M<\/strong><\/a> paneles t\u00e1ctiles<\/p><\/li><li><p data-renderer-start-pos=\"1382\"><a class=\"_mizu1p6i _1ah31bk5 _ra3xnqa1 _128m1bk5 _1cvmnqa1 _4davt94y _4bfu18uv _1hms8stv _ajmmnqa1 _vchhusvi _kqswh2mm _syaz14q2 _ect41gqc _1a3b18uv _4fpr8stv _5goinqa1 _f8pj14q2 _9oik18uv _1bnxglyw _jf4cnqa1 _30l314q2 _1nrm18uv _c2waglyw _1iohnqa1 _9h8h16c2 _1053w7te _1ienw7te _n0fxw7te _1vhvg3x0\" title=\"https:\/\/docs.cuesystem.com\/space\/PRODUCTS\/484704416\" href=\"https:\/\/docs.cuesystem.com\/space\/PRODUCTS\/484704416\" data-renderer-mark=\"true\" data-is-router-link=\"false\" data-testid=\"link-with-safety\"><strong data-renderer-mark=\"true\">touchCUE-10<\/strong><\/a> paneles<\/p><\/li><li><p data-renderer-start-pos=\"1404\"><a class=\"_mizu1p6i _1ah31bk5 _ra3xnqa1 _128m1bk5 _1cvmnqa1 _4davt94y _4bfu18uv _1hms8stv _ajmmnqa1 _vchhusvi _kqswh2mm _syaz14q2 _ect41gqc _1a3b18uv _4fpr8stv _5goinqa1 _f8pj14q2 _9oik18uv _1bnxglyw _jf4cnqa1 _30l314q2 _1nrm18uv _c2waglyw _1iohnqa1 _9h8h16c2 _1053w7te _1ienw7te _n0fxw7te _1vhvg3x0\" title=\"https:\/\/docs.cuesystem.com\/space\/PRODUCTS\/487981257\" href=\"https:\/\/docs.cuesystem.com\/space\/PRODUCTS\/487981257\" data-renderer-mark=\"true\" data-is-router-link=\"false\" data-testid=\"link-with-safety\"><strong data-renderer-mark=\"true\">controlCUE-dos<\/strong><\/a> controladores<\/p><\/li><li><p data-renderer-start-pos=\"1434\"><a class=\"_mizu1p6i _1ah31bk5 _ra3xnqa1 _128m1bk5 _1cvmnqa1 _4davt94y _4bfu18uv _1hms8stv _ajmmnqa1 _vchhusvi _kqswh2mm _syaz14q2 _ect41gqc _1a3b18uv _4fpr8stv _5goinqa1 _f8pj14q2 _9oik18uv _1bnxglyw _jf4cnqa1 _30l314q2 _1nrm18uv _c2waglyw _1iohnqa1 _9h8h16c2 _1053w7te _1ienw7te _n0fxw7te _1vhvg3x0\" title=\"https:\/\/docs.cuesystem.com\/space\/PRODUCTS\/483885057\" href=\"https:\/\/docs.cuesystem.com\/space\/PRODUCTS\/483885057\" data-renderer-mark=\"true\" data-is-router-link=\"false\" data-testid=\"link-with-safety\"><strong data-renderer-mark=\"true\">controlCUE-KNX<\/strong><\/a> para la integraci\u00f3n de sistemas en edificios<\/p><\/li><\/ul>\t\t\t\t\t\t\t\t<\/div>\n\t\t\t\t<\/div>\n\t\t\t\t<\/div>\n\t\t<div class=\"elementor-element elementor-element-86bd9d0 e-con-full e-flex e-con e-child\" data-id=\"86bd9d0\" data-element_type=\"container\" data-e-type=\"container\">\n\t\t\t\t<div class=\"elementor-element elementor-element-389e975 elementor-widget elementor-widget-image\" data-id=\"389e975\" data-element_type=\"widget\" data-e-type=\"widget\" data-widget_type=\"image.default\">\n\t\t\t\t<div class=\"elementor-widget-container\">\n\t\t\t\t\t\t\t\t\t\t\t\t<figure class=\"wp-caption\">\n\t\t\t\t\t\t\t\t\t\t<img decoding=\"async\" width=\"700\" height=\"466\" src=\"https:\/\/www.cuesystem.com\/wp-content\/uploads\/2025\/08\/MeetingRoom_Wilhelm.webp\" class=\"attachment-large size-large wp-image-32185\" alt=\"\" srcset=\"https:\/\/www.cuesystem.com\/wp-content\/uploads\/2025\/08\/MeetingRoom_Wilhelm.webp 700w, https:\/\/www.cuesystem.com\/wp-content\/uploads\/2025\/08\/MeetingRoom_Wilhelm-300x200.webp 300w\" sizes=\"(max-width: 700px) 100vw, 700px\" \/>\t\t\t\t\t\t\t\t\t\t\t<figcaption class=\"widget-image-caption wp-caption-text\">Sala de reuniones<\/figcaption>\n\t\t\t\t\t\t\t\t\t\t<\/figure>\n\t\t\t\t\t\t\t\t\t<\/div>\n\t\t\t\t<\/div>\n\t\t\t\t<\/div>\n\t\t\t\t\t<\/div>\n\t\t\t\t<\/div>\n\t\t<div class=\"elementor-element elementor-element-2841d29 e-grid e-con-boxed e-con e-child\" data-id=\"2841d29\" data-element_type=\"container\" data-e-type=\"container\">\n\t\t\t\t\t<div class=\"e-con-inner\">\n\t\t<div class=\"elementor-element elementor-element-d6879f8 e-con-full e-flex e-con e-child\" data-id=\"d6879f8\" data-element_type=\"container\" data-e-type=\"container\">\n\t\t\t\t<div class=\"elementor-element elementor-element-b247769 elementor-widget elementor-widget-image\" data-id=\"b247769\" data-element_type=\"widget\" data-e-type=\"widget\" data-widget_type=\"image.default\">\n\t\t\t\t<div class=\"elementor-widget-container\">\n\t\t\t\t\t\t\t\t\t\t\t\t<figure class=\"wp-caption\">\n\t\t\t\t\t\t\t\t\t\t<img loading=\"lazy\" decoding=\"async\" width=\"700\" height=\"466\" src=\"https:\/\/www.cuesystem.com\/wp-content\/uploads\/2025\/08\/Foyer_Digital-Signage.webp\" class=\"attachment-large size-large wp-image-32175\" alt=\"\" srcset=\"https:\/\/www.cuesystem.com\/wp-content\/uploads\/2025\/08\/Foyer_Digital-Signage.webp 700w, https:\/\/www.cuesystem.com\/wp-content\/uploads\/2025\/08\/Foyer_Digital-Signage-300x200.webp 300w\" sizes=\"(max-width: 700px) 100vw, 700px\" \/>\t\t\t\t\t\t\t\t\t\t\t<figcaption class=\"widget-image-caption wp-caption-text\">Zona com\u00fan<\/figcaption>\n\t\t\t\t\t\t\t\t\t\t<\/figure>\n\t\t\t\t\t\t\t\t\t<\/div>\n\t\t\t\t<\/div>\n\t\t\t\t<\/div>\n\t\t<div class=\"elementor-element elementor-element-799a363 e-con-full e-flex e-con e-child\" data-id=\"799a363\" data-element_type=\"container\" data-e-type=\"container\">\n\t\t\t\t<div class=\"elementor-element elementor-element-6f4d6d4 elementor-widget elementor-widget-text-editor\" data-id=\"6f4d6d4\" data-element_type=\"widget\" data-e-type=\"widget\" data-widget_type=\"text-editor.default\">\n\t\t\t\t<div class=\"elementor-widget-container\">\n\t\t\t\t\t\t\t\t\t<p data-renderer-start-pos=\"1531\">Utilizados en combinaci\u00f3n con el sistema AV m\u00e1s amplio, los componentes CUE <strong data-renderer-mark=\"true\">potencian el<\/strong> <strong data-renderer-mark=\"true\">control<\/strong> <strong data-renderer-mark=\"true\">centralizado<\/strong> y <strong data-renderer-mark=\"true\">local<\/strong> en:<\/p><ul class=\"ak-ul\" data-indent-level=\"1\"><li><p data-renderer-start-pos=\"1640\"><strong data-renderer-mark=\"true\">Salas de reuniones de alta gama <\/strong>(incluida la impresionante <strong data-renderer-mark=\"true\">sala Socis<\/strong> con una pared LED curva)<\/p><\/li><li><p data-renderer-start-pos=\"1727\">El <strong data-renderer-mark=\"true\">sal\u00f3n de baile<\/strong>, utilizado para actos y conferencias<\/p><\/li><li><p data-renderer-start-pos=\"1776\">M\u00fasica de fondo y sistemas de se\u00f1alizaci\u00f3n en zonas p\u00fablicas<\/p><\/li><li><p data-renderer-start-pos=\"1832\">Grandes suites y espacios ejecutivos<\/p><\/li><\/ul>\t\t\t\t\t\t\t\t<\/div>\n\t\t\t\t<\/div>\n\t\t\t\t<\/div>\n\t\t\t\t\t<\/div>\n\t\t\t\t<\/div>\n\t\t<div class=\"elementor-element elementor-element-1df0603 e-grid e-con-boxed e-con e-child\" data-id=\"1df0603\" data-element_type=\"container\" data-e-type=\"container\">\n\t\t\t\t\t<div class=\"e-con-inner\">\n\t\t<div class=\"elementor-element elementor-element-02abb3c e-con-full e-flex e-con e-child\" data-id=\"02abb3c\" data-element_type=\"container\" data-e-type=\"container\">\n\t\t\t\t<div class=\"elementor-element elementor-element-66b3c4b elementor-widget elementor-widget-text-editor\" data-id=\"66b3c4b\" data-element_type=\"widget\" data-e-type=\"widget\" data-widget_type=\"text-editor.default\">\n\t\t\t\t<div class=\"elementor-widget-container\">\n\t\t\t\t\t\t\t\t\t<p data-renderer-start-pos=\"1873\">Gracias a la <strong data-renderer-mark=\"true\">flexibilidad <\/strong>y <strong data-renderer-mark=\"true\">facilidad de uso<\/strong> del sistema CUE, el hotel puede ahora ofrecer una <strong data-renderer-mark=\"true\">experiencia sin fisuras a los hu\u00e9spedes <\/strong>, al tiempo que proporciona al personal <strong data-renderer-mark=\"true\">un control total de los sistemas audiovisuales<\/strong> de todo el recinto: desde paneles t\u00e1ctiles o a distancia.<\/p><p data-renderer-start-pos=\"2077\">El resultado es una elegante integraci\u00f3n de <strong data-renderer-mark=\"true\">tecnolog\u00eda moderna en un espacio rico en patrimonio<\/strong>, que garantiza que <a class=\"_mizu1p6i _1ah31bk5 _ra3xnqa1 _128m1bk5 _1cvmnqa1 _4davt94y _4bfu18uv _1hms8stv _ajmmnqa1 _vchhusvi _kqswh2mm _syaz14q2 _ect41gqc _1a3b18uv _4fpr8stv _5goinqa1 _f8pj14q2 _9oik18uv _1bnxglyw _jf4cnqa1 _30l314q2 _1nrm18uv _c2waglyw _1iohnqa1 _9h8h16c2 _1053w7te _1ienw7te _n0fxw7te _1vhvg3x0\" title=\"https:\/\/www.nh-collection.com\/en\/hotel\/nh-collection-helsinki-grand-hansa\" href=\"https:\/\/www.nh-collection.com\/en\/hotel\/nh-collection-helsinki-grand-hansa\" data-renderer-mark=\"true\" data-is-router-link=\"false\" data-testid=\"link-with-safety\">el Hotel Grand Hansa<\/a> est\u00e9 preparado para las exigencias de hoy y las expectativas de ma\u00f1ana.<\/p>\t\t\t\t\t\t\t\t<\/div>\n\t\t\t\t<\/div>\n\t\t\t\t<\/div>\n\t\t<div class=\"elementor-element elementor-element-dfed210 e-con-full e-flex e-con e-child\" data-id=\"dfed210\" data-element_type=\"container\" data-e-type=\"container\">\n\t\t\t\t<div class=\"elementor-element elementor-element-1313755 elementor-widget elementor-widget-image\" data-id=\"1313755\" data-element_type=\"widget\" data-e-type=\"widget\" data-widget_type=\"image.default\">\n\t\t\t\t<div class=\"elementor-widget-container\">\n\t\t\t\t\t\t\t\t\t\t\t\t<figure class=\"wp-caption\">\n\t\t\t\t\t\t\t\t\t\t<img loading=\"lazy\" decoding=\"async\" width=\"700\" height=\"466\" src=\"https:\/\/www.cuesystem.com\/wp-content\/uploads\/2025\/08\/Ballroom-valkokankaat.webp\" class=\"attachment-large size-large wp-image-32170\" alt=\"\" srcset=\"https:\/\/www.cuesystem.com\/wp-content\/uploads\/2025\/08\/Ballroom-valkokankaat.webp 700w, https:\/\/www.cuesystem.com\/wp-content\/uploads\/2025\/08\/Ballroom-valkokankaat-300x200.webp 300w\" sizes=\"(max-width: 700px) 100vw, 700px\" \/>\t\t\t\t\t\t\t\t\t\t\t<figcaption class=\"widget-image-caption wp-caption-text\">Sala de baile<\/figcaption>\n\t\t\t\t\t\t\t\t\t\t<\/figure>\n\t\t\t\t\t\t\t\t\t<\/div>\n\t\t\t\t<\/div>\n\t\t\t\t<\/div>\n\t\t\t\t\t<\/div>\n\t\t\t\t<\/div>\n\t\t\t\t<\/div>\n\t\t<div class=\"elementor-element elementor-element-0541ade e-flex e-con-boxed e-con e-parent\" data-id=\"0541ade\" data-element_type=\"container\" data-e-type=\"container\">\n\t\t\t\t\t<div class=\"e-con-inner\">\n\t\t\t\t<div class=\"elementor-element elementor-element-d2c400f elementor-widget elementor-widget-heading\" data-id=\"d2c400f\" data-element_type=\"widget\" data-e-type=\"widget\" data-widget_type=\"heading.default\">\n\t\t\t\t<div class=\"elementor-widget-container\">\n\t\t\t\t\t<h2 class=\"elementor-heading-title elementor-size-default\"><a href=\"https:\/\/electrowaves.fi\/en\/grand-hansa-hotel\/\">M\u00e1s sobre este proyecto<\/a><\/h2>\t\t\t\t<\/div>\n\t\t\t\t<\/div>\n\t\t\t\t\t<\/div>\n\t\t\t\t<\/div>\n\t\t\t\t<\/div>\n\t\t","protected":false},"excerpt":{"rendered":"<p>Estudio de caso Hotel Grand Hansa El desaf\u00edo El reci\u00e9n inaugurado Grand Hansa Hotel, en el coraz\u00f3n de Helsinki, se propuso ofrecer a sus hu\u00e9spedes una experiencia de cinco estrellas que combina la elegancia atemporal con la tecnolog\u00eda m\u00e1s avanzada. Para satisfacer las expectativas modernas, el hotel necesitaba una soluci\u00f3n audiovisual y de control robusta <a href=\"https:\/\/www.cuesystem.com\/es\/casos-practicos\/hotel-grand-hansa\/\" class=\"more-link\">&#8230;<span class=\"screen-reader-text\">  Hotel Grand Hansa<\/span><\/a><\/p>\n","protected":false},"author":11,"featured_media":0,"parent":30180,"menu_order":146,"comment_status":"closed","ping_status":"closed","template":"","meta":{"_acf_changed":false,"inline_featured_image":false,"footnotes":""},"kategorie":[],"class_list":["post-32218","page","type-page","status-publish","hentry"],"acf":[],"_links":{"self":[{"href":"https:\/\/www.cuesystem.com\/es\/wp-json\/wp\/v2\/pages\/32218","targetHints":{"allow":["GET"]}}],"collection":[{"href":"https:\/\/www.cuesystem.com\/es\/wp-json\/wp\/v2\/pages"}],"about":[{"href":"https:\/\/www.cuesystem.com\/es\/wp-json\/wp\/v2\/types\/page"}],"author":[{"embeddable":true,"href":"https:\/\/www.cuesystem.com\/es\/wp-json\/wp\/v2\/users\/11"}],"replies":[{"embeddable":true,"href":"https:\/\/www.cuesystem.com\/es\/wp-json\/wp\/v2\/comments?post=32218"}],"version-history":[{"count":1,"href":"https:\/\/www.cuesystem.com\/es\/wp-json\/wp\/v2\/pages\/32218\/revisions"}],"predecessor-version":[{"id":32219,"href":"https:\/\/www.cuesystem.com\/es\/wp-json\/wp\/v2\/pages\/32218\/revisions\/32219"}],"up":[{"embeddable":true,"href":"https:\/\/www.cuesystem.com\/es\/wp-json\/wp\/v2\/pages\/30180"}],"wp:attachment":[{"href":"https:\/\/www.cuesystem.com\/es\/wp-json\/wp\/v2\/media?parent=32218"}],"wp:term":[{"taxonomy":"kategorie","embeddable":true,"href":"https:\/\/www.cuesystem.com\/es\/wp-json\/wp\/v2\/kategorie?post=32218"}],"curies":[{"name":"wp","href":"https:\/\/api.w.org\/{rel}","templated":true}]}}