{"id":33261,"date":"2025-11-11T13:15:26","date_gmt":"2025-11-11T12:15:26","guid":{"rendered":"https:\/\/www.cuesystem.com\/novedades\/cue-finalista-de-los-premios-inavation-2026\/"},"modified":"2025-11-11T13:49:25","modified_gmt":"2025-11-11T12:49:25","slug":"cue-finalista-de-los-premios-inavation-2026","status":"publish","type":"page","link":"https:\/\/www.cuesystem.com\/es\/novedades\/cue-finalista-de-los-premios-inavation-2026\/","title":{"rendered":"CUE: Finalista de los Premios Inavation 2026"},"content":{"rendered":"\t\t<div data-elementor-type=\"wp-page\" data-elementor-id=\"33261\" class=\"elementor elementor-33261 elementor-33228\" data-elementor-post-type=\"page\">\n\t\t\t\t<div class=\"elementor-element elementor-element-fc2ac53 e-con-full e-flex e-con e-child\" data-id=\"fc2ac53\" data-element_type=\"container\" data-e-type=\"container\">\n\t\t\t\t<div class=\"elementor-element elementor-element-4f23c9f elementor-widget elementor-widget-heading\" data-id=\"4f23c9f\" data-element_type=\"widget\" data-e-type=\"widget\" data-widget_type=\"heading.default\">\n\t\t\t\t<div class=\"elementor-widget-container\">\n\t\t\t\t\t<h3 class=\"elementor-heading-title elementor-size-default\"><span style=\"font-size: 20.8px\">Anuncio<\/span><\/h3>\t\t\t\t<\/div>\n\t\t\t\t<\/div>\n\t\t\t\t<div class=\"elementor-element elementor-element-3ed1bb1 elementor-widget elementor-widget-heading\" data-id=\"3ed1bb1\" data-element_type=\"widget\" data-e-type=\"widget\" data-widget_type=\"heading.default\">\n\t\t\t\t<div class=\"elementor-widget-container\">\n\t\t\t\t\t<h1 class=\"elementor-heading-title elementor-size-default\">\u00a1Somos finalistas en los Premios Inavation 2026!<\/h1>\t\t\t\t<\/div>\n\t\t\t\t<\/div>\n\t\t<div class=\"elementor-element elementor-element-48b7933 e-flex e-con-boxed e-con e-child\" data-id=\"48b7933\" data-element_type=\"container\" data-e-type=\"container\">\n\t\t\t\t\t<div class=\"e-con-inner\">\n\t\t\t\t<div class=\"elementor-element elementor-element-5b90a1b elementor-widget-divider--view-line elementor-widget elementor-widget-divider\" data-id=\"5b90a1b\" data-element_type=\"widget\" data-e-type=\"widget\" data-widget_type=\"divider.default\">\n\t\t\t\t<div class=\"elementor-widget-container\">\n\t\t\t\t\t\t\t<div class=\"elementor-divider\">\n\t\t\t<span class=\"elementor-divider-separator\">\n\t\t\t\t\t\t<\/span>\n\t\t<\/div>\n\t\t\t\t\t\t<\/div>\n\t\t\t\t<\/div>\n\t\t\t\t<div class=\"elementor-element elementor-element-f57f4ec elementor-widget elementor-widget-text-editor\" data-id=\"f57f4ec\" data-element_type=\"widget\" data-e-type=\"widget\" data-widget_type=\"text-editor.default\">\n\t\t\t\t<div class=\"elementor-widget-container\">\n\t\t\t\t\t\t\t\t\t<p>Nos enorgullece compartir que <strong>CUE<\/strong> ha vuelto a ser preseleccionada para los prestigiosos premios <span style=\"text-decoration: underline;\"><a href=\"https:\/\/www.inavateonthenet.net\/vote\"><strong>Premios Inavation<\/strong><\/a><\/span>esta vez en la categor\u00eda de <strong>Monitorizaci\u00f3n y Control<\/strong> con nuestra <strong>soluci\u00f3n Monitorizaci\u00f3n y Control con CUE<\/strong>.<\/p>\t\t\t\t\t\t\t\t<\/div>\n\t\t\t\t<\/div>\n\t\t\t\t<div class=\"elementor-element elementor-element-c6591e8 elementor-align-center elementor-widget elementor-widget-button\" data-id=\"c6591e8\" data-element_type=\"widget\" data-e-type=\"widget\" data-widget_type=\"button.default\">\n\t\t\t\t<div class=\"elementor-widget-container\">\n\t\t\t\t\t\t\t\t\t<div class=\"elementor-button-wrapper\">\n\t\t\t\t\t<a class=\"elementor-button elementor-button-link elementor-size-sm\" href=\"https:\/\/www.inavateonthenet.net\/vote\" target=\"_blank\">\n\t\t\t\t\t\t<span class=\"elementor-button-content-wrapper\">\n\t\t\t\t\t\t\t\t\t<span class=\"elementor-button-text\">VOTA A CUE<\/span>\n\t\t\t\t\t<\/span>\n\t\t\t\t\t<\/a>\n\t\t\t\t<\/div>\n\t\t\t\t\t\t\t\t<\/div>\n\t\t\t\t<\/div>\n\t\t\t\t\t<\/div>\n\t\t\t\t<\/div>\n\t\t\t\t<div class=\"elementor-element elementor-element-fad3fb8 elementor-widget-divider--view-line elementor-widget elementor-widget-divider\" data-id=\"fad3fb8\" data-element_type=\"widget\" data-e-type=\"widget\" data-widget_type=\"divider.default\">\n\t\t\t\t<div class=\"elementor-widget-container\">\n\t\t\t\t\t\t\t<div class=\"elementor-divider\">\n\t\t\t<span class=\"elementor-divider-separator\">\n\t\t\t\t\t\t<\/span>\n\t\t<\/div>\n\t\t\t\t\t\t<\/div>\n\t\t\t\t<\/div>\n\t\t<div class=\"elementor-element elementor-element-1f0d575 e-grid e-con-boxed e-con e-child\" data-id=\"1f0d575\" data-element_type=\"container\" data-e-type=\"container\">\n\t\t\t\t\t<div class=\"e-con-inner\">\n\t\t\t\t<div class=\"elementor-element elementor-element-4c6b704 elementor-widget elementor-widget-text-editor\" data-id=\"4c6b704\" data-element_type=\"widget\" data-e-type=\"widget\" data-widget_type=\"text-editor.default\">\n\t\t\t\t<div class=\"elementor-widget-container\">\n\t\t\t\t\t\t\t\t\t<p>Esta plataforma inteligente \u00abtodo en uno\u00bb a\u00fana supervisi\u00f3n, control y an\u00e1lisis en un entorno sin fisuras, uniendo dispositivos, sensores e interfaces de usuario para un funcionamiento sin esfuerzo basado en navegador. Sin aplicaciones ni inicios de sesi\u00f3n, s\u00f3lo acceso instant\u00e1neo y control total. <\/p><p>Desde espacios de trabajo corporativos a hospitales y campus inteligentes, permite a los usuarios transformar sistemas complejos en entornos intuitivos y eficientes.<\/p><p>Ahora, necesitamos tu apoyo para dar un paso m\u00e1s.<br><strong>La votaci\u00f3n p\u00fablica est\u00e1 abierta hasta el 16 de enero de 2026. Y cada voto cuenta. <\/strong><\/p><p><span style=\"text-decoration: underline;\"><a href=\"https:\/\/www.inavateonthenet.net\/vote\"><strong>VOTA POR NOSOTROS<\/strong><\/a><\/span><\/p><p>Gracias por ayudarnos a dar forma al futuro del control inteligente. \u00a1Tu voto nos acerca a la victoria! <\/p>\t\t\t\t\t\t\t\t<\/div>\n\t\t\t\t<\/div>\n\t\t\t\t<div class=\"elementor-element elementor-element-0760008 elementor-widget elementor-widget-image\" data-id=\"0760008\" data-element_type=\"widget\" data-e-type=\"widget\" data-widget_type=\"image.default\">\n\t\t\t\t<div class=\"elementor-widget-container\">\n\t\t\t\t\t\t\t\t\t\t\t\t\t\t\t\t<a href=\"https:\/\/www.inavateonthenet.net\/vote\" target=\"_blank\">\n\t\t\t\t\t\t\t<img fetchpriority=\"high\" decoding=\"async\" width=\"1024\" height=\"1024\" src=\"https:\/\/www.cuesystem.com\/wp-content\/uploads\/2025\/11\/CUE-Social-media-\u2013-1000-x-1000-1024x1024.webp\" class=\"attachment-large size-large wp-image-33233\" alt=\"\" srcset=\"https:\/\/www.cuesystem.com\/wp-content\/uploads\/2025\/11\/CUE-Social-media-\u2013-1000-x-1000-1024x1024.webp 1024w, https:\/\/www.cuesystem.com\/wp-content\/uploads\/2025\/11\/CUE-Social-media-\u2013-1000-x-1000-300x300.webp 300w, https:\/\/www.cuesystem.com\/wp-content\/uploads\/2025\/11\/CUE-Social-media-\u2013-1000-x-1000-150x150.webp 150w, https:\/\/www.cuesystem.com\/wp-content\/uploads\/2025\/11\/CUE-Social-media-\u2013-1000-x-1000.webp 1080w\" sizes=\"(max-width: 1024px) 100vw, 1024px\" \/>\t\t\t\t\t\t\t\t<\/a>\n\t\t\t\t\t\t\t\t\t\t\t\t\t\t\t<\/div>\n\t\t\t\t<\/div>\n\t\t\t\t\t<\/div>\n\t\t\t\t<\/div>\n\t\t<div class=\"elementor-element elementor-element-c58d40a e-flex e-con-boxed e-con e-child\" data-id=\"c58d40a\" data-element_type=\"container\" data-e-type=\"container\">\n\t\t\t\t\t<div class=\"e-con-inner\">\n\t\t\t\t<div class=\"elementor-element elementor-element-6f33dd2 elementor-widget-divider--view-line elementor-widget elementor-widget-divider\" data-id=\"6f33dd2\" data-element_type=\"widget\" data-e-type=\"widget\" data-widget_type=\"divider.default\">\n\t\t\t\t<div class=\"elementor-widget-container\">\n\t\t\t\t\t\t\t<div class=\"elementor-divider\">\n\t\t\t<span class=\"elementor-divider-separator\">\n\t\t\t\t\t\t<\/span>\n\t\t<\/div>\n\t\t\t\t\t\t<\/div>\n\t\t\t\t<\/div>\n\t\t\t\t<div class=\"elementor-element elementor-element-07aba1b elementor-align-center elementor-widget elementor-widget-button\" data-id=\"07aba1b\" data-element_type=\"widget\" data-e-type=\"widget\" data-widget_type=\"button.default\">\n\t\t\t\t<div class=\"elementor-widget-container\">\n\t\t\t\t\t\t\t\t\t<div class=\"elementor-button-wrapper\">\n\t\t\t\t\t<a class=\"elementor-button elementor-button-link elementor-size-sm\" href=\"https:\/\/www.inavateonthenet.net\/vote\" target=\"_blank\">\n\t\t\t\t\t\t<span class=\"elementor-button-content-wrapper\">\n\t\t\t\t\t\t\t\t\t<span class=\"elementor-button-text\">VOTA A CUE<\/span>\n\t\t\t\t\t<\/span>\n\t\t\t\t\t<\/a>\n\t\t\t\t<\/div>\n\t\t\t\t\t\t\t\t<\/div>\n\t\t\t\t<\/div>\n\t\t<div class=\"elementor-element elementor-element-4fe1031 e-con-full e-flex e-con e-child\" data-id=\"4fe1031\" data-element_type=\"container\" data-e-type=\"container\">\n\t\t\t\t<div class=\"elementor-element elementor-element-5f148fa elementor-widget-divider--view-line elementor-widget elementor-widget-divider\" data-id=\"5f148fa\" data-element_type=\"widget\" data-e-type=\"widget\" data-widget_type=\"divider.default\">\n\t\t\t\t<div class=\"elementor-widget-container\">\n\t\t\t\t\t\t\t<div class=\"elementor-divider\">\n\t\t\t<span class=\"elementor-divider-separator\">\n\t\t\t\t\t\t<\/span>\n\t\t<\/div>\n\t\t\t\t\t\t<\/div>\n\t\t\t\t<\/div>\n\t\t\t\t<div class=\"elementor-element elementor-element-0770942 elementor-widget elementor-widget-text-editor\" data-id=\"0770942\" data-element_type=\"widget\" data-e-type=\"widget\" data-widget_type=\"text-editor.default\">\n\t\t\t\t<div class=\"elementor-widget-container\">\n\t\t\t\t\t\t\t\t\t<p>Creada: 2025-11<\/p>\t\t\t\t\t\t\t\t<\/div>\n\t\t\t\t<\/div>\n\t\t\t\t<div class=\"elementor-element elementor-element-e4bbd17 elementor-widget-divider--view-line elementor-widget elementor-widget-divider\" data-id=\"e4bbd17\" data-element_type=\"widget\" data-e-type=\"widget\" data-widget_type=\"divider.default\">\n\t\t\t\t<div class=\"elementor-widget-container\">\n\t\t\t\t\t\t\t<div class=\"elementor-divider\">\n\t\t\t<span class=\"elementor-divider-separator\">\n\t\t\t\t\t\t<\/span>\n\t\t<\/div>\n\t\t\t\t\t\t<\/div>\n\t\t\t\t<\/div>\n\t\t\t\t<\/div>\n\t\t\t\t\t<\/div>\n\t\t\t\t<\/div>\n\t\t\t\t<\/div>\n\t\t\t\t<\/div>\n\t\t","protected":false},"excerpt":{"rendered":"<p>Anuncio \u00a1Somos finalistas en los Premios Inavation 2026! Nos enorgullece compartir que CUE ha vuelto a ser preseleccionada para los prestigiosos premios Premios Inavationesta vez en la categor\u00eda de Monitorizaci\u00f3n y Control con nuestra soluci\u00f3n Monitorizaci\u00f3n y Control con CUE. VOTA A CUE Esta plataforma inteligente \u00abtodo en uno\u00bb a\u00fana supervisi\u00f3n, control y an\u00e1lisis en <a href=\"https:\/\/www.cuesystem.com\/es\/novedades\/cue-finalista-de-los-premios-inavation-2026\/\" class=\"more-link\">&#8230;<span class=\"screen-reader-text\">  CUE: Finalista de los Premios Inavation 2026<\/span><\/a><\/p>\n","protected":false},"author":11,"featured_media":0,"parent":31297,"menu_order":125,"comment_status":"closed","ping_status":"closed","template":"","meta":{"_acf_changed":false,"inline_featured_image":false,"footnotes":""},"kategorie":[],"class_list":["post-33261","page","type-page","status-publish","hentry"],"acf":[],"_links":{"self":[{"href":"https:\/\/www.cuesystem.com\/es\/wp-json\/wp\/v2\/pages\/33261","targetHints":{"allow":["GET"]}}],"collection":[{"href":"https:\/\/www.cuesystem.com\/es\/wp-json\/wp\/v2\/pages"}],"about":[{"href":"https:\/\/www.cuesystem.com\/es\/wp-json\/wp\/v2\/types\/page"}],"author":[{"embeddable":true,"href":"https:\/\/www.cuesystem.com\/es\/wp-json\/wp\/v2\/users\/11"}],"replies":[{"embeddable":true,"href":"https:\/\/www.cuesystem.com\/es\/wp-json\/wp\/v2\/comments?post=33261"}],"version-history":[{"count":1,"href":"https:\/\/www.cuesystem.com\/es\/wp-json\/wp\/v2\/pages\/33261\/revisions"}],"predecessor-version":[{"id":33262,"href":"https:\/\/www.cuesystem.com\/es\/wp-json\/wp\/v2\/pages\/33261\/revisions\/33262"}],"up":[{"embeddable":true,"href":"https:\/\/www.cuesystem.com\/es\/wp-json\/wp\/v2\/pages\/31297"}],"wp:attachment":[{"href":"https:\/\/www.cuesystem.com\/es\/wp-json\/wp\/v2\/media?parent=33261"}],"wp:term":[{"taxonomy":"kategorie","embeddable":true,"href":"https:\/\/www.cuesystem.com\/es\/wp-json\/wp\/v2\/kategorie?post=33261"}],"curies":[{"name":"wp","href":"https:\/\/api.w.org\/{rel}","templated":true}]}}