{"id":36680,"date":"2026-03-19T12:18:12","date_gmt":"2026-03-19T11:18:12","guid":{"rendered":"https:\/\/www.cuesystem.com\/actualizaciones-e-innovaciones-de-cue-20260512\/"},"modified":"2026-03-29T21:29:49","modified_gmt":"2026-03-29T19:29:49","slug":"actualizaciones-e-innovaciones-de-cue-20260512","status":"publish","type":"page","link":"https:\/\/www.cuesystem.com\/es\/actualizaciones-e-innovaciones-de-cue-20260512\/","title":{"rendered":"Training CUE Updates &amp; Innovations 12.5.2026"},"content":{"rendered":"\t\t<div data-elementor-type=\"wp-page\" data-elementor-id=\"36680\" class=\"elementor elementor-36680 elementor-36564\" data-elementor-post-type=\"page\">\n\t\t\t\t<div class=\"elementor-element elementor-element-335e1a4 e-con-full e-flex e-con e-parent\" data-id=\"335e1a4\" data-element_type=\"container\" data-e-type=\"container\" data-settings=\"{&quot;background_background&quot;:&quot;classic&quot;}\">\n\t\t\t\t<div class=\"elementor-element elementor-element-3c952de elementor-widget elementor-widget-heading\" data-id=\"3c952de\" data-element_type=\"widget\" data-e-type=\"widget\" data-widget_type=\"heading.default\">\n\t\t\t\t<div class=\"elementor-widget-container\">\n\t\t\t\t\t<h3 class=\"elementor-heading-title elementor-size-default\">Curso de educaci\u00f3n<\/h3>\t\t\t\t<\/div>\n\t\t\t\t<\/div>\n\t\t\t\t<div class=\"elementor-element elementor-element-ae380ea elementor-widget elementor-widget-heading\" data-id=\"ae380ea\" data-element_type=\"widget\" data-e-type=\"widget\" data-widget_type=\"heading.default\">\n\t\t\t\t<div class=\"elementor-widget-container\">\n\t\t\t\t\t<h1 class=\"elementor-heading-title elementor-size-default\">Actualizaciones e innovaciones de CUE<\/h1>\t\t\t\t<\/div>\n\t\t\t\t<\/div>\n\t\t\t\t<div class=\"elementor-element elementor-element-0eb8023 elementor-widget elementor-widget-heading\" data-id=\"0eb8023\" data-element_type=\"widget\" data-e-type=\"widget\" data-widget_type=\"heading.default\">\n\t\t\t\t<div class=\"elementor-widget-container\">\n\t\t\t\t\t<h2 class=\"elementor-heading-title elementor-size-default\">12. 5.  2026<\/h2>\t\t\t\t<\/div>\n\t\t\t\t<\/div>\n\t\t<div class=\"elementor-element elementor-element-df89530 e-grid e-con-boxed e-con e-child\" data-id=\"df89530\" data-element_type=\"container\" data-e-type=\"container\">\n\t\t\t\t\t<div class=\"e-con-inner\">\n\t\t<div class=\"elementor-element elementor-element-923c1a8 e-flex e-con-boxed e-con e-child\" data-id=\"923c1a8\" data-element_type=\"container\" data-e-type=\"container\">\n\t\t\t\t\t<div class=\"e-con-inner\">\n\t\t\t\t<div class=\"elementor-element elementor-element-069f028 elementor-widget elementor-widget-heading\" data-id=\"069f028\" data-element_type=\"widget\" data-e-type=\"widget\" data-widget_type=\"heading.default\">\n\t\t\t\t<div class=\"elementor-widget-container\">\n\t\t\t\t\t<h3 class=\"elementor-heading-title elementor-size-default\"><span style=\"font-size: 20.8px\">Horario<\/span><\/h3>\t\t\t\t<\/div>\n\t\t\t\t<\/div>\n\t\t\t\t<div class=\"elementor-element elementor-element-0955bf7 elementor-widget-laptop__width-initial elementor-icon-list--layout-traditional elementor-list-item-link-full_width elementor-widget elementor-widget-icon-list\" data-id=\"0955bf7\" data-element_type=\"widget\" data-e-type=\"widget\" data-widget_type=\"icon-list.default\">\n\t\t\t\t<div class=\"elementor-widget-container\">\n\t\t\t\t\t\t\t<ul class=\"elementor-icon-list-items\">\n\t\t\t\t\t\t\t<li class=\"elementor-icon-list-item\">\n\t\t\t\t\t\t\t\t\t\t\t<span class=\"elementor-icon-list-icon\">\n\t\t\t\t\t\t\t<svg aria-hidden=\"true\" class=\"e-font-icon-svg e-far-calendar-check\" viewBox=\"0 0 448 512\" xmlns=\"http:\/\/www.w3.org\/2000\/svg\"><path d=\"M400 64h-48V12c0-6.627-5.373-12-12-12h-40c-6.627 0-12 5.373-12 12v52H160V12c0-6.627-5.373-12-12-12h-40c-6.627 0-12 5.373-12 12v52H48C21.49 64 0 85.49 0 112v352c0 26.51 21.49 48 48 48h352c26.51 0 48-21.49 48-48V112c0-26.51-21.49-48-48-48zm-6 400H54a6 6 0 0 1-6-6V160h352v298a6 6 0 0 1-6 6zm-52.849-200.65L198.842 404.519c-4.705 4.667-12.303 4.637-16.971-.068l-75.091-75.699c-4.667-4.705-4.637-12.303.068-16.971l22.719-22.536c4.705-4.667 12.303-4.637 16.97.069l44.104 44.461 111.072-110.181c4.705-4.667 12.303-4.637 16.971.068l22.536 22.718c4.667 4.705 4.636 12.303-.069 16.97z\"><\/path><\/svg>\t\t\t\t\t\t<\/span>\n\t\t\t\t\t\t\t\t\t\t<span class=\"elementor-icon-list-text\"><b>09:00 - 11:00 UTC<\/b> (10:00 - 12:00 CET)<\/span>\n\t\t\t\t\t\t\t\t\t<\/li>\n\t\t\t\t\t\t<\/ul>\n\t\t\t\t\t\t<\/div>\n\t\t\t\t<\/div>\n\t\t\t\t\t<\/div>\n\t\t\t\t<\/div>\n\t\t<div class=\"elementor-element elementor-element-dfcf95c e-flex e-con-boxed e-con e-child\" data-id=\"dfcf95c\" data-element_type=\"container\" data-e-type=\"container\">\n\t\t\t\t\t<div class=\"e-con-inner\">\n\t\t\t\t<div class=\"elementor-element elementor-element-9870777 elementor-widget elementor-widget-heading\" data-id=\"9870777\" data-element_type=\"widget\" data-e-type=\"widget\" data-widget_type=\"heading.default\">\n\t\t\t\t<div class=\"elementor-widget-container\">\n\t\t\t\t\t<h3 class=\"elementor-heading-title elementor-size-default\">Detalles<\/h3>\t\t\t\t<\/div>\n\t\t\t\t<\/div>\n\t\t\t\t<div class=\"elementor-element elementor-element-5e3f775 elementor-widget elementor-widget-text-editor\" data-id=\"5e3f775\" data-element_type=\"widget\" data-e-type=\"widget\" data-widget_type=\"text-editor.default\">\n\t\t\t\t<div class=\"elementor-widget-container\">\n\t\t\t\t\t\t\t\t\t<p>Idioma: <strong>Ingl\u00e9s<\/strong><\/p>\t\t\t\t\t\t\t\t<\/div>\n\t\t\t\t<\/div>\n\t\t\t\t<div class=\"elementor-element elementor-element-0db4a87 elementor-widget elementor-widget-text-editor\" data-id=\"0db4a87\" data-element_type=\"widget\" data-e-type=\"widget\" data-widget_type=\"text-editor.default\">\n\t\t\t\t<div class=\"elementor-widget-container\">\n\t\t\t\t\t\t\t\t\t<p>Tipo de formaci\u00f3n: <b>En l\u00ednea<\/b><\/p>\t\t\t\t\t\t\t\t<\/div>\n\t\t\t\t<\/div>\n\t\t\t\t<div class=\"elementor-element elementor-element-c2b9fd9 elementor-widget elementor-widget-text-editor\" data-id=\"c2b9fd9\" data-element_type=\"widget\" data-e-type=\"widget\" data-widget_type=\"text-editor.default\">\n\t\t\t\t<div class=\"elementor-widget-container\">\n\t\t\t\t\t\t\t\t\t<p>Entrenador: <strong>Richard Milek<\/strong><\/p>\t\t\t\t\t\t\t\t<\/div>\n\t\t\t\t<\/div>\n\t\t\t\t\t<\/div>\n\t\t\t\t<\/div>\n\t\t\t\t\t<\/div>\n\t\t\t\t<\/div>\n\t\t<div class=\"elementor-element elementor-element-68e2678 e-flex e-con-boxed e-con e-child\" data-id=\"68e2678\" data-element_type=\"container\" data-e-type=\"container\">\n\t\t\t\t\t<div class=\"e-con-inner\">\n\t\t<div class=\"elementor-element elementor-element-6dff069 e-flex e-con-boxed e-con e-child\" data-id=\"6dff069\" data-element_type=\"container\" data-e-type=\"container\">\n\t\t\t\t\t<div class=\"e-con-inner\">\n\t\t\t\t<div class=\"elementor-element elementor-element-12ea63b elementor-widget elementor-widget-heading\" data-id=\"12ea63b\" data-element_type=\"widget\" data-e-type=\"widget\" data-widget_type=\"heading.default\">\n\t\t\t\t<div class=\"elementor-widget-container\">\n\t\t\t\t\t<h3 class=\"elementor-heading-title elementor-size-default\">Descripci\u00f3n del curso<\/h3>\t\t\t\t<\/div>\n\t\t\t\t<\/div>\n\t\t\t\t<div class=\"elementor-element elementor-element-3263582 elementor-widget elementor-widget-text-editor\" data-id=\"3263582\" data-element_type=\"widget\" data-e-type=\"widget\" data-widget_type=\"text-editor.default\">\n\t\t\t\t<div class=\"elementor-widget-container\">\n\t\t\t\t\t\t\t\t\t<p><strong>Actualizaciones e innovaciones de CUE<\/strong> es la primera sesi\u00f3n de nuestra nueva serie de presentaciones en l\u00ednea dise\u00f1adas para mantener a nuestros socios regularmente informados sobre los <strong>\u00faltimos avances en hardware y software de CUE<\/strong>.<\/p><p>Esta sesi\u00f3n introductoria proporcionar\u00e1 una amplia visi\u00f3n general de las innovaciones m\u00e1s importantes presentadas en ISE, incluidos nuestros productos de hardware m\u00e1s recientes (touchCUE-7-W, touchONE-7-W y signCUE-three), as\u00ed como las \u00faltimas capacidades de CUE Solution. <strong>La atenci\u00f3n se centrar\u00e1 en los casos pr\u00e1cticos de uso, las aplicaciones en el mundo real y las ventajas que estas tecnolog\u00edas aportan a las operaciones cotidianas<\/strong>.<\/p><p>En lugar de profundizar en los detalles t\u00e9cnicos de programaci\u00f3n, la sesi\u00f3n se centrar\u00e1 en c\u00f3mo pueden utilizarse estas soluciones en proyectos reales, qu\u00e9 problemas resuelven y c\u00f3mo pueden apoyar las conversaciones de ventas con los clientes. Por esta raz\u00f3n, la formaci\u00f3n est\u00e1 especialmente <strong>indicada para profesionales de ventas y socios comerciales<\/strong> que quieran comprender mejor el valor y las posibilidades del ecosistema CUE. <\/p><p>Esta sesi\u00f3n sirve de visi\u00f3n general y anticipo. Al final, presentaremos pr\u00f3ximas sesiones de formaci\u00f3n m\u00e1s especializadas que profundizar\u00e1n en temas concretos. <\/p><p><strong>\u00danete a nosotros para estar al d\u00eda de las \u00faltimas innovaciones de CUE y descubrir c\u00f3mo pueden aplicarse en la pr\u00e1ctica.<\/strong><\/p>\t\t\t\t\t\t\t\t<\/div>\n\t\t\t\t<\/div>\n\t\t\t\t\t<\/div>\n\t\t\t\t<\/div>\n\t\t\t\t\t<\/div>\n\t\t\t\t<\/div>\n\t\t<div class=\"elementor-element elementor-element-d7a4c77 e-flex e-con-boxed e-con e-child\" data-id=\"d7a4c77\" data-element_type=\"container\" data-e-type=\"container\">\n\t\t\t\t\t<div class=\"e-con-inner\">\n\t\t\t\t<div class=\"elementor-element elementor-element-8bc7102 elementor-widget elementor-widget-heading\" data-id=\"8bc7102\" data-element_type=\"widget\" data-e-type=\"widget\" data-widget_type=\"heading.default\">\n\t\t\t\t<div class=\"elementor-widget-container\">\n\t\t\t\t\t<h3 class=\"elementor-heading-title elementor-size-default\">Si est\u00e1s interesado en asistir a este curso de formaci\u00f3n online, rellena la inscripci\u00f3n.<\/h3>\t\t\t\t<\/div>\n\t\t\t\t<\/div>\n\t\t\t\t<div class=\"elementor-element elementor-element-749f117 elementor-widget elementor-widget-button\" data-id=\"749f117\" data-element_type=\"widget\" data-e-type=\"widget\" data-widget_type=\"button.default\">\n\t\t\t\t<div class=\"elementor-widget-container\">\n\t\t\t\t\t\t\t\t\t<div class=\"elementor-button-wrapper\">\n\t\t\t\t\t<a class=\"elementor-button elementor-button-link elementor-size-sm\" href=\"#elementor-action%3Aaction%3Dpopup%3Aopen%26settings%3DeyJpZCI6MjI4NTAsInRvZ2dsZSI6ZmFsc2V9\">\n\t\t\t\t\t\t<span class=\"elementor-button-content-wrapper\">\n\t\t\t\t\t\t\t\t\t<span class=\"elementor-button-text\">Reg\u00edstrese en<\/span>\n\t\t\t\t\t<\/span>\n\t\t\t\t\t<\/a>\n\t\t\t\t<\/div>\n\t\t\t\t\t\t\t\t<\/div>\n\t\t\t\t<\/div>\n\t\t\t\t\t<\/div>\n\t\t\t\t<\/div>\n\t\t\t\t<\/div>\n\t\t\t\t<\/div>\n\t\t","protected":false},"excerpt":{"rendered":"<p>Curso de educaci\u00f3n Actualizaciones e innovaciones de CUE 12. 5. 2026 Horario 09:00 &#8211; 11:00 UTC (10:00 &#8211; 12:00 CET) Detalles Idioma: Ingl\u00e9s Tipo de formaci\u00f3n: En l\u00ednea Entrenador: Richard Milek Descripci\u00f3n del curso Actualizaciones e innovaciones de CUE es la primera sesi\u00f3n de nuestra nueva serie de presentaciones en l\u00ednea dise\u00f1adas para mantener a <a href=\"https:\/\/www.cuesystem.com\/es\/actualizaciones-e-innovaciones-de-cue-20260512\/\" class=\"more-link\">&#8230;<span class=\"screen-reader-text\">  Training CUE Updates &amp; Innovations 12.5.2026<\/span><\/a><\/p>\n","protected":false},"author":3,"featured_media":0,"parent":0,"menu_order":31,"comment_status":"closed","ping_status":"closed","template":"","meta":{"_acf_changed":false,"inline_featured_image":false,"footnotes":""},"kategorie":[],"class_list":["post-36680","page","type-page","status-publish","hentry"],"acf":[],"_links":{"self":[{"href":"https:\/\/www.cuesystem.com\/es\/wp-json\/wp\/v2\/pages\/36680","targetHints":{"allow":["GET"]}}],"collection":[{"href":"https:\/\/www.cuesystem.com\/es\/wp-json\/wp\/v2\/pages"}],"about":[{"href":"https:\/\/www.cuesystem.com\/es\/wp-json\/wp\/v2\/types\/page"}],"author":[{"embeddable":true,"href":"https:\/\/www.cuesystem.com\/es\/wp-json\/wp\/v2\/users\/3"}],"replies":[{"embeddable":true,"href":"https:\/\/www.cuesystem.com\/es\/wp-json\/wp\/v2\/comments?post=36680"}],"version-history":[{"count":8,"href":"https:\/\/www.cuesystem.com\/es\/wp-json\/wp\/v2\/pages\/36680\/revisions"}],"predecessor-version":[{"id":37124,"href":"https:\/\/www.cuesystem.com\/es\/wp-json\/wp\/v2\/pages\/36680\/revisions\/37124"}],"wp:attachment":[{"href":"https:\/\/www.cuesystem.com\/es\/wp-json\/wp\/v2\/media?parent=36680"}],"wp:term":[{"taxonomy":"kategorie","embeddable":true,"href":"https:\/\/www.cuesystem.com\/es\/wp-json\/wp\/v2\/kategorie?post=36680"}],"curies":[{"name":"wp","href":"https:\/\/api.w.org\/{rel}","templated":true}]}}