{"id":36793,"date":"2026-03-25T12:23:38","date_gmt":"2026-03-25T11:23:38","guid":{"rendered":"https:\/\/www.cuesystem.com\/cue-en-mir-2026-y-medialog-2026\/"},"modified":"2026-03-25T13:10:35","modified_gmt":"2026-03-25T12:10:35","slug":"cue-en-mir-2026-y-medialog-2026","status":"publish","type":"page","link":"https:\/\/www.cuesystem.com\/es\/novedades\/cue-en-mir-2026-y-medialog-2026\/","title":{"rendered":"CUE en MIR 2026 y MEDIALOG 2026"},"content":{"rendered":"\t\t<div data-elementor-type=\"wp-page\" data-elementor-id=\"36793\" class=\"elementor elementor-36793 elementor-36767\" data-elementor-post-type=\"page\">\n\t\t\t\t<div class=\"elementor-element elementor-element-5ac9279 e-con-full e-flex e-con e-child\" data-id=\"5ac9279\" data-element_type=\"container\" data-e-type=\"container\">\n\t\t\t\t<div class=\"elementor-element elementor-element-69d17cc elementor-widget elementor-widget-heading\" data-id=\"69d17cc\" data-element_type=\"widget\" data-e-type=\"widget\" data-widget_type=\"heading.default\">\n\t\t\t\t<div class=\"elementor-widget-container\">\n\t\t\t\t\t<h3 class=\"elementor-heading-title elementor-size-default\">Eventos<\/h3>\t\t\t\t<\/div>\n\t\t\t\t<\/div>\n\t\t\t\t<div class=\"elementor-element elementor-element-9404eb1 elementor-widget elementor-widget-heading\" data-id=\"9404eb1\" data-element_type=\"widget\" data-e-type=\"widget\" data-widget_type=\"heading.default\">\n\t\t\t\t<div class=\"elementor-widget-container\">\n\t\t\t\t\t<h1 class=\"elementor-heading-title elementor-size-default\">CUE en MIR 2026 y MEDIALOG 2026<\/h1>\t\t\t\t<\/div>\n\t\t\t\t<\/div>\n\t\t\t\t<div class=\"elementor-element elementor-element-7ed02ea elementor-widget-divider--view-line elementor-widget elementor-widget-divider\" data-id=\"7ed02ea\" data-element_type=\"widget\" data-e-type=\"widget\" data-widget_type=\"divider.default\">\n\t\t\t\t<div class=\"elementor-widget-container\">\n\t\t\t\t\t\t\t<div class=\"elementor-divider\">\n\t\t\t<span class=\"elementor-divider-separator\">\n\t\t\t\t\t\t<\/span>\n\t\t<\/div>\n\t\t\t\t\t\t<\/div>\n\t\t\t\t<\/div>\n\t\t<div class=\"elementor-element elementor-element-9043eeb e-flex e-con-boxed e-con e-child\" data-id=\"9043eeb\" data-element_type=\"container\" data-e-type=\"container\">\n\t\t\t\t\t<div class=\"e-con-inner\">\n\t\t\t\t<div class=\"elementor-element elementor-element-faa197e elementor-widget elementor-widget-text-editor\" data-id=\"faa197e\" data-element_type=\"widget\" data-e-type=\"widget\" data-widget_type=\"text-editor.default\">\n\t\t\t\t<div class=\"elementor-widget-container\">\n\t\t\t\t\t\t\t\t\t<p>Tras el \u00e9xito de la ISE, esta primavera llevaremos la misma <strong>potente gama de<\/strong> productos a <strong>dos eventos europeos clave<\/strong>. \u00danete a nosotros para explorar c\u00f3mo CUE sigue simplificando el control, la supervisi\u00f3n y la automatizaci\u00f3n en los espacios modernos. <\/p>\t\t\t\t\t\t\t\t<\/div>\n\t\t\t\t<\/div>\n\t\t\t\t\t<\/div>\n\t\t\t\t<\/div>\n\t\t<div class=\"elementor-element elementor-element-778a6df e-flex e-con-boxed e-con e-child\" data-id=\"778a6df\" data-element_type=\"container\" data-e-type=\"container\">\n\t\t\t\t\t<div class=\"e-con-inner\">\n\t\t\t\t<div class=\"elementor-element elementor-element-2e9272b elementor-widget-divider--view-line elementor-widget elementor-widget-divider\" data-id=\"2e9272b\" data-element_type=\"widget\" data-e-type=\"widget\" data-widget_type=\"divider.default\">\n\t\t\t\t<div class=\"elementor-widget-container\">\n\t\t\t\t\t\t\t<div class=\"elementor-divider\">\n\t\t\t<span class=\"elementor-divider-separator\">\n\t\t\t\t\t\t<\/span>\n\t\t<\/div>\n\t\t\t\t\t\t<\/div>\n\t\t\t\t<\/div>\n\t\t\t\t<div class=\"elementor-element elementor-element-5e6dab6 elementor-widget elementor-widget-heading\" data-id=\"5e6dab6\" data-element_type=\"widget\" data-e-type=\"widget\" data-widget_type=\"heading.default\">\n\t\t\t\t<div class=\"elementor-widget-container\">\n\t\t\t\t\t<h2 class=\"elementor-heading-title elementor-size-default\">MIR 2026<\/h2>\t\t\t\t<\/div>\n\t\t\t\t<\/div>\n\t\t\t\t<div class=\"elementor-element elementor-element-1dd28da elementor-widget-divider--view-line elementor-widget elementor-widget-divider\" data-id=\"1dd28da\" data-element_type=\"widget\" data-e-type=\"widget\" data-widget_type=\"divider.default\">\n\t\t\t\t<div class=\"elementor-widget-container\">\n\t\t\t\t\t\t\t<div class=\"elementor-divider\">\n\t\t\t<span class=\"elementor-divider-separator\">\n\t\t\t\t\t\t<\/span>\n\t\t<\/div>\n\t\t\t\t\t\t<\/div>\n\t\t\t\t<\/div>\n\t\t\t\t\t<\/div>\n\t\t\t\t<\/div>\n\t\t<div class=\"elementor-element elementor-element-34c3a6a e-grid e-con-boxed e-con e-child\" data-id=\"34c3a6a\" data-element_type=\"container\" data-e-type=\"container\">\n\t\t\t\t\t<div class=\"e-con-inner\">\n\t\t<div class=\"elementor-element elementor-element-dde71ba e-con-full e-flex e-con e-child\" data-id=\"dde71ba\" data-element_type=\"container\" data-e-type=\"container\">\n\t\t\t\t<div class=\"elementor-element elementor-element-b6e237e elementor-widget elementor-widget-text-editor\" data-id=\"b6e237e\" data-element_type=\"widget\" data-e-type=\"widget\" data-widget_type=\"text-editor.default\">\n\t\t\t\t<div class=\"elementor-widget-container\">\n\t\t\t\t\t\t\t\t\t<h3>12-14 de abril de 2026<\/h3><h4><em>Pabell\u00f3n A1 &#8211; Stand 165 | Rimini Expo Centre, Italia<\/em><\/h4><p>Volvemos a <strong><a href=\"https:\/\/www.mirtechexpo.com\/en\" target=\"_blank\" rel=\"noopener\">MIR<\/a><\/strong>el principal evento italiano de tecnolog\u00edas audiovisuales, de iluminaci\u00f3n y de control. Junto con nuestro socio <a href=\"https:\/\/www.intermark.it\/home-english\/\"><strong>Intermark Sistemi<\/strong><\/a>mostraremos c\u00f3mo funcionan las soluciones de CUE en situaciones reales, desde entornos corporativos a la educaci\u00f3n y m\u00e1s all\u00e1. Te esperan demostraciones pr\u00e1cticas, casos pr\u00e1cticos de uso y experiencias envolventes.  <\/p>\t\t\t\t\t\t\t\t<\/div>\n\t\t\t\t<\/div>\n\t\t\t\t<\/div>\n\t\t<div class=\"elementor-element elementor-element-b55b7d6 e-con-full e-flex e-con e-child\" data-id=\"b55b7d6\" data-element_type=\"container\" data-e-type=\"container\">\n\t\t\t\t<div class=\"elementor-element elementor-element-5317560 elementor-widget elementor-widget-image\" data-id=\"5317560\" data-element_type=\"widget\" data-e-type=\"widget\" data-widget_type=\"image.default\">\n\t\t\t\t<div class=\"elementor-widget-container\">\n\t\t\t\t\t\t\t\t\t\t\t\t\t\t\t<img fetchpriority=\"high\" decoding=\"async\" width=\"1024\" height=\"607\" src=\"https:\/\/www.cuesystem.com\/wp-content\/uploads\/2026\/03\/1761144389-1024x607.webp\" class=\"attachment-large size-large wp-image-36775\" alt=\"\" srcset=\"https:\/\/www.cuesystem.com\/wp-content\/uploads\/2026\/03\/1761144389-1024x607.webp 1024w, https:\/\/www.cuesystem.com\/wp-content\/uploads\/2026\/03\/1761144389-300x178.webp 300w, https:\/\/www.cuesystem.com\/wp-content\/uploads\/2026\/03\/1761144389.webp 1147w\" sizes=\"(max-width: 1024px) 100vw, 1024px\" \/>\t\t\t\t\t\t\t\t\t\t\t\t\t\t\t<\/div>\n\t\t\t\t<\/div>\n\t\t\t\t<\/div>\n\t\t\t\t\t<\/div>\n\t\t\t\t<\/div>\n\t\t<div class=\"elementor-element elementor-element-f7ba618 e-flex e-con-boxed e-con e-child\" data-id=\"f7ba618\" data-element_type=\"container\" data-e-type=\"container\">\n\t\t\t\t\t<div class=\"e-con-inner\">\n\t\t\t\t<div class=\"elementor-element elementor-element-0ca465f elementor-widget-divider--view-line elementor-widget elementor-widget-divider\" data-id=\"0ca465f\" data-element_type=\"widget\" data-e-type=\"widget\" data-widget_type=\"divider.default\">\n\t\t\t\t<div class=\"elementor-widget-container\">\n\t\t\t\t\t\t\t<div class=\"elementor-divider\">\n\t\t\t<span class=\"elementor-divider-separator\">\n\t\t\t\t\t\t<\/span>\n\t\t<\/div>\n\t\t\t\t\t\t<\/div>\n\t\t\t\t<\/div>\n\t\t\t\t<div class=\"elementor-element elementor-element-237e7e1 elementor-widget elementor-widget-heading\" data-id=\"237e7e1\" data-element_type=\"widget\" data-e-type=\"widget\" data-widget_type=\"heading.default\">\n\t\t\t\t<div class=\"elementor-widget-container\">\n\t\t\t\t\t<h2 class=\"elementor-heading-title elementor-size-default\">MEDIALOG 2026<\/h2>\t\t\t\t<\/div>\n\t\t\t\t<\/div>\n\t\t\t\t<div class=\"elementor-element elementor-element-6867bed elementor-widget-divider--view-line elementor-widget elementor-widget-divider\" data-id=\"6867bed\" data-element_type=\"widget\" data-e-type=\"widget\" data-widget_type=\"divider.default\">\n\t\t\t\t<div class=\"elementor-widget-container\">\n\t\t\t\t\t\t\t<div class=\"elementor-divider\">\n\t\t\t<span class=\"elementor-divider-separator\">\n\t\t\t\t\t\t<\/span>\n\t\t<\/div>\n\t\t\t\t\t\t<\/div>\n\t\t\t\t<\/div>\n\t\t<div class=\"elementor-element elementor-element-e81aca3 e-grid e-con-full e-con e-child\" data-id=\"e81aca3\" data-element_type=\"container\" data-e-type=\"container\">\n\t\t<div class=\"elementor-element elementor-element-a529878 e-con-full e-flex e-con e-child\" data-id=\"a529878\" data-element_type=\"container\" data-e-type=\"container\">\n\t\t\t\t<div class=\"elementor-element elementor-element-8cb2e4b elementor-widget elementor-widget-image\" data-id=\"8cb2e4b\" data-element_type=\"widget\" data-e-type=\"widget\" data-widget_type=\"image.default\">\n\t\t\t\t<div class=\"elementor-widget-container\">\n\t\t\t\t\t\t\t\t\t\t\t\t\t\t\t<img decoding=\"async\" width=\"425\" height=\"300\" src=\"https:\/\/www.cuesystem.com\/wp-content\/uploads\/2026\/03\/KSM26-TMOB_425x300.webp\" class=\"attachment-large size-large wp-image-36780\" alt=\"\" srcset=\"https:\/\/www.cuesystem.com\/wp-content\/uploads\/2026\/03\/KSM26-TMOB_425x300.webp 425w, https:\/\/www.cuesystem.com\/wp-content\/uploads\/2026\/03\/KSM26-TMOB_425x300-300x212.webp 300w\" sizes=\"(max-width: 425px) 100vw, 425px\" \/>\t\t\t\t\t\t\t\t\t\t\t\t\t\t\t<\/div>\n\t\t\t\t<\/div>\n\t\t\t\t<\/div>\n\t\t<div class=\"elementor-element elementor-element-5286e56 e-con-full e-flex e-con e-child\" data-id=\"5286e56\" data-element_type=\"container\" data-e-type=\"container\">\n\t\t\t\t<div class=\"elementor-element elementor-element-e6cdc9d elementor-widget elementor-widget-text-editor\" data-id=\"e6cdc9d\" data-element_type=\"widget\" data-e-type=\"widget\" data-widget_type=\"text-editor.default\">\n\t\t\t\t<div class=\"elementor-widget-container\">\n\t\t\t\t\t\t\t\t\t<h3>22 y 23 de abril de 2026<\/h3><h4><em>Halle 45, Maguncia, Alemania<\/em><\/h4><p>En <a href=\"https:\/\/www.kern-stelly-formular.de\/medialog\/\"><strong>MEDIALOG<\/strong><\/a>el punto de encuentro clave para los profesionales de AV y UC, nos uniremos una vez m\u00e1s a nuestro socio <a href=\"https:\/\/www.kern-stelly.de\/\"><strong>Kern &amp; Stelly<\/strong><\/a>. Descubre las \u00faltimas innovaciones, conecta con expertos del sector y explora c\u00f3mo el control integrado puede transformar las operaciones cotidianas. <\/p>\t\t\t\t\t\t\t\t<\/div>\n\t\t\t\t<\/div>\n\t\t\t\t<\/div>\n\t\t\t\t<\/div>\n\t\t\t\t<div class=\"elementor-element elementor-element-d76d253 elementor-widget-divider--view-line elementor-widget elementor-widget-divider\" data-id=\"d76d253\" data-element_type=\"widget\" data-e-type=\"widget\" data-widget_type=\"divider.default\">\n\t\t\t\t<div class=\"elementor-widget-container\">\n\t\t\t\t\t\t\t<div class=\"elementor-divider\">\n\t\t\t<span class=\"elementor-divider-separator\">\n\t\t\t\t\t\t<\/span>\n\t\t<\/div>\n\t\t\t\t\t\t<\/div>\n\t\t\t\t<\/div>\n\t\t\t\t<div class=\"elementor-element elementor-element-f113f11 elementor-widget elementor-widget-heading\" data-id=\"f113f11\" data-element_type=\"widget\" data-e-type=\"widget\" data-widget_type=\"heading.default\">\n\t\t\t\t<div class=\"elementor-widget-container\">\n\t\t\t\t\t<h2 class=\"elementor-heading-title elementor-size-default\">Lo que expondremos<\/h2>\t\t\t\t<\/div>\n\t\t\t\t<\/div>\n\t\t\t\t<div class=\"elementor-element elementor-element-f59f7b8 elementor-widget elementor-widget-text-editor\" data-id=\"f59f7b8\" data-element_type=\"widget\" data-e-type=\"widget\" data-widget_type=\"text-editor.default\">\n\t\t\t\t<div class=\"elementor-widget-container\">\n\t\t\t\t\t\t\t\t\t<p><strong>Hardware<\/strong><\/p><ul><li>touchCUE-7-W<\/li><li>touchONE-7-W<\/li><li>signCUE-three<\/li><\/ul><p><strong>Software &#8211; Soluci\u00f3n CUE<\/strong><\/p><ul><li>Nuevas aplicaciones orientadas a dispositivos<\/li><li>Capacidades avanzadas de espacio de trabajo en reservas, navegaci\u00f3n, control y an\u00e1lisis<\/li><li>Integraci\u00f3n de HP Poly: permite que los paneles t\u00e1ctiles Poly act\u00faen como interfaz de control central para los espacios de reuni\u00f3n<\/li><\/ul><p><strong>IA para CUE Visual Composer<\/strong><br>Nuestro nuevo asistente basado en IA ayuda a generar, revisar y optimizar el c\u00f3digo XPL2, haciendo que la programaci\u00f3n sea m\u00e1s r\u00e1pida, f\u00e1cil y fiable.<\/p>\t\t\t\t\t\t\t\t<\/div>\n\t\t\t\t<\/div>\n\t\t\t\t<div class=\"elementor-element elementor-element-9a4c62a elementor-widget-divider--view-line elementor-widget elementor-widget-divider\" data-id=\"9a4c62a\" data-element_type=\"widget\" data-e-type=\"widget\" data-widget_type=\"divider.default\">\n\t\t\t\t<div class=\"elementor-widget-container\">\n\t\t\t\t\t\t\t<div class=\"elementor-divider\">\n\t\t\t<span class=\"elementor-divider-separator\">\n\t\t\t\t\t\t<\/span>\n\t\t<\/div>\n\t\t\t\t\t\t<\/div>\n\t\t\t\t<\/div>\n\t\t\t\t<div class=\"elementor-element elementor-element-193a2bd elementor-widget elementor-widget-text-editor\" data-id=\"193a2bd\" data-element_type=\"widget\" data-e-type=\"widget\" data-widget_type=\"text-editor.default\">\n\t\t\t\t<div class=\"elementor-widget-container\">\n\t\t\t\t\t\t\t\t\t<p><em>Si buscas un control m\u00e1s inteligente, una integraci\u00f3n sin fisuras o flujos de trabajo m\u00e1s eficientes, ven a ver lo que es posible con CUE, en directo en <a href=\"https:\/\/www.mirtechexpo.com\/en\"><strong>MIR<\/strong><\/a> y <a href=\"https:\/\/www.kern-stelly-formular.de\/medialog\/\"><strong>MEDIALOG<\/strong><\/a> 2026.<\/em><\/p>\t\t\t\t\t\t\t\t<\/div>\n\t\t\t\t<\/div>\n\t\t\t\t\t<\/div>\n\t\t\t\t<\/div>\n\t\t\t\t<\/div>\n\t\t\t\t<\/div>\n\t\t","protected":false},"excerpt":{"rendered":"<p>Eventos CUE en MIR 2026 y MEDIALOG 2026 Tras el \u00e9xito de la ISE, esta primavera llevaremos la misma potente gama de productos a dos eventos europeos clave. \u00danete a nosotros para explorar c\u00f3mo CUE sigue simplificando el control, la supervisi\u00f3n y la automatizaci\u00f3n en los espacios modernos. MIR 2026 12-14 de abril de 2026 <a href=\"https:\/\/www.cuesystem.com\/es\/novedades\/cue-en-mir-2026-y-medialog-2026\/\" class=\"more-link\">&#8230;<span class=\"screen-reader-text\">  CUE en MIR 2026 y MEDIALOG 2026<\/span><\/a><\/p>\n","protected":false},"author":11,"featured_media":0,"parent":31297,"menu_order":15,"comment_status":"closed","ping_status":"closed","template":"","meta":{"_acf_changed":false,"inline_featured_image":false,"footnotes":""},"kategorie":[],"class_list":["post-36793","page","type-page","status-publish","hentry"],"acf":[],"_links":{"self":[{"href":"https:\/\/www.cuesystem.com\/es\/wp-json\/wp\/v2\/pages\/36793","targetHints":{"allow":["GET"]}}],"collection":[{"href":"https:\/\/www.cuesystem.com\/es\/wp-json\/wp\/v2\/pages"}],"about":[{"href":"https:\/\/www.cuesystem.com\/es\/wp-json\/wp\/v2\/types\/page"}],"author":[{"embeddable":true,"href":"https:\/\/www.cuesystem.com\/es\/wp-json\/wp\/v2\/users\/11"}],"replies":[{"embeddable":true,"href":"https:\/\/www.cuesystem.com\/es\/wp-json\/wp\/v2\/comments?post=36793"}],"version-history":[{"count":2,"href":"https:\/\/www.cuesystem.com\/es\/wp-json\/wp\/v2\/pages\/36793\/revisions"}],"predecessor-version":[{"id":36807,"href":"https:\/\/www.cuesystem.com\/es\/wp-json\/wp\/v2\/pages\/36793\/revisions\/36807"}],"up":[{"embeddable":true,"href":"https:\/\/www.cuesystem.com\/es\/wp-json\/wp\/v2\/pages\/31297"}],"wp:attachment":[{"href":"https:\/\/www.cuesystem.com\/es\/wp-json\/wp\/v2\/media?parent=36793"}],"wp:term":[{"taxonomy":"kategorie","embeddable":true,"href":"https:\/\/www.cuesystem.com\/es\/wp-json\/wp\/v2\/kategorie?post=36793"}],"curies":[{"name":"wp","href":"https:\/\/api.w.org\/{rel}","templated":true}]}}