{"id":36979,"date":"2024-01-01T10:51:39","date_gmt":"2024-01-01T09:51:39","guid":{"rendered":"https:\/\/www.cuesystem.com\/novedades\/archivo-de-noticias-y-eventos\/"},"modified":"2026-03-25T21:26:31","modified_gmt":"2026-03-25T20:26:31","slug":"archivo-de-noticias-y-eventos","status":"publish","type":"page","link":"https:\/\/www.cuesystem.com\/es\/novedades\/archivo-de-noticias-y-eventos\/","title":{"rendered":"Archivo de noticias y eventos"},"content":{"rendered":"\t\t<div data-elementor-type=\"wp-page\" data-elementor-id=\"36979\" class=\"elementor elementor-36979 elementor-31633\" data-elementor-post-type=\"page\">\n\t\t\t\t<div class=\"elementor-element elementor-element-4b9b7f5 e-con-full e-flex e-con e-child\" data-id=\"4b9b7f5\" data-element_type=\"container\" data-e-type=\"container\">\n\t\t\t\t<div class=\"elementor-element elementor-element-e29509f elementor-widget elementor-widget-heading\" data-id=\"e29509f\" data-element_type=\"widget\" data-e-type=\"widget\" data-widget_type=\"heading.default\">\n\t\t\t\t<div class=\"elementor-widget-container\">\n\t\t\t\t\t<h3 class=\"elementor-heading-title elementor-size-default\">Leer m\u00e1s<\/h3>\t\t\t\t<\/div>\n\t\t\t\t<\/div>\n\t\t\t\t<div class=\"elementor-element elementor-element-a1ce1c1 elementor-widget elementor-widget-heading\" data-id=\"a1ce1c1\" data-element_type=\"widget\" data-e-type=\"widget\" data-widget_type=\"heading.default\">\n\t\t\t\t<div class=\"elementor-widget-container\">\n\t\t\t\t\t<h1 class=\"elementor-heading-title elementor-size-default\">Archivo de noticias y eventos<\/h1>\t\t\t\t<\/div>\n\t\t\t\t<\/div>\n\t\t\t\t<div class=\"elementor-element elementor-element-b84a37f elementor-widget-divider--view-line elementor-widget elementor-widget-divider\" data-id=\"b84a37f\" data-element_type=\"widget\" data-e-type=\"widget\" data-widget_type=\"divider.default\">\n\t\t\t\t<div class=\"elementor-widget-container\">\n\t\t\t\t\t\t\t<div class=\"elementor-divider\">\n\t\t\t<span class=\"elementor-divider-separator\">\n\t\t\t\t\t\t<\/span>\n\t\t<\/div>\n\t\t\t\t\t\t<\/div>\n\t\t\t\t<\/div>\n\t\t<div class=\"elementor-element elementor-element-5e38de8 e-flex e-con-boxed e-con e-child\" data-id=\"5e38de8\" data-element_type=\"container\" data-e-type=\"container\">\n\t\t\t\t\t<div class=\"e-con-inner\">\n\t\t\t\t<div class=\"elementor-element elementor-element-d9c92e7 elementor-widget elementor-widget-text-editor\" data-id=\"d9c92e7\" data-element_type=\"widget\" data-e-type=\"widget\" data-widget_type=\"text-editor.default\">\n\t\t\t\t<div class=\"elementor-widget-container\">\n\t\t\t\t\t\t\t\t\t<p>Navega por actualizaciones anteriores, lanzamientos de funciones y eventos destacados que han dado forma al viaje de <strong>CUE<\/strong>.<\/p>\t\t\t\t\t\t\t\t<\/div>\n\t\t\t\t<\/div>\n\t\t\t\t\t<\/div>\n\t\t\t\t<\/div>\n\t\t\t\t<div class=\"elementor-element elementor-element-5c3a0c1 elementor-widget-divider--view-line elementor-widget elementor-widget-divider\" data-id=\"5c3a0c1\" data-element_type=\"widget\" data-e-type=\"widget\" data-widget_type=\"divider.default\">\n\t\t\t\t<div class=\"elementor-widget-container\">\n\t\t\t\t\t\t\t<div class=\"elementor-divider\">\n\t\t\t<span class=\"elementor-divider-separator\">\n\t\t\t\t\t\t<\/span>\n\t\t<\/div>\n\t\t\t\t\t\t<\/div>\n\t\t\t\t<\/div>\n\t\t<div class=\"elementor-element elementor-element-ea383a3 e-flex e-con-boxed e-con e-child\" data-id=\"ea383a3\" data-element_type=\"container\" data-e-type=\"container\">\n\t\t\t\t\t<div class=\"e-con-inner\">\n\t\t\t\t<div class=\"elementor-element elementor-element-17fd114 elementor-widget elementor-widget-text-editor\" data-id=\"17fd114\" data-element_type=\"widget\" data-e-type=\"widget\" data-widget_type=\"text-editor.default\">\n\t\t\t\t<div class=\"elementor-widget-container\">\n\t\t\t\t\t\t\t\t\t<ul><li><a href=\"https:\/\/docs.cuesystem.com\/space\/NEWS\/1179123714\">Lanzamiento de la versi\u00f3n 10.39.2 de la soluci\u00f3n CUE<\/a><\/li><li><a href=\"https:\/\/docs.cuesystem.com\/space\/NEWS\/1088061447\">Soluci\u00f3n CUE | Actualizaci\u00f3n de seguridad importante | Lanzamiento de la versi\u00f3n 10.32.1<\/a><\/li><li><a href=\"https:\/\/docs.cuesystem.com\/space\/NEWS\/1010892827\">Lanzamiento de la versi\u00f3n 10.27.0 de la soluci\u00f3n CUE<\/a><\/li><li><a href=\"https:\/\/docs.cuesystem.com\/space\/NEWS\/951484417\">\u00danete a nosotros en ISE 2024 la pr\u00f3xima semana<\/a><\/li><li><a href=\"https:\/\/docs.cuesystem.com\/space\/NEWS\/924745790\">CUE en ISE 2024 y finalista de los Premios InAVation 2024<\/a><\/li><li><a href=\"https:\/\/docs.cuesystem.com\/space\/NEWS\/911573313\">Cambio de marca de CUE touchONE, portal de asistencia, documentaci\u00f3n y sitio web<\/a><\/li><li><a href=\"https:\/\/docs.cuesystem.com\/space\/NEWS\/793182296\">El controlCUE-tres ya est\u00e1 listo para su env\u00edo<\/a><\/li><li><a href=\"https:\/\/docs.cuesystem.com\/space\/NEWS\/754286593\">touchONE | Lanzamiento de la versi\u00f3n 8.7.0<\/a><\/li><li><a href=\"https:\/\/docs.cuesystem.com\/space\/NEWS\/748126307\">CVC | Versi\u00f3n 20.01 publicada<\/a><\/li><li><a href=\"https:\/\/docs.cuesystem.com\/space\/NEWS\/723615745\">touchONE | Lanzamiento de la versi\u00f3n 8.5.0<\/a><\/li><li><a href=\"https:\/\/docs.cuesystem.com\/space\/NEWS\/719781960\">CVC | Versi\u00f3n 20.00 publicada<\/a><\/li><li><a href=\"https:\/\/docs.cuesystem.com\/space\/NEWS\/687276053\">ISE 2023 | Resumen<\/a><\/li><li><a href=\"https:\/\/docs.cuesystem.com\/space\/NEWS\/685408297\">touchONE | Lanzamiento de la versi\u00f3n 7.11.6<\/a><\/li><li><a href=\"https:\/\/docs.cuesystem.com\/space\/NEWS\/642449409\">CVC | Lanzamiento de la versi\u00f3n 15.04<\/a><\/li><li><a href=\"https:\/\/docs.cuesystem.com\/space\/NEWS\/636223541\">touchONE | Lanzamiento de la versi\u00f3n 7.6.1<\/a><\/li><li><a href=\"https:\/\/docs.cuesystem.com\/space\/NEWS\/616071203\">\u00a1Somos finalistas de los Premios Inavation de Tecnolog\u00eda!<\/a><\/li><li><a href=\"https:\/\/docs.cuesystem.com\/space\/NEWS\/595984385\">CVC | Versi\u00f3n 15.03 publicada<\/a><\/li><li><a href=\"https:\/\/docs.cuesystem.com\/space\/NEWS\/580452416\">SP\u00c4TLESE &#8211; Noche de la Tecnolog\u00eda de los Medios 2022<\/a><\/li><li><a href=\"https:\/\/docs.cuesystem.com\/space\/NEWS\/579338251\">touchONE | Lanzamiento de la versi\u00f3n 7.3.3<\/a><\/li><li><a href=\"https:\/\/docs.cuesystem.com\/space\/NEWS\/570753025\">Cumbre GPA 2022<\/a><\/li><li><a href=\"https:\/\/docs.cuesystem.com\/space\/NEWS\/498696954\">Documentaci\u00f3n en l\u00ednea<\/a><\/li><li><a href=\"https:\/\/docs.cuesystem.com\/space\/NEWS\/491388943\">NWD 2022<\/a><\/li><li><a href=\"https:\/\/docs.cuesystem.com\/space\/NEWS\/483099732\">touchONE | Lanzamiento de la versi\u00f3n 6.8.1<\/a><\/li><li><a href=\"https:\/\/docs.cuesystem.com\/space\/NEWS\/478412929\">Actualizaci\u00f3n FW obligatoria | paneles touchCUE y touchONE | revisi\u00f3n HW 24<\/a><\/li><li><a href=\"https:\/\/docs.cuesystem.com\/space\/NEWS\/474841145\">CVC | Versi\u00f3n 15.00 publicada<\/a><\/li><li><a href=\"https:\/\/docs.cuesystem.com\/space\/NEWS\/474906631\">touchONE | Aviso antes del lanzamiento de la versi\u00f3n 6 de touchONE<\/a><\/li><li><a href=\"https:\/\/docs.cuesystem.com\/space\/NEWS\/463276369\">ISE 2022 | Resumen<\/a><\/li><li><a href=\"https:\/\/docs.cuesystem.com\/space\/NEWS\/463276304\">ISE 2022 | Invitaci\u00f3n<\/a><\/li><li><a href=\"https:\/\/docs.cuesystem.com\/space\/NEWS\/463243864\">NMD 2022 | Resumen<\/a><\/li><li><a href=\"https:\/\/docs.cuesystem.com\/space\/NEWS\/463243731\">NMD 2022 | Invitaci\u00f3n<\/a><\/li><li><a href=\"https:\/\/docs.cuesystem.com\/space\/NEWS\/463276196\">ISR 2021<\/a><\/li><li><a href=\"https:\/\/docs.cuesystem.com\/space\/NEWS\/463243637\">NMD 2021<\/a><\/li><li><a href=\"https:\/\/docs.cuesystem.com\/space\/NEWS\/463276132\">Bloque de dise\u00f1o 2020<\/a><\/li><li><a href=\"https:\/\/docs.cuesystem.com\/space\/NEWS\/463243583\">NMD 2020 | Resumen<\/a><\/li><li><a href=\"https:\/\/docs.cuesystem.com\/space\/NEWS\/463243570\">NMD 2020 | Invitaci\u00f3n<\/a><\/li><li><a href=\"https:\/\/docs.cuesystem.com\/space\/NEWS\/463243486\">ISE 2020 | Resumen<\/a><\/li><li><a href=\"https:\/\/docs.cuesystem.com\/space\/NEWS\/463243468\">ISE 2020 | Invitaci\u00f3n<\/a><\/li><li><a href=\"https:\/\/docs.cuesystem.com\/space\/NEWS\/463243110\">ISR 2019<\/a><\/li><li><a href=\"https:\/\/docs.cuesystem.com\/space\/NEWS\/463243057\">Evento de Audio Est\u00e1ndar 2019<\/a><\/li><li><a href=\"https:\/\/docs.cuesystem.com\/space\/NEWS\/463242983\">NMD 2019<\/a><\/li><li><a href=\"https:\/\/docs.cuesystem.com\/space\/NEWS\/463242634\">ISE 2019 | Resumen<\/a><\/li><li><a href=\"https:\/\/docs.cuesystem.com\/space\/NEWS\/463275809\">ISE 2019 | Invitaci\u00f3n<\/a><\/li><li><a href=\"https:\/\/docs.cuesystem.com\/space\/NEWS\/463275491\">ORGATEC 2018 | Resumen<\/a><\/li><li><a href=\"https:\/\/docs.cuesystem.com\/space\/NEWS\/463275183\">ORGATEC 2018 | Invitaci\u00f3n<\/a><\/li><li><a href=\"https:\/\/docs.cuesystem.com\/space\/NEWS\/463242296\">ISR 2018<\/a><\/li><li><a href=\"https:\/\/docs.cuesystem.com\/space\/NEWS\/463274835\">GITEX 2018 | Resumen<\/a><\/li><li><a href=\"https:\/\/docs.cuesystem.com\/space\/NEWS\/463241993\">GITEX 2018 | Invitaci\u00f3n<\/a><\/li><li><a href=\"https:\/\/docs.cuesystem.com\/space\/NEWS\/463241705\">NMD 2018<\/a><\/li><li><a href=\"https:\/\/docs.cuesystem.com\/space\/NEWS\/463274537\">Conferencia Televic Francia 2018<\/a><\/li><li><a href=\"https:\/\/docs.cuesystem.com\/space\/NEWS\/463241546\">ISE 2018 | Resumen<\/a><\/li><li><a href=\"https:\/\/docs.cuesystem.com\/space\/NEWS\/463274459\">ISE 2018 | Invitaci\u00f3n<\/a><\/li><li><a href=\"https:\/\/docs.cuesystem.com\/space\/NEWS\/463241303\">IAA 2017<\/a><\/li><li><a href=\"https:\/\/docs.cuesystem.com\/space\/NEWS\/463274245\">NMD 2017<\/a><\/li><li><a href=\"https:\/\/docs.cuesystem.com\/space\/NEWS\/463274131\">ISE 2017 | Resumen<\/a><\/li><li><a href=\"https:\/\/docs.cuesystem.com\/space\/NEWS\/463274053\">ISE 2017 | Invitaci\u00f3n<\/a><\/li><li><a href=\"https:\/\/docs.cuesystem.com\/space\/NEWS\/463273985\">AMPER 2016<\/a><\/li><li><a href=\"https:\/\/docs.cuesystem.com\/space\/NEWS\/463241250\">ISE 2016<\/a><\/li><li><a href=\"https:\/\/docs.cuesystem.com\/space\/NEWS\/463241217\">PARA ARCO 2015<\/a><\/li><li><a href=\"https:\/\/docs.cuesystem.com\/space\/NEWS\/462651393\">CUE adquiere la ISO27001 (Certificaci\u00f3n de seguridad)<\/a><\/li><li><a href=\"https:\/\/docs.cuesystem.com\/space\/NEWS\/461603059\">touchONE | Versi\u00f3n 5.10.2 publicada<\/a><\/li><li><a href=\"https:\/\/docs.cuesystem.com\/space\/NEWS\/461571080\">CVC | Versi\u00f3n 14.00 publicada<\/a><\/li><li><a href=\"https:\/\/docs.cuesystem.com\/space\/NEWS\/461570960\">touchONE | Lanzamiento de la versi\u00f3n 5.2.3<\/a><\/li><li><a href=\"https:\/\/docs.cuesystem.com\/space\/NEWS\/461602865\">touchONE | Lanzamiento de la versi\u00f3n 4.5.0<\/a><\/li><li><a href=\"https:\/\/docs.cuesystem.com\/space\/NEWS\/461570810\">roomCUE-web | Liberaci\u00f3n<\/a><\/li><li><a href=\"https:\/\/docs.cuesystem.com\/space\/NEWS\/461570581\">touchONE | Nuevas funciones<\/a><\/li><li><a href=\"https:\/\/docs.cuesystem.com\/space\/NEWS\/461570431\">webCUE | Liberaci\u00f3n<\/a><\/li><li><a href=\"https:\/\/docs.cuesystem.com\/space\/NEWS\/461570126\">touchONE | \u00daltimas mejoras<\/a><\/li><li><a href=\"https:\/\/docs.cuesystem.com\/space\/NEWS\/461570113\">touchONE | soluci\u00f3n touchONE liberada<\/a><\/li><li><a href=\"https:\/\/docs.cuesystem.com\/space\/NEWS\/461570091\">CVC | Lanzamiento de la versi\u00f3n 12.50<\/a><\/li><li><a href=\"https:\/\/docs.cuesystem.com\/space\/NEWS\/461570072\">CVC | Lanzamiento de la versi\u00f3n 12.30<\/a><\/li><li><a href=\"https:\/\/docs.cuesystem.com\/space\/NEWS\/461602837\">touchONE | Lanzamiento de la versi\u00f3n 21<\/a><\/li><li><a href=\"https:\/\/docs.cuesystem.com\/space\/NEWS\/461602817\">CVC | Versi\u00f3n 12.20 publicada<\/a><\/li><li><a href=\"https:\/\/docs.cuesystem.com\/space\/NEWS\/461570049\">touchONE | Lanzamiento de la versi\u00f3n 20<\/a><\/li><\/ul>\t\t\t\t\t\t\t\t<\/div>\n\t\t\t\t<\/div>\n\t\t\t\t\t<\/div>\n\t\t\t\t<\/div>\n\t\t\t\t<\/div>\n\t\t\t\t<\/div>\n\t\t","protected":false},"excerpt":{"rendered":"<p>Leer m\u00e1s Archivo de noticias y eventos Navega por actualizaciones anteriores, lanzamientos de funciones y eventos destacados que han dado forma al viaje de CUE. Lanzamiento de la versi\u00f3n 10.39.2 de la soluci\u00f3n CUE Soluci\u00f3n CUE | Actualizaci\u00f3n de seguridad importante | Lanzamiento de la versi\u00f3n 10.32.1 Lanzamiento de la versi\u00f3n 10.27.0 de la soluci\u00f3n <a href=\"https:\/\/www.cuesystem.com\/es\/novedades\/archivo-de-noticias-y-eventos\/\" class=\"more-link\">&#8230;<span class=\"screen-reader-text\">  Archivo de noticias y eventos<\/span><\/a><\/p>\n","protected":false},"author":11,"featured_media":0,"parent":31297,"menu_order":160,"comment_status":"closed","ping_status":"closed","template":"","meta":{"_acf_changed":false,"inline_featured_image":false,"footnotes":""},"kategorie":[],"class_list":["post-36979","page","type-page","status-publish","hentry"],"acf":[],"_links":{"self":[{"href":"https:\/\/www.cuesystem.com\/es\/wp-json\/wp\/v2\/pages\/36979","targetHints":{"allow":["GET"]}}],"collection":[{"href":"https:\/\/www.cuesystem.com\/es\/wp-json\/wp\/v2\/pages"}],"about":[{"href":"https:\/\/www.cuesystem.com\/es\/wp-json\/wp\/v2\/types\/page"}],"author":[{"embeddable":true,"href":"https:\/\/www.cuesystem.com\/es\/wp-json\/wp\/v2\/users\/11"}],"replies":[{"embeddable":true,"href":"https:\/\/www.cuesystem.com\/es\/wp-json\/wp\/v2\/comments?post=36979"}],"version-history":[{"count":1,"href":"https:\/\/www.cuesystem.com\/es\/wp-json\/wp\/v2\/pages\/36979\/revisions"}],"predecessor-version":[{"id":36980,"href":"https:\/\/www.cuesystem.com\/es\/wp-json\/wp\/v2\/pages\/36979\/revisions\/36980"}],"up":[{"embeddable":true,"href":"https:\/\/www.cuesystem.com\/es\/wp-json\/wp\/v2\/pages\/31297"}],"wp:attachment":[{"href":"https:\/\/www.cuesystem.com\/es\/wp-json\/wp\/v2\/media?parent=36979"}],"wp:term":[{"taxonomy":"kategorie","embeddable":true,"href":"https:\/\/www.cuesystem.com\/es\/wp-json\/wp\/v2\/kategorie?post=36979"}],"curies":[{"name":"wp","href":"https:\/\/api.w.org\/{rel}","templated":true}]}}