{"id":37251,"date":"2026-04-01T13:45:09","date_gmt":"2026-04-01T11:45:09","guid":{"rendered":"https:\/\/www.cuesystem.com\/casos-practicos\/municipio-de-la-ciudad-de-olomouc\/"},"modified":"2026-04-01T14:38:38","modified_gmt":"2026-04-01T12:38:38","slug":"municipio-de-la-ciudad-de-olomouc","status":"publish","type":"page","link":"https:\/\/www.cuesystem.com\/es\/casos-practicos\/municipio-de-la-ciudad-de-olomouc\/","title":{"rendered":"Municipio de la ciudad de Olomouc"},"content":{"rendered":"\t\t<div data-elementor-type=\"wp-page\" data-elementor-id=\"37251\" class=\"elementor elementor-37251 elementor-37164\" data-elementor-post-type=\"page\">\n\t\t\t\t<div class=\"elementor-element elementor-element-9962202 e-con-full e-flex e-con e-child\" data-id=\"9962202\" data-element_type=\"container\" data-e-type=\"container\">\n\t\t\t\t<div class=\"elementor-element elementor-element-e3efddd elementor-widget elementor-widget-heading\" data-id=\"e3efddd\" data-element_type=\"widget\" data-e-type=\"widget\" data-widget_type=\"heading.default\">\n\t\t\t\t<div class=\"elementor-widget-container\">\n\t\t\t\t\t<h3 class=\"elementor-heading-title elementor-size-default\">Estudio de caso<\/h3>\t\t\t\t<\/div>\n\t\t\t\t<\/div>\n\t\t\t\t<div class=\"elementor-element elementor-element-d5a69f1 elementor-widget elementor-widget-heading\" data-id=\"d5a69f1\" data-element_type=\"widget\" data-e-type=\"widget\" data-widget_type=\"heading.default\">\n\t\t\t\t<div class=\"elementor-widget-container\">\n\t\t\t\t\t<h1 class=\"elementor-heading-title elementor-size-default\">Municipio de Olomouc<\/h1>\t\t\t\t<\/div>\n\t\t\t\t<\/div>\n\t\t\t\t<div class=\"elementor-element elementor-element-1fe65e1 elementor-widget-divider--view-line elementor-widget elementor-widget-divider\" data-id=\"1fe65e1\" data-element_type=\"widget\" data-e-type=\"widget\" data-widget_type=\"divider.default\">\n\t\t\t\t<div class=\"elementor-widget-container\">\n\t\t\t\t\t\t\t<div class=\"elementor-divider\">\n\t\t\t<span class=\"elementor-divider-separator\">\n\t\t\t\t\t\t<\/span>\n\t\t<\/div>\n\t\t\t\t\t\t<\/div>\n\t\t\t\t<\/div>\n\t\t<div class=\"elementor-element elementor-element-e7e0a34 e-grid e-con-boxed e-con e-child\" data-id=\"e7e0a34\" data-element_type=\"container\" data-e-type=\"container\">\n\t\t\t\t\t<div class=\"e-con-inner\">\n\t\t<div class=\"elementor-element elementor-element-426d370 e-con-full e-flex e-con e-child\" data-id=\"426d370\" data-element_type=\"container\" data-e-type=\"container\">\n\t\t\t\t<div class=\"elementor-element elementor-element-a38cba8 elementor-widget elementor-widget-heading\" data-id=\"a38cba8\" data-element_type=\"widget\" data-e-type=\"widget\" data-widget_type=\"heading.default\">\n\t\t\t\t<div class=\"elementor-widget-container\">\n\t\t\t\t\t<h2 class=\"elementor-heading-title elementor-size-default\">El desaf\u00edo<\/h2>\t\t\t\t<\/div>\n\t\t\t\t<\/div>\n\t\t\t\t<div class=\"elementor-element elementor-element-035ef34 elementor-widget elementor-widget-text-editor\" data-id=\"035ef34\" data-element_type=\"widget\" data-e-type=\"widget\" data-widget_type=\"text-editor.default\">\n\t\t\t\t<div class=\"elementor-widget-container\">\n\t\t\t\t\t\t\t\t\t<p>Despu\u00e9s de casi dos d\u00e9cadas, la sala principal del ayuntamiento de <a href=\"https:\/\/www.olomouc.eu\/magistrat\"><strong>Ayuntamiento de Olomouc<\/strong><\/a> se someti\u00f3 a una <strong>importante modernizaci\u00f3n para<\/strong> <strong>satisfacer las exigencias de la gobernanza h\u00edbrida actual<\/strong>. El objetivo era crear un espacio que permitiera la participaci\u00f3n en persona y a distancia, <strong>simplificara las complejas operaciones audiovisuales<\/strong> y garantizara un <strong>control<\/strong> fluido e <strong>intuitivo<\/strong> de todas las sesiones. <\/p><p>Con m\u00faltiples tecnolog\u00edas instaladas (desde sistemas de votaci\u00f3n y proyecciones hasta streaming y audio), el reto clave estaba claro: <strong>unificar el control en una \u00fanica interfaz f\u00e1cil de usar<\/strong> que permitiera una gesti\u00f3n fluida de todo el entorno, tanto desde el suelo como desde la sala de control t\u00e9cnico.<\/p>\t\t\t\t\t\t\t\t<\/div>\n\t\t\t\t<\/div>\n\t\t\t\t<\/div>\n\t\t<div class=\"elementor-element elementor-element-4300f84 e-con-full e-flex e-con e-child\" data-id=\"4300f84\" data-element_type=\"container\" data-e-type=\"container\">\n\t\t\t\t<div class=\"elementor-element elementor-element-3c444df elementor-widget elementor-widget-image\" data-id=\"3c444df\" data-element_type=\"widget\" data-e-type=\"widget\" data-widget_type=\"image.default\">\n\t\t\t\t<div class=\"elementor-widget-container\">\n\t\t\t\t\t\t\t\t\t\t\t\t\t\t\t\t<a href=\"https:\/\/www.cuesystem.com\/wp-content\/uploads\/2026\/04\/systems_magistrat-mesta-olomouc_14.webp\" data-elementor-open-lightbox=\"yes\" data-e-action-hash=\"#elementor-action%3Aaction%3Dlightbox%26settings%3DeyJpZCI6MzcxNzYsInVybCI6Imh0dHBzOlwvXC93d3cuY3Vlc3lzdGVtLmNvbVwvd3AtY29udGVudFwvdXBsb2Fkc1wvMjAyNlwvMDRcL3N5c3RlbXNfbWFnaXN0cmF0LW1lc3RhLW9sb21vdWNfMTQud2VicCJ9\">\n\t\t\t\t\t\t\t<img fetchpriority=\"high\" decoding=\"async\" width=\"1024\" height=\"683\" src=\"https:\/\/www.cuesystem.com\/wp-content\/uploads\/2026\/04\/systems_magistrat-mesta-olomouc_14-1024x683.webp\" class=\"attachment-large size-large wp-image-37176\" alt=\"\" srcset=\"https:\/\/www.cuesystem.com\/wp-content\/uploads\/2026\/04\/systems_magistrat-mesta-olomouc_14-1024x683.webp 1024w, https:\/\/www.cuesystem.com\/wp-content\/uploads\/2026\/04\/systems_magistrat-mesta-olomouc_14-300x200.webp 300w, https:\/\/www.cuesystem.com\/wp-content\/uploads\/2026\/04\/systems_magistrat-mesta-olomouc_14.webp 1200w\" sizes=\"(max-width: 1024px) 100vw, 1024px\" \/>\t\t\t\t\t\t\t\t<\/a>\n\t\t\t\t\t\t\t\t\t\t\t\t\t\t\t<\/div>\n\t\t\t\t<\/div>\n\t\t\t\t<\/div>\n\t\t\t\t\t<\/div>\n\t\t\t\t<\/div>\n\t\t<div class=\"elementor-element elementor-element-c08e3d6 e-grid e-con-boxed e-con e-child\" data-id=\"c08e3d6\" data-element_type=\"container\" data-e-type=\"container\">\n\t\t\t\t\t<div class=\"e-con-inner\">\n\t\t<div class=\"elementor-element elementor-element-ffd5330 e-con-full e-flex e-con e-child\" data-id=\"ffd5330\" data-element_type=\"container\" data-e-type=\"container\">\n\t\t\t\t<div class=\"elementor-element elementor-element-e9fc54a elementor-widget elementor-widget-image\" data-id=\"e9fc54a\" data-element_type=\"widget\" data-e-type=\"widget\" data-widget_type=\"image.default\">\n\t\t\t\t<div class=\"elementor-widget-container\">\n\t\t\t\t\t\t\t\t\t\t\t\t\t\t\t\t<a href=\"https:\/\/www.cuesystem.com\/wp-content\/uploads\/2026\/04\/IMG-1116.webp\" data-elementor-open-lightbox=\"yes\" data-e-action-hash=\"#elementor-action%3Aaction%3Dlightbox%26settings%3DeyJpZCI6MzcxNzEsInVybCI6Imh0dHBzOlwvXC93d3cuY3Vlc3lzdGVtLmNvbVwvd3AtY29udGVudFwvdXBsb2Fkc1wvMjAyNlwvMDRcL0lNRy0xMTE2LndlYnAifQ%3D%3D\">\n\t\t\t\t\t\t\t<img decoding=\"async\" width=\"1024\" height=\"768\" src=\"https:\/\/www.cuesystem.com\/wp-content\/uploads\/2026\/04\/IMG-1116-1024x768.webp\" class=\"attachment-large size-large wp-image-37171\" alt=\"\" srcset=\"https:\/\/www.cuesystem.com\/wp-content\/uploads\/2026\/04\/IMG-1116-1024x768.webp 1024w, https:\/\/www.cuesystem.com\/wp-content\/uploads\/2026\/04\/IMG-1116-300x225.webp 300w, https:\/\/www.cuesystem.com\/wp-content\/uploads\/2026\/04\/IMG-1116.webp 1920w\" sizes=\"(max-width: 1024px) 100vw, 1024px\" \/>\t\t\t\t\t\t\t\t<\/a>\n\t\t\t\t\t\t\t\t\t\t\t\t\t\t\t<\/div>\n\t\t\t\t<\/div>\n\t\t\t\t<\/div>\n\t\t<div class=\"elementor-element elementor-element-c2a8138 e-con-full e-flex e-con e-child\" data-id=\"c2a8138\" data-element_type=\"container\" data-e-type=\"container\">\n\t\t\t\t<div class=\"elementor-element elementor-element-b623b68 elementor-widget elementor-widget-heading\" data-id=\"b623b68\" data-element_type=\"widget\" data-e-type=\"widget\" data-widget_type=\"heading.default\">\n\t\t\t\t<div class=\"elementor-widget-container\">\n\t\t\t\t\t<h2 class=\"elementor-heading-title elementor-size-default\">Sobre el Ayuntamiento de Olomouc<\/h2>\t\t\t\t<\/div>\n\t\t\t\t<\/div>\n\t\t\t\t<div class=\"elementor-element elementor-element-f4142d2 elementor-widget elementor-widget-text-editor\" data-id=\"f4142d2\" data-element_type=\"widget\" data-e-type=\"widget\" data-widget_type=\"text-editor.default\">\n\t\t\t\t<div class=\"elementor-widget-container\">\n\t\t\t\t\t\t\t\t\t<p><a href=\"https:\/\/www.olomouc.eu\/magistrat\"><strong>Ayuntamiento de Olomouc<\/strong><\/a> es el <strong>centro administrativo<\/strong> de una de las ciudades hist\u00f3ricas de la Rep\u00fablica Checa. Apoya el trabajo de los representantes electos, los comit\u00e9s y los departamentos municipales, garantizando el <strong>buen funcionamiento de la gobernanza local<\/strong>. <\/p><p>Como <strong>instituci\u00f3n p\u00fablica moderna<\/strong>, la ciudad invierte continuamente en<strong> digitalizaci\u00f3n<\/strong> e innovaci\u00f3n para <strong>mejorar tanto los procesos internos como los servicios p\u00fablicos<\/strong>.<\/p><p class=\"\" data-v-4d192987=\"\" data-v-4a7aac3a=\"\"><span class=\"text_node\" data-v-816e464e=\"\" data-v-4d192987=\"\">Nuestro <\/span><span class=\"text_node rw_adf_text_strong\" data-v-816e464e=\"\" data-v-4d192987=\"\">socio checo<strong> <\/strong><\/span><strong><a class=\"link_node text_node rw_adf_text_strong\" tabindex=\"0\" href=\"https:\/\/www.avmedia.cz\/en\/\" target=\"_blank\" rel=\"noopener\" data-v-098e4e53=\"\" data-v-816e464e=\"\" data-v-4d192987=\"\" data-ui-id=\"text-link\" data-ui-content=\"AV MEDIA\"><span class=\"inline_text_span\" data-v-098e4e53=\"\">AV MEDIA<\/span><\/a><\/strong><span class=\"text_node rw_adf_text_strong\" data-v-816e464e=\"\" data-v-4d192987=\"\"> <\/span><span class=\"text_node\" data-v-816e464e=\"\" data-v-4d192987=\"\">se encarg\u00f3 de la ejecuci\u00f3n del proyecto.<\/span><\/p>\t\t\t\t\t\t\t\t<\/div>\n\t\t\t\t<\/div>\n\t\t\t\t<\/div>\n\t\t\t\t\t<\/div>\n\t\t\t\t<\/div>\n\t\t<div class=\"elementor-element elementor-element-34ea3de e-grid e-con-boxed e-con e-child\" data-id=\"34ea3de\" data-element_type=\"container\" data-e-type=\"container\">\n\t\t\t\t\t<div class=\"e-con-inner\">\n\t\t<div class=\"elementor-element elementor-element-d76aa72 e-con-full e-flex e-con e-child\" data-id=\"d76aa72\" data-element_type=\"container\" data-e-type=\"container\">\n\t\t\t\t<div class=\"elementor-element elementor-element-96c8796 elementor-widget elementor-widget-heading\" data-id=\"96c8796\" data-element_type=\"widget\" data-e-type=\"widget\" data-widget_type=\"heading.default\">\n\t\t\t\t<div class=\"elementor-widget-container\">\n\t\t\t\t\t<h2 class=\"elementor-heading-title elementor-size-default\">Nuestra resoluci\u00f3n<\/h2>\t\t\t\t<\/div>\n\t\t\t\t<\/div>\n\t\t\t\t<div class=\"elementor-element elementor-element-2c5a977 elementor-widget elementor-widget-text-editor\" data-id=\"2c5a977\" data-element_type=\"widget\" data-e-type=\"widget\" data-widget_type=\"text-editor.default\">\n\t\t\t\t<div class=\"elementor-widget-container\">\n\t\t\t\t\t\t\t\t\t<p>CUE ofrece una <strong>capa de control intuitiva<\/strong> que re\u00fane todo el <strong>ecosistema audiovisual en una interfaz unificada<\/strong>.<\/p><p><strong>Los paneles t\u00e1ctiles<\/strong> instalados tanto en la c\u00e1mara principal como en la sala de control t\u00e9cnico permiten <strong>manejar sin esfuerzo todas las tecnolog\u00edas conectadas<\/strong>. Los usuarios pueden seleccionar r\u00e1pidamente <strong>escenarios predefinidos<\/strong> o <strong>ajustar manualmente elementos clave<\/strong> como la iluminaci\u00f3n, el sombreado, el audio, el enrutamiento de v\u00eddeo y la distribuci\u00f3n de contenidos. <\/p><p>Este <strong>control centralizado simplifica incluso las configuraciones complejas<\/strong>, permitiendo a los operadores gestionar presentaciones, reuniones h\u00edbridas y retransmisiones en directo con confianza y precisi\u00f3n. Al mismo tiempo, la interfaz intuitiva garantiza que <strong>los usuarios cotidianos puedan interactuar con el sistema sin conocimientos t\u00e9cnicos<\/strong>. <\/p><p>Al transformar m\u00faltiples sistemas independientes en <strong>un entorno coherente y f\u00e1cil de controlar<\/strong>, CUE ayuda al <a href=\"https:\/\/www.olomouc.eu\/magistrat\"><strong>Ayuntamiento de Olomouc<\/strong><\/a> a centrarse en lo que realmente importa: <strong>una toma de decisiones eficaz, una comunicaci\u00f3n clara y una colaboraci\u00f3n sin fisuras<\/strong>, tanto si los participantes est\u00e1n presentes en la sala como si est\u00e1n conectados a distancia.<\/p>\t\t\t\t\t\t\t\t<\/div>\n\t\t\t\t<\/div>\n\t\t\t\t<\/div>\n\t\t<div class=\"elementor-element elementor-element-99f7c40 e-con-full e-flex e-con e-child\" data-id=\"99f7c40\" data-element_type=\"container\" data-e-type=\"container\">\n\t\t\t\t<div class=\"elementor-element elementor-element-c9cd73b elementor-widget elementor-widget-image\" data-id=\"c9cd73b\" data-element_type=\"widget\" data-e-type=\"widget\" data-widget_type=\"image.default\">\n\t\t\t\t<div class=\"elementor-widget-container\">\n\t\t\t\t\t\t\t\t\t\t\t\t\t\t\t\t<a href=\"https:\/\/www.cuesystem.com\/wp-content\/uploads\/2026\/04\/systems_magistrat-mesta-olomouc_17.webp\" data-elementor-open-lightbox=\"yes\" data-e-action-hash=\"#elementor-action%3Aaction%3Dlightbox%26settings%3DeyJpZCI6MzcxODEsInVybCI6Imh0dHBzOlwvXC93d3cuY3Vlc3lzdGVtLmNvbVwvd3AtY29udGVudFwvdXBsb2Fkc1wvMjAyNlwvMDRcL3N5c3RlbXNfbWFnaXN0cmF0LW1lc3RhLW9sb21vdWNfMTcud2VicCJ9\">\n\t\t\t\t\t\t\t<img decoding=\"async\" width=\"1024\" height=\"683\" src=\"https:\/\/www.cuesystem.com\/wp-content\/uploads\/2026\/04\/systems_magistrat-mesta-olomouc_17-1024x683.webp\" class=\"attachment-large size-large wp-image-37181\" alt=\"\" srcset=\"https:\/\/www.cuesystem.com\/wp-content\/uploads\/2026\/04\/systems_magistrat-mesta-olomouc_17-1024x683.webp 1024w, https:\/\/www.cuesystem.com\/wp-content\/uploads\/2026\/04\/systems_magistrat-mesta-olomouc_17-300x200.webp 300w, https:\/\/www.cuesystem.com\/wp-content\/uploads\/2026\/04\/systems_magistrat-mesta-olomouc_17.webp 1200w\" sizes=\"(max-width: 1024px) 100vw, 1024px\" \/>\t\t\t\t\t\t\t\t<\/a>\n\t\t\t\t\t\t\t\t\t\t\t\t\t\t\t<\/div>\n\t\t\t\t<\/div>\n\t\t\t\t<\/div>\n\t\t\t\t\t<\/div>\n\t\t\t\t<\/div>\n\t\t<div class=\"elementor-element elementor-element-50df355 e-flex e-con-boxed e-con e-child\" data-id=\"50df355\" data-element_type=\"container\" data-e-type=\"container\">\n\t\t\t\t\t<div class=\"e-con-inner\">\n\t\t<div class=\"elementor-element elementor-element-3b114f0 e-grid e-con-full e-con e-child\" data-id=\"3b114f0\" data-element_type=\"container\" data-e-type=\"container\">\n\t\t\t\t<div class=\"elementor-element elementor-element-27150be elementor-align-center elementor-widget elementor-widget-button\" data-id=\"27150be\" data-element_type=\"widget\" data-e-type=\"widget\" data-widget_type=\"button.default\">\n\t\t\t\t<div class=\"elementor-widget-container\">\n\t\t\t\t\t\t\t\t\t<div class=\"elementor-button-wrapper\">\n\t\t\t\t\t<a class=\"elementor-button elementor-button-link elementor-size-sm\" href=\"https:\/\/www.avmedia.cz\/en\/systems\/municipality-of-olomouc\" target=\"_blank\">\n\t\t\t\t\t\t<span class=\"elementor-button-content-wrapper\">\n\t\t\t\t\t\t\t\t\t<span class=\"elementor-button-text\">LEER M\u00c1S<\/span>\n\t\t\t\t\t<\/span>\n\t\t\t\t\t<\/a>\n\t\t\t\t<\/div>\n\t\t\t\t\t\t\t\t<\/div>\n\t\t\t\t<\/div>\n\t\t\t\t<div class=\"elementor-element elementor-element-7886dee elementor-align-center elementor-widget elementor-widget-button\" data-id=\"7886dee\" data-element_type=\"widget\" data-e-type=\"widget\" data-widget_type=\"button.default\">\n\t\t\t\t<div class=\"elementor-widget-container\">\n\t\t\t\t\t\t\t\t\t<div class=\"elementor-button-wrapper\">\n\t\t\t\t\t<a class=\"elementor-button elementor-button-link elementor-size-sm\" href=\"https:\/\/youtu.be\/vvR0JxBZzY4?si=V7DquiGxeL4weRv6\" target=\"_blank\">\n\t\t\t\t\t\t<span class=\"elementor-button-content-wrapper\">\n\t\t\t\t\t\t\t\t\t<span class=\"elementor-button-text\">VER V\u00cdDEO<\/span>\n\t\t\t\t\t<\/span>\n\t\t\t\t\t<\/a>\n\t\t\t\t<\/div>\n\t\t\t\t\t\t\t\t<\/div>\n\t\t\t\t<\/div>\n\t\t\t\t<\/div>\n\t\t\t\t\t<\/div>\n\t\t\t\t<\/div>\n\t\t<div class=\"elementor-element elementor-element-00e6b07 e-flex e-con-boxed e-con e-child\" data-id=\"00e6b07\" data-element_type=\"container\" data-e-type=\"container\">\n\t\t\t\t\t<div class=\"e-con-inner\">\n\t\t\t\t<div class=\"elementor-element elementor-element-1ff7b76 elementor-widget elementor-widget-gallery\" data-id=\"1ff7b76\" data-element_type=\"widget\" data-e-type=\"widget\" data-settings=\"{&quot;columns&quot;:3,&quot;lazyload&quot;:&quot;yes&quot;,&quot;gallery_layout&quot;:&quot;grid&quot;,&quot;columns_tablet&quot;:2,&quot;columns_mobile&quot;:1,&quot;gap&quot;:{&quot;unit&quot;:&quot;px&quot;,&quot;size&quot;:10,&quot;sizes&quot;:[]},&quot;gap_laptop&quot;:{&quot;unit&quot;:&quot;px&quot;,&quot;size&quot;:10,&quot;sizes&quot;:[]},&quot;gap_tablet_extra&quot;:{&quot;unit&quot;:&quot;px&quot;,&quot;size&quot;:10,&quot;sizes&quot;:[]},&quot;gap_tablet&quot;:{&quot;unit&quot;:&quot;px&quot;,&quot;size&quot;:10,&quot;sizes&quot;:[]},&quot;gap_mobile_extra&quot;:{&quot;unit&quot;:&quot;px&quot;,&quot;size&quot;:10,&quot;sizes&quot;:[]},&quot;gap_mobile&quot;:{&quot;unit&quot;:&quot;px&quot;,&quot;size&quot;:10,&quot;sizes&quot;:[]},&quot;link_to&quot;:&quot;file&quot;,&quot;aspect_ratio&quot;:&quot;3:2&quot;,&quot;overlay_background&quot;:&quot;yes&quot;,&quot;content_hover_animation&quot;:&quot;fade-in&quot;}\" data-widget_type=\"gallery.default\">\n\t\t\t\t<div class=\"elementor-widget-container\">\n\t\t\t\t\t\t\t<div class=\"elementor-gallery__container\">\n\t\t\t\t\t\t\t<a class=\"e-gallery-item elementor-gallery-item elementor-animated-content\" href=\"https:\/\/www.cuesystem.com\/wp-content\/uploads\/2026\/04\/systems_magistrat-mesta-olomouc_1.webp\" data-elementor-open-lightbox=\"yes\" data-elementor-lightbox-slideshow=\"1ff7b76\" data-e-action-hash=\"#elementor-action%3Aaction%3Dlightbox%26settings%3DeyJpZCI6MzcxODYsInVybCI6Imh0dHBzOlwvXC93d3cuY3Vlc3lzdGVtLmNvbVwvd3AtY29udGVudFwvdXBsb2Fkc1wvMjAyNlwvMDRcL3N5c3RlbXNfbWFnaXN0cmF0LW1lc3RhLW9sb21vdWNfMS53ZWJwIiwic2xpZGVzaG93IjoiMWZmN2I3NiJ9\">\n\t\t\t\t\t<div class=\"e-gallery-image elementor-gallery-item__image\" data-thumbnail=\"https:\/\/www.cuesystem.com\/wp-content\/uploads\/2026\/04\/systems_magistrat-mesta-olomouc_1-300x200.webp\" data-width=\"300\" data-height=\"200\" aria-label=\"\" role=\"img\" ><\/div>\n\t\t\t\t\t\t\t\t\t\t\t<div class=\"elementor-gallery-item__overlay\"><\/div>\n\t\t\t\t\t\t\t\t\t\t\t\t\t\t<\/a>\n\t\t\t\t\t\t\t<a class=\"e-gallery-item elementor-gallery-item elementor-animated-content\" href=\"https:\/\/www.cuesystem.com\/wp-content\/uploads\/2026\/04\/systems_magistrat-mesta-olomouc_4.webp\" data-elementor-open-lightbox=\"yes\" data-elementor-lightbox-slideshow=\"1ff7b76\" data-e-action-hash=\"#elementor-action%3Aaction%3Dlightbox%26settings%3DeyJpZCI6MzcxOTEsInVybCI6Imh0dHBzOlwvXC93d3cuY3Vlc3lzdGVtLmNvbVwvd3AtY29udGVudFwvdXBsb2Fkc1wvMjAyNlwvMDRcL3N5c3RlbXNfbWFnaXN0cmF0LW1lc3RhLW9sb21vdWNfNC53ZWJwIiwic2xpZGVzaG93IjoiMWZmN2I3NiJ9\">\n\t\t\t\t\t<div class=\"e-gallery-image elementor-gallery-item__image\" data-thumbnail=\"https:\/\/www.cuesystem.com\/wp-content\/uploads\/2026\/04\/systems_magistrat-mesta-olomouc_4-300x200.webp\" data-width=\"300\" data-height=\"200\" aria-label=\"\" role=\"img\" ><\/div>\n\t\t\t\t\t\t\t\t\t\t\t<div class=\"elementor-gallery-item__overlay\"><\/div>\n\t\t\t\t\t\t\t\t\t\t\t\t\t\t<\/a>\n\t\t\t\t\t\t\t<a class=\"e-gallery-item elementor-gallery-item elementor-animated-content\" href=\"https:\/\/www.cuesystem.com\/wp-content\/uploads\/2026\/04\/systems_magistrat-mesta-olomouc_9.webp\" data-elementor-open-lightbox=\"yes\" data-elementor-lightbox-slideshow=\"1ff7b76\" data-e-action-hash=\"#elementor-action%3Aaction%3Dlightbox%26settings%3DeyJpZCI6MzcxOTYsInVybCI6Imh0dHBzOlwvXC93d3cuY3Vlc3lzdGVtLmNvbVwvd3AtY29udGVudFwvdXBsb2Fkc1wvMjAyNlwvMDRcL3N5c3RlbXNfbWFnaXN0cmF0LW1lc3RhLW9sb21vdWNfOS53ZWJwIiwic2xpZGVzaG93IjoiMWZmN2I3NiJ9\">\n\t\t\t\t\t<div class=\"e-gallery-image elementor-gallery-item__image\" data-thumbnail=\"https:\/\/www.cuesystem.com\/wp-content\/uploads\/2026\/04\/systems_magistrat-mesta-olomouc_9-300x200.webp\" data-width=\"300\" data-height=\"200\" aria-label=\"\" role=\"img\" ><\/div>\n\t\t\t\t\t\t\t\t\t\t\t<div class=\"elementor-gallery-item__overlay\"><\/div>\n\t\t\t\t\t\t\t\t\t\t\t\t\t\t<\/a>\n\t\t\t\t\t\t\t<a class=\"e-gallery-item elementor-gallery-item elementor-animated-content\" href=\"https:\/\/www.cuesystem.com\/wp-content\/uploads\/2026\/04\/systems_magistrat-mesta-olomouc_12.webp\" data-elementor-open-lightbox=\"yes\" data-elementor-lightbox-slideshow=\"1ff7b76\" data-e-action-hash=\"#elementor-action%3Aaction%3Dlightbox%26settings%3DeyJpZCI6MzcyMDEsInVybCI6Imh0dHBzOlwvXC93d3cuY3Vlc3lzdGVtLmNvbVwvd3AtY29udGVudFwvdXBsb2Fkc1wvMjAyNlwvMDRcL3N5c3RlbXNfbWFnaXN0cmF0LW1lc3RhLW9sb21vdWNfMTIud2VicCIsInNsaWRlc2hvdyI6IjFmZjdiNzYifQ%3D%3D\">\n\t\t\t\t\t<div class=\"e-gallery-image elementor-gallery-item__image\" data-thumbnail=\"https:\/\/www.cuesystem.com\/wp-content\/uploads\/2026\/04\/systems_magistrat-mesta-olomouc_12-300x200.webp\" data-width=\"300\" data-height=\"200\" aria-label=\"\" role=\"img\" ><\/div>\n\t\t\t\t\t\t\t\t\t\t\t<div class=\"elementor-gallery-item__overlay\"><\/div>\n\t\t\t\t\t\t\t\t\t\t\t\t\t\t<\/a>\n\t\t\t\t\t\t\t<a class=\"e-gallery-item elementor-gallery-item elementor-animated-content\" href=\"https:\/\/www.cuesystem.com\/wp-content\/uploads\/2026\/04\/systems_magistrat-mesta-olomouc_13.webp\" data-elementor-open-lightbox=\"yes\" data-elementor-lightbox-slideshow=\"1ff7b76\" data-e-action-hash=\"#elementor-action%3Aaction%3Dlightbox%26settings%3DeyJpZCI6MzcyMDYsInVybCI6Imh0dHBzOlwvXC93d3cuY3Vlc3lzdGVtLmNvbVwvd3AtY29udGVudFwvdXBsb2Fkc1wvMjAyNlwvMDRcL3N5c3RlbXNfbWFnaXN0cmF0LW1lc3RhLW9sb21vdWNfMTMud2VicCIsInNsaWRlc2hvdyI6IjFmZjdiNzYifQ%3D%3D\">\n\t\t\t\t\t<div class=\"e-gallery-image elementor-gallery-item__image\" data-thumbnail=\"https:\/\/www.cuesystem.com\/wp-content\/uploads\/2026\/04\/systems_magistrat-mesta-olomouc_13-300x200.webp\" data-width=\"300\" data-height=\"200\" aria-label=\"\" role=\"img\" ><\/div>\n\t\t\t\t\t\t\t\t\t\t\t<div class=\"elementor-gallery-item__overlay\"><\/div>\n\t\t\t\t\t\t\t\t\t\t\t\t\t\t<\/a>\n\t\t\t\t\t\t\t<a class=\"e-gallery-item elementor-gallery-item elementor-animated-content\" href=\"https:\/\/www.cuesystem.com\/wp-content\/uploads\/2026\/04\/systems_magistrat-mesta-olomouc_16.webp\" data-elementor-open-lightbox=\"yes\" data-elementor-lightbox-slideshow=\"1ff7b76\" data-e-action-hash=\"#elementor-action%3Aaction%3Dlightbox%26settings%3DeyJpZCI6MzcyMTEsInVybCI6Imh0dHBzOlwvXC93d3cuY3Vlc3lzdGVtLmNvbVwvd3AtY29udGVudFwvdXBsb2Fkc1wvMjAyNlwvMDRcL3N5c3RlbXNfbWFnaXN0cmF0LW1lc3RhLW9sb21vdWNfMTYud2VicCIsInNsaWRlc2hvdyI6IjFmZjdiNzYifQ%3D%3D\">\n\t\t\t\t\t<div class=\"e-gallery-image elementor-gallery-item__image\" data-thumbnail=\"https:\/\/www.cuesystem.com\/wp-content\/uploads\/2026\/04\/systems_magistrat-mesta-olomouc_16-300x200.webp\" data-width=\"300\" data-height=\"200\" aria-label=\"\" role=\"img\" ><\/div>\n\t\t\t\t\t\t\t\t\t\t\t<div class=\"elementor-gallery-item__overlay\"><\/div>\n\t\t\t\t\t\t\t\t\t\t\t\t\t\t<\/a>\n\t\t\t\t\t<\/div>\n\t\t\t\t\t<\/div>\n\t\t\t\t<\/div>\n\t\t\t\t\t<\/div>\n\t\t\t\t<\/div>\n\t\t\t\t<\/div>\n\t\t\t\t<\/div>\n\t\t","protected":false},"excerpt":{"rendered":"<p>Estudio de caso Municipio de Olomouc El desaf\u00edo Despu\u00e9s de casi dos d\u00e9cadas, la sala principal del ayuntamiento de Ayuntamiento de Olomouc se someti\u00f3 a una importante modernizaci\u00f3n para satisfacer las exigencias de la gobernanza h\u00edbrida actual. El objetivo era crear un espacio que permitiera la participaci\u00f3n en persona y a distancia, simplificara las complejas <a href=\"https:\/\/www.cuesystem.com\/es\/casos-practicos\/municipio-de-la-ciudad-de-olomouc\/\" class=\"more-link\">&#8230;<span class=\"screen-reader-text\">  Municipio de la ciudad de Olomouc<\/span><\/a><\/p>\n","protected":false},"author":11,"featured_media":0,"parent":30180,"menu_order":12,"comment_status":"closed","ping_status":"closed","template":"","meta":{"_acf_changed":false,"inline_featured_image":false,"footnotes":""},"kategorie":[],"class_list":["post-37251","page","type-page","status-publish","hentry"],"acf":[],"_links":{"self":[{"href":"https:\/\/www.cuesystem.com\/es\/wp-json\/wp\/v2\/pages\/37251","targetHints":{"allow":["GET"]}}],"collection":[{"href":"https:\/\/www.cuesystem.com\/es\/wp-json\/wp\/v2\/pages"}],"about":[{"href":"https:\/\/www.cuesystem.com\/es\/wp-json\/wp\/v2\/types\/page"}],"author":[{"embeddable":true,"href":"https:\/\/www.cuesystem.com\/es\/wp-json\/wp\/v2\/users\/11"}],"replies":[{"embeddable":true,"href":"https:\/\/www.cuesystem.com\/es\/wp-json\/wp\/v2\/comments?post=37251"}],"version-history":[{"count":1,"href":"https:\/\/www.cuesystem.com\/es\/wp-json\/wp\/v2\/pages\/37251\/revisions"}],"predecessor-version":[{"id":37252,"href":"https:\/\/www.cuesystem.com\/es\/wp-json\/wp\/v2\/pages\/37251\/revisions\/37252"}],"up":[{"embeddable":true,"href":"https:\/\/www.cuesystem.com\/es\/wp-json\/wp\/v2\/pages\/30180"}],"wp:attachment":[{"href":"https:\/\/www.cuesystem.com\/es\/wp-json\/wp\/v2\/media?parent=37251"}],"wp:term":[{"taxonomy":"kategorie","embeddable":true,"href":"https:\/\/www.cuesystem.com\/es\/wp-json\/wp\/v2\/kategorie?post=37251"}],"curies":[{"name":"wp","href":"https:\/\/api.w.org\/{rel}","templated":true}]}}