{"id":37275,"date":"2026-04-01T15:11:07","date_gmt":"2026-04-01T13:11:07","guid":{"rendered":"https:\/\/www.cuesystem.com\/casos-practicos\/suiza-universidad\/"},"modified":"2026-04-01T15:32:17","modified_gmt":"2026-04-01T13:32:17","slug":"suiza-universidad","status":"publish","type":"page","link":"https:\/\/www.cuesystem.com\/es\/casos-practicos\/suiza-universidad\/","title":{"rendered":"Suiza Universidad"},"content":{"rendered":"\t\t<div data-elementor-type=\"wp-page\" data-elementor-id=\"37275\" class=\"elementor elementor-37275 elementor-37257\" data-elementor-post-type=\"page\">\n\t\t\t\t<div class=\"elementor-element elementor-element-5396732 e-con-full e-flex e-con e-child\" data-id=\"5396732\" data-element_type=\"container\" data-e-type=\"container\">\n\t\t\t\t<div class=\"elementor-element elementor-element-c8edd39 elementor-widget elementor-widget-heading\" data-id=\"c8edd39\" data-element_type=\"widget\" data-e-type=\"widget\" data-widget_type=\"heading.default\">\n\t\t\t\t<div class=\"elementor-widget-container\">\n\t\t\t\t\t<h3 class=\"elementor-heading-title elementor-size-default\">Estudio de caso<\/h3>\t\t\t\t<\/div>\n\t\t\t\t<\/div>\n\t\t\t\t<div class=\"elementor-element elementor-element-d93bb63 elementor-widget elementor-widget-heading\" data-id=\"d93bb63\" data-element_type=\"widget\" data-e-type=\"widget\" data-widget_type=\"heading.default\">\n\t\t\t\t<div class=\"elementor-widget-container\">\n\t\t\t\t\t<h1 class=\"elementor-heading-title elementor-size-default\">Suiza Universidad<\/h1>\t\t\t\t<\/div>\n\t\t\t\t<\/div>\n\t\t\t\t<div class=\"elementor-element elementor-element-4339b25 elementor-widget-divider--view-line elementor-widget elementor-widget-divider\" data-id=\"4339b25\" data-element_type=\"widget\" data-e-type=\"widget\" data-widget_type=\"divider.default\">\n\t\t\t\t<div class=\"elementor-widget-container\">\n\t\t\t\t\t\t\t<div class=\"elementor-divider\">\n\t\t\t<span class=\"elementor-divider-separator\">\n\t\t\t\t\t\t<\/span>\n\t\t<\/div>\n\t\t\t\t\t\t<\/div>\n\t\t\t\t<\/div>\n\t\t<div class=\"elementor-element elementor-element-4c37b03 e-grid e-con-boxed e-con e-child\" data-id=\"4c37b03\" data-element_type=\"container\" data-e-type=\"container\">\n\t\t\t\t\t<div class=\"e-con-inner\">\n\t\t<div class=\"elementor-element elementor-element-6bcdf3b e-con-full e-flex e-con e-child\" data-id=\"6bcdf3b\" data-element_type=\"container\" data-e-type=\"container\">\n\t\t\t\t<div class=\"elementor-element elementor-element-1480ec0 elementor-widget elementor-widget-heading\" data-id=\"1480ec0\" data-element_type=\"widget\" data-e-type=\"widget\" data-widget_type=\"heading.default\">\n\t\t\t\t<div class=\"elementor-widget-container\">\n\t\t\t\t\t<h2 class=\"elementor-heading-title elementor-size-default\">El desaf\u00edo<\/h2>\t\t\t\t<\/div>\n\t\t\t\t<\/div>\n\t\t\t\t<div class=\"elementor-element elementor-element-9028a3c elementor-widget elementor-widget-text-editor\" data-id=\"9028a3c\" data-element_type=\"widget\" data-e-type=\"widget\" data-widget_type=\"text-editor.default\">\n\t\t\t\t<div class=\"elementor-widget-container\">\n\t\t\t\t\t\t\t\t\t<p>La universidad <strong>ampli\u00f3 sus instalaciones con 18 nuevas aulas pabell\u00f3n<\/strong>, cada una de las cuales requer\u00eda una conectividad sin fisuras para ordenadores, dispositivos multimedia y perif\u00e9ricos de ense\u00f1anza. El objetivo era garantizar una <strong>experiencia de control fiable y f\u00e1cil de usar para los profesores<\/strong>, al tiempo que se actualizaban las 45 aulas existentes para que <strong>cumplieran los modernos est\u00e1ndares audiovisuales y de TI<\/strong>. <\/p>\t\t\t\t\t\t\t\t<\/div>\n\t\t\t\t<\/div>\n\t\t\t\t<\/div>\n\t\t<div class=\"elementor-element elementor-element-7d9939f e-con-full e-flex e-con e-child\" data-id=\"7d9939f\" data-element_type=\"container\" data-e-type=\"container\">\n\t\t\t\t<div class=\"elementor-element elementor-element-51e6b1c elementor-widget elementor-widget-image\" data-id=\"51e6b1c\" data-element_type=\"widget\" data-e-type=\"widget\" data-widget_type=\"image.default\">\n\t\t\t\t<div class=\"elementor-widget-container\">\n\t\t\t\t\t\t\t\t\t\t\t\t\t\t\t\t<a href=\"https:\/\/www.cuesystem.com\/wp-content\/uploads\/2026\/04\/sds.webp\" data-elementor-open-lightbox=\"yes\" data-e-action-hash=\"#elementor-action%3Aaction%3Dlightbox%26settings%3DeyJpZCI6MzcyNjMsInVybCI6Imh0dHBzOlwvXC93d3cuY3Vlc3lzdGVtLmNvbVwvd3AtY29udGVudFwvdXBsb2Fkc1wvMjAyNlwvMDRcL3Nkcy53ZWJwIn0%3D\">\n\t\t\t\t\t\t\t<img fetchpriority=\"high\" decoding=\"async\" width=\"992\" height=\"484\" src=\"https:\/\/www.cuesystem.com\/wp-content\/uploads\/2026\/04\/sds.webp\" class=\"attachment-large size-large wp-image-37263\" alt=\"\" srcset=\"https:\/\/www.cuesystem.com\/wp-content\/uploads\/2026\/04\/sds.webp 992w, https:\/\/www.cuesystem.com\/wp-content\/uploads\/2026\/04\/sds-300x146.webp 300w\" sizes=\"(max-width: 992px) 100vw, 992px\" \/>\t\t\t\t\t\t\t\t<\/a>\n\t\t\t\t\t\t\t\t\t\t\t\t\t\t\t<\/div>\n\t\t\t\t<\/div>\n\t\t\t\t<\/div>\n\t\t\t\t\t<\/div>\n\t\t\t\t<\/div>\n\t\t<div class=\"elementor-element elementor-element-4490095 e-grid e-con-boxed e-con e-child\" data-id=\"4490095\" data-element_type=\"container\" data-e-type=\"container\">\n\t\t\t\t\t<div class=\"e-con-inner\">\n\t\t<div class=\"elementor-element elementor-element-25bce2e e-con-full e-flex e-con e-child\" data-id=\"25bce2e\" data-element_type=\"container\" data-e-type=\"container\">\n\t\t\t\t<div class=\"elementor-element elementor-element-74f8a73 elementor-widget elementor-widget-image\" data-id=\"74f8a73\" data-element_type=\"widget\" data-e-type=\"widget\" data-widget_type=\"image.default\">\n\t\t\t\t<div class=\"elementor-widget-container\">\n\t\t\t\t\t\t\t\t\t\t\t\t\t\t\t\t<a href=\"https:\/\/www.cuesystem.com\/wp-content\/uploads\/2026\/04\/sd.webp\" data-elementor-open-lightbox=\"yes\" data-e-action-hash=\"#elementor-action%3Aaction%3Dlightbox%26settings%3DeyJpZCI6MzcyNjgsInVybCI6Imh0dHBzOlwvXC93d3cuY3Vlc3lzdGVtLmNvbVwvd3AtY29udGVudFwvdXBsb2Fkc1wvMjAyNlwvMDRcL3NkLndlYnAifQ%3D%3D\">\n\t\t\t\t\t\t\t<img decoding=\"async\" width=\"819\" height=\"1024\" src=\"https:\/\/www.cuesystem.com\/wp-content\/uploads\/2026\/04\/sd-819x1024.webp\" class=\"attachment-large size-large wp-image-37268\" alt=\"\" srcset=\"https:\/\/www.cuesystem.com\/wp-content\/uploads\/2026\/04\/sd-819x1024.webp 819w, https:\/\/www.cuesystem.com\/wp-content\/uploads\/2026\/04\/sd-240x300.webp 240w, https:\/\/www.cuesystem.com\/wp-content\/uploads\/2026\/04\/sd.webp 1875w\" sizes=\"(max-width: 819px) 100vw, 819px\" \/>\t\t\t\t\t\t\t\t<\/a>\n\t\t\t\t\t\t\t\t\t\t\t\t\t\t\t<\/div>\n\t\t\t\t<\/div>\n\t\t\t\t<\/div>\n\t\t<div class=\"elementor-element elementor-element-06bdfc6 e-con-full e-flex e-con e-child\" data-id=\"06bdfc6\" data-element_type=\"container\" data-e-type=\"container\">\n\t\t\t\t<div class=\"elementor-element elementor-element-30541a4 elementor-widget elementor-widget-heading\" data-id=\"30541a4\" data-element_type=\"widget\" data-e-type=\"widget\" data-widget_type=\"heading.default\">\n\t\t\t\t<div class=\"elementor-widget-container\">\n\t\t\t\t\t<h2 class=\"elementor-heading-title elementor-size-default\">Nuestra resoluci\u00f3n<\/h2>\t\t\t\t<\/div>\n\t\t\t\t<\/div>\n\t\t\t\t<div class=\"elementor-element elementor-element-ec61533 elementor-widget elementor-widget-text-editor\" data-id=\"ec61533\" data-element_type=\"widget\" data-e-type=\"widget\" data-widget_type=\"text-editor.default\">\n\t\t\t\t<div class=\"elementor-widget-container\">\n\t\t\t\t\t\t\t\t\t<p>CUE suministr\u00f3 un <strong>sistema de control totalmente integrado<\/strong> <strong>que conecta y gestiona todos los dispositivos de cada aula<\/strong>, desde ordenadores hasta equipos audiovisuales. Para garantizar la <strong>m\u00e1xima fiabilidad<\/strong>, se instal\u00f3 previamente una sala de pruebas dedicada, que permiti\u00f3 realizar pruebas y ajustes a escala real para optimizar el sistema para su uso diario. <\/p><p>Junto a los nuevos pabellones, se actualizaron las aulas existentes en el edificio principal, garantizando <strong>normas uniformes<\/strong> para las conexiones inform\u00e1ticas y de v\u00eddeo en todo el campus.<\/p><p>Todo el proyecto se llev\u00f3 a cabo en colaboraci\u00f3n con nuestro <strong>socio suizo<\/strong> <a class=\"_ymio1r31 _ypr0glyw _zcxs1o36 _mizu1v1w _1ah3dkaa _ra3xnqa1 _128mdkaa _1cvmnqa1 _4davt94y _4bfu1r31 _1hms8stv _ajmmnqa1 _vchhusvi _kqswh2mm _ect4ttxp _syaz13af _1a3b1r31 _4fpr8stv _5goinqa1 _f8pj13af _9oik1r31 _1bnxglyw _jf4cnqa1 _30l313af _1nrm1r31 _c2waglyw _1iohnqa1 _9h8h12zz _10531ra0 _1ien1ra0 _n0fx1ra0 _1vhv17z1\" title=\"https:\/\/www.avmat.ch\/fr\" href=\"https:\/\/www.avmat.ch\/fr\" data-renderer-mark=\"true\"><strong data-renderer-mark=\"true\">AVMAT<\/strong><\/a>y el resultado fue un <strong>entorno moderno y f\u00e1cil de usar<\/strong> que permite a los profesores y al personal centrarse en la educaci\u00f3n y no en la tecnolog\u00eda.<\/p>\t\t\t\t\t\t\t\t<\/div>\n\t\t\t\t<\/div>\n\t\t\t\t<\/div>\n\t\t\t\t\t<\/div>\n\t\t\t\t<\/div>\n\t\t\t\t<\/div>\n\t\t\t\t<\/div>\n\t\t","protected":false},"excerpt":{"rendered":"<p>Estudio de caso Suiza Universidad El desaf\u00edo La universidad ampli\u00f3 sus instalaciones con 18 nuevas aulas pabell\u00f3n, cada una de las cuales requer\u00eda una conectividad sin fisuras para ordenadores, dispositivos multimedia y perif\u00e9ricos de ense\u00f1anza. El objetivo era garantizar una experiencia de control fiable y f\u00e1cil de usar para los profesores, al tiempo que se <a href=\"https:\/\/www.cuesystem.com\/es\/casos-practicos\/suiza-universidad\/\" class=\"more-link\">&#8230;<span class=\"screen-reader-text\">  Suiza Universidad<\/span><\/a><\/p>\n","protected":false},"author":11,"featured_media":0,"parent":30180,"menu_order":7,"comment_status":"closed","ping_status":"closed","template":"","meta":{"_acf_changed":false,"inline_featured_image":false,"footnotes":""},"kategorie":[],"class_list":["post-37275","page","type-page","status-publish","hentry"],"acf":[],"_links":{"self":[{"href":"https:\/\/www.cuesystem.com\/es\/wp-json\/wp\/v2\/pages\/37275","targetHints":{"allow":["GET"]}}],"collection":[{"href":"https:\/\/www.cuesystem.com\/es\/wp-json\/wp\/v2\/pages"}],"about":[{"href":"https:\/\/www.cuesystem.com\/es\/wp-json\/wp\/v2\/types\/page"}],"author":[{"embeddable":true,"href":"https:\/\/www.cuesystem.com\/es\/wp-json\/wp\/v2\/users\/11"}],"replies":[{"embeddable":true,"href":"https:\/\/www.cuesystem.com\/es\/wp-json\/wp\/v2\/comments?post=37275"}],"version-history":[{"count":1,"href":"https:\/\/www.cuesystem.com\/es\/wp-json\/wp\/v2\/pages\/37275\/revisions"}],"predecessor-version":[{"id":37276,"href":"https:\/\/www.cuesystem.com\/es\/wp-json\/wp\/v2\/pages\/37275\/revisions\/37276"}],"up":[{"embeddable":true,"href":"https:\/\/www.cuesystem.com\/es\/wp-json\/wp\/v2\/pages\/30180"}],"wp:attachment":[{"href":"https:\/\/www.cuesystem.com\/es\/wp-json\/wp\/v2\/media?parent=37275"}],"wp:term":[{"taxonomy":"kategorie","embeddable":true,"href":"https:\/\/www.cuesystem.com\/es\/wp-json\/wp\/v2\/kategorie?post=37275"}],"curies":[{"name":"wp","href":"https:\/\/api.w.org\/{rel}","templated":true}]}}