{"id":37354,"date":"2026-04-08T10:37:03","date_gmt":"2026-04-08T08:37:03","guid":{"rendered":"https:\/\/www.cuesystem.com\/casos-practicos\/ragasa-mexico\/"},"modified":"2026-04-08T10:44:28","modified_gmt":"2026-04-08T08:44:28","slug":"ragasa-mexico","status":"publish","type":"page","link":"https:\/\/www.cuesystem.com\/es\/casos-practicos\/ragasa-mexico\/","title":{"rendered":"Ragasa M\u00e9xico"},"content":{"rendered":"\t\t<div data-elementor-type=\"wp-page\" data-elementor-id=\"37354\" class=\"elementor elementor-37354 elementor-37298\" data-elementor-post-type=\"page\">\n\t\t\t\t<div class=\"elementor-element elementor-element-1a0b49f e-con-full e-flex e-con e-child\" data-id=\"1a0b49f\" data-element_type=\"container\" data-e-type=\"container\">\n\t\t\t\t<div class=\"elementor-element elementor-element-2fa0fc3 elementor-widget elementor-widget-heading\" data-id=\"2fa0fc3\" data-element_type=\"widget\" data-e-type=\"widget\" data-widget_type=\"heading.default\">\n\t\t\t\t<div class=\"elementor-widget-container\">\n\t\t\t\t\t<h3 class=\"elementor-heading-title elementor-size-default\">Estudio de caso<\/h3>\t\t\t\t<\/div>\n\t\t\t\t<\/div>\n\t\t\t\t<div class=\"elementor-element elementor-element-2c750c9 elementor-widget elementor-widget-heading\" data-id=\"2c750c9\" data-element_type=\"widget\" data-e-type=\"widget\" data-widget_type=\"heading.default\">\n\t\t\t\t<div class=\"elementor-widget-container\">\n\t\t\t\t\t<h1 class=\"elementor-heading-title elementor-size-default\">Ragasa M\u00e9xico<\/h1>\t\t\t\t<\/div>\n\t\t\t\t<\/div>\n\t\t\t\t<div class=\"elementor-element elementor-element-c229a0f elementor-widget-divider--view-line elementor-widget elementor-widget-divider\" data-id=\"c229a0f\" data-element_type=\"widget\" data-e-type=\"widget\" data-widget_type=\"divider.default\">\n\t\t\t\t<div class=\"elementor-widget-container\">\n\t\t\t\t\t\t\t<div class=\"elementor-divider\">\n\t\t\t<span class=\"elementor-divider-separator\">\n\t\t\t\t\t\t<\/span>\n\t\t<\/div>\n\t\t\t\t\t\t<\/div>\n\t\t\t\t<\/div>\n\t\t<div class=\"elementor-element elementor-element-cde6b98 e-grid e-con-boxed e-con e-child\" data-id=\"cde6b98\" data-element_type=\"container\" data-e-type=\"container\">\n\t\t\t\t\t<div class=\"e-con-inner\">\n\t\t<div class=\"elementor-element elementor-element-922244e e-con-full e-flex e-con e-child\" data-id=\"922244e\" data-element_type=\"container\" data-e-type=\"container\">\n\t\t\t\t<div class=\"elementor-element elementor-element-6c1c6ed elementor-widget elementor-widget-heading\" data-id=\"6c1c6ed\" data-element_type=\"widget\" data-e-type=\"widget\" data-widget_type=\"heading.default\">\n\t\t\t\t<div class=\"elementor-widget-container\">\n\t\t\t\t\t<h2 class=\"elementor-heading-title elementor-size-default\">El desaf\u00edo<\/h2>\t\t\t\t<\/div>\n\t\t\t\t<\/div>\n\t\t\t\t<div class=\"elementor-element elementor-element-56ef42f elementor-widget elementor-widget-text-editor\" data-id=\"56ef42f\" data-element_type=\"widget\" data-e-type=\"widget\" data-widget_type=\"text-editor.default\">\n\t\t\t\t<div class=\"elementor-widget-container\">\n\t\t\t\t\t\t\t\t\t<p data-renderer-start-pos=\"18\"><a class=\"_ymio1r31 _ypr0glyw _zcxs1o36 _mizu1v1w _1ah3dkaa _ra3xnqa1 _128mdkaa _1cvmnqa1 _4davt94y _4bfu1r31 _1hms8stv _ajmmnqa1 _vchhusvi _kqswh2mm _ect4ttxp _syaz13af _1a3b1r31 _4fpr8stv _5goinqa1 _f8pj13af _9oik1r31 _1bnxglyw _jf4cnqa1 _30l313af _1nrm1r31 _c2waglyw _1iohnqa1 _9h8h12zz _10531ra0 _1ien1ra0 _n0fx1ra0 _1vhv17z1\" title=\"https:\/\/www.ragasa.com.mx\/en\/\" href=\"https:\/\/www.ragasa.com.mx\/en\/\" data-renderer-mark=\"true\"><strong>Ragasa<\/strong><\/a> se enfrent\u00f3 a la necesidad de crear un <strong data-renderer-mark=\"true\">entorno de trabajo <\/strong> <strong data-renderer-mark=\"true\">m\u00e1s organizado<\/strong> y <strong data-renderer-mark=\"true\">transparente <\/strong>para su <strong data-renderer-mark=\"true\">numerosa plantilla<\/strong>.<\/p><p data-renderer-start-pos=\"126\">Con cargas de trabajo complejas en varias instalaciones, la empresa necesitaba un sistema que garantizara <strong data-renderer-mark=\"true\">un conocimiento completo <\/strong>de la <strong data-renderer-mark=\"true\">disponibilidad de <\/strong> <strong data-renderer-mark=\"true\">las salas <\/strong>y los <strong data-renderer-mark=\"true\">puestos de trabajo <\/strong>, y que al mismo tiempo permitiera recopilar datos fiables para futuras optimizaciones.<\/p>\t\t\t\t\t\t\t\t<\/div>\n\t\t\t\t<\/div>\n\t\t\t\t<\/div>\n\t\t<div class=\"elementor-element elementor-element-afe2be8 e-con-full e-flex e-con e-child\" data-id=\"afe2be8\" data-element_type=\"container\" data-e-type=\"container\">\n\t\t\t\t<div class=\"elementor-element elementor-element-c50cf36 elementor-widget elementor-widget-image\" data-id=\"c50cf36\" data-element_type=\"widget\" data-e-type=\"widget\" data-widget_type=\"image.default\">\n\t\t\t\t<div class=\"elementor-widget-container\">\n\t\t\t\t\t\t\t\t\t\t\t\t\t\t\t<img fetchpriority=\"high\" decoding=\"async\" width=\"480\" height=\"185\" src=\"https:\/\/www.cuesystem.com\/wp-content\/uploads\/2026\/04\/Silos-480x185-1.webp\" class=\"attachment-large size-large wp-image-37340\" alt=\"\" srcset=\"https:\/\/www.cuesystem.com\/wp-content\/uploads\/2026\/04\/Silos-480x185-1.webp 480w, https:\/\/www.cuesystem.com\/wp-content\/uploads\/2026\/04\/Silos-480x185-1-300x116.webp 300w\" sizes=\"(max-width: 480px) 100vw, 480px\" \/>\t\t\t\t\t\t\t\t\t\t\t\t\t\t\t<\/div>\n\t\t\t\t<\/div>\n\t\t\t\t<\/div>\n\t\t\t\t\t<\/div>\n\t\t\t\t<\/div>\n\t\t<div class=\"elementor-element elementor-element-6b3dd33 e-grid e-con-boxed e-con e-child\" data-id=\"6b3dd33\" data-element_type=\"container\" data-e-type=\"container\">\n\t\t\t\t\t<div class=\"e-con-inner\">\n\t\t<div class=\"elementor-element elementor-element-cb83403 e-con-full e-flex e-con e-child\" data-id=\"cb83403\" data-element_type=\"container\" data-e-type=\"container\">\n\t\t\t\t<div class=\"elementor-element elementor-element-179367d elementor-widget elementor-widget-image\" data-id=\"179367d\" data-element_type=\"widget\" data-e-type=\"widget\" data-widget_type=\"image.default\">\n\t\t\t\t<div class=\"elementor-widget-container\">\n\t\t\t\t\t\t\t\t\t\t\t\t\t\t\t<img decoding=\"async\" width=\"1024\" height=\"310\" src=\"https:\/\/www.cuesystem.com\/wp-content\/uploads\/2026\/04\/1620352013438-1024x310.webp\" class=\"attachment-large size-large wp-image-37310\" alt=\"\" srcset=\"https:\/\/www.cuesystem.com\/wp-content\/uploads\/2026\/04\/1620352013438-1024x310.webp 1024w, https:\/\/www.cuesystem.com\/wp-content\/uploads\/2026\/04\/1620352013438-300x91.webp 300w, https:\/\/www.cuesystem.com\/wp-content\/uploads\/2026\/04\/1620352013438.webp 1280w\" sizes=\"(max-width: 1024px) 100vw, 1024px\" \/>\t\t\t\t\t\t\t\t\t\t\t\t\t\t\t<\/div>\n\t\t\t\t<\/div>\n\t\t\t\t<\/div>\n\t\t<div class=\"elementor-element elementor-element-1482de8 e-con-full e-flex e-con e-child\" data-id=\"1482de8\" data-element_type=\"container\" data-e-type=\"container\">\n\t\t\t\t<div class=\"elementor-element elementor-element-daa70a3 elementor-widget elementor-widget-heading\" data-id=\"daa70a3\" data-element_type=\"widget\" data-e-type=\"widget\" data-widget_type=\"heading.default\">\n\t\t\t\t<div class=\"elementor-widget-container\">\n\t\t\t\t\t<h2 class=\"elementor-heading-title elementor-size-default\">Sobre Ragasa<\/h2>\t\t\t\t<\/div>\n\t\t\t\t<\/div>\n\t\t\t\t<div class=\"elementor-element elementor-element-dd2289e elementor-widget elementor-widget-text-editor\" data-id=\"dd2289e\" data-element_type=\"widget\" data-e-type=\"widget\" data-widget_type=\"text-editor.default\">\n\t\t\t\t<div class=\"elementor-widget-container\">\n\t\t\t\t\t\t\t\t\t<p data-renderer-start-pos=\"378\"><a class=\"_ymio1r31 _ypr0glyw _zcxs1o36 _mizu1v1w _1ah3dkaa _ra3xnqa1 _128mdkaa _1cvmnqa1 _4davt94y _4bfu1r31 _1hms8stv _ajmmnqa1 _vchhusvi _kqswh2mm _ect4ttxp _syaz13af _1a3b1r31 _4fpr8stv _5goinqa1 _f8pj13af _9oik1r31 _1bnxglyw _jf4cnqa1 _30l313af _1nrm1r31 _c2waglyw _1iohnqa1 _9h8h12zz _10531ra0 _1ien1ra0 _n0fx1ra0 _1vhv17z1\" title=\"https:\/\/www.ragasa.com.mx\/en\/\" href=\"https:\/\/www.ragasa.com.mx\/en\/\" data-renderer-mark=\"true\"><strong data-renderer-mark=\"true\">Ragasa<\/strong><\/a> es un <strong data-renderer-mark=\"true\">grupo mexicano l\u00edder de empresas<\/strong> especializadas en la producci\u00f3n de aceites y productos de origen vegetal. Con la misi\u00f3n de sustituir las mantequillas de origen animal, la empresa se centra en ofrecer alternativas m\u00e1s sanas y de alta calidad a sus clientes. <\/p>\n<p data-renderer-start-pos=\"630\">El proyecto fue realizado por nuestro distribuidor <a class=\"_ymio1r31 _ypr0glyw _zcxs1o36 _mizu1v1w _1ah3dkaa _ra3xnqa1 _128mdkaa _1cvmnqa1 _4davt94y _4bfu1r31 _1hms8stv _ajmmnqa1 _vchhusvi _kqswh2mm _ect4ttxp _syaz13af _1a3b1r31 _4fpr8stv _5goinqa1 _f8pj13af _9oik1r31 _1bnxglyw _jf4cnqa1 _30l313af _1nrm1r31 _c2waglyw _1iohnqa1 _9h8h12zz _10531ra0 _1ien1ra0 _n0fx1ra0 _1vhv17z1\" title=\"https:\/\/www.silvergate.cz\/\" href=\"https:\/\/www.silvergate.cz\/\" data-renderer-mark=\"true\"><strong data-renderer-mark=\"true\">Silvergate, s.r.o.<\/strong><\/a><\/p>\t\t\t\t\t\t\t\t<\/div>\n\t\t\t\t<\/div>\n\t\t\t\t<\/div>\n\t\t\t\t\t<\/div>\n\t\t\t\t<\/div>\n\t\t<div class=\"elementor-element elementor-element-4c02ebc e-grid e-con-boxed e-con e-child\" data-id=\"4c02ebc\" data-element_type=\"container\" data-e-type=\"container\">\n\t\t\t\t\t<div class=\"e-con-inner\">\n\t\t<div class=\"elementor-element elementor-element-8060a87 e-con-full e-flex e-con e-child\" data-id=\"8060a87\" data-element_type=\"container\" data-e-type=\"container\">\n\t\t\t\t<div class=\"elementor-element elementor-element-799d257 elementor-widget elementor-widget-heading\" data-id=\"799d257\" data-element_type=\"widget\" data-e-type=\"widget\" data-widget_type=\"heading.default\">\n\t\t\t\t<div class=\"elementor-widget-container\">\n\t\t\t\t\t<h2 class=\"elementor-heading-title elementor-size-default\">Nuestra resoluci\u00f3n<\/h2>\t\t\t\t<\/div>\n\t\t\t\t<\/div>\n\t\t\t\t<div class=\"elementor-element elementor-element-47baeb6 elementor-widget elementor-widget-text-editor\" data-id=\"47baeb6\" data-element_type=\"widget\" data-e-type=\"widget\" data-widget_type=\"text-editor.default\">\n\t\t\t\t<div class=\"elementor-widget-container\">\n\t\t\t\t\t\t\t\t\t<p data-renderer-start-pos=\"718\">Para dar respuesta a estas necesidades, se integr\u00f3 el <strong data-renderer-mark=\"true\">sistema de gesti\u00f3n de puestos de trabajo<\/strong> de CUE en todas las oficinas de Ragasa. La soluci\u00f3n combina <a class=\"_ymio1r31 _ypr0glyw _zcxs1o36 _mizu1v1w _1ah3dkaa _ra3xnqa1 _128mdkaa _1cvmnqa1 _4davt94y _4bfu1r31 _1hms8stv _ajmmnqa1 _vchhusvi _kqswh2mm _ect4ttxp _syaz13af _1a3b1r31 _4fpr8stv _5goinqa1 _f8pj13af _9oik1r31 _1bnxglyw _jf4cnqa1 _30l313af _1nrm1r31 _c2waglyw _1iohnqa1 _9h8h12zz _10531ra0 _1ien1ra0 _n0fx1ra0 _1vhv17z1\" title=\"https:\/\/docs.cuesystem.com\/space\/PRODUCTS\/483328034\" href=\"https:\/\/docs.cuesystem.com\/space\/PRODUCTS\/483328034\" data-renderer-mark=\"true\"><strong data-renderer-mark=\"true\">paneles touchONE-10-M<\/strong><\/a>, <a class=\"_ymio1r31 _ypr0glyw _zcxs1o36 _mizu1v1w _1ah3dkaa _ra3xnqa1 _128mdkaa _1cvmnqa1 _4davt94y _4bfu1r31 _1hms8stv _ajmmnqa1 _vchhusvi _kqswh2mm _ect4ttxp _syaz13af _1a3b1r31 _4fpr8stv _5goinqa1 _f8pj13af _9oik1r31 _1bnxglyw _jf4cnqa1 _30l313af _1nrm1r31 _c2waglyw _1iohnqa1 _9h8h12zz _10531ra0 _1ien1ra0 _n0fx1ra0 _1vhv17z1\" title=\"https:\/\/www.cuesystem.com\/reserve\/cue-assist\/\" href=\"https:\/\/www.cuesystem.com\/es\/reserva\/asistencia-cue\/\" data-renderer-mark=\"true\"><strong data-renderer-mark=\"true\"><span class=\"fabric-text-color-mark\" data-renderer-mark=\"true\" data-text-custom-color=\"#ff5630\">CUE Assist<\/span><\/strong><\/a> y <strong data-renderer-mark=\"true\"> <span class=\"fabric-text-color-mark\" data-renderer-mark=\"true\" data-text-custom-color=\"#ff5630\">unidades de<\/span> puesto de trabajo<\/strong>, junto con <a class=\"_ymio1r31 _ypr0glyw _zcxs1o36 _mizu1v1w _1ah3dkaa _ra3xnqa1 _128mdkaa _1cvmnqa1 _4davt94y _4bfu1r31 _1hms8stv _ajmmnqa1 _vchhusvi _kqswh2mm _ect4ttxp _syaz13af _1a3b1r31 _4fpr8stv _5goinqa1 _f8pj13af _9oik1r31 _1bnxglyw _jf4cnqa1 _30l313af _1nrm1r31 _c2waglyw _1iohnqa1 _9h8h12zz _10531ra0 _1ien1ra0 _n0fx1ra0 _1vhv17z1\" title=\"https:\/\/www.cuesystem.com\/manage\/cue-admin\/\" href=\"https:\/\/www.cuesystem.com\/es\/gestione\/cue-admin\/\" data-renderer-mark=\"true\"><strong data-renderer-mark=\"true\">CUE Admin<\/strong><\/a> para una gesti\u00f3n centralizada. <\/p><p data-renderer-start-pos=\"963\">Esta configuraci\u00f3n permite a los empleados ver al instante la <strong data-renderer-mark=\"true\">disponibilidad <\/strong>de <strong data-renderer-mark=\"true\">salas de reuniones <\/strong>y <strong data-renderer-mark=\"true\">lugares de trabajo<\/strong>, <strong data-renderer-mark=\"true\">simplificar las reservas<\/strong> y <strong data-renderer-mark=\"true\">navegar por <\/strong>sus <strong data-renderer-mark=\"true\">tareas diarias<\/strong> con facilidad. Al mismo tiempo, el sistema proporciona <strong><a class=\"_ymio1r31 _ypr0glyw _zcxs1o36 _mizu1v1w _1ah3dkaa _ra3xnqa1 _128mdkaa _1cvmnqa1 _4davt94y _4bfu1r31 _1hms8stv _ajmmnqa1 _vchhusvi _kqswh2mm _ect4ttxp _syaz13af _1a3b1r31 _4fpr8stv _5goinqa1 _f8pj13af _9oik1r31 _1bnxglyw _jf4cnqa1 _30l313af _1nrm1r31 _c2waglyw _1iohnqa1 _9h8h12zz _10531ra0 _1ien1ra0 _n0fx1ra0 _1vhv17z1\" title=\"https:\/\/www.ragasa.com.mx\/en\/\" href=\"https:\/\/www.ragasa.com.mx\/en\/\" data-renderer-mark=\"true\">Ragasa<\/a> <\/strong><strong data-renderer-mark=\"true\">datos valiosos <\/strong>sobre <strong data-renderer-mark=\"true\">el uso de los recursos<\/strong>, lo que facilita <strong data-renderer-mark=\"true\">una planificaci\u00f3n m\u00e1s eficaz<\/strong> y la<strong data-renderer-mark=\"true\"> toma de decisiones a largo plazo<\/strong>. <\/p><p data-renderer-start-pos=\"1269\">El resultado es un <strong data-renderer-mark=\"true\">entorno de trabajo<\/strong> <strong data-renderer-mark=\"true\">racionalizado<\/strong>, <strong data-renderer-mark=\"true\">transparente<\/strong> y <strong data-renderer-mark=\"true\">basado en datos<\/strong> que capacita a los empleados y <strong data-renderer-mark=\"true\">apoya <\/strong>el <strong data-renderer-mark=\"true\">enfoque <\/strong>de la empresa en la <strong data-renderer-mark=\"true\">productividad <\/strong>y la <strong data-renderer-mark=\"true\">innovaci\u00f3n<\/strong>.<\/p>\t\t\t\t\t\t\t\t<\/div>\n\t\t\t\t<\/div>\n\t\t\t\t<\/div>\n\t\t<div class=\"elementor-element elementor-element-6882fdb e-con-full e-flex e-con e-child\" data-id=\"6882fdb\" data-element_type=\"container\" data-e-type=\"container\">\n\t\t\t\t<div class=\"elementor-element elementor-element-246ca81 elementor-widget elementor-widget-image\" data-id=\"246ca81\" data-element_type=\"widget\" data-e-type=\"widget\" data-widget_type=\"image.default\">\n\t\t\t\t<div class=\"elementor-widget-container\">\n\t\t\t\t\t\t\t\t\t\t\t\t\t\t\t\t<a href=\"https:\/\/www.cuesystem.com\/wp-content\/uploads\/2026\/04\/image-20220718-190318.webp\" data-elementor-open-lightbox=\"yes\" data-e-action-hash=\"#elementor-action%3Aaction%3Dlightbox%26settings%3DeyJpZCI6MzczMTUsInVybCI6Imh0dHBzOlwvXC93d3cuY3Vlc3lzdGVtLmNvbVwvd3AtY29udGVudFwvdXBsb2Fkc1wvMjAyNlwvMDRcL2ltYWdlLTIwMjIwNzE4LTE5MDMxOC53ZWJwIn0%3D\">\n\t\t\t\t\t\t\t<img decoding=\"async\" width=\"1024\" height=\"493\" src=\"https:\/\/www.cuesystem.com\/wp-content\/uploads\/2026\/04\/image-20220718-190318-1024x493.webp\" class=\"attachment-large size-large wp-image-37315\" alt=\"\" srcset=\"https:\/\/www.cuesystem.com\/wp-content\/uploads\/2026\/04\/image-20220718-190318-1024x493.webp 1024w, https:\/\/www.cuesystem.com\/wp-content\/uploads\/2026\/04\/image-20220718-190318-300x144.webp 300w, https:\/\/www.cuesystem.com\/wp-content\/uploads\/2026\/04\/image-20220718-190318.webp 1807w\" sizes=\"(max-width: 1024px) 100vw, 1024px\" \/>\t\t\t\t\t\t\t\t<\/a>\n\t\t\t\t\t\t\t\t\t\t\t\t\t\t\t<\/div>\n\t\t\t\t<\/div>\n\t\t\t\t<\/div>\n\t\t\t\t\t<\/div>\n\t\t\t\t<\/div>\n\t\t\t\t<\/div>\n\t\t<div class=\"elementor-element elementor-element-5f4f319 e-flex e-con-boxed e-con e-parent\" data-id=\"5f4f319\" data-element_type=\"container\" data-e-type=\"container\">\n\t\t\t\t\t<div class=\"e-con-inner\">\n\t\t<div class=\"elementor-element elementor-element-51ce574 e-grid e-con-full e-con e-child\" data-id=\"51ce574\" data-element_type=\"container\" data-e-type=\"container\">\n\t\t\t\t<div class=\"elementor-element elementor-element-ba21e7d elementor-widget elementor-widget-image\" data-id=\"ba21e7d\" data-element_type=\"widget\" data-e-type=\"widget\" data-widget_type=\"image.default\">\n\t\t\t\t<div class=\"elementor-widget-container\">\n\t\t\t\t\t\t\t\t\t\t\t\t\t\t\t\t<a href=\"https:\/\/www.cuesystem.com\/wp-content\/uploads\/2026\/04\/image-20220718-190334.webp\" data-elementor-open-lightbox=\"yes\" data-e-action-hash=\"#elementor-action%3Aaction%3Dlightbox%26settings%3DeyJpZCI6MzczMjAsInVybCI6Imh0dHBzOlwvXC93d3cuY3Vlc3lzdGVtLmNvbVwvd3AtY29udGVudFwvdXBsb2Fkc1wvMjAyNlwvMDRcL2ltYWdlLTIwMjIwNzE4LTE5MDMzNC53ZWJwIn0%3D\">\n\t\t\t\t\t\t\t<img loading=\"lazy\" decoding=\"async\" width=\"1024\" height=\"492\" src=\"https:\/\/www.cuesystem.com\/wp-content\/uploads\/2026\/04\/image-20220718-190334-1024x492.webp\" class=\"attachment-large size-large wp-image-37320\" alt=\"\" srcset=\"https:\/\/www.cuesystem.com\/wp-content\/uploads\/2026\/04\/image-20220718-190334-1024x492.webp 1024w, https:\/\/www.cuesystem.com\/wp-content\/uploads\/2026\/04\/image-20220718-190334-300x144.webp 300w, https:\/\/www.cuesystem.com\/wp-content\/uploads\/2026\/04\/image-20220718-190334.webp 1811w\" sizes=\"(max-width: 1024px) 100vw, 1024px\" \/>\t\t\t\t\t\t\t\t<\/a>\n\t\t\t\t\t\t\t\t\t\t\t\t\t\t\t<\/div>\n\t\t\t\t<\/div>\n\t\t\t\t<div class=\"elementor-element elementor-element-f8c2948 elementor-widget elementor-widget-image\" data-id=\"f8c2948\" data-element_type=\"widget\" data-e-type=\"widget\" data-widget_type=\"image.default\">\n\t\t\t\t<div class=\"elementor-widget-container\">\n\t\t\t\t\t\t\t\t\t\t\t\t\t\t\t\t<a href=\"https:\/\/www.cuesystem.com\/wp-content\/uploads\/2026\/04\/image-20220718-190434.webp\" data-elementor-open-lightbox=\"yes\" data-e-action-hash=\"#elementor-action%3Aaction%3Dlightbox%26settings%3DeyJpZCI6MzczMjUsInVybCI6Imh0dHBzOlwvXC93d3cuY3Vlc3lzdGVtLmNvbVwvd3AtY29udGVudFwvdXBsb2Fkc1wvMjAyNlwvMDRcL2ltYWdlLTIwMjIwNzE4LTE5MDQzNC53ZWJwIn0%3D\">\n\t\t\t\t\t\t\t<img loading=\"lazy\" decoding=\"async\" width=\"1024\" height=\"492\" src=\"https:\/\/www.cuesystem.com\/wp-content\/uploads\/2026\/04\/image-20220718-190434-1024x492.webp\" class=\"attachment-large size-large wp-image-37325\" alt=\"\" srcset=\"https:\/\/www.cuesystem.com\/wp-content\/uploads\/2026\/04\/image-20220718-190434-1024x492.webp 1024w, https:\/\/www.cuesystem.com\/wp-content\/uploads\/2026\/04\/image-20220718-190434-300x144.webp 300w, https:\/\/www.cuesystem.com\/wp-content\/uploads\/2026\/04\/image-20220718-190434.webp 1814w\" sizes=\"(max-width: 1024px) 100vw, 1024px\" \/>\t\t\t\t\t\t\t\t<\/a>\n\t\t\t\t\t\t\t\t\t\t\t\t\t\t\t<\/div>\n\t\t\t\t<\/div>\n\t\t\t\t<\/div>\n\t\t\t\t\t<\/div>\n\t\t\t\t<\/div>\n\t\t\t\t<\/div>\n\t\t","protected":false},"excerpt":{"rendered":"<p>Estudio de caso Ragasa M\u00e9xico El desaf\u00edo Ragasa se enfrent\u00f3 a la necesidad de crear un entorno de trabajo m\u00e1s organizado y transparente para su numerosa plantilla. Con cargas de trabajo complejas en varias instalaciones, la empresa necesitaba un sistema que garantizara un conocimiento completo de la disponibilidad de las salas y los puestos de <a href=\"https:\/\/www.cuesystem.com\/es\/casos-practicos\/ragasa-mexico\/\" class=\"more-link\">&#8230;<span class=\"screen-reader-text\">  Ragasa M\u00e9xico<\/span><\/a><\/p>\n","protected":false},"author":11,"featured_media":0,"parent":30180,"menu_order":9,"comment_status":"closed","ping_status":"closed","template":"","meta":{"_acf_changed":false,"inline_featured_image":false,"footnotes":""},"kategorie":[],"class_list":["post-37354","page","type-page","status-publish","hentry"],"acf":[],"_links":{"self":[{"href":"https:\/\/www.cuesystem.com\/es\/wp-json\/wp\/v2\/pages\/37354","targetHints":{"allow":["GET"]}}],"collection":[{"href":"https:\/\/www.cuesystem.com\/es\/wp-json\/wp\/v2\/pages"}],"about":[{"href":"https:\/\/www.cuesystem.com\/es\/wp-json\/wp\/v2\/types\/page"}],"author":[{"embeddable":true,"href":"https:\/\/www.cuesystem.com\/es\/wp-json\/wp\/v2\/users\/11"}],"replies":[{"embeddable":true,"href":"https:\/\/www.cuesystem.com\/es\/wp-json\/wp\/v2\/comments?post=37354"}],"version-history":[{"count":1,"href":"https:\/\/www.cuesystem.com\/es\/wp-json\/wp\/v2\/pages\/37354\/revisions"}],"predecessor-version":[{"id":37356,"href":"https:\/\/www.cuesystem.com\/es\/wp-json\/wp\/v2\/pages\/37354\/revisions\/37356"}],"up":[{"embeddable":true,"href":"https:\/\/www.cuesystem.com\/es\/wp-json\/wp\/v2\/pages\/30180"}],"wp:attachment":[{"href":"https:\/\/www.cuesystem.com\/es\/wp-json\/wp\/v2\/media?parent=37354"}],"wp:term":[{"taxonomy":"kategorie","embeddable":true,"href":"https:\/\/www.cuesystem.com\/es\/wp-json\/wp\/v2\/kategorie?post=37354"}],"curies":[{"name":"wp","href":"https:\/\/api.w.org\/{rel}","templated":true}]}}