{"id":37441,"date":"2026-04-15T18:34:55","date_gmt":"2026-04-15T16:34:55","guid":{"rendered":"https:\/\/www.cuesystem.com\/novedades\/la-ia-llega-a-cue-visual-composer\/"},"modified":"2026-04-19T23:05:51","modified_gmt":"2026-04-19T21:05:51","slug":"la-ia-llega-a-cue-visual-composer","status":"publish","type":"page","link":"https:\/\/www.cuesystem.com\/es\/novedades\/la-ia-llega-a-cue-visual-composer\/","title":{"rendered":"La IA llega a CUE Visual Composer"},"content":{"rendered":"\t\t<div data-elementor-type=\"wp-page\" data-elementor-id=\"37441\" class=\"elementor elementor-37441 elementor-37394\" data-elementor-post-type=\"page\">\n\t\t\t\t<div class=\"elementor-element elementor-element-b0c6de2 e-con-full e-flex e-con e-child\" data-id=\"b0c6de2\" data-element_type=\"container\" data-e-type=\"container\">\n\t\t\t\t<div class=\"elementor-element elementor-element-9d22a52 elementor-widget elementor-widget-heading\" data-id=\"9d22a52\" data-element_type=\"widget\" data-e-type=\"widget\" data-widget_type=\"heading.default\">\n\t\t\t\t<div class=\"elementor-widget-container\">\n\t\t\t\t\t<h3 class=\"elementor-heading-title elementor-size-default\">\u00daltimas actualizaciones<\/h3>\t\t\t\t<\/div>\n\t\t\t\t<\/div>\n\t\t\t\t<div class=\"elementor-element elementor-element-c3c733d elementor-widget elementor-widget-heading\" data-id=\"c3c733d\" data-element_type=\"widget\" data-e-type=\"widget\" data-widget_type=\"heading.default\">\n\t\t\t\t<div class=\"elementor-widget-container\">\n\t\t\t\t\t<h1 class=\"elementor-heading-title elementor-size-default\">La IA llega a CUE Visual Composer<\/h1>\t\t\t\t<\/div>\n\t\t\t\t<\/div>\n\t\t\t\t<div class=\"elementor-element elementor-element-99baa76 elementor-widget elementor-widget-heading\" data-id=\"99baa76\" data-element_type=\"widget\" data-e-type=\"widget\" data-widget_type=\"heading.default\">\n\t\t\t\t<div class=\"elementor-widget-container\">\n\t\t\t\t\t<h3 class=\"elementor-heading-title elementor-size-default\"><i>Escribe mejor c\u00f3digo XPL2. M\u00e1s r\u00e1pido. Con confianza.  <\/i><\/h3>\t\t\t\t<\/div>\n\t\t\t\t<\/div>\n\t\t<div class=\"elementor-element elementor-element-5f80136 e-flex e-con-boxed e-con e-child\" data-id=\"5f80136\" data-element_type=\"container\" data-e-type=\"container\" data-settings=\"{&quot;background_background&quot;:&quot;classic&quot;}\">\n\t\t\t\t\t<div class=\"e-con-inner\">\n\t\t\t\t<div class=\"elementor-element elementor-element-f3df4c0 elementor-widget elementor-widget-text-editor\" data-id=\"f3df4c0\" data-element_type=\"widget\" data-e-type=\"widget\" data-widget_type=\"text-editor.default\">\n\t\t\t\t<div class=\"elementor-widget-container\">\n\t\t\t\t\t\t\t\t\t<p>Presentamos el <strong>Asistente de Programaci\u00f3n CVC: una herramienta impulsada por IA<\/strong> dise\u00f1ada para simplificar el desarrollo, acelerar los flujos de trabajo y ayudarte a obtener resultados fiables m\u00e1s r\u00e1pido que nunca.<\/p><p>Tanto si eres un integrador experimentado como si acabas de empezar, el asistente te ayuda en las partes clave del proceso de desarrollo, <strong>desde escribir c\u00f3digo hasta depurar y comprender c\u00f3mo funcionan las cosas<\/strong>.<\/p>\t\t\t\t\t\t\t\t<\/div>\n\t\t\t\t<\/div>\n\t\t\t\t\t<\/div>\n\t\t\t\t<\/div>\n\t\t<div class=\"elementor-element elementor-element-532819b e-grid e-con-boxed e-con e-child\" data-id=\"532819b\" data-element_type=\"container\" data-e-type=\"container\">\n\t\t\t\t\t<div class=\"e-con-inner\">\n\t\t<div class=\"elementor-element elementor-element-408464c e-con-full e-flex e-con e-child\" data-id=\"408464c\" data-element_type=\"container\" data-e-type=\"container\">\n\t\t\t\t<div class=\"elementor-element elementor-element-26e3009 elementor-widget elementor-widget-text-editor\" data-id=\"26e3009\" data-element_type=\"widget\" data-e-type=\"widget\" data-widget_type=\"text-editor.default\">\n\t\t\t\t<div class=\"elementor-widget-container\">\n\t\t\t\t\t\t\t\t\t<h3>\u00bfQu\u00e9 puede hacer?<\/h3>\n<ul>\n<li><strong>Generar y revisar c\u00f3digo XPL2<\/strong> a partir de descripciones sencillas<\/li>\n<li><strong>Construye controladores de dispositivos<\/strong> para una amplia gama de protocolos<\/li>\n<li><strong>Soporta redes y comunicaciones<\/strong> (TCP, UDP, HTTP, WebSocket, MQTT)<\/li>\n<li><strong>Depura y soluciona problemas<\/strong> con sugerencias espec\u00edficas<\/li>\n<li><strong>Proporciona acceso instant\u00e1neo a los conocimientos de CVC<\/strong> sin rebuscar en la documentaci\u00f3n<\/li>\n<\/ul>\n<p>En lugar de dedicar horas a la prueba y error, a la b\u00fasqueda de documentaci\u00f3n o a repetitivas repeticiones, ahora puedes <strong>centrarte en lo que importa: crear soluciones funcionales y fiables<\/strong>.<\/p>\t\t\t\t\t\t\t\t<\/div>\n\t\t\t\t<\/div>\n\t\t\t\t<\/div>\n\t\t<div class=\"elementor-element elementor-element-f9452b4 e-con-full e-flex e-con e-child\" data-id=\"f9452b4\" data-element_type=\"container\" data-e-type=\"container\">\n\t\t\t\t<div class=\"elementor-element elementor-element-21fcbf9 elementor-widget elementor-widget-image\" data-id=\"21fcbf9\" data-element_type=\"widget\" data-e-type=\"widget\" data-widget_type=\"image.default\">\n\t\t\t\t<div class=\"elementor-widget-container\">\n\t\t\t\t\t\t\t\t\t\t\t\t\t\t\t<img fetchpriority=\"high\" decoding=\"async\" width=\"1024\" height=\"930\" src=\"https:\/\/www.cuesystem.com\/wp-content\/uploads\/2026\/04\/f12c985f-9193-4765-bf4a-6fd236a55c77-1024x930.webp\" class=\"attachment-large size-large wp-image-37400\" alt=\"\" srcset=\"https:\/\/www.cuesystem.com\/wp-content\/uploads\/2026\/04\/f12c985f-9193-4765-bf4a-6fd236a55c77-1024x930.webp 1024w, https:\/\/www.cuesystem.com\/wp-content\/uploads\/2026\/04\/f12c985f-9193-4765-bf4a-6fd236a55c77-300x272.webp 300w, https:\/\/www.cuesystem.com\/wp-content\/uploads\/2026\/04\/f12c985f-9193-4765-bf4a-6fd236a55c77.webp 1036w\" sizes=\"(max-width: 1024px) 100vw, 1024px\" \/>\t\t\t\t\t\t\t\t\t\t\t\t\t\t\t<\/div>\n\t\t\t\t<\/div>\n\t\t\t\t<\/div>\n\t\t\t\t\t<\/div>\n\t\t\t\t<\/div>\n\t\t\t\t<div class=\"elementor-element elementor-element-1b7bb97 elementor-widget-divider--view-line elementor-widget elementor-widget-divider\" data-id=\"1b7bb97\" data-element_type=\"widget\" data-e-type=\"widget\" data-widget_type=\"divider.default\">\n\t\t\t\t<div class=\"elementor-widget-container\">\n\t\t\t\t\t\t\t<div class=\"elementor-divider\">\n\t\t\t<span class=\"elementor-divider-separator\">\n\t\t\t\t\t\t<\/span>\n\t\t<\/div>\n\t\t\t\t\t\t<\/div>\n\t\t\t\t<\/div>\n\t\t<div class=\"elementor-element elementor-element-f004259 e-flex e-con-boxed e-con e-child\" data-id=\"f004259\" data-element_type=\"container\" data-e-type=\"container\">\n\t\t\t\t\t<div class=\"e-con-inner\">\n\t\t\t\t<div class=\"elementor-element elementor-element-e30318b elementor-widget elementor-widget-text-editor\" data-id=\"e30318b\" data-element_type=\"widget\" data-e-type=\"widget\" data-widget_type=\"text-editor.default\">\n\t\t\t\t<div class=\"elementor-widget-container\">\n\t\t\t\t\t\t\t\t\t<h3>Por qu\u00e9 es importante<\/h3>\n<p>El <strong>Asistente de Programaci\u00f3n CVC comprende las particularidades del mundo real del desarrollo de CUE<\/strong> (desde las limitaciones del b\u00fafer hasta los matices de la sintaxis), garantizando que tu c\u00f3digo no s\u00f3lo compile, sino que funcione de forma fiable en el hardware real.<\/p>\n<p>Desarrollado por la plataforma <a href=\"https:\/\/ayeto.ai\/\"><strong>plataforma AYETO.ai<\/strong><\/a>ofrece un acceso flexible, de pago por uso, sin suscripciones ni compromisos.<\/p>\n<h4><em>\u00abDeja de escribir repeticiones. Empieza a construir soluciones\u00bb.<\/em><\/h4>\t\t\t\t\t\t\t\t<\/div>\n\t\t\t\t<\/div>\n\t\t\t\t<div class=\"elementor-element elementor-element-b82f1b5 elementor-widget-divider--view-line elementor-widget elementor-widget-divider\" data-id=\"b82f1b5\" data-element_type=\"widget\" data-e-type=\"widget\" data-widget_type=\"divider.default\">\n\t\t\t\t<div class=\"elementor-widget-container\">\n\t\t\t\t\t\t\t<div class=\"elementor-divider\">\n\t\t\t<span class=\"elementor-divider-separator\">\n\t\t\t\t\t\t<\/span>\n\t\t<\/div>\n\t\t\t\t\t\t<\/div>\n\t\t\t\t<\/div>\n\t\t\t\t<div class=\"elementor-element elementor-element-a18ab12 elementor-widget elementor-widget-text-editor\" data-id=\"a18ab12\" data-element_type=\"widget\" data-e-type=\"widget\" data-widget_type=\"text-editor.default\">\n\t\t\t\t<div class=\"elementor-widget-container\">\n\t\t\t\t\t\t\t\t\t<h3>Empezar es sencillo<\/h3><p>Sigue nuestra gu\u00eda y activa la IA en tu CUE Visual Composer hoy mismo.<\/p>\t\t\t\t\t\t\t\t<\/div>\n\t\t\t\t<\/div>\n\t\t\t\t\t<\/div>\n\t\t\t\t<\/div>\n\t\t<div class=\"elementor-element elementor-element-3f3f7d6 e-flex e-con-boxed e-con e-child\" data-id=\"3f3f7d6\" data-element_type=\"container\" data-e-type=\"container\">\n\t\t\t\t\t<div class=\"e-con-inner\">\n\t\t\t\t<div class=\"elementor-element elementor-element-21ef56d elementor-align-center elementor-widget elementor-widget-button\" data-id=\"21ef56d\" data-element_type=\"widget\" data-e-type=\"widget\" data-widget_type=\"button.default\">\n\t\t\t\t<div class=\"elementor-widget-container\">\n\t\t\t\t\t\t\t\t\t<div class=\"elementor-button-wrapper\">\n\t\t\t\t\t<a class=\"elementor-button elementor-button-link elementor-size-sm\" href=\"https:\/\/docs.cuesystem.com\/space\/CVCAIG\" target=\"_blank\">\n\t\t\t\t\t\t<span class=\"elementor-button-content-wrapper\">\n\t\t\t\t\t\t\t\t\t<span class=\"elementor-button-text\">Gu\u00eda de instalaci\u00f3n paso a paso<\/span>\n\t\t\t\t\t<\/span>\n\t\t\t\t\t<\/a>\n\t\t\t\t<\/div>\n\t\t\t\t\t\t\t\t<\/div>\n\t\t\t\t<\/div>\n\t\t\t\t\t<\/div>\n\t\t\t\t<\/div>\n\t\t\t\t<\/div>\n\t\t\t\t<\/div>\n\t\t","protected":false},"excerpt":{"rendered":"<p>\u00daltimas actualizaciones La IA llega a CUE Visual Composer Escribe mejor c\u00f3digo XPL2. M\u00e1s r\u00e1pido. Con confianza. Presentamos el Asistente de Programaci\u00f3n CVC: una herramienta impulsada por IA dise\u00f1ada para simplificar el desarrollo, acelerar los flujos de trabajo y ayudarte a obtener resultados fiables m\u00e1s r\u00e1pido que nunca. Tanto si eres un integrador experimentado como <a href=\"https:\/\/www.cuesystem.com\/es\/novedades\/la-ia-llega-a-cue-visual-composer\/\" class=\"more-link\">&#8230;<span class=\"screen-reader-text\">  La IA llega a CUE Visual Composer<\/span><\/a><\/p>\n","protected":false},"author":11,"featured_media":0,"parent":31297,"menu_order":4,"comment_status":"closed","ping_status":"closed","template":"","meta":{"_acf_changed":false,"inline_featured_image":false,"footnotes":""},"kategorie":[],"class_list":["post-37441","page","type-page","status-publish","hentry"],"acf":[],"_links":{"self":[{"href":"https:\/\/www.cuesystem.com\/es\/wp-json\/wp\/v2\/pages\/37441","targetHints":{"allow":["GET"]}}],"collection":[{"href":"https:\/\/www.cuesystem.com\/es\/wp-json\/wp\/v2\/pages"}],"about":[{"href":"https:\/\/www.cuesystem.com\/es\/wp-json\/wp\/v2\/types\/page"}],"author":[{"embeddable":true,"href":"https:\/\/www.cuesystem.com\/es\/wp-json\/wp\/v2\/users\/11"}],"replies":[{"embeddable":true,"href":"https:\/\/www.cuesystem.com\/es\/wp-json\/wp\/v2\/comments?post=37441"}],"version-history":[{"count":2,"href":"https:\/\/www.cuesystem.com\/es\/wp-json\/wp\/v2\/pages\/37441\/revisions"}],"predecessor-version":[{"id":37450,"href":"https:\/\/www.cuesystem.com\/es\/wp-json\/wp\/v2\/pages\/37441\/revisions\/37450"}],"up":[{"embeddable":true,"href":"https:\/\/www.cuesystem.com\/es\/wp-json\/wp\/v2\/pages\/31297"}],"wp:attachment":[{"href":"https:\/\/www.cuesystem.com\/es\/wp-json\/wp\/v2\/media?parent=37441"}],"wp:term":[{"taxonomy":"kategorie","embeddable":true,"href":"https:\/\/www.cuesystem.com\/es\/wp-json\/wp\/v2\/kategorie?post=37441"}],"curies":[{"name":"wp","href":"https:\/\/api.w.org\/{rel}","templated":true}]}}